{"id":5309,"date":"2017-12-22T09:54:17","date_gmt":"2017-12-22T09:54:17","guid":{"rendered":"https:\/\/sistemasgenomicos.digitis.net\/tienda-online\/mitocondrial-genesgkit-207-genes-12-reacciones\/"},"modified":"2020-09-30T06:22:25","modified_gmt":"2020-09-30T04:22:25","slug":"mitocondrial-genesgkit-207-genes-12-reacciones","status":"publish","type":"product","link":"https:\/\/sistemasgenomicos.com\/es\/producto\/mitocondrial-genesgkit-207-genes-12-reacciones\/","title":{"rendered":"Mitocondrial-GeneSGKit. 207 Genes. 12 Reacciones"},"content":{"rendered":"","protected":false},"excerpt":{"rendered":"","protected":false},"featured_media":42665,"template":"","meta":[],"product_brand":[],"product_cat":[8703,47,9500],"product_tag":[24614],"class_list":{"0":"post-5309","1":"product","2":"type-product","3":"status-publish","4":"has-post-thumbnail","6":"gen-ndufaf7","7":"gen-slc25a13","8":"gen-agk","9":"gen-cox10","10":"gen-elac2","11":"gen-ttc19","12":"gen-cox15","13":"gen-ndufs1","14":"gen-tymp","15":"gen-rrm2b","16":"gen-mpc1","17":"gen-fech","18":"gen-reep1","19":"gen-hsd17b10","20":"gen-acadvl","21":"gen-bcs1l","22":"gen-acat1","23":"gen-slc25a3","24":"gen-ung","25":"gen-mccc1","26":"gen-bckdhb","27":"gen-hadha","28":"gen-dnm1l","29":"gen-coq9","30":"gen-dld","31":"gen-fh","32":"gen-ndufb7","33":"gen-slc25a1","34":"gen-chkb","35":"gen-aco2","36":"gen-trmu","37":"gen-pck2","38":"gen-ndufaf5","39":"gen-taz","40":"gen-slc25a15","41":"gen-ears2","42":"gen-mtfmt","43":"gen-decr1","44":"gen-gys1","45":"gen-sars2","46":"gen-timm44","47":"gen-etfb","48":"gen-ethe1","49":"gen-micu1","50":"gen-c10orf2","51":"gen-mtpap","52":"gen-wfs1","53":"gen-foxred1","54":"gen-pdhx","55":"gen-ndufs8","56":"gen-aldh2","57":"gen-gys2","58":"gen-fbxl4","59":"gen-pccb","60":"gen-mrpl3","61":"gen-dguok","62":"gen-mpv17","63":"gen-ndufs7","64":"gen-slc25a12","65":"gen-mfn2","66":"gen-acadm","67":"gen-slc19a2","68":"gen-dars2","69":"gen-fastkd2","70":"gen-ndufb3","71":"gen-ndufa8","72":"gen-abcd4","73":"gen-coq6","74":"gen-lias","75":"gen-serac1","76":"gen-acads","77":"gen-tsfm","78":"gen-ndufaf4","79":"gen-atp5e","80":"gen-mcee","81":"gen-aars2","82":"gen-ndufa1","83":"gen-slc25a19","84":"gen-opa3","85":"gen-mgme1","86":"gen-cox6b1","87":"gen-timm8a","88":"gen-gfer","89":"gen-ecsit","90":"gen-ndufa10","91":"gen-sco2","92":"gen-c12orf65","93":"gen-cox7b","94":"gen-abcb7","95":"gen-g6pc","96":"gen-ndufa2","97":"gen-pdha1","98":"gen-mccc2","99":"gen-mmachc","100":"gen-sco1","101":"gen-lars","102":"gen-hmgcs2","103":"gen-mto1","104":"gen-mrpl44","105":"gen-slc19a3","106":"gen-iscu","107":"gen-sucla2","108":"gen-taco1","109":"gen-uqcc2","110":"gen-vars2","111":"gen-slc37a4","112":"gen-ndufaf1","113":"gen-dbt","114":"gen-hadhb","115":"gen-pnpt1","116":"gen-lrpprc","117":"gen-dna2","118":"gen-yars2","119":"gen-ndufa9","120":"gen-mmab","121":"gen-etfa","122":"gen-polg","123":"gen-uqcrc2","124":"gen-afg3l2","125":"gen-mpc2","126":"gen-tars2","127":"gen-cisd2","128":"gen-ndufs6","129":"gen-fars2","130":"gen-mut","131":"gen-rars2","132":"gen-ndufb9","133":"gen-auh","134":"gen-surf1","135":"gen-pdss1","136":"gen-dlat","137":"gen-nubpl","138":"gen-vti1a","139":"gen-mmaa","140":"gen-slc25a4","141":"gen-atp5a1","142":"gen-rmnd1","143":"gen-ndufaf6","144":"gen-uqcrb","145":"gen-aifm1","146":"gen-cpt2","147":"gen-alas2","148":"gen-ndufs2","149":"gen-hlcs","150":"gen-adck3","151":"gen-bola3","152":"gen-suclg1","153":"gen-ppm1k","154":"gen-ndufaf2","155":"gen-ndufs4","156":"gen-gfm2","157":"gen-uqcrq","158":"gen-pdss2","159":"gen-pdp1","160":"gen-fbp1","161":"gen-tk2","162":"gen-mars","163":"gen-coq4","164":"gen-cd320","165":"gen-ndufv1","166":"gen-lmbrd1","167":"gen-coa6","168":"gen-mmadhc","169":"gen-pdhb","170":"gen-gfm1","171":"gen-nfu1","172":"gen-tmem126a","173":"gen-etfdh","174":"gen-atpaf2","175":"gen-coq2","176":"gen-pc","177":"gen-ndufa11","178":"gen-ca5a","179":"gen-mrps22","180":"gen-pcca","181":"gen-tmem70","182":"gen-pus1","183":"gen-acad9","184":"gen-ndufaf3","185":"gen-ndufv2","186":"gen-cox14","187":"gen-tufm","188":"gen-cyc1","189":"gen-d2hgdh","190":"gen-ftmt","191":"gen-iba57","192":"gen-idh2","193":"gen-mrps16","194":"gen-coa5","195":"gen-sfxn4","196":"gen-ndufa12","197":"gen-lyrm7","198":"gen-acadsb","199":"gen-tpk1","200":"gen-spg7","201":"gen-opa1","202":"gen-cox20","203":"gen-sdhaf1","204":"gen-dnajc19","205":"gen-nup62","206":"gen-ndufs3","207":"gen-lyrm4","208":"gen-pet100","209":"gen-amacr","210":"gen-mars2","211":"gen-bckdha","212":"gen-polg2","213":"product_cat-genesgkit-biomedicina-kits-de-diagnostico","214":"product_cat-kits-de-diagnostico","215":"product_cat-mitocondriales-genesgkit-biomedicina-kits-de-diagnostico","216":"product_tag-kit-mitocondriald00251","218":"first","219":"instock","220":"taxable","221":"shipping-taxable","222":"product-type-simple"},"acf":[],"yoast_head":"<!-- This site is optimized with the Yoast SEO plugin v27.3 - https:\/\/yoast.com\/product\/yoast-seo-wordpress\/ -->\n<title>Mitocondrial-GeneSGKit. 207 Genes. 12 Reacciones - Sistemas Gen\u00f3micos<\/title>\n<meta name=\"robots\" content=\"index, follow, max-snippet:-1, max-image-preview:large, max-video-preview:-1\" \/>\n<link rel=\"canonical\" href=\"https:\/\/sistemasgenomicos.com\/es\/producto\/mitocondrial-genesgkit-207-genes-12-reacciones\/\" \/>\n<meta property=\"og:locale\" content=\"es_ES\" \/>\n<meta property=\"og:type\" content=\"article\" \/>\n<meta property=\"og:title\" content=\"Mitocondrial-GeneSGKit. 207 Genes. 12 Reacciones - Sistemas Gen\u00f3micos\" \/>\n<meta property=\"og:url\" content=\"https:\/\/sistemasgenomicos.com\/es\/producto\/mitocondrial-genesgkit-207-genes-12-reacciones\/\" \/>\n<meta property=\"og:site_name\" content=\"Sistemas Gen\u00f3micos\" \/>\n<meta property=\"article:modified_time\" content=\"2020-09-30T04:22:25+00:00\" \/>\n<meta property=\"og:image\" content=\"https:\/\/sistemasgenomicos.com\/wp-content\/uploads\/2018\/04\/logo-sistemas-genomicos-default-1.jpg\" \/>\n\t<meta property=\"og:image:width\" content=\"1200\" \/>\n\t<meta property=\"og:image:height\" content=\"750\" \/>\n\t<meta property=\"og:image:type\" content=\"image\/jpeg\" \/>\n<meta name=\"twitter:card\" content=\"summary_large_image\" \/>\n<script type=\"application\/ld+json\" class=\"yoast-schema-graph\">{\"@context\":\"https:\\\/\\\/schema.org\",\"@graph\":[{\"@type\":\"WebPage\",\"@id\":\"https:\\\/\\\/sistemasgenomicos.com\\\/es\\\/producto\\\/mitocondrial-genesgkit-207-genes-12-reacciones\\\/\",\"url\":\"https:\\\/\\\/sistemasgenomicos.com\\\/es\\\/producto\\\/mitocondrial-genesgkit-207-genes-12-reacciones\\\/\",\"name\":\"Mitocondrial-GeneSGKit. 207 Genes. 12 Reacciones - Sistemas Gen\u00f3micos\",\"isPartOf\":{\"@id\":\"https:\\\/\\\/sistemasgenomicos.com\\\/es\\\/#website\"},\"primaryImageOfPage\":{\"@id\":\"https:\\\/\\\/sistemasgenomicos.com\\\/es\\\/producto\\\/mitocondrial-genesgkit-207-genes-12-reacciones\\\/#primaryimage\"},\"image\":{\"@id\":\"https:\\\/\\\/sistemasgenomicos.com\\\/es\\\/producto\\\/mitocondrial-genesgkit-207-genes-12-reacciones\\\/#primaryimage\"},\"thumbnailUrl\":\"https:\\\/\\\/sistemasgenomicos.com\\\/wp-content\\\/uploads\\\/2018\\\/04\\\/logo-sistemas-genomicos-default-1.jpg\",\"datePublished\":\"2017-12-22T09:54:17+00:00\",\"dateModified\":\"2020-09-30T04:22:25+00:00\",\"breadcrumb\":{\"@id\":\"https:\\\/\\\/sistemasgenomicos.com\\\/es\\\/producto\\\/mitocondrial-genesgkit-207-genes-12-reacciones\\\/#breadcrumb\"},\"inLanguage\":\"es\",\"potentialAction\":[{\"@type\":\"ReadAction\",\"target\":[\"https:\\\/\\\/sistemasgenomicos.com\\\/es\\\/producto\\\/mitocondrial-genesgkit-207-genes-12-reacciones\\\/\"]}]},{\"@type\":\"ImageObject\",\"inLanguage\":\"es\",\"@id\":\"https:\\\/\\\/sistemasgenomicos.com\\\/es\\\/producto\\\/mitocondrial-genesgkit-207-genes-12-reacciones\\\/#primaryimage\",\"url\":\"https:\\\/\\\/sistemasgenomicos.com\\\/wp-content\\\/uploads\\\/2018\\\/04\\\/logo-sistemas-genomicos-default-1.jpg\",\"contentUrl\":\"https:\\\/\\\/sistemasgenomicos.com\\\/wp-content\\\/uploads\\\/2018\\\/04\\\/logo-sistemas-genomicos-default-1.jpg\",\"width\":1200,\"height\":750},{\"@type\":\"BreadcrumbList\",\"@id\":\"https:\\\/\\\/sistemasgenomicos.com\\\/es\\\/producto\\\/mitocondrial-genesgkit-207-genes-12-reacciones\\\/#breadcrumb\",\"itemListElement\":[{\"@type\":\"ListItem\",\"position\":1,\"name\":\"Portada\",\"item\":\"https:\\\/\\\/sistemasgenomicos.com\\\/es\\\/\"},{\"@type\":\"ListItem\",\"position\":2,\"name\":\"Tienda\",\"item\":\"https:\\\/\\\/sistemasgenomicos.com\\\/es\\\/tienda\\\/\"},{\"@type\":\"ListItem\",\"position\":3,\"name\":\"Mitocondrial-GeneSGKit. 207 Genes. 12 Reacciones\"}]},{\"@type\":\"WebSite\",\"@id\":\"https:\\\/\\\/sistemasgenomicos.com\\\/es\\\/#website\",\"url\":\"https:\\\/\\\/sistemasgenomicos.com\\\/es\\\/\",\"name\":\"Sistemas Gen\u00f3micos\",\"description\":\"La mayor empresa dedicada a la investigaci\u00f3n gen\u00e9tica y molecular\",\"publisher\":{\"@id\":\"https:\\\/\\\/sistemasgenomicos.com\\\/es\\\/#organization\"},\"potentialAction\":[{\"@type\":\"SearchAction\",\"target\":{\"@type\":\"EntryPoint\",\"urlTemplate\":\"https:\\\/\\\/sistemasgenomicos.com\\\/es\\\/?s={search_term_string}\"},\"query-input\":{\"@type\":\"PropertyValueSpecification\",\"valueRequired\":true,\"valueName\":\"search_term_string\"}}],\"inLanguage\":\"es\"},{\"@type\":\"Organization\",\"@id\":\"https:\\\/\\\/sistemasgenomicos.com\\\/es\\\/#organization\",\"name\":\"Sistemas Gen\u00f3micos\",\"url\":\"https:\\\/\\\/sistemasgenomicos.com\\\/es\\\/\",\"logo\":{\"@type\":\"ImageObject\",\"inLanguage\":\"es\",\"@id\":\"https:\\\/\\\/sistemasgenomicos.com\\\/es\\\/#\\\/schema\\\/logo\\\/image\\\/\",\"url\":\"https:\\\/\\\/sistemasgenomicos.com\\\/wp-content\\\/uploads\\\/2022\\\/04\\\/image001-1.png\",\"contentUrl\":\"https:\\\/\\\/sistemasgenomicos.com\\\/wp-content\\\/uploads\\\/2022\\\/04\\\/image001-1.png\",\"width\":250,\"height\":122,\"caption\":\"Sistemas Gen\u00f3micos\"},\"image\":{\"@id\":\"https:\\\/\\\/sistemasgenomicos.com\\\/es\\\/#\\\/schema\\\/logo\\\/image\\\/\"}}]}<\/script>\n<!-- \/ Yoast SEO plugin. -->","yoast_head_json":{"title":"Mitocondrial-GeneSGKit. 207 Genes. 12 Reacciones - Sistemas Gen\u00f3micos","robots":{"index":"index","follow":"follow","max-snippet":"max-snippet:-1","max-image-preview":"max-image-preview:large","max-video-preview":"max-video-preview:-1"},"canonical":"https:\/\/sistemasgenomicos.com\/es\/producto\/mitocondrial-genesgkit-207-genes-12-reacciones\/","og_locale":"es_ES","og_type":"article","og_title":"Mitocondrial-GeneSGKit. 207 Genes. 12 Reacciones - Sistemas Gen\u00f3micos","og_url":"https:\/\/sistemasgenomicos.com\/es\/producto\/mitocondrial-genesgkit-207-genes-12-reacciones\/","og_site_name":"Sistemas Gen\u00f3micos","article_modified_time":"2020-09-30T04:22:25+00:00","og_image":[{"width":1200,"height":750,"url":"https:\/\/sistemasgenomicos.com\/wp-content\/uploads\/2018\/04\/logo-sistemas-genomicos-default-1.jpg","type":"image\/jpeg"}],"twitter_card":"summary_large_image","schema":{"@context":"https:\/\/schema.org","@graph":[{"@type":"WebPage","@id":"https:\/\/sistemasgenomicos.com\/es\/producto\/mitocondrial-genesgkit-207-genes-12-reacciones\/","url":"https:\/\/sistemasgenomicos.com\/es\/producto\/mitocondrial-genesgkit-207-genes-12-reacciones\/","name":"Mitocondrial-GeneSGKit. 207 Genes. 12 Reacciones - Sistemas Gen\u00f3micos","isPartOf":{"@id":"https:\/\/sistemasgenomicos.com\/es\/#website"},"primaryImageOfPage":{"@id":"https:\/\/sistemasgenomicos.com\/es\/producto\/mitocondrial-genesgkit-207-genes-12-reacciones\/#primaryimage"},"image":{"@id":"https:\/\/sistemasgenomicos.com\/es\/producto\/mitocondrial-genesgkit-207-genes-12-reacciones\/#primaryimage"},"thumbnailUrl":"https:\/\/sistemasgenomicos.com\/wp-content\/uploads\/2018\/04\/logo-sistemas-genomicos-default-1.jpg","datePublished":"2017-12-22T09:54:17+00:00","dateModified":"2020-09-30T04:22:25+00:00","breadcrumb":{"@id":"https:\/\/sistemasgenomicos.com\/es\/producto\/mitocondrial-genesgkit-207-genes-12-reacciones\/#breadcrumb"},"inLanguage":"es","potentialAction":[{"@type":"ReadAction","target":["https:\/\/sistemasgenomicos.com\/es\/producto\/mitocondrial-genesgkit-207-genes-12-reacciones\/"]}]},{"@type":"ImageObject","inLanguage":"es","@id":"https:\/\/sistemasgenomicos.com\/es\/producto\/mitocondrial-genesgkit-207-genes-12-reacciones\/#primaryimage","url":"https:\/\/sistemasgenomicos.com\/wp-content\/uploads\/2018\/04\/logo-sistemas-genomicos-default-1.jpg","contentUrl":"https:\/\/sistemasgenomicos.com\/wp-content\/uploads\/2018\/04\/logo-sistemas-genomicos-default-1.jpg","width":1200,"height":750},{"@type":"BreadcrumbList","@id":"https:\/\/sistemasgenomicos.com\/es\/producto\/mitocondrial-genesgkit-207-genes-12-reacciones\/#breadcrumb","itemListElement":[{"@type":"ListItem","position":1,"name":"Portada","item":"https:\/\/sistemasgenomicos.com\/es\/"},{"@type":"ListItem","position":2,"name":"Tienda","item":"https:\/\/sistemasgenomicos.com\/es\/tienda\/"},{"@type":"ListItem","position":3,"name":"Mitocondrial-GeneSGKit. 207 Genes. 12 Reacciones"}]},{"@type":"WebSite","@id":"https:\/\/sistemasgenomicos.com\/es\/#website","url":"https:\/\/sistemasgenomicos.com\/es\/","name":"Sistemas Gen\u00f3micos","description":"La mayor empresa dedicada a la investigaci\u00f3n gen\u00e9tica y molecular","publisher":{"@id":"https:\/\/sistemasgenomicos.com\/es\/#organization"},"potentialAction":[{"@type":"SearchAction","target":{"@type":"EntryPoint","urlTemplate":"https:\/\/sistemasgenomicos.com\/es\/?s={search_term_string}"},"query-input":{"@type":"PropertyValueSpecification","valueRequired":true,"valueName":"search_term_string"}}],"inLanguage":"es"},{"@type":"Organization","@id":"https:\/\/sistemasgenomicos.com\/es\/#organization","name":"Sistemas Gen\u00f3micos","url":"https:\/\/sistemasgenomicos.com\/es\/","logo":{"@type":"ImageObject","inLanguage":"es","@id":"https:\/\/sistemasgenomicos.com\/es\/#\/schema\/logo\/image\/","url":"https:\/\/sistemasgenomicos.com\/wp-content\/uploads\/2022\/04\/image001-1.png","contentUrl":"https:\/\/sistemasgenomicos.com\/wp-content\/uploads\/2022\/04\/image001-1.png","width":250,"height":122,"caption":"Sistemas Gen\u00f3micos"},"image":{"@id":"https:\/\/sistemasgenomicos.com\/es\/#\/schema\/logo\/image\/"}}]}},"_links":{"self":[{"href":"https:\/\/sistemasgenomicos.com\/es\/wp-json\/wp\/v2\/product\/5309","targetHints":{"allow":["GET"]}}],"collection":[{"href":"https:\/\/sistemasgenomicos.com\/es\/wp-json\/wp\/v2\/product"}],"about":[{"href":"https:\/\/sistemasgenomicos.com\/es\/wp-json\/wp\/v2\/types\/product"}],"wp:featuredmedia":[{"embeddable":true,"href":"https:\/\/sistemasgenomicos.com\/es\/wp-json\/wp\/v2\/media\/42665"}],"wp:attachment":[{"href":"https:\/\/sistemasgenomicos.com\/es\/wp-json\/wp\/v2\/media?parent=5309"}],"wp:term":[{"taxonomy":"product_brand","embeddable":true,"href":"https:\/\/sistemasgenomicos.com\/es\/wp-json\/wp\/v2\/product_brand?post=5309"},{"taxonomy":"product_cat","embeddable":true,"href":"https:\/\/sistemasgenomicos.com\/es\/wp-json\/wp\/v2\/product_cat?post=5309"},{"taxonomy":"product_tag","embeddable":true,"href":"https:\/\/sistemasgenomicos.com\/es\/wp-json\/wp\/v2\/product_tag?post=5309"}],"curies":[{"name":"wp","href":"https:\/\/api.w.org\/{rel}","templated":true}]}}