{"id":5239,"date":"2017-12-22T09:50:19","date_gmt":"2017-12-22T09:50:19","guid":{"rendered":"https:\/\/sistemasgenomicos.digitis.net\/tienda-online\/secuenciacion-masiva-panel-de-49-genes-aldh7a1-arhgef9-arhgef15-arx-brat1-cacna2d2-cdkl5-chd2-clcn4-csnk1g1-dnm1-dock7-eef1a2-gabra1-gnao1-grin2b-hcn1-hnrnpu-kcna2-kcnb1-kcnh5\/"},"modified":"2020-09-30T06:21:36","modified_gmt":"2020-09-30T04:21:36","slug":"secuenciacion-masiva-panel-de-49-genes-aldh7a1-arhgef9-arhgef15-arx-brat1-cacna2d2-cdkl5-chd2-clcn4-csnk1g1-dnm1-dock7-eef1a2-gabra1-gnao1-grin2b-hcn1-hnrnpu-kcna2-kcnb1-kcnh5","status":"publish","type":"product","link":"https:\/\/sistemasgenomicos.com\/es\/producto\/secuenciacion-masiva-panel-de-49-genes-aldh7a1-arhgef9-arhgef15-arx-brat1-cacna2d2-cdkl5-chd2-clcn4-csnk1g1-dnm1-dock7-eef1a2-gabra1-gnao1-grin2b-hcn1-hnrnpu-kcna2-kcnb1-kcnh5\/","title":{"rendered":"Secuenciaci\u00f3n masiva panel  de 49  genes: ALDH7A1, ARHGEF9, ARHGEF15, ARX, BRAT1, CACNA2D2, CDKL5, CHD2, CLCN4, CSNK1G1, DNM1, DOCK7, EEF1A2, GABRA1, GNAO1, GRIN2B, HCN1, HNRNPU, KCNA2, KCNB1, KCNH5, KCNQ2, KCNT1, KPNA7, MAPK10, MECP2, NECAP1, NEDD4L, PCDH19, PIGA, PIGQ,  PLCB1, PNKP, PNPO, SCN1A, SCN2A, SCN8A, SCN9A, SERPINI1, SLC13A5, SLC2A1, SLC25A22, SLC35A2,SPTAN1, ST3GAL3, STXBP1, SZT2, TBC1D24, WWOX."},"content":{"rendered":"","protected":false},"excerpt":{"rendered":"","protected":false},"featured_media":42665,"template":"","meta":[],"product_brand":[],"product_cat":[86,8679,8681,9355,9375,9381,9481,9389],"product_tag":[23855],"class_list":{"0":"post-5239","1":"product","2":"type-product","3":"status-publish","4":"has-post-thumbnail","6":"gen-arx","7":"gen-cacna2d2","8":"gen-pigq","9":"gen-cdkl5","10":"gen-gabra1","11":"gen-pnkp","12":"gen-nedd4l","13":"gen-clcn4","14":"gen-kcnq2","15":"gen-gnao1","16":"gen-necap1","17":"gen-eef1a2","18":"gen-slc35a2","19":"gen-brat1","20":"gen-dnm1","21":"gen-kcnt1","22":"gen-pnpo","23":"gen-mapk10","24":"gen-dock7","25":"gen-slc2a1","26":"gen-st3gal3","27":"gen-arhgef9","28":"gen-scn2a","29":"gen-stxbp1","30":"gen-kcnh5","31":"gen-slc13a5","32":"gen-scn1a","33":"gen-hnrnpu","34":"gen-kcnb1","35":"gen-tbc1d24","36":"gen-serpini1","37":"gen-hcn1","38":"gen-aldh7a1","39":"gen-pcdh19","40":"gen-piga","41":"gen-mecp2","42":"gen-csnk1g1","43":"gen-scn9a","44":"gen-chd2","45":"gen-kcna2","46":"gen-slc25a22","47":"gen-plcb1","48":"gen-kpna7","49":"gen-wwox","50":"gen-scn8a","51":"gen-sptan1","52":"gen-szt2","53":"gen-arhgef15","54":"gen-grin2b","55":"product_cat-analisis-y-estudios-geneticos","56":"product_cat-diagnostico-genetico-molecularn","57":"product_cat-diagnostico-genetico-por-secuenciacion-masiva","58":"product_cat-listado-de-enfermedades","59":"product_cat-neonatologia-diagnostico-genetico-molecularn","60":"product_cat-neuropediatria-diagnostico-genetico-molecularn","61":"product_cat-paneles-de-epilepsias-diagnostico-genetico-por-secuenciacion-masivan","62":"product_cat-pediatria-diagnostico-genetico-molecularn","63":"product_tag-encefalopatia-epileptica-temprana-infantilc00674","65":"first","66":"instock","67":"taxable","68":"shipping-taxable","69":"product-type-simple"},"acf":[],"yoast_head":"<!-- This site is optimized with the Yoast SEO plugin v27.4 - https:\/\/yoast.com\/product\/yoast-seo-wordpress\/ -->\n<title>Secuenciaci\u00f3n masiva panel de 49 genes: ALDH7A1, ARHGEF9, ARHGEF15, ARX, BRAT1, CACNA2D2, CDKL5, CHD2, CLCN4, CSNK1G1, DNM1, DOCK7, EEF1A2, GABRA1, GNAO1, GRIN2B, HCN1, HNRNPU, KCNA2, KCNB1, KCNH5, KCNQ2, KCNT1, KPNA7, MAPK10, MECP2, NECAP1, NEDD4L, PCDH19, PIGA, PIGQ, PLCB1, PNKP, PNPO, SCN1A, SCN2A, SCN8A, SCN9A, SERPINI1, SLC13A5, SLC2A1, SLC25A22, SLC35A2,SPTAN1, ST3GAL3, STXBP1, SZT2, TBC1D24, WWOX. - Sistemas Gen\u00f3micos<\/title>\n<meta name=\"robots\" content=\"index, follow, max-snippet:-1, max-image-preview:large, max-video-preview:-1\" \/>\n<link rel=\"canonical\" href=\"https:\/\/sistemasgenomicos.com\/es\/producto\/secuenciacion-masiva-panel-de-49-genes-aldh7a1-arhgef9-arhgef15-arx-brat1-cacna2d2-cdkl5-chd2-clcn4-csnk1g1-dnm1-dock7-eef1a2-gabra1-gnao1-grin2b-hcn1-hnrnpu-kcna2-kcnb1-kcnh5\/\" \/>\n<meta property=\"og:locale\" content=\"es_ES\" \/>\n<meta property=\"og:type\" content=\"article\" \/>\n<meta property=\"og:title\" content=\"Secuenciaci\u00f3n masiva panel de 49 genes: ALDH7A1, ARHGEF9, ARHGEF15, ARX, BRAT1, CACNA2D2, CDKL5, CHD2, CLCN4, CSNK1G1, DNM1, DOCK7, EEF1A2, GABRA1, GNAO1, GRIN2B, HCN1, HNRNPU, KCNA2, KCNB1, KCNH5, KCNQ2, KCNT1, KPNA7, MAPK10, MECP2, NECAP1, NEDD4L, PCDH19, PIGA, PIGQ, PLCB1, PNKP, PNPO, SCN1A, SCN2A, SCN8A, SCN9A, SERPINI1, SLC13A5, SLC2A1, SLC25A22, SLC35A2,SPTAN1, ST3GAL3, STXBP1, SZT2, TBC1D24, WWOX. - Sistemas Gen\u00f3micos\" \/>\n<meta property=\"og:url\" content=\"https:\/\/sistemasgenomicos.com\/es\/producto\/secuenciacion-masiva-panel-de-49-genes-aldh7a1-arhgef9-arhgef15-arx-brat1-cacna2d2-cdkl5-chd2-clcn4-csnk1g1-dnm1-dock7-eef1a2-gabra1-gnao1-grin2b-hcn1-hnrnpu-kcna2-kcnb1-kcnh5\/\" \/>\n<meta property=\"og:site_name\" content=\"Sistemas Gen\u00f3micos\" \/>\n<meta property=\"article:modified_time\" content=\"2020-09-30T04:21:36+00:00\" \/>\n<meta property=\"og:image\" content=\"https:\/\/sistemasgenomicos.com\/wp-content\/uploads\/2018\/04\/logo-sistemas-genomicos-default-1.jpg\" \/>\n\t<meta property=\"og:image:width\" content=\"1200\" \/>\n\t<meta property=\"og:image:height\" content=\"750\" \/>\n\t<meta property=\"og:image:type\" content=\"image\/jpeg\" \/>\n<meta name=\"twitter:card\" content=\"summary_large_image\" \/>\n<script type=\"application\/ld+json\" class=\"yoast-schema-graph\">{\"@context\":\"https:\\\/\\\/schema.org\",\"@graph\":[{\"@type\":\"WebPage\",\"@id\":\"https:\\\/\\\/sistemasgenomicos.com\\\/es\\\/producto\\\/secuenciacion-masiva-panel-de-49-genes-aldh7a1-arhgef9-arhgef15-arx-brat1-cacna2d2-cdkl5-chd2-clcn4-csnk1g1-dnm1-dock7-eef1a2-gabra1-gnao1-grin2b-hcn1-hnrnpu-kcna2-kcnb1-kcnh5\\\/\",\"url\":\"https:\\\/\\\/sistemasgenomicos.com\\\/es\\\/producto\\\/secuenciacion-masiva-panel-de-49-genes-aldh7a1-arhgef9-arhgef15-arx-brat1-cacna2d2-cdkl5-chd2-clcn4-csnk1g1-dnm1-dock7-eef1a2-gabra1-gnao1-grin2b-hcn1-hnrnpu-kcna2-kcnb1-kcnh5\\\/\",\"name\":\"Secuenciaci\u00f3n masiva panel de 49 genes: ALDH7A1, ARHGEF9, ARHGEF15, ARX, BRAT1, CACNA2D2, CDKL5, CHD2, CLCN4, CSNK1G1, DNM1, DOCK7, EEF1A2, GABRA1, GNAO1, GRIN2B, HCN1, HNRNPU, KCNA2, KCNB1, KCNH5, KCNQ2, KCNT1, KPNA7, MAPK10, MECP2, NECAP1, NEDD4L, PCDH19, PIGA, PIGQ, PLCB1, PNKP, PNPO, SCN1A, SCN2A, SCN8A, SCN9A, SERPINI1, SLC13A5, SLC2A1, SLC25A22, SLC35A2,SPTAN1, ST3GAL3, STXBP1, SZT2, TBC1D24, WWOX. - Sistemas Gen\u00f3micos\",\"isPartOf\":{\"@id\":\"https:\\\/\\\/sistemasgenomicos.com\\\/es\\\/#website\"},\"primaryImageOfPage\":{\"@id\":\"https:\\\/\\\/sistemasgenomicos.com\\\/es\\\/producto\\\/secuenciacion-masiva-panel-de-49-genes-aldh7a1-arhgef9-arhgef15-arx-brat1-cacna2d2-cdkl5-chd2-clcn4-csnk1g1-dnm1-dock7-eef1a2-gabra1-gnao1-grin2b-hcn1-hnrnpu-kcna2-kcnb1-kcnh5\\\/#primaryimage\"},\"image\":{\"@id\":\"https:\\\/\\\/sistemasgenomicos.com\\\/es\\\/producto\\\/secuenciacion-masiva-panel-de-49-genes-aldh7a1-arhgef9-arhgef15-arx-brat1-cacna2d2-cdkl5-chd2-clcn4-csnk1g1-dnm1-dock7-eef1a2-gabra1-gnao1-grin2b-hcn1-hnrnpu-kcna2-kcnb1-kcnh5\\\/#primaryimage\"},\"thumbnailUrl\":\"https:\\\/\\\/sistemasgenomicos.com\\\/wp-content\\\/uploads\\\/2018\\\/04\\\/logo-sistemas-genomicos-default-1.jpg\",\"datePublished\":\"2017-12-22T09:50:19+00:00\",\"dateModified\":\"2020-09-30T04:21:36+00:00\",\"breadcrumb\":{\"@id\":\"https:\\\/\\\/sistemasgenomicos.com\\\/es\\\/producto\\\/secuenciacion-masiva-panel-de-49-genes-aldh7a1-arhgef9-arhgef15-arx-brat1-cacna2d2-cdkl5-chd2-clcn4-csnk1g1-dnm1-dock7-eef1a2-gabra1-gnao1-grin2b-hcn1-hnrnpu-kcna2-kcnb1-kcnh5\\\/#breadcrumb\"},\"inLanguage\":\"es\",\"potentialAction\":[{\"@type\":\"ReadAction\",\"target\":[\"https:\\\/\\\/sistemasgenomicos.com\\\/es\\\/producto\\\/secuenciacion-masiva-panel-de-49-genes-aldh7a1-arhgef9-arhgef15-arx-brat1-cacna2d2-cdkl5-chd2-clcn4-csnk1g1-dnm1-dock7-eef1a2-gabra1-gnao1-grin2b-hcn1-hnrnpu-kcna2-kcnb1-kcnh5\\\/\"]}]},{\"@type\":\"ImageObject\",\"inLanguage\":\"es\",\"@id\":\"https:\\\/\\\/sistemasgenomicos.com\\\/es\\\/producto\\\/secuenciacion-masiva-panel-de-49-genes-aldh7a1-arhgef9-arhgef15-arx-brat1-cacna2d2-cdkl5-chd2-clcn4-csnk1g1-dnm1-dock7-eef1a2-gabra1-gnao1-grin2b-hcn1-hnrnpu-kcna2-kcnb1-kcnh5\\\/#primaryimage\",\"url\":\"https:\\\/\\\/sistemasgenomicos.com\\\/wp-content\\\/uploads\\\/2018\\\/04\\\/logo-sistemas-genomicos-default-1.jpg\",\"contentUrl\":\"https:\\\/\\\/sistemasgenomicos.com\\\/wp-content\\\/uploads\\\/2018\\\/04\\\/logo-sistemas-genomicos-default-1.jpg\",\"width\":1200,\"height\":750},{\"@type\":\"BreadcrumbList\",\"@id\":\"https:\\\/\\\/sistemasgenomicos.com\\\/es\\\/producto\\\/secuenciacion-masiva-panel-de-49-genes-aldh7a1-arhgef9-arhgef15-arx-brat1-cacna2d2-cdkl5-chd2-clcn4-csnk1g1-dnm1-dock7-eef1a2-gabra1-gnao1-grin2b-hcn1-hnrnpu-kcna2-kcnb1-kcnh5\\\/#breadcrumb\",\"itemListElement\":[{\"@type\":\"ListItem\",\"position\":1,\"name\":\"Portada\",\"item\":\"https:\\\/\\\/sistemasgenomicos.com\\\/es\\\/\"},{\"@type\":\"ListItem\",\"position\":2,\"name\":\"Tienda\",\"item\":\"https:\\\/\\\/sistemasgenomicos.com\\\/es\\\/tienda\\\/\"},{\"@type\":\"ListItem\",\"position\":3,\"name\":\"Secuenciaci\u00f3n masiva panel de 49 genes: ALDH7A1, ARHGEF9, ARHGEF15, ARX, BRAT1, CACNA2D2, CDKL5, CHD2, CLCN4, CSNK1G1, DNM1, DOCK7, EEF1A2, GABRA1, GNAO1, GRIN2B, HCN1, HNRNPU, KCNA2, KCNB1, KCNH5, KCNQ2, KCNT1, KPNA7, MAPK10, MECP2, NECAP1, NEDD4L, PCDH19, PIGA, PIGQ, PLCB1, PNKP, PNPO, SCN1A, SCN2A, SCN8A, SCN9A, SERPINI1, SLC13A5, SLC2A1, SLC25A22, SLC35A2,SPTAN1, ST3GAL3, STXBP1, SZT2, TBC1D24, WWOX.\"}]},{\"@type\":\"WebSite\",\"@id\":\"https:\\\/\\\/sistemasgenomicos.com\\\/es\\\/#website\",\"url\":\"https:\\\/\\\/sistemasgenomicos.com\\\/es\\\/\",\"name\":\"Sistemas Gen\u00f3micos\",\"description\":\"La mayor empresa dedicada a la investigaci\u00f3n gen\u00e9tica y molecular\",\"publisher\":{\"@id\":\"https:\\\/\\\/sistemasgenomicos.com\\\/es\\\/#organization\"},\"potentialAction\":[{\"@type\":\"SearchAction\",\"target\":{\"@type\":\"EntryPoint\",\"urlTemplate\":\"https:\\\/\\\/sistemasgenomicos.com\\\/es\\\/?s={search_term_string}\"},\"query-input\":{\"@type\":\"PropertyValueSpecification\",\"valueRequired\":true,\"valueName\":\"search_term_string\"}}],\"inLanguage\":\"es\"},{\"@type\":\"Organization\",\"@id\":\"https:\\\/\\\/sistemasgenomicos.com\\\/es\\\/#organization\",\"name\":\"Sistemas Gen\u00f3micos\",\"url\":\"https:\\\/\\\/sistemasgenomicos.com\\\/es\\\/\",\"logo\":{\"@type\":\"ImageObject\",\"inLanguage\":\"es\",\"@id\":\"https:\\\/\\\/sistemasgenomicos.com\\\/es\\\/#\\\/schema\\\/logo\\\/image\\\/\",\"url\":\"https:\\\/\\\/sistemasgenomicos.com\\\/wp-content\\\/uploads\\\/2022\\\/04\\\/image001-1.png\",\"contentUrl\":\"https:\\\/\\\/sistemasgenomicos.com\\\/wp-content\\\/uploads\\\/2022\\\/04\\\/image001-1.png\",\"width\":250,\"height\":122,\"caption\":\"Sistemas Gen\u00f3micos\"},\"image\":{\"@id\":\"https:\\\/\\\/sistemasgenomicos.com\\\/es\\\/#\\\/schema\\\/logo\\\/image\\\/\"}}]}<\/script>\n<!-- \/ Yoast SEO plugin. -->","yoast_head_json":{"title":"Secuenciaci\u00f3n masiva panel de 49 genes: ALDH7A1, ARHGEF9, ARHGEF15, ARX, BRAT1, CACNA2D2, CDKL5, CHD2, CLCN4, CSNK1G1, DNM1, DOCK7, EEF1A2, GABRA1, GNAO1, GRIN2B, HCN1, HNRNPU, KCNA2, KCNB1, KCNH5, KCNQ2, KCNT1, KPNA7, MAPK10, MECP2, NECAP1, NEDD4L, PCDH19, PIGA, PIGQ, PLCB1, PNKP, PNPO, SCN1A, SCN2A, SCN8A, SCN9A, SERPINI1, SLC13A5, SLC2A1, SLC25A22, SLC35A2,SPTAN1, ST3GAL3, STXBP1, SZT2, TBC1D24, WWOX. - Sistemas Gen\u00f3micos","robots":{"index":"index","follow":"follow","max-snippet":"max-snippet:-1","max-image-preview":"max-image-preview:large","max-video-preview":"max-video-preview:-1"},"canonical":"https:\/\/sistemasgenomicos.com\/es\/producto\/secuenciacion-masiva-panel-de-49-genes-aldh7a1-arhgef9-arhgef15-arx-brat1-cacna2d2-cdkl5-chd2-clcn4-csnk1g1-dnm1-dock7-eef1a2-gabra1-gnao1-grin2b-hcn1-hnrnpu-kcna2-kcnb1-kcnh5\/","og_locale":"es_ES","og_type":"article","og_title":"Secuenciaci\u00f3n masiva panel de 49 genes: ALDH7A1, ARHGEF9, ARHGEF15, ARX, BRAT1, CACNA2D2, CDKL5, CHD2, CLCN4, CSNK1G1, DNM1, DOCK7, EEF1A2, GABRA1, GNAO1, GRIN2B, HCN1, HNRNPU, KCNA2, KCNB1, KCNH5, KCNQ2, KCNT1, KPNA7, MAPK10, MECP2, NECAP1, NEDD4L, PCDH19, PIGA, PIGQ, PLCB1, PNKP, PNPO, SCN1A, SCN2A, SCN8A, SCN9A, SERPINI1, SLC13A5, SLC2A1, SLC25A22, SLC35A2,SPTAN1, ST3GAL3, STXBP1, SZT2, TBC1D24, WWOX. - Sistemas Gen\u00f3micos","og_url":"https:\/\/sistemasgenomicos.com\/es\/producto\/secuenciacion-masiva-panel-de-49-genes-aldh7a1-arhgef9-arhgef15-arx-brat1-cacna2d2-cdkl5-chd2-clcn4-csnk1g1-dnm1-dock7-eef1a2-gabra1-gnao1-grin2b-hcn1-hnrnpu-kcna2-kcnb1-kcnh5\/","og_site_name":"Sistemas Gen\u00f3micos","article_modified_time":"2020-09-30T04:21:36+00:00","og_image":[{"width":1200,"height":750,"url":"https:\/\/sistemasgenomicos.com\/wp-content\/uploads\/2018\/04\/logo-sistemas-genomicos-default-1.jpg","type":"image\/jpeg"}],"twitter_card":"summary_large_image","schema":{"@context":"https:\/\/schema.org","@graph":[{"@type":"WebPage","@id":"https:\/\/sistemasgenomicos.com\/es\/producto\/secuenciacion-masiva-panel-de-49-genes-aldh7a1-arhgef9-arhgef15-arx-brat1-cacna2d2-cdkl5-chd2-clcn4-csnk1g1-dnm1-dock7-eef1a2-gabra1-gnao1-grin2b-hcn1-hnrnpu-kcna2-kcnb1-kcnh5\/","url":"https:\/\/sistemasgenomicos.com\/es\/producto\/secuenciacion-masiva-panel-de-49-genes-aldh7a1-arhgef9-arhgef15-arx-brat1-cacna2d2-cdkl5-chd2-clcn4-csnk1g1-dnm1-dock7-eef1a2-gabra1-gnao1-grin2b-hcn1-hnrnpu-kcna2-kcnb1-kcnh5\/","name":"Secuenciaci\u00f3n masiva panel de 49 genes: ALDH7A1, ARHGEF9, ARHGEF15, ARX, BRAT1, CACNA2D2, CDKL5, CHD2, CLCN4, CSNK1G1, DNM1, DOCK7, EEF1A2, GABRA1, GNAO1, GRIN2B, HCN1, HNRNPU, KCNA2, KCNB1, KCNH5, KCNQ2, KCNT1, KPNA7, MAPK10, MECP2, NECAP1, NEDD4L, PCDH19, PIGA, PIGQ, PLCB1, PNKP, PNPO, SCN1A, SCN2A, SCN8A, SCN9A, SERPINI1, SLC13A5, SLC2A1, SLC25A22, SLC35A2,SPTAN1, ST3GAL3, STXBP1, SZT2, TBC1D24, WWOX. - Sistemas Gen\u00f3micos","isPartOf":{"@id":"https:\/\/sistemasgenomicos.com\/es\/#website"},"primaryImageOfPage":{"@id":"https:\/\/sistemasgenomicos.com\/es\/producto\/secuenciacion-masiva-panel-de-49-genes-aldh7a1-arhgef9-arhgef15-arx-brat1-cacna2d2-cdkl5-chd2-clcn4-csnk1g1-dnm1-dock7-eef1a2-gabra1-gnao1-grin2b-hcn1-hnrnpu-kcna2-kcnb1-kcnh5\/#primaryimage"},"image":{"@id":"https:\/\/sistemasgenomicos.com\/es\/producto\/secuenciacion-masiva-panel-de-49-genes-aldh7a1-arhgef9-arhgef15-arx-brat1-cacna2d2-cdkl5-chd2-clcn4-csnk1g1-dnm1-dock7-eef1a2-gabra1-gnao1-grin2b-hcn1-hnrnpu-kcna2-kcnb1-kcnh5\/#primaryimage"},"thumbnailUrl":"https:\/\/sistemasgenomicos.com\/wp-content\/uploads\/2018\/04\/logo-sistemas-genomicos-default-1.jpg","datePublished":"2017-12-22T09:50:19+00:00","dateModified":"2020-09-30T04:21:36+00:00","breadcrumb":{"@id":"https:\/\/sistemasgenomicos.com\/es\/producto\/secuenciacion-masiva-panel-de-49-genes-aldh7a1-arhgef9-arhgef15-arx-brat1-cacna2d2-cdkl5-chd2-clcn4-csnk1g1-dnm1-dock7-eef1a2-gabra1-gnao1-grin2b-hcn1-hnrnpu-kcna2-kcnb1-kcnh5\/#breadcrumb"},"inLanguage":"es","potentialAction":[{"@type":"ReadAction","target":["https:\/\/sistemasgenomicos.com\/es\/producto\/secuenciacion-masiva-panel-de-49-genes-aldh7a1-arhgef9-arhgef15-arx-brat1-cacna2d2-cdkl5-chd2-clcn4-csnk1g1-dnm1-dock7-eef1a2-gabra1-gnao1-grin2b-hcn1-hnrnpu-kcna2-kcnb1-kcnh5\/"]}]},{"@type":"ImageObject","inLanguage":"es","@id":"https:\/\/sistemasgenomicos.com\/es\/producto\/secuenciacion-masiva-panel-de-49-genes-aldh7a1-arhgef9-arhgef15-arx-brat1-cacna2d2-cdkl5-chd2-clcn4-csnk1g1-dnm1-dock7-eef1a2-gabra1-gnao1-grin2b-hcn1-hnrnpu-kcna2-kcnb1-kcnh5\/#primaryimage","url":"https:\/\/sistemasgenomicos.com\/wp-content\/uploads\/2018\/04\/logo-sistemas-genomicos-default-1.jpg","contentUrl":"https:\/\/sistemasgenomicos.com\/wp-content\/uploads\/2018\/04\/logo-sistemas-genomicos-default-1.jpg","width":1200,"height":750},{"@type":"BreadcrumbList","@id":"https:\/\/sistemasgenomicos.com\/es\/producto\/secuenciacion-masiva-panel-de-49-genes-aldh7a1-arhgef9-arhgef15-arx-brat1-cacna2d2-cdkl5-chd2-clcn4-csnk1g1-dnm1-dock7-eef1a2-gabra1-gnao1-grin2b-hcn1-hnrnpu-kcna2-kcnb1-kcnh5\/#breadcrumb","itemListElement":[{"@type":"ListItem","position":1,"name":"Portada","item":"https:\/\/sistemasgenomicos.com\/es\/"},{"@type":"ListItem","position":2,"name":"Tienda","item":"https:\/\/sistemasgenomicos.com\/es\/tienda\/"},{"@type":"ListItem","position":3,"name":"Secuenciaci\u00f3n masiva panel de 49 genes: ALDH7A1, ARHGEF9, ARHGEF15, ARX, BRAT1, CACNA2D2, CDKL5, CHD2, CLCN4, CSNK1G1, DNM1, DOCK7, EEF1A2, GABRA1, GNAO1, GRIN2B, HCN1, HNRNPU, KCNA2, KCNB1, KCNH5, KCNQ2, KCNT1, KPNA7, MAPK10, MECP2, NECAP1, NEDD4L, PCDH19, PIGA, PIGQ, PLCB1, PNKP, PNPO, SCN1A, SCN2A, SCN8A, SCN9A, SERPINI1, SLC13A5, SLC2A1, SLC25A22, SLC35A2,SPTAN1, ST3GAL3, STXBP1, SZT2, TBC1D24, WWOX."}]},{"@type":"WebSite","@id":"https:\/\/sistemasgenomicos.com\/es\/#website","url":"https:\/\/sistemasgenomicos.com\/es\/","name":"Sistemas Gen\u00f3micos","description":"La mayor empresa dedicada a la investigaci\u00f3n gen\u00e9tica y molecular","publisher":{"@id":"https:\/\/sistemasgenomicos.com\/es\/#organization"},"potentialAction":[{"@type":"SearchAction","target":{"@type":"EntryPoint","urlTemplate":"https:\/\/sistemasgenomicos.com\/es\/?s={search_term_string}"},"query-input":{"@type":"PropertyValueSpecification","valueRequired":true,"valueName":"search_term_string"}}],"inLanguage":"es"},{"@type":"Organization","@id":"https:\/\/sistemasgenomicos.com\/es\/#organization","name":"Sistemas Gen\u00f3micos","url":"https:\/\/sistemasgenomicos.com\/es\/","logo":{"@type":"ImageObject","inLanguage":"es","@id":"https:\/\/sistemasgenomicos.com\/es\/#\/schema\/logo\/image\/","url":"https:\/\/sistemasgenomicos.com\/wp-content\/uploads\/2022\/04\/image001-1.png","contentUrl":"https:\/\/sistemasgenomicos.com\/wp-content\/uploads\/2022\/04\/image001-1.png","width":250,"height":122,"caption":"Sistemas Gen\u00f3micos"},"image":{"@id":"https:\/\/sistemasgenomicos.com\/es\/#\/schema\/logo\/image\/"}}]}},"_links":{"self":[{"href":"https:\/\/sistemasgenomicos.com\/es\/wp-json\/wp\/v2\/product\/5239","targetHints":{"allow":["GET"]}}],"collection":[{"href":"https:\/\/sistemasgenomicos.com\/es\/wp-json\/wp\/v2\/product"}],"about":[{"href":"https:\/\/sistemasgenomicos.com\/es\/wp-json\/wp\/v2\/types\/product"}],"wp:featuredmedia":[{"embeddable":true,"href":"https:\/\/sistemasgenomicos.com\/es\/wp-json\/wp\/v2\/media\/42665"}],"wp:attachment":[{"href":"https:\/\/sistemasgenomicos.com\/es\/wp-json\/wp\/v2\/media?parent=5239"}],"wp:term":[{"taxonomy":"product_brand","embeddable":true,"href":"https:\/\/sistemasgenomicos.com\/es\/wp-json\/wp\/v2\/product_brand?post=5239"},{"taxonomy":"product_cat","embeddable":true,"href":"https:\/\/sistemasgenomicos.com\/es\/wp-json\/wp\/v2\/product_cat?post=5239"},{"taxonomy":"product_tag","embeddable":true,"href":"https:\/\/sistemasgenomicos.com\/es\/wp-json\/wp\/v2\/product_tag?post=5239"}],"curies":[{"name":"wp","href":"https:\/\/api.w.org\/{rel}","templated":true}]}}