{"id":5233,"date":"2017-12-22T09:50:16","date_gmt":"2017-12-22T09:50:16","guid":{"rendered":"https:\/\/sistemasgenomicos.digitis.net\/tienda-online\/secuenciacion-masiva-panel-de-24-genesagl-aldoa-eno3-g6pc-gaa-gbe1-gyg1-gys1-gys2-lamp2-ldha-pfkm-pgam2-pgk1-pgm1-phka1-phka2-phkb-phkg2-prkag2-pygl-pygm-slc2a2-slc37a4\/"},"modified":"2020-09-30T06:09:52","modified_gmt":"2020-09-30T04:09:52","slug":"secuenciacion-masiva-panel-de-24-genesagl-aldoa-eno3-g6pc-gaa-gbe1-gyg1-gys1-gys2-lamp2-ldha-pfkm-pgam2-pgk1-pgm1-phka1-phka2-phkb-phkg2-prkag2-pygl-pygm-slc2a2-slc37a4","status":"publish","type":"product","link":"https:\/\/sistemasgenomicos.com\/es\/producto\/secuenciacion-masiva-panel-de-24-genesagl-aldoa-eno3-g6pc-gaa-gbe1-gyg1-gys1-gys2-lamp2-ldha-pfkm-pgam2-pgk1-pgm1-phka1-phka2-phkb-phkg2-prkag2-pygl-pygm-slc2a2-slc37a4\/","title":{"rendered":"Secuenciaci\u00f3n masiva panel  de 24  genes:AGL, ALDOA, ENO3, G6PC, GAA, GBE1, GYG1, GYS1, GYS2, LAMP2, LDHA, PFKM, PGAM2, PGK1, PGM1, PHKA1, PHKA2, PHKB, PHKG2, PRKAG2, PYGL, PYGM, SLC2A2, SLC37A4."},"content":{"rendered":"","protected":false},"excerpt":{"rendered":"","protected":false},"featured_media":42665,"template":"","meta":[],"product_brand":[],"product_cat":[86,9357,8679,8681,9361,9363,9367,9355,9371,9381,9479,9389],"product_tag":[23825],"class_list":{"0":"post-5233","1":"product","2":"type-product","3":"status-publish","4":"has-post-thumbnail","6":"gen-lamp2","7":"gen-phka2","8":"gen-phka1","9":"gen-pygm","10":"gen-pgm1","11":"gen-pygl","12":"gen-pgk1","13":"gen-phkb","14":"gen-gys1","15":"gen-prkag2","16":"gen-eno3","17":"gen-gys2","18":"gen-gbe1","19":"gen-g6pc","20":"gen-ldha","21":"gen-slc37a4","22":"gen-aldoa","23":"gen-pfkm","24":"gen-phkg2","25":"gen-agl","26":"gen-slc2a2","27":"gen-gyg1","28":"gen-pgam2","29":"gen-gaa","30":"product_cat-analisis-y-estudios-geneticos","31":"product_cat-cardiologia-diagnostico-genetico-molecularn","32":"product_cat-diagnostico-genetico-molecularn","33":"product_cat-diagnostico-genetico-por-secuenciacion-masiva","34":"product_cat-digestivo-diagnostico-genetico-molecularn","35":"product_cat-endocrinologia-diagnostico-genetico-molecularn","36":"product_cat-hematologia-diagnostico-genetico-molecularn","37":"product_cat-listado-de-enfermedades","38":"product_cat-medicina-interna-diagnostico-genetico-molecularn","39":"product_cat-neuropediatria-diagnostico-genetico-molecularn","40":"product_cat-paneles-de-mitocondriales-diagnostico-genetico-por-secuenciacion-masivan","41":"product_cat-pediatria-diagnostico-genetico-molecularn","42":"product_tag-glucogenosisc00659","44":"first","45":"instock","46":"taxable","47":"shipping-taxable","48":"product-type-simple"},"acf":[],"yoast_head":"<!-- This site is optimized with the Yoast SEO plugin v27.4 - https:\/\/yoast.com\/product\/yoast-seo-wordpress\/ -->\n<title>Secuenciaci\u00f3n masiva panel de 24 genes:AGL, ALDOA, ENO3, G6PC, GAA, GBE1, GYG1, GYS1, GYS2, LAMP2, LDHA, PFKM, PGAM2, PGK1, PGM1, PHKA1, PHKA2, PHKB, PHKG2, PRKAG2, PYGL, PYGM, SLC2A2, SLC37A4. - Sistemas Gen\u00f3micos<\/title>\n<meta name=\"robots\" content=\"index, follow, max-snippet:-1, max-image-preview:large, max-video-preview:-1\" \/>\n<link rel=\"canonical\" href=\"https:\/\/sistemasgenomicos.com\/es\/producto\/secuenciacion-masiva-panel-de-24-genesagl-aldoa-eno3-g6pc-gaa-gbe1-gyg1-gys1-gys2-lamp2-ldha-pfkm-pgam2-pgk1-pgm1-phka1-phka2-phkb-phkg2-prkag2-pygl-pygm-slc2a2-slc37a4\/\" \/>\n<meta property=\"og:locale\" content=\"es_ES\" \/>\n<meta property=\"og:type\" content=\"article\" \/>\n<meta property=\"og:title\" content=\"Secuenciaci\u00f3n masiva panel de 24 genes:AGL, ALDOA, ENO3, G6PC, GAA, GBE1, GYG1, GYS1, GYS2, LAMP2, LDHA, PFKM, PGAM2, PGK1, PGM1, PHKA1, PHKA2, PHKB, PHKG2, PRKAG2, PYGL, PYGM, SLC2A2, SLC37A4. - Sistemas Gen\u00f3micos\" \/>\n<meta property=\"og:url\" content=\"https:\/\/sistemasgenomicos.com\/es\/producto\/secuenciacion-masiva-panel-de-24-genesagl-aldoa-eno3-g6pc-gaa-gbe1-gyg1-gys1-gys2-lamp2-ldha-pfkm-pgam2-pgk1-pgm1-phka1-phka2-phkb-phkg2-prkag2-pygl-pygm-slc2a2-slc37a4\/\" \/>\n<meta property=\"og:site_name\" content=\"Sistemas Gen\u00f3micos\" \/>\n<meta property=\"article:modified_time\" content=\"2020-09-30T04:09:52+00:00\" \/>\n<meta property=\"og:image\" content=\"https:\/\/sistemasgenomicos.com\/wp-content\/uploads\/2018\/04\/logo-sistemas-genomicos-default-1.jpg\" \/>\n\t<meta property=\"og:image:width\" content=\"1200\" \/>\n\t<meta property=\"og:image:height\" content=\"750\" \/>\n\t<meta property=\"og:image:type\" content=\"image\/jpeg\" \/>\n<meta name=\"twitter:card\" content=\"summary_large_image\" \/>\n<script type=\"application\/ld+json\" class=\"yoast-schema-graph\">{\"@context\":\"https:\\\/\\\/schema.org\",\"@graph\":[{\"@type\":\"WebPage\",\"@id\":\"https:\\\/\\\/sistemasgenomicos.com\\\/es\\\/producto\\\/secuenciacion-masiva-panel-de-24-genesagl-aldoa-eno3-g6pc-gaa-gbe1-gyg1-gys1-gys2-lamp2-ldha-pfkm-pgam2-pgk1-pgm1-phka1-phka2-phkb-phkg2-prkag2-pygl-pygm-slc2a2-slc37a4\\\/\",\"url\":\"https:\\\/\\\/sistemasgenomicos.com\\\/es\\\/producto\\\/secuenciacion-masiva-panel-de-24-genesagl-aldoa-eno3-g6pc-gaa-gbe1-gyg1-gys1-gys2-lamp2-ldha-pfkm-pgam2-pgk1-pgm1-phka1-phka2-phkb-phkg2-prkag2-pygl-pygm-slc2a2-slc37a4\\\/\",\"name\":\"Secuenciaci\u00f3n masiva panel de 24 genes:AGL, ALDOA, ENO3, G6PC, GAA, GBE1, GYG1, GYS1, GYS2, LAMP2, LDHA, PFKM, PGAM2, PGK1, PGM1, PHKA1, PHKA2, PHKB, PHKG2, PRKAG2, PYGL, PYGM, SLC2A2, SLC37A4. - Sistemas Gen\u00f3micos\",\"isPartOf\":{\"@id\":\"https:\\\/\\\/sistemasgenomicos.com\\\/es\\\/#website\"},\"primaryImageOfPage\":{\"@id\":\"https:\\\/\\\/sistemasgenomicos.com\\\/es\\\/producto\\\/secuenciacion-masiva-panel-de-24-genesagl-aldoa-eno3-g6pc-gaa-gbe1-gyg1-gys1-gys2-lamp2-ldha-pfkm-pgam2-pgk1-pgm1-phka1-phka2-phkb-phkg2-prkag2-pygl-pygm-slc2a2-slc37a4\\\/#primaryimage\"},\"image\":{\"@id\":\"https:\\\/\\\/sistemasgenomicos.com\\\/es\\\/producto\\\/secuenciacion-masiva-panel-de-24-genesagl-aldoa-eno3-g6pc-gaa-gbe1-gyg1-gys1-gys2-lamp2-ldha-pfkm-pgam2-pgk1-pgm1-phka1-phka2-phkb-phkg2-prkag2-pygl-pygm-slc2a2-slc37a4\\\/#primaryimage\"},\"thumbnailUrl\":\"https:\\\/\\\/sistemasgenomicos.com\\\/wp-content\\\/uploads\\\/2018\\\/04\\\/logo-sistemas-genomicos-default-1.jpg\",\"datePublished\":\"2017-12-22T09:50:16+00:00\",\"dateModified\":\"2020-09-30T04:09:52+00:00\",\"breadcrumb\":{\"@id\":\"https:\\\/\\\/sistemasgenomicos.com\\\/es\\\/producto\\\/secuenciacion-masiva-panel-de-24-genesagl-aldoa-eno3-g6pc-gaa-gbe1-gyg1-gys1-gys2-lamp2-ldha-pfkm-pgam2-pgk1-pgm1-phka1-phka2-phkb-phkg2-prkag2-pygl-pygm-slc2a2-slc37a4\\\/#breadcrumb\"},\"inLanguage\":\"es\",\"potentialAction\":[{\"@type\":\"ReadAction\",\"target\":[\"https:\\\/\\\/sistemasgenomicos.com\\\/es\\\/producto\\\/secuenciacion-masiva-panel-de-24-genesagl-aldoa-eno3-g6pc-gaa-gbe1-gyg1-gys1-gys2-lamp2-ldha-pfkm-pgam2-pgk1-pgm1-phka1-phka2-phkb-phkg2-prkag2-pygl-pygm-slc2a2-slc37a4\\\/\"]}]},{\"@type\":\"ImageObject\",\"inLanguage\":\"es\",\"@id\":\"https:\\\/\\\/sistemasgenomicos.com\\\/es\\\/producto\\\/secuenciacion-masiva-panel-de-24-genesagl-aldoa-eno3-g6pc-gaa-gbe1-gyg1-gys1-gys2-lamp2-ldha-pfkm-pgam2-pgk1-pgm1-phka1-phka2-phkb-phkg2-prkag2-pygl-pygm-slc2a2-slc37a4\\\/#primaryimage\",\"url\":\"https:\\\/\\\/sistemasgenomicos.com\\\/wp-content\\\/uploads\\\/2018\\\/04\\\/logo-sistemas-genomicos-default-1.jpg\",\"contentUrl\":\"https:\\\/\\\/sistemasgenomicos.com\\\/wp-content\\\/uploads\\\/2018\\\/04\\\/logo-sistemas-genomicos-default-1.jpg\",\"width\":1200,\"height\":750},{\"@type\":\"BreadcrumbList\",\"@id\":\"https:\\\/\\\/sistemasgenomicos.com\\\/es\\\/producto\\\/secuenciacion-masiva-panel-de-24-genesagl-aldoa-eno3-g6pc-gaa-gbe1-gyg1-gys1-gys2-lamp2-ldha-pfkm-pgam2-pgk1-pgm1-phka1-phka2-phkb-phkg2-prkag2-pygl-pygm-slc2a2-slc37a4\\\/#breadcrumb\",\"itemListElement\":[{\"@type\":\"ListItem\",\"position\":1,\"name\":\"Portada\",\"item\":\"https:\\\/\\\/sistemasgenomicos.com\\\/es\\\/\"},{\"@type\":\"ListItem\",\"position\":2,\"name\":\"Tienda\",\"item\":\"https:\\\/\\\/sistemasgenomicos.com\\\/es\\\/tienda\\\/\"},{\"@type\":\"ListItem\",\"position\":3,\"name\":\"Secuenciaci\u00f3n masiva panel de 24 genes:AGL, ALDOA, ENO3, G6PC, GAA, GBE1, GYG1, GYS1, GYS2, LAMP2, LDHA, PFKM, PGAM2, PGK1, PGM1, PHKA1, PHKA2, PHKB, PHKG2, PRKAG2, PYGL, PYGM, SLC2A2, SLC37A4.\"}]},{\"@type\":\"WebSite\",\"@id\":\"https:\\\/\\\/sistemasgenomicos.com\\\/es\\\/#website\",\"url\":\"https:\\\/\\\/sistemasgenomicos.com\\\/es\\\/\",\"name\":\"Sistemas Gen\u00f3micos\",\"description\":\"La mayor empresa dedicada a la investigaci\u00f3n gen\u00e9tica y molecular\",\"publisher\":{\"@id\":\"https:\\\/\\\/sistemasgenomicos.com\\\/es\\\/#organization\"},\"potentialAction\":[{\"@type\":\"SearchAction\",\"target\":{\"@type\":\"EntryPoint\",\"urlTemplate\":\"https:\\\/\\\/sistemasgenomicos.com\\\/es\\\/?s={search_term_string}\"},\"query-input\":{\"@type\":\"PropertyValueSpecification\",\"valueRequired\":true,\"valueName\":\"search_term_string\"}}],\"inLanguage\":\"es\"},{\"@type\":\"Organization\",\"@id\":\"https:\\\/\\\/sistemasgenomicos.com\\\/es\\\/#organization\",\"name\":\"Sistemas Gen\u00f3micos\",\"url\":\"https:\\\/\\\/sistemasgenomicos.com\\\/es\\\/\",\"logo\":{\"@type\":\"ImageObject\",\"inLanguage\":\"es\",\"@id\":\"https:\\\/\\\/sistemasgenomicos.com\\\/es\\\/#\\\/schema\\\/logo\\\/image\\\/\",\"url\":\"https:\\\/\\\/sistemasgenomicos.com\\\/wp-content\\\/uploads\\\/2022\\\/04\\\/image001-1.png\",\"contentUrl\":\"https:\\\/\\\/sistemasgenomicos.com\\\/wp-content\\\/uploads\\\/2022\\\/04\\\/image001-1.png\",\"width\":250,\"height\":122,\"caption\":\"Sistemas Gen\u00f3micos\"},\"image\":{\"@id\":\"https:\\\/\\\/sistemasgenomicos.com\\\/es\\\/#\\\/schema\\\/logo\\\/image\\\/\"}}]}<\/script>\n<!-- \/ Yoast SEO plugin. -->","yoast_head_json":{"title":"Secuenciaci\u00f3n masiva panel de 24 genes:AGL, ALDOA, ENO3, G6PC, GAA, GBE1, GYG1, GYS1, GYS2, LAMP2, LDHA, PFKM, PGAM2, PGK1, PGM1, PHKA1, PHKA2, PHKB, PHKG2, PRKAG2, PYGL, PYGM, SLC2A2, SLC37A4. - Sistemas Gen\u00f3micos","robots":{"index":"index","follow":"follow","max-snippet":"max-snippet:-1","max-image-preview":"max-image-preview:large","max-video-preview":"max-video-preview:-1"},"canonical":"https:\/\/sistemasgenomicos.com\/es\/producto\/secuenciacion-masiva-panel-de-24-genesagl-aldoa-eno3-g6pc-gaa-gbe1-gyg1-gys1-gys2-lamp2-ldha-pfkm-pgam2-pgk1-pgm1-phka1-phka2-phkb-phkg2-prkag2-pygl-pygm-slc2a2-slc37a4\/","og_locale":"es_ES","og_type":"article","og_title":"Secuenciaci\u00f3n masiva panel de 24 genes:AGL, ALDOA, ENO3, G6PC, GAA, GBE1, GYG1, GYS1, GYS2, LAMP2, LDHA, PFKM, PGAM2, PGK1, PGM1, PHKA1, PHKA2, PHKB, PHKG2, PRKAG2, PYGL, PYGM, SLC2A2, SLC37A4. - Sistemas Gen\u00f3micos","og_url":"https:\/\/sistemasgenomicos.com\/es\/producto\/secuenciacion-masiva-panel-de-24-genesagl-aldoa-eno3-g6pc-gaa-gbe1-gyg1-gys1-gys2-lamp2-ldha-pfkm-pgam2-pgk1-pgm1-phka1-phka2-phkb-phkg2-prkag2-pygl-pygm-slc2a2-slc37a4\/","og_site_name":"Sistemas Gen\u00f3micos","article_modified_time":"2020-09-30T04:09:52+00:00","og_image":[{"width":1200,"height":750,"url":"https:\/\/sistemasgenomicos.com\/wp-content\/uploads\/2018\/04\/logo-sistemas-genomicos-default-1.jpg","type":"image\/jpeg"}],"twitter_card":"summary_large_image","schema":{"@context":"https:\/\/schema.org","@graph":[{"@type":"WebPage","@id":"https:\/\/sistemasgenomicos.com\/es\/producto\/secuenciacion-masiva-panel-de-24-genesagl-aldoa-eno3-g6pc-gaa-gbe1-gyg1-gys1-gys2-lamp2-ldha-pfkm-pgam2-pgk1-pgm1-phka1-phka2-phkb-phkg2-prkag2-pygl-pygm-slc2a2-slc37a4\/","url":"https:\/\/sistemasgenomicos.com\/es\/producto\/secuenciacion-masiva-panel-de-24-genesagl-aldoa-eno3-g6pc-gaa-gbe1-gyg1-gys1-gys2-lamp2-ldha-pfkm-pgam2-pgk1-pgm1-phka1-phka2-phkb-phkg2-prkag2-pygl-pygm-slc2a2-slc37a4\/","name":"Secuenciaci\u00f3n masiva panel de 24 genes:AGL, ALDOA, ENO3, G6PC, GAA, GBE1, GYG1, GYS1, GYS2, LAMP2, LDHA, PFKM, PGAM2, PGK1, PGM1, PHKA1, PHKA2, PHKB, PHKG2, PRKAG2, PYGL, PYGM, SLC2A2, SLC37A4. - Sistemas Gen\u00f3micos","isPartOf":{"@id":"https:\/\/sistemasgenomicos.com\/es\/#website"},"primaryImageOfPage":{"@id":"https:\/\/sistemasgenomicos.com\/es\/producto\/secuenciacion-masiva-panel-de-24-genesagl-aldoa-eno3-g6pc-gaa-gbe1-gyg1-gys1-gys2-lamp2-ldha-pfkm-pgam2-pgk1-pgm1-phka1-phka2-phkb-phkg2-prkag2-pygl-pygm-slc2a2-slc37a4\/#primaryimage"},"image":{"@id":"https:\/\/sistemasgenomicos.com\/es\/producto\/secuenciacion-masiva-panel-de-24-genesagl-aldoa-eno3-g6pc-gaa-gbe1-gyg1-gys1-gys2-lamp2-ldha-pfkm-pgam2-pgk1-pgm1-phka1-phka2-phkb-phkg2-prkag2-pygl-pygm-slc2a2-slc37a4\/#primaryimage"},"thumbnailUrl":"https:\/\/sistemasgenomicos.com\/wp-content\/uploads\/2018\/04\/logo-sistemas-genomicos-default-1.jpg","datePublished":"2017-12-22T09:50:16+00:00","dateModified":"2020-09-30T04:09:52+00:00","breadcrumb":{"@id":"https:\/\/sistemasgenomicos.com\/es\/producto\/secuenciacion-masiva-panel-de-24-genesagl-aldoa-eno3-g6pc-gaa-gbe1-gyg1-gys1-gys2-lamp2-ldha-pfkm-pgam2-pgk1-pgm1-phka1-phka2-phkb-phkg2-prkag2-pygl-pygm-slc2a2-slc37a4\/#breadcrumb"},"inLanguage":"es","potentialAction":[{"@type":"ReadAction","target":["https:\/\/sistemasgenomicos.com\/es\/producto\/secuenciacion-masiva-panel-de-24-genesagl-aldoa-eno3-g6pc-gaa-gbe1-gyg1-gys1-gys2-lamp2-ldha-pfkm-pgam2-pgk1-pgm1-phka1-phka2-phkb-phkg2-prkag2-pygl-pygm-slc2a2-slc37a4\/"]}]},{"@type":"ImageObject","inLanguage":"es","@id":"https:\/\/sistemasgenomicos.com\/es\/producto\/secuenciacion-masiva-panel-de-24-genesagl-aldoa-eno3-g6pc-gaa-gbe1-gyg1-gys1-gys2-lamp2-ldha-pfkm-pgam2-pgk1-pgm1-phka1-phka2-phkb-phkg2-prkag2-pygl-pygm-slc2a2-slc37a4\/#primaryimage","url":"https:\/\/sistemasgenomicos.com\/wp-content\/uploads\/2018\/04\/logo-sistemas-genomicos-default-1.jpg","contentUrl":"https:\/\/sistemasgenomicos.com\/wp-content\/uploads\/2018\/04\/logo-sistemas-genomicos-default-1.jpg","width":1200,"height":750},{"@type":"BreadcrumbList","@id":"https:\/\/sistemasgenomicos.com\/es\/producto\/secuenciacion-masiva-panel-de-24-genesagl-aldoa-eno3-g6pc-gaa-gbe1-gyg1-gys1-gys2-lamp2-ldha-pfkm-pgam2-pgk1-pgm1-phka1-phka2-phkb-phkg2-prkag2-pygl-pygm-slc2a2-slc37a4\/#breadcrumb","itemListElement":[{"@type":"ListItem","position":1,"name":"Portada","item":"https:\/\/sistemasgenomicos.com\/es\/"},{"@type":"ListItem","position":2,"name":"Tienda","item":"https:\/\/sistemasgenomicos.com\/es\/tienda\/"},{"@type":"ListItem","position":3,"name":"Secuenciaci\u00f3n masiva panel de 24 genes:AGL, ALDOA, ENO3, G6PC, GAA, GBE1, GYG1, GYS1, GYS2, LAMP2, LDHA, PFKM, PGAM2, PGK1, PGM1, PHKA1, PHKA2, PHKB, PHKG2, PRKAG2, PYGL, PYGM, SLC2A2, SLC37A4."}]},{"@type":"WebSite","@id":"https:\/\/sistemasgenomicos.com\/es\/#website","url":"https:\/\/sistemasgenomicos.com\/es\/","name":"Sistemas Gen\u00f3micos","description":"La mayor empresa dedicada a la investigaci\u00f3n gen\u00e9tica y molecular","publisher":{"@id":"https:\/\/sistemasgenomicos.com\/es\/#organization"},"potentialAction":[{"@type":"SearchAction","target":{"@type":"EntryPoint","urlTemplate":"https:\/\/sistemasgenomicos.com\/es\/?s={search_term_string}"},"query-input":{"@type":"PropertyValueSpecification","valueRequired":true,"valueName":"search_term_string"}}],"inLanguage":"es"},{"@type":"Organization","@id":"https:\/\/sistemasgenomicos.com\/es\/#organization","name":"Sistemas Gen\u00f3micos","url":"https:\/\/sistemasgenomicos.com\/es\/","logo":{"@type":"ImageObject","inLanguage":"es","@id":"https:\/\/sistemasgenomicos.com\/es\/#\/schema\/logo\/image\/","url":"https:\/\/sistemasgenomicos.com\/wp-content\/uploads\/2022\/04\/image001-1.png","contentUrl":"https:\/\/sistemasgenomicos.com\/wp-content\/uploads\/2022\/04\/image001-1.png","width":250,"height":122,"caption":"Sistemas Gen\u00f3micos"},"image":{"@id":"https:\/\/sistemasgenomicos.com\/es\/#\/schema\/logo\/image\/"}}]}},"_links":{"self":[{"href":"https:\/\/sistemasgenomicos.com\/es\/wp-json\/wp\/v2\/product\/5233","targetHints":{"allow":["GET"]}}],"collection":[{"href":"https:\/\/sistemasgenomicos.com\/es\/wp-json\/wp\/v2\/product"}],"about":[{"href":"https:\/\/sistemasgenomicos.com\/es\/wp-json\/wp\/v2\/types\/product"}],"wp:featuredmedia":[{"embeddable":true,"href":"https:\/\/sistemasgenomicos.com\/es\/wp-json\/wp\/v2\/media\/42665"}],"wp:attachment":[{"href":"https:\/\/sistemasgenomicos.com\/es\/wp-json\/wp\/v2\/media?parent=5233"}],"wp:term":[{"taxonomy":"product_brand","embeddable":true,"href":"https:\/\/sistemasgenomicos.com\/es\/wp-json\/wp\/v2\/product_brand?post=5233"},{"taxonomy":"product_cat","embeddable":true,"href":"https:\/\/sistemasgenomicos.com\/es\/wp-json\/wp\/v2\/product_cat?post=5233"},{"taxonomy":"product_tag","embeddable":true,"href":"https:\/\/sistemasgenomicos.com\/es\/wp-json\/wp\/v2\/product_tag?post=5233"}],"curies":[{"name":"wp","href":"https:\/\/api.w.org\/{rel}","templated":true}]}}