{"id":5226,"date":"2017-12-22T09:50:13","date_gmt":"2017-12-22T09:50:13","guid":{"rendered":"https:\/\/sistemasgenomicos.digitis.net\/tienda-online\/secuenciacion-masiva-panel-de-16-genes-abcg5-abcg8-apob-apoe-ch25h-cyp7a1-insig2-ldlr-ldlrap1-lipa-npc1-npc2-osbpl5-pcsk9-stap1-slco1b1\/"},"modified":"2020-09-30T06:09:49","modified_gmt":"2020-09-30T04:09:49","slug":"secuenciacion-masiva-panel-de-16-genes-abcg5-abcg8-apob-apoe-ch25h-cyp7a1-insig2-ldlr-ldlrap1-lipa-npc1-npc2-osbpl5-pcsk9-stap1-slco1b1","status":"publish","type":"product","link":"https:\/\/sistemasgenomicos.com\/es\/producto\/secuenciacion-masiva-panel-de-16-genes-abcg5-abcg8-apob-apoe-ch25h-cyp7a1-insig2-ldlr-ldlrap1-lipa-npc1-npc2-osbpl5-pcsk9-stap1-slco1b1\/","title":{"rendered":"Secuenciaci\u00f3n masiva panel  de 16  genes: ABCG5, ABCG8, APOB, APOE, CH25H, CYP7A1, INSIG2, LDLR, LDLRAP1, LIPA, NPC1, NPC2, OSBPL5, PCSK9, STAP1, SLCO1B1"},"content":{"rendered":"","protected":false},"excerpt":{"rendered":"","protected":false},"featured_media":42665,"template":"","meta":[],"product_brand":[],"product_cat":[86,9357,8679,8681,9363,9355,9371,9483],"product_tag":[23843],"class_list":{"0":"post-5226","1":"product","2":"type-product","3":"status-publish","4":"has-post-thumbnail","6":"gen-osbpl5","7":"gen-stap1","8":"gen-apob","9":"gen-lipa","10":"gen-npc2","11":"gen-insig2","12":"gen-ldlr","13":"gen-apoe","14":"gen-slco1b1","15":"gen-abcg5","16":"gen-ch25h","17":"gen-npc1","18":"gen-abcg8","19":"gen-ldlrap1","20":"gen-cyp7a1","21":"gen-pcsk9","22":"product_cat-analisis-y-estudios-geneticos","23":"product_cat-cardiologia-diagnostico-genetico-molecularn","24":"product_cat-diagnostico-genetico-molecularn","25":"product_cat-diagnostico-genetico-por-secuenciacion-masiva","26":"product_cat-endocrinologia-diagnostico-genetico-molecularn","27":"product_cat-listado-de-enfermedades","28":"product_cat-medicina-interna-diagnostico-genetico-molecularn","29":"product_cat-paneles-de-dislipidemia-diagnostico-genetico-por-secuenciacion-masivan","30":"product_tag-trastornos-asociados-a-hipercolesterolemia-e-hiperlipidemia-mixta-y-deteccion-de-miopatia-por-estatinasc00668","32":"first","33":"instock","34":"taxable","35":"shipping-taxable","36":"product-type-simple"},"acf":[],"yoast_head":"<!-- This site is optimized with the Yoast SEO plugin v27.4 - https:\/\/yoast.com\/product\/yoast-seo-wordpress\/ -->\n<title>Secuenciaci\u00f3n masiva panel de 16 genes: ABCG5, ABCG8, APOB, APOE, CH25H, CYP7A1, INSIG2, LDLR, LDLRAP1, LIPA, NPC1, NPC2, OSBPL5, PCSK9, STAP1, SLCO1B1 - Sistemas Gen\u00f3micos<\/title>\n<meta name=\"robots\" content=\"index, follow, max-snippet:-1, max-image-preview:large, max-video-preview:-1\" \/>\n<link rel=\"canonical\" href=\"https:\/\/sistemasgenomicos.com\/es\/producto\/secuenciacion-masiva-panel-de-16-genes-abcg5-abcg8-apob-apoe-ch25h-cyp7a1-insig2-ldlr-ldlrap1-lipa-npc1-npc2-osbpl5-pcsk9-stap1-slco1b1\/\" \/>\n<meta property=\"og:locale\" content=\"es_ES\" \/>\n<meta property=\"og:type\" content=\"article\" \/>\n<meta property=\"og:title\" content=\"Secuenciaci\u00f3n masiva panel de 16 genes: ABCG5, ABCG8, APOB, APOE, CH25H, CYP7A1, INSIG2, LDLR, LDLRAP1, LIPA, NPC1, NPC2, OSBPL5, PCSK9, STAP1, SLCO1B1 - Sistemas Gen\u00f3micos\" \/>\n<meta property=\"og:url\" content=\"https:\/\/sistemasgenomicos.com\/es\/producto\/secuenciacion-masiva-panel-de-16-genes-abcg5-abcg8-apob-apoe-ch25h-cyp7a1-insig2-ldlr-ldlrap1-lipa-npc1-npc2-osbpl5-pcsk9-stap1-slco1b1\/\" \/>\n<meta property=\"og:site_name\" content=\"Sistemas Gen\u00f3micos\" \/>\n<meta property=\"article:modified_time\" content=\"2020-09-30T04:09:49+00:00\" \/>\n<meta property=\"og:image\" content=\"https:\/\/sistemasgenomicos.com\/wp-content\/uploads\/2018\/04\/logo-sistemas-genomicos-default-1.jpg\" \/>\n\t<meta property=\"og:image:width\" content=\"1200\" \/>\n\t<meta property=\"og:image:height\" content=\"750\" \/>\n\t<meta property=\"og:image:type\" content=\"image\/jpeg\" \/>\n<meta name=\"twitter:card\" content=\"summary_large_image\" \/>\n<script type=\"application\/ld+json\" class=\"yoast-schema-graph\">{\"@context\":\"https:\\\/\\\/schema.org\",\"@graph\":[{\"@type\":\"WebPage\",\"@id\":\"https:\\\/\\\/sistemasgenomicos.com\\\/es\\\/producto\\\/secuenciacion-masiva-panel-de-16-genes-abcg5-abcg8-apob-apoe-ch25h-cyp7a1-insig2-ldlr-ldlrap1-lipa-npc1-npc2-osbpl5-pcsk9-stap1-slco1b1\\\/\",\"url\":\"https:\\\/\\\/sistemasgenomicos.com\\\/es\\\/producto\\\/secuenciacion-masiva-panel-de-16-genes-abcg5-abcg8-apob-apoe-ch25h-cyp7a1-insig2-ldlr-ldlrap1-lipa-npc1-npc2-osbpl5-pcsk9-stap1-slco1b1\\\/\",\"name\":\"Secuenciaci\u00f3n masiva panel de 16 genes: ABCG5, ABCG8, APOB, APOE, CH25H, CYP7A1, INSIG2, LDLR, LDLRAP1, LIPA, NPC1, NPC2, OSBPL5, PCSK9, STAP1, SLCO1B1 - Sistemas Gen\u00f3micos\",\"isPartOf\":{\"@id\":\"https:\\\/\\\/sistemasgenomicos.com\\\/es\\\/#website\"},\"primaryImageOfPage\":{\"@id\":\"https:\\\/\\\/sistemasgenomicos.com\\\/es\\\/producto\\\/secuenciacion-masiva-panel-de-16-genes-abcg5-abcg8-apob-apoe-ch25h-cyp7a1-insig2-ldlr-ldlrap1-lipa-npc1-npc2-osbpl5-pcsk9-stap1-slco1b1\\\/#primaryimage\"},\"image\":{\"@id\":\"https:\\\/\\\/sistemasgenomicos.com\\\/es\\\/producto\\\/secuenciacion-masiva-panel-de-16-genes-abcg5-abcg8-apob-apoe-ch25h-cyp7a1-insig2-ldlr-ldlrap1-lipa-npc1-npc2-osbpl5-pcsk9-stap1-slco1b1\\\/#primaryimage\"},\"thumbnailUrl\":\"https:\\\/\\\/sistemasgenomicos.com\\\/wp-content\\\/uploads\\\/2018\\\/04\\\/logo-sistemas-genomicos-default-1.jpg\",\"datePublished\":\"2017-12-22T09:50:13+00:00\",\"dateModified\":\"2020-09-30T04:09:49+00:00\",\"breadcrumb\":{\"@id\":\"https:\\\/\\\/sistemasgenomicos.com\\\/es\\\/producto\\\/secuenciacion-masiva-panel-de-16-genes-abcg5-abcg8-apob-apoe-ch25h-cyp7a1-insig2-ldlr-ldlrap1-lipa-npc1-npc2-osbpl5-pcsk9-stap1-slco1b1\\\/#breadcrumb\"},\"inLanguage\":\"es\",\"potentialAction\":[{\"@type\":\"ReadAction\",\"target\":[\"https:\\\/\\\/sistemasgenomicos.com\\\/es\\\/producto\\\/secuenciacion-masiva-panel-de-16-genes-abcg5-abcg8-apob-apoe-ch25h-cyp7a1-insig2-ldlr-ldlrap1-lipa-npc1-npc2-osbpl5-pcsk9-stap1-slco1b1\\\/\"]}]},{\"@type\":\"ImageObject\",\"inLanguage\":\"es\",\"@id\":\"https:\\\/\\\/sistemasgenomicos.com\\\/es\\\/producto\\\/secuenciacion-masiva-panel-de-16-genes-abcg5-abcg8-apob-apoe-ch25h-cyp7a1-insig2-ldlr-ldlrap1-lipa-npc1-npc2-osbpl5-pcsk9-stap1-slco1b1\\\/#primaryimage\",\"url\":\"https:\\\/\\\/sistemasgenomicos.com\\\/wp-content\\\/uploads\\\/2018\\\/04\\\/logo-sistemas-genomicos-default-1.jpg\",\"contentUrl\":\"https:\\\/\\\/sistemasgenomicos.com\\\/wp-content\\\/uploads\\\/2018\\\/04\\\/logo-sistemas-genomicos-default-1.jpg\",\"width\":1200,\"height\":750},{\"@type\":\"BreadcrumbList\",\"@id\":\"https:\\\/\\\/sistemasgenomicos.com\\\/es\\\/producto\\\/secuenciacion-masiva-panel-de-16-genes-abcg5-abcg8-apob-apoe-ch25h-cyp7a1-insig2-ldlr-ldlrap1-lipa-npc1-npc2-osbpl5-pcsk9-stap1-slco1b1\\\/#breadcrumb\",\"itemListElement\":[{\"@type\":\"ListItem\",\"position\":1,\"name\":\"Portada\",\"item\":\"https:\\\/\\\/sistemasgenomicos.com\\\/es\\\/\"},{\"@type\":\"ListItem\",\"position\":2,\"name\":\"Tienda\",\"item\":\"https:\\\/\\\/sistemasgenomicos.com\\\/es\\\/tienda\\\/\"},{\"@type\":\"ListItem\",\"position\":3,\"name\":\"Secuenciaci\u00f3n masiva panel de 16 genes: ABCG5, ABCG8, APOB, APOE, CH25H, CYP7A1, INSIG2, LDLR, LDLRAP1, LIPA, NPC1, NPC2, OSBPL5, PCSK9, STAP1, SLCO1B1\"}]},{\"@type\":\"WebSite\",\"@id\":\"https:\\\/\\\/sistemasgenomicos.com\\\/es\\\/#website\",\"url\":\"https:\\\/\\\/sistemasgenomicos.com\\\/es\\\/\",\"name\":\"Sistemas Gen\u00f3micos\",\"description\":\"La mayor empresa dedicada a la investigaci\u00f3n gen\u00e9tica y molecular\",\"publisher\":{\"@id\":\"https:\\\/\\\/sistemasgenomicos.com\\\/es\\\/#organization\"},\"potentialAction\":[{\"@type\":\"SearchAction\",\"target\":{\"@type\":\"EntryPoint\",\"urlTemplate\":\"https:\\\/\\\/sistemasgenomicos.com\\\/es\\\/?s={search_term_string}\"},\"query-input\":{\"@type\":\"PropertyValueSpecification\",\"valueRequired\":true,\"valueName\":\"search_term_string\"}}],\"inLanguage\":\"es\"},{\"@type\":\"Organization\",\"@id\":\"https:\\\/\\\/sistemasgenomicos.com\\\/es\\\/#organization\",\"name\":\"Sistemas Gen\u00f3micos\",\"url\":\"https:\\\/\\\/sistemasgenomicos.com\\\/es\\\/\",\"logo\":{\"@type\":\"ImageObject\",\"inLanguage\":\"es\",\"@id\":\"https:\\\/\\\/sistemasgenomicos.com\\\/es\\\/#\\\/schema\\\/logo\\\/image\\\/\",\"url\":\"https:\\\/\\\/sistemasgenomicos.com\\\/wp-content\\\/uploads\\\/2022\\\/04\\\/image001-1.png\",\"contentUrl\":\"https:\\\/\\\/sistemasgenomicos.com\\\/wp-content\\\/uploads\\\/2022\\\/04\\\/image001-1.png\",\"width\":250,\"height\":122,\"caption\":\"Sistemas Gen\u00f3micos\"},\"image\":{\"@id\":\"https:\\\/\\\/sistemasgenomicos.com\\\/es\\\/#\\\/schema\\\/logo\\\/image\\\/\"}}]}<\/script>\n<!-- \/ Yoast SEO plugin. -->","yoast_head_json":{"title":"Secuenciaci\u00f3n masiva panel de 16 genes: ABCG5, ABCG8, APOB, APOE, CH25H, CYP7A1, INSIG2, LDLR, LDLRAP1, LIPA, NPC1, NPC2, OSBPL5, PCSK9, STAP1, SLCO1B1 - Sistemas Gen\u00f3micos","robots":{"index":"index","follow":"follow","max-snippet":"max-snippet:-1","max-image-preview":"max-image-preview:large","max-video-preview":"max-video-preview:-1"},"canonical":"https:\/\/sistemasgenomicos.com\/es\/producto\/secuenciacion-masiva-panel-de-16-genes-abcg5-abcg8-apob-apoe-ch25h-cyp7a1-insig2-ldlr-ldlrap1-lipa-npc1-npc2-osbpl5-pcsk9-stap1-slco1b1\/","og_locale":"es_ES","og_type":"article","og_title":"Secuenciaci\u00f3n masiva panel de 16 genes: ABCG5, ABCG8, APOB, APOE, CH25H, CYP7A1, INSIG2, LDLR, LDLRAP1, LIPA, NPC1, NPC2, OSBPL5, PCSK9, STAP1, SLCO1B1 - Sistemas Gen\u00f3micos","og_url":"https:\/\/sistemasgenomicos.com\/es\/producto\/secuenciacion-masiva-panel-de-16-genes-abcg5-abcg8-apob-apoe-ch25h-cyp7a1-insig2-ldlr-ldlrap1-lipa-npc1-npc2-osbpl5-pcsk9-stap1-slco1b1\/","og_site_name":"Sistemas Gen\u00f3micos","article_modified_time":"2020-09-30T04:09:49+00:00","og_image":[{"width":1200,"height":750,"url":"https:\/\/sistemasgenomicos.com\/wp-content\/uploads\/2018\/04\/logo-sistemas-genomicos-default-1.jpg","type":"image\/jpeg"}],"twitter_card":"summary_large_image","schema":{"@context":"https:\/\/schema.org","@graph":[{"@type":"WebPage","@id":"https:\/\/sistemasgenomicos.com\/es\/producto\/secuenciacion-masiva-panel-de-16-genes-abcg5-abcg8-apob-apoe-ch25h-cyp7a1-insig2-ldlr-ldlrap1-lipa-npc1-npc2-osbpl5-pcsk9-stap1-slco1b1\/","url":"https:\/\/sistemasgenomicos.com\/es\/producto\/secuenciacion-masiva-panel-de-16-genes-abcg5-abcg8-apob-apoe-ch25h-cyp7a1-insig2-ldlr-ldlrap1-lipa-npc1-npc2-osbpl5-pcsk9-stap1-slco1b1\/","name":"Secuenciaci\u00f3n masiva panel de 16 genes: ABCG5, ABCG8, APOB, APOE, CH25H, CYP7A1, INSIG2, LDLR, LDLRAP1, LIPA, NPC1, NPC2, OSBPL5, PCSK9, STAP1, SLCO1B1 - Sistemas Gen\u00f3micos","isPartOf":{"@id":"https:\/\/sistemasgenomicos.com\/es\/#website"},"primaryImageOfPage":{"@id":"https:\/\/sistemasgenomicos.com\/es\/producto\/secuenciacion-masiva-panel-de-16-genes-abcg5-abcg8-apob-apoe-ch25h-cyp7a1-insig2-ldlr-ldlrap1-lipa-npc1-npc2-osbpl5-pcsk9-stap1-slco1b1\/#primaryimage"},"image":{"@id":"https:\/\/sistemasgenomicos.com\/es\/producto\/secuenciacion-masiva-panel-de-16-genes-abcg5-abcg8-apob-apoe-ch25h-cyp7a1-insig2-ldlr-ldlrap1-lipa-npc1-npc2-osbpl5-pcsk9-stap1-slco1b1\/#primaryimage"},"thumbnailUrl":"https:\/\/sistemasgenomicos.com\/wp-content\/uploads\/2018\/04\/logo-sistemas-genomicos-default-1.jpg","datePublished":"2017-12-22T09:50:13+00:00","dateModified":"2020-09-30T04:09:49+00:00","breadcrumb":{"@id":"https:\/\/sistemasgenomicos.com\/es\/producto\/secuenciacion-masiva-panel-de-16-genes-abcg5-abcg8-apob-apoe-ch25h-cyp7a1-insig2-ldlr-ldlrap1-lipa-npc1-npc2-osbpl5-pcsk9-stap1-slco1b1\/#breadcrumb"},"inLanguage":"es","potentialAction":[{"@type":"ReadAction","target":["https:\/\/sistemasgenomicos.com\/es\/producto\/secuenciacion-masiva-panel-de-16-genes-abcg5-abcg8-apob-apoe-ch25h-cyp7a1-insig2-ldlr-ldlrap1-lipa-npc1-npc2-osbpl5-pcsk9-stap1-slco1b1\/"]}]},{"@type":"ImageObject","inLanguage":"es","@id":"https:\/\/sistemasgenomicos.com\/es\/producto\/secuenciacion-masiva-panel-de-16-genes-abcg5-abcg8-apob-apoe-ch25h-cyp7a1-insig2-ldlr-ldlrap1-lipa-npc1-npc2-osbpl5-pcsk9-stap1-slco1b1\/#primaryimage","url":"https:\/\/sistemasgenomicos.com\/wp-content\/uploads\/2018\/04\/logo-sistemas-genomicos-default-1.jpg","contentUrl":"https:\/\/sistemasgenomicos.com\/wp-content\/uploads\/2018\/04\/logo-sistemas-genomicos-default-1.jpg","width":1200,"height":750},{"@type":"BreadcrumbList","@id":"https:\/\/sistemasgenomicos.com\/es\/producto\/secuenciacion-masiva-panel-de-16-genes-abcg5-abcg8-apob-apoe-ch25h-cyp7a1-insig2-ldlr-ldlrap1-lipa-npc1-npc2-osbpl5-pcsk9-stap1-slco1b1\/#breadcrumb","itemListElement":[{"@type":"ListItem","position":1,"name":"Portada","item":"https:\/\/sistemasgenomicos.com\/es\/"},{"@type":"ListItem","position":2,"name":"Tienda","item":"https:\/\/sistemasgenomicos.com\/es\/tienda\/"},{"@type":"ListItem","position":3,"name":"Secuenciaci\u00f3n masiva panel de 16 genes: ABCG5, ABCG8, APOB, APOE, CH25H, CYP7A1, INSIG2, LDLR, LDLRAP1, LIPA, NPC1, NPC2, OSBPL5, PCSK9, STAP1, SLCO1B1"}]},{"@type":"WebSite","@id":"https:\/\/sistemasgenomicos.com\/es\/#website","url":"https:\/\/sistemasgenomicos.com\/es\/","name":"Sistemas Gen\u00f3micos","description":"La mayor empresa dedicada a la investigaci\u00f3n gen\u00e9tica y molecular","publisher":{"@id":"https:\/\/sistemasgenomicos.com\/es\/#organization"},"potentialAction":[{"@type":"SearchAction","target":{"@type":"EntryPoint","urlTemplate":"https:\/\/sistemasgenomicos.com\/es\/?s={search_term_string}"},"query-input":{"@type":"PropertyValueSpecification","valueRequired":true,"valueName":"search_term_string"}}],"inLanguage":"es"},{"@type":"Organization","@id":"https:\/\/sistemasgenomicos.com\/es\/#organization","name":"Sistemas Gen\u00f3micos","url":"https:\/\/sistemasgenomicos.com\/es\/","logo":{"@type":"ImageObject","inLanguage":"es","@id":"https:\/\/sistemasgenomicos.com\/es\/#\/schema\/logo\/image\/","url":"https:\/\/sistemasgenomicos.com\/wp-content\/uploads\/2022\/04\/image001-1.png","contentUrl":"https:\/\/sistemasgenomicos.com\/wp-content\/uploads\/2022\/04\/image001-1.png","width":250,"height":122,"caption":"Sistemas Gen\u00f3micos"},"image":{"@id":"https:\/\/sistemasgenomicos.com\/es\/#\/schema\/logo\/image\/"}}]}},"_links":{"self":[{"href":"https:\/\/sistemasgenomicos.com\/es\/wp-json\/wp\/v2\/product\/5226","targetHints":{"allow":["GET"]}}],"collection":[{"href":"https:\/\/sistemasgenomicos.com\/es\/wp-json\/wp\/v2\/product"}],"about":[{"href":"https:\/\/sistemasgenomicos.com\/es\/wp-json\/wp\/v2\/types\/product"}],"wp:featuredmedia":[{"embeddable":true,"href":"https:\/\/sistemasgenomicos.com\/es\/wp-json\/wp\/v2\/media\/42665"}],"wp:attachment":[{"href":"https:\/\/sistemasgenomicos.com\/es\/wp-json\/wp\/v2\/media?parent=5226"}],"wp:term":[{"taxonomy":"product_brand","embeddable":true,"href":"https:\/\/sistemasgenomicos.com\/es\/wp-json\/wp\/v2\/product_brand?post=5226"},{"taxonomy":"product_cat","embeddable":true,"href":"https:\/\/sistemasgenomicos.com\/es\/wp-json\/wp\/v2\/product_cat?post=5226"},{"taxonomy":"product_tag","embeddable":true,"href":"https:\/\/sistemasgenomicos.com\/es\/wp-json\/wp\/v2\/product_tag?post=5226"}],"curies":[{"name":"wp","href":"https:\/\/api.w.org\/{rel}","templated":true}]}}