{"id":5214,"date":"2017-12-22T09:50:05","date_gmt":"2017-12-22T09:50:05","guid":{"rendered":"https:\/\/sistemasgenomicos.digitis.net\/tienda-online\/inmunodeficiencias-genesgkit-ce-200-genes-12-reacciones\/"},"modified":"2020-09-30T06:09:45","modified_gmt":"2020-09-30T04:09:45","slug":"inmunodeficiencias-genesgkit-ce-200-genes-12-reacciones","status":"publish","type":"product","link":"https:\/\/sistemasgenomicos.com\/es\/producto\/inmunodeficiencias-genesgkit-ce-200-genes-12-reacciones\/","title":{"rendered":"Inmunodeficiencias-GeneSGKit-CE. 200 Genes. 12 Reacciones"},"content":{"rendered":"","protected":false},"excerpt":{"rendered":"","protected":false},"featured_media":42665,"template":"","meta":[],"product_brand":[],"product_cat":[8703,9494,47],"product_tag":[23841],"class_list":{"0":"post-5214","1":"product","2":"type-product","3":"status-publish","4":"has-post-thumbnail","6":"gen-casp10","7":"gen-ak2","8":"gen-cd79b","9":"gen-btk","10":"gen-was","11":"gen-mre11a","12":"gen-fas","13":"gen-ifngr1","14":"gen-foxp3","15":"gen-cyba","16":"gen-traf3ip2","17":"gen-casp8","18":"gen-tnfrsf1a","19":"gen-ttc7a","20":"gen-rab27a","21":"gen-tcf3","22":"gen-ikbkg","23":"gen-actb","24":"gen-ung","25":"gen-slc46a1","26":"gen-stxbp2","27":"gen-nfkb2","28":"gen-itch","29":"gen-ptprc","30":"gen-sh3bp2","31":"gen-dnmt3b","32":"gen-cebpe","33":"gen-tinf2","34":"gen-unc13d","35":"gen-blnk","36":"gen-il12rb1","37":"gen-apol1","38":"gen-ncf4","39":"gen-mthfd1","40":"gen-nfkbia","41":"gen-cd40","42":"gen-stk4","43":"gen-samhd1","44":"gen-lpin2","45":"gen-xiap","46":"gen-taz","47":"gen-magt1","48":"gen-cd40lg","49":"gen-tnfsf13b","50":"gen-acp5","51":"gen-coro1a","52":"gen-usb1","53":"gen-mefv","54":"gen-il21r","55":"gen-nbn","56":"gen-ikbkb","57":"gen-mcm4","58":"gen-rnaseh2a","59":"gen-cd79a","60":"gen-tyk2","61":"gen-jak3","62":"gen-dock8","63":"gen-foxn1","64":"gen-unc119","65":"gen-ctsc","66":"gen-unc93b1","67":"gen-il10ra","68":"gen-cd81","69":"gen-mvk","70":"gen-aicda","71":"gen-il17f","72":"gen-zbtb24","73":"gen-tapbp","74":"gen-itk","75":"gen-il12b","76":"gen-zap70","77":"gen-stat1","78":"gen-wipf1","79":"gen-lamtor2","80":"gen-ncf2","81":"gen-cr2","82":"gen-faslg","83":"gen-cntrl","84":"gen-cxcr4","85":"gen-pms2","86":"gen-rbck1","87":"gen-sbds","88":"gen-ticam1","89":"gen-igll1","90":"gen-rac2","91":"gen-dkc1","92":"gen-traf3","93":"gen-vps13b","94":"gen-ap3b1","95":"gen-spink5","96":"gen-il2ra","97":"gen-stx11","98":"gen-sp110","99":"gen-rnaseh2b","100":"gen-vps45","101":"gen-il10","102":"gen-il1rn","103":"gen-il36rn","104":"gen-slc37a4","105":"gen-smarcal1","106":"gen-cd27","107":"gen-pstpip1","108":"gen-irf8","109":"gen-g6pc3","110":"gen-tmc6","111":"gen-card14","112":"gen-nlrp12","113":"gen-bcl10","114":"gen-hax1","115":"gen-lyst","116":"gen-pik3r1","117":"gen-nhp2","118":"gen-il2rg","119":"gen-serping1","120":"gen-atm","121":"gen-fermt3","122":"gen-dclre1c","123":"gen-cd8a","124":"gen-ms4a1","125":"gen-ncf1","126":"gen-ifngr2","127":"gen-tnfrsf13c","128":"gen-aire","129":"gen-itgb2","130":"gen-cd3g","131":"gen-adar","132":"gen-gfi1","133":"gen-nlrp3","134":"gen-icos","135":"gen-prkcd","136":"gen-rnf168","137":"gen-tlr3","138":"gen-tert","139":"gen-cybb","140":"gen-mbl2","141":"gen-rag1","142":"gen-nod2","143":"gen-cd3d","144":"gen-stim1","145":"gen-tmc8","146":"gen-rpsa","147":"gen-fadd","148":"gen-tap1","149":"gen-rhoh","150":"gen-stat3","151":"gen-il7r","152":"gen-sema3e","153":"gen-stat2","154":"gen-fpr1","155":"gen-chd7","156":"gen-pik3cd","157":"gen-malt1","158":"gen-rnaseh2c","159":"gen-myd88","160":"gen-stat5b","161":"gen-lig4","162":"gen-rag2","163":"gen-pole","164":"gen-cd19","165":"gen-il17ra","166":"gen-gata2","167":"gen-prf1","168":"gen-slc35c1","169":"gen-nop10","170":"gen-orai1","171":"gen-lck","172":"gen-tbk1","173":"gen-sh2d1a","174":"gen-tbx1","175":"gen-tcn2","176":"gen-ikzf1","177":"gen-tnfrsf4","178":"gen-isg15","179":"gen-nhej1","180":"gen-card9","181":"gen-ada","182":"gen-blm","183":"gen-elane","184":"gen-plcg2","185":"gen-irak4","186":"gen-csf2ra","187":"gen-card11","188":"gen-lrba","189":"gen-pnp","190":"gen-cd247","191":"gen-cd3e","192":"gen-psmb8","193":"gen-tap2","194":"gen-msh5","195":"gen-ighm","196":"gen-trex1","197":"gen-tnfsf12","198":"gen-tnfrsf13b","199":"gen-tnfrsf6b","200":"gen-il10rb","201":"gen-prkdc","202":"gen-rtel1","203":"gen-rmrp","204":"gen-terc","205":"gen-trac-2","206":"product_cat-genesgkit-biomedicina-kits-de-diagnostico","207":"product_cat-inmunodeficiencias-genesgkit-biomedicina-kits-de-diagnostico","208":"product_cat-kits-de-diagnostico","209":"product_tag-kits-de-inmunodeficienciasc00667","211":"first","212":"instock","213":"taxable","214":"shipping-taxable","215":"product-type-simple"},"acf":[],"yoast_head":"<!-- This site is optimized with the Yoast SEO plugin v27.4 - https:\/\/yoast.com\/product\/yoast-seo-wordpress\/ -->\n<title>Inmunodeficiencias-GeneSGKit-CE. 200 Genes. 12 Reacciones - Sistemas Gen\u00f3micos<\/title>\n<meta name=\"robots\" content=\"index, follow, max-snippet:-1, max-image-preview:large, max-video-preview:-1\" \/>\n<link rel=\"canonical\" href=\"https:\/\/sistemasgenomicos.com\/es\/producto\/inmunodeficiencias-genesgkit-ce-200-genes-12-reacciones\/\" \/>\n<meta property=\"og:locale\" content=\"es_ES\" \/>\n<meta property=\"og:type\" content=\"article\" \/>\n<meta property=\"og:title\" content=\"Inmunodeficiencias-GeneSGKit-CE. 200 Genes. 12 Reacciones - Sistemas Gen\u00f3micos\" \/>\n<meta property=\"og:url\" content=\"https:\/\/sistemasgenomicos.com\/es\/producto\/inmunodeficiencias-genesgkit-ce-200-genes-12-reacciones\/\" \/>\n<meta property=\"og:site_name\" content=\"Sistemas Gen\u00f3micos\" \/>\n<meta property=\"article:modified_time\" content=\"2020-09-30T04:09:45+00:00\" \/>\n<meta property=\"og:image\" content=\"https:\/\/sistemasgenomicos.com\/wp-content\/uploads\/2018\/04\/logo-sistemas-genomicos-default-1.jpg\" \/>\n\t<meta property=\"og:image:width\" content=\"1200\" \/>\n\t<meta property=\"og:image:height\" content=\"750\" \/>\n\t<meta property=\"og:image:type\" content=\"image\/jpeg\" \/>\n<meta name=\"twitter:card\" content=\"summary_large_image\" \/>\n<script type=\"application\/ld+json\" class=\"yoast-schema-graph\">{\"@context\":\"https:\\\/\\\/schema.org\",\"@graph\":[{\"@type\":\"WebPage\",\"@id\":\"https:\\\/\\\/sistemasgenomicos.com\\\/es\\\/producto\\\/inmunodeficiencias-genesgkit-ce-200-genes-12-reacciones\\\/\",\"url\":\"https:\\\/\\\/sistemasgenomicos.com\\\/es\\\/producto\\\/inmunodeficiencias-genesgkit-ce-200-genes-12-reacciones\\\/\",\"name\":\"Inmunodeficiencias-GeneSGKit-CE. 200 Genes. 12 Reacciones - Sistemas Gen\u00f3micos\",\"isPartOf\":{\"@id\":\"https:\\\/\\\/sistemasgenomicos.com\\\/es\\\/#website\"},\"primaryImageOfPage\":{\"@id\":\"https:\\\/\\\/sistemasgenomicos.com\\\/es\\\/producto\\\/inmunodeficiencias-genesgkit-ce-200-genes-12-reacciones\\\/#primaryimage\"},\"image\":{\"@id\":\"https:\\\/\\\/sistemasgenomicos.com\\\/es\\\/producto\\\/inmunodeficiencias-genesgkit-ce-200-genes-12-reacciones\\\/#primaryimage\"},\"thumbnailUrl\":\"https:\\\/\\\/sistemasgenomicos.com\\\/wp-content\\\/uploads\\\/2018\\\/04\\\/logo-sistemas-genomicos-default-1.jpg\",\"datePublished\":\"2017-12-22T09:50:05+00:00\",\"dateModified\":\"2020-09-30T04:09:45+00:00\",\"breadcrumb\":{\"@id\":\"https:\\\/\\\/sistemasgenomicos.com\\\/es\\\/producto\\\/inmunodeficiencias-genesgkit-ce-200-genes-12-reacciones\\\/#breadcrumb\"},\"inLanguage\":\"es\",\"potentialAction\":[{\"@type\":\"ReadAction\",\"target\":[\"https:\\\/\\\/sistemasgenomicos.com\\\/es\\\/producto\\\/inmunodeficiencias-genesgkit-ce-200-genes-12-reacciones\\\/\"]}]},{\"@type\":\"ImageObject\",\"inLanguage\":\"es\",\"@id\":\"https:\\\/\\\/sistemasgenomicos.com\\\/es\\\/producto\\\/inmunodeficiencias-genesgkit-ce-200-genes-12-reacciones\\\/#primaryimage\",\"url\":\"https:\\\/\\\/sistemasgenomicos.com\\\/wp-content\\\/uploads\\\/2018\\\/04\\\/logo-sistemas-genomicos-default-1.jpg\",\"contentUrl\":\"https:\\\/\\\/sistemasgenomicos.com\\\/wp-content\\\/uploads\\\/2018\\\/04\\\/logo-sistemas-genomicos-default-1.jpg\",\"width\":1200,\"height\":750},{\"@type\":\"BreadcrumbList\",\"@id\":\"https:\\\/\\\/sistemasgenomicos.com\\\/es\\\/producto\\\/inmunodeficiencias-genesgkit-ce-200-genes-12-reacciones\\\/#breadcrumb\",\"itemListElement\":[{\"@type\":\"ListItem\",\"position\":1,\"name\":\"Portada\",\"item\":\"https:\\\/\\\/sistemasgenomicos.com\\\/es\\\/\"},{\"@type\":\"ListItem\",\"position\":2,\"name\":\"Tienda\",\"item\":\"https:\\\/\\\/sistemasgenomicos.com\\\/es\\\/tienda\\\/\"},{\"@type\":\"ListItem\",\"position\":3,\"name\":\"Inmunodeficiencias-GeneSGKit-CE. 200 Genes. 12 Reacciones\"}]},{\"@type\":\"WebSite\",\"@id\":\"https:\\\/\\\/sistemasgenomicos.com\\\/es\\\/#website\",\"url\":\"https:\\\/\\\/sistemasgenomicos.com\\\/es\\\/\",\"name\":\"Sistemas Gen\u00f3micos\",\"description\":\"La mayor empresa dedicada a la investigaci\u00f3n gen\u00e9tica y molecular\",\"publisher\":{\"@id\":\"https:\\\/\\\/sistemasgenomicos.com\\\/es\\\/#organization\"},\"potentialAction\":[{\"@type\":\"SearchAction\",\"target\":{\"@type\":\"EntryPoint\",\"urlTemplate\":\"https:\\\/\\\/sistemasgenomicos.com\\\/es\\\/?s={search_term_string}\"},\"query-input\":{\"@type\":\"PropertyValueSpecification\",\"valueRequired\":true,\"valueName\":\"search_term_string\"}}],\"inLanguage\":\"es\"},{\"@type\":\"Organization\",\"@id\":\"https:\\\/\\\/sistemasgenomicos.com\\\/es\\\/#organization\",\"name\":\"Sistemas Gen\u00f3micos\",\"url\":\"https:\\\/\\\/sistemasgenomicos.com\\\/es\\\/\",\"logo\":{\"@type\":\"ImageObject\",\"inLanguage\":\"es\",\"@id\":\"https:\\\/\\\/sistemasgenomicos.com\\\/es\\\/#\\\/schema\\\/logo\\\/image\\\/\",\"url\":\"https:\\\/\\\/sistemasgenomicos.com\\\/wp-content\\\/uploads\\\/2022\\\/04\\\/image001-1.png\",\"contentUrl\":\"https:\\\/\\\/sistemasgenomicos.com\\\/wp-content\\\/uploads\\\/2022\\\/04\\\/image001-1.png\",\"width\":250,\"height\":122,\"caption\":\"Sistemas Gen\u00f3micos\"},\"image\":{\"@id\":\"https:\\\/\\\/sistemasgenomicos.com\\\/es\\\/#\\\/schema\\\/logo\\\/image\\\/\"}}]}<\/script>\n<!-- \/ Yoast SEO plugin. -->","yoast_head_json":{"title":"Inmunodeficiencias-GeneSGKit-CE. 200 Genes. 12 Reacciones - Sistemas Gen\u00f3micos","robots":{"index":"index","follow":"follow","max-snippet":"max-snippet:-1","max-image-preview":"max-image-preview:large","max-video-preview":"max-video-preview:-1"},"canonical":"https:\/\/sistemasgenomicos.com\/es\/producto\/inmunodeficiencias-genesgkit-ce-200-genes-12-reacciones\/","og_locale":"es_ES","og_type":"article","og_title":"Inmunodeficiencias-GeneSGKit-CE. 200 Genes. 12 Reacciones - Sistemas Gen\u00f3micos","og_url":"https:\/\/sistemasgenomicos.com\/es\/producto\/inmunodeficiencias-genesgkit-ce-200-genes-12-reacciones\/","og_site_name":"Sistemas Gen\u00f3micos","article_modified_time":"2020-09-30T04:09:45+00:00","og_image":[{"width":1200,"height":750,"url":"https:\/\/sistemasgenomicos.com\/wp-content\/uploads\/2018\/04\/logo-sistemas-genomicos-default-1.jpg","type":"image\/jpeg"}],"twitter_card":"summary_large_image","schema":{"@context":"https:\/\/schema.org","@graph":[{"@type":"WebPage","@id":"https:\/\/sistemasgenomicos.com\/es\/producto\/inmunodeficiencias-genesgkit-ce-200-genes-12-reacciones\/","url":"https:\/\/sistemasgenomicos.com\/es\/producto\/inmunodeficiencias-genesgkit-ce-200-genes-12-reacciones\/","name":"Inmunodeficiencias-GeneSGKit-CE. 200 Genes. 12 Reacciones - Sistemas Gen\u00f3micos","isPartOf":{"@id":"https:\/\/sistemasgenomicos.com\/es\/#website"},"primaryImageOfPage":{"@id":"https:\/\/sistemasgenomicos.com\/es\/producto\/inmunodeficiencias-genesgkit-ce-200-genes-12-reacciones\/#primaryimage"},"image":{"@id":"https:\/\/sistemasgenomicos.com\/es\/producto\/inmunodeficiencias-genesgkit-ce-200-genes-12-reacciones\/#primaryimage"},"thumbnailUrl":"https:\/\/sistemasgenomicos.com\/wp-content\/uploads\/2018\/04\/logo-sistemas-genomicos-default-1.jpg","datePublished":"2017-12-22T09:50:05+00:00","dateModified":"2020-09-30T04:09:45+00:00","breadcrumb":{"@id":"https:\/\/sistemasgenomicos.com\/es\/producto\/inmunodeficiencias-genesgkit-ce-200-genes-12-reacciones\/#breadcrumb"},"inLanguage":"es","potentialAction":[{"@type":"ReadAction","target":["https:\/\/sistemasgenomicos.com\/es\/producto\/inmunodeficiencias-genesgkit-ce-200-genes-12-reacciones\/"]}]},{"@type":"ImageObject","inLanguage":"es","@id":"https:\/\/sistemasgenomicos.com\/es\/producto\/inmunodeficiencias-genesgkit-ce-200-genes-12-reacciones\/#primaryimage","url":"https:\/\/sistemasgenomicos.com\/wp-content\/uploads\/2018\/04\/logo-sistemas-genomicos-default-1.jpg","contentUrl":"https:\/\/sistemasgenomicos.com\/wp-content\/uploads\/2018\/04\/logo-sistemas-genomicos-default-1.jpg","width":1200,"height":750},{"@type":"BreadcrumbList","@id":"https:\/\/sistemasgenomicos.com\/es\/producto\/inmunodeficiencias-genesgkit-ce-200-genes-12-reacciones\/#breadcrumb","itemListElement":[{"@type":"ListItem","position":1,"name":"Portada","item":"https:\/\/sistemasgenomicos.com\/es\/"},{"@type":"ListItem","position":2,"name":"Tienda","item":"https:\/\/sistemasgenomicos.com\/es\/tienda\/"},{"@type":"ListItem","position":3,"name":"Inmunodeficiencias-GeneSGKit-CE. 200 Genes. 12 Reacciones"}]},{"@type":"WebSite","@id":"https:\/\/sistemasgenomicos.com\/es\/#website","url":"https:\/\/sistemasgenomicos.com\/es\/","name":"Sistemas Gen\u00f3micos","description":"La mayor empresa dedicada a la investigaci\u00f3n gen\u00e9tica y molecular","publisher":{"@id":"https:\/\/sistemasgenomicos.com\/es\/#organization"},"potentialAction":[{"@type":"SearchAction","target":{"@type":"EntryPoint","urlTemplate":"https:\/\/sistemasgenomicos.com\/es\/?s={search_term_string}"},"query-input":{"@type":"PropertyValueSpecification","valueRequired":true,"valueName":"search_term_string"}}],"inLanguage":"es"},{"@type":"Organization","@id":"https:\/\/sistemasgenomicos.com\/es\/#organization","name":"Sistemas Gen\u00f3micos","url":"https:\/\/sistemasgenomicos.com\/es\/","logo":{"@type":"ImageObject","inLanguage":"es","@id":"https:\/\/sistemasgenomicos.com\/es\/#\/schema\/logo\/image\/","url":"https:\/\/sistemasgenomicos.com\/wp-content\/uploads\/2022\/04\/image001-1.png","contentUrl":"https:\/\/sistemasgenomicos.com\/wp-content\/uploads\/2022\/04\/image001-1.png","width":250,"height":122,"caption":"Sistemas Gen\u00f3micos"},"image":{"@id":"https:\/\/sistemasgenomicos.com\/es\/#\/schema\/logo\/image\/"}}]}},"_links":{"self":[{"href":"https:\/\/sistemasgenomicos.com\/es\/wp-json\/wp\/v2\/product\/5214","targetHints":{"allow":["GET"]}}],"collection":[{"href":"https:\/\/sistemasgenomicos.com\/es\/wp-json\/wp\/v2\/product"}],"about":[{"href":"https:\/\/sistemasgenomicos.com\/es\/wp-json\/wp\/v2\/types\/product"}],"wp:featuredmedia":[{"embeddable":true,"href":"https:\/\/sistemasgenomicos.com\/es\/wp-json\/wp\/v2\/media\/42665"}],"wp:attachment":[{"href":"https:\/\/sistemasgenomicos.com\/es\/wp-json\/wp\/v2\/media?parent=5214"}],"wp:term":[{"taxonomy":"product_brand","embeddable":true,"href":"https:\/\/sistemasgenomicos.com\/es\/wp-json\/wp\/v2\/product_brand?post=5214"},{"taxonomy":"product_cat","embeddable":true,"href":"https:\/\/sistemasgenomicos.com\/es\/wp-json\/wp\/v2\/product_cat?post=5214"},{"taxonomy":"product_tag","embeddable":true,"href":"https:\/\/sistemasgenomicos.com\/es\/wp-json\/wp\/v2\/product_tag?post=5214"}],"curies":[{"name":"wp","href":"https:\/\/api.w.org\/{rel}","templated":true}]}}