{"id":5213,"date":"2017-12-22T09:50:03","date_gmt":"2017-12-22T09:50:03","guid":{"rendered":"https:\/\/sistemasgenomicos.digitis.net\/tienda-online\/lisosomalperoxisomal-genesgkit-145-genes-12-reacciones\/"},"modified":"2020-09-30T06:09:45","modified_gmt":"2020-09-30T04:09:45","slug":"lisosomalperoxisomal-genesgkit-145-genes-12-reacciones","status":"publish","type":"product","link":"https:\/\/sistemasgenomicos.com\/es\/producto\/lisosomalperoxisomal-genesgkit-145-genes-12-reacciones\/","title":{"rendered":"LisosomalPeroxisomal-GeneSGKit. 145 Genes. 12 Reacciones"},"content":{"rendered":"","protected":false},"excerpt":{"rendered":"","protected":false},"featured_media":42665,"template":"","meta":[],"product_brand":[],"product_cat":[8703,47,9492],"product_tag":[23839],"class_list":{"0":"post-5213","1":"product","2":"type-product","3":"status-publish","4":"has-post-thumbnail","6":"gen-dpm1","7":"gen-lamp2","8":"gen-agk","9":"gen-ids","10":"gen-abhd5","11":"gen-agps","12":"gen-pnpla6","13":"gen-alg1","14":"gen-pex3","15":"gen-aga","16":"gen-ctns","17":"gen-ofd1","18":"gen-hexb","19":"gen-galc","20":"gen-ctsa","21":"gen-acsl4","22":"gen-rab27a","23":"gen-gba2","24":"gen-aldh3a2","25":"gen-b4galt1","26":"gen-alg9","27":"gen-dnm1l","28":"gen-alg6","29":"gen-sptlc1","30":"gen-gnptg","31":"gen-mcoln1","32":"gen-chkb","33":"gen-arsa","34":"gen-sptlc2","35":"gen-abhd12","36":"gen-dnajc5","37":"gen-abcd1","38":"gen-taz","39":"gen-gla","40":"gen-cln5","41":"gen-fa2h","42":"gen-mlycd","43":"gen-tusc3","44":"gen-asah1","45":"gen-man2b1","46":"gen-phyh","47":"gen-lipa","48":"gen-trim37","49":"gen-rai1","50":"gen-pex12","51":"gen-naglu","52":"gen-manba","53":"gen-ctsc","54":"gen-mvk","55":"gen-gnptab","56":"gen-pex7","57":"gen-arsb","58":"gen-hyal1","59":"gen-mogs","60":"gen-st3gal5","61":"gen-mlph","62":"gen-scp2","63":"gen-gnpat","64":"gen-ctsd","65":"gen-elovl4","66":"gen-alg2","67":"gen-slc17a5","68":"gen-pex16","69":"gen-cat","70":"gen-pex6","71":"gen-pank2","72":"gen-idua","73":"gen-pex1","74":"gen-srd5a3","75":"gen-cln6","76":"gen-mpdu1","77":"gen-gamt","78":"gen-slc6a8","79":"gen-ppt1","80":"gen-pex11b","81":"gen-hsd17b4","82":"gen-lpin1","83":"gen-gns","84":"gen-scarb2","85":"gen-pex5","86":"gen-col2a1","87":"gen-pmm2","88":"gen-galns","89":"gen-npc1","90":"gen-dym","91":"gen-sod1","92":"gen-pex14","93":"gen-ctsk","94":"gen-lyst","95":"gen-sumf1","96":"gen-kdm6a","97":"gen-gpc3","98":"gen-pex10","99":"gen-xdh","100":"gen-alg8","101":"gen-atp13a2","102":"gen-gne","103":"gen-acox1","104":"gen-pex19","105":"gen-pex13","106":"gen-rft1","107":"gen-mfsd8","108":"gen-slc35a1","109":"gen-pex2","110":"gen-hgsnat","111":"gen-smpd1","112":"gen-tpp1","113":"gen-cog1","114":"gen-kmt2d","115":"gen-mgat2","116":"gen-cog7","117":"gen-gusb","118":"gen-glb1","119":"gen-gaa","120":"gen-gatm","121":"gen-rab33b","122":"gen-dpagt1","123":"gen-agxt","124":"gen-dhcr7","125":"gen-gba","126":"gen-mpi","127":"gen-dpm3","128":"gen-fuca1","129":"gen-sgsh","130":"gen-slc35c1","131":"gen-cln8","132":"gen-alg12","133":"gen-pla2g6","134":"gen-neu1","135":"gen-atp6v0a2","136":"gen-lamp1","137":"gen-cln3","138":"gen-tcf4","139":"gen-gm2a","140":"gen-myo5a","141":"gen-psap","142":"gen-adamtsl2","143":"gen-naga","144":"gen-col11a2","145":"gen-cog8","146":"gen-hexa","147":"gen-alg3","148":"gen-pex26","149":"gen-amacr","150":"gen-gba3","151":"product_cat-genesgkit-biomedicina-kits-de-diagnostico","152":"product_cat-kits-de-diagnostico","153":"product_cat-lisosomales-genesgkit-biomedicina-kits-de-diagnostico","154":"product_tag-kits-de-lisosomalesc00666","156":"first","157":"instock","158":"taxable","159":"shipping-taxable","160":"product-type-simple"},"acf":[],"yoast_head":"<!-- This site is optimized with the Yoast SEO plugin v27.4 - https:\/\/yoast.com\/product\/yoast-seo-wordpress\/ -->\n<title>LisosomalPeroxisomal-GeneSGKit. 145 Genes. 12 Reacciones - Sistemas Gen\u00f3micos<\/title>\n<meta name=\"robots\" content=\"index, follow, max-snippet:-1, max-image-preview:large, max-video-preview:-1\" \/>\n<link rel=\"canonical\" href=\"https:\/\/sistemasgenomicos.com\/es\/producto\/lisosomalperoxisomal-genesgkit-145-genes-12-reacciones\/\" \/>\n<meta property=\"og:locale\" content=\"es_ES\" \/>\n<meta property=\"og:type\" content=\"article\" \/>\n<meta property=\"og:title\" content=\"LisosomalPeroxisomal-GeneSGKit. 145 Genes. 12 Reacciones - Sistemas Gen\u00f3micos\" \/>\n<meta property=\"og:url\" content=\"https:\/\/sistemasgenomicos.com\/es\/producto\/lisosomalperoxisomal-genesgkit-145-genes-12-reacciones\/\" \/>\n<meta property=\"og:site_name\" content=\"Sistemas Gen\u00f3micos\" \/>\n<meta property=\"article:modified_time\" content=\"2020-09-30T04:09:45+00:00\" \/>\n<meta property=\"og:image\" content=\"https:\/\/sistemasgenomicos.com\/wp-content\/uploads\/2018\/04\/logo-sistemas-genomicos-default-1.jpg\" \/>\n\t<meta property=\"og:image:width\" content=\"1200\" \/>\n\t<meta property=\"og:image:height\" content=\"750\" \/>\n\t<meta property=\"og:image:type\" content=\"image\/jpeg\" \/>\n<meta name=\"twitter:card\" content=\"summary_large_image\" \/>\n<script type=\"application\/ld+json\" class=\"yoast-schema-graph\">{\"@context\":\"https:\\\/\\\/schema.org\",\"@graph\":[{\"@type\":\"WebPage\",\"@id\":\"https:\\\/\\\/sistemasgenomicos.com\\\/es\\\/producto\\\/lisosomalperoxisomal-genesgkit-145-genes-12-reacciones\\\/\",\"url\":\"https:\\\/\\\/sistemasgenomicos.com\\\/es\\\/producto\\\/lisosomalperoxisomal-genesgkit-145-genes-12-reacciones\\\/\",\"name\":\"LisosomalPeroxisomal-GeneSGKit. 145 Genes. 12 Reacciones - Sistemas Gen\u00f3micos\",\"isPartOf\":{\"@id\":\"https:\\\/\\\/sistemasgenomicos.com\\\/es\\\/#website\"},\"primaryImageOfPage\":{\"@id\":\"https:\\\/\\\/sistemasgenomicos.com\\\/es\\\/producto\\\/lisosomalperoxisomal-genesgkit-145-genes-12-reacciones\\\/#primaryimage\"},\"image\":{\"@id\":\"https:\\\/\\\/sistemasgenomicos.com\\\/es\\\/producto\\\/lisosomalperoxisomal-genesgkit-145-genes-12-reacciones\\\/#primaryimage\"},\"thumbnailUrl\":\"https:\\\/\\\/sistemasgenomicos.com\\\/wp-content\\\/uploads\\\/2018\\\/04\\\/logo-sistemas-genomicos-default-1.jpg\",\"datePublished\":\"2017-12-22T09:50:03+00:00\",\"dateModified\":\"2020-09-30T04:09:45+00:00\",\"breadcrumb\":{\"@id\":\"https:\\\/\\\/sistemasgenomicos.com\\\/es\\\/producto\\\/lisosomalperoxisomal-genesgkit-145-genes-12-reacciones\\\/#breadcrumb\"},\"inLanguage\":\"es\",\"potentialAction\":[{\"@type\":\"ReadAction\",\"target\":[\"https:\\\/\\\/sistemasgenomicos.com\\\/es\\\/producto\\\/lisosomalperoxisomal-genesgkit-145-genes-12-reacciones\\\/\"]}]},{\"@type\":\"ImageObject\",\"inLanguage\":\"es\",\"@id\":\"https:\\\/\\\/sistemasgenomicos.com\\\/es\\\/producto\\\/lisosomalperoxisomal-genesgkit-145-genes-12-reacciones\\\/#primaryimage\",\"url\":\"https:\\\/\\\/sistemasgenomicos.com\\\/wp-content\\\/uploads\\\/2018\\\/04\\\/logo-sistemas-genomicos-default-1.jpg\",\"contentUrl\":\"https:\\\/\\\/sistemasgenomicos.com\\\/wp-content\\\/uploads\\\/2018\\\/04\\\/logo-sistemas-genomicos-default-1.jpg\",\"width\":1200,\"height\":750},{\"@type\":\"BreadcrumbList\",\"@id\":\"https:\\\/\\\/sistemasgenomicos.com\\\/es\\\/producto\\\/lisosomalperoxisomal-genesgkit-145-genes-12-reacciones\\\/#breadcrumb\",\"itemListElement\":[{\"@type\":\"ListItem\",\"position\":1,\"name\":\"Portada\",\"item\":\"https:\\\/\\\/sistemasgenomicos.com\\\/es\\\/\"},{\"@type\":\"ListItem\",\"position\":2,\"name\":\"Tienda\",\"item\":\"https:\\\/\\\/sistemasgenomicos.com\\\/es\\\/tienda\\\/\"},{\"@type\":\"ListItem\",\"position\":3,\"name\":\"LisosomalPeroxisomal-GeneSGKit. 145 Genes. 12 Reacciones\"}]},{\"@type\":\"WebSite\",\"@id\":\"https:\\\/\\\/sistemasgenomicos.com\\\/es\\\/#website\",\"url\":\"https:\\\/\\\/sistemasgenomicos.com\\\/es\\\/\",\"name\":\"Sistemas Gen\u00f3micos\",\"description\":\"La mayor empresa dedicada a la investigaci\u00f3n gen\u00e9tica y molecular\",\"publisher\":{\"@id\":\"https:\\\/\\\/sistemasgenomicos.com\\\/es\\\/#organization\"},\"potentialAction\":[{\"@type\":\"SearchAction\",\"target\":{\"@type\":\"EntryPoint\",\"urlTemplate\":\"https:\\\/\\\/sistemasgenomicos.com\\\/es\\\/?s={search_term_string}\"},\"query-input\":{\"@type\":\"PropertyValueSpecification\",\"valueRequired\":true,\"valueName\":\"search_term_string\"}}],\"inLanguage\":\"es\"},{\"@type\":\"Organization\",\"@id\":\"https:\\\/\\\/sistemasgenomicos.com\\\/es\\\/#organization\",\"name\":\"Sistemas Gen\u00f3micos\",\"url\":\"https:\\\/\\\/sistemasgenomicos.com\\\/es\\\/\",\"logo\":{\"@type\":\"ImageObject\",\"inLanguage\":\"es\",\"@id\":\"https:\\\/\\\/sistemasgenomicos.com\\\/es\\\/#\\\/schema\\\/logo\\\/image\\\/\",\"url\":\"https:\\\/\\\/sistemasgenomicos.com\\\/wp-content\\\/uploads\\\/2022\\\/04\\\/image001-1.png\",\"contentUrl\":\"https:\\\/\\\/sistemasgenomicos.com\\\/wp-content\\\/uploads\\\/2022\\\/04\\\/image001-1.png\",\"width\":250,\"height\":122,\"caption\":\"Sistemas Gen\u00f3micos\"},\"image\":{\"@id\":\"https:\\\/\\\/sistemasgenomicos.com\\\/es\\\/#\\\/schema\\\/logo\\\/image\\\/\"}}]}<\/script>\n<!-- \/ Yoast SEO plugin. -->","yoast_head_json":{"title":"LisosomalPeroxisomal-GeneSGKit. 145 Genes. 12 Reacciones - Sistemas Gen\u00f3micos","robots":{"index":"index","follow":"follow","max-snippet":"max-snippet:-1","max-image-preview":"max-image-preview:large","max-video-preview":"max-video-preview:-1"},"canonical":"https:\/\/sistemasgenomicos.com\/es\/producto\/lisosomalperoxisomal-genesgkit-145-genes-12-reacciones\/","og_locale":"es_ES","og_type":"article","og_title":"LisosomalPeroxisomal-GeneSGKit. 145 Genes. 12 Reacciones - Sistemas Gen\u00f3micos","og_url":"https:\/\/sistemasgenomicos.com\/es\/producto\/lisosomalperoxisomal-genesgkit-145-genes-12-reacciones\/","og_site_name":"Sistemas Gen\u00f3micos","article_modified_time":"2020-09-30T04:09:45+00:00","og_image":[{"width":1200,"height":750,"url":"https:\/\/sistemasgenomicos.com\/wp-content\/uploads\/2018\/04\/logo-sistemas-genomicos-default-1.jpg","type":"image\/jpeg"}],"twitter_card":"summary_large_image","schema":{"@context":"https:\/\/schema.org","@graph":[{"@type":"WebPage","@id":"https:\/\/sistemasgenomicos.com\/es\/producto\/lisosomalperoxisomal-genesgkit-145-genes-12-reacciones\/","url":"https:\/\/sistemasgenomicos.com\/es\/producto\/lisosomalperoxisomal-genesgkit-145-genes-12-reacciones\/","name":"LisosomalPeroxisomal-GeneSGKit. 145 Genes. 12 Reacciones - Sistemas Gen\u00f3micos","isPartOf":{"@id":"https:\/\/sistemasgenomicos.com\/es\/#website"},"primaryImageOfPage":{"@id":"https:\/\/sistemasgenomicos.com\/es\/producto\/lisosomalperoxisomal-genesgkit-145-genes-12-reacciones\/#primaryimage"},"image":{"@id":"https:\/\/sistemasgenomicos.com\/es\/producto\/lisosomalperoxisomal-genesgkit-145-genes-12-reacciones\/#primaryimage"},"thumbnailUrl":"https:\/\/sistemasgenomicos.com\/wp-content\/uploads\/2018\/04\/logo-sistemas-genomicos-default-1.jpg","datePublished":"2017-12-22T09:50:03+00:00","dateModified":"2020-09-30T04:09:45+00:00","breadcrumb":{"@id":"https:\/\/sistemasgenomicos.com\/es\/producto\/lisosomalperoxisomal-genesgkit-145-genes-12-reacciones\/#breadcrumb"},"inLanguage":"es","potentialAction":[{"@type":"ReadAction","target":["https:\/\/sistemasgenomicos.com\/es\/producto\/lisosomalperoxisomal-genesgkit-145-genes-12-reacciones\/"]}]},{"@type":"ImageObject","inLanguage":"es","@id":"https:\/\/sistemasgenomicos.com\/es\/producto\/lisosomalperoxisomal-genesgkit-145-genes-12-reacciones\/#primaryimage","url":"https:\/\/sistemasgenomicos.com\/wp-content\/uploads\/2018\/04\/logo-sistemas-genomicos-default-1.jpg","contentUrl":"https:\/\/sistemasgenomicos.com\/wp-content\/uploads\/2018\/04\/logo-sistemas-genomicos-default-1.jpg","width":1200,"height":750},{"@type":"BreadcrumbList","@id":"https:\/\/sistemasgenomicos.com\/es\/producto\/lisosomalperoxisomal-genesgkit-145-genes-12-reacciones\/#breadcrumb","itemListElement":[{"@type":"ListItem","position":1,"name":"Portada","item":"https:\/\/sistemasgenomicos.com\/es\/"},{"@type":"ListItem","position":2,"name":"Tienda","item":"https:\/\/sistemasgenomicos.com\/es\/tienda\/"},{"@type":"ListItem","position":3,"name":"LisosomalPeroxisomal-GeneSGKit. 145 Genes. 12 Reacciones"}]},{"@type":"WebSite","@id":"https:\/\/sistemasgenomicos.com\/es\/#website","url":"https:\/\/sistemasgenomicos.com\/es\/","name":"Sistemas Gen\u00f3micos","description":"La mayor empresa dedicada a la investigaci\u00f3n gen\u00e9tica y molecular","publisher":{"@id":"https:\/\/sistemasgenomicos.com\/es\/#organization"},"potentialAction":[{"@type":"SearchAction","target":{"@type":"EntryPoint","urlTemplate":"https:\/\/sistemasgenomicos.com\/es\/?s={search_term_string}"},"query-input":{"@type":"PropertyValueSpecification","valueRequired":true,"valueName":"search_term_string"}}],"inLanguage":"es"},{"@type":"Organization","@id":"https:\/\/sistemasgenomicos.com\/es\/#organization","name":"Sistemas Gen\u00f3micos","url":"https:\/\/sistemasgenomicos.com\/es\/","logo":{"@type":"ImageObject","inLanguage":"es","@id":"https:\/\/sistemasgenomicos.com\/es\/#\/schema\/logo\/image\/","url":"https:\/\/sistemasgenomicos.com\/wp-content\/uploads\/2022\/04\/image001-1.png","contentUrl":"https:\/\/sistemasgenomicos.com\/wp-content\/uploads\/2022\/04\/image001-1.png","width":250,"height":122,"caption":"Sistemas Gen\u00f3micos"},"image":{"@id":"https:\/\/sistemasgenomicos.com\/es\/#\/schema\/logo\/image\/"}}]}},"_links":{"self":[{"href":"https:\/\/sistemasgenomicos.com\/es\/wp-json\/wp\/v2\/product\/5213","targetHints":{"allow":["GET"]}}],"collection":[{"href":"https:\/\/sistemasgenomicos.com\/es\/wp-json\/wp\/v2\/product"}],"about":[{"href":"https:\/\/sistemasgenomicos.com\/es\/wp-json\/wp\/v2\/types\/product"}],"wp:featuredmedia":[{"embeddable":true,"href":"https:\/\/sistemasgenomicos.com\/es\/wp-json\/wp\/v2\/media\/42665"}],"wp:attachment":[{"href":"https:\/\/sistemasgenomicos.com\/es\/wp-json\/wp\/v2\/media?parent=5213"}],"wp:term":[{"taxonomy":"product_brand","embeddable":true,"href":"https:\/\/sistemasgenomicos.com\/es\/wp-json\/wp\/v2\/product_brand?post=5213"},{"taxonomy":"product_cat","embeddable":true,"href":"https:\/\/sistemasgenomicos.com\/es\/wp-json\/wp\/v2\/product_cat?post=5213"},{"taxonomy":"product_tag","embeddable":true,"href":"https:\/\/sistemasgenomicos.com\/es\/wp-json\/wp\/v2\/product_tag?post=5213"}],"curies":[{"name":"wp","href":"https:\/\/api.w.org\/{rel}","templated":true}]}}