{"id":5199,"date":"2017-12-22T09:49:51","date_gmt":"2017-12-22T09:49:51","guid":{"rendered":"https:\/\/sistemasgenomicos.digitis.net\/tienda-online\/epilepsias-genesgkit-200-genes-12-reacciones\/"},"modified":"2020-09-30T06:09:39","modified_gmt":"2020-09-30T04:09:39","slug":"epilepsias-genesgkit-200-genes-12-reacciones","status":"publish","type":"product","link":"https:\/\/sistemasgenomicos.com\/es\/producto\/epilepsias-genesgkit-200-genes-12-reacciones\/","title":{"rendered":"Epilepsias-GeneSGKit. 200 Genes. 12 Reacciones"},"content":{"rendered":"","protected":false},"excerpt":{"rendered":"","protected":false},"featured_media":42665,"template":"","meta":[],"product_brand":[],"product_cat":[9486,8703,47],"product_tag":[23833],"class_list":{"0":"post-5199","1":"product","2":"type-product","3":"status-publish","4":"has-post-thumbnail","6":"gen-arx","7":"gen-scn4a","8":"gen-cacna2d2","9":"gen-pigq","10":"gen-syn1","11":"gen-cdkl5","12":"gen-adam22","13":"gen-gabra1","14":"gen-grn","15":"gen-pnkp","16":"gen-med17","17":"gen-nedd4l","18":"gen-kcnh2","19":"gen-tnk2","20":"gen-slc12a2","21":"gen-rogdi","22":"gen-kif2a","23":"gen-rab27a","24":"gen-clcn4","25":"gen-slc12a1","26":"gen-kcnq2","27":"gen-rbfox1","28":"gen-mef2c","29":"gen-bckdhb","30":"gen-gnao1","31":"gen-necap1","32":"gen-gabrp","33":"gen-hcn2","34":"gen-depdc5","35":"gen-cyp2d6","36":"gen-dnajc5","37":"gen-chrna4","38":"gen-eef1a2","39":"gen-alg13","40":"gen-slc35a2","41":"gen-pgk1","42":"gen-gabre","43":"gen-srpx2","44":"gen-cln5","45":"gen-asah1","46":"gen-scn1b","47":"gen-brat1","48":"gen-dnm1","49":"gen-kcnt1","50":"gen-lgi1","51":"gen-gosr2","52":"gen-pnpo","53":"gen-mapk10","54":"gen-glrb","55":"gen-folr1","56":"gen-gabrr2","57":"gen-aldh5a1","58":"gen-epm2a","59":"gen-gabrg2","60":"gen-slc12a7","61":"gen-ube3a","62":"gen-clcn2","63":"gen-st3gal5","64":"gen-rab3gap1","65":"gen-dock7","66":"gen-slc2a1","67":"gen-ctsd","68":"gen-arg1","69":"gen-rab3gap2","70":"gen-chrna2","71":"gen-pigt","72":"gen-arfgef2","73":"gen-stambp","74":"gen-mocs1","75":"gen-st3gal3","76":"gen-cln6","77":"gen-kcnc1","78":"gen-gamt","79":"gen-ermard","80":"gen-slc6a8","81":"gen-arhgef9","82":"gen-ppt1","83":"gen-tubg1","84":"gen-psat1","85":"gen-glul","86":"gen-scn2a","87":"gen-gad2","88":"gen-stxbp1","89":"gen-gabbr2","90":"gen-tubb2a","91":"gen-cyp2c9","92":"gen-hcn4","93":"gen-scarb2","94":"gen-prickle1","95":"gen-suox","96":"gen-kcnh5","97":"gen-polg","98":"gen-pmm2","99":"gen-gcsh","100":"gen-slc13a5","101":"gen-cacna1a","102":"gen-hcn3","103":"gen-ephx1","104":"gen-scn1a","105":"gen-slc4a10","106":"gen-amt","107":"gen-gabra6","108":"gen-gabrb2","109":"gen-glra1","110":"gen-fars2","111":"gen-gabrr1","112":"gen-cask","113":"gen-kcnj1","114":"gen-hnrnpu","115":"gen-kcnma1","116":"gen-kcnb1","117":"gen-atp13a2","118":"gen-cstb","119":"gen-chrnb2","120":"gen-tbc1d24","121":"gen-kcnt2","122":"gen-gabrg1","123":"gen-gabrb1","124":"gen-srgap2","125":"gen-serpini1","126":"gen-prickle2","127":"gen-snip1","128":"gen-rft1","129":"gen-mfsd8","130":"gen-mocs2","131":"gen-hcn1","132":"gen-aldh7a1","133":"gen-pcdh19","134":"gen-piga","135":"gen-atp7a","136":"gen-cyp2c19","137":"gen-slc6a5","138":"gen-gabrb3","139":"gen-tpp1","140":"gen-rbfox3","141":"gen-prrt2","142":"gen-kif5c","143":"gen-mecp2","144":"gen-csnk1g1","145":"gen-kcnab1","146":"gen-scn9a","147":"gen-btd","148":"gen-glb1","149":"gen-gphn","150":"gen-gatm","151":"gen-chd2","152":"gen-ctsf","153":"gen-cntnap2","154":"gen-chrna7","155":"gen-foxg1","156":"gen-grin1","157":"gen-kcna2","158":"gen-slc25a22","159":"gen-kcnj10","160":"gen-gldc","161":"gen-epm2aip1","162":"gen-fuca1","163":"gen-nrxn1","164":"gen-d2hgdh","165":"gen-gabrg3","166":"gen-cln8","167":"gen-cacnb4","168":"gen-plcb1","169":"gen-abat","170":"gen-gabrr3","171":"gen-tubb","172":"gen-grin2a","173":"gen-scn5a","174":"gen-cntn2","175":"gen-kcnq3","176":"gen-neu1","177":"gen-pura","178":"gen-kpna7","179":"gen-wwox","180":"gen-gabra5","181":"gen-magi2","182":"gen-nhlrc1","183":"gen-gabrd","184":"gen-cln3","185":"gen-tcf4","186":"gen-scn8a","187":"gen-flna","188":"gen-dync1h1","189":"gen-syngap1","190":"gen-myo5a","191":"gen-pign","192":"gen-sptan1","193":"gen-szt2","194":"gen-tubb3","195":"gen-mtor","196":"gen-arhgef15","197":"gen-mbd5","198":"gen-gabbr1","199":"gen-vdac1","200":"gen-trex1","201":"gen-cers1","202":"gen-adsl","203":"gen-kctd7","204":"gen-gabrq-2","205":"gen-grin2b","206":"product_cat-epilepsias-genesgkit-biomedicina-kits-de-diagnostico","207":"product_cat-genesgkit-biomedicina-kits-de-diagnostico","208":"product_cat-kits-de-diagnostico","209":"product_tag-kits-de-epilepsiasc00663","211":"first","212":"instock","213":"taxable","214":"shipping-taxable","215":"product-type-simple"},"acf":[],"yoast_head":"<!-- This site is optimized with the Yoast SEO plugin v27.4 - https:\/\/yoast.com\/product\/yoast-seo-wordpress\/ -->\n<title>Epilepsias-GeneSGKit. 200 Genes. 12 Reacciones - Sistemas Gen\u00f3micos<\/title>\n<meta name=\"robots\" content=\"index, follow, max-snippet:-1, max-image-preview:large, max-video-preview:-1\" \/>\n<link rel=\"canonical\" href=\"https:\/\/sistemasgenomicos.com\/es\/producto\/epilepsias-genesgkit-200-genes-12-reacciones\/\" \/>\n<meta property=\"og:locale\" content=\"es_ES\" \/>\n<meta property=\"og:type\" content=\"article\" \/>\n<meta property=\"og:title\" content=\"Epilepsias-GeneSGKit. 200 Genes. 12 Reacciones - Sistemas Gen\u00f3micos\" \/>\n<meta property=\"og:url\" content=\"https:\/\/sistemasgenomicos.com\/es\/producto\/epilepsias-genesgkit-200-genes-12-reacciones\/\" \/>\n<meta property=\"og:site_name\" content=\"Sistemas Gen\u00f3micos\" \/>\n<meta property=\"article:modified_time\" content=\"2020-09-30T04:09:39+00:00\" \/>\n<meta property=\"og:image\" content=\"https:\/\/sistemasgenomicos.com\/wp-content\/uploads\/2018\/04\/logo-sistemas-genomicos-default-1.jpg\" \/>\n\t<meta property=\"og:image:width\" content=\"1200\" \/>\n\t<meta property=\"og:image:height\" content=\"750\" \/>\n\t<meta property=\"og:image:type\" content=\"image\/jpeg\" \/>\n<meta name=\"twitter:card\" content=\"summary_large_image\" \/>\n<script type=\"application\/ld+json\" class=\"yoast-schema-graph\">{\"@context\":\"https:\\\/\\\/schema.org\",\"@graph\":[{\"@type\":\"WebPage\",\"@id\":\"https:\\\/\\\/sistemasgenomicos.com\\\/es\\\/producto\\\/epilepsias-genesgkit-200-genes-12-reacciones\\\/\",\"url\":\"https:\\\/\\\/sistemasgenomicos.com\\\/es\\\/producto\\\/epilepsias-genesgkit-200-genes-12-reacciones\\\/\",\"name\":\"Epilepsias-GeneSGKit. 200 Genes. 12 Reacciones - Sistemas Gen\u00f3micos\",\"isPartOf\":{\"@id\":\"https:\\\/\\\/sistemasgenomicos.com\\\/es\\\/#website\"},\"primaryImageOfPage\":{\"@id\":\"https:\\\/\\\/sistemasgenomicos.com\\\/es\\\/producto\\\/epilepsias-genesgkit-200-genes-12-reacciones\\\/#primaryimage\"},\"image\":{\"@id\":\"https:\\\/\\\/sistemasgenomicos.com\\\/es\\\/producto\\\/epilepsias-genesgkit-200-genes-12-reacciones\\\/#primaryimage\"},\"thumbnailUrl\":\"https:\\\/\\\/sistemasgenomicos.com\\\/wp-content\\\/uploads\\\/2018\\\/04\\\/logo-sistemas-genomicos-default-1.jpg\",\"datePublished\":\"2017-12-22T09:49:51+00:00\",\"dateModified\":\"2020-09-30T04:09:39+00:00\",\"breadcrumb\":{\"@id\":\"https:\\\/\\\/sistemasgenomicos.com\\\/es\\\/producto\\\/epilepsias-genesgkit-200-genes-12-reacciones\\\/#breadcrumb\"},\"inLanguage\":\"es\",\"potentialAction\":[{\"@type\":\"ReadAction\",\"target\":[\"https:\\\/\\\/sistemasgenomicos.com\\\/es\\\/producto\\\/epilepsias-genesgkit-200-genes-12-reacciones\\\/\"]}]},{\"@type\":\"ImageObject\",\"inLanguage\":\"es\",\"@id\":\"https:\\\/\\\/sistemasgenomicos.com\\\/es\\\/producto\\\/epilepsias-genesgkit-200-genes-12-reacciones\\\/#primaryimage\",\"url\":\"https:\\\/\\\/sistemasgenomicos.com\\\/wp-content\\\/uploads\\\/2018\\\/04\\\/logo-sistemas-genomicos-default-1.jpg\",\"contentUrl\":\"https:\\\/\\\/sistemasgenomicos.com\\\/wp-content\\\/uploads\\\/2018\\\/04\\\/logo-sistemas-genomicos-default-1.jpg\",\"width\":1200,\"height\":750},{\"@type\":\"BreadcrumbList\",\"@id\":\"https:\\\/\\\/sistemasgenomicos.com\\\/es\\\/producto\\\/epilepsias-genesgkit-200-genes-12-reacciones\\\/#breadcrumb\",\"itemListElement\":[{\"@type\":\"ListItem\",\"position\":1,\"name\":\"Portada\",\"item\":\"https:\\\/\\\/sistemasgenomicos.com\\\/es\\\/\"},{\"@type\":\"ListItem\",\"position\":2,\"name\":\"Tienda\",\"item\":\"https:\\\/\\\/sistemasgenomicos.com\\\/es\\\/tienda\\\/\"},{\"@type\":\"ListItem\",\"position\":3,\"name\":\"Epilepsias-GeneSGKit. 200 Genes. 12 Reacciones\"}]},{\"@type\":\"WebSite\",\"@id\":\"https:\\\/\\\/sistemasgenomicos.com\\\/es\\\/#website\",\"url\":\"https:\\\/\\\/sistemasgenomicos.com\\\/es\\\/\",\"name\":\"Sistemas Gen\u00f3micos\",\"description\":\"La mayor empresa dedicada a la investigaci\u00f3n gen\u00e9tica y molecular\",\"publisher\":{\"@id\":\"https:\\\/\\\/sistemasgenomicos.com\\\/es\\\/#organization\"},\"potentialAction\":[{\"@type\":\"SearchAction\",\"target\":{\"@type\":\"EntryPoint\",\"urlTemplate\":\"https:\\\/\\\/sistemasgenomicos.com\\\/es\\\/?s={search_term_string}\"},\"query-input\":{\"@type\":\"PropertyValueSpecification\",\"valueRequired\":true,\"valueName\":\"search_term_string\"}}],\"inLanguage\":\"es\"},{\"@type\":\"Organization\",\"@id\":\"https:\\\/\\\/sistemasgenomicos.com\\\/es\\\/#organization\",\"name\":\"Sistemas Gen\u00f3micos\",\"url\":\"https:\\\/\\\/sistemasgenomicos.com\\\/es\\\/\",\"logo\":{\"@type\":\"ImageObject\",\"inLanguage\":\"es\",\"@id\":\"https:\\\/\\\/sistemasgenomicos.com\\\/es\\\/#\\\/schema\\\/logo\\\/image\\\/\",\"url\":\"https:\\\/\\\/sistemasgenomicos.com\\\/wp-content\\\/uploads\\\/2022\\\/04\\\/image001-1.png\",\"contentUrl\":\"https:\\\/\\\/sistemasgenomicos.com\\\/wp-content\\\/uploads\\\/2022\\\/04\\\/image001-1.png\",\"width\":250,\"height\":122,\"caption\":\"Sistemas Gen\u00f3micos\"},\"image\":{\"@id\":\"https:\\\/\\\/sistemasgenomicos.com\\\/es\\\/#\\\/schema\\\/logo\\\/image\\\/\"}}]}<\/script>\n<!-- \/ Yoast SEO plugin. -->","yoast_head_json":{"title":"Epilepsias-GeneSGKit. 200 Genes. 12 Reacciones - Sistemas Gen\u00f3micos","robots":{"index":"index","follow":"follow","max-snippet":"max-snippet:-1","max-image-preview":"max-image-preview:large","max-video-preview":"max-video-preview:-1"},"canonical":"https:\/\/sistemasgenomicos.com\/es\/producto\/epilepsias-genesgkit-200-genes-12-reacciones\/","og_locale":"es_ES","og_type":"article","og_title":"Epilepsias-GeneSGKit. 200 Genes. 12 Reacciones - Sistemas Gen\u00f3micos","og_url":"https:\/\/sistemasgenomicos.com\/es\/producto\/epilepsias-genesgkit-200-genes-12-reacciones\/","og_site_name":"Sistemas Gen\u00f3micos","article_modified_time":"2020-09-30T04:09:39+00:00","og_image":[{"width":1200,"height":750,"url":"https:\/\/sistemasgenomicos.com\/wp-content\/uploads\/2018\/04\/logo-sistemas-genomicos-default-1.jpg","type":"image\/jpeg"}],"twitter_card":"summary_large_image","schema":{"@context":"https:\/\/schema.org","@graph":[{"@type":"WebPage","@id":"https:\/\/sistemasgenomicos.com\/es\/producto\/epilepsias-genesgkit-200-genes-12-reacciones\/","url":"https:\/\/sistemasgenomicos.com\/es\/producto\/epilepsias-genesgkit-200-genes-12-reacciones\/","name":"Epilepsias-GeneSGKit. 200 Genes. 12 Reacciones - Sistemas Gen\u00f3micos","isPartOf":{"@id":"https:\/\/sistemasgenomicos.com\/es\/#website"},"primaryImageOfPage":{"@id":"https:\/\/sistemasgenomicos.com\/es\/producto\/epilepsias-genesgkit-200-genes-12-reacciones\/#primaryimage"},"image":{"@id":"https:\/\/sistemasgenomicos.com\/es\/producto\/epilepsias-genesgkit-200-genes-12-reacciones\/#primaryimage"},"thumbnailUrl":"https:\/\/sistemasgenomicos.com\/wp-content\/uploads\/2018\/04\/logo-sistemas-genomicos-default-1.jpg","datePublished":"2017-12-22T09:49:51+00:00","dateModified":"2020-09-30T04:09:39+00:00","breadcrumb":{"@id":"https:\/\/sistemasgenomicos.com\/es\/producto\/epilepsias-genesgkit-200-genes-12-reacciones\/#breadcrumb"},"inLanguage":"es","potentialAction":[{"@type":"ReadAction","target":["https:\/\/sistemasgenomicos.com\/es\/producto\/epilepsias-genesgkit-200-genes-12-reacciones\/"]}]},{"@type":"ImageObject","inLanguage":"es","@id":"https:\/\/sistemasgenomicos.com\/es\/producto\/epilepsias-genesgkit-200-genes-12-reacciones\/#primaryimage","url":"https:\/\/sistemasgenomicos.com\/wp-content\/uploads\/2018\/04\/logo-sistemas-genomicos-default-1.jpg","contentUrl":"https:\/\/sistemasgenomicos.com\/wp-content\/uploads\/2018\/04\/logo-sistemas-genomicos-default-1.jpg","width":1200,"height":750},{"@type":"BreadcrumbList","@id":"https:\/\/sistemasgenomicos.com\/es\/producto\/epilepsias-genesgkit-200-genes-12-reacciones\/#breadcrumb","itemListElement":[{"@type":"ListItem","position":1,"name":"Portada","item":"https:\/\/sistemasgenomicos.com\/es\/"},{"@type":"ListItem","position":2,"name":"Tienda","item":"https:\/\/sistemasgenomicos.com\/es\/tienda\/"},{"@type":"ListItem","position":3,"name":"Epilepsias-GeneSGKit. 200 Genes. 12 Reacciones"}]},{"@type":"WebSite","@id":"https:\/\/sistemasgenomicos.com\/es\/#website","url":"https:\/\/sistemasgenomicos.com\/es\/","name":"Sistemas Gen\u00f3micos","description":"La mayor empresa dedicada a la investigaci\u00f3n gen\u00e9tica y molecular","publisher":{"@id":"https:\/\/sistemasgenomicos.com\/es\/#organization"},"potentialAction":[{"@type":"SearchAction","target":{"@type":"EntryPoint","urlTemplate":"https:\/\/sistemasgenomicos.com\/es\/?s={search_term_string}"},"query-input":{"@type":"PropertyValueSpecification","valueRequired":true,"valueName":"search_term_string"}}],"inLanguage":"es"},{"@type":"Organization","@id":"https:\/\/sistemasgenomicos.com\/es\/#organization","name":"Sistemas Gen\u00f3micos","url":"https:\/\/sistemasgenomicos.com\/es\/","logo":{"@type":"ImageObject","inLanguage":"es","@id":"https:\/\/sistemasgenomicos.com\/es\/#\/schema\/logo\/image\/","url":"https:\/\/sistemasgenomicos.com\/wp-content\/uploads\/2022\/04\/image001-1.png","contentUrl":"https:\/\/sistemasgenomicos.com\/wp-content\/uploads\/2022\/04\/image001-1.png","width":250,"height":122,"caption":"Sistemas Gen\u00f3micos"},"image":{"@id":"https:\/\/sistemasgenomicos.com\/es\/#\/schema\/logo\/image\/"}}]}},"_links":{"self":[{"href":"https:\/\/sistemasgenomicos.com\/es\/wp-json\/wp\/v2\/product\/5199","targetHints":{"allow":["GET"]}}],"collection":[{"href":"https:\/\/sistemasgenomicos.com\/es\/wp-json\/wp\/v2\/product"}],"about":[{"href":"https:\/\/sistemasgenomicos.com\/es\/wp-json\/wp\/v2\/types\/product"}],"wp:featuredmedia":[{"embeddable":true,"href":"https:\/\/sistemasgenomicos.com\/es\/wp-json\/wp\/v2\/media\/42665"}],"wp:attachment":[{"href":"https:\/\/sistemasgenomicos.com\/es\/wp-json\/wp\/v2\/media?parent=5199"}],"wp:term":[{"taxonomy":"product_brand","embeddable":true,"href":"https:\/\/sistemasgenomicos.com\/es\/wp-json\/wp\/v2\/product_brand?post=5199"},{"taxonomy":"product_cat","embeddable":true,"href":"https:\/\/sistemasgenomicos.com\/es\/wp-json\/wp\/v2\/product_cat?post=5199"},{"taxonomy":"product_tag","embeddable":true,"href":"https:\/\/sistemasgenomicos.com\/es\/wp-json\/wp\/v2\/product_tag?post=5199"}],"curies":[{"name":"wp","href":"https:\/\/api.w.org\/{rel}","templated":true}]}}