{"id":5190,"date":"2017-12-22T09:49:46","date_gmt":"2017-12-22T09:49:46","guid":{"rendered":"https:\/\/sistemasgenomicos.digitis.net\/tienda-online\/identificacion-de-marcadores-cromosomicos-satelitados\/"},"modified":"2020-09-30T06:09:36","modified_gmt":"2020-09-30T04:09:36","slug":"identificacion-de-marcadores-cromosomicos-satelitados","status":"publish","type":"product","link":"https:\/\/sistemasgenomicos.com\/es\/producto\/identificacion-de-marcadores-cromosomicos-satelitados\/","title":{"rendered":"Identificaci\u00f3n de marcadores cromos\u00f3micos satelitados"},"content":{"rendered":"","protected":false},"excerpt":{"rendered":"","protected":false},"featured_media":42665,"template":"","meta":[],"product_brand":[],"product_cat":[86,9413,8687,8679,8685,9411,9365,9433,8698],"product_tag":[22015,22293],"class_list":{"0":"post-5190","1":"product","2":"type-product","3":"status-publish","4":"has-post-thumbnail","6":"gen-brca1","7":"gen-ercc1","8":"gen-was","9":"gen-mre11a","10":"gen-cdh1","11":"gen-kif1b","12":"gen-pms1","13":"gen-sdha","14":"gen-mlh1","15":"gen-palb2","16":"gen-msh2","17":"gen-tsc2","18":"gen-nbn","19":"gen-ercc2","20":"gen-met","21":"gen-nudt1","22":"gen-bmpr1a","23":"gen-rad51c","24":"gen-fance","25":"gen-rad50","26":"gen-ogg1","27":"gen-fancl","28":"gen-msh6","29":"gen-sdhb","30":"gen-stk11","31":"gen-epcam","32":"gen-pms2","33":"gen-max","34":"gen-dkc1","35":"gen-mutyh","36":"gen-men1","37":"gen-vhl","38":"gen-ddb2","39":"gen-ercc5","40":"gen-apc","41":"gen-tmem127","42":"gen-brip1","43":"gen-xpa","44":"gen-bard1","45":"gen-brca2","46":"gen-fanci","47":"gen-tp53","48":"gen-smad4","49":"gen-sdhc","50":"gen-hax1","51":"gen-fancd2","52":"gen-gpc3","53":"gen-cdkn2a","54":"gen-atm","55":"gen-xpc","56":"gen-flcn","57":"gen-fancc","58":"gen-hoxb13","59":"gen-gfi1","60":"gen-ercc3","61":"gen-tert","62":"gen-nsd1","63":"gen-tsc1","64":"gen-ret","65":"gen-sdhaf2","66":"gen-axin2","67":"gen-bub1","68":"gen-polh","69":"gen-pten","70":"gen-ercc4","71":"gen-fancb","72":"gen-nop10","73":"gen-fancf","74":"gen-chek2","75":"gen-wt1","76":"gen-rad51d","77":"gen-fanca","78":"gen-fancm","79":"gen-slx4","80":"gen-xrcc2","81":"gen-blm","82":"gen-elane","83":"gen-sdhd","84":"gen-prss1","85":"gen-fancg","86":"product_cat-analisis-y-estudios-geneticos","87":"product_cat-citogenetica-constitucionaln-citogenetica-constitucional","88":"product_cat-citogenetica-constitucional","89":"product_cat-diagnostico-genetico-molecularn","90":"product_cat-diagnostico-genetico-prenatal","91":"product_cat-diagnostico-genetico-prenatal-invasivo","92":"product_cat-ginecologia-y-reproduccion-humana-diagnostico-genetico-molecularn","93":"product_cat-oncohematologia-oncohematologian","94":"product_cat-oncohematologian","95":"product_tag-fish-hibridacion-in-situ-fluorescente-en-muestra617","96":"product_tag-fish-hibridacion-in-situ-fluorescente743","98":"first","99":"instock","100":"taxable","101":"shipping-taxable","102":"product-type-simple"},"acf":[],"yoast_head":"<!-- This site is optimized with the Yoast SEO plugin v27.3 - https:\/\/yoast.com\/product\/yoast-seo-wordpress\/ -->\n<title>Identificaci\u00f3n de marcadores cromos\u00f3micos satelitados - Sistemas Gen\u00f3micos<\/title>\n<meta name=\"robots\" content=\"index, follow, max-snippet:-1, max-image-preview:large, max-video-preview:-1\" \/>\n<link rel=\"canonical\" href=\"https:\/\/sistemasgenomicos.com\/es\/producto\/identificacion-de-marcadores-cromosomicos-satelitados\/\" \/>\n<meta property=\"og:locale\" content=\"es_ES\" \/>\n<meta property=\"og:type\" content=\"article\" \/>\n<meta property=\"og:title\" content=\"Identificaci\u00f3n de marcadores cromos\u00f3micos satelitados - Sistemas Gen\u00f3micos\" \/>\n<meta property=\"og:url\" content=\"https:\/\/sistemasgenomicos.com\/es\/producto\/identificacion-de-marcadores-cromosomicos-satelitados\/\" \/>\n<meta property=\"og:site_name\" content=\"Sistemas Gen\u00f3micos\" \/>\n<meta property=\"article:modified_time\" content=\"2020-09-30T04:09:36+00:00\" \/>\n<meta property=\"og:image\" content=\"https:\/\/sistemasgenomicos.com\/wp-content\/uploads\/2018\/04\/logo-sistemas-genomicos-default-1.jpg\" \/>\n\t<meta property=\"og:image:width\" content=\"1200\" \/>\n\t<meta property=\"og:image:height\" content=\"750\" \/>\n\t<meta property=\"og:image:type\" content=\"image\/jpeg\" \/>\n<meta name=\"twitter:card\" content=\"summary_large_image\" \/>\n<script type=\"application\/ld+json\" class=\"yoast-schema-graph\">{\"@context\":\"https:\\\/\\\/schema.org\",\"@graph\":[{\"@type\":\"WebPage\",\"@id\":\"https:\\\/\\\/sistemasgenomicos.com\\\/es\\\/producto\\\/identificacion-de-marcadores-cromosomicos-satelitados\\\/\",\"url\":\"https:\\\/\\\/sistemasgenomicos.com\\\/es\\\/producto\\\/identificacion-de-marcadores-cromosomicos-satelitados\\\/\",\"name\":\"Identificaci\u00f3n de marcadores cromos\u00f3micos satelitados - Sistemas Gen\u00f3micos\",\"isPartOf\":{\"@id\":\"https:\\\/\\\/sistemasgenomicos.com\\\/es\\\/#website\"},\"primaryImageOfPage\":{\"@id\":\"https:\\\/\\\/sistemasgenomicos.com\\\/es\\\/producto\\\/identificacion-de-marcadores-cromosomicos-satelitados\\\/#primaryimage\"},\"image\":{\"@id\":\"https:\\\/\\\/sistemasgenomicos.com\\\/es\\\/producto\\\/identificacion-de-marcadores-cromosomicos-satelitados\\\/#primaryimage\"},\"thumbnailUrl\":\"https:\\\/\\\/sistemasgenomicos.com\\\/wp-content\\\/uploads\\\/2018\\\/04\\\/logo-sistemas-genomicos-default-1.jpg\",\"datePublished\":\"2017-12-22T09:49:46+00:00\",\"dateModified\":\"2020-09-30T04:09:36+00:00\",\"breadcrumb\":{\"@id\":\"https:\\\/\\\/sistemasgenomicos.com\\\/es\\\/producto\\\/identificacion-de-marcadores-cromosomicos-satelitados\\\/#breadcrumb\"},\"inLanguage\":\"es\",\"potentialAction\":[{\"@type\":\"ReadAction\",\"target\":[\"https:\\\/\\\/sistemasgenomicos.com\\\/es\\\/producto\\\/identificacion-de-marcadores-cromosomicos-satelitados\\\/\"]}]},{\"@type\":\"ImageObject\",\"inLanguage\":\"es\",\"@id\":\"https:\\\/\\\/sistemasgenomicos.com\\\/es\\\/producto\\\/identificacion-de-marcadores-cromosomicos-satelitados\\\/#primaryimage\",\"url\":\"https:\\\/\\\/sistemasgenomicos.com\\\/wp-content\\\/uploads\\\/2018\\\/04\\\/logo-sistemas-genomicos-default-1.jpg\",\"contentUrl\":\"https:\\\/\\\/sistemasgenomicos.com\\\/wp-content\\\/uploads\\\/2018\\\/04\\\/logo-sistemas-genomicos-default-1.jpg\",\"width\":1200,\"height\":750},{\"@type\":\"BreadcrumbList\",\"@id\":\"https:\\\/\\\/sistemasgenomicos.com\\\/es\\\/producto\\\/identificacion-de-marcadores-cromosomicos-satelitados\\\/#breadcrumb\",\"itemListElement\":[{\"@type\":\"ListItem\",\"position\":1,\"name\":\"Portada\",\"item\":\"https:\\\/\\\/sistemasgenomicos.com\\\/es\\\/\"},{\"@type\":\"ListItem\",\"position\":2,\"name\":\"Tienda\",\"item\":\"https:\\\/\\\/sistemasgenomicos.com\\\/es\\\/tienda\\\/\"},{\"@type\":\"ListItem\",\"position\":3,\"name\":\"Identificaci\u00f3n de marcadores cromos\u00f3micos satelitados\"}]},{\"@type\":\"WebSite\",\"@id\":\"https:\\\/\\\/sistemasgenomicos.com\\\/es\\\/#website\",\"url\":\"https:\\\/\\\/sistemasgenomicos.com\\\/es\\\/\",\"name\":\"Sistemas Gen\u00f3micos\",\"description\":\"La mayor empresa dedicada a la investigaci\u00f3n gen\u00e9tica y molecular\",\"publisher\":{\"@id\":\"https:\\\/\\\/sistemasgenomicos.com\\\/es\\\/#organization\"},\"potentialAction\":[{\"@type\":\"SearchAction\",\"target\":{\"@type\":\"EntryPoint\",\"urlTemplate\":\"https:\\\/\\\/sistemasgenomicos.com\\\/es\\\/?s={search_term_string}\"},\"query-input\":{\"@type\":\"PropertyValueSpecification\",\"valueRequired\":true,\"valueName\":\"search_term_string\"}}],\"inLanguage\":\"es\"},{\"@type\":\"Organization\",\"@id\":\"https:\\\/\\\/sistemasgenomicos.com\\\/es\\\/#organization\",\"name\":\"Sistemas Gen\u00f3micos\",\"url\":\"https:\\\/\\\/sistemasgenomicos.com\\\/es\\\/\",\"logo\":{\"@type\":\"ImageObject\",\"inLanguage\":\"es\",\"@id\":\"https:\\\/\\\/sistemasgenomicos.com\\\/es\\\/#\\\/schema\\\/logo\\\/image\\\/\",\"url\":\"https:\\\/\\\/sistemasgenomicos.com\\\/wp-content\\\/uploads\\\/2022\\\/04\\\/image001-1.png\",\"contentUrl\":\"https:\\\/\\\/sistemasgenomicos.com\\\/wp-content\\\/uploads\\\/2022\\\/04\\\/image001-1.png\",\"width\":250,\"height\":122,\"caption\":\"Sistemas Gen\u00f3micos\"},\"image\":{\"@id\":\"https:\\\/\\\/sistemasgenomicos.com\\\/es\\\/#\\\/schema\\\/logo\\\/image\\\/\"}}]}<\/script>\n<!-- \/ Yoast SEO plugin. -->","yoast_head_json":{"title":"Identificaci\u00f3n de marcadores cromos\u00f3micos satelitados - Sistemas Gen\u00f3micos","robots":{"index":"index","follow":"follow","max-snippet":"max-snippet:-1","max-image-preview":"max-image-preview:large","max-video-preview":"max-video-preview:-1"},"canonical":"https:\/\/sistemasgenomicos.com\/es\/producto\/identificacion-de-marcadores-cromosomicos-satelitados\/","og_locale":"es_ES","og_type":"article","og_title":"Identificaci\u00f3n de marcadores cromos\u00f3micos satelitados - Sistemas Gen\u00f3micos","og_url":"https:\/\/sistemasgenomicos.com\/es\/producto\/identificacion-de-marcadores-cromosomicos-satelitados\/","og_site_name":"Sistemas Gen\u00f3micos","article_modified_time":"2020-09-30T04:09:36+00:00","og_image":[{"width":1200,"height":750,"url":"https:\/\/sistemasgenomicos.com\/wp-content\/uploads\/2018\/04\/logo-sistemas-genomicos-default-1.jpg","type":"image\/jpeg"}],"twitter_card":"summary_large_image","schema":{"@context":"https:\/\/schema.org","@graph":[{"@type":"WebPage","@id":"https:\/\/sistemasgenomicos.com\/es\/producto\/identificacion-de-marcadores-cromosomicos-satelitados\/","url":"https:\/\/sistemasgenomicos.com\/es\/producto\/identificacion-de-marcadores-cromosomicos-satelitados\/","name":"Identificaci\u00f3n de marcadores cromos\u00f3micos satelitados - Sistemas Gen\u00f3micos","isPartOf":{"@id":"https:\/\/sistemasgenomicos.com\/es\/#website"},"primaryImageOfPage":{"@id":"https:\/\/sistemasgenomicos.com\/es\/producto\/identificacion-de-marcadores-cromosomicos-satelitados\/#primaryimage"},"image":{"@id":"https:\/\/sistemasgenomicos.com\/es\/producto\/identificacion-de-marcadores-cromosomicos-satelitados\/#primaryimage"},"thumbnailUrl":"https:\/\/sistemasgenomicos.com\/wp-content\/uploads\/2018\/04\/logo-sistemas-genomicos-default-1.jpg","datePublished":"2017-12-22T09:49:46+00:00","dateModified":"2020-09-30T04:09:36+00:00","breadcrumb":{"@id":"https:\/\/sistemasgenomicos.com\/es\/producto\/identificacion-de-marcadores-cromosomicos-satelitados\/#breadcrumb"},"inLanguage":"es","potentialAction":[{"@type":"ReadAction","target":["https:\/\/sistemasgenomicos.com\/es\/producto\/identificacion-de-marcadores-cromosomicos-satelitados\/"]}]},{"@type":"ImageObject","inLanguage":"es","@id":"https:\/\/sistemasgenomicos.com\/es\/producto\/identificacion-de-marcadores-cromosomicos-satelitados\/#primaryimage","url":"https:\/\/sistemasgenomicos.com\/wp-content\/uploads\/2018\/04\/logo-sistemas-genomicos-default-1.jpg","contentUrl":"https:\/\/sistemasgenomicos.com\/wp-content\/uploads\/2018\/04\/logo-sistemas-genomicos-default-1.jpg","width":1200,"height":750},{"@type":"BreadcrumbList","@id":"https:\/\/sistemasgenomicos.com\/es\/producto\/identificacion-de-marcadores-cromosomicos-satelitados\/#breadcrumb","itemListElement":[{"@type":"ListItem","position":1,"name":"Portada","item":"https:\/\/sistemasgenomicos.com\/es\/"},{"@type":"ListItem","position":2,"name":"Tienda","item":"https:\/\/sistemasgenomicos.com\/es\/tienda\/"},{"@type":"ListItem","position":3,"name":"Identificaci\u00f3n de marcadores cromos\u00f3micos satelitados"}]},{"@type":"WebSite","@id":"https:\/\/sistemasgenomicos.com\/es\/#website","url":"https:\/\/sistemasgenomicos.com\/es\/","name":"Sistemas Gen\u00f3micos","description":"La mayor empresa dedicada a la investigaci\u00f3n gen\u00e9tica y molecular","publisher":{"@id":"https:\/\/sistemasgenomicos.com\/es\/#organization"},"potentialAction":[{"@type":"SearchAction","target":{"@type":"EntryPoint","urlTemplate":"https:\/\/sistemasgenomicos.com\/es\/?s={search_term_string}"},"query-input":{"@type":"PropertyValueSpecification","valueRequired":true,"valueName":"search_term_string"}}],"inLanguage":"es"},{"@type":"Organization","@id":"https:\/\/sistemasgenomicos.com\/es\/#organization","name":"Sistemas Gen\u00f3micos","url":"https:\/\/sistemasgenomicos.com\/es\/","logo":{"@type":"ImageObject","inLanguage":"es","@id":"https:\/\/sistemasgenomicos.com\/es\/#\/schema\/logo\/image\/","url":"https:\/\/sistemasgenomicos.com\/wp-content\/uploads\/2022\/04\/image001-1.png","contentUrl":"https:\/\/sistemasgenomicos.com\/wp-content\/uploads\/2022\/04\/image001-1.png","width":250,"height":122,"caption":"Sistemas Gen\u00f3micos"},"image":{"@id":"https:\/\/sistemasgenomicos.com\/es\/#\/schema\/logo\/image\/"}}]}},"_links":{"self":[{"href":"https:\/\/sistemasgenomicos.com\/es\/wp-json\/wp\/v2\/product\/5190","targetHints":{"allow":["GET"]}}],"collection":[{"href":"https:\/\/sistemasgenomicos.com\/es\/wp-json\/wp\/v2\/product"}],"about":[{"href":"https:\/\/sistemasgenomicos.com\/es\/wp-json\/wp\/v2\/types\/product"}],"wp:featuredmedia":[{"embeddable":true,"href":"https:\/\/sistemasgenomicos.com\/es\/wp-json\/wp\/v2\/media\/42665"}],"wp:attachment":[{"href":"https:\/\/sistemasgenomicos.com\/es\/wp-json\/wp\/v2\/media?parent=5190"}],"wp:term":[{"taxonomy":"product_brand","embeddable":true,"href":"https:\/\/sistemasgenomicos.com\/es\/wp-json\/wp\/v2\/product_brand?post=5190"},{"taxonomy":"product_cat","embeddable":true,"href":"https:\/\/sistemasgenomicos.com\/es\/wp-json\/wp\/v2\/product_cat?post=5190"},{"taxonomy":"product_tag","embeddable":true,"href":"https:\/\/sistemasgenomicos.com\/es\/wp-json\/wp\/v2\/product_tag?post=5190"}],"curies":[{"name":"wp","href":"https:\/\/api.w.org\/{rel}","templated":true}]}}