{"id":5155,"date":"2017-12-22T09:49:28","date_gmt":"2017-12-22T09:49:28","guid":{"rendered":"https:\/\/sistemasgenomicos.digitis.net\/tienda-online\/secuenciacion-masiva-panel-de-27-genes-acad9-coa6-ecsit-foxred1-ndufa1-ndufa11-ndufa2-ndufa8-ndufa9-ndufaf1-ndufaf2-ndufaf3-ndufaf4-ndufaf5-ndufaf6-ndufb3-ndufb7-ndufb9-ndufs1-nduf\/"},"modified":"2020-09-30T06:09:23","modified_gmt":"2020-09-30T04:09:23","slug":"secuenciacion-masiva-panel-de-27-genes-acad9-coa6-ecsit-foxred1-ndufa1-ndufa11-ndufa2-ndufa8-ndufa9-ndufaf1-ndufaf2-ndufaf3-ndufaf4-ndufaf5-ndufaf6-ndufb3-ndufb7-ndufb9-ndufs1-nduf","status":"publish","type":"product","link":"https:\/\/sistemasgenomicos.com\/es\/producto\/secuenciacion-masiva-panel-de-27-genes-acad9-coa6-ecsit-foxred1-ndufa1-ndufa11-ndufa2-ndufa8-ndufa9-ndufaf1-ndufaf2-ndufaf3-ndufaf4-ndufaf5-ndufaf6-ndufb3-ndufb7-ndufb9-ndufs1-nduf\/","title":{"rendered":"Secuenciaci\u00f3n masiva panel de 27 genes: ACAD9, COA6, ECSIT, FOXRED1, NDUFA1, NDUFA11, NDUFA2, NDUFA8, NDUFA9, NDUFAF1, NDUFAF2, NDUFAF3, NDUFAF4, NDUFAF5, NDUFAF6, NDUFB3, NDUFB7, NDUFB9, NDUFS1, NDUFS2, NDUFS3, NDUFS4, NDUFS6, NDUFS8, NDUFV1, NDUFV2, NUBPL"},"content":{"rendered":"","protected":false},"excerpt":{"rendered":"","protected":false},"featured_media":42665,"template":"","meta":[],"product_brand":[],"product_cat":[86,8679,8681,9355,9371,9381,9479,9389],"product_tag":[23801],"class_list":{"0":"post-5155","1":"product","2":"type-product","3":"status-publish","4":"has-post-thumbnail","6":"gen-ndufs1","7":"gen-ndufb7","8":"gen-ndufaf5","9":"gen-foxred1","10":"gen-ndufs8","11":"gen-ndufb3","12":"gen-ndufa8","13":"gen-ndufaf4","14":"gen-ndufa1","15":"gen-ecsit","16":"gen-ndufa2","17":"gen-ndufaf1","18":"gen-ndufa9","19":"gen-ndufs6","20":"gen-ndufb9","21":"gen-nubpl","22":"gen-ndufaf6","23":"gen-ndufs2","24":"gen-ndufaf2","25":"gen-ndufs4","26":"gen-ndufv1","27":"gen-coa6","28":"gen-ndufa11","29":"gen-acad9","30":"gen-ndufaf3","31":"gen-ndufv2","32":"gen-ndufs3","33":"product_cat-analisis-y-estudios-geneticos","34":"product_cat-diagnostico-genetico-molecularn","35":"product_cat-diagnostico-genetico-por-secuenciacion-masiva","36":"product_cat-listado-de-enfermedades","37":"product_cat-medicina-interna-diagnostico-genetico-molecularn","38":"product_cat-neuropediatria-diagnostico-genetico-molecularn","39":"product_cat-paneles-de-mitocondriales-diagnostico-genetico-por-secuenciacion-masivan","40":"product_cat-pediatria-diagnostico-genetico-molecularn","41":"product_tag-deficiencia-del-complejo-mitocondrial-tipo-ic00647","43":"first","44":"instock","45":"taxable","46":"shipping-taxable","47":"product-type-simple"},"acf":[],"yoast_head":"<!-- This site is optimized with the Yoast SEO plugin v27.4 - https:\/\/yoast.com\/product\/yoast-seo-wordpress\/ -->\n<title>Secuenciaci\u00f3n masiva panel de 27 genes: ACAD9, COA6, ECSIT, FOXRED1, NDUFA1, NDUFA11, NDUFA2, NDUFA8, NDUFA9, NDUFAF1, NDUFAF2, NDUFAF3, NDUFAF4, NDUFAF5, NDUFAF6, NDUFB3, NDUFB7, NDUFB9, NDUFS1, NDUFS2, NDUFS3, NDUFS4, NDUFS6, NDUFS8, NDUFV1, NDUFV2, NUBPL - Sistemas Gen\u00f3micos<\/title>\n<meta name=\"robots\" content=\"index, follow, max-snippet:-1, max-image-preview:large, max-video-preview:-1\" \/>\n<link rel=\"canonical\" href=\"https:\/\/sistemasgenomicos.com\/es\/producto\/secuenciacion-masiva-panel-de-27-genes-acad9-coa6-ecsit-foxred1-ndufa1-ndufa11-ndufa2-ndufa8-ndufa9-ndufaf1-ndufaf2-ndufaf3-ndufaf4-ndufaf5-ndufaf6-ndufb3-ndufb7-ndufb9-ndufs1-nduf\/\" \/>\n<meta property=\"og:locale\" content=\"es_ES\" \/>\n<meta property=\"og:type\" content=\"article\" \/>\n<meta property=\"og:title\" content=\"Secuenciaci\u00f3n masiva panel de 27 genes: ACAD9, COA6, ECSIT, FOXRED1, NDUFA1, NDUFA11, NDUFA2, NDUFA8, NDUFA9, NDUFAF1, NDUFAF2, NDUFAF3, NDUFAF4, NDUFAF5, NDUFAF6, NDUFB3, NDUFB7, NDUFB9, NDUFS1, NDUFS2, NDUFS3, NDUFS4, NDUFS6, NDUFS8, NDUFV1, NDUFV2, NUBPL - Sistemas Gen\u00f3micos\" \/>\n<meta property=\"og:url\" content=\"https:\/\/sistemasgenomicos.com\/es\/producto\/secuenciacion-masiva-panel-de-27-genes-acad9-coa6-ecsit-foxred1-ndufa1-ndufa11-ndufa2-ndufa8-ndufa9-ndufaf1-ndufaf2-ndufaf3-ndufaf4-ndufaf5-ndufaf6-ndufb3-ndufb7-ndufb9-ndufs1-nduf\/\" \/>\n<meta property=\"og:site_name\" content=\"Sistemas Gen\u00f3micos\" \/>\n<meta property=\"article:modified_time\" content=\"2020-09-30T04:09:23+00:00\" \/>\n<meta property=\"og:image\" content=\"https:\/\/sistemasgenomicos.com\/wp-content\/uploads\/2018\/04\/logo-sistemas-genomicos-default-1.jpg\" \/>\n\t<meta property=\"og:image:width\" content=\"1200\" \/>\n\t<meta property=\"og:image:height\" content=\"750\" \/>\n\t<meta property=\"og:image:type\" content=\"image\/jpeg\" \/>\n<meta name=\"twitter:card\" content=\"summary_large_image\" \/>\n<script type=\"application\/ld+json\" class=\"yoast-schema-graph\">{\"@context\":\"https:\\\/\\\/schema.org\",\"@graph\":[{\"@type\":\"WebPage\",\"@id\":\"https:\\\/\\\/sistemasgenomicos.com\\\/es\\\/producto\\\/secuenciacion-masiva-panel-de-27-genes-acad9-coa6-ecsit-foxred1-ndufa1-ndufa11-ndufa2-ndufa8-ndufa9-ndufaf1-ndufaf2-ndufaf3-ndufaf4-ndufaf5-ndufaf6-ndufb3-ndufb7-ndufb9-ndufs1-nduf\\\/\",\"url\":\"https:\\\/\\\/sistemasgenomicos.com\\\/es\\\/producto\\\/secuenciacion-masiva-panel-de-27-genes-acad9-coa6-ecsit-foxred1-ndufa1-ndufa11-ndufa2-ndufa8-ndufa9-ndufaf1-ndufaf2-ndufaf3-ndufaf4-ndufaf5-ndufaf6-ndufb3-ndufb7-ndufb9-ndufs1-nduf\\\/\",\"name\":\"Secuenciaci\u00f3n masiva panel de 27 genes: ACAD9, COA6, ECSIT, FOXRED1, NDUFA1, NDUFA11, NDUFA2, NDUFA8, NDUFA9, NDUFAF1, NDUFAF2, NDUFAF3, NDUFAF4, NDUFAF5, NDUFAF6, NDUFB3, NDUFB7, NDUFB9, NDUFS1, NDUFS2, NDUFS3, NDUFS4, NDUFS6, NDUFS8, NDUFV1, NDUFV2, NUBPL - Sistemas Gen\u00f3micos\",\"isPartOf\":{\"@id\":\"https:\\\/\\\/sistemasgenomicos.com\\\/es\\\/#website\"},\"primaryImageOfPage\":{\"@id\":\"https:\\\/\\\/sistemasgenomicos.com\\\/es\\\/producto\\\/secuenciacion-masiva-panel-de-27-genes-acad9-coa6-ecsit-foxred1-ndufa1-ndufa11-ndufa2-ndufa8-ndufa9-ndufaf1-ndufaf2-ndufaf3-ndufaf4-ndufaf5-ndufaf6-ndufb3-ndufb7-ndufb9-ndufs1-nduf\\\/#primaryimage\"},\"image\":{\"@id\":\"https:\\\/\\\/sistemasgenomicos.com\\\/es\\\/producto\\\/secuenciacion-masiva-panel-de-27-genes-acad9-coa6-ecsit-foxred1-ndufa1-ndufa11-ndufa2-ndufa8-ndufa9-ndufaf1-ndufaf2-ndufaf3-ndufaf4-ndufaf5-ndufaf6-ndufb3-ndufb7-ndufb9-ndufs1-nduf\\\/#primaryimage\"},\"thumbnailUrl\":\"https:\\\/\\\/sistemasgenomicos.com\\\/wp-content\\\/uploads\\\/2018\\\/04\\\/logo-sistemas-genomicos-default-1.jpg\",\"datePublished\":\"2017-12-22T09:49:28+00:00\",\"dateModified\":\"2020-09-30T04:09:23+00:00\",\"breadcrumb\":{\"@id\":\"https:\\\/\\\/sistemasgenomicos.com\\\/es\\\/producto\\\/secuenciacion-masiva-panel-de-27-genes-acad9-coa6-ecsit-foxred1-ndufa1-ndufa11-ndufa2-ndufa8-ndufa9-ndufaf1-ndufaf2-ndufaf3-ndufaf4-ndufaf5-ndufaf6-ndufb3-ndufb7-ndufb9-ndufs1-nduf\\\/#breadcrumb\"},\"inLanguage\":\"es\",\"potentialAction\":[{\"@type\":\"ReadAction\",\"target\":[\"https:\\\/\\\/sistemasgenomicos.com\\\/es\\\/producto\\\/secuenciacion-masiva-panel-de-27-genes-acad9-coa6-ecsit-foxred1-ndufa1-ndufa11-ndufa2-ndufa8-ndufa9-ndufaf1-ndufaf2-ndufaf3-ndufaf4-ndufaf5-ndufaf6-ndufb3-ndufb7-ndufb9-ndufs1-nduf\\\/\"]}]},{\"@type\":\"ImageObject\",\"inLanguage\":\"es\",\"@id\":\"https:\\\/\\\/sistemasgenomicos.com\\\/es\\\/producto\\\/secuenciacion-masiva-panel-de-27-genes-acad9-coa6-ecsit-foxred1-ndufa1-ndufa11-ndufa2-ndufa8-ndufa9-ndufaf1-ndufaf2-ndufaf3-ndufaf4-ndufaf5-ndufaf6-ndufb3-ndufb7-ndufb9-ndufs1-nduf\\\/#primaryimage\",\"url\":\"https:\\\/\\\/sistemasgenomicos.com\\\/wp-content\\\/uploads\\\/2018\\\/04\\\/logo-sistemas-genomicos-default-1.jpg\",\"contentUrl\":\"https:\\\/\\\/sistemasgenomicos.com\\\/wp-content\\\/uploads\\\/2018\\\/04\\\/logo-sistemas-genomicos-default-1.jpg\",\"width\":1200,\"height\":750},{\"@type\":\"BreadcrumbList\",\"@id\":\"https:\\\/\\\/sistemasgenomicos.com\\\/es\\\/producto\\\/secuenciacion-masiva-panel-de-27-genes-acad9-coa6-ecsit-foxred1-ndufa1-ndufa11-ndufa2-ndufa8-ndufa9-ndufaf1-ndufaf2-ndufaf3-ndufaf4-ndufaf5-ndufaf6-ndufb3-ndufb7-ndufb9-ndufs1-nduf\\\/#breadcrumb\",\"itemListElement\":[{\"@type\":\"ListItem\",\"position\":1,\"name\":\"Portada\",\"item\":\"https:\\\/\\\/sistemasgenomicos.com\\\/es\\\/\"},{\"@type\":\"ListItem\",\"position\":2,\"name\":\"Tienda\",\"item\":\"https:\\\/\\\/sistemasgenomicos.com\\\/es\\\/tienda\\\/\"},{\"@type\":\"ListItem\",\"position\":3,\"name\":\"Secuenciaci\u00f3n masiva panel de 27 genes: ACAD9, COA6, ECSIT, FOXRED1, NDUFA1, NDUFA11, NDUFA2, NDUFA8, NDUFA9, NDUFAF1, NDUFAF2, NDUFAF3, NDUFAF4, NDUFAF5, NDUFAF6, NDUFB3, NDUFB7, NDUFB9, NDUFS1, NDUFS2, NDUFS3, NDUFS4, NDUFS6, NDUFS8, NDUFV1, NDUFV2, NUBPL\"}]},{\"@type\":\"WebSite\",\"@id\":\"https:\\\/\\\/sistemasgenomicos.com\\\/es\\\/#website\",\"url\":\"https:\\\/\\\/sistemasgenomicos.com\\\/es\\\/\",\"name\":\"Sistemas Gen\u00f3micos\",\"description\":\"La mayor empresa dedicada a la investigaci\u00f3n gen\u00e9tica y molecular\",\"publisher\":{\"@id\":\"https:\\\/\\\/sistemasgenomicos.com\\\/es\\\/#organization\"},\"potentialAction\":[{\"@type\":\"SearchAction\",\"target\":{\"@type\":\"EntryPoint\",\"urlTemplate\":\"https:\\\/\\\/sistemasgenomicos.com\\\/es\\\/?s={search_term_string}\"},\"query-input\":{\"@type\":\"PropertyValueSpecification\",\"valueRequired\":true,\"valueName\":\"search_term_string\"}}],\"inLanguage\":\"es\"},{\"@type\":\"Organization\",\"@id\":\"https:\\\/\\\/sistemasgenomicos.com\\\/es\\\/#organization\",\"name\":\"Sistemas Gen\u00f3micos\",\"url\":\"https:\\\/\\\/sistemasgenomicos.com\\\/es\\\/\",\"logo\":{\"@type\":\"ImageObject\",\"inLanguage\":\"es\",\"@id\":\"https:\\\/\\\/sistemasgenomicos.com\\\/es\\\/#\\\/schema\\\/logo\\\/image\\\/\",\"url\":\"https:\\\/\\\/sistemasgenomicos.com\\\/wp-content\\\/uploads\\\/2022\\\/04\\\/image001-1.png\",\"contentUrl\":\"https:\\\/\\\/sistemasgenomicos.com\\\/wp-content\\\/uploads\\\/2022\\\/04\\\/image001-1.png\",\"width\":250,\"height\":122,\"caption\":\"Sistemas Gen\u00f3micos\"},\"image\":{\"@id\":\"https:\\\/\\\/sistemasgenomicos.com\\\/es\\\/#\\\/schema\\\/logo\\\/image\\\/\"}}]}<\/script>\n<!-- \/ Yoast SEO plugin. -->","yoast_head_json":{"title":"Secuenciaci\u00f3n masiva panel de 27 genes: ACAD9, COA6, ECSIT, FOXRED1, NDUFA1, NDUFA11, NDUFA2, NDUFA8, NDUFA9, NDUFAF1, NDUFAF2, NDUFAF3, NDUFAF4, NDUFAF5, NDUFAF6, NDUFB3, NDUFB7, NDUFB9, NDUFS1, NDUFS2, NDUFS3, NDUFS4, NDUFS6, NDUFS8, NDUFV1, NDUFV2, NUBPL - Sistemas Gen\u00f3micos","robots":{"index":"index","follow":"follow","max-snippet":"max-snippet:-1","max-image-preview":"max-image-preview:large","max-video-preview":"max-video-preview:-1"},"canonical":"https:\/\/sistemasgenomicos.com\/es\/producto\/secuenciacion-masiva-panel-de-27-genes-acad9-coa6-ecsit-foxred1-ndufa1-ndufa11-ndufa2-ndufa8-ndufa9-ndufaf1-ndufaf2-ndufaf3-ndufaf4-ndufaf5-ndufaf6-ndufb3-ndufb7-ndufb9-ndufs1-nduf\/","og_locale":"es_ES","og_type":"article","og_title":"Secuenciaci\u00f3n masiva panel de 27 genes: ACAD9, COA6, ECSIT, FOXRED1, NDUFA1, NDUFA11, NDUFA2, NDUFA8, NDUFA9, NDUFAF1, NDUFAF2, NDUFAF3, NDUFAF4, NDUFAF5, NDUFAF6, NDUFB3, NDUFB7, NDUFB9, NDUFS1, NDUFS2, NDUFS3, NDUFS4, NDUFS6, NDUFS8, NDUFV1, NDUFV2, NUBPL - Sistemas Gen\u00f3micos","og_url":"https:\/\/sistemasgenomicos.com\/es\/producto\/secuenciacion-masiva-panel-de-27-genes-acad9-coa6-ecsit-foxred1-ndufa1-ndufa11-ndufa2-ndufa8-ndufa9-ndufaf1-ndufaf2-ndufaf3-ndufaf4-ndufaf5-ndufaf6-ndufb3-ndufb7-ndufb9-ndufs1-nduf\/","og_site_name":"Sistemas Gen\u00f3micos","article_modified_time":"2020-09-30T04:09:23+00:00","og_image":[{"width":1200,"height":750,"url":"https:\/\/sistemasgenomicos.com\/wp-content\/uploads\/2018\/04\/logo-sistemas-genomicos-default-1.jpg","type":"image\/jpeg"}],"twitter_card":"summary_large_image","schema":{"@context":"https:\/\/schema.org","@graph":[{"@type":"WebPage","@id":"https:\/\/sistemasgenomicos.com\/es\/producto\/secuenciacion-masiva-panel-de-27-genes-acad9-coa6-ecsit-foxred1-ndufa1-ndufa11-ndufa2-ndufa8-ndufa9-ndufaf1-ndufaf2-ndufaf3-ndufaf4-ndufaf5-ndufaf6-ndufb3-ndufb7-ndufb9-ndufs1-nduf\/","url":"https:\/\/sistemasgenomicos.com\/es\/producto\/secuenciacion-masiva-panel-de-27-genes-acad9-coa6-ecsit-foxred1-ndufa1-ndufa11-ndufa2-ndufa8-ndufa9-ndufaf1-ndufaf2-ndufaf3-ndufaf4-ndufaf5-ndufaf6-ndufb3-ndufb7-ndufb9-ndufs1-nduf\/","name":"Secuenciaci\u00f3n masiva panel de 27 genes: ACAD9, COA6, ECSIT, FOXRED1, NDUFA1, NDUFA11, NDUFA2, NDUFA8, NDUFA9, NDUFAF1, NDUFAF2, NDUFAF3, NDUFAF4, NDUFAF5, NDUFAF6, NDUFB3, NDUFB7, NDUFB9, NDUFS1, NDUFS2, NDUFS3, NDUFS4, NDUFS6, NDUFS8, NDUFV1, NDUFV2, NUBPL - Sistemas Gen\u00f3micos","isPartOf":{"@id":"https:\/\/sistemasgenomicos.com\/es\/#website"},"primaryImageOfPage":{"@id":"https:\/\/sistemasgenomicos.com\/es\/producto\/secuenciacion-masiva-panel-de-27-genes-acad9-coa6-ecsit-foxred1-ndufa1-ndufa11-ndufa2-ndufa8-ndufa9-ndufaf1-ndufaf2-ndufaf3-ndufaf4-ndufaf5-ndufaf6-ndufb3-ndufb7-ndufb9-ndufs1-nduf\/#primaryimage"},"image":{"@id":"https:\/\/sistemasgenomicos.com\/es\/producto\/secuenciacion-masiva-panel-de-27-genes-acad9-coa6-ecsit-foxred1-ndufa1-ndufa11-ndufa2-ndufa8-ndufa9-ndufaf1-ndufaf2-ndufaf3-ndufaf4-ndufaf5-ndufaf6-ndufb3-ndufb7-ndufb9-ndufs1-nduf\/#primaryimage"},"thumbnailUrl":"https:\/\/sistemasgenomicos.com\/wp-content\/uploads\/2018\/04\/logo-sistemas-genomicos-default-1.jpg","datePublished":"2017-12-22T09:49:28+00:00","dateModified":"2020-09-30T04:09:23+00:00","breadcrumb":{"@id":"https:\/\/sistemasgenomicos.com\/es\/producto\/secuenciacion-masiva-panel-de-27-genes-acad9-coa6-ecsit-foxred1-ndufa1-ndufa11-ndufa2-ndufa8-ndufa9-ndufaf1-ndufaf2-ndufaf3-ndufaf4-ndufaf5-ndufaf6-ndufb3-ndufb7-ndufb9-ndufs1-nduf\/#breadcrumb"},"inLanguage":"es","potentialAction":[{"@type":"ReadAction","target":["https:\/\/sistemasgenomicos.com\/es\/producto\/secuenciacion-masiva-panel-de-27-genes-acad9-coa6-ecsit-foxred1-ndufa1-ndufa11-ndufa2-ndufa8-ndufa9-ndufaf1-ndufaf2-ndufaf3-ndufaf4-ndufaf5-ndufaf6-ndufb3-ndufb7-ndufb9-ndufs1-nduf\/"]}]},{"@type":"ImageObject","inLanguage":"es","@id":"https:\/\/sistemasgenomicos.com\/es\/producto\/secuenciacion-masiva-panel-de-27-genes-acad9-coa6-ecsit-foxred1-ndufa1-ndufa11-ndufa2-ndufa8-ndufa9-ndufaf1-ndufaf2-ndufaf3-ndufaf4-ndufaf5-ndufaf6-ndufb3-ndufb7-ndufb9-ndufs1-nduf\/#primaryimage","url":"https:\/\/sistemasgenomicos.com\/wp-content\/uploads\/2018\/04\/logo-sistemas-genomicos-default-1.jpg","contentUrl":"https:\/\/sistemasgenomicos.com\/wp-content\/uploads\/2018\/04\/logo-sistemas-genomicos-default-1.jpg","width":1200,"height":750},{"@type":"BreadcrumbList","@id":"https:\/\/sistemasgenomicos.com\/es\/producto\/secuenciacion-masiva-panel-de-27-genes-acad9-coa6-ecsit-foxred1-ndufa1-ndufa11-ndufa2-ndufa8-ndufa9-ndufaf1-ndufaf2-ndufaf3-ndufaf4-ndufaf5-ndufaf6-ndufb3-ndufb7-ndufb9-ndufs1-nduf\/#breadcrumb","itemListElement":[{"@type":"ListItem","position":1,"name":"Portada","item":"https:\/\/sistemasgenomicos.com\/es\/"},{"@type":"ListItem","position":2,"name":"Tienda","item":"https:\/\/sistemasgenomicos.com\/es\/tienda\/"},{"@type":"ListItem","position":3,"name":"Secuenciaci\u00f3n masiva panel de 27 genes: ACAD9, COA6, ECSIT, FOXRED1, NDUFA1, NDUFA11, NDUFA2, NDUFA8, NDUFA9, NDUFAF1, NDUFAF2, NDUFAF3, NDUFAF4, NDUFAF5, NDUFAF6, NDUFB3, NDUFB7, NDUFB9, NDUFS1, NDUFS2, NDUFS3, NDUFS4, NDUFS6, NDUFS8, NDUFV1, NDUFV2, NUBPL"}]},{"@type":"WebSite","@id":"https:\/\/sistemasgenomicos.com\/es\/#website","url":"https:\/\/sistemasgenomicos.com\/es\/","name":"Sistemas Gen\u00f3micos","description":"La mayor empresa dedicada a la investigaci\u00f3n gen\u00e9tica y molecular","publisher":{"@id":"https:\/\/sistemasgenomicos.com\/es\/#organization"},"potentialAction":[{"@type":"SearchAction","target":{"@type":"EntryPoint","urlTemplate":"https:\/\/sistemasgenomicos.com\/es\/?s={search_term_string}"},"query-input":{"@type":"PropertyValueSpecification","valueRequired":true,"valueName":"search_term_string"}}],"inLanguage":"es"},{"@type":"Organization","@id":"https:\/\/sistemasgenomicos.com\/es\/#organization","name":"Sistemas Gen\u00f3micos","url":"https:\/\/sistemasgenomicos.com\/es\/","logo":{"@type":"ImageObject","inLanguage":"es","@id":"https:\/\/sistemasgenomicos.com\/es\/#\/schema\/logo\/image\/","url":"https:\/\/sistemasgenomicos.com\/wp-content\/uploads\/2022\/04\/image001-1.png","contentUrl":"https:\/\/sistemasgenomicos.com\/wp-content\/uploads\/2022\/04\/image001-1.png","width":250,"height":122,"caption":"Sistemas Gen\u00f3micos"},"image":{"@id":"https:\/\/sistemasgenomicos.com\/es\/#\/schema\/logo\/image\/"}}]}},"_links":{"self":[{"href":"https:\/\/sistemasgenomicos.com\/es\/wp-json\/wp\/v2\/product\/5155","targetHints":{"allow":["GET"]}}],"collection":[{"href":"https:\/\/sistemasgenomicos.com\/es\/wp-json\/wp\/v2\/product"}],"about":[{"href":"https:\/\/sistemasgenomicos.com\/es\/wp-json\/wp\/v2\/types\/product"}],"wp:featuredmedia":[{"embeddable":true,"href":"https:\/\/sistemasgenomicos.com\/es\/wp-json\/wp\/v2\/media\/42665"}],"wp:attachment":[{"href":"https:\/\/sistemasgenomicos.com\/es\/wp-json\/wp\/v2\/media?parent=5155"}],"wp:term":[{"taxonomy":"product_brand","embeddable":true,"href":"https:\/\/sistemasgenomicos.com\/es\/wp-json\/wp\/v2\/product_brand?post=5155"},{"taxonomy":"product_cat","embeddable":true,"href":"https:\/\/sistemasgenomicos.com\/es\/wp-json\/wp\/v2\/product_cat?post=5155"},{"taxonomy":"product_tag","embeddable":true,"href":"https:\/\/sistemasgenomicos.com\/es\/wp-json\/wp\/v2\/product_tag?post=5155"}],"curies":[{"name":"wp","href":"https:\/\/api.w.org\/{rel}","templated":true}]}}