{"id":5154,"date":"2017-12-22T09:49:27","date_gmt":"2017-12-22T09:49:27","guid":{"rendered":"https:\/\/sistemasgenomicos.digitis.net\/tienda-online\/secuenciacion-masiva-panel-de-35-genes-acat1-aifm1-afg3l2-c12orf65-ca5a-dld-ears2-ethe1-fars2-fbxl4-gfm1-hsd17b10-lars-lias-mars-mtfmt-ndufa1-pdha1-pdhb-pdhx-pdss2-pnpt1-polg-s\/"},"modified":"2020-09-30T06:09:23","modified_gmt":"2020-09-30T04:09:23","slug":"secuenciacion-masiva-panel-de-35-genes-acat1-aifm1-afg3l2-c12orf65-ca5a-dld-ears2-ethe1-fars2-fbxl4-gfm1-hsd17b10-lars-lias-mars-mtfmt-ndufa1-pdha1-pdhb-pdhx-pdss2-pnpt1-polg-s","status":"publish","type":"product","link":"https:\/\/sistemasgenomicos.com\/es\/producto\/secuenciacion-masiva-panel-de-35-genes-acat1-aifm1-afg3l2-c12orf65-ca5a-dld-ears2-ethe1-fars2-fbxl4-gfm1-hsd17b10-lars-lias-mars-mtfmt-ndufa1-pdha1-pdhb-pdhx-pdss2-pnpt1-polg-s\/","title":{"rendered":"Secuenciaci\u00f3n masiva panel de 35 genes: ACAT1, AIFM1, AFG3L2, C12orf65, CA5A, DLD, EARS2, ETHE1, FARS2, FBXL4, GFM1, HSD17B10, LARS, LIAS, MARS, MTFMT, NDUFA1, PDHA1, PDHB, PDHX, PDSS2, PNPT1, POLG, SARS2, SERAC1, SLC19A3, SLC25A19, SLC25A13, SLC25A15, SUCLA2, SUCLG1, TPK1, TRMU, TSFM, UNG"},"content":{"rendered":"","protected":false},"excerpt":{"rendered":"","protected":false},"featured_media":42665,"template":"","meta":[],"product_brand":[],"product_cat":[86,8679,8681,9355,9371,9381,9479,9389],"product_tag":[23799],"class_list":{"0":"post-5154","1":"product","2":"type-product","3":"status-publish","4":"has-post-thumbnail","6":"gen-slc25a13","7":"gen-hsd17b10","8":"gen-acat1","9":"gen-ung","10":"gen-dld","11":"gen-trmu","12":"gen-slc25a15","13":"gen-ears2","14":"gen-mtfmt","15":"gen-sars2","16":"gen-ethe1","17":"gen-pdhx","18":"gen-fbxl4","19":"gen-lias","20":"gen-serac1","21":"gen-tsfm","22":"gen-ndufa1","23":"gen-slc25a19","24":"gen-c12orf65","25":"gen-pdha1","26":"gen-lars","27":"gen-slc19a3","28":"gen-sucla2","29":"gen-pnpt1","30":"gen-polg","31":"gen-afg3l2","32":"gen-fars2","33":"gen-aifm1","34":"gen-suclg1","35":"gen-pdss2","36":"gen-mars","37":"gen-pdhb","38":"gen-gfm1","39":"gen-ca5a","40":"gen-tpk1","41":"product_cat-analisis-y-estudios-geneticos","42":"product_cat-diagnostico-genetico-molecularn","43":"product_cat-diagnostico-genetico-por-secuenciacion-masiva","44":"product_cat-listado-de-enfermedades","45":"product_cat-medicina-interna-diagnostico-genetico-molecularn","46":"product_cat-neuropediatria-diagnostico-genetico-molecularn","47":"product_cat-paneles-de-mitocondriales-diagnostico-genetico-por-secuenciacion-masivan","48":"product_cat-pediatria-diagnostico-genetico-molecularn","49":"product_tag-leigh-like-sindrome-tipo-nuclearc00646","51":"first","52":"instock","53":"taxable","54":"shipping-taxable","55":"product-type-simple"},"acf":[],"yoast_head":"<!-- This site is optimized with the Yoast SEO plugin v27.4 - https:\/\/yoast.com\/product\/yoast-seo-wordpress\/ -->\n<title>Secuenciaci\u00f3n masiva panel de 35 genes: ACAT1, AIFM1, AFG3L2, C12orf65, CA5A, DLD, EARS2, ETHE1, FARS2, FBXL4, GFM1, HSD17B10, LARS, LIAS, MARS, MTFMT, NDUFA1, PDHA1, PDHB, PDHX, PDSS2, PNPT1, POLG, SARS2, SERAC1, SLC19A3, SLC25A19, SLC25A13, SLC25A15, SUCLA2, SUCLG1, TPK1, TRMU, TSFM, UNG - Sistemas Gen\u00f3micos<\/title>\n<meta name=\"robots\" content=\"index, follow, max-snippet:-1, max-image-preview:large, max-video-preview:-1\" \/>\n<link rel=\"canonical\" href=\"https:\/\/sistemasgenomicos.com\/es\/producto\/secuenciacion-masiva-panel-de-35-genes-acat1-aifm1-afg3l2-c12orf65-ca5a-dld-ears2-ethe1-fars2-fbxl4-gfm1-hsd17b10-lars-lias-mars-mtfmt-ndufa1-pdha1-pdhb-pdhx-pdss2-pnpt1-polg-s\/\" \/>\n<meta property=\"og:locale\" content=\"es_ES\" \/>\n<meta property=\"og:type\" content=\"article\" \/>\n<meta property=\"og:title\" content=\"Secuenciaci\u00f3n masiva panel de 35 genes: ACAT1, AIFM1, AFG3L2, C12orf65, CA5A, DLD, EARS2, ETHE1, FARS2, FBXL4, GFM1, HSD17B10, LARS, LIAS, MARS, MTFMT, NDUFA1, PDHA1, PDHB, PDHX, PDSS2, PNPT1, POLG, SARS2, SERAC1, SLC19A3, SLC25A19, SLC25A13, SLC25A15, SUCLA2, SUCLG1, TPK1, TRMU, TSFM, UNG - Sistemas Gen\u00f3micos\" \/>\n<meta property=\"og:url\" content=\"https:\/\/sistemasgenomicos.com\/es\/producto\/secuenciacion-masiva-panel-de-35-genes-acat1-aifm1-afg3l2-c12orf65-ca5a-dld-ears2-ethe1-fars2-fbxl4-gfm1-hsd17b10-lars-lias-mars-mtfmt-ndufa1-pdha1-pdhb-pdhx-pdss2-pnpt1-polg-s\/\" \/>\n<meta property=\"og:site_name\" content=\"Sistemas Gen\u00f3micos\" \/>\n<meta property=\"article:modified_time\" content=\"2020-09-30T04:09:23+00:00\" \/>\n<meta property=\"og:image\" content=\"https:\/\/sistemasgenomicos.com\/wp-content\/uploads\/2018\/04\/logo-sistemas-genomicos-default-1.jpg\" \/>\n\t<meta property=\"og:image:width\" content=\"1200\" \/>\n\t<meta property=\"og:image:height\" content=\"750\" \/>\n\t<meta property=\"og:image:type\" content=\"image\/jpeg\" \/>\n<meta name=\"twitter:card\" content=\"summary_large_image\" \/>\n<script type=\"application\/ld+json\" class=\"yoast-schema-graph\">{\"@context\":\"https:\\\/\\\/schema.org\",\"@graph\":[{\"@type\":\"WebPage\",\"@id\":\"https:\\\/\\\/sistemasgenomicos.com\\\/es\\\/producto\\\/secuenciacion-masiva-panel-de-35-genes-acat1-aifm1-afg3l2-c12orf65-ca5a-dld-ears2-ethe1-fars2-fbxl4-gfm1-hsd17b10-lars-lias-mars-mtfmt-ndufa1-pdha1-pdhb-pdhx-pdss2-pnpt1-polg-s\\\/\",\"url\":\"https:\\\/\\\/sistemasgenomicos.com\\\/es\\\/producto\\\/secuenciacion-masiva-panel-de-35-genes-acat1-aifm1-afg3l2-c12orf65-ca5a-dld-ears2-ethe1-fars2-fbxl4-gfm1-hsd17b10-lars-lias-mars-mtfmt-ndufa1-pdha1-pdhb-pdhx-pdss2-pnpt1-polg-s\\\/\",\"name\":\"Secuenciaci\u00f3n masiva panel de 35 genes: ACAT1, AIFM1, AFG3L2, C12orf65, CA5A, DLD, EARS2, ETHE1, FARS2, FBXL4, GFM1, HSD17B10, LARS, LIAS, MARS, MTFMT, NDUFA1, PDHA1, PDHB, PDHX, PDSS2, PNPT1, POLG, SARS2, SERAC1, SLC19A3, SLC25A19, SLC25A13, SLC25A15, SUCLA2, SUCLG1, TPK1, TRMU, TSFM, UNG - Sistemas Gen\u00f3micos\",\"isPartOf\":{\"@id\":\"https:\\\/\\\/sistemasgenomicos.com\\\/es\\\/#website\"},\"primaryImageOfPage\":{\"@id\":\"https:\\\/\\\/sistemasgenomicos.com\\\/es\\\/producto\\\/secuenciacion-masiva-panel-de-35-genes-acat1-aifm1-afg3l2-c12orf65-ca5a-dld-ears2-ethe1-fars2-fbxl4-gfm1-hsd17b10-lars-lias-mars-mtfmt-ndufa1-pdha1-pdhb-pdhx-pdss2-pnpt1-polg-s\\\/#primaryimage\"},\"image\":{\"@id\":\"https:\\\/\\\/sistemasgenomicos.com\\\/es\\\/producto\\\/secuenciacion-masiva-panel-de-35-genes-acat1-aifm1-afg3l2-c12orf65-ca5a-dld-ears2-ethe1-fars2-fbxl4-gfm1-hsd17b10-lars-lias-mars-mtfmt-ndufa1-pdha1-pdhb-pdhx-pdss2-pnpt1-polg-s\\\/#primaryimage\"},\"thumbnailUrl\":\"https:\\\/\\\/sistemasgenomicos.com\\\/wp-content\\\/uploads\\\/2018\\\/04\\\/logo-sistemas-genomicos-default-1.jpg\",\"datePublished\":\"2017-12-22T09:49:27+00:00\",\"dateModified\":\"2020-09-30T04:09:23+00:00\",\"breadcrumb\":{\"@id\":\"https:\\\/\\\/sistemasgenomicos.com\\\/es\\\/producto\\\/secuenciacion-masiva-panel-de-35-genes-acat1-aifm1-afg3l2-c12orf65-ca5a-dld-ears2-ethe1-fars2-fbxl4-gfm1-hsd17b10-lars-lias-mars-mtfmt-ndufa1-pdha1-pdhb-pdhx-pdss2-pnpt1-polg-s\\\/#breadcrumb\"},\"inLanguage\":\"es\",\"potentialAction\":[{\"@type\":\"ReadAction\",\"target\":[\"https:\\\/\\\/sistemasgenomicos.com\\\/es\\\/producto\\\/secuenciacion-masiva-panel-de-35-genes-acat1-aifm1-afg3l2-c12orf65-ca5a-dld-ears2-ethe1-fars2-fbxl4-gfm1-hsd17b10-lars-lias-mars-mtfmt-ndufa1-pdha1-pdhb-pdhx-pdss2-pnpt1-polg-s\\\/\"]}]},{\"@type\":\"ImageObject\",\"inLanguage\":\"es\",\"@id\":\"https:\\\/\\\/sistemasgenomicos.com\\\/es\\\/producto\\\/secuenciacion-masiva-panel-de-35-genes-acat1-aifm1-afg3l2-c12orf65-ca5a-dld-ears2-ethe1-fars2-fbxl4-gfm1-hsd17b10-lars-lias-mars-mtfmt-ndufa1-pdha1-pdhb-pdhx-pdss2-pnpt1-polg-s\\\/#primaryimage\",\"url\":\"https:\\\/\\\/sistemasgenomicos.com\\\/wp-content\\\/uploads\\\/2018\\\/04\\\/logo-sistemas-genomicos-default-1.jpg\",\"contentUrl\":\"https:\\\/\\\/sistemasgenomicos.com\\\/wp-content\\\/uploads\\\/2018\\\/04\\\/logo-sistemas-genomicos-default-1.jpg\",\"width\":1200,\"height\":750},{\"@type\":\"BreadcrumbList\",\"@id\":\"https:\\\/\\\/sistemasgenomicos.com\\\/es\\\/producto\\\/secuenciacion-masiva-panel-de-35-genes-acat1-aifm1-afg3l2-c12orf65-ca5a-dld-ears2-ethe1-fars2-fbxl4-gfm1-hsd17b10-lars-lias-mars-mtfmt-ndufa1-pdha1-pdhb-pdhx-pdss2-pnpt1-polg-s\\\/#breadcrumb\",\"itemListElement\":[{\"@type\":\"ListItem\",\"position\":1,\"name\":\"Portada\",\"item\":\"https:\\\/\\\/sistemasgenomicos.com\\\/es\\\/\"},{\"@type\":\"ListItem\",\"position\":2,\"name\":\"Tienda\",\"item\":\"https:\\\/\\\/sistemasgenomicos.com\\\/es\\\/tienda\\\/\"},{\"@type\":\"ListItem\",\"position\":3,\"name\":\"Secuenciaci\u00f3n masiva panel de 35 genes: ACAT1, AIFM1, AFG3L2, C12orf65, CA5A, DLD, EARS2, ETHE1, FARS2, FBXL4, GFM1, HSD17B10, LARS, LIAS, MARS, MTFMT, NDUFA1, PDHA1, PDHB, PDHX, PDSS2, PNPT1, POLG, SARS2, SERAC1, SLC19A3, SLC25A19, SLC25A13, SLC25A15, SUCLA2, SUCLG1, TPK1, TRMU, TSFM, UNG\"}]},{\"@type\":\"WebSite\",\"@id\":\"https:\\\/\\\/sistemasgenomicos.com\\\/es\\\/#website\",\"url\":\"https:\\\/\\\/sistemasgenomicos.com\\\/es\\\/\",\"name\":\"Sistemas Gen\u00f3micos\",\"description\":\"La mayor empresa dedicada a la investigaci\u00f3n gen\u00e9tica y molecular\",\"publisher\":{\"@id\":\"https:\\\/\\\/sistemasgenomicos.com\\\/es\\\/#organization\"},\"potentialAction\":[{\"@type\":\"SearchAction\",\"target\":{\"@type\":\"EntryPoint\",\"urlTemplate\":\"https:\\\/\\\/sistemasgenomicos.com\\\/es\\\/?s={search_term_string}\"},\"query-input\":{\"@type\":\"PropertyValueSpecification\",\"valueRequired\":true,\"valueName\":\"search_term_string\"}}],\"inLanguage\":\"es\"},{\"@type\":\"Organization\",\"@id\":\"https:\\\/\\\/sistemasgenomicos.com\\\/es\\\/#organization\",\"name\":\"Sistemas Gen\u00f3micos\",\"url\":\"https:\\\/\\\/sistemasgenomicos.com\\\/es\\\/\",\"logo\":{\"@type\":\"ImageObject\",\"inLanguage\":\"es\",\"@id\":\"https:\\\/\\\/sistemasgenomicos.com\\\/es\\\/#\\\/schema\\\/logo\\\/image\\\/\",\"url\":\"https:\\\/\\\/sistemasgenomicos.com\\\/wp-content\\\/uploads\\\/2022\\\/04\\\/image001-1.png\",\"contentUrl\":\"https:\\\/\\\/sistemasgenomicos.com\\\/wp-content\\\/uploads\\\/2022\\\/04\\\/image001-1.png\",\"width\":250,\"height\":122,\"caption\":\"Sistemas Gen\u00f3micos\"},\"image\":{\"@id\":\"https:\\\/\\\/sistemasgenomicos.com\\\/es\\\/#\\\/schema\\\/logo\\\/image\\\/\"}}]}<\/script>\n<!-- \/ Yoast SEO plugin. -->","yoast_head_json":{"title":"Secuenciaci\u00f3n masiva panel de 35 genes: ACAT1, AIFM1, AFG3L2, C12orf65, CA5A, DLD, EARS2, ETHE1, FARS2, FBXL4, GFM1, HSD17B10, LARS, LIAS, MARS, MTFMT, NDUFA1, PDHA1, PDHB, PDHX, PDSS2, PNPT1, POLG, SARS2, SERAC1, SLC19A3, SLC25A19, SLC25A13, SLC25A15, SUCLA2, SUCLG1, TPK1, TRMU, TSFM, UNG - Sistemas Gen\u00f3micos","robots":{"index":"index","follow":"follow","max-snippet":"max-snippet:-1","max-image-preview":"max-image-preview:large","max-video-preview":"max-video-preview:-1"},"canonical":"https:\/\/sistemasgenomicos.com\/es\/producto\/secuenciacion-masiva-panel-de-35-genes-acat1-aifm1-afg3l2-c12orf65-ca5a-dld-ears2-ethe1-fars2-fbxl4-gfm1-hsd17b10-lars-lias-mars-mtfmt-ndufa1-pdha1-pdhb-pdhx-pdss2-pnpt1-polg-s\/","og_locale":"es_ES","og_type":"article","og_title":"Secuenciaci\u00f3n masiva panel de 35 genes: ACAT1, AIFM1, AFG3L2, C12orf65, CA5A, DLD, EARS2, ETHE1, FARS2, FBXL4, GFM1, HSD17B10, LARS, LIAS, MARS, MTFMT, NDUFA1, PDHA1, PDHB, PDHX, PDSS2, PNPT1, POLG, SARS2, SERAC1, SLC19A3, SLC25A19, SLC25A13, SLC25A15, SUCLA2, SUCLG1, TPK1, TRMU, TSFM, UNG - Sistemas Gen\u00f3micos","og_url":"https:\/\/sistemasgenomicos.com\/es\/producto\/secuenciacion-masiva-panel-de-35-genes-acat1-aifm1-afg3l2-c12orf65-ca5a-dld-ears2-ethe1-fars2-fbxl4-gfm1-hsd17b10-lars-lias-mars-mtfmt-ndufa1-pdha1-pdhb-pdhx-pdss2-pnpt1-polg-s\/","og_site_name":"Sistemas Gen\u00f3micos","article_modified_time":"2020-09-30T04:09:23+00:00","og_image":[{"width":1200,"height":750,"url":"https:\/\/sistemasgenomicos.com\/wp-content\/uploads\/2018\/04\/logo-sistemas-genomicos-default-1.jpg","type":"image\/jpeg"}],"twitter_card":"summary_large_image","schema":{"@context":"https:\/\/schema.org","@graph":[{"@type":"WebPage","@id":"https:\/\/sistemasgenomicos.com\/es\/producto\/secuenciacion-masiva-panel-de-35-genes-acat1-aifm1-afg3l2-c12orf65-ca5a-dld-ears2-ethe1-fars2-fbxl4-gfm1-hsd17b10-lars-lias-mars-mtfmt-ndufa1-pdha1-pdhb-pdhx-pdss2-pnpt1-polg-s\/","url":"https:\/\/sistemasgenomicos.com\/es\/producto\/secuenciacion-masiva-panel-de-35-genes-acat1-aifm1-afg3l2-c12orf65-ca5a-dld-ears2-ethe1-fars2-fbxl4-gfm1-hsd17b10-lars-lias-mars-mtfmt-ndufa1-pdha1-pdhb-pdhx-pdss2-pnpt1-polg-s\/","name":"Secuenciaci\u00f3n masiva panel de 35 genes: ACAT1, AIFM1, AFG3L2, C12orf65, CA5A, DLD, EARS2, ETHE1, FARS2, FBXL4, GFM1, HSD17B10, LARS, LIAS, MARS, MTFMT, NDUFA1, PDHA1, PDHB, PDHX, PDSS2, PNPT1, POLG, SARS2, SERAC1, SLC19A3, SLC25A19, SLC25A13, SLC25A15, SUCLA2, SUCLG1, TPK1, TRMU, TSFM, UNG - Sistemas Gen\u00f3micos","isPartOf":{"@id":"https:\/\/sistemasgenomicos.com\/es\/#website"},"primaryImageOfPage":{"@id":"https:\/\/sistemasgenomicos.com\/es\/producto\/secuenciacion-masiva-panel-de-35-genes-acat1-aifm1-afg3l2-c12orf65-ca5a-dld-ears2-ethe1-fars2-fbxl4-gfm1-hsd17b10-lars-lias-mars-mtfmt-ndufa1-pdha1-pdhb-pdhx-pdss2-pnpt1-polg-s\/#primaryimage"},"image":{"@id":"https:\/\/sistemasgenomicos.com\/es\/producto\/secuenciacion-masiva-panel-de-35-genes-acat1-aifm1-afg3l2-c12orf65-ca5a-dld-ears2-ethe1-fars2-fbxl4-gfm1-hsd17b10-lars-lias-mars-mtfmt-ndufa1-pdha1-pdhb-pdhx-pdss2-pnpt1-polg-s\/#primaryimage"},"thumbnailUrl":"https:\/\/sistemasgenomicos.com\/wp-content\/uploads\/2018\/04\/logo-sistemas-genomicos-default-1.jpg","datePublished":"2017-12-22T09:49:27+00:00","dateModified":"2020-09-30T04:09:23+00:00","breadcrumb":{"@id":"https:\/\/sistemasgenomicos.com\/es\/producto\/secuenciacion-masiva-panel-de-35-genes-acat1-aifm1-afg3l2-c12orf65-ca5a-dld-ears2-ethe1-fars2-fbxl4-gfm1-hsd17b10-lars-lias-mars-mtfmt-ndufa1-pdha1-pdhb-pdhx-pdss2-pnpt1-polg-s\/#breadcrumb"},"inLanguage":"es","potentialAction":[{"@type":"ReadAction","target":["https:\/\/sistemasgenomicos.com\/es\/producto\/secuenciacion-masiva-panel-de-35-genes-acat1-aifm1-afg3l2-c12orf65-ca5a-dld-ears2-ethe1-fars2-fbxl4-gfm1-hsd17b10-lars-lias-mars-mtfmt-ndufa1-pdha1-pdhb-pdhx-pdss2-pnpt1-polg-s\/"]}]},{"@type":"ImageObject","inLanguage":"es","@id":"https:\/\/sistemasgenomicos.com\/es\/producto\/secuenciacion-masiva-panel-de-35-genes-acat1-aifm1-afg3l2-c12orf65-ca5a-dld-ears2-ethe1-fars2-fbxl4-gfm1-hsd17b10-lars-lias-mars-mtfmt-ndufa1-pdha1-pdhb-pdhx-pdss2-pnpt1-polg-s\/#primaryimage","url":"https:\/\/sistemasgenomicos.com\/wp-content\/uploads\/2018\/04\/logo-sistemas-genomicos-default-1.jpg","contentUrl":"https:\/\/sistemasgenomicos.com\/wp-content\/uploads\/2018\/04\/logo-sistemas-genomicos-default-1.jpg","width":1200,"height":750},{"@type":"BreadcrumbList","@id":"https:\/\/sistemasgenomicos.com\/es\/producto\/secuenciacion-masiva-panel-de-35-genes-acat1-aifm1-afg3l2-c12orf65-ca5a-dld-ears2-ethe1-fars2-fbxl4-gfm1-hsd17b10-lars-lias-mars-mtfmt-ndufa1-pdha1-pdhb-pdhx-pdss2-pnpt1-polg-s\/#breadcrumb","itemListElement":[{"@type":"ListItem","position":1,"name":"Portada","item":"https:\/\/sistemasgenomicos.com\/es\/"},{"@type":"ListItem","position":2,"name":"Tienda","item":"https:\/\/sistemasgenomicos.com\/es\/tienda\/"},{"@type":"ListItem","position":3,"name":"Secuenciaci\u00f3n masiva panel de 35 genes: ACAT1, AIFM1, AFG3L2, C12orf65, CA5A, DLD, EARS2, ETHE1, FARS2, FBXL4, GFM1, HSD17B10, LARS, LIAS, MARS, MTFMT, NDUFA1, PDHA1, PDHB, PDHX, PDSS2, PNPT1, POLG, SARS2, SERAC1, SLC19A3, SLC25A19, SLC25A13, SLC25A15, SUCLA2, SUCLG1, TPK1, TRMU, TSFM, UNG"}]},{"@type":"WebSite","@id":"https:\/\/sistemasgenomicos.com\/es\/#website","url":"https:\/\/sistemasgenomicos.com\/es\/","name":"Sistemas Gen\u00f3micos","description":"La mayor empresa dedicada a la investigaci\u00f3n gen\u00e9tica y molecular","publisher":{"@id":"https:\/\/sistemasgenomicos.com\/es\/#organization"},"potentialAction":[{"@type":"SearchAction","target":{"@type":"EntryPoint","urlTemplate":"https:\/\/sistemasgenomicos.com\/es\/?s={search_term_string}"},"query-input":{"@type":"PropertyValueSpecification","valueRequired":true,"valueName":"search_term_string"}}],"inLanguage":"es"},{"@type":"Organization","@id":"https:\/\/sistemasgenomicos.com\/es\/#organization","name":"Sistemas Gen\u00f3micos","url":"https:\/\/sistemasgenomicos.com\/es\/","logo":{"@type":"ImageObject","inLanguage":"es","@id":"https:\/\/sistemasgenomicos.com\/es\/#\/schema\/logo\/image\/","url":"https:\/\/sistemasgenomicos.com\/wp-content\/uploads\/2022\/04\/image001-1.png","contentUrl":"https:\/\/sistemasgenomicos.com\/wp-content\/uploads\/2022\/04\/image001-1.png","width":250,"height":122,"caption":"Sistemas Gen\u00f3micos"},"image":{"@id":"https:\/\/sistemasgenomicos.com\/es\/#\/schema\/logo\/image\/"}}]}},"_links":{"self":[{"href":"https:\/\/sistemasgenomicos.com\/es\/wp-json\/wp\/v2\/product\/5154","targetHints":{"allow":["GET"]}}],"collection":[{"href":"https:\/\/sistemasgenomicos.com\/es\/wp-json\/wp\/v2\/product"}],"about":[{"href":"https:\/\/sistemasgenomicos.com\/es\/wp-json\/wp\/v2\/types\/product"}],"wp:featuredmedia":[{"embeddable":true,"href":"https:\/\/sistemasgenomicos.com\/es\/wp-json\/wp\/v2\/media\/42665"}],"wp:attachment":[{"href":"https:\/\/sistemasgenomicos.com\/es\/wp-json\/wp\/v2\/media?parent=5154"}],"wp:term":[{"taxonomy":"product_brand","embeddable":true,"href":"https:\/\/sistemasgenomicos.com\/es\/wp-json\/wp\/v2\/product_brand?post=5154"},{"taxonomy":"product_cat","embeddable":true,"href":"https:\/\/sistemasgenomicos.com\/es\/wp-json\/wp\/v2\/product_cat?post=5154"},{"taxonomy":"product_tag","embeddable":true,"href":"https:\/\/sistemasgenomicos.com\/es\/wp-json\/wp\/v2\/product_tag?post=5154"}],"curies":[{"name":"wp","href":"https:\/\/api.w.org\/{rel}","templated":true}]}}