{"id":5153,"date":"2017-12-22T09:49:26","date_gmt":"2017-12-22T09:49:26","guid":{"rendered":"https:\/\/sistemasgenomicos.digitis.net\/tienda-online\/secuenciacion-masiva-panel-de-30-genes-aifm1-bcs1l-cox10-cox15-foxred1-lrpprc-ndufa1-ndufa10-ndufa12-ndufa2-ndufa9-ndufaf2-ndufaf5-ndufaf6-ndufs1-ndufs2-ndufs3-ndufs4-ndufs7-nduf\/"},"modified":"2020-09-30T06:09:23","modified_gmt":"2020-09-30T04:09:23","slug":"secuenciacion-masiva-panel-de-30-genes-aifm1-bcs1l-cox10-cox15-foxred1-lrpprc-ndufa1-ndufa10-ndufa12-ndufa2-ndufa9-ndufaf2-ndufaf5-ndufaf6-ndufs1-ndufs2-ndufs3-ndufs4-ndufs7-nduf","status":"publish","type":"product","link":"https:\/\/sistemasgenomicos.com\/es\/producto\/secuenciacion-masiva-panel-de-30-genes-aifm1-bcs1l-cox10-cox15-foxred1-lrpprc-ndufa1-ndufa10-ndufa12-ndufa2-ndufa9-ndufaf2-ndufaf5-ndufaf6-ndufs1-ndufs2-ndufs3-ndufs4-ndufs7-nduf\/","title":{"rendered":"Secuenciaci\u00f3n masiva panel de 30 genes: AIFM1, BCS1L, COX10,  COX15, FOXRED1, LRPPRC, NDUFA1, NDUFA10, NDUFA12,  NDUFA2, NDUFA9, NDUFAF2, NDUFAF5, NDUFAF6, NDUFS1, NDUFS2, NDUFS3, NDUFS4, NDUFS7, NDUFS8, NDUFV1, PC, PDHA1, PET100, SCO2,  SDHAF1, SURF1, TACO1, TTC19, UQCRQ,"},"content":{"rendered":"","protected":false},"excerpt":{"rendered":"","protected":false},"featured_media":42665,"template":"","meta":[],"product_brand":[],"product_cat":[86,8679,8681,9355,9371,9381,9479,9389],"product_tag":[23797],"class_list":{"0":"post-5153","1":"product","2":"type-product","3":"status-publish","4":"has-post-thumbnail","6":"gen-cox10","7":"gen-ttc19","8":"gen-cox15","9":"gen-ndufs1","10":"gen-bcs1l","11":"gen-ndufaf5","12":"gen-foxred1","13":"gen-ndufs8","14":"gen-ndufs7","15":"gen-ndufa1","16":"gen-ndufa10","17":"gen-sco2","18":"gen-ndufa2","19":"gen-pdha1","20":"gen-taco1","21":"gen-lrpprc","22":"gen-ndufa9","23":"gen-surf1","24":"gen-ndufaf6","25":"gen-aifm1","26":"gen-ndufs2","27":"gen-ndufaf2","28":"gen-ndufs4","29":"gen-uqcrq","30":"gen-ndufv1","31":"gen-pc","32":"gen-ndufa12","33":"gen-sdhaf1","34":"gen-ndufs3","35":"gen-pet100","36":"product_cat-analisis-y-estudios-geneticos","37":"product_cat-diagnostico-genetico-molecularn","38":"product_cat-diagnostico-genetico-por-secuenciacion-masiva","39":"product_cat-listado-de-enfermedades","40":"product_cat-medicina-interna-diagnostico-genetico-molecularn","41":"product_cat-neuropediatria-diagnostico-genetico-molecularn","42":"product_cat-paneles-de-mitocondriales-diagnostico-genetico-por-secuenciacion-masivan","43":"product_cat-pediatria-diagnostico-genetico-molecularn","44":"product_tag-leigh-sindrome-tipo-nuclear-c00645","46":"first","47":"instock","48":"taxable","49":"shipping-taxable","50":"product-type-simple"},"acf":[],"yoast_head":"<!-- This site is optimized with the Yoast SEO plugin v27.4 - https:\/\/yoast.com\/product\/yoast-seo-wordpress\/ -->\n<title>Secuenciaci\u00f3n masiva panel de 30 genes: AIFM1, BCS1L, COX10, COX15, FOXRED1, LRPPRC, NDUFA1, NDUFA10, NDUFA12, NDUFA2, NDUFA9, NDUFAF2, NDUFAF5, NDUFAF6, NDUFS1, NDUFS2, NDUFS3, NDUFS4, NDUFS7, NDUFS8, NDUFV1, PC, PDHA1, PET100, SCO2, SDHAF1, SURF1, TACO1, TTC19, UQCRQ, - Sistemas Gen\u00f3micos<\/title>\n<meta name=\"robots\" content=\"index, follow, max-snippet:-1, max-image-preview:large, max-video-preview:-1\" \/>\n<link rel=\"canonical\" href=\"https:\/\/sistemasgenomicos.com\/es\/producto\/secuenciacion-masiva-panel-de-30-genes-aifm1-bcs1l-cox10-cox15-foxred1-lrpprc-ndufa1-ndufa10-ndufa12-ndufa2-ndufa9-ndufaf2-ndufaf5-ndufaf6-ndufs1-ndufs2-ndufs3-ndufs4-ndufs7-nduf\/\" \/>\n<meta property=\"og:locale\" content=\"es_ES\" \/>\n<meta property=\"og:type\" content=\"article\" \/>\n<meta property=\"og:title\" content=\"Secuenciaci\u00f3n masiva panel de 30 genes: AIFM1, BCS1L, COX10, COX15, FOXRED1, LRPPRC, NDUFA1, NDUFA10, NDUFA12, NDUFA2, NDUFA9, NDUFAF2, NDUFAF5, NDUFAF6, NDUFS1, NDUFS2, NDUFS3, NDUFS4, NDUFS7, NDUFS8, NDUFV1, PC, PDHA1, PET100, SCO2, SDHAF1, SURF1, TACO1, TTC19, UQCRQ, - Sistemas Gen\u00f3micos\" \/>\n<meta property=\"og:url\" content=\"https:\/\/sistemasgenomicos.com\/es\/producto\/secuenciacion-masiva-panel-de-30-genes-aifm1-bcs1l-cox10-cox15-foxred1-lrpprc-ndufa1-ndufa10-ndufa12-ndufa2-ndufa9-ndufaf2-ndufaf5-ndufaf6-ndufs1-ndufs2-ndufs3-ndufs4-ndufs7-nduf\/\" \/>\n<meta property=\"og:site_name\" content=\"Sistemas Gen\u00f3micos\" \/>\n<meta property=\"article:modified_time\" content=\"2020-09-30T04:09:23+00:00\" \/>\n<meta property=\"og:image\" content=\"https:\/\/sistemasgenomicos.com\/wp-content\/uploads\/2018\/04\/logo-sistemas-genomicos-default-1.jpg\" \/>\n\t<meta property=\"og:image:width\" content=\"1200\" \/>\n\t<meta property=\"og:image:height\" content=\"750\" \/>\n\t<meta property=\"og:image:type\" content=\"image\/jpeg\" \/>\n<meta name=\"twitter:card\" content=\"summary_large_image\" \/>\n<script type=\"application\/ld+json\" class=\"yoast-schema-graph\">{\"@context\":\"https:\\\/\\\/schema.org\",\"@graph\":[{\"@type\":\"WebPage\",\"@id\":\"https:\\\/\\\/sistemasgenomicos.com\\\/es\\\/producto\\\/secuenciacion-masiva-panel-de-30-genes-aifm1-bcs1l-cox10-cox15-foxred1-lrpprc-ndufa1-ndufa10-ndufa12-ndufa2-ndufa9-ndufaf2-ndufaf5-ndufaf6-ndufs1-ndufs2-ndufs3-ndufs4-ndufs7-nduf\\\/\",\"url\":\"https:\\\/\\\/sistemasgenomicos.com\\\/es\\\/producto\\\/secuenciacion-masiva-panel-de-30-genes-aifm1-bcs1l-cox10-cox15-foxred1-lrpprc-ndufa1-ndufa10-ndufa12-ndufa2-ndufa9-ndufaf2-ndufaf5-ndufaf6-ndufs1-ndufs2-ndufs3-ndufs4-ndufs7-nduf\\\/\",\"name\":\"Secuenciaci\u00f3n masiva panel de 30 genes: AIFM1, BCS1L, COX10, COX15, FOXRED1, LRPPRC, NDUFA1, NDUFA10, NDUFA12, NDUFA2, NDUFA9, NDUFAF2, NDUFAF5, NDUFAF6, NDUFS1, NDUFS2, NDUFS3, NDUFS4, NDUFS7, NDUFS8, NDUFV1, PC, PDHA1, PET100, SCO2, SDHAF1, SURF1, TACO1, TTC19, UQCRQ, - Sistemas Gen\u00f3micos\",\"isPartOf\":{\"@id\":\"https:\\\/\\\/sistemasgenomicos.com\\\/es\\\/#website\"},\"primaryImageOfPage\":{\"@id\":\"https:\\\/\\\/sistemasgenomicos.com\\\/es\\\/producto\\\/secuenciacion-masiva-panel-de-30-genes-aifm1-bcs1l-cox10-cox15-foxred1-lrpprc-ndufa1-ndufa10-ndufa12-ndufa2-ndufa9-ndufaf2-ndufaf5-ndufaf6-ndufs1-ndufs2-ndufs3-ndufs4-ndufs7-nduf\\\/#primaryimage\"},\"image\":{\"@id\":\"https:\\\/\\\/sistemasgenomicos.com\\\/es\\\/producto\\\/secuenciacion-masiva-panel-de-30-genes-aifm1-bcs1l-cox10-cox15-foxred1-lrpprc-ndufa1-ndufa10-ndufa12-ndufa2-ndufa9-ndufaf2-ndufaf5-ndufaf6-ndufs1-ndufs2-ndufs3-ndufs4-ndufs7-nduf\\\/#primaryimage\"},\"thumbnailUrl\":\"https:\\\/\\\/sistemasgenomicos.com\\\/wp-content\\\/uploads\\\/2018\\\/04\\\/logo-sistemas-genomicos-default-1.jpg\",\"datePublished\":\"2017-12-22T09:49:26+00:00\",\"dateModified\":\"2020-09-30T04:09:23+00:00\",\"breadcrumb\":{\"@id\":\"https:\\\/\\\/sistemasgenomicos.com\\\/es\\\/producto\\\/secuenciacion-masiva-panel-de-30-genes-aifm1-bcs1l-cox10-cox15-foxred1-lrpprc-ndufa1-ndufa10-ndufa12-ndufa2-ndufa9-ndufaf2-ndufaf5-ndufaf6-ndufs1-ndufs2-ndufs3-ndufs4-ndufs7-nduf\\\/#breadcrumb\"},\"inLanguage\":\"es\",\"potentialAction\":[{\"@type\":\"ReadAction\",\"target\":[\"https:\\\/\\\/sistemasgenomicos.com\\\/es\\\/producto\\\/secuenciacion-masiva-panel-de-30-genes-aifm1-bcs1l-cox10-cox15-foxred1-lrpprc-ndufa1-ndufa10-ndufa12-ndufa2-ndufa9-ndufaf2-ndufaf5-ndufaf6-ndufs1-ndufs2-ndufs3-ndufs4-ndufs7-nduf\\\/\"]}]},{\"@type\":\"ImageObject\",\"inLanguage\":\"es\",\"@id\":\"https:\\\/\\\/sistemasgenomicos.com\\\/es\\\/producto\\\/secuenciacion-masiva-panel-de-30-genes-aifm1-bcs1l-cox10-cox15-foxred1-lrpprc-ndufa1-ndufa10-ndufa12-ndufa2-ndufa9-ndufaf2-ndufaf5-ndufaf6-ndufs1-ndufs2-ndufs3-ndufs4-ndufs7-nduf\\\/#primaryimage\",\"url\":\"https:\\\/\\\/sistemasgenomicos.com\\\/wp-content\\\/uploads\\\/2018\\\/04\\\/logo-sistemas-genomicos-default-1.jpg\",\"contentUrl\":\"https:\\\/\\\/sistemasgenomicos.com\\\/wp-content\\\/uploads\\\/2018\\\/04\\\/logo-sistemas-genomicos-default-1.jpg\",\"width\":1200,\"height\":750},{\"@type\":\"BreadcrumbList\",\"@id\":\"https:\\\/\\\/sistemasgenomicos.com\\\/es\\\/producto\\\/secuenciacion-masiva-panel-de-30-genes-aifm1-bcs1l-cox10-cox15-foxred1-lrpprc-ndufa1-ndufa10-ndufa12-ndufa2-ndufa9-ndufaf2-ndufaf5-ndufaf6-ndufs1-ndufs2-ndufs3-ndufs4-ndufs7-nduf\\\/#breadcrumb\",\"itemListElement\":[{\"@type\":\"ListItem\",\"position\":1,\"name\":\"Portada\",\"item\":\"https:\\\/\\\/sistemasgenomicos.com\\\/es\\\/\"},{\"@type\":\"ListItem\",\"position\":2,\"name\":\"Tienda\",\"item\":\"https:\\\/\\\/sistemasgenomicos.com\\\/es\\\/tienda\\\/\"},{\"@type\":\"ListItem\",\"position\":3,\"name\":\"Secuenciaci\u00f3n masiva panel de 30 genes: AIFM1, BCS1L, COX10, COX15, FOXRED1, LRPPRC, NDUFA1, NDUFA10, NDUFA12, NDUFA2, NDUFA9, NDUFAF2, NDUFAF5, NDUFAF6, NDUFS1, NDUFS2, NDUFS3, NDUFS4, NDUFS7, NDUFS8, NDUFV1, PC, PDHA1, PET100, SCO2, SDHAF1, SURF1, TACO1, TTC19, UQCRQ,\"}]},{\"@type\":\"WebSite\",\"@id\":\"https:\\\/\\\/sistemasgenomicos.com\\\/es\\\/#website\",\"url\":\"https:\\\/\\\/sistemasgenomicos.com\\\/es\\\/\",\"name\":\"Sistemas Gen\u00f3micos\",\"description\":\"La mayor empresa dedicada a la investigaci\u00f3n gen\u00e9tica y molecular\",\"publisher\":{\"@id\":\"https:\\\/\\\/sistemasgenomicos.com\\\/es\\\/#organization\"},\"potentialAction\":[{\"@type\":\"SearchAction\",\"target\":{\"@type\":\"EntryPoint\",\"urlTemplate\":\"https:\\\/\\\/sistemasgenomicos.com\\\/es\\\/?s={search_term_string}\"},\"query-input\":{\"@type\":\"PropertyValueSpecification\",\"valueRequired\":true,\"valueName\":\"search_term_string\"}}],\"inLanguage\":\"es\"},{\"@type\":\"Organization\",\"@id\":\"https:\\\/\\\/sistemasgenomicos.com\\\/es\\\/#organization\",\"name\":\"Sistemas Gen\u00f3micos\",\"url\":\"https:\\\/\\\/sistemasgenomicos.com\\\/es\\\/\",\"logo\":{\"@type\":\"ImageObject\",\"inLanguage\":\"es\",\"@id\":\"https:\\\/\\\/sistemasgenomicos.com\\\/es\\\/#\\\/schema\\\/logo\\\/image\\\/\",\"url\":\"https:\\\/\\\/sistemasgenomicos.com\\\/wp-content\\\/uploads\\\/2022\\\/04\\\/image001-1.png\",\"contentUrl\":\"https:\\\/\\\/sistemasgenomicos.com\\\/wp-content\\\/uploads\\\/2022\\\/04\\\/image001-1.png\",\"width\":250,\"height\":122,\"caption\":\"Sistemas Gen\u00f3micos\"},\"image\":{\"@id\":\"https:\\\/\\\/sistemasgenomicos.com\\\/es\\\/#\\\/schema\\\/logo\\\/image\\\/\"}}]}<\/script>\n<!-- \/ Yoast SEO plugin. -->","yoast_head_json":{"title":"Secuenciaci\u00f3n masiva panel de 30 genes: AIFM1, BCS1L, COX10, COX15, FOXRED1, LRPPRC, NDUFA1, NDUFA10, NDUFA12, NDUFA2, NDUFA9, NDUFAF2, NDUFAF5, NDUFAF6, NDUFS1, NDUFS2, NDUFS3, NDUFS4, NDUFS7, NDUFS8, NDUFV1, PC, PDHA1, PET100, SCO2, SDHAF1, SURF1, TACO1, TTC19, UQCRQ, - Sistemas Gen\u00f3micos","robots":{"index":"index","follow":"follow","max-snippet":"max-snippet:-1","max-image-preview":"max-image-preview:large","max-video-preview":"max-video-preview:-1"},"canonical":"https:\/\/sistemasgenomicos.com\/es\/producto\/secuenciacion-masiva-panel-de-30-genes-aifm1-bcs1l-cox10-cox15-foxred1-lrpprc-ndufa1-ndufa10-ndufa12-ndufa2-ndufa9-ndufaf2-ndufaf5-ndufaf6-ndufs1-ndufs2-ndufs3-ndufs4-ndufs7-nduf\/","og_locale":"es_ES","og_type":"article","og_title":"Secuenciaci\u00f3n masiva panel de 30 genes: AIFM1, BCS1L, COX10, COX15, FOXRED1, LRPPRC, NDUFA1, NDUFA10, NDUFA12, NDUFA2, NDUFA9, NDUFAF2, NDUFAF5, NDUFAF6, NDUFS1, NDUFS2, NDUFS3, NDUFS4, NDUFS7, NDUFS8, NDUFV1, PC, PDHA1, PET100, SCO2, SDHAF1, SURF1, TACO1, TTC19, UQCRQ, - Sistemas Gen\u00f3micos","og_url":"https:\/\/sistemasgenomicos.com\/es\/producto\/secuenciacion-masiva-panel-de-30-genes-aifm1-bcs1l-cox10-cox15-foxred1-lrpprc-ndufa1-ndufa10-ndufa12-ndufa2-ndufa9-ndufaf2-ndufaf5-ndufaf6-ndufs1-ndufs2-ndufs3-ndufs4-ndufs7-nduf\/","og_site_name":"Sistemas Gen\u00f3micos","article_modified_time":"2020-09-30T04:09:23+00:00","og_image":[{"width":1200,"height":750,"url":"https:\/\/sistemasgenomicos.com\/wp-content\/uploads\/2018\/04\/logo-sistemas-genomicos-default-1.jpg","type":"image\/jpeg"}],"twitter_card":"summary_large_image","schema":{"@context":"https:\/\/schema.org","@graph":[{"@type":"WebPage","@id":"https:\/\/sistemasgenomicos.com\/es\/producto\/secuenciacion-masiva-panel-de-30-genes-aifm1-bcs1l-cox10-cox15-foxred1-lrpprc-ndufa1-ndufa10-ndufa12-ndufa2-ndufa9-ndufaf2-ndufaf5-ndufaf6-ndufs1-ndufs2-ndufs3-ndufs4-ndufs7-nduf\/","url":"https:\/\/sistemasgenomicos.com\/es\/producto\/secuenciacion-masiva-panel-de-30-genes-aifm1-bcs1l-cox10-cox15-foxred1-lrpprc-ndufa1-ndufa10-ndufa12-ndufa2-ndufa9-ndufaf2-ndufaf5-ndufaf6-ndufs1-ndufs2-ndufs3-ndufs4-ndufs7-nduf\/","name":"Secuenciaci\u00f3n masiva panel de 30 genes: AIFM1, BCS1L, COX10, COX15, FOXRED1, LRPPRC, NDUFA1, NDUFA10, NDUFA12, NDUFA2, NDUFA9, NDUFAF2, NDUFAF5, NDUFAF6, NDUFS1, NDUFS2, NDUFS3, NDUFS4, NDUFS7, NDUFS8, NDUFV1, PC, PDHA1, PET100, SCO2, SDHAF1, SURF1, TACO1, TTC19, UQCRQ, - Sistemas Gen\u00f3micos","isPartOf":{"@id":"https:\/\/sistemasgenomicos.com\/es\/#website"},"primaryImageOfPage":{"@id":"https:\/\/sistemasgenomicos.com\/es\/producto\/secuenciacion-masiva-panel-de-30-genes-aifm1-bcs1l-cox10-cox15-foxred1-lrpprc-ndufa1-ndufa10-ndufa12-ndufa2-ndufa9-ndufaf2-ndufaf5-ndufaf6-ndufs1-ndufs2-ndufs3-ndufs4-ndufs7-nduf\/#primaryimage"},"image":{"@id":"https:\/\/sistemasgenomicos.com\/es\/producto\/secuenciacion-masiva-panel-de-30-genes-aifm1-bcs1l-cox10-cox15-foxred1-lrpprc-ndufa1-ndufa10-ndufa12-ndufa2-ndufa9-ndufaf2-ndufaf5-ndufaf6-ndufs1-ndufs2-ndufs3-ndufs4-ndufs7-nduf\/#primaryimage"},"thumbnailUrl":"https:\/\/sistemasgenomicos.com\/wp-content\/uploads\/2018\/04\/logo-sistemas-genomicos-default-1.jpg","datePublished":"2017-12-22T09:49:26+00:00","dateModified":"2020-09-30T04:09:23+00:00","breadcrumb":{"@id":"https:\/\/sistemasgenomicos.com\/es\/producto\/secuenciacion-masiva-panel-de-30-genes-aifm1-bcs1l-cox10-cox15-foxred1-lrpprc-ndufa1-ndufa10-ndufa12-ndufa2-ndufa9-ndufaf2-ndufaf5-ndufaf6-ndufs1-ndufs2-ndufs3-ndufs4-ndufs7-nduf\/#breadcrumb"},"inLanguage":"es","potentialAction":[{"@type":"ReadAction","target":["https:\/\/sistemasgenomicos.com\/es\/producto\/secuenciacion-masiva-panel-de-30-genes-aifm1-bcs1l-cox10-cox15-foxred1-lrpprc-ndufa1-ndufa10-ndufa12-ndufa2-ndufa9-ndufaf2-ndufaf5-ndufaf6-ndufs1-ndufs2-ndufs3-ndufs4-ndufs7-nduf\/"]}]},{"@type":"ImageObject","inLanguage":"es","@id":"https:\/\/sistemasgenomicos.com\/es\/producto\/secuenciacion-masiva-panel-de-30-genes-aifm1-bcs1l-cox10-cox15-foxred1-lrpprc-ndufa1-ndufa10-ndufa12-ndufa2-ndufa9-ndufaf2-ndufaf5-ndufaf6-ndufs1-ndufs2-ndufs3-ndufs4-ndufs7-nduf\/#primaryimage","url":"https:\/\/sistemasgenomicos.com\/wp-content\/uploads\/2018\/04\/logo-sistemas-genomicos-default-1.jpg","contentUrl":"https:\/\/sistemasgenomicos.com\/wp-content\/uploads\/2018\/04\/logo-sistemas-genomicos-default-1.jpg","width":1200,"height":750},{"@type":"BreadcrumbList","@id":"https:\/\/sistemasgenomicos.com\/es\/producto\/secuenciacion-masiva-panel-de-30-genes-aifm1-bcs1l-cox10-cox15-foxred1-lrpprc-ndufa1-ndufa10-ndufa12-ndufa2-ndufa9-ndufaf2-ndufaf5-ndufaf6-ndufs1-ndufs2-ndufs3-ndufs4-ndufs7-nduf\/#breadcrumb","itemListElement":[{"@type":"ListItem","position":1,"name":"Portada","item":"https:\/\/sistemasgenomicos.com\/es\/"},{"@type":"ListItem","position":2,"name":"Tienda","item":"https:\/\/sistemasgenomicos.com\/es\/tienda\/"},{"@type":"ListItem","position":3,"name":"Secuenciaci\u00f3n masiva panel de 30 genes: AIFM1, BCS1L, COX10, COX15, FOXRED1, LRPPRC, NDUFA1, NDUFA10, NDUFA12, NDUFA2, NDUFA9, NDUFAF2, NDUFAF5, NDUFAF6, NDUFS1, NDUFS2, NDUFS3, NDUFS4, NDUFS7, NDUFS8, NDUFV1, PC, PDHA1, PET100, SCO2, SDHAF1, SURF1, TACO1, TTC19, UQCRQ,"}]},{"@type":"WebSite","@id":"https:\/\/sistemasgenomicos.com\/es\/#website","url":"https:\/\/sistemasgenomicos.com\/es\/","name":"Sistemas Gen\u00f3micos","description":"La mayor empresa dedicada a la investigaci\u00f3n gen\u00e9tica y molecular","publisher":{"@id":"https:\/\/sistemasgenomicos.com\/es\/#organization"},"potentialAction":[{"@type":"SearchAction","target":{"@type":"EntryPoint","urlTemplate":"https:\/\/sistemasgenomicos.com\/es\/?s={search_term_string}"},"query-input":{"@type":"PropertyValueSpecification","valueRequired":true,"valueName":"search_term_string"}}],"inLanguage":"es"},{"@type":"Organization","@id":"https:\/\/sistemasgenomicos.com\/es\/#organization","name":"Sistemas Gen\u00f3micos","url":"https:\/\/sistemasgenomicos.com\/es\/","logo":{"@type":"ImageObject","inLanguage":"es","@id":"https:\/\/sistemasgenomicos.com\/es\/#\/schema\/logo\/image\/","url":"https:\/\/sistemasgenomicos.com\/wp-content\/uploads\/2022\/04\/image001-1.png","contentUrl":"https:\/\/sistemasgenomicos.com\/wp-content\/uploads\/2022\/04\/image001-1.png","width":250,"height":122,"caption":"Sistemas Gen\u00f3micos"},"image":{"@id":"https:\/\/sistemasgenomicos.com\/es\/#\/schema\/logo\/image\/"}}]}},"_links":{"self":[{"href":"https:\/\/sistemasgenomicos.com\/es\/wp-json\/wp\/v2\/product\/5153","targetHints":{"allow":["GET"]}}],"collection":[{"href":"https:\/\/sistemasgenomicos.com\/es\/wp-json\/wp\/v2\/product"}],"about":[{"href":"https:\/\/sistemasgenomicos.com\/es\/wp-json\/wp\/v2\/types\/product"}],"wp:featuredmedia":[{"embeddable":true,"href":"https:\/\/sistemasgenomicos.com\/es\/wp-json\/wp\/v2\/media\/42665"}],"wp:attachment":[{"href":"https:\/\/sistemasgenomicos.com\/es\/wp-json\/wp\/v2\/media?parent=5153"}],"wp:term":[{"taxonomy":"product_brand","embeddable":true,"href":"https:\/\/sistemasgenomicos.com\/es\/wp-json\/wp\/v2\/product_brand?post=5153"},{"taxonomy":"product_cat","embeddable":true,"href":"https:\/\/sistemasgenomicos.com\/es\/wp-json\/wp\/v2\/product_cat?post=5153"},{"taxonomy":"product_tag","embeddable":true,"href":"https:\/\/sistemasgenomicos.com\/es\/wp-json\/wp\/v2\/product_tag?post=5153"}],"curies":[{"name":"wp","href":"https:\/\/api.w.org\/{rel}","templated":true}]}}