{"id":5079,"date":"2017-12-22T09:22:45","date_gmt":"2017-12-22T09:22:45","guid":{"rendered":"https:\/\/sistemasgenomicos.digitis.net\/tienda-online\/secuenciacion-masiva-panel-de-56-genes-abca4-arl6-best1-c2orf71-c8orf37-ca4-cerkl-clrn1-cnga1-cngb1-crb1-crx-dhdds-eys-fam161a-flvcr1-fscn2-guca1b-idh3b-impdh1-impg2-klhl7-lrat\/"},"modified":"2020-09-30T05:49:58","modified_gmt":"2020-09-30T03:49:58","slug":"secuenciacion-masiva-panel-de-56-genes-abca4-arl6-best1-c2orf71-c8orf37-ca4-cerkl-clrn1-cnga1-cngb1-crb1-crx-dhdds-eys-fam161a-flvcr1-fscn2-guca1b-idh3b-impdh1-impg2-klhl7-lrat","status":"publish","type":"product","link":"https:\/\/sistemasgenomicos.com\/es\/producto\/secuenciacion-masiva-panel-de-56-genes-abca4-arl6-best1-c2orf71-c8orf37-ca4-cerkl-clrn1-cnga1-cngb1-crb1-crx-dhdds-eys-fam161a-flvcr1-fscn2-guca1b-idh3b-impdh1-impg2-klhl7-lrat\/","title":{"rendered":"Secuenciaci\u00f3n masiva panel de 56 genes: ABCA4, ARL6, BEST1, C2orf71, C8ORF37, CA4, CERKL, CLRN1, CNGA1, CNGB1, CRB1, CRX, DHDDS, EYS, FAM161A, FLVCR1, FSCN2, GUCA1B, IDH3B, IMPDH1, IMPG2, KLHL7, LRAT, MAK, MERTK, NR2E3, NRL, PDE6A, PDE6B, PDE6G, PRCD, PROM1, PRPF3, PRPF6, PRPF8, PRPF31, PRPH2, RBP3, RDH12, RGR, RHO, RLBP1, ROM1, RP1, RP2, RP9, RPE65, RPGR, SAG, SEMA4A, SPATA7, TOPORS, TTC8, TULP1, USH2A, ZNF513."},"content":{"rendered":"","protected":false},"excerpt":{"rendered":"","protected":false},"featured_media":42665,"template":"","meta":[],"product_brand":[],"product_cat":[86,8679,8681,9355,9381,9383,9445,9389],"product_tag":[21271],"class_list":{"0":"post-5079","1":"product","2":"type-product","3":"status-publish","4":"has-post-thumbnail","6":"gen-prom1","7":"gen-nr2e3","8":"gen-spata7","9":"gen-ush2a","10":"gen-cngb1","11":"gen-impg2","12":"gen-prpf6","13":"gen-idh3b","14":"gen-rp2","15":"gen-rp1","16":"gen-crx","17":"gen-prpf31","18":"gen-impdh1","19":"gen-rbp3","20":"gen-mak","21":"gen-tulp1","22":"gen-guca1b","23":"gen-prph2","24":"gen-arl6","25":"gen-rpe65","26":"gen-prpf3","27":"gen-dhdds","28":"gen-lrat","29":"gen-klhl7","30":"gen-aipl1","31":"gen-nrl","32":"gen-sag","33":"gen-pde6a","34":"gen-pde6b","35":"gen-crb1","36":"gen-rdh12","37":"gen-rlbp1","38":"gen-rgr","39":"gen-rom1","40":"gen-mertk","41":"gen-c8orf37","42":"gen-rpgr","43":"gen-flvcr1","44":"gen-clrn1","45":"gen-znf513","46":"gen-rho","47":"gen-rp9","48":"gen-ttc8","49":"gen-ca4","50":"gen-best1","51":"gen-fam161a","52":"gen-prpf8","53":"gen-c2orf71","54":"gen-pde6g","55":"gen-fscn2","56":"gen-eys","57":"gen-cerkl","58":"gen-sema4a","59":"gen-topors","60":"gen-cnga1","61":"gen-abca4","62":"gen-prcd","63":"product_cat-analisis-y-estudios-geneticos","64":"product_cat-diagnostico-genetico-molecularn","65":"product_cat-diagnostico-genetico-por-secuenciacion-masiva","66":"product_cat-listado-de-enfermedades","67":"product_cat-neuropediatria-diagnostico-genetico-molecularn","68":"product_cat-oftalmologia-diagnostico-genetico-molecularn","69":"product_cat-paneles-oftalmologia-diagnostico-genetico-por-secuenciacion-masivan","70":"product_cat-pediatria-diagnostico-genetico-molecularn","71":"product_tag-retinosis-pigmentaria-autosomica-recesiva236","73":"first","74":"instock","75":"taxable","76":"shipping-taxable","77":"product-type-simple"},"acf":[],"yoast_head":"<!-- This site is optimized with the Yoast SEO plugin v27.4 - https:\/\/yoast.com\/product\/yoast-seo-wordpress\/ -->\n<title>Secuenciaci\u00f3n masiva panel de 56 genes: ABCA4, ARL6, BEST1, C2orf71, C8ORF37, CA4, CERKL, CLRN1, CNGA1, CNGB1, CRB1, CRX, DHDDS, EYS, FAM161A, FLVCR1, FSCN2, GUCA1B, IDH3B, IMPDH1, IMPG2, KLHL7, LRAT, MAK, MERTK, NR2E3, NRL, PDE6A, PDE6B, PDE6G, PRCD, PROM1, PRPF3, PRPF6, PRPF8, PRPF31, PRPH2, RBP3, RDH12, RGR, RHO, RLBP1, ROM1, RP1, RP2, RP9, RPE65, RPGR, SAG, SEMA4A, SPATA7, TOPORS, TTC8, TULP1, USH2A, ZNF513. - Sistemas Gen\u00f3micos<\/title>\n<meta name=\"robots\" content=\"index, follow, max-snippet:-1, max-image-preview:large, max-video-preview:-1\" \/>\n<link rel=\"canonical\" href=\"https:\/\/sistemasgenomicos.com\/es\/producto\/secuenciacion-masiva-panel-de-56-genes-abca4-arl6-best1-c2orf71-c8orf37-ca4-cerkl-clrn1-cnga1-cngb1-crb1-crx-dhdds-eys-fam161a-flvcr1-fscn2-guca1b-idh3b-impdh1-impg2-klhl7-lrat\/\" \/>\n<meta property=\"og:locale\" content=\"es_ES\" \/>\n<meta property=\"og:type\" content=\"article\" \/>\n<meta property=\"og:title\" content=\"Secuenciaci\u00f3n masiva panel de 56 genes: ABCA4, ARL6, BEST1, C2orf71, C8ORF37, CA4, CERKL, CLRN1, CNGA1, CNGB1, CRB1, CRX, DHDDS, EYS, FAM161A, FLVCR1, FSCN2, GUCA1B, IDH3B, IMPDH1, IMPG2, KLHL7, LRAT, MAK, MERTK, NR2E3, NRL, PDE6A, PDE6B, PDE6G, PRCD, PROM1, PRPF3, PRPF6, PRPF8, PRPF31, PRPH2, RBP3, RDH12, RGR, RHO, RLBP1, ROM1, RP1, RP2, RP9, RPE65, RPGR, SAG, SEMA4A, SPATA7, TOPORS, TTC8, TULP1, USH2A, ZNF513. - Sistemas Gen\u00f3micos\" \/>\n<meta property=\"og:url\" content=\"https:\/\/sistemasgenomicos.com\/es\/producto\/secuenciacion-masiva-panel-de-56-genes-abca4-arl6-best1-c2orf71-c8orf37-ca4-cerkl-clrn1-cnga1-cngb1-crb1-crx-dhdds-eys-fam161a-flvcr1-fscn2-guca1b-idh3b-impdh1-impg2-klhl7-lrat\/\" \/>\n<meta property=\"og:site_name\" content=\"Sistemas Gen\u00f3micos\" \/>\n<meta property=\"article:modified_time\" content=\"2020-09-30T03:49:58+00:00\" \/>\n<meta property=\"og:image\" content=\"https:\/\/sistemasgenomicos.com\/wp-content\/uploads\/2018\/04\/logo-sistemas-genomicos-default-1.jpg\" \/>\n\t<meta property=\"og:image:width\" content=\"1200\" \/>\n\t<meta property=\"og:image:height\" content=\"750\" \/>\n\t<meta property=\"og:image:type\" content=\"image\/jpeg\" \/>\n<meta name=\"twitter:card\" content=\"summary_large_image\" \/>\n<script type=\"application\/ld+json\" class=\"yoast-schema-graph\">{\"@context\":\"https:\\\/\\\/schema.org\",\"@graph\":[{\"@type\":\"WebPage\",\"@id\":\"https:\\\/\\\/sistemasgenomicos.com\\\/es\\\/producto\\\/secuenciacion-masiva-panel-de-56-genes-abca4-arl6-best1-c2orf71-c8orf37-ca4-cerkl-clrn1-cnga1-cngb1-crb1-crx-dhdds-eys-fam161a-flvcr1-fscn2-guca1b-idh3b-impdh1-impg2-klhl7-lrat\\\/\",\"url\":\"https:\\\/\\\/sistemasgenomicos.com\\\/es\\\/producto\\\/secuenciacion-masiva-panel-de-56-genes-abca4-arl6-best1-c2orf71-c8orf37-ca4-cerkl-clrn1-cnga1-cngb1-crb1-crx-dhdds-eys-fam161a-flvcr1-fscn2-guca1b-idh3b-impdh1-impg2-klhl7-lrat\\\/\",\"name\":\"Secuenciaci\u00f3n masiva panel de 56 genes: ABCA4, ARL6, BEST1, C2orf71, C8ORF37, CA4, CERKL, CLRN1, CNGA1, CNGB1, CRB1, CRX, DHDDS, EYS, FAM161A, FLVCR1, FSCN2, GUCA1B, IDH3B, IMPDH1, IMPG2, KLHL7, LRAT, MAK, MERTK, NR2E3, NRL, PDE6A, PDE6B, PDE6G, PRCD, PROM1, PRPF3, PRPF6, PRPF8, PRPF31, PRPH2, RBP3, RDH12, RGR, RHO, RLBP1, ROM1, RP1, RP2, RP9, RPE65, RPGR, SAG, SEMA4A, SPATA7, TOPORS, TTC8, TULP1, USH2A, ZNF513. - Sistemas Gen\u00f3micos\",\"isPartOf\":{\"@id\":\"https:\\\/\\\/sistemasgenomicos.com\\\/es\\\/#website\"},\"primaryImageOfPage\":{\"@id\":\"https:\\\/\\\/sistemasgenomicos.com\\\/es\\\/producto\\\/secuenciacion-masiva-panel-de-56-genes-abca4-arl6-best1-c2orf71-c8orf37-ca4-cerkl-clrn1-cnga1-cngb1-crb1-crx-dhdds-eys-fam161a-flvcr1-fscn2-guca1b-idh3b-impdh1-impg2-klhl7-lrat\\\/#primaryimage\"},\"image\":{\"@id\":\"https:\\\/\\\/sistemasgenomicos.com\\\/es\\\/producto\\\/secuenciacion-masiva-panel-de-56-genes-abca4-arl6-best1-c2orf71-c8orf37-ca4-cerkl-clrn1-cnga1-cngb1-crb1-crx-dhdds-eys-fam161a-flvcr1-fscn2-guca1b-idh3b-impdh1-impg2-klhl7-lrat\\\/#primaryimage\"},\"thumbnailUrl\":\"https:\\\/\\\/sistemasgenomicos.com\\\/wp-content\\\/uploads\\\/2018\\\/04\\\/logo-sistemas-genomicos-default-1.jpg\",\"datePublished\":\"2017-12-22T09:22:45+00:00\",\"dateModified\":\"2020-09-30T03:49:58+00:00\",\"breadcrumb\":{\"@id\":\"https:\\\/\\\/sistemasgenomicos.com\\\/es\\\/producto\\\/secuenciacion-masiva-panel-de-56-genes-abca4-arl6-best1-c2orf71-c8orf37-ca4-cerkl-clrn1-cnga1-cngb1-crb1-crx-dhdds-eys-fam161a-flvcr1-fscn2-guca1b-idh3b-impdh1-impg2-klhl7-lrat\\\/#breadcrumb\"},\"inLanguage\":\"es\",\"potentialAction\":[{\"@type\":\"ReadAction\",\"target\":[\"https:\\\/\\\/sistemasgenomicos.com\\\/es\\\/producto\\\/secuenciacion-masiva-panel-de-56-genes-abca4-arl6-best1-c2orf71-c8orf37-ca4-cerkl-clrn1-cnga1-cngb1-crb1-crx-dhdds-eys-fam161a-flvcr1-fscn2-guca1b-idh3b-impdh1-impg2-klhl7-lrat\\\/\"]}]},{\"@type\":\"ImageObject\",\"inLanguage\":\"es\",\"@id\":\"https:\\\/\\\/sistemasgenomicos.com\\\/es\\\/producto\\\/secuenciacion-masiva-panel-de-56-genes-abca4-arl6-best1-c2orf71-c8orf37-ca4-cerkl-clrn1-cnga1-cngb1-crb1-crx-dhdds-eys-fam161a-flvcr1-fscn2-guca1b-idh3b-impdh1-impg2-klhl7-lrat\\\/#primaryimage\",\"url\":\"https:\\\/\\\/sistemasgenomicos.com\\\/wp-content\\\/uploads\\\/2018\\\/04\\\/logo-sistemas-genomicos-default-1.jpg\",\"contentUrl\":\"https:\\\/\\\/sistemasgenomicos.com\\\/wp-content\\\/uploads\\\/2018\\\/04\\\/logo-sistemas-genomicos-default-1.jpg\",\"width\":1200,\"height\":750},{\"@type\":\"BreadcrumbList\",\"@id\":\"https:\\\/\\\/sistemasgenomicos.com\\\/es\\\/producto\\\/secuenciacion-masiva-panel-de-56-genes-abca4-arl6-best1-c2orf71-c8orf37-ca4-cerkl-clrn1-cnga1-cngb1-crb1-crx-dhdds-eys-fam161a-flvcr1-fscn2-guca1b-idh3b-impdh1-impg2-klhl7-lrat\\\/#breadcrumb\",\"itemListElement\":[{\"@type\":\"ListItem\",\"position\":1,\"name\":\"Portada\",\"item\":\"https:\\\/\\\/sistemasgenomicos.com\\\/es\\\/\"},{\"@type\":\"ListItem\",\"position\":2,\"name\":\"Tienda\",\"item\":\"https:\\\/\\\/sistemasgenomicos.com\\\/es\\\/tienda\\\/\"},{\"@type\":\"ListItem\",\"position\":3,\"name\":\"Secuenciaci\u00f3n masiva panel de 56 genes: ABCA4, ARL6, BEST1, C2orf71, C8ORF37, CA4, CERKL, CLRN1, CNGA1, CNGB1, CRB1, CRX, DHDDS, EYS, FAM161A, FLVCR1, FSCN2, GUCA1B, IDH3B, IMPDH1, IMPG2, KLHL7, LRAT, MAK, MERTK, NR2E3, NRL, PDE6A, PDE6B, PDE6G, PRCD, PROM1, PRPF3, PRPF6, PRPF8, PRPF31, PRPH2, RBP3, RDH12, RGR, RHO, RLBP1, ROM1, RP1, RP2, RP9, RPE65, RPGR, SAG, SEMA4A, SPATA7, TOPORS, TTC8, TULP1, USH2A, ZNF513.\"}]},{\"@type\":\"WebSite\",\"@id\":\"https:\\\/\\\/sistemasgenomicos.com\\\/es\\\/#website\",\"url\":\"https:\\\/\\\/sistemasgenomicos.com\\\/es\\\/\",\"name\":\"Sistemas Gen\u00f3micos\",\"description\":\"La mayor empresa dedicada a la investigaci\u00f3n gen\u00e9tica y molecular\",\"publisher\":{\"@id\":\"https:\\\/\\\/sistemasgenomicos.com\\\/es\\\/#organization\"},\"potentialAction\":[{\"@type\":\"SearchAction\",\"target\":{\"@type\":\"EntryPoint\",\"urlTemplate\":\"https:\\\/\\\/sistemasgenomicos.com\\\/es\\\/?s={search_term_string}\"},\"query-input\":{\"@type\":\"PropertyValueSpecification\",\"valueRequired\":true,\"valueName\":\"search_term_string\"}}],\"inLanguage\":\"es\"},{\"@type\":\"Organization\",\"@id\":\"https:\\\/\\\/sistemasgenomicos.com\\\/es\\\/#organization\",\"name\":\"Sistemas Gen\u00f3micos\",\"url\":\"https:\\\/\\\/sistemasgenomicos.com\\\/es\\\/\",\"logo\":{\"@type\":\"ImageObject\",\"inLanguage\":\"es\",\"@id\":\"https:\\\/\\\/sistemasgenomicos.com\\\/es\\\/#\\\/schema\\\/logo\\\/image\\\/\",\"url\":\"https:\\\/\\\/sistemasgenomicos.com\\\/wp-content\\\/uploads\\\/2022\\\/04\\\/image001-1.png\",\"contentUrl\":\"https:\\\/\\\/sistemasgenomicos.com\\\/wp-content\\\/uploads\\\/2022\\\/04\\\/image001-1.png\",\"width\":250,\"height\":122,\"caption\":\"Sistemas Gen\u00f3micos\"},\"image\":{\"@id\":\"https:\\\/\\\/sistemasgenomicos.com\\\/es\\\/#\\\/schema\\\/logo\\\/image\\\/\"}}]}<\/script>\n<!-- \/ Yoast SEO plugin. -->","yoast_head_json":{"title":"Secuenciaci\u00f3n masiva panel de 56 genes: ABCA4, ARL6, BEST1, C2orf71, C8ORF37, CA4, CERKL, CLRN1, CNGA1, CNGB1, CRB1, CRX, DHDDS, EYS, FAM161A, FLVCR1, FSCN2, GUCA1B, IDH3B, IMPDH1, IMPG2, KLHL7, LRAT, MAK, MERTK, NR2E3, NRL, PDE6A, PDE6B, PDE6G, PRCD, PROM1, PRPF3, PRPF6, PRPF8, PRPF31, PRPH2, RBP3, RDH12, RGR, RHO, RLBP1, ROM1, RP1, RP2, RP9, RPE65, RPGR, SAG, SEMA4A, SPATA7, TOPORS, TTC8, TULP1, USH2A, ZNF513. - Sistemas Gen\u00f3micos","robots":{"index":"index","follow":"follow","max-snippet":"max-snippet:-1","max-image-preview":"max-image-preview:large","max-video-preview":"max-video-preview:-1"},"canonical":"https:\/\/sistemasgenomicos.com\/es\/producto\/secuenciacion-masiva-panel-de-56-genes-abca4-arl6-best1-c2orf71-c8orf37-ca4-cerkl-clrn1-cnga1-cngb1-crb1-crx-dhdds-eys-fam161a-flvcr1-fscn2-guca1b-idh3b-impdh1-impg2-klhl7-lrat\/","og_locale":"es_ES","og_type":"article","og_title":"Secuenciaci\u00f3n masiva panel de 56 genes: ABCA4, ARL6, BEST1, C2orf71, C8ORF37, CA4, CERKL, CLRN1, CNGA1, CNGB1, CRB1, CRX, DHDDS, EYS, FAM161A, FLVCR1, FSCN2, GUCA1B, IDH3B, IMPDH1, IMPG2, KLHL7, LRAT, MAK, MERTK, NR2E3, NRL, PDE6A, PDE6B, PDE6G, PRCD, PROM1, PRPF3, PRPF6, PRPF8, PRPF31, PRPH2, RBP3, RDH12, RGR, RHO, RLBP1, ROM1, RP1, RP2, RP9, RPE65, RPGR, SAG, SEMA4A, SPATA7, TOPORS, TTC8, TULP1, USH2A, ZNF513. - Sistemas Gen\u00f3micos","og_url":"https:\/\/sistemasgenomicos.com\/es\/producto\/secuenciacion-masiva-panel-de-56-genes-abca4-arl6-best1-c2orf71-c8orf37-ca4-cerkl-clrn1-cnga1-cngb1-crb1-crx-dhdds-eys-fam161a-flvcr1-fscn2-guca1b-idh3b-impdh1-impg2-klhl7-lrat\/","og_site_name":"Sistemas Gen\u00f3micos","article_modified_time":"2020-09-30T03:49:58+00:00","og_image":[{"width":1200,"height":750,"url":"https:\/\/sistemasgenomicos.com\/wp-content\/uploads\/2018\/04\/logo-sistemas-genomicos-default-1.jpg","type":"image\/jpeg"}],"twitter_card":"summary_large_image","schema":{"@context":"https:\/\/schema.org","@graph":[{"@type":"WebPage","@id":"https:\/\/sistemasgenomicos.com\/es\/producto\/secuenciacion-masiva-panel-de-56-genes-abca4-arl6-best1-c2orf71-c8orf37-ca4-cerkl-clrn1-cnga1-cngb1-crb1-crx-dhdds-eys-fam161a-flvcr1-fscn2-guca1b-idh3b-impdh1-impg2-klhl7-lrat\/","url":"https:\/\/sistemasgenomicos.com\/es\/producto\/secuenciacion-masiva-panel-de-56-genes-abca4-arl6-best1-c2orf71-c8orf37-ca4-cerkl-clrn1-cnga1-cngb1-crb1-crx-dhdds-eys-fam161a-flvcr1-fscn2-guca1b-idh3b-impdh1-impg2-klhl7-lrat\/","name":"Secuenciaci\u00f3n masiva panel de 56 genes: ABCA4, ARL6, BEST1, C2orf71, C8ORF37, CA4, CERKL, CLRN1, CNGA1, CNGB1, CRB1, CRX, DHDDS, EYS, FAM161A, FLVCR1, FSCN2, GUCA1B, IDH3B, IMPDH1, IMPG2, KLHL7, LRAT, MAK, MERTK, NR2E3, NRL, PDE6A, PDE6B, PDE6G, PRCD, PROM1, PRPF3, PRPF6, PRPF8, PRPF31, PRPH2, RBP3, RDH12, RGR, RHO, RLBP1, ROM1, RP1, RP2, RP9, RPE65, RPGR, SAG, SEMA4A, SPATA7, TOPORS, TTC8, TULP1, USH2A, ZNF513. - Sistemas Gen\u00f3micos","isPartOf":{"@id":"https:\/\/sistemasgenomicos.com\/es\/#website"},"primaryImageOfPage":{"@id":"https:\/\/sistemasgenomicos.com\/es\/producto\/secuenciacion-masiva-panel-de-56-genes-abca4-arl6-best1-c2orf71-c8orf37-ca4-cerkl-clrn1-cnga1-cngb1-crb1-crx-dhdds-eys-fam161a-flvcr1-fscn2-guca1b-idh3b-impdh1-impg2-klhl7-lrat\/#primaryimage"},"image":{"@id":"https:\/\/sistemasgenomicos.com\/es\/producto\/secuenciacion-masiva-panel-de-56-genes-abca4-arl6-best1-c2orf71-c8orf37-ca4-cerkl-clrn1-cnga1-cngb1-crb1-crx-dhdds-eys-fam161a-flvcr1-fscn2-guca1b-idh3b-impdh1-impg2-klhl7-lrat\/#primaryimage"},"thumbnailUrl":"https:\/\/sistemasgenomicos.com\/wp-content\/uploads\/2018\/04\/logo-sistemas-genomicos-default-1.jpg","datePublished":"2017-12-22T09:22:45+00:00","dateModified":"2020-09-30T03:49:58+00:00","breadcrumb":{"@id":"https:\/\/sistemasgenomicos.com\/es\/producto\/secuenciacion-masiva-panel-de-56-genes-abca4-arl6-best1-c2orf71-c8orf37-ca4-cerkl-clrn1-cnga1-cngb1-crb1-crx-dhdds-eys-fam161a-flvcr1-fscn2-guca1b-idh3b-impdh1-impg2-klhl7-lrat\/#breadcrumb"},"inLanguage":"es","potentialAction":[{"@type":"ReadAction","target":["https:\/\/sistemasgenomicos.com\/es\/producto\/secuenciacion-masiva-panel-de-56-genes-abca4-arl6-best1-c2orf71-c8orf37-ca4-cerkl-clrn1-cnga1-cngb1-crb1-crx-dhdds-eys-fam161a-flvcr1-fscn2-guca1b-idh3b-impdh1-impg2-klhl7-lrat\/"]}]},{"@type":"ImageObject","inLanguage":"es","@id":"https:\/\/sistemasgenomicos.com\/es\/producto\/secuenciacion-masiva-panel-de-56-genes-abca4-arl6-best1-c2orf71-c8orf37-ca4-cerkl-clrn1-cnga1-cngb1-crb1-crx-dhdds-eys-fam161a-flvcr1-fscn2-guca1b-idh3b-impdh1-impg2-klhl7-lrat\/#primaryimage","url":"https:\/\/sistemasgenomicos.com\/wp-content\/uploads\/2018\/04\/logo-sistemas-genomicos-default-1.jpg","contentUrl":"https:\/\/sistemasgenomicos.com\/wp-content\/uploads\/2018\/04\/logo-sistemas-genomicos-default-1.jpg","width":1200,"height":750},{"@type":"BreadcrumbList","@id":"https:\/\/sistemasgenomicos.com\/es\/producto\/secuenciacion-masiva-panel-de-56-genes-abca4-arl6-best1-c2orf71-c8orf37-ca4-cerkl-clrn1-cnga1-cngb1-crb1-crx-dhdds-eys-fam161a-flvcr1-fscn2-guca1b-idh3b-impdh1-impg2-klhl7-lrat\/#breadcrumb","itemListElement":[{"@type":"ListItem","position":1,"name":"Portada","item":"https:\/\/sistemasgenomicos.com\/es\/"},{"@type":"ListItem","position":2,"name":"Tienda","item":"https:\/\/sistemasgenomicos.com\/es\/tienda\/"},{"@type":"ListItem","position":3,"name":"Secuenciaci\u00f3n masiva panel de 56 genes: ABCA4, ARL6, BEST1, C2orf71, C8ORF37, CA4, CERKL, CLRN1, CNGA1, CNGB1, CRB1, CRX, DHDDS, EYS, FAM161A, FLVCR1, FSCN2, GUCA1B, IDH3B, IMPDH1, IMPG2, KLHL7, LRAT, MAK, MERTK, NR2E3, NRL, PDE6A, PDE6B, PDE6G, PRCD, PROM1, PRPF3, PRPF6, PRPF8, PRPF31, PRPH2, RBP3, RDH12, RGR, RHO, RLBP1, ROM1, RP1, RP2, RP9, RPE65, RPGR, SAG, SEMA4A, SPATA7, TOPORS, TTC8, TULP1, USH2A, ZNF513."}]},{"@type":"WebSite","@id":"https:\/\/sistemasgenomicos.com\/es\/#website","url":"https:\/\/sistemasgenomicos.com\/es\/","name":"Sistemas Gen\u00f3micos","description":"La mayor empresa dedicada a la investigaci\u00f3n gen\u00e9tica y molecular","publisher":{"@id":"https:\/\/sistemasgenomicos.com\/es\/#organization"},"potentialAction":[{"@type":"SearchAction","target":{"@type":"EntryPoint","urlTemplate":"https:\/\/sistemasgenomicos.com\/es\/?s={search_term_string}"},"query-input":{"@type":"PropertyValueSpecification","valueRequired":true,"valueName":"search_term_string"}}],"inLanguage":"es"},{"@type":"Organization","@id":"https:\/\/sistemasgenomicos.com\/es\/#organization","name":"Sistemas Gen\u00f3micos","url":"https:\/\/sistemasgenomicos.com\/es\/","logo":{"@type":"ImageObject","inLanguage":"es","@id":"https:\/\/sistemasgenomicos.com\/es\/#\/schema\/logo\/image\/","url":"https:\/\/sistemasgenomicos.com\/wp-content\/uploads\/2022\/04\/image001-1.png","contentUrl":"https:\/\/sistemasgenomicos.com\/wp-content\/uploads\/2022\/04\/image001-1.png","width":250,"height":122,"caption":"Sistemas Gen\u00f3micos"},"image":{"@id":"https:\/\/sistemasgenomicos.com\/es\/#\/schema\/logo\/image\/"}}]}},"_links":{"self":[{"href":"https:\/\/sistemasgenomicos.com\/es\/wp-json\/wp\/v2\/product\/5079","targetHints":{"allow":["GET"]}}],"collection":[{"href":"https:\/\/sistemasgenomicos.com\/es\/wp-json\/wp\/v2\/product"}],"about":[{"href":"https:\/\/sistemasgenomicos.com\/es\/wp-json\/wp\/v2\/types\/product"}],"wp:featuredmedia":[{"embeddable":true,"href":"https:\/\/sistemasgenomicos.com\/es\/wp-json\/wp\/v2\/media\/42665"}],"wp:attachment":[{"href":"https:\/\/sistemasgenomicos.com\/es\/wp-json\/wp\/v2\/media?parent=5079"}],"wp:term":[{"taxonomy":"product_brand","embeddable":true,"href":"https:\/\/sistemasgenomicos.com\/es\/wp-json\/wp\/v2\/product_brand?post=5079"},{"taxonomy":"product_cat","embeddable":true,"href":"https:\/\/sistemasgenomicos.com\/es\/wp-json\/wp\/v2\/product_cat?post=5079"},{"taxonomy":"product_tag","embeddable":true,"href":"https:\/\/sistemasgenomicos.com\/es\/wp-json\/wp\/v2\/product_tag?post=5079"}],"curies":[{"name":"wp","href":"https:\/\/api.w.org\/{rel}","templated":true}]}}