{"id":5067,"date":"2017-12-22T09:22:26","date_gmt":"2017-12-22T09:22:26","guid":{"rendered":"https:\/\/sistemasgenomicos.digitis.net\/tienda-online\/osteo-genesgkit-ce-241-genes-12-reacciones\/"},"modified":"2020-09-30T05:49:53","modified_gmt":"2020-09-30T03:49:53","slug":"osteo-genesgkit-ce-241-genes-12-reacciones","status":"publish","type":"product","link":"https:\/\/sistemasgenomicos.com\/es\/producto\/osteo-genesgkit-ce-241-genes-12-reacciones\/","title":{"rendered":"Osteo-GeneSGKit-CE. 241 Genes. 12 Reacciones"},"content":{"rendered":"","protected":false},"excerpt":{"rendered":"","protected":false},"featured_media":42665,"template":"","meta":[],"product_brand":[],"product_cat":[9460,8703,47],"product_tag":[23689],"class_list":{"0":"post-5067","1":"product","2":"type-product","3":"status-publish","4":"has-post-thumbnail","6":"gen-hoxa11","7":"gen-tyrobp","8":"gen-agps","9":"gen-vcan","10":"gen-cul7","11":"gen-col9a2","12":"gen-eln","13":"gen-alx4","14":"gen-wnk1","15":"gen-col11a1","16":"gen-dlx3","17":"gen-pou1f1","18":"gen-col17a1","19":"gen-fgfr2","20":"gen-fgfr3","21":"gen-rasgrp2","22":"gen-ift80","23":"gen-pitx1","24":"gen-tgfbr3","25":"gen-tcof1","26":"gen-evc","27":"gen-tp63","28":"gen-gli2","29":"gen-fgfr1","30":"gen-col4a4","31":"gen-ostm1","32":"gen-plod1","33":"gen-orc1","34":"gen-adamts2","35":"gen-mmp2","36":"gen-sh3bp2","37":"gen-gnas","38":"gen-pthlh","39":"gen-ltbp4","40":"gen-efnb1","41":"gen-dll3","42":"gen-tbx15","43":"gen-col9a3","44":"gen-tmem38b","45":"gen-trem2","46":"gen-trip11","47":"gen-mmp9","48":"gen-lpin2","49":"gen-phex","50":"gen-fgf9","51":"gen-dhodh","52":"gen-clcn7","53":"gen-ca2","54":"gen-impad1","55":"gen-tgfb1","56":"gen-comp","57":"gen-lmbr1","58":"gen-lfng","59":"gen-hoxa13","60":"gen-plod3","61":"gen-gli3","62":"gen-lhx3","63":"gen-wnt3","64":"gen-col1a1","65":"gen-fam20a","66":"gen-slc9a3r1","67":"gen-myh3","68":"gen-nkx3-2","69":"gen-tcirg1","70":"gen-cyp27b1","71":"gen-gli1","72":"gen-trpv4","73":"gen-mgp","74":"gen-col12a1","75":"gen-col9a1","76":"gen-pex7","77":"gen-wisp3","78":"gen-ghr","79":"gen-lifr","80":"gen-col7a1","81":"gen-galnt3","82":"gen-slc25a12","83":"gen-prg4","84":"gen-slc35d1","85":"gen-gnpat","86":"gen-p3h1","87":"gen-colec11","88":"gen-ttr","89":"gen-wdr35","90":"gen-fgf23","91":"gen-gle1","92":"gen-msx2","93":"gen-gorab","94":"gen-tnfsf11","95":"gen-tbx4","96":"gen-lhx4","97":"gen-ghsr","98":"gen-twist1","99":"gen-chst3","100":"gen-col10a1","101":"gen-ttc21b","102":"gen-obsl1","103":"gen-runx2","104":"gen-wnt1","105":"gen-sox9","106":"gen-gdf5","107":"gen-masp1","108":"gen-hoxd10","109":"gen-hoxd13","110":"gen-tnnt3","111":"gen-tnni2","112":"gen-col5a1","113":"gen-slc34a1","114":"gen-chsy1","115":"gen-matn3","116":"gen-serpinf1","117":"gen-enam","118":"gen-myh8","119":"gen-notch2","120":"gen-lrp4","121":"gen-col4a2","122":"gen-pax3","123":"gen-wnt10a","124":"gen-flnb","125":"gen-il1rn","126":"gen-lmx1b","127":"gen-il11ra","128":"gen-nek1","129":"gen-mmp20","130":"gen-mmp13","131":"gen-bmpr1b","132":"gen-col2a1","133":"gen-fbln5","134":"gen-adamts17","135":"gen-dym","136":"gen-tnfrsf11a","137":"gen-fkbp10","138":"gen-col6a1","139":"gen-col6a2","140":"gen-adamts10","141":"gen-hspg2","142":"gen-ctsk","143":"gen-lbr","144":"gen-ebp","145":"gen-serpinh1","146":"gen-b3gat3","147":"gen-fermt3","148":"gen-ext2","149":"gen-vipas39","150":"gen-dspp","151":"gen-dmp1","152":"gen-gja1","153":"gen-plod2","154":"gen-ankh","155":"gen-wnt7a","156":"gen-slc26a2","157":"gen-alx3","158":"gen-gdf6","159":"gen-arse","160":"gen-acan","161":"gen-wdr19","162":"gen-npr2","163":"gen-cbs","164":"gen-pcnt","165":"gen-pth1r","166":"gen-recql4","167":"gen-sqstm1","168":"gen-lrp5","169":"gen-alpl","170":"gen-nlrp3","171":"gen-ddr2","172":"gen-msx1","173":"gen-antxr2","174":"gen-col6a3","175":"gen-ihh","176":"gen-hesx1","177":"gen-hpgd","178":"gen-bmper","179":"gen-col1a2","180":"gen-tnfrsf11b","181":"gen-atp7a","182":"gen-otx2","183":"gen-slc39a13","184":"gen-rapsn","185":"gen-wdr72","186":"gen-ppib","187":"gen-smad3","188":"gen-klk4","189":"gen-sost","190":"gen-tnxb","191":"gen-bmp1","192":"gen-col3a1","193":"gen-col4a3","194":"gen-ror2","195":"gen-chst14","196":"gen-wnt10b","197":"gen-crtap","198":"gen-sp7","199":"gen-cant1","200":"gen-esco2","201":"gen-polr1c","202":"gen-asxl1","203":"gen-ano5","204":"gen-col8a2","205":"gen-eif2ak3","206":"gen-efemp2","207":"gen-evc2","208":"gen-lemd3","209":"gen-sh3pxd2b","210":"gen-glmn","211":"gen-prop1","212":"gen-banf1","213":"gen-dok7","214":"gen-fam20c","215":"gen-hes7","216":"gen-fam83h","217":"gen-sox2","218":"gen-ext1","219":"gen-col18a1","220":"gen-pycr1","221":"gen-gpc6","222":"gen-nog","223":"gen-vps33b","224":"gen-amer1","225":"gen-atp6v0a2","226":"gen-shox","227":"gen-dync2h1","228":"gen-col4a1","229":"gen-mesp2","230":"gen-col4a5","231":"gen-mybpc1","232":"gen-trappc2","233":"gen-flna","234":"gen-slc2a10","235":"gen-col4a6","236":"gen-enpp1","237":"gen-adamtsl2","238":"gen-tpm2","239":"gen-slc34a3","240":"gen-papss2","241":"gen-col11a2","242":"gen-col5a2","243":"gen-plekhm1","244":"gen-znf469","245":"gen-rnu4atac","246":"gen-rmrp","247":"product_cat-colagenopatias-y-osteodisplasias-genesgkit-biomedicina-kits-de-diagnostico","248":"product_cat-genesgkit-biomedicina-kits-de-diagnostico","249":"product_cat-kits-de-diagnostico","250":"product_tag-kits-colagenopatias-y-osteodisplasiasc00591","252":"first","253":"instock","254":"taxable","255":"shipping-taxable","256":"product-type-simple"},"acf":[],"yoast_head":"<!-- This site is optimized with the Yoast SEO plugin v27.4 - https:\/\/yoast.com\/product\/yoast-seo-wordpress\/ -->\n<title>Osteo-GeneSGKit-CE. 241 Genes. 12 Reacciones - Sistemas Gen\u00f3micos<\/title>\n<meta name=\"robots\" content=\"index, follow, max-snippet:-1, max-image-preview:large, max-video-preview:-1\" \/>\n<link rel=\"canonical\" href=\"https:\/\/sistemasgenomicos.com\/es\/producto\/osteo-genesgkit-ce-241-genes-12-reacciones\/\" \/>\n<meta property=\"og:locale\" content=\"es_ES\" \/>\n<meta property=\"og:type\" content=\"article\" \/>\n<meta property=\"og:title\" content=\"Osteo-GeneSGKit-CE. 241 Genes. 12 Reacciones - Sistemas Gen\u00f3micos\" \/>\n<meta property=\"og:url\" content=\"https:\/\/sistemasgenomicos.com\/es\/producto\/osteo-genesgkit-ce-241-genes-12-reacciones\/\" \/>\n<meta property=\"og:site_name\" content=\"Sistemas Gen\u00f3micos\" \/>\n<meta property=\"article:modified_time\" content=\"2020-09-30T03:49:53+00:00\" \/>\n<meta property=\"og:image\" content=\"https:\/\/sistemasgenomicos.com\/wp-content\/uploads\/2018\/04\/logo-sistemas-genomicos-default-1.jpg\" \/>\n\t<meta property=\"og:image:width\" content=\"1200\" \/>\n\t<meta property=\"og:image:height\" content=\"750\" \/>\n\t<meta property=\"og:image:type\" content=\"image\/jpeg\" \/>\n<meta name=\"twitter:card\" content=\"summary_large_image\" \/>\n<script type=\"application\/ld+json\" class=\"yoast-schema-graph\">{\"@context\":\"https:\\\/\\\/schema.org\",\"@graph\":[{\"@type\":\"WebPage\",\"@id\":\"https:\\\/\\\/sistemasgenomicos.com\\\/es\\\/producto\\\/osteo-genesgkit-ce-241-genes-12-reacciones\\\/\",\"url\":\"https:\\\/\\\/sistemasgenomicos.com\\\/es\\\/producto\\\/osteo-genesgkit-ce-241-genes-12-reacciones\\\/\",\"name\":\"Osteo-GeneSGKit-CE. 241 Genes. 12 Reacciones - Sistemas Gen\u00f3micos\",\"isPartOf\":{\"@id\":\"https:\\\/\\\/sistemasgenomicos.com\\\/es\\\/#website\"},\"primaryImageOfPage\":{\"@id\":\"https:\\\/\\\/sistemasgenomicos.com\\\/es\\\/producto\\\/osteo-genesgkit-ce-241-genes-12-reacciones\\\/#primaryimage\"},\"image\":{\"@id\":\"https:\\\/\\\/sistemasgenomicos.com\\\/es\\\/producto\\\/osteo-genesgkit-ce-241-genes-12-reacciones\\\/#primaryimage\"},\"thumbnailUrl\":\"https:\\\/\\\/sistemasgenomicos.com\\\/wp-content\\\/uploads\\\/2018\\\/04\\\/logo-sistemas-genomicos-default-1.jpg\",\"datePublished\":\"2017-12-22T09:22:26+00:00\",\"dateModified\":\"2020-09-30T03:49:53+00:00\",\"breadcrumb\":{\"@id\":\"https:\\\/\\\/sistemasgenomicos.com\\\/es\\\/producto\\\/osteo-genesgkit-ce-241-genes-12-reacciones\\\/#breadcrumb\"},\"inLanguage\":\"es\",\"potentialAction\":[{\"@type\":\"ReadAction\",\"target\":[\"https:\\\/\\\/sistemasgenomicos.com\\\/es\\\/producto\\\/osteo-genesgkit-ce-241-genes-12-reacciones\\\/\"]}]},{\"@type\":\"ImageObject\",\"inLanguage\":\"es\",\"@id\":\"https:\\\/\\\/sistemasgenomicos.com\\\/es\\\/producto\\\/osteo-genesgkit-ce-241-genes-12-reacciones\\\/#primaryimage\",\"url\":\"https:\\\/\\\/sistemasgenomicos.com\\\/wp-content\\\/uploads\\\/2018\\\/04\\\/logo-sistemas-genomicos-default-1.jpg\",\"contentUrl\":\"https:\\\/\\\/sistemasgenomicos.com\\\/wp-content\\\/uploads\\\/2018\\\/04\\\/logo-sistemas-genomicos-default-1.jpg\",\"width\":1200,\"height\":750},{\"@type\":\"BreadcrumbList\",\"@id\":\"https:\\\/\\\/sistemasgenomicos.com\\\/es\\\/producto\\\/osteo-genesgkit-ce-241-genes-12-reacciones\\\/#breadcrumb\",\"itemListElement\":[{\"@type\":\"ListItem\",\"position\":1,\"name\":\"Portada\",\"item\":\"https:\\\/\\\/sistemasgenomicos.com\\\/es\\\/\"},{\"@type\":\"ListItem\",\"position\":2,\"name\":\"Tienda\",\"item\":\"https:\\\/\\\/sistemasgenomicos.com\\\/es\\\/tienda\\\/\"},{\"@type\":\"ListItem\",\"position\":3,\"name\":\"Osteo-GeneSGKit-CE. 241 Genes. 12 Reacciones\"}]},{\"@type\":\"WebSite\",\"@id\":\"https:\\\/\\\/sistemasgenomicos.com\\\/es\\\/#website\",\"url\":\"https:\\\/\\\/sistemasgenomicos.com\\\/es\\\/\",\"name\":\"Sistemas Gen\u00f3micos\",\"description\":\"La mayor empresa dedicada a la investigaci\u00f3n gen\u00e9tica y molecular\",\"publisher\":{\"@id\":\"https:\\\/\\\/sistemasgenomicos.com\\\/es\\\/#organization\"},\"potentialAction\":[{\"@type\":\"SearchAction\",\"target\":{\"@type\":\"EntryPoint\",\"urlTemplate\":\"https:\\\/\\\/sistemasgenomicos.com\\\/es\\\/?s={search_term_string}\"},\"query-input\":{\"@type\":\"PropertyValueSpecification\",\"valueRequired\":true,\"valueName\":\"search_term_string\"}}],\"inLanguage\":\"es\"},{\"@type\":\"Organization\",\"@id\":\"https:\\\/\\\/sistemasgenomicos.com\\\/es\\\/#organization\",\"name\":\"Sistemas Gen\u00f3micos\",\"url\":\"https:\\\/\\\/sistemasgenomicos.com\\\/es\\\/\",\"logo\":{\"@type\":\"ImageObject\",\"inLanguage\":\"es\",\"@id\":\"https:\\\/\\\/sistemasgenomicos.com\\\/es\\\/#\\\/schema\\\/logo\\\/image\\\/\",\"url\":\"https:\\\/\\\/sistemasgenomicos.com\\\/wp-content\\\/uploads\\\/2022\\\/04\\\/image001-1.png\",\"contentUrl\":\"https:\\\/\\\/sistemasgenomicos.com\\\/wp-content\\\/uploads\\\/2022\\\/04\\\/image001-1.png\",\"width\":250,\"height\":122,\"caption\":\"Sistemas Gen\u00f3micos\"},\"image\":{\"@id\":\"https:\\\/\\\/sistemasgenomicos.com\\\/es\\\/#\\\/schema\\\/logo\\\/image\\\/\"}}]}<\/script>\n<!-- \/ Yoast SEO plugin. -->","yoast_head_json":{"title":"Osteo-GeneSGKit-CE. 241 Genes. 12 Reacciones - Sistemas Gen\u00f3micos","robots":{"index":"index","follow":"follow","max-snippet":"max-snippet:-1","max-image-preview":"max-image-preview:large","max-video-preview":"max-video-preview:-1"},"canonical":"https:\/\/sistemasgenomicos.com\/es\/producto\/osteo-genesgkit-ce-241-genes-12-reacciones\/","og_locale":"es_ES","og_type":"article","og_title":"Osteo-GeneSGKit-CE. 241 Genes. 12 Reacciones - Sistemas Gen\u00f3micos","og_url":"https:\/\/sistemasgenomicos.com\/es\/producto\/osteo-genesgkit-ce-241-genes-12-reacciones\/","og_site_name":"Sistemas Gen\u00f3micos","article_modified_time":"2020-09-30T03:49:53+00:00","og_image":[{"width":1200,"height":750,"url":"https:\/\/sistemasgenomicos.com\/wp-content\/uploads\/2018\/04\/logo-sistemas-genomicos-default-1.jpg","type":"image\/jpeg"}],"twitter_card":"summary_large_image","schema":{"@context":"https:\/\/schema.org","@graph":[{"@type":"WebPage","@id":"https:\/\/sistemasgenomicos.com\/es\/producto\/osteo-genesgkit-ce-241-genes-12-reacciones\/","url":"https:\/\/sistemasgenomicos.com\/es\/producto\/osteo-genesgkit-ce-241-genes-12-reacciones\/","name":"Osteo-GeneSGKit-CE. 241 Genes. 12 Reacciones - Sistemas Gen\u00f3micos","isPartOf":{"@id":"https:\/\/sistemasgenomicos.com\/es\/#website"},"primaryImageOfPage":{"@id":"https:\/\/sistemasgenomicos.com\/es\/producto\/osteo-genesgkit-ce-241-genes-12-reacciones\/#primaryimage"},"image":{"@id":"https:\/\/sistemasgenomicos.com\/es\/producto\/osteo-genesgkit-ce-241-genes-12-reacciones\/#primaryimage"},"thumbnailUrl":"https:\/\/sistemasgenomicos.com\/wp-content\/uploads\/2018\/04\/logo-sistemas-genomicos-default-1.jpg","datePublished":"2017-12-22T09:22:26+00:00","dateModified":"2020-09-30T03:49:53+00:00","breadcrumb":{"@id":"https:\/\/sistemasgenomicos.com\/es\/producto\/osteo-genesgkit-ce-241-genes-12-reacciones\/#breadcrumb"},"inLanguage":"es","potentialAction":[{"@type":"ReadAction","target":["https:\/\/sistemasgenomicos.com\/es\/producto\/osteo-genesgkit-ce-241-genes-12-reacciones\/"]}]},{"@type":"ImageObject","inLanguage":"es","@id":"https:\/\/sistemasgenomicos.com\/es\/producto\/osteo-genesgkit-ce-241-genes-12-reacciones\/#primaryimage","url":"https:\/\/sistemasgenomicos.com\/wp-content\/uploads\/2018\/04\/logo-sistemas-genomicos-default-1.jpg","contentUrl":"https:\/\/sistemasgenomicos.com\/wp-content\/uploads\/2018\/04\/logo-sistemas-genomicos-default-1.jpg","width":1200,"height":750},{"@type":"BreadcrumbList","@id":"https:\/\/sistemasgenomicos.com\/es\/producto\/osteo-genesgkit-ce-241-genes-12-reacciones\/#breadcrumb","itemListElement":[{"@type":"ListItem","position":1,"name":"Portada","item":"https:\/\/sistemasgenomicos.com\/es\/"},{"@type":"ListItem","position":2,"name":"Tienda","item":"https:\/\/sistemasgenomicos.com\/es\/tienda\/"},{"@type":"ListItem","position":3,"name":"Osteo-GeneSGKit-CE. 241 Genes. 12 Reacciones"}]},{"@type":"WebSite","@id":"https:\/\/sistemasgenomicos.com\/es\/#website","url":"https:\/\/sistemasgenomicos.com\/es\/","name":"Sistemas Gen\u00f3micos","description":"La mayor empresa dedicada a la investigaci\u00f3n gen\u00e9tica y molecular","publisher":{"@id":"https:\/\/sistemasgenomicos.com\/es\/#organization"},"potentialAction":[{"@type":"SearchAction","target":{"@type":"EntryPoint","urlTemplate":"https:\/\/sistemasgenomicos.com\/es\/?s={search_term_string}"},"query-input":{"@type":"PropertyValueSpecification","valueRequired":true,"valueName":"search_term_string"}}],"inLanguage":"es"},{"@type":"Organization","@id":"https:\/\/sistemasgenomicos.com\/es\/#organization","name":"Sistemas Gen\u00f3micos","url":"https:\/\/sistemasgenomicos.com\/es\/","logo":{"@type":"ImageObject","inLanguage":"es","@id":"https:\/\/sistemasgenomicos.com\/es\/#\/schema\/logo\/image\/","url":"https:\/\/sistemasgenomicos.com\/wp-content\/uploads\/2022\/04\/image001-1.png","contentUrl":"https:\/\/sistemasgenomicos.com\/wp-content\/uploads\/2022\/04\/image001-1.png","width":250,"height":122,"caption":"Sistemas Gen\u00f3micos"},"image":{"@id":"https:\/\/sistemasgenomicos.com\/es\/#\/schema\/logo\/image\/"}}]}},"_links":{"self":[{"href":"https:\/\/sistemasgenomicos.com\/es\/wp-json\/wp\/v2\/product\/5067","targetHints":{"allow":["GET"]}}],"collection":[{"href":"https:\/\/sistemasgenomicos.com\/es\/wp-json\/wp\/v2\/product"}],"about":[{"href":"https:\/\/sistemasgenomicos.com\/es\/wp-json\/wp\/v2\/types\/product"}],"wp:featuredmedia":[{"embeddable":true,"href":"https:\/\/sistemasgenomicos.com\/es\/wp-json\/wp\/v2\/media\/42665"}],"wp:attachment":[{"href":"https:\/\/sistemasgenomicos.com\/es\/wp-json\/wp\/v2\/media?parent=5067"}],"wp:term":[{"taxonomy":"product_brand","embeddable":true,"href":"https:\/\/sistemasgenomicos.com\/es\/wp-json\/wp\/v2\/product_brand?post=5067"},{"taxonomy":"product_cat","embeddable":true,"href":"https:\/\/sistemasgenomicos.com\/es\/wp-json\/wp\/v2\/product_cat?post=5067"},{"taxonomy":"product_tag","embeddable":true,"href":"https:\/\/sistemasgenomicos.com\/es\/wp-json\/wp\/v2\/product_tag?post=5067"}],"curies":[{"name":"wp","href":"https:\/\/api.w.org\/{rel}","templated":true}]}}