{"id":4931,"date":"2017-12-22T09:21:09","date_gmt":"2017-12-22T09:21:09","guid":{"rendered":"https:\/\/sistemasgenomicos.digitis.net\/tienda-online\/secuenciacion-masiva-panel-de-124-genes-abcd1-acsl4-aff2-agtr2-ammecr1-ap1s2-ar-arhgef6-arhgef9-arx-asmt-atp6ap2-atp7a-atrx-bcap31-bcor-bex4-brwd3-cask-ccdc22-cdk16-cdkl5-clic2\/"},"modified":"2020-09-30T05:49:10","modified_gmt":"2020-09-30T03:49:10","slug":"secuenciacion-masiva-panel-de-124-genes-abcd1-acsl4-aff2-agtr2-ammecr1-ap1s2-ar-arhgef6-arhgef9-arx-asmt-atp6ap2-atp7a-atrx-bcap31-bcor-bex4-brwd3-cask-ccdc22-cdk16-cdkl5-clic2","status":"publish","type":"product","link":"https:\/\/sistemasgenomicos.com\/es\/producto\/secuenciacion-masiva-panel-de-124-genes-abcd1-acsl4-aff2-agtr2-ammecr1-ap1s2-ar-arhgef6-arhgef9-arx-asmt-atp6ap2-atp7a-atrx-bcap31-bcor-bex4-brwd3-cask-ccdc22-cdk16-cdkl5-clic2\/","title":{"rendered":"Secuenciaci\u00f3n masiva panel de 124 genes: ABCD1, ACSL4, AFF2, AGTR2, AMMECR1, AP1S2, AR, ARHGEF6, ARHGEF9, ARX, ASMT, ATP6AP2, ATP7A, ATRX, BCAP31, BCOR, BEX4, BRWD3, CASK, CCDC22, CDK16, CDKL5, CLIC2, CNKSR2, CUL4B, DCX, DKC1, DLG3, FANCB, FGD1, FLNA, FMR1, FRMPD4, FTSJ1, G6PD, GABRE, GDI1, GK, GPC3, GPC4, GRIA3, HCCS, HCFC1, HDAC6, HDAC8, HPRT1, HSD17B10, HUWE1, IDS, IGBP1, IL1RAPL1, IQSEC2, KDM5C, KDM6A, KIAA2022, KLF8, L1CAM, LAMP2, MAGT1, MAOA, MAOB, MBTPS2, MECP2, MED12, MID1, MTM1, NAA10, NDP, NDUFA1, NHS, NLGN3, NLGN4X, NSDHL, NXF2, NXF5, OCRL, OFD1, OPHN1, OTC, P2RY8, PAK3, PDHA1, PGK1, PHF6, PHF8, PLP1, PLXNA3, PLXNB3, PORCN, PQBP1, PRPS1, PTCHD1, RAB39B, RAB40AL, RBM10, RPS6KA3, RPS6KA6, SHROOM4, SLC16A2, SLC6A8, SLC9A6, SMC1A, SMS, SOX3, SRPX2, SYN1, SYP, TIMM8A, TRPC5, TSPAN7, UBE2A, UPF3B, VCX3A, WDR45, ZC4H2, ZCCHC12, ZDHHC15, ZDHHC9, ZIC3, ZMYM3, ZNF41, ZNF630, ZNF711, ZNF81."},"content":{"rendered":"","protected":false},"excerpt":{"rendered":"","protected":false},"featured_media":42665,"template":"","meta":[],"product_brand":[],"product_cat":[86,8679,8681,9355,9381,9465,9389],"product_tag":[24264],"class_list":{"0":"post-4931","1":"product","2":"type-product","3":"status-publish","4":"has-post-thumbnail","6":"gen-arx","7":"gen-hccs","8":"gen-lamp2","9":"gen-syn1","10":"gen-cdkl5","11":"gen-ids","12":"gen-mbtps2","13":"gen-otc","14":"gen-ofd1","15":"gen-kiaa2022","16":"gen-acsl4","17":"gen-ftsj1","18":"gen-maob","19":"gen-rps6ka6","20":"gen-trpc5","21":"gen-smc1a","22":"gen-hsd17b10","23":"gen-gpc4","24":"gen-pak3","25":"gen-dcx","26":"gen-ube2a","27":"gen-ophn1","28":"gen-dlg3","29":"gen-atrx","30":"gen-huwe1","31":"gen-igbp1","32":"gen-hdac6","33":"gen-mid1","34":"gen-ammecr1","35":"gen-abcd1","36":"gen-ccdc22","37":"gen-syp","38":"gen-naa10","39":"gen-fmr1","40":"gen-pqbp1","41":"gen-rab40al","42":"gen-pgk1","43":"gen-magt1","44":"gen-sms","45":"gen-cdk16","46":"gen-gabre","47":"gen-fgd1","48":"gen-porcn","49":"gen-klf8","50":"gen-srpx2","51":"gen-zdhhc15","52":"gen-bex4","53":"gen-ocrl","54":"gen-plp1","55":"gen-iqsec2","56":"gen-ndp","57":"gen-upf3b","58":"gen-ndufa1","59":"gen-gria3","60":"gen-kdm5c","61":"gen-nxf5","62":"gen-timm8a","63":"gen-zc4h2","64":"gen-arhgef6","65":"gen-slc6a8","66":"gen-dkc1","67":"gen-plxna3","68":"gen-arhgef9","69":"gen-pdha1","70":"gen-sox3","71":"gen-nlgn4x","72":"gen-cask","73":"gen-kdm6a","74":"gen-hdac8","75":"gen-slc16a2","76":"gen-znf41","77":"gen-zmym3","78":"gen-znf711","79":"gen-prps1","80":"gen-gpc3","81":"gen-nsdhl","82":"gen-cnksr2","83":"gen-rab39b","84":"gen-clic2","85":"gen-aff2","86":"gen-tspan7","87":"gen-phf6","88":"gen-zic3","89":"gen-cul4b","90":"gen-shroom4","91":"gen-g6pd","92":"gen-ptchd1","93":"gen-atp7a","94":"gen-brwd3","95":"gen-hprt1","96":"gen-mecp2","97":"gen-vcx3a","98":"gen-ar","99":"gen-il1rapl1","100":"gen-frmpd4","101":"gen-mtm1","102":"gen-hcfc1","103":"gen-phf8","104":"gen-zcchc12","105":"gen-rps6ka3","106":"gen-agtr2","107":"gen-fancb","108":"gen-atp6ap2","109":"gen-ap1s2","110":"gen-rbm10","111":"gen-bcor","112":"gen-med12","113":"gen-bcap31","114":"gen-nhs","115":"gen-zdhhc9","116":"gen-maoa","117":"gen-nlgn3","118":"gen-flna","119":"gen-wdr45","120":"gen-znf81","121":"gen-slc9a6","122":"gen-plxnb3","123":"gen-gk","124":"gen-l1cam","125":"gen-gdi1","126":"gen-znf630","127":"product_cat-analisis-y-estudios-geneticos","128":"product_cat-diagnostico-genetico-molecularn","129":"product_cat-diagnostico-genetico-por-secuenciacion-masiva","130":"product_cat-listado-de-enfermedades","131":"product_cat-neuropediatria-diagnostico-genetico-molecularn","132":"product_cat-paneles-de-discapacidad-intelectual-diagnostico-genetico-por-secuenciacion-masivan","133":"product_cat-pediatria-diagnostico-genetico-molecularn","134":"product_tag-discapacidad-intelectual-primaria-y-secundaria-ligada-a-xd00076","136":"first","137":"instock","138":"taxable","139":"shipping-taxable","140":"product-type-simple"},"acf":[],"yoast_head":"<!-- This site is optimized with the Yoast SEO plugin v27.3 - https:\/\/yoast.com\/product\/yoast-seo-wordpress\/ -->\n<title>Secuenciaci\u00f3n masiva panel de 124 genes: ABCD1, ACSL4, AFF2, AGTR2, AMMECR1, AP1S2, AR, ARHGEF6, ARHGEF9, ARX, ASMT, ATP6AP2, ATP7A, ATRX, BCAP31, BCOR, BEX4, BRWD3, CASK, CCDC22, CDK16, CDKL5, CLIC2, CNKSR2, CUL4B, DCX, DKC1, DLG3, FANCB, FGD1, FLNA, FMR1, FRMPD4, FTSJ1, G6PD, GABRE, GDI1, GK, GPC3, GPC4, GRIA3, HCCS, HCFC1, HDAC6, HDAC8, HPRT1, HSD17B10, HUWE1, IDS, IGBP1, IL1RAPL1, IQSEC2, KDM5C, KDM6A, KIAA2022, KLF8, L1CAM, LAMP2, MAGT1, MAOA, MAOB, MBTPS2, MECP2, MED12, MID1, MTM1, NAA10, NDP, NDUFA1, NHS, NLGN3, NLGN4X, NSDHL, NXF2, NXF5, OCRL, OFD1, OPHN1, OTC, P2RY8, PAK3, PDHA1, PGK1, PHF6, PHF8, PLP1, PLXNA3, PLXNB3, PORCN, PQBP1, PRPS1, PTCHD1, RAB39B, RAB40AL, RBM10, RPS6KA3, RPS6KA6, SHROOM4, SLC16A2, SLC6A8, SLC9A6, SMC1A, SMS, SOX3, SRPX2, SYN1, SYP, TIMM8A, TRPC5, TSPAN7, UBE2A, UPF3B, VCX3A, WDR45, ZC4H2, ZCCHC12, ZDHHC15, ZDHHC9, ZIC3, ZMYM3, ZNF41, ZNF630, ZNF711, ZNF81. - Sistemas Gen\u00f3micos<\/title>\n<meta name=\"robots\" content=\"index, follow, max-snippet:-1, max-image-preview:large, max-video-preview:-1\" \/>\n<link rel=\"canonical\" href=\"https:\/\/sistemasgenomicos.com\/es\/producto\/secuenciacion-masiva-panel-de-124-genes-abcd1-acsl4-aff2-agtr2-ammecr1-ap1s2-ar-arhgef6-arhgef9-arx-asmt-atp6ap2-atp7a-atrx-bcap31-bcor-bex4-brwd3-cask-ccdc22-cdk16-cdkl5-clic2\/\" \/>\n<meta property=\"og:locale\" content=\"es_ES\" \/>\n<meta property=\"og:type\" content=\"article\" \/>\n<meta property=\"og:title\" content=\"Secuenciaci\u00f3n masiva panel de 124 genes: ABCD1, ACSL4, AFF2, AGTR2, AMMECR1, AP1S2, AR, ARHGEF6, ARHGEF9, ARX, ASMT, ATP6AP2, ATP7A, ATRX, BCAP31, BCOR, BEX4, BRWD3, CASK, CCDC22, CDK16, CDKL5, CLIC2, CNKSR2, CUL4B, DCX, DKC1, DLG3, FANCB, FGD1, FLNA, FMR1, FRMPD4, FTSJ1, G6PD, GABRE, GDI1, GK, GPC3, GPC4, GRIA3, HCCS, HCFC1, HDAC6, HDAC8, HPRT1, HSD17B10, HUWE1, IDS, IGBP1, IL1RAPL1, IQSEC2, KDM5C, KDM6A, KIAA2022, KLF8, L1CAM, LAMP2, MAGT1, MAOA, MAOB, MBTPS2, MECP2, MED12, MID1, MTM1, NAA10, NDP, NDUFA1, NHS, NLGN3, NLGN4X, NSDHL, NXF2, NXF5, OCRL, OFD1, OPHN1, OTC, P2RY8, PAK3, PDHA1, PGK1, PHF6, PHF8, PLP1, PLXNA3, PLXNB3, PORCN, PQBP1, PRPS1, PTCHD1, RAB39B, RAB40AL, RBM10, RPS6KA3, RPS6KA6, SHROOM4, SLC16A2, SLC6A8, SLC9A6, SMC1A, SMS, SOX3, SRPX2, SYN1, SYP, TIMM8A, TRPC5, TSPAN7, UBE2A, UPF3B, VCX3A, WDR45, ZC4H2, ZCCHC12, ZDHHC15, ZDHHC9, ZIC3, ZMYM3, ZNF41, ZNF630, ZNF711, ZNF81. - Sistemas Gen\u00f3micos\" \/>\n<meta property=\"og:url\" content=\"https:\/\/sistemasgenomicos.com\/es\/producto\/secuenciacion-masiva-panel-de-124-genes-abcd1-acsl4-aff2-agtr2-ammecr1-ap1s2-ar-arhgef6-arhgef9-arx-asmt-atp6ap2-atp7a-atrx-bcap31-bcor-bex4-brwd3-cask-ccdc22-cdk16-cdkl5-clic2\/\" \/>\n<meta property=\"og:site_name\" content=\"Sistemas Gen\u00f3micos\" \/>\n<meta property=\"article:modified_time\" content=\"2020-09-30T03:49:10+00:00\" \/>\n<meta property=\"og:image\" content=\"https:\/\/sistemasgenomicos.com\/wp-content\/uploads\/2018\/04\/logo-sistemas-genomicos-default-1.jpg\" \/>\n\t<meta property=\"og:image:width\" content=\"1200\" \/>\n\t<meta property=\"og:image:height\" content=\"750\" \/>\n\t<meta property=\"og:image:type\" content=\"image\/jpeg\" \/>\n<meta name=\"twitter:card\" content=\"summary_large_image\" \/>\n<script type=\"application\/ld+json\" class=\"yoast-schema-graph\">{\"@context\":\"https:\\\/\\\/schema.org\",\"@graph\":[{\"@type\":\"WebPage\",\"@id\":\"https:\\\/\\\/sistemasgenomicos.com\\\/es\\\/producto\\\/secuenciacion-masiva-panel-de-124-genes-abcd1-acsl4-aff2-agtr2-ammecr1-ap1s2-ar-arhgef6-arhgef9-arx-asmt-atp6ap2-atp7a-atrx-bcap31-bcor-bex4-brwd3-cask-ccdc22-cdk16-cdkl5-clic2\\\/\",\"url\":\"https:\\\/\\\/sistemasgenomicos.com\\\/es\\\/producto\\\/secuenciacion-masiva-panel-de-124-genes-abcd1-acsl4-aff2-agtr2-ammecr1-ap1s2-ar-arhgef6-arhgef9-arx-asmt-atp6ap2-atp7a-atrx-bcap31-bcor-bex4-brwd3-cask-ccdc22-cdk16-cdkl5-clic2\\\/\",\"name\":\"Secuenciaci\u00f3n masiva panel de 124 genes: ABCD1, ACSL4, AFF2, AGTR2, AMMECR1, AP1S2, AR, ARHGEF6, ARHGEF9, ARX, ASMT, ATP6AP2, ATP7A, ATRX, BCAP31, BCOR, BEX4, BRWD3, CASK, CCDC22, CDK16, CDKL5, CLIC2, CNKSR2, CUL4B, DCX, DKC1, DLG3, FANCB, FGD1, FLNA, FMR1, FRMPD4, FTSJ1, G6PD, GABRE, GDI1, GK, GPC3, GPC4, GRIA3, HCCS, HCFC1, HDAC6, HDAC8, HPRT1, HSD17B10, HUWE1, IDS, IGBP1, IL1RAPL1, IQSEC2, KDM5C, KDM6A, KIAA2022, KLF8, L1CAM, LAMP2, MAGT1, MAOA, MAOB, MBTPS2, MECP2, MED12, MID1, MTM1, NAA10, NDP, NDUFA1, NHS, NLGN3, NLGN4X, NSDHL, NXF2, NXF5, OCRL, OFD1, OPHN1, OTC, P2RY8, PAK3, PDHA1, PGK1, PHF6, PHF8, PLP1, PLXNA3, PLXNB3, PORCN, PQBP1, PRPS1, PTCHD1, RAB39B, RAB40AL, RBM10, RPS6KA3, RPS6KA6, SHROOM4, SLC16A2, SLC6A8, SLC9A6, SMC1A, SMS, SOX3, SRPX2, SYN1, SYP, TIMM8A, TRPC5, TSPAN7, UBE2A, UPF3B, VCX3A, WDR45, ZC4H2, ZCCHC12, ZDHHC15, ZDHHC9, ZIC3, ZMYM3, ZNF41, ZNF630, ZNF711, ZNF81. - Sistemas Gen\u00f3micos\",\"isPartOf\":{\"@id\":\"https:\\\/\\\/sistemasgenomicos.com\\\/es\\\/#website\"},\"primaryImageOfPage\":{\"@id\":\"https:\\\/\\\/sistemasgenomicos.com\\\/es\\\/producto\\\/secuenciacion-masiva-panel-de-124-genes-abcd1-acsl4-aff2-agtr2-ammecr1-ap1s2-ar-arhgef6-arhgef9-arx-asmt-atp6ap2-atp7a-atrx-bcap31-bcor-bex4-brwd3-cask-ccdc22-cdk16-cdkl5-clic2\\\/#primaryimage\"},\"image\":{\"@id\":\"https:\\\/\\\/sistemasgenomicos.com\\\/es\\\/producto\\\/secuenciacion-masiva-panel-de-124-genes-abcd1-acsl4-aff2-agtr2-ammecr1-ap1s2-ar-arhgef6-arhgef9-arx-asmt-atp6ap2-atp7a-atrx-bcap31-bcor-bex4-brwd3-cask-ccdc22-cdk16-cdkl5-clic2\\\/#primaryimage\"},\"thumbnailUrl\":\"https:\\\/\\\/sistemasgenomicos.com\\\/wp-content\\\/uploads\\\/2018\\\/04\\\/logo-sistemas-genomicos-default-1.jpg\",\"datePublished\":\"2017-12-22T09:21:09+00:00\",\"dateModified\":\"2020-09-30T03:49:10+00:00\",\"breadcrumb\":{\"@id\":\"https:\\\/\\\/sistemasgenomicos.com\\\/es\\\/producto\\\/secuenciacion-masiva-panel-de-124-genes-abcd1-acsl4-aff2-agtr2-ammecr1-ap1s2-ar-arhgef6-arhgef9-arx-asmt-atp6ap2-atp7a-atrx-bcap31-bcor-bex4-brwd3-cask-ccdc22-cdk16-cdkl5-clic2\\\/#breadcrumb\"},\"inLanguage\":\"es\",\"potentialAction\":[{\"@type\":\"ReadAction\",\"target\":[\"https:\\\/\\\/sistemasgenomicos.com\\\/es\\\/producto\\\/secuenciacion-masiva-panel-de-124-genes-abcd1-acsl4-aff2-agtr2-ammecr1-ap1s2-ar-arhgef6-arhgef9-arx-asmt-atp6ap2-atp7a-atrx-bcap31-bcor-bex4-brwd3-cask-ccdc22-cdk16-cdkl5-clic2\\\/\"]}]},{\"@type\":\"ImageObject\",\"inLanguage\":\"es\",\"@id\":\"https:\\\/\\\/sistemasgenomicos.com\\\/es\\\/producto\\\/secuenciacion-masiva-panel-de-124-genes-abcd1-acsl4-aff2-agtr2-ammecr1-ap1s2-ar-arhgef6-arhgef9-arx-asmt-atp6ap2-atp7a-atrx-bcap31-bcor-bex4-brwd3-cask-ccdc22-cdk16-cdkl5-clic2\\\/#primaryimage\",\"url\":\"https:\\\/\\\/sistemasgenomicos.com\\\/wp-content\\\/uploads\\\/2018\\\/04\\\/logo-sistemas-genomicos-default-1.jpg\",\"contentUrl\":\"https:\\\/\\\/sistemasgenomicos.com\\\/wp-content\\\/uploads\\\/2018\\\/04\\\/logo-sistemas-genomicos-default-1.jpg\",\"width\":1200,\"height\":750},{\"@type\":\"BreadcrumbList\",\"@id\":\"https:\\\/\\\/sistemasgenomicos.com\\\/es\\\/producto\\\/secuenciacion-masiva-panel-de-124-genes-abcd1-acsl4-aff2-agtr2-ammecr1-ap1s2-ar-arhgef6-arhgef9-arx-asmt-atp6ap2-atp7a-atrx-bcap31-bcor-bex4-brwd3-cask-ccdc22-cdk16-cdkl5-clic2\\\/#breadcrumb\",\"itemListElement\":[{\"@type\":\"ListItem\",\"position\":1,\"name\":\"Portada\",\"item\":\"https:\\\/\\\/sistemasgenomicos.com\\\/es\\\/\"},{\"@type\":\"ListItem\",\"position\":2,\"name\":\"Tienda\",\"item\":\"https:\\\/\\\/sistemasgenomicos.com\\\/es\\\/tienda\\\/\"},{\"@type\":\"ListItem\",\"position\":3,\"name\":\"Secuenciaci\u00f3n masiva panel de 124 genes: ABCD1, ACSL4, AFF2, AGTR2, AMMECR1, AP1S2, AR, ARHGEF6, ARHGEF9, ARX, ASMT, ATP6AP2, ATP7A, ATRX, BCAP31, BCOR, BEX4, BRWD3, CASK, CCDC22, CDK16, CDKL5, CLIC2, CNKSR2, CUL4B, DCX, DKC1, DLG3, FANCB, FGD1, FLNA, FMR1, FRMPD4, FTSJ1, G6PD, GABRE, GDI1, GK, GPC3, GPC4, GRIA3, HCCS, HCFC1, HDAC6, HDAC8, HPRT1, HSD17B10, HUWE1, IDS, IGBP1, IL1RAPL1, IQSEC2, KDM5C, KDM6A, KIAA2022, KLF8, L1CAM, LAMP2, MAGT1, MAOA, MAOB, MBTPS2, MECP2, MED12, MID1, MTM1, NAA10, NDP, NDUFA1, NHS, NLGN3, NLGN4X, NSDHL, NXF2, NXF5, OCRL, OFD1, OPHN1, OTC, P2RY8, PAK3, PDHA1, PGK1, PHF6, PHF8, PLP1, PLXNA3, PLXNB3, PORCN, PQBP1, PRPS1, PTCHD1, RAB39B, RAB40AL, RBM10, RPS6KA3, RPS6KA6, SHROOM4, SLC16A2, SLC6A8, SLC9A6, SMC1A, SMS, SOX3, SRPX2, SYN1, SYP, TIMM8A, TRPC5, TSPAN7, UBE2A, UPF3B, VCX3A, WDR45, ZC4H2, ZCCHC12, ZDHHC15, ZDHHC9, ZIC3, ZMYM3, ZNF41, ZNF630, ZNF711, ZNF81.\"}]},{\"@type\":\"WebSite\",\"@id\":\"https:\\\/\\\/sistemasgenomicos.com\\\/es\\\/#website\",\"url\":\"https:\\\/\\\/sistemasgenomicos.com\\\/es\\\/\",\"name\":\"Sistemas Gen\u00f3micos\",\"description\":\"La mayor empresa dedicada a la investigaci\u00f3n gen\u00e9tica y molecular\",\"publisher\":{\"@id\":\"https:\\\/\\\/sistemasgenomicos.com\\\/es\\\/#organization\"},\"potentialAction\":[{\"@type\":\"SearchAction\",\"target\":{\"@type\":\"EntryPoint\",\"urlTemplate\":\"https:\\\/\\\/sistemasgenomicos.com\\\/es\\\/?s={search_term_string}\"},\"query-input\":{\"@type\":\"PropertyValueSpecification\",\"valueRequired\":true,\"valueName\":\"search_term_string\"}}],\"inLanguage\":\"es\"},{\"@type\":\"Organization\",\"@id\":\"https:\\\/\\\/sistemasgenomicos.com\\\/es\\\/#organization\",\"name\":\"Sistemas Gen\u00f3micos\",\"url\":\"https:\\\/\\\/sistemasgenomicos.com\\\/es\\\/\",\"logo\":{\"@type\":\"ImageObject\",\"inLanguage\":\"es\",\"@id\":\"https:\\\/\\\/sistemasgenomicos.com\\\/es\\\/#\\\/schema\\\/logo\\\/image\\\/\",\"url\":\"https:\\\/\\\/sistemasgenomicos.com\\\/wp-content\\\/uploads\\\/2022\\\/04\\\/image001-1.png\",\"contentUrl\":\"https:\\\/\\\/sistemasgenomicos.com\\\/wp-content\\\/uploads\\\/2022\\\/04\\\/image001-1.png\",\"width\":250,\"height\":122,\"caption\":\"Sistemas Gen\u00f3micos\"},\"image\":{\"@id\":\"https:\\\/\\\/sistemasgenomicos.com\\\/es\\\/#\\\/schema\\\/logo\\\/image\\\/\"}}]}<\/script>\n<!-- \/ Yoast SEO plugin. -->","yoast_head_json":{"title":"Secuenciaci\u00f3n masiva panel de 124 genes: ABCD1, ACSL4, AFF2, AGTR2, AMMECR1, AP1S2, AR, ARHGEF6, ARHGEF9, ARX, ASMT, ATP6AP2, ATP7A, ATRX, BCAP31, BCOR, BEX4, BRWD3, CASK, CCDC22, CDK16, CDKL5, CLIC2, CNKSR2, CUL4B, DCX, DKC1, DLG3, FANCB, FGD1, FLNA, FMR1, FRMPD4, FTSJ1, G6PD, GABRE, GDI1, GK, GPC3, GPC4, GRIA3, HCCS, HCFC1, HDAC6, HDAC8, HPRT1, HSD17B10, HUWE1, IDS, IGBP1, IL1RAPL1, IQSEC2, KDM5C, KDM6A, KIAA2022, KLF8, L1CAM, LAMP2, MAGT1, MAOA, MAOB, MBTPS2, MECP2, MED12, MID1, MTM1, NAA10, NDP, NDUFA1, NHS, NLGN3, NLGN4X, NSDHL, NXF2, NXF5, OCRL, OFD1, OPHN1, OTC, P2RY8, PAK3, PDHA1, PGK1, PHF6, PHF8, PLP1, PLXNA3, PLXNB3, PORCN, PQBP1, PRPS1, PTCHD1, RAB39B, RAB40AL, RBM10, RPS6KA3, RPS6KA6, SHROOM4, SLC16A2, SLC6A8, SLC9A6, SMC1A, SMS, SOX3, SRPX2, SYN1, SYP, TIMM8A, TRPC5, TSPAN7, UBE2A, UPF3B, VCX3A, WDR45, ZC4H2, ZCCHC12, ZDHHC15, ZDHHC9, ZIC3, ZMYM3, ZNF41, ZNF630, ZNF711, ZNF81. - Sistemas Gen\u00f3micos","robots":{"index":"index","follow":"follow","max-snippet":"max-snippet:-1","max-image-preview":"max-image-preview:large","max-video-preview":"max-video-preview:-1"},"canonical":"https:\/\/sistemasgenomicos.com\/es\/producto\/secuenciacion-masiva-panel-de-124-genes-abcd1-acsl4-aff2-agtr2-ammecr1-ap1s2-ar-arhgef6-arhgef9-arx-asmt-atp6ap2-atp7a-atrx-bcap31-bcor-bex4-brwd3-cask-ccdc22-cdk16-cdkl5-clic2\/","og_locale":"es_ES","og_type":"article","og_title":"Secuenciaci\u00f3n masiva panel de 124 genes: ABCD1, ACSL4, AFF2, AGTR2, AMMECR1, AP1S2, AR, ARHGEF6, ARHGEF9, ARX, ASMT, ATP6AP2, ATP7A, ATRX, BCAP31, BCOR, BEX4, BRWD3, CASK, CCDC22, CDK16, CDKL5, CLIC2, CNKSR2, CUL4B, DCX, DKC1, DLG3, FANCB, FGD1, FLNA, FMR1, FRMPD4, FTSJ1, G6PD, GABRE, GDI1, GK, GPC3, GPC4, GRIA3, HCCS, HCFC1, HDAC6, HDAC8, HPRT1, HSD17B10, HUWE1, IDS, IGBP1, IL1RAPL1, IQSEC2, KDM5C, KDM6A, KIAA2022, KLF8, L1CAM, LAMP2, MAGT1, MAOA, MAOB, MBTPS2, MECP2, MED12, MID1, MTM1, NAA10, NDP, NDUFA1, NHS, NLGN3, NLGN4X, NSDHL, NXF2, NXF5, OCRL, OFD1, OPHN1, OTC, P2RY8, PAK3, PDHA1, PGK1, PHF6, PHF8, PLP1, PLXNA3, PLXNB3, PORCN, PQBP1, PRPS1, PTCHD1, RAB39B, RAB40AL, RBM10, RPS6KA3, RPS6KA6, SHROOM4, SLC16A2, SLC6A8, SLC9A6, SMC1A, SMS, SOX3, SRPX2, SYN1, SYP, TIMM8A, TRPC5, TSPAN7, UBE2A, UPF3B, VCX3A, WDR45, ZC4H2, ZCCHC12, ZDHHC15, ZDHHC9, ZIC3, ZMYM3, ZNF41, ZNF630, ZNF711, ZNF81. - Sistemas Gen\u00f3micos","og_url":"https:\/\/sistemasgenomicos.com\/es\/producto\/secuenciacion-masiva-panel-de-124-genes-abcd1-acsl4-aff2-agtr2-ammecr1-ap1s2-ar-arhgef6-arhgef9-arx-asmt-atp6ap2-atp7a-atrx-bcap31-bcor-bex4-brwd3-cask-ccdc22-cdk16-cdkl5-clic2\/","og_site_name":"Sistemas Gen\u00f3micos","article_modified_time":"2020-09-30T03:49:10+00:00","og_image":[{"width":1200,"height":750,"url":"https:\/\/sistemasgenomicos.com\/wp-content\/uploads\/2018\/04\/logo-sistemas-genomicos-default-1.jpg","type":"image\/jpeg"}],"twitter_card":"summary_large_image","schema":{"@context":"https:\/\/schema.org","@graph":[{"@type":"WebPage","@id":"https:\/\/sistemasgenomicos.com\/es\/producto\/secuenciacion-masiva-panel-de-124-genes-abcd1-acsl4-aff2-agtr2-ammecr1-ap1s2-ar-arhgef6-arhgef9-arx-asmt-atp6ap2-atp7a-atrx-bcap31-bcor-bex4-brwd3-cask-ccdc22-cdk16-cdkl5-clic2\/","url":"https:\/\/sistemasgenomicos.com\/es\/producto\/secuenciacion-masiva-panel-de-124-genes-abcd1-acsl4-aff2-agtr2-ammecr1-ap1s2-ar-arhgef6-arhgef9-arx-asmt-atp6ap2-atp7a-atrx-bcap31-bcor-bex4-brwd3-cask-ccdc22-cdk16-cdkl5-clic2\/","name":"Secuenciaci\u00f3n masiva panel de 124 genes: ABCD1, ACSL4, AFF2, AGTR2, AMMECR1, AP1S2, AR, ARHGEF6, ARHGEF9, ARX, ASMT, ATP6AP2, ATP7A, ATRX, BCAP31, BCOR, BEX4, BRWD3, CASK, CCDC22, CDK16, CDKL5, CLIC2, CNKSR2, CUL4B, DCX, DKC1, DLG3, FANCB, FGD1, FLNA, FMR1, FRMPD4, FTSJ1, G6PD, GABRE, GDI1, GK, GPC3, GPC4, GRIA3, HCCS, HCFC1, HDAC6, HDAC8, HPRT1, HSD17B10, HUWE1, IDS, IGBP1, IL1RAPL1, IQSEC2, KDM5C, KDM6A, KIAA2022, KLF8, L1CAM, LAMP2, MAGT1, MAOA, MAOB, MBTPS2, MECP2, MED12, MID1, MTM1, NAA10, NDP, NDUFA1, NHS, NLGN3, NLGN4X, NSDHL, NXF2, NXF5, OCRL, OFD1, OPHN1, OTC, P2RY8, PAK3, PDHA1, PGK1, PHF6, PHF8, PLP1, PLXNA3, PLXNB3, PORCN, PQBP1, PRPS1, PTCHD1, RAB39B, RAB40AL, RBM10, RPS6KA3, RPS6KA6, SHROOM4, SLC16A2, SLC6A8, SLC9A6, SMC1A, SMS, SOX3, SRPX2, SYN1, SYP, TIMM8A, TRPC5, TSPAN7, UBE2A, UPF3B, VCX3A, WDR45, ZC4H2, ZCCHC12, ZDHHC15, ZDHHC9, ZIC3, ZMYM3, ZNF41, ZNF630, ZNF711, ZNF81. - Sistemas Gen\u00f3micos","isPartOf":{"@id":"https:\/\/sistemasgenomicos.com\/es\/#website"},"primaryImageOfPage":{"@id":"https:\/\/sistemasgenomicos.com\/es\/producto\/secuenciacion-masiva-panel-de-124-genes-abcd1-acsl4-aff2-agtr2-ammecr1-ap1s2-ar-arhgef6-arhgef9-arx-asmt-atp6ap2-atp7a-atrx-bcap31-bcor-bex4-brwd3-cask-ccdc22-cdk16-cdkl5-clic2\/#primaryimage"},"image":{"@id":"https:\/\/sistemasgenomicos.com\/es\/producto\/secuenciacion-masiva-panel-de-124-genes-abcd1-acsl4-aff2-agtr2-ammecr1-ap1s2-ar-arhgef6-arhgef9-arx-asmt-atp6ap2-atp7a-atrx-bcap31-bcor-bex4-brwd3-cask-ccdc22-cdk16-cdkl5-clic2\/#primaryimage"},"thumbnailUrl":"https:\/\/sistemasgenomicos.com\/wp-content\/uploads\/2018\/04\/logo-sistemas-genomicos-default-1.jpg","datePublished":"2017-12-22T09:21:09+00:00","dateModified":"2020-09-30T03:49:10+00:00","breadcrumb":{"@id":"https:\/\/sistemasgenomicos.com\/es\/producto\/secuenciacion-masiva-panel-de-124-genes-abcd1-acsl4-aff2-agtr2-ammecr1-ap1s2-ar-arhgef6-arhgef9-arx-asmt-atp6ap2-atp7a-atrx-bcap31-bcor-bex4-brwd3-cask-ccdc22-cdk16-cdkl5-clic2\/#breadcrumb"},"inLanguage":"es","potentialAction":[{"@type":"ReadAction","target":["https:\/\/sistemasgenomicos.com\/es\/producto\/secuenciacion-masiva-panel-de-124-genes-abcd1-acsl4-aff2-agtr2-ammecr1-ap1s2-ar-arhgef6-arhgef9-arx-asmt-atp6ap2-atp7a-atrx-bcap31-bcor-bex4-brwd3-cask-ccdc22-cdk16-cdkl5-clic2\/"]}]},{"@type":"ImageObject","inLanguage":"es","@id":"https:\/\/sistemasgenomicos.com\/es\/producto\/secuenciacion-masiva-panel-de-124-genes-abcd1-acsl4-aff2-agtr2-ammecr1-ap1s2-ar-arhgef6-arhgef9-arx-asmt-atp6ap2-atp7a-atrx-bcap31-bcor-bex4-brwd3-cask-ccdc22-cdk16-cdkl5-clic2\/#primaryimage","url":"https:\/\/sistemasgenomicos.com\/wp-content\/uploads\/2018\/04\/logo-sistemas-genomicos-default-1.jpg","contentUrl":"https:\/\/sistemasgenomicos.com\/wp-content\/uploads\/2018\/04\/logo-sistemas-genomicos-default-1.jpg","width":1200,"height":750},{"@type":"BreadcrumbList","@id":"https:\/\/sistemasgenomicos.com\/es\/producto\/secuenciacion-masiva-panel-de-124-genes-abcd1-acsl4-aff2-agtr2-ammecr1-ap1s2-ar-arhgef6-arhgef9-arx-asmt-atp6ap2-atp7a-atrx-bcap31-bcor-bex4-brwd3-cask-ccdc22-cdk16-cdkl5-clic2\/#breadcrumb","itemListElement":[{"@type":"ListItem","position":1,"name":"Portada","item":"https:\/\/sistemasgenomicos.com\/es\/"},{"@type":"ListItem","position":2,"name":"Tienda","item":"https:\/\/sistemasgenomicos.com\/es\/tienda\/"},{"@type":"ListItem","position":3,"name":"Secuenciaci\u00f3n masiva panel de 124 genes: ABCD1, ACSL4, AFF2, AGTR2, AMMECR1, AP1S2, AR, ARHGEF6, ARHGEF9, ARX, ASMT, ATP6AP2, ATP7A, ATRX, BCAP31, BCOR, BEX4, BRWD3, CASK, CCDC22, CDK16, CDKL5, CLIC2, CNKSR2, CUL4B, DCX, DKC1, DLG3, FANCB, FGD1, FLNA, FMR1, FRMPD4, FTSJ1, G6PD, GABRE, GDI1, GK, GPC3, GPC4, GRIA3, HCCS, HCFC1, HDAC6, HDAC8, HPRT1, HSD17B10, HUWE1, IDS, IGBP1, IL1RAPL1, IQSEC2, KDM5C, KDM6A, KIAA2022, KLF8, L1CAM, LAMP2, MAGT1, MAOA, MAOB, MBTPS2, MECP2, MED12, MID1, MTM1, NAA10, NDP, NDUFA1, NHS, NLGN3, NLGN4X, NSDHL, NXF2, NXF5, OCRL, OFD1, OPHN1, OTC, P2RY8, PAK3, PDHA1, PGK1, PHF6, PHF8, PLP1, PLXNA3, PLXNB3, PORCN, PQBP1, PRPS1, PTCHD1, RAB39B, RAB40AL, RBM10, RPS6KA3, RPS6KA6, SHROOM4, SLC16A2, SLC6A8, SLC9A6, SMC1A, SMS, SOX3, SRPX2, SYN1, SYP, TIMM8A, TRPC5, TSPAN7, UBE2A, UPF3B, VCX3A, WDR45, ZC4H2, ZCCHC12, ZDHHC15, ZDHHC9, ZIC3, ZMYM3, ZNF41, ZNF630, ZNF711, ZNF81."}]},{"@type":"WebSite","@id":"https:\/\/sistemasgenomicos.com\/es\/#website","url":"https:\/\/sistemasgenomicos.com\/es\/","name":"Sistemas Gen\u00f3micos","description":"La mayor empresa dedicada a la investigaci\u00f3n gen\u00e9tica y molecular","publisher":{"@id":"https:\/\/sistemasgenomicos.com\/es\/#organization"},"potentialAction":[{"@type":"SearchAction","target":{"@type":"EntryPoint","urlTemplate":"https:\/\/sistemasgenomicos.com\/es\/?s={search_term_string}"},"query-input":{"@type":"PropertyValueSpecification","valueRequired":true,"valueName":"search_term_string"}}],"inLanguage":"es"},{"@type":"Organization","@id":"https:\/\/sistemasgenomicos.com\/es\/#organization","name":"Sistemas Gen\u00f3micos","url":"https:\/\/sistemasgenomicos.com\/es\/","logo":{"@type":"ImageObject","inLanguage":"es","@id":"https:\/\/sistemasgenomicos.com\/es\/#\/schema\/logo\/image\/","url":"https:\/\/sistemasgenomicos.com\/wp-content\/uploads\/2022\/04\/image001-1.png","contentUrl":"https:\/\/sistemasgenomicos.com\/wp-content\/uploads\/2022\/04\/image001-1.png","width":250,"height":122,"caption":"Sistemas Gen\u00f3micos"},"image":{"@id":"https:\/\/sistemasgenomicos.com\/es\/#\/schema\/logo\/image\/"}}]}},"_links":{"self":[{"href":"https:\/\/sistemasgenomicos.com\/es\/wp-json\/wp\/v2\/product\/4931","targetHints":{"allow":["GET"]}}],"collection":[{"href":"https:\/\/sistemasgenomicos.com\/es\/wp-json\/wp\/v2\/product"}],"about":[{"href":"https:\/\/sistemasgenomicos.com\/es\/wp-json\/wp\/v2\/types\/product"}],"wp:featuredmedia":[{"embeddable":true,"href":"https:\/\/sistemasgenomicos.com\/es\/wp-json\/wp\/v2\/media\/42665"}],"wp:attachment":[{"href":"https:\/\/sistemasgenomicos.com\/es\/wp-json\/wp\/v2\/media?parent=4931"}],"wp:term":[{"taxonomy":"product_brand","embeddable":true,"href":"https:\/\/sistemasgenomicos.com\/es\/wp-json\/wp\/v2\/product_brand?post=4931"},{"taxonomy":"product_cat","embeddable":true,"href":"https:\/\/sistemasgenomicos.com\/es\/wp-json\/wp\/v2\/product_cat?post=4931"},{"taxonomy":"product_tag","embeddable":true,"href":"https:\/\/sistemasgenomicos.com\/es\/wp-json\/wp\/v2\/product_tag?post=4931"}],"curies":[{"name":"wp","href":"https:\/\/api.w.org\/{rel}","templated":true}]}}