{"id":4926,"date":"2017-12-22T09:21:04","date_gmt":"2017-12-22T09:21:04","guid":{"rendered":"https:\/\/sistemasgenomicos.digitis.net\/tienda-online\/secuenciacion-masiva-panel-de-13-genes-dcaf17-myo5a-naga-ppox-rogdi-rpgrip1l-sdccag8-sil1-tbc1d24-ubr1-vps13b-zfyve26-zbtb24\/"},"modified":"2020-09-30T05:49:09","modified_gmt":"2020-09-30T03:49:09","slug":"secuenciacion-masiva-panel-de-13-genes-dcaf17-myo5a-naga-ppox-rogdi-rpgrip1l-sdccag8-sil1-tbc1d24-ubr1-vps13b-zfyve26-zbtb24","status":"publish","type":"product","link":"https:\/\/sistemasgenomicos.com\/es\/producto\/secuenciacion-masiva-panel-de-13-genes-dcaf17-myo5a-naga-ppox-rogdi-rpgrip1l-sdccag8-sil1-tbc1d24-ubr1-vps13b-zfyve26-zbtb24\/","title":{"rendered":"Secuenciaci\u00f3n masiva panel de 13 genes: DCAF17, MYO5A, NAGA, PPOX, ROGDI, RPGRIP1L, SDCCAG8, SIL1, TBC1D24, UBR1, VPS13B, ZFYVE26, ZBTB24."},"content":{"rendered":"","protected":false},"excerpt":{"rendered":"","protected":false},"featured_media":42665,"template":"","meta":[],"product_brand":[],"product_cat":[86,8679,8681,9355,9381,9465,9389],"product_tag":[24254],"class_list":{"0":"post-4926","1":"product","2":"type-product","3":"status-publish","4":"has-post-thumbnail","6":"gen-sdccag8","7":"gen-rogdi","8":"gen-zfyve26","9":"gen-rpgrip1l","10":"gen-zbtb24","11":"gen-dcaf17","12":"gen-sil1","13":"gen-vps13b","14":"gen-ppox","15":"gen-ubr1","16":"gen-tbc1d24","17":"gen-myo5a","18":"gen-naga","19":"product_cat-analisis-y-estudios-geneticos","20":"product_cat-diagnostico-genetico-molecularn","21":"product_cat-diagnostico-genetico-por-secuenciacion-masiva","22":"product_cat-listado-de-enfermedades","23":"product_cat-neuropediatria-diagnostico-genetico-molecularn","24":"product_cat-paneles-de-discapacidad-intelectual-diagnostico-genetico-por-secuenciacion-masivan","25":"product_cat-pediatria-diagnostico-genetico-molecularn","26":"product_tag-discapacidad-intelectual-sindromes-autosomicos-recesivos-griscelli-1-schindler-i-iii-kanzaki-porfiria-variegata-kohlschutter-tonz-coach-senior-loken-marinesco-sjogren-door-sindrod00071","28":"first","29":"instock","30":"taxable","31":"shipping-taxable","32":"product-type-simple"},"acf":[],"yoast_head":"<!-- This site is optimized with the Yoast SEO plugin v27.3 - https:\/\/yoast.com\/product\/yoast-seo-wordpress\/ -->\n<title>Secuenciaci\u00f3n masiva panel de 13 genes: DCAF17, MYO5A, NAGA, PPOX, ROGDI, RPGRIP1L, SDCCAG8, SIL1, TBC1D24, UBR1, VPS13B, ZFYVE26, ZBTB24. - Sistemas Gen\u00f3micos<\/title>\n<meta name=\"robots\" content=\"index, follow, max-snippet:-1, max-image-preview:large, max-video-preview:-1\" \/>\n<link rel=\"canonical\" href=\"https:\/\/sistemasgenomicos.com\/es\/producto\/secuenciacion-masiva-panel-de-13-genes-dcaf17-myo5a-naga-ppox-rogdi-rpgrip1l-sdccag8-sil1-tbc1d24-ubr1-vps13b-zfyve26-zbtb24\/\" \/>\n<meta property=\"og:locale\" content=\"es_ES\" \/>\n<meta property=\"og:type\" content=\"article\" \/>\n<meta property=\"og:title\" content=\"Secuenciaci\u00f3n masiva panel de 13 genes: DCAF17, MYO5A, NAGA, PPOX, ROGDI, RPGRIP1L, SDCCAG8, SIL1, TBC1D24, UBR1, VPS13B, ZFYVE26, ZBTB24. - Sistemas Gen\u00f3micos\" \/>\n<meta property=\"og:url\" content=\"https:\/\/sistemasgenomicos.com\/es\/producto\/secuenciacion-masiva-panel-de-13-genes-dcaf17-myo5a-naga-ppox-rogdi-rpgrip1l-sdccag8-sil1-tbc1d24-ubr1-vps13b-zfyve26-zbtb24\/\" \/>\n<meta property=\"og:site_name\" content=\"Sistemas Gen\u00f3micos\" \/>\n<meta property=\"article:modified_time\" content=\"2020-09-30T03:49:09+00:00\" \/>\n<meta property=\"og:image\" content=\"https:\/\/sistemasgenomicos.com\/wp-content\/uploads\/2018\/04\/logo-sistemas-genomicos-default-1.jpg\" \/>\n\t<meta property=\"og:image:width\" content=\"1200\" \/>\n\t<meta property=\"og:image:height\" content=\"750\" \/>\n\t<meta property=\"og:image:type\" content=\"image\/jpeg\" \/>\n<meta name=\"twitter:card\" content=\"summary_large_image\" \/>\n<script type=\"application\/ld+json\" class=\"yoast-schema-graph\">{\"@context\":\"https:\\\/\\\/schema.org\",\"@graph\":[{\"@type\":\"WebPage\",\"@id\":\"https:\\\/\\\/sistemasgenomicos.com\\\/es\\\/producto\\\/secuenciacion-masiva-panel-de-13-genes-dcaf17-myo5a-naga-ppox-rogdi-rpgrip1l-sdccag8-sil1-tbc1d24-ubr1-vps13b-zfyve26-zbtb24\\\/\",\"url\":\"https:\\\/\\\/sistemasgenomicos.com\\\/es\\\/producto\\\/secuenciacion-masiva-panel-de-13-genes-dcaf17-myo5a-naga-ppox-rogdi-rpgrip1l-sdccag8-sil1-tbc1d24-ubr1-vps13b-zfyve26-zbtb24\\\/\",\"name\":\"Secuenciaci\u00f3n masiva panel de 13 genes: DCAF17, MYO5A, NAGA, PPOX, ROGDI, RPGRIP1L, SDCCAG8, SIL1, TBC1D24, UBR1, VPS13B, ZFYVE26, ZBTB24. - Sistemas Gen\u00f3micos\",\"isPartOf\":{\"@id\":\"https:\\\/\\\/sistemasgenomicos.com\\\/es\\\/#website\"},\"primaryImageOfPage\":{\"@id\":\"https:\\\/\\\/sistemasgenomicos.com\\\/es\\\/producto\\\/secuenciacion-masiva-panel-de-13-genes-dcaf17-myo5a-naga-ppox-rogdi-rpgrip1l-sdccag8-sil1-tbc1d24-ubr1-vps13b-zfyve26-zbtb24\\\/#primaryimage\"},\"image\":{\"@id\":\"https:\\\/\\\/sistemasgenomicos.com\\\/es\\\/producto\\\/secuenciacion-masiva-panel-de-13-genes-dcaf17-myo5a-naga-ppox-rogdi-rpgrip1l-sdccag8-sil1-tbc1d24-ubr1-vps13b-zfyve26-zbtb24\\\/#primaryimage\"},\"thumbnailUrl\":\"https:\\\/\\\/sistemasgenomicos.com\\\/wp-content\\\/uploads\\\/2018\\\/04\\\/logo-sistemas-genomicos-default-1.jpg\",\"datePublished\":\"2017-12-22T09:21:04+00:00\",\"dateModified\":\"2020-09-30T03:49:09+00:00\",\"breadcrumb\":{\"@id\":\"https:\\\/\\\/sistemasgenomicos.com\\\/es\\\/producto\\\/secuenciacion-masiva-panel-de-13-genes-dcaf17-myo5a-naga-ppox-rogdi-rpgrip1l-sdccag8-sil1-tbc1d24-ubr1-vps13b-zfyve26-zbtb24\\\/#breadcrumb\"},\"inLanguage\":\"es\",\"potentialAction\":[{\"@type\":\"ReadAction\",\"target\":[\"https:\\\/\\\/sistemasgenomicos.com\\\/es\\\/producto\\\/secuenciacion-masiva-panel-de-13-genes-dcaf17-myo5a-naga-ppox-rogdi-rpgrip1l-sdccag8-sil1-tbc1d24-ubr1-vps13b-zfyve26-zbtb24\\\/\"]}]},{\"@type\":\"ImageObject\",\"inLanguage\":\"es\",\"@id\":\"https:\\\/\\\/sistemasgenomicos.com\\\/es\\\/producto\\\/secuenciacion-masiva-panel-de-13-genes-dcaf17-myo5a-naga-ppox-rogdi-rpgrip1l-sdccag8-sil1-tbc1d24-ubr1-vps13b-zfyve26-zbtb24\\\/#primaryimage\",\"url\":\"https:\\\/\\\/sistemasgenomicos.com\\\/wp-content\\\/uploads\\\/2018\\\/04\\\/logo-sistemas-genomicos-default-1.jpg\",\"contentUrl\":\"https:\\\/\\\/sistemasgenomicos.com\\\/wp-content\\\/uploads\\\/2018\\\/04\\\/logo-sistemas-genomicos-default-1.jpg\",\"width\":1200,\"height\":750},{\"@type\":\"BreadcrumbList\",\"@id\":\"https:\\\/\\\/sistemasgenomicos.com\\\/es\\\/producto\\\/secuenciacion-masiva-panel-de-13-genes-dcaf17-myo5a-naga-ppox-rogdi-rpgrip1l-sdccag8-sil1-tbc1d24-ubr1-vps13b-zfyve26-zbtb24\\\/#breadcrumb\",\"itemListElement\":[{\"@type\":\"ListItem\",\"position\":1,\"name\":\"Portada\",\"item\":\"https:\\\/\\\/sistemasgenomicos.com\\\/es\\\/\"},{\"@type\":\"ListItem\",\"position\":2,\"name\":\"Tienda\",\"item\":\"https:\\\/\\\/sistemasgenomicos.com\\\/es\\\/tienda\\\/\"},{\"@type\":\"ListItem\",\"position\":3,\"name\":\"Secuenciaci\u00f3n masiva panel de 13 genes: DCAF17, MYO5A, NAGA, PPOX, ROGDI, RPGRIP1L, SDCCAG8, SIL1, TBC1D24, UBR1, VPS13B, ZFYVE26, ZBTB24.\"}]},{\"@type\":\"WebSite\",\"@id\":\"https:\\\/\\\/sistemasgenomicos.com\\\/es\\\/#website\",\"url\":\"https:\\\/\\\/sistemasgenomicos.com\\\/es\\\/\",\"name\":\"Sistemas Gen\u00f3micos\",\"description\":\"La mayor empresa dedicada a la investigaci\u00f3n gen\u00e9tica y molecular\",\"publisher\":{\"@id\":\"https:\\\/\\\/sistemasgenomicos.com\\\/es\\\/#organization\"},\"potentialAction\":[{\"@type\":\"SearchAction\",\"target\":{\"@type\":\"EntryPoint\",\"urlTemplate\":\"https:\\\/\\\/sistemasgenomicos.com\\\/es\\\/?s={search_term_string}\"},\"query-input\":{\"@type\":\"PropertyValueSpecification\",\"valueRequired\":true,\"valueName\":\"search_term_string\"}}],\"inLanguage\":\"es\"},{\"@type\":\"Organization\",\"@id\":\"https:\\\/\\\/sistemasgenomicos.com\\\/es\\\/#organization\",\"name\":\"Sistemas Gen\u00f3micos\",\"url\":\"https:\\\/\\\/sistemasgenomicos.com\\\/es\\\/\",\"logo\":{\"@type\":\"ImageObject\",\"inLanguage\":\"es\",\"@id\":\"https:\\\/\\\/sistemasgenomicos.com\\\/es\\\/#\\\/schema\\\/logo\\\/image\\\/\",\"url\":\"https:\\\/\\\/sistemasgenomicos.com\\\/wp-content\\\/uploads\\\/2022\\\/04\\\/image001-1.png\",\"contentUrl\":\"https:\\\/\\\/sistemasgenomicos.com\\\/wp-content\\\/uploads\\\/2022\\\/04\\\/image001-1.png\",\"width\":250,\"height\":122,\"caption\":\"Sistemas Gen\u00f3micos\"},\"image\":{\"@id\":\"https:\\\/\\\/sistemasgenomicos.com\\\/es\\\/#\\\/schema\\\/logo\\\/image\\\/\"}}]}<\/script>\n<!-- \/ Yoast SEO plugin. -->","yoast_head_json":{"title":"Secuenciaci\u00f3n masiva panel de 13 genes: DCAF17, MYO5A, NAGA, PPOX, ROGDI, RPGRIP1L, SDCCAG8, SIL1, TBC1D24, UBR1, VPS13B, ZFYVE26, ZBTB24. - Sistemas Gen\u00f3micos","robots":{"index":"index","follow":"follow","max-snippet":"max-snippet:-1","max-image-preview":"max-image-preview:large","max-video-preview":"max-video-preview:-1"},"canonical":"https:\/\/sistemasgenomicos.com\/es\/producto\/secuenciacion-masiva-panel-de-13-genes-dcaf17-myo5a-naga-ppox-rogdi-rpgrip1l-sdccag8-sil1-tbc1d24-ubr1-vps13b-zfyve26-zbtb24\/","og_locale":"es_ES","og_type":"article","og_title":"Secuenciaci\u00f3n masiva panel de 13 genes: DCAF17, MYO5A, NAGA, PPOX, ROGDI, RPGRIP1L, SDCCAG8, SIL1, TBC1D24, UBR1, VPS13B, ZFYVE26, ZBTB24. - Sistemas Gen\u00f3micos","og_url":"https:\/\/sistemasgenomicos.com\/es\/producto\/secuenciacion-masiva-panel-de-13-genes-dcaf17-myo5a-naga-ppox-rogdi-rpgrip1l-sdccag8-sil1-tbc1d24-ubr1-vps13b-zfyve26-zbtb24\/","og_site_name":"Sistemas Gen\u00f3micos","article_modified_time":"2020-09-30T03:49:09+00:00","og_image":[{"width":1200,"height":750,"url":"https:\/\/sistemasgenomicos.com\/wp-content\/uploads\/2018\/04\/logo-sistemas-genomicos-default-1.jpg","type":"image\/jpeg"}],"twitter_card":"summary_large_image","schema":{"@context":"https:\/\/schema.org","@graph":[{"@type":"WebPage","@id":"https:\/\/sistemasgenomicos.com\/es\/producto\/secuenciacion-masiva-panel-de-13-genes-dcaf17-myo5a-naga-ppox-rogdi-rpgrip1l-sdccag8-sil1-tbc1d24-ubr1-vps13b-zfyve26-zbtb24\/","url":"https:\/\/sistemasgenomicos.com\/es\/producto\/secuenciacion-masiva-panel-de-13-genes-dcaf17-myo5a-naga-ppox-rogdi-rpgrip1l-sdccag8-sil1-tbc1d24-ubr1-vps13b-zfyve26-zbtb24\/","name":"Secuenciaci\u00f3n masiva panel de 13 genes: DCAF17, MYO5A, NAGA, PPOX, ROGDI, RPGRIP1L, SDCCAG8, SIL1, TBC1D24, UBR1, VPS13B, ZFYVE26, ZBTB24. - Sistemas Gen\u00f3micos","isPartOf":{"@id":"https:\/\/sistemasgenomicos.com\/es\/#website"},"primaryImageOfPage":{"@id":"https:\/\/sistemasgenomicos.com\/es\/producto\/secuenciacion-masiva-panel-de-13-genes-dcaf17-myo5a-naga-ppox-rogdi-rpgrip1l-sdccag8-sil1-tbc1d24-ubr1-vps13b-zfyve26-zbtb24\/#primaryimage"},"image":{"@id":"https:\/\/sistemasgenomicos.com\/es\/producto\/secuenciacion-masiva-panel-de-13-genes-dcaf17-myo5a-naga-ppox-rogdi-rpgrip1l-sdccag8-sil1-tbc1d24-ubr1-vps13b-zfyve26-zbtb24\/#primaryimage"},"thumbnailUrl":"https:\/\/sistemasgenomicos.com\/wp-content\/uploads\/2018\/04\/logo-sistemas-genomicos-default-1.jpg","datePublished":"2017-12-22T09:21:04+00:00","dateModified":"2020-09-30T03:49:09+00:00","breadcrumb":{"@id":"https:\/\/sistemasgenomicos.com\/es\/producto\/secuenciacion-masiva-panel-de-13-genes-dcaf17-myo5a-naga-ppox-rogdi-rpgrip1l-sdccag8-sil1-tbc1d24-ubr1-vps13b-zfyve26-zbtb24\/#breadcrumb"},"inLanguage":"es","potentialAction":[{"@type":"ReadAction","target":["https:\/\/sistemasgenomicos.com\/es\/producto\/secuenciacion-masiva-panel-de-13-genes-dcaf17-myo5a-naga-ppox-rogdi-rpgrip1l-sdccag8-sil1-tbc1d24-ubr1-vps13b-zfyve26-zbtb24\/"]}]},{"@type":"ImageObject","inLanguage":"es","@id":"https:\/\/sistemasgenomicos.com\/es\/producto\/secuenciacion-masiva-panel-de-13-genes-dcaf17-myo5a-naga-ppox-rogdi-rpgrip1l-sdccag8-sil1-tbc1d24-ubr1-vps13b-zfyve26-zbtb24\/#primaryimage","url":"https:\/\/sistemasgenomicos.com\/wp-content\/uploads\/2018\/04\/logo-sistemas-genomicos-default-1.jpg","contentUrl":"https:\/\/sistemasgenomicos.com\/wp-content\/uploads\/2018\/04\/logo-sistemas-genomicos-default-1.jpg","width":1200,"height":750},{"@type":"BreadcrumbList","@id":"https:\/\/sistemasgenomicos.com\/es\/producto\/secuenciacion-masiva-panel-de-13-genes-dcaf17-myo5a-naga-ppox-rogdi-rpgrip1l-sdccag8-sil1-tbc1d24-ubr1-vps13b-zfyve26-zbtb24\/#breadcrumb","itemListElement":[{"@type":"ListItem","position":1,"name":"Portada","item":"https:\/\/sistemasgenomicos.com\/es\/"},{"@type":"ListItem","position":2,"name":"Tienda","item":"https:\/\/sistemasgenomicos.com\/es\/tienda\/"},{"@type":"ListItem","position":3,"name":"Secuenciaci\u00f3n masiva panel de 13 genes: DCAF17, MYO5A, NAGA, PPOX, ROGDI, RPGRIP1L, SDCCAG8, SIL1, TBC1D24, UBR1, VPS13B, ZFYVE26, ZBTB24."}]},{"@type":"WebSite","@id":"https:\/\/sistemasgenomicos.com\/es\/#website","url":"https:\/\/sistemasgenomicos.com\/es\/","name":"Sistemas Gen\u00f3micos","description":"La mayor empresa dedicada a la investigaci\u00f3n gen\u00e9tica y molecular","publisher":{"@id":"https:\/\/sistemasgenomicos.com\/es\/#organization"},"potentialAction":[{"@type":"SearchAction","target":{"@type":"EntryPoint","urlTemplate":"https:\/\/sistemasgenomicos.com\/es\/?s={search_term_string}"},"query-input":{"@type":"PropertyValueSpecification","valueRequired":true,"valueName":"search_term_string"}}],"inLanguage":"es"},{"@type":"Organization","@id":"https:\/\/sistemasgenomicos.com\/es\/#organization","name":"Sistemas Gen\u00f3micos","url":"https:\/\/sistemasgenomicos.com\/es\/","logo":{"@type":"ImageObject","inLanguage":"es","@id":"https:\/\/sistemasgenomicos.com\/es\/#\/schema\/logo\/image\/","url":"https:\/\/sistemasgenomicos.com\/wp-content\/uploads\/2022\/04\/image001-1.png","contentUrl":"https:\/\/sistemasgenomicos.com\/wp-content\/uploads\/2022\/04\/image001-1.png","width":250,"height":122,"caption":"Sistemas Gen\u00f3micos"},"image":{"@id":"https:\/\/sistemasgenomicos.com\/es\/#\/schema\/logo\/image\/"}}]}},"_links":{"self":[{"href":"https:\/\/sistemasgenomicos.com\/es\/wp-json\/wp\/v2\/product\/4926","targetHints":{"allow":["GET"]}}],"collection":[{"href":"https:\/\/sistemasgenomicos.com\/es\/wp-json\/wp\/v2\/product"}],"about":[{"href":"https:\/\/sistemasgenomicos.com\/es\/wp-json\/wp\/v2\/types\/product"}],"wp:featuredmedia":[{"embeddable":true,"href":"https:\/\/sistemasgenomicos.com\/es\/wp-json\/wp\/v2\/media\/42665"}],"wp:attachment":[{"href":"https:\/\/sistemasgenomicos.com\/es\/wp-json\/wp\/v2\/media?parent=4926"}],"wp:term":[{"taxonomy":"product_brand","embeddable":true,"href":"https:\/\/sistemasgenomicos.com\/es\/wp-json\/wp\/v2\/product_brand?post=4926"},{"taxonomy":"product_cat","embeddable":true,"href":"https:\/\/sistemasgenomicos.com\/es\/wp-json\/wp\/v2\/product_cat?post=4926"},{"taxonomy":"product_tag","embeddable":true,"href":"https:\/\/sistemasgenomicos.com\/es\/wp-json\/wp\/v2\/product_tag?post=4926"}],"curies":[{"name":"wp","href":"https:\/\/api.w.org\/{rel}","templated":true}]}}