{"id":4911,"date":"2017-12-22T09:20:54","date_gmt":"2017-12-22T09:20:54","guid":{"rendered":"https:\/\/sistemasgenomicos.digitis.net\/tienda-online\/secuenciacion-masiva-panel-de-18-genes-cdkl5-chl1-cntnap2-cntn4-ehmt1-foxg1-gabra5-gabrb3-gabrg3-mbd5-mecp2-mef2c-nrxn1-rai1-slc9a6-tcf4-ube3a-zeb2\/"},"modified":"2020-09-30T05:49:04","modified_gmt":"2020-09-30T03:49:04","slug":"secuenciacion-masiva-panel-de-18-genes-cdkl5-chl1-cntnap2-cntn4-ehmt1-foxg1-gabra5-gabrb3-gabrg3-mbd5-mecp2-mef2c-nrxn1-rai1-slc9a6-tcf4-ube3a-zeb2","status":"publish","type":"product","link":"https:\/\/sistemasgenomicos.com\/es\/producto\/secuenciacion-masiva-panel-de-18-genes-cdkl5-chl1-cntnap2-cntn4-ehmt1-foxg1-gabra5-gabrb3-gabrg3-mbd5-mecp2-mef2c-nrxn1-rai1-slc9a6-tcf4-ube3a-zeb2\/","title":{"rendered":"Secuenciaci\u00f3n masiva panel de 18 genes: CDKL5, CHL1, CNTNAP2, CNTN4, EHMT1, FOXG1, GABRA5, GABRB3, GABRG3, MBD5, MECP2, MEF2C, NRXN1, RAI1, SLC9A6, TCF4, UBE3A, ZEB2"},"content":{"rendered":"","protected":false},"excerpt":{"rendered":"","protected":false},"featured_media":42665,"template":"","meta":[],"product_brand":[],"product_cat":[86,8679,8681,9355,9371,9375,9381,9465,9439,9389],"product_tag":[22503,22465,21445,22409,22475,21331],"class_list":{"0":"post-4911","1":"product","2":"type-product","3":"status-publish","4":"has-post-thumbnail","6":"gen-cdkl5","7":"gen-mef2c","8":"gen-rai1","9":"gen-ube3a","10":"gen-chl1","11":"gen-cntn4","12":"gen-gabrb3","13":"gen-mecp2","14":"gen-zeb2","15":"gen-cntnap2","16":"gen-foxg1","17":"gen-nrxn1","18":"gen-ehmt1","19":"gen-gabrg3","20":"gen-gabra5","21":"gen-tcf4","22":"gen-slc9a6","23":"gen-mbd5","24":"product_cat-analisis-y-estudios-geneticos","25":"product_cat-diagnostico-genetico-molecularn","26":"product_cat-diagnostico-genetico-por-secuenciacion-masiva","27":"product_cat-listado-de-enfermedades","28":"product_cat-medicina-interna-diagnostico-genetico-molecularn","29":"product_cat-neonatologia-diagnostico-genetico-molecularn","30":"product_cat-neuropediatria-diagnostico-genetico-molecularn","31":"product_cat-paneles-de-discapacidad-intelectual-diagnostico-genetico-por-secuenciacion-masivan","32":"product_cat-paneles-neurologia-diagnostico-genetico-por-secuenciacion-masivan","33":"product_cat-pediatria-diagnostico-genetico-molecularn","34":"product_tag-angelman-sindrome-de93","35":"product_tag-angelman-angelman-like-prader-willi-rett-variante-de-rett-mowat-wilson-pitt-hopkins-christianson-kleefstra-smith-magenis-sindromes825","36":"product_tag-mowat-wilson-sindrome-de316","37":"product_tag-prader-willi-sindrome-de80","38":"product_tag-rett-sindrome-de83","39":"product_tag-smith-magenis-sindrome-de263","41":"first","42":"instock","43":"taxable","44":"shipping-taxable","45":"product-type-simple"},"acf":[],"yoast_head":"<!-- This site is optimized with the Yoast SEO plugin v27.4 - https:\/\/yoast.com\/product\/yoast-seo-wordpress\/ -->\n<title>Secuenciaci\u00f3n masiva panel de 18 genes: CDKL5, CHL1, CNTNAP2, CNTN4, EHMT1, FOXG1, GABRA5, GABRB3, GABRG3, MBD5, MECP2, MEF2C, NRXN1, RAI1, SLC9A6, TCF4, UBE3A, ZEB2 - Sistemas Gen\u00f3micos<\/title>\n<meta name=\"robots\" content=\"index, follow, max-snippet:-1, max-image-preview:large, max-video-preview:-1\" \/>\n<link rel=\"canonical\" href=\"https:\/\/sistemasgenomicos.com\/es\/producto\/secuenciacion-masiva-panel-de-18-genes-cdkl5-chl1-cntnap2-cntn4-ehmt1-foxg1-gabra5-gabrb3-gabrg3-mbd5-mecp2-mef2c-nrxn1-rai1-slc9a6-tcf4-ube3a-zeb2\/\" \/>\n<meta property=\"og:locale\" content=\"es_ES\" \/>\n<meta property=\"og:type\" content=\"article\" \/>\n<meta property=\"og:title\" content=\"Secuenciaci\u00f3n masiva panel de 18 genes: CDKL5, CHL1, CNTNAP2, CNTN4, EHMT1, FOXG1, GABRA5, GABRB3, GABRG3, MBD5, MECP2, MEF2C, NRXN1, RAI1, SLC9A6, TCF4, UBE3A, ZEB2 - Sistemas Gen\u00f3micos\" \/>\n<meta property=\"og:url\" content=\"https:\/\/sistemasgenomicos.com\/es\/producto\/secuenciacion-masiva-panel-de-18-genes-cdkl5-chl1-cntnap2-cntn4-ehmt1-foxg1-gabra5-gabrb3-gabrg3-mbd5-mecp2-mef2c-nrxn1-rai1-slc9a6-tcf4-ube3a-zeb2\/\" \/>\n<meta property=\"og:site_name\" content=\"Sistemas Gen\u00f3micos\" \/>\n<meta property=\"article:modified_time\" content=\"2020-09-30T03:49:04+00:00\" \/>\n<meta property=\"og:image\" content=\"https:\/\/sistemasgenomicos.com\/wp-content\/uploads\/2018\/04\/logo-sistemas-genomicos-default-1.jpg\" \/>\n\t<meta property=\"og:image:width\" content=\"1200\" \/>\n\t<meta property=\"og:image:height\" content=\"750\" \/>\n\t<meta property=\"og:image:type\" content=\"image\/jpeg\" \/>\n<meta name=\"twitter:card\" content=\"summary_large_image\" \/>\n<script type=\"application\/ld+json\" class=\"yoast-schema-graph\">{\"@context\":\"https:\\\/\\\/schema.org\",\"@graph\":[{\"@type\":\"WebPage\",\"@id\":\"https:\\\/\\\/sistemasgenomicos.com\\\/es\\\/producto\\\/secuenciacion-masiva-panel-de-18-genes-cdkl5-chl1-cntnap2-cntn4-ehmt1-foxg1-gabra5-gabrb3-gabrg3-mbd5-mecp2-mef2c-nrxn1-rai1-slc9a6-tcf4-ube3a-zeb2\\\/\",\"url\":\"https:\\\/\\\/sistemasgenomicos.com\\\/es\\\/producto\\\/secuenciacion-masiva-panel-de-18-genes-cdkl5-chl1-cntnap2-cntn4-ehmt1-foxg1-gabra5-gabrb3-gabrg3-mbd5-mecp2-mef2c-nrxn1-rai1-slc9a6-tcf4-ube3a-zeb2\\\/\",\"name\":\"Secuenciaci\u00f3n masiva panel de 18 genes: CDKL5, CHL1, CNTNAP2, CNTN4, EHMT1, FOXG1, GABRA5, GABRB3, GABRG3, MBD5, MECP2, MEF2C, NRXN1, RAI1, SLC9A6, TCF4, UBE3A, ZEB2 - Sistemas Gen\u00f3micos\",\"isPartOf\":{\"@id\":\"https:\\\/\\\/sistemasgenomicos.com\\\/es\\\/#website\"},\"primaryImageOfPage\":{\"@id\":\"https:\\\/\\\/sistemasgenomicos.com\\\/es\\\/producto\\\/secuenciacion-masiva-panel-de-18-genes-cdkl5-chl1-cntnap2-cntn4-ehmt1-foxg1-gabra5-gabrb3-gabrg3-mbd5-mecp2-mef2c-nrxn1-rai1-slc9a6-tcf4-ube3a-zeb2\\\/#primaryimage\"},\"image\":{\"@id\":\"https:\\\/\\\/sistemasgenomicos.com\\\/es\\\/producto\\\/secuenciacion-masiva-panel-de-18-genes-cdkl5-chl1-cntnap2-cntn4-ehmt1-foxg1-gabra5-gabrb3-gabrg3-mbd5-mecp2-mef2c-nrxn1-rai1-slc9a6-tcf4-ube3a-zeb2\\\/#primaryimage\"},\"thumbnailUrl\":\"https:\\\/\\\/sistemasgenomicos.com\\\/wp-content\\\/uploads\\\/2018\\\/04\\\/logo-sistemas-genomicos-default-1.jpg\",\"datePublished\":\"2017-12-22T09:20:54+00:00\",\"dateModified\":\"2020-09-30T03:49:04+00:00\",\"breadcrumb\":{\"@id\":\"https:\\\/\\\/sistemasgenomicos.com\\\/es\\\/producto\\\/secuenciacion-masiva-panel-de-18-genes-cdkl5-chl1-cntnap2-cntn4-ehmt1-foxg1-gabra5-gabrb3-gabrg3-mbd5-mecp2-mef2c-nrxn1-rai1-slc9a6-tcf4-ube3a-zeb2\\\/#breadcrumb\"},\"inLanguage\":\"es\",\"potentialAction\":[{\"@type\":\"ReadAction\",\"target\":[\"https:\\\/\\\/sistemasgenomicos.com\\\/es\\\/producto\\\/secuenciacion-masiva-panel-de-18-genes-cdkl5-chl1-cntnap2-cntn4-ehmt1-foxg1-gabra5-gabrb3-gabrg3-mbd5-mecp2-mef2c-nrxn1-rai1-slc9a6-tcf4-ube3a-zeb2\\\/\"]}]},{\"@type\":\"ImageObject\",\"inLanguage\":\"es\",\"@id\":\"https:\\\/\\\/sistemasgenomicos.com\\\/es\\\/producto\\\/secuenciacion-masiva-panel-de-18-genes-cdkl5-chl1-cntnap2-cntn4-ehmt1-foxg1-gabra5-gabrb3-gabrg3-mbd5-mecp2-mef2c-nrxn1-rai1-slc9a6-tcf4-ube3a-zeb2\\\/#primaryimage\",\"url\":\"https:\\\/\\\/sistemasgenomicos.com\\\/wp-content\\\/uploads\\\/2018\\\/04\\\/logo-sistemas-genomicos-default-1.jpg\",\"contentUrl\":\"https:\\\/\\\/sistemasgenomicos.com\\\/wp-content\\\/uploads\\\/2018\\\/04\\\/logo-sistemas-genomicos-default-1.jpg\",\"width\":1200,\"height\":750},{\"@type\":\"BreadcrumbList\",\"@id\":\"https:\\\/\\\/sistemasgenomicos.com\\\/es\\\/producto\\\/secuenciacion-masiva-panel-de-18-genes-cdkl5-chl1-cntnap2-cntn4-ehmt1-foxg1-gabra5-gabrb3-gabrg3-mbd5-mecp2-mef2c-nrxn1-rai1-slc9a6-tcf4-ube3a-zeb2\\\/#breadcrumb\",\"itemListElement\":[{\"@type\":\"ListItem\",\"position\":1,\"name\":\"Portada\",\"item\":\"https:\\\/\\\/sistemasgenomicos.com\\\/es\\\/\"},{\"@type\":\"ListItem\",\"position\":2,\"name\":\"Tienda\",\"item\":\"https:\\\/\\\/sistemasgenomicos.com\\\/es\\\/tienda\\\/\"},{\"@type\":\"ListItem\",\"position\":3,\"name\":\"Secuenciaci\u00f3n masiva panel de 18 genes: CDKL5, CHL1, CNTNAP2, CNTN4, EHMT1, FOXG1, GABRA5, GABRB3, GABRG3, MBD5, MECP2, MEF2C, NRXN1, RAI1, SLC9A6, TCF4, UBE3A, ZEB2\"}]},{\"@type\":\"WebSite\",\"@id\":\"https:\\\/\\\/sistemasgenomicos.com\\\/es\\\/#website\",\"url\":\"https:\\\/\\\/sistemasgenomicos.com\\\/es\\\/\",\"name\":\"Sistemas Gen\u00f3micos\",\"description\":\"La mayor empresa dedicada a la investigaci\u00f3n gen\u00e9tica y molecular\",\"publisher\":{\"@id\":\"https:\\\/\\\/sistemasgenomicos.com\\\/es\\\/#organization\"},\"potentialAction\":[{\"@type\":\"SearchAction\",\"target\":{\"@type\":\"EntryPoint\",\"urlTemplate\":\"https:\\\/\\\/sistemasgenomicos.com\\\/es\\\/?s={search_term_string}\"},\"query-input\":{\"@type\":\"PropertyValueSpecification\",\"valueRequired\":true,\"valueName\":\"search_term_string\"}}],\"inLanguage\":\"es\"},{\"@type\":\"Organization\",\"@id\":\"https:\\\/\\\/sistemasgenomicos.com\\\/es\\\/#organization\",\"name\":\"Sistemas Gen\u00f3micos\",\"url\":\"https:\\\/\\\/sistemasgenomicos.com\\\/es\\\/\",\"logo\":{\"@type\":\"ImageObject\",\"inLanguage\":\"es\",\"@id\":\"https:\\\/\\\/sistemasgenomicos.com\\\/es\\\/#\\\/schema\\\/logo\\\/image\\\/\",\"url\":\"https:\\\/\\\/sistemasgenomicos.com\\\/wp-content\\\/uploads\\\/2022\\\/04\\\/image001-1.png\",\"contentUrl\":\"https:\\\/\\\/sistemasgenomicos.com\\\/wp-content\\\/uploads\\\/2022\\\/04\\\/image001-1.png\",\"width\":250,\"height\":122,\"caption\":\"Sistemas Gen\u00f3micos\"},\"image\":{\"@id\":\"https:\\\/\\\/sistemasgenomicos.com\\\/es\\\/#\\\/schema\\\/logo\\\/image\\\/\"}}]}<\/script>\n<!-- \/ Yoast SEO plugin. -->","yoast_head_json":{"title":"Secuenciaci\u00f3n masiva panel de 18 genes: CDKL5, CHL1, CNTNAP2, CNTN4, EHMT1, FOXG1, GABRA5, GABRB3, GABRG3, MBD5, MECP2, MEF2C, NRXN1, RAI1, SLC9A6, TCF4, UBE3A, ZEB2 - Sistemas Gen\u00f3micos","robots":{"index":"index","follow":"follow","max-snippet":"max-snippet:-1","max-image-preview":"max-image-preview:large","max-video-preview":"max-video-preview:-1"},"canonical":"https:\/\/sistemasgenomicos.com\/es\/producto\/secuenciacion-masiva-panel-de-18-genes-cdkl5-chl1-cntnap2-cntn4-ehmt1-foxg1-gabra5-gabrb3-gabrg3-mbd5-mecp2-mef2c-nrxn1-rai1-slc9a6-tcf4-ube3a-zeb2\/","og_locale":"es_ES","og_type":"article","og_title":"Secuenciaci\u00f3n masiva panel de 18 genes: CDKL5, CHL1, CNTNAP2, CNTN4, EHMT1, FOXG1, GABRA5, GABRB3, GABRG3, MBD5, MECP2, MEF2C, NRXN1, RAI1, SLC9A6, TCF4, UBE3A, ZEB2 - Sistemas Gen\u00f3micos","og_url":"https:\/\/sistemasgenomicos.com\/es\/producto\/secuenciacion-masiva-panel-de-18-genes-cdkl5-chl1-cntnap2-cntn4-ehmt1-foxg1-gabra5-gabrb3-gabrg3-mbd5-mecp2-mef2c-nrxn1-rai1-slc9a6-tcf4-ube3a-zeb2\/","og_site_name":"Sistemas Gen\u00f3micos","article_modified_time":"2020-09-30T03:49:04+00:00","og_image":[{"width":1200,"height":750,"url":"https:\/\/sistemasgenomicos.com\/wp-content\/uploads\/2018\/04\/logo-sistemas-genomicos-default-1.jpg","type":"image\/jpeg"}],"twitter_card":"summary_large_image","schema":{"@context":"https:\/\/schema.org","@graph":[{"@type":"WebPage","@id":"https:\/\/sistemasgenomicos.com\/es\/producto\/secuenciacion-masiva-panel-de-18-genes-cdkl5-chl1-cntnap2-cntn4-ehmt1-foxg1-gabra5-gabrb3-gabrg3-mbd5-mecp2-mef2c-nrxn1-rai1-slc9a6-tcf4-ube3a-zeb2\/","url":"https:\/\/sistemasgenomicos.com\/es\/producto\/secuenciacion-masiva-panel-de-18-genes-cdkl5-chl1-cntnap2-cntn4-ehmt1-foxg1-gabra5-gabrb3-gabrg3-mbd5-mecp2-mef2c-nrxn1-rai1-slc9a6-tcf4-ube3a-zeb2\/","name":"Secuenciaci\u00f3n masiva panel de 18 genes: CDKL5, CHL1, CNTNAP2, CNTN4, EHMT1, FOXG1, GABRA5, GABRB3, GABRG3, MBD5, MECP2, MEF2C, NRXN1, RAI1, SLC9A6, TCF4, UBE3A, ZEB2 - Sistemas Gen\u00f3micos","isPartOf":{"@id":"https:\/\/sistemasgenomicos.com\/es\/#website"},"primaryImageOfPage":{"@id":"https:\/\/sistemasgenomicos.com\/es\/producto\/secuenciacion-masiva-panel-de-18-genes-cdkl5-chl1-cntnap2-cntn4-ehmt1-foxg1-gabra5-gabrb3-gabrg3-mbd5-mecp2-mef2c-nrxn1-rai1-slc9a6-tcf4-ube3a-zeb2\/#primaryimage"},"image":{"@id":"https:\/\/sistemasgenomicos.com\/es\/producto\/secuenciacion-masiva-panel-de-18-genes-cdkl5-chl1-cntnap2-cntn4-ehmt1-foxg1-gabra5-gabrb3-gabrg3-mbd5-mecp2-mef2c-nrxn1-rai1-slc9a6-tcf4-ube3a-zeb2\/#primaryimage"},"thumbnailUrl":"https:\/\/sistemasgenomicos.com\/wp-content\/uploads\/2018\/04\/logo-sistemas-genomicos-default-1.jpg","datePublished":"2017-12-22T09:20:54+00:00","dateModified":"2020-09-30T03:49:04+00:00","breadcrumb":{"@id":"https:\/\/sistemasgenomicos.com\/es\/producto\/secuenciacion-masiva-panel-de-18-genes-cdkl5-chl1-cntnap2-cntn4-ehmt1-foxg1-gabra5-gabrb3-gabrg3-mbd5-mecp2-mef2c-nrxn1-rai1-slc9a6-tcf4-ube3a-zeb2\/#breadcrumb"},"inLanguage":"es","potentialAction":[{"@type":"ReadAction","target":["https:\/\/sistemasgenomicos.com\/es\/producto\/secuenciacion-masiva-panel-de-18-genes-cdkl5-chl1-cntnap2-cntn4-ehmt1-foxg1-gabra5-gabrb3-gabrg3-mbd5-mecp2-mef2c-nrxn1-rai1-slc9a6-tcf4-ube3a-zeb2\/"]}]},{"@type":"ImageObject","inLanguage":"es","@id":"https:\/\/sistemasgenomicos.com\/es\/producto\/secuenciacion-masiva-panel-de-18-genes-cdkl5-chl1-cntnap2-cntn4-ehmt1-foxg1-gabra5-gabrb3-gabrg3-mbd5-mecp2-mef2c-nrxn1-rai1-slc9a6-tcf4-ube3a-zeb2\/#primaryimage","url":"https:\/\/sistemasgenomicos.com\/wp-content\/uploads\/2018\/04\/logo-sistemas-genomicos-default-1.jpg","contentUrl":"https:\/\/sistemasgenomicos.com\/wp-content\/uploads\/2018\/04\/logo-sistemas-genomicos-default-1.jpg","width":1200,"height":750},{"@type":"BreadcrumbList","@id":"https:\/\/sistemasgenomicos.com\/es\/producto\/secuenciacion-masiva-panel-de-18-genes-cdkl5-chl1-cntnap2-cntn4-ehmt1-foxg1-gabra5-gabrb3-gabrg3-mbd5-mecp2-mef2c-nrxn1-rai1-slc9a6-tcf4-ube3a-zeb2\/#breadcrumb","itemListElement":[{"@type":"ListItem","position":1,"name":"Portada","item":"https:\/\/sistemasgenomicos.com\/es\/"},{"@type":"ListItem","position":2,"name":"Tienda","item":"https:\/\/sistemasgenomicos.com\/es\/tienda\/"},{"@type":"ListItem","position":3,"name":"Secuenciaci\u00f3n masiva panel de 18 genes: CDKL5, CHL1, CNTNAP2, CNTN4, EHMT1, FOXG1, GABRA5, GABRB3, GABRG3, MBD5, MECP2, MEF2C, NRXN1, RAI1, SLC9A6, TCF4, UBE3A, ZEB2"}]},{"@type":"WebSite","@id":"https:\/\/sistemasgenomicos.com\/es\/#website","url":"https:\/\/sistemasgenomicos.com\/es\/","name":"Sistemas Gen\u00f3micos","description":"La mayor empresa dedicada a la investigaci\u00f3n gen\u00e9tica y molecular","publisher":{"@id":"https:\/\/sistemasgenomicos.com\/es\/#organization"},"potentialAction":[{"@type":"SearchAction","target":{"@type":"EntryPoint","urlTemplate":"https:\/\/sistemasgenomicos.com\/es\/?s={search_term_string}"},"query-input":{"@type":"PropertyValueSpecification","valueRequired":true,"valueName":"search_term_string"}}],"inLanguage":"es"},{"@type":"Organization","@id":"https:\/\/sistemasgenomicos.com\/es\/#organization","name":"Sistemas Gen\u00f3micos","url":"https:\/\/sistemasgenomicos.com\/es\/","logo":{"@type":"ImageObject","inLanguage":"es","@id":"https:\/\/sistemasgenomicos.com\/es\/#\/schema\/logo\/image\/","url":"https:\/\/sistemasgenomicos.com\/wp-content\/uploads\/2022\/04\/image001-1.png","contentUrl":"https:\/\/sistemasgenomicos.com\/wp-content\/uploads\/2022\/04\/image001-1.png","width":250,"height":122,"caption":"Sistemas Gen\u00f3micos"},"image":{"@id":"https:\/\/sistemasgenomicos.com\/es\/#\/schema\/logo\/image\/"}}]}},"_links":{"self":[{"href":"https:\/\/sistemasgenomicos.com\/es\/wp-json\/wp\/v2\/product\/4911","targetHints":{"allow":["GET"]}}],"collection":[{"href":"https:\/\/sistemasgenomicos.com\/es\/wp-json\/wp\/v2\/product"}],"about":[{"href":"https:\/\/sistemasgenomicos.com\/es\/wp-json\/wp\/v2\/types\/product"}],"wp:featuredmedia":[{"embeddable":true,"href":"https:\/\/sistemasgenomicos.com\/es\/wp-json\/wp\/v2\/media\/42665"}],"wp:attachment":[{"href":"https:\/\/sistemasgenomicos.com\/es\/wp-json\/wp\/v2\/media?parent=4911"}],"wp:term":[{"taxonomy":"product_brand","embeddable":true,"href":"https:\/\/sistemasgenomicos.com\/es\/wp-json\/wp\/v2\/product_brand?post=4911"},{"taxonomy":"product_cat","embeddable":true,"href":"https:\/\/sistemasgenomicos.com\/es\/wp-json\/wp\/v2\/product_cat?post=4911"},{"taxonomy":"product_tag","embeddable":true,"href":"https:\/\/sistemasgenomicos.com\/es\/wp-json\/wp\/v2\/product_tag?post=4911"}],"curies":[{"name":"wp","href":"https:\/\/api.w.org\/{rel}","templated":true}]}}