{"id":4905,"date":"2017-12-22T09:20:48","date_gmt":"2017-12-22T09:20:48","guid":{"rendered":"https:\/\/sistemasgenomicos.digitis.net\/tienda-online\/d-i-ligada-al-x-secuenciacion-masiva-panel-de-53-genes-acsl4-agtr2-arhgef6-arx-asmt-atrx-brwd3-cask-ccdc22-clic2-cnksr2-cul4b-dlg3-fgd1-frmpd4-ftsj1-gabre-gdi1-gria3-hcfc1-hsd17\/"},"modified":"2020-09-30T05:49:01","modified_gmt":"2020-09-30T03:49:01","slug":"d-i-ligada-al-x-secuenciacion-masiva-panel-de-53-genes-acsl4-agtr2-arhgef6-arx-asmt-atrx-brwd3-cask-ccdc22-clic2-cnksr2-cul4b-dlg3-fgd1-frmpd4-ftsj1-gabre-gdi1-gria3-hcfc1-hsd17","status":"publish","type":"product","link":"https:\/\/sistemasgenomicos.com\/es\/producto\/d-i-ligada-al-x-secuenciacion-masiva-panel-de-53-genes-acsl4-agtr2-arhgef6-arx-asmt-atrx-brwd3-cask-ccdc22-clic2-cnksr2-cul4b-dlg3-fgd1-frmpd4-ftsj1-gabre-gdi1-gria3-hcfc1-hsd17\/","title":{"rendered":"D.I. Ligada al X. Secuenciaci\u00f3n masiva panel de 53 genes: ACSL4, AGTR2, ARHGEF6, ARX, ASMT, ATRX, BRWD3, CASK, CCDC22, CLIC2, CNKSR2, CUL4B, DLG3, FGD1, FRMPD4, FTSJ1, GABRE, GDI1, GRIA3, HCFC1, HSD17B10, IL1RAPL1, IQSEC2, KIAA2022, KLF8, MAGT1, MAOA, MAOB, MECP2, NLGN3, NLGN4X, NXF2, NXF5, OPHN1, P2RY8, PAK3, PLXNA3, PLXNB3, PTCHD1, RAB39B, RPS6KA3, RPS6KA6, SOX3, SYP, TRPC5, TSPAN7, ZCCHC12, ZDHHC15, ZMYM3, ZNF41, ZNF630, ZNF711, ZNF81"},"content":{"rendered":"","protected":false},"excerpt":{"rendered":"","protected":false},"featured_media":42665,"template":"","meta":[],"product_brand":[],"product_cat":[86,8679,8681,9355,9381,9465,9389],"product_tag":[22459],"class_list":{"0":"post-4905","1":"product","2":"type-product","3":"status-publish","4":"has-post-thumbnail","6":"gen-arx","7":"gen-kiaa2022","8":"gen-acsl4","9":"gen-ftsj1","10":"gen-maob","11":"gen-rps6ka6","12":"gen-trpc5","13":"gen-hsd17b10","14":"gen-pak3","15":"gen-ophn1","16":"gen-dlg3","17":"gen-atrx","18":"gen-ccdc22","19":"gen-syp","20":"gen-magt1","21":"gen-gabre","22":"gen-fgd1","23":"gen-klf8","24":"gen-zdhhc15","25":"gen-iqsec2","26":"gen-gria3","27":"gen-nxf5","28":"gen-arhgef6","29":"gen-plxna3","30":"gen-sox3","31":"gen-nlgn4x","32":"gen-cask","33":"gen-znf41","34":"gen-zmym3","35":"gen-znf711","36":"gen-cnksr2","37":"gen-rab39b","38":"gen-clic2","39":"gen-tspan7","40":"gen-cul4b","41":"gen-ptchd1","42":"gen-brwd3","43":"gen-mecp2","44":"gen-il1rapl1","45":"gen-frmpd4","46":"gen-hcfc1","47":"gen-zcchc12","48":"gen-rps6ka3","49":"gen-agtr2","50":"gen-maoa","51":"gen-nlgn3","52":"gen-znf81","53":"gen-plxnb3","54":"gen-gdi1","55":"gen-znf630","56":"product_cat-analisis-y-estudios-geneticos","57":"product_cat-diagnostico-genetico-molecularn","58":"product_cat-diagnostico-genetico-por-secuenciacion-masiva","59":"product_cat-listado-de-enfermedades","60":"product_cat-neuropediatria-diagnostico-genetico-molecularn","61":"product_cat-paneles-de-discapacidad-intelectual-diagnostico-genetico-por-secuenciacion-masivan","62":"product_cat-pediatria-diagnostico-genetico-molecularn","63":"product_tag-discapacidad-intelectual-ligada-a-x822","65":"first","66":"instock","67":"taxable","68":"shipping-taxable","69":"product-type-simple"},"acf":[],"yoast_head":"<!-- This site is optimized with the Yoast SEO plugin v27.3 - https:\/\/yoast.com\/product\/yoast-seo-wordpress\/ -->\n<title>D.I. Ligada al X. Secuenciaci\u00f3n masiva panel de 53 genes: ACSL4, AGTR2, ARHGEF6, ARX, ASMT, ATRX, BRWD3, CASK, CCDC22, CLIC2, CNKSR2, CUL4B, DLG3, FGD1, FRMPD4, FTSJ1, GABRE, GDI1, GRIA3, HCFC1, HSD17B10, IL1RAPL1, IQSEC2, KIAA2022, KLF8, MAGT1, MAOA, MAOB, MECP2, NLGN3, NLGN4X, NXF2, NXF5, OPHN1, P2RY8, PAK3, PLXNA3, PLXNB3, PTCHD1, RAB39B, RPS6KA3, RPS6KA6, SOX3, SYP, TRPC5, TSPAN7, ZCCHC12, ZDHHC15, ZMYM3, ZNF41, ZNF630, ZNF711, ZNF81 - Sistemas Gen\u00f3micos<\/title>\n<meta name=\"robots\" content=\"index, follow, max-snippet:-1, max-image-preview:large, max-video-preview:-1\" \/>\n<link rel=\"canonical\" href=\"https:\/\/sistemasgenomicos.com\/es\/producto\/d-i-ligada-al-x-secuenciacion-masiva-panel-de-53-genes-acsl4-agtr2-arhgef6-arx-asmt-atrx-brwd3-cask-ccdc22-clic2-cnksr2-cul4b-dlg3-fgd1-frmpd4-ftsj1-gabre-gdi1-gria3-hcfc1-hsd17\/\" \/>\n<meta property=\"og:locale\" content=\"es_ES\" \/>\n<meta property=\"og:type\" content=\"article\" \/>\n<meta property=\"og:title\" content=\"D.I. Ligada al X. Secuenciaci\u00f3n masiva panel de 53 genes: ACSL4, AGTR2, ARHGEF6, ARX, ASMT, ATRX, BRWD3, CASK, CCDC22, CLIC2, CNKSR2, CUL4B, DLG3, FGD1, FRMPD4, FTSJ1, GABRE, GDI1, GRIA3, HCFC1, HSD17B10, IL1RAPL1, IQSEC2, KIAA2022, KLF8, MAGT1, MAOA, MAOB, MECP2, NLGN3, NLGN4X, NXF2, NXF5, OPHN1, P2RY8, PAK3, PLXNA3, PLXNB3, PTCHD1, RAB39B, RPS6KA3, RPS6KA6, SOX3, SYP, TRPC5, TSPAN7, ZCCHC12, ZDHHC15, ZMYM3, ZNF41, ZNF630, ZNF711, ZNF81 - Sistemas Gen\u00f3micos\" \/>\n<meta property=\"og:url\" content=\"https:\/\/sistemasgenomicos.com\/es\/producto\/d-i-ligada-al-x-secuenciacion-masiva-panel-de-53-genes-acsl4-agtr2-arhgef6-arx-asmt-atrx-brwd3-cask-ccdc22-clic2-cnksr2-cul4b-dlg3-fgd1-frmpd4-ftsj1-gabre-gdi1-gria3-hcfc1-hsd17\/\" \/>\n<meta property=\"og:site_name\" content=\"Sistemas Gen\u00f3micos\" \/>\n<meta property=\"article:modified_time\" content=\"2020-09-30T03:49:01+00:00\" \/>\n<meta property=\"og:image\" content=\"https:\/\/sistemasgenomicos.com\/wp-content\/uploads\/2018\/04\/logo-sistemas-genomicos-default-1.jpg\" \/>\n\t<meta property=\"og:image:width\" content=\"1200\" \/>\n\t<meta property=\"og:image:height\" content=\"750\" \/>\n\t<meta property=\"og:image:type\" content=\"image\/jpeg\" \/>\n<meta name=\"twitter:card\" content=\"summary_large_image\" \/>\n<script type=\"application\/ld+json\" class=\"yoast-schema-graph\">{\"@context\":\"https:\\\/\\\/schema.org\",\"@graph\":[{\"@type\":\"WebPage\",\"@id\":\"https:\\\/\\\/sistemasgenomicos.com\\\/es\\\/producto\\\/d-i-ligada-al-x-secuenciacion-masiva-panel-de-53-genes-acsl4-agtr2-arhgef6-arx-asmt-atrx-brwd3-cask-ccdc22-clic2-cnksr2-cul4b-dlg3-fgd1-frmpd4-ftsj1-gabre-gdi1-gria3-hcfc1-hsd17\\\/\",\"url\":\"https:\\\/\\\/sistemasgenomicos.com\\\/es\\\/producto\\\/d-i-ligada-al-x-secuenciacion-masiva-panel-de-53-genes-acsl4-agtr2-arhgef6-arx-asmt-atrx-brwd3-cask-ccdc22-clic2-cnksr2-cul4b-dlg3-fgd1-frmpd4-ftsj1-gabre-gdi1-gria3-hcfc1-hsd17\\\/\",\"name\":\"D.I. Ligada al X. Secuenciaci\u00f3n masiva panel de 53 genes: ACSL4, AGTR2, ARHGEF6, ARX, ASMT, ATRX, BRWD3, CASK, CCDC22, CLIC2, CNKSR2, CUL4B, DLG3, FGD1, FRMPD4, FTSJ1, GABRE, GDI1, GRIA3, HCFC1, HSD17B10, IL1RAPL1, IQSEC2, KIAA2022, KLF8, MAGT1, MAOA, MAOB, MECP2, NLGN3, NLGN4X, NXF2, NXF5, OPHN1, P2RY8, PAK3, PLXNA3, PLXNB3, PTCHD1, RAB39B, RPS6KA3, RPS6KA6, SOX3, SYP, TRPC5, TSPAN7, ZCCHC12, ZDHHC15, ZMYM3, ZNF41, ZNF630, ZNF711, ZNF81 - Sistemas Gen\u00f3micos\",\"isPartOf\":{\"@id\":\"https:\\\/\\\/sistemasgenomicos.com\\\/es\\\/#website\"},\"primaryImageOfPage\":{\"@id\":\"https:\\\/\\\/sistemasgenomicos.com\\\/es\\\/producto\\\/d-i-ligada-al-x-secuenciacion-masiva-panel-de-53-genes-acsl4-agtr2-arhgef6-arx-asmt-atrx-brwd3-cask-ccdc22-clic2-cnksr2-cul4b-dlg3-fgd1-frmpd4-ftsj1-gabre-gdi1-gria3-hcfc1-hsd17\\\/#primaryimage\"},\"image\":{\"@id\":\"https:\\\/\\\/sistemasgenomicos.com\\\/es\\\/producto\\\/d-i-ligada-al-x-secuenciacion-masiva-panel-de-53-genes-acsl4-agtr2-arhgef6-arx-asmt-atrx-brwd3-cask-ccdc22-clic2-cnksr2-cul4b-dlg3-fgd1-frmpd4-ftsj1-gabre-gdi1-gria3-hcfc1-hsd17\\\/#primaryimage\"},\"thumbnailUrl\":\"https:\\\/\\\/sistemasgenomicos.com\\\/wp-content\\\/uploads\\\/2018\\\/04\\\/logo-sistemas-genomicos-default-1.jpg\",\"datePublished\":\"2017-12-22T09:20:48+00:00\",\"dateModified\":\"2020-09-30T03:49:01+00:00\",\"breadcrumb\":{\"@id\":\"https:\\\/\\\/sistemasgenomicos.com\\\/es\\\/producto\\\/d-i-ligada-al-x-secuenciacion-masiva-panel-de-53-genes-acsl4-agtr2-arhgef6-arx-asmt-atrx-brwd3-cask-ccdc22-clic2-cnksr2-cul4b-dlg3-fgd1-frmpd4-ftsj1-gabre-gdi1-gria3-hcfc1-hsd17\\\/#breadcrumb\"},\"inLanguage\":\"es\",\"potentialAction\":[{\"@type\":\"ReadAction\",\"target\":[\"https:\\\/\\\/sistemasgenomicos.com\\\/es\\\/producto\\\/d-i-ligada-al-x-secuenciacion-masiva-panel-de-53-genes-acsl4-agtr2-arhgef6-arx-asmt-atrx-brwd3-cask-ccdc22-clic2-cnksr2-cul4b-dlg3-fgd1-frmpd4-ftsj1-gabre-gdi1-gria3-hcfc1-hsd17\\\/\"]}]},{\"@type\":\"ImageObject\",\"inLanguage\":\"es\",\"@id\":\"https:\\\/\\\/sistemasgenomicos.com\\\/es\\\/producto\\\/d-i-ligada-al-x-secuenciacion-masiva-panel-de-53-genes-acsl4-agtr2-arhgef6-arx-asmt-atrx-brwd3-cask-ccdc22-clic2-cnksr2-cul4b-dlg3-fgd1-frmpd4-ftsj1-gabre-gdi1-gria3-hcfc1-hsd17\\\/#primaryimage\",\"url\":\"https:\\\/\\\/sistemasgenomicos.com\\\/wp-content\\\/uploads\\\/2018\\\/04\\\/logo-sistemas-genomicos-default-1.jpg\",\"contentUrl\":\"https:\\\/\\\/sistemasgenomicos.com\\\/wp-content\\\/uploads\\\/2018\\\/04\\\/logo-sistemas-genomicos-default-1.jpg\",\"width\":1200,\"height\":750},{\"@type\":\"BreadcrumbList\",\"@id\":\"https:\\\/\\\/sistemasgenomicos.com\\\/es\\\/producto\\\/d-i-ligada-al-x-secuenciacion-masiva-panel-de-53-genes-acsl4-agtr2-arhgef6-arx-asmt-atrx-brwd3-cask-ccdc22-clic2-cnksr2-cul4b-dlg3-fgd1-frmpd4-ftsj1-gabre-gdi1-gria3-hcfc1-hsd17\\\/#breadcrumb\",\"itemListElement\":[{\"@type\":\"ListItem\",\"position\":1,\"name\":\"Portada\",\"item\":\"https:\\\/\\\/sistemasgenomicos.com\\\/es\\\/\"},{\"@type\":\"ListItem\",\"position\":2,\"name\":\"Tienda\",\"item\":\"https:\\\/\\\/sistemasgenomicos.com\\\/es\\\/tienda\\\/\"},{\"@type\":\"ListItem\",\"position\":3,\"name\":\"D.I. Ligada al X. Secuenciaci\u00f3n masiva panel de 53 genes: ACSL4, AGTR2, ARHGEF6, ARX, ASMT, ATRX, BRWD3, CASK, CCDC22, CLIC2, CNKSR2, CUL4B, DLG3, FGD1, FRMPD4, FTSJ1, GABRE, GDI1, GRIA3, HCFC1, HSD17B10, IL1RAPL1, IQSEC2, KIAA2022, KLF8, MAGT1, MAOA, MAOB, MECP2, NLGN3, NLGN4X, NXF2, NXF5, OPHN1, P2RY8, PAK3, PLXNA3, PLXNB3, PTCHD1, RAB39B, RPS6KA3, RPS6KA6, SOX3, SYP, TRPC5, TSPAN7, ZCCHC12, ZDHHC15, ZMYM3, ZNF41, ZNF630, ZNF711, ZNF81\"}]},{\"@type\":\"WebSite\",\"@id\":\"https:\\\/\\\/sistemasgenomicos.com\\\/es\\\/#website\",\"url\":\"https:\\\/\\\/sistemasgenomicos.com\\\/es\\\/\",\"name\":\"Sistemas Gen\u00f3micos\",\"description\":\"La mayor empresa dedicada a la investigaci\u00f3n gen\u00e9tica y molecular\",\"publisher\":{\"@id\":\"https:\\\/\\\/sistemasgenomicos.com\\\/es\\\/#organization\"},\"potentialAction\":[{\"@type\":\"SearchAction\",\"target\":{\"@type\":\"EntryPoint\",\"urlTemplate\":\"https:\\\/\\\/sistemasgenomicos.com\\\/es\\\/?s={search_term_string}\"},\"query-input\":{\"@type\":\"PropertyValueSpecification\",\"valueRequired\":true,\"valueName\":\"search_term_string\"}}],\"inLanguage\":\"es\"},{\"@type\":\"Organization\",\"@id\":\"https:\\\/\\\/sistemasgenomicos.com\\\/es\\\/#organization\",\"name\":\"Sistemas Gen\u00f3micos\",\"url\":\"https:\\\/\\\/sistemasgenomicos.com\\\/es\\\/\",\"logo\":{\"@type\":\"ImageObject\",\"inLanguage\":\"es\",\"@id\":\"https:\\\/\\\/sistemasgenomicos.com\\\/es\\\/#\\\/schema\\\/logo\\\/image\\\/\",\"url\":\"https:\\\/\\\/sistemasgenomicos.com\\\/wp-content\\\/uploads\\\/2022\\\/04\\\/image001-1.png\",\"contentUrl\":\"https:\\\/\\\/sistemasgenomicos.com\\\/wp-content\\\/uploads\\\/2022\\\/04\\\/image001-1.png\",\"width\":250,\"height\":122,\"caption\":\"Sistemas Gen\u00f3micos\"},\"image\":{\"@id\":\"https:\\\/\\\/sistemasgenomicos.com\\\/es\\\/#\\\/schema\\\/logo\\\/image\\\/\"}}]}<\/script>\n<!-- \/ Yoast SEO plugin. -->","yoast_head_json":{"title":"D.I. Ligada al X. Secuenciaci\u00f3n masiva panel de 53 genes: ACSL4, AGTR2, ARHGEF6, ARX, ASMT, ATRX, BRWD3, CASK, CCDC22, CLIC2, CNKSR2, CUL4B, DLG3, FGD1, FRMPD4, FTSJ1, GABRE, GDI1, GRIA3, HCFC1, HSD17B10, IL1RAPL1, IQSEC2, KIAA2022, KLF8, MAGT1, MAOA, MAOB, MECP2, NLGN3, NLGN4X, NXF2, NXF5, OPHN1, P2RY8, PAK3, PLXNA3, PLXNB3, PTCHD1, RAB39B, RPS6KA3, RPS6KA6, SOX3, SYP, TRPC5, TSPAN7, ZCCHC12, ZDHHC15, ZMYM3, ZNF41, ZNF630, ZNF711, ZNF81 - Sistemas Gen\u00f3micos","robots":{"index":"index","follow":"follow","max-snippet":"max-snippet:-1","max-image-preview":"max-image-preview:large","max-video-preview":"max-video-preview:-1"},"canonical":"https:\/\/sistemasgenomicos.com\/es\/producto\/d-i-ligada-al-x-secuenciacion-masiva-panel-de-53-genes-acsl4-agtr2-arhgef6-arx-asmt-atrx-brwd3-cask-ccdc22-clic2-cnksr2-cul4b-dlg3-fgd1-frmpd4-ftsj1-gabre-gdi1-gria3-hcfc1-hsd17\/","og_locale":"es_ES","og_type":"article","og_title":"D.I. Ligada al X. Secuenciaci\u00f3n masiva panel de 53 genes: ACSL4, AGTR2, ARHGEF6, ARX, ASMT, ATRX, BRWD3, CASK, CCDC22, CLIC2, CNKSR2, CUL4B, DLG3, FGD1, FRMPD4, FTSJ1, GABRE, GDI1, GRIA3, HCFC1, HSD17B10, IL1RAPL1, IQSEC2, KIAA2022, KLF8, MAGT1, MAOA, MAOB, MECP2, NLGN3, NLGN4X, NXF2, NXF5, OPHN1, P2RY8, PAK3, PLXNA3, PLXNB3, PTCHD1, RAB39B, RPS6KA3, RPS6KA6, SOX3, SYP, TRPC5, TSPAN7, ZCCHC12, ZDHHC15, ZMYM3, ZNF41, ZNF630, ZNF711, ZNF81 - Sistemas Gen\u00f3micos","og_url":"https:\/\/sistemasgenomicos.com\/es\/producto\/d-i-ligada-al-x-secuenciacion-masiva-panel-de-53-genes-acsl4-agtr2-arhgef6-arx-asmt-atrx-brwd3-cask-ccdc22-clic2-cnksr2-cul4b-dlg3-fgd1-frmpd4-ftsj1-gabre-gdi1-gria3-hcfc1-hsd17\/","og_site_name":"Sistemas Gen\u00f3micos","article_modified_time":"2020-09-30T03:49:01+00:00","og_image":[{"width":1200,"height":750,"url":"https:\/\/sistemasgenomicos.com\/wp-content\/uploads\/2018\/04\/logo-sistemas-genomicos-default-1.jpg","type":"image\/jpeg"}],"twitter_card":"summary_large_image","schema":{"@context":"https:\/\/schema.org","@graph":[{"@type":"WebPage","@id":"https:\/\/sistemasgenomicos.com\/es\/producto\/d-i-ligada-al-x-secuenciacion-masiva-panel-de-53-genes-acsl4-agtr2-arhgef6-arx-asmt-atrx-brwd3-cask-ccdc22-clic2-cnksr2-cul4b-dlg3-fgd1-frmpd4-ftsj1-gabre-gdi1-gria3-hcfc1-hsd17\/","url":"https:\/\/sistemasgenomicos.com\/es\/producto\/d-i-ligada-al-x-secuenciacion-masiva-panel-de-53-genes-acsl4-agtr2-arhgef6-arx-asmt-atrx-brwd3-cask-ccdc22-clic2-cnksr2-cul4b-dlg3-fgd1-frmpd4-ftsj1-gabre-gdi1-gria3-hcfc1-hsd17\/","name":"D.I. Ligada al X. Secuenciaci\u00f3n masiva panel de 53 genes: ACSL4, AGTR2, ARHGEF6, ARX, ASMT, ATRX, BRWD3, CASK, CCDC22, CLIC2, CNKSR2, CUL4B, DLG3, FGD1, FRMPD4, FTSJ1, GABRE, GDI1, GRIA3, HCFC1, HSD17B10, IL1RAPL1, IQSEC2, KIAA2022, KLF8, MAGT1, MAOA, MAOB, MECP2, NLGN3, NLGN4X, NXF2, NXF5, OPHN1, P2RY8, PAK3, PLXNA3, PLXNB3, PTCHD1, RAB39B, RPS6KA3, RPS6KA6, SOX3, SYP, TRPC5, TSPAN7, ZCCHC12, ZDHHC15, ZMYM3, ZNF41, ZNF630, ZNF711, ZNF81 - Sistemas Gen\u00f3micos","isPartOf":{"@id":"https:\/\/sistemasgenomicos.com\/es\/#website"},"primaryImageOfPage":{"@id":"https:\/\/sistemasgenomicos.com\/es\/producto\/d-i-ligada-al-x-secuenciacion-masiva-panel-de-53-genes-acsl4-agtr2-arhgef6-arx-asmt-atrx-brwd3-cask-ccdc22-clic2-cnksr2-cul4b-dlg3-fgd1-frmpd4-ftsj1-gabre-gdi1-gria3-hcfc1-hsd17\/#primaryimage"},"image":{"@id":"https:\/\/sistemasgenomicos.com\/es\/producto\/d-i-ligada-al-x-secuenciacion-masiva-panel-de-53-genes-acsl4-agtr2-arhgef6-arx-asmt-atrx-brwd3-cask-ccdc22-clic2-cnksr2-cul4b-dlg3-fgd1-frmpd4-ftsj1-gabre-gdi1-gria3-hcfc1-hsd17\/#primaryimage"},"thumbnailUrl":"https:\/\/sistemasgenomicos.com\/wp-content\/uploads\/2018\/04\/logo-sistemas-genomicos-default-1.jpg","datePublished":"2017-12-22T09:20:48+00:00","dateModified":"2020-09-30T03:49:01+00:00","breadcrumb":{"@id":"https:\/\/sistemasgenomicos.com\/es\/producto\/d-i-ligada-al-x-secuenciacion-masiva-panel-de-53-genes-acsl4-agtr2-arhgef6-arx-asmt-atrx-brwd3-cask-ccdc22-clic2-cnksr2-cul4b-dlg3-fgd1-frmpd4-ftsj1-gabre-gdi1-gria3-hcfc1-hsd17\/#breadcrumb"},"inLanguage":"es","potentialAction":[{"@type":"ReadAction","target":["https:\/\/sistemasgenomicos.com\/es\/producto\/d-i-ligada-al-x-secuenciacion-masiva-panel-de-53-genes-acsl4-agtr2-arhgef6-arx-asmt-atrx-brwd3-cask-ccdc22-clic2-cnksr2-cul4b-dlg3-fgd1-frmpd4-ftsj1-gabre-gdi1-gria3-hcfc1-hsd17\/"]}]},{"@type":"ImageObject","inLanguage":"es","@id":"https:\/\/sistemasgenomicos.com\/es\/producto\/d-i-ligada-al-x-secuenciacion-masiva-panel-de-53-genes-acsl4-agtr2-arhgef6-arx-asmt-atrx-brwd3-cask-ccdc22-clic2-cnksr2-cul4b-dlg3-fgd1-frmpd4-ftsj1-gabre-gdi1-gria3-hcfc1-hsd17\/#primaryimage","url":"https:\/\/sistemasgenomicos.com\/wp-content\/uploads\/2018\/04\/logo-sistemas-genomicos-default-1.jpg","contentUrl":"https:\/\/sistemasgenomicos.com\/wp-content\/uploads\/2018\/04\/logo-sistemas-genomicos-default-1.jpg","width":1200,"height":750},{"@type":"BreadcrumbList","@id":"https:\/\/sistemasgenomicos.com\/es\/producto\/d-i-ligada-al-x-secuenciacion-masiva-panel-de-53-genes-acsl4-agtr2-arhgef6-arx-asmt-atrx-brwd3-cask-ccdc22-clic2-cnksr2-cul4b-dlg3-fgd1-frmpd4-ftsj1-gabre-gdi1-gria3-hcfc1-hsd17\/#breadcrumb","itemListElement":[{"@type":"ListItem","position":1,"name":"Portada","item":"https:\/\/sistemasgenomicos.com\/es\/"},{"@type":"ListItem","position":2,"name":"Tienda","item":"https:\/\/sistemasgenomicos.com\/es\/tienda\/"},{"@type":"ListItem","position":3,"name":"D.I. Ligada al X. Secuenciaci\u00f3n masiva panel de 53 genes: ACSL4, AGTR2, ARHGEF6, ARX, ASMT, ATRX, BRWD3, CASK, CCDC22, CLIC2, CNKSR2, CUL4B, DLG3, FGD1, FRMPD4, FTSJ1, GABRE, GDI1, GRIA3, HCFC1, HSD17B10, IL1RAPL1, IQSEC2, KIAA2022, KLF8, MAGT1, MAOA, MAOB, MECP2, NLGN3, NLGN4X, NXF2, NXF5, OPHN1, P2RY8, PAK3, PLXNA3, PLXNB3, PTCHD1, RAB39B, RPS6KA3, RPS6KA6, SOX3, SYP, TRPC5, TSPAN7, ZCCHC12, ZDHHC15, ZMYM3, ZNF41, ZNF630, ZNF711, ZNF81"}]},{"@type":"WebSite","@id":"https:\/\/sistemasgenomicos.com\/es\/#website","url":"https:\/\/sistemasgenomicos.com\/es\/","name":"Sistemas Gen\u00f3micos","description":"La mayor empresa dedicada a la investigaci\u00f3n gen\u00e9tica y molecular","publisher":{"@id":"https:\/\/sistemasgenomicos.com\/es\/#organization"},"potentialAction":[{"@type":"SearchAction","target":{"@type":"EntryPoint","urlTemplate":"https:\/\/sistemasgenomicos.com\/es\/?s={search_term_string}"},"query-input":{"@type":"PropertyValueSpecification","valueRequired":true,"valueName":"search_term_string"}}],"inLanguage":"es"},{"@type":"Organization","@id":"https:\/\/sistemasgenomicos.com\/es\/#organization","name":"Sistemas Gen\u00f3micos","url":"https:\/\/sistemasgenomicos.com\/es\/","logo":{"@type":"ImageObject","inLanguage":"es","@id":"https:\/\/sistemasgenomicos.com\/es\/#\/schema\/logo\/image\/","url":"https:\/\/sistemasgenomicos.com\/wp-content\/uploads\/2022\/04\/image001-1.png","contentUrl":"https:\/\/sistemasgenomicos.com\/wp-content\/uploads\/2022\/04\/image001-1.png","width":250,"height":122,"caption":"Sistemas Gen\u00f3micos"},"image":{"@id":"https:\/\/sistemasgenomicos.com\/es\/#\/schema\/logo\/image\/"}}]}},"_links":{"self":[{"href":"https:\/\/sistemasgenomicos.com\/es\/wp-json\/wp\/v2\/product\/4905","targetHints":{"allow":["GET"]}}],"collection":[{"href":"https:\/\/sistemasgenomicos.com\/es\/wp-json\/wp\/v2\/product"}],"about":[{"href":"https:\/\/sistemasgenomicos.com\/es\/wp-json\/wp\/v2\/types\/product"}],"wp:featuredmedia":[{"embeddable":true,"href":"https:\/\/sistemasgenomicos.com\/es\/wp-json\/wp\/v2\/media\/42665"}],"wp:attachment":[{"href":"https:\/\/sistemasgenomicos.com\/es\/wp-json\/wp\/v2\/media?parent=4905"}],"wp:term":[{"taxonomy":"product_brand","embeddable":true,"href":"https:\/\/sistemasgenomicos.com\/es\/wp-json\/wp\/v2\/product_brand?post=4905"},{"taxonomy":"product_cat","embeddable":true,"href":"https:\/\/sistemasgenomicos.com\/es\/wp-json\/wp\/v2\/product_cat?post=4905"},{"taxonomy":"product_tag","embeddable":true,"href":"https:\/\/sistemasgenomicos.com\/es\/wp-json\/wp\/v2\/product_tag?post=4905"}],"curies":[{"name":"wp","href":"https:\/\/api.w.org\/{rel}","templated":true}]}}