{"id":48398,"date":"2018-05-30T02:24:07","date_gmt":"2018-05-30T02:24:07","guid":{"rendered":"https:\/\/sistemasgenomicos.digitis.net\/tienda-online\/secuenciacion-masiva-panel-de-111-genesapc-atm-atr-axin2-bap1-bard1-blm-bmpr1abrca1-brca2-brip1-bub1-cdh1-cdk4-cdkn1bcdkn2a-chek2-ddb2-dicer1-dis3l2-dkc1-elane-epas1-epcam-erc\/"},"modified":"2020-09-30T06:29:04","modified_gmt":"2020-09-30T04:29:04","slug":"secuenciacion-masiva-panel-de-111-genesapc-atm-atr-axin2-bap1-bard1-blm-bmpr1abrca1-brca2-brip1-bub1-cdh1-cdk4-cdkn1bcdkn2a-chek2-ddb2-dicer1-dis3l2-dkc1-elane-epas1-epcam-erc","status":"publish","type":"product","link":"https:\/\/sistemasgenomicos.com\/es\/producto\/secuenciacion-masiva-panel-de-111-genesapc-atm-atr-axin2-bap1-bard1-blm-bmpr1abrca1-brca2-brip1-bub1-cdh1-cdk4-cdkn1bcdkn2a-chek2-ddb2-dicer1-dis3l2-dkc1-elane-epas1-epcam-erc\/","title":{"rendered":"Secuenciaci\u00f3n masiva panel de 111 genes:APC, ATM, ATR, AXIN2, BAP1, BARD1, BLM, BMPR1A,BRCA1, BRCA2, BRIP1, BUB1, CDH1, CDK4, CDKN1B,CDKN2A, CHEK2, DDB2, DICER1, DIS3L2, DKC1, ELANE, EPAS1, EPCAM, ERCC1, ERCC2, ERCC3, ERCC4, ERCC5,ERCC6, FANCA, FANCB, FANCC, FANCD2, FANCE, FANCF,FANCG, FANCI, FANCL, FANCM, FH, FLCN, G6PC3, GFI1,GREM1, HOXB13, JAGN1, KIF1B, KIT, MAX, MDH2, MEN1, MET, MITF, MLH1, MNX1, MSH2, MSH6, MSR1, MUTYH, NBN, NF2, NFIX, NHP2, NOP10, NSD1, NTHL1, PALB2,PARN, PDGFRA, PMS1, POLD1, POLE, POLH, POT1,PRKAR1A, PTCH1, PTEN, RAD50, RAD51, RAD51C, RAD51D, RB1, RECQL, RECQL4, RET, RTEL1, SCG5,SLX4, SMAD4, SMARCA4, STK11, SUFU, TERC, TERT,TINF2, TMEM127, TP53, TSC1, TSC2, UBE2T, VHL,VPS45, WAS, WRN, WT1, XPA, XPC, XRCC2"},"content":{"rendered":"","protected":false},"excerpt":{"rendered":"","protected":false},"featured_media":42665,"template":"","meta":[],"product_brand":[],"product_cat":[86,8679,8681,9361,9363,9355,9371,9373,9385,9397,9389],"product_tag":[23639],"class_list":{"0":"post-48398","1":"product","2":"type-product","3":"status-publish","4":"has-post-thumbnail","6":"gen-recql","7":"gen-nfix","8":"gen-brca1","9":"gen-ercc1","10":"gen-was","11":"gen-msr1","12":"gen-cdh1","13":"gen-rad51","14":"gen-kif1b","15":"gen-pold1","16":"gen-pms1","17":"gen-nthl1","18":"gen-mlh1","19":"gen-ube2t","20":"gen-palb2","21":"gen-fh","22":"gen-tinf2","23":"gen-msh2","24":"gen-dicer1","25":"gen-acd","26":"gen-tsc2","27":"gen-nbn","28":"gen-ercc2","29":"gen-met","30":"gen-bmpr1a","31":"gen-sufu","32":"gen-rad51c","33":"gen-prkar1a","34":"gen-aip","35":"gen-cdkn1b","36":"gen-fance","37":"gen-rad50","38":"gen-fancl","39":"gen-epas1","40":"gen-msh6","41":"gen-stk11","42":"gen-epcam","43":"gen-max","44":"gen-smarca4","45":"gen-pot1","46":"gen-mnx1","47":"gen-dkc1","48":"gen-mutyh","49":"gen-men1","50":"gen-vhl","51":"gen-ddb2","52":"gen-pdgfra","53":"gen-ercc5","54":"gen-apc","55":"gen-cdk4","56":"gen-tmem127","57":"gen-brip1","58":"gen-vps45","59":"gen-xpa","60":"gen-bard1","61":"gen-brca2","62":"gen-rb1","63":"gen-fanci","64":"gen-parn","65":"gen-g6pc3","66":"gen-tp53","67":"gen-smad4","68":"gen-dis3l2","69":"gen-fancd2","70":"gen-nhp2","71":"gen-mdh2","72":"gen-cdkn2a","73":"gen-atm","74":"gen-xpc","75":"gen-flcn","76":"gen-kit","77":"gen-fancc","78":"gen-hoxb13","79":"gen-recql4","80":"gen-gfi1","81":"gen-ercc3","82":"gen-bap1","83":"gen-tert","84":"gen-wrn","85":"gen-nsd1","86":"gen-tsc1","87":"gen-ret","88":"gen-scg5","89":"gen-grem1","90":"gen-axin2","91":"gen-bub1","92":"gen-polh","93":"gen-jagn1","94":"gen-pten","95":"gen-atr","96":"gen-ercc4","97":"gen-pole","98":"gen-fancb","99":"gen-nop10","100":"gen-fancf","101":"gen-chek2","102":"gen-wt1","103":"gen-rad51d","104":"gen-ptch1","105":"gen-nf2","106":"gen-mitf","107":"gen-fanca","108":"gen-fancm","109":"gen-slx4","110":"gen-xrcc2","111":"gen-blm","112":"gen-elane","113":"gen-fancg","114":"gen-ercc6","115":"gen-rtel1","116":"gen-terc","117":"product_cat-analisis-y-estudios-geneticos","118":"product_cat-diagnostico-genetico-molecularn","119":"product_cat-diagnostico-genetico-por-secuenciacion-masiva","120":"product_cat-digestivo-diagnostico-genetico-molecularn","121":"product_cat-endocrinologia-diagnostico-genetico-molecularn","122":"product_cat-listado-de-enfermedades","123":"product_cat-medicina-interna-diagnostico-genetico-molecularn","124":"product_cat-nefrologia-diagnostico-genetico-molecularn","125":"product_cat-oncologia-diagnostico-genetico-molecularn","126":"product_cat-paneles-oncologia-diagnostico-genetico-por-secuenciacion-masivan","127":"product_cat-pediatria-diagnostico-genetico-molecularn","128":"product_tag-cancer-hereditario-sindromesc00566","130":"first","131":"instock","132":"taxable","133":"shipping-taxable","134":"product-type-simple"},"acf":[],"yoast_head":"<!-- This site is optimized with the Yoast SEO plugin v27.4 - https:\/\/yoast.com\/product\/yoast-seo-wordpress\/ -->\n<title>Secuenciaci\u00f3n masiva panel de 111 genes:APC, ATM, ATR, AXIN2, BAP1, BARD1, BLM, BMPR1A,BRCA1, BRCA2, BRIP1, BUB1, CDH1, CDK4, CDKN1B,CDKN2A, CHEK2, DDB2, DICER1, DIS3L2, DKC1, ELANE, EPAS1, EPCAM, ERCC1, ERCC2, ERCC3, ERCC4, ERCC5,ERCC6, FANCA, FANCB, FANCC, FANCD2, FANCE, FANCF,FANCG, FANCI, FANCL, FANCM, FH, FLCN, G6PC3, GFI1,GREM1, HOXB13, JAGN1, KIF1B, KIT, MAX, MDH2, MEN1, MET, MITF, MLH1, MNX1, MSH2, MSH6, MSR1, MUTYH, NBN, NF2, NFIX, NHP2, NOP10, NSD1, NTHL1, PALB2,PARN, PDGFRA, PMS1, POLD1, POLE, POLH, POT1,PRKAR1A, PTCH1, PTEN, RAD50, RAD51, RAD51C, RAD51D, RB1, RECQL, RECQL4, RET, RTEL1, SCG5,SLX4, SMAD4, SMARCA4, STK11, SUFU, TERC, TERT,TINF2, TMEM127, TP53, TSC1, TSC2, UBE2T, VHL,VPS45, WAS, WRN, WT1, XPA, XPC, XRCC2 - Sistemas Gen\u00f3micos<\/title>\n<meta name=\"robots\" content=\"index, follow, max-snippet:-1, max-image-preview:large, max-video-preview:-1\" \/>\n<link rel=\"canonical\" href=\"https:\/\/sistemasgenomicos.com\/es\/producto\/secuenciacion-masiva-panel-de-111-genesapc-atm-atr-axin2-bap1-bard1-blm-bmpr1abrca1-brca2-brip1-bub1-cdh1-cdk4-cdkn1bcdkn2a-chek2-ddb2-dicer1-dis3l2-dkc1-elane-epas1-epcam-erc\/\" \/>\n<meta property=\"og:locale\" content=\"es_ES\" \/>\n<meta property=\"og:type\" content=\"article\" \/>\n<meta property=\"og:title\" content=\"Secuenciaci\u00f3n masiva panel de 111 genes:APC, ATM, ATR, AXIN2, BAP1, BARD1, BLM, BMPR1A,BRCA1, BRCA2, BRIP1, BUB1, CDH1, CDK4, CDKN1B,CDKN2A, CHEK2, DDB2, DICER1, DIS3L2, DKC1, ELANE, EPAS1, EPCAM, ERCC1, ERCC2, ERCC3, ERCC4, ERCC5,ERCC6, FANCA, FANCB, FANCC, FANCD2, FANCE, FANCF,FANCG, FANCI, FANCL, FANCM, FH, FLCN, G6PC3, GFI1,GREM1, HOXB13, JAGN1, KIF1B, KIT, MAX, MDH2, MEN1, MET, MITF, MLH1, MNX1, MSH2, MSH6, MSR1, MUTYH, NBN, NF2, NFIX, NHP2, NOP10, NSD1, NTHL1, PALB2,PARN, PDGFRA, PMS1, POLD1, POLE, POLH, POT1,PRKAR1A, PTCH1, PTEN, RAD50, RAD51, RAD51C, RAD51D, RB1, RECQL, RECQL4, RET, RTEL1, SCG5,SLX4, SMAD4, SMARCA4, STK11, SUFU, TERC, TERT,TINF2, TMEM127, TP53, TSC1, TSC2, UBE2T, VHL,VPS45, WAS, WRN, WT1, XPA, XPC, XRCC2 - Sistemas Gen\u00f3micos\" \/>\n<meta property=\"og:url\" content=\"https:\/\/sistemasgenomicos.com\/es\/producto\/secuenciacion-masiva-panel-de-111-genesapc-atm-atr-axin2-bap1-bard1-blm-bmpr1abrca1-brca2-brip1-bub1-cdh1-cdk4-cdkn1bcdkn2a-chek2-ddb2-dicer1-dis3l2-dkc1-elane-epas1-epcam-erc\/\" \/>\n<meta property=\"og:site_name\" content=\"Sistemas Gen\u00f3micos\" \/>\n<meta property=\"article:modified_time\" content=\"2020-09-30T04:29:04+00:00\" \/>\n<meta property=\"og:image\" content=\"https:\/\/sistemasgenomicos.com\/wp-content\/uploads\/2018\/04\/logo-sistemas-genomicos-default-1.jpg\" \/>\n\t<meta property=\"og:image:width\" content=\"1200\" \/>\n\t<meta property=\"og:image:height\" content=\"750\" \/>\n\t<meta property=\"og:image:type\" content=\"image\/jpeg\" \/>\n<meta name=\"twitter:card\" content=\"summary_large_image\" \/>\n<script type=\"application\/ld+json\" class=\"yoast-schema-graph\">{\"@context\":\"https:\\\/\\\/schema.org\",\"@graph\":[{\"@type\":\"WebPage\",\"@id\":\"https:\\\/\\\/sistemasgenomicos.com\\\/es\\\/producto\\\/secuenciacion-masiva-panel-de-111-genesapc-atm-atr-axin2-bap1-bard1-blm-bmpr1abrca1-brca2-brip1-bub1-cdh1-cdk4-cdkn1bcdkn2a-chek2-ddb2-dicer1-dis3l2-dkc1-elane-epas1-epcam-erc\\\/\",\"url\":\"https:\\\/\\\/sistemasgenomicos.com\\\/es\\\/producto\\\/secuenciacion-masiva-panel-de-111-genesapc-atm-atr-axin2-bap1-bard1-blm-bmpr1abrca1-brca2-brip1-bub1-cdh1-cdk4-cdkn1bcdkn2a-chek2-ddb2-dicer1-dis3l2-dkc1-elane-epas1-epcam-erc\\\/\",\"name\":\"Secuenciaci\u00f3n masiva panel de 111 genes:APC, ATM, ATR, AXIN2, BAP1, BARD1, BLM, BMPR1A,BRCA1, BRCA2, BRIP1, BUB1, CDH1, CDK4, CDKN1B,CDKN2A, CHEK2, DDB2, DICER1, DIS3L2, DKC1, ELANE, EPAS1, EPCAM, ERCC1, ERCC2, ERCC3, ERCC4, ERCC5,ERCC6, FANCA, FANCB, FANCC, FANCD2, FANCE, FANCF,FANCG, FANCI, FANCL, FANCM, FH, FLCN, G6PC3, GFI1,GREM1, HOXB13, JAGN1, KIF1B, KIT, MAX, MDH2, MEN1, MET, MITF, MLH1, MNX1, MSH2, MSH6, MSR1, MUTYH, NBN, NF2, NFIX, NHP2, NOP10, NSD1, NTHL1, PALB2,PARN, PDGFRA, PMS1, POLD1, POLE, POLH, POT1,PRKAR1A, PTCH1, PTEN, RAD50, RAD51, RAD51C, RAD51D, RB1, RECQL, RECQL4, RET, RTEL1, SCG5,SLX4, SMAD4, SMARCA4, STK11, SUFU, TERC, TERT,TINF2, TMEM127, TP53, TSC1, TSC2, UBE2T, VHL,VPS45, WAS, WRN, WT1, XPA, XPC, XRCC2 - Sistemas Gen\u00f3micos\",\"isPartOf\":{\"@id\":\"https:\\\/\\\/sistemasgenomicos.com\\\/es\\\/#website\"},\"primaryImageOfPage\":{\"@id\":\"https:\\\/\\\/sistemasgenomicos.com\\\/es\\\/producto\\\/secuenciacion-masiva-panel-de-111-genesapc-atm-atr-axin2-bap1-bard1-blm-bmpr1abrca1-brca2-brip1-bub1-cdh1-cdk4-cdkn1bcdkn2a-chek2-ddb2-dicer1-dis3l2-dkc1-elane-epas1-epcam-erc\\\/#primaryimage\"},\"image\":{\"@id\":\"https:\\\/\\\/sistemasgenomicos.com\\\/es\\\/producto\\\/secuenciacion-masiva-panel-de-111-genesapc-atm-atr-axin2-bap1-bard1-blm-bmpr1abrca1-brca2-brip1-bub1-cdh1-cdk4-cdkn1bcdkn2a-chek2-ddb2-dicer1-dis3l2-dkc1-elane-epas1-epcam-erc\\\/#primaryimage\"},\"thumbnailUrl\":\"https:\\\/\\\/sistemasgenomicos.com\\\/wp-content\\\/uploads\\\/2018\\\/04\\\/logo-sistemas-genomicos-default-1.jpg\",\"datePublished\":\"2018-05-30T02:24:07+00:00\",\"dateModified\":\"2020-09-30T04:29:04+00:00\",\"breadcrumb\":{\"@id\":\"https:\\\/\\\/sistemasgenomicos.com\\\/es\\\/producto\\\/secuenciacion-masiva-panel-de-111-genesapc-atm-atr-axin2-bap1-bard1-blm-bmpr1abrca1-brca2-brip1-bub1-cdh1-cdk4-cdkn1bcdkn2a-chek2-ddb2-dicer1-dis3l2-dkc1-elane-epas1-epcam-erc\\\/#breadcrumb\"},\"inLanguage\":\"es\",\"potentialAction\":[{\"@type\":\"ReadAction\",\"target\":[\"https:\\\/\\\/sistemasgenomicos.com\\\/es\\\/producto\\\/secuenciacion-masiva-panel-de-111-genesapc-atm-atr-axin2-bap1-bard1-blm-bmpr1abrca1-brca2-brip1-bub1-cdh1-cdk4-cdkn1bcdkn2a-chek2-ddb2-dicer1-dis3l2-dkc1-elane-epas1-epcam-erc\\\/\"]}]},{\"@type\":\"ImageObject\",\"inLanguage\":\"es\",\"@id\":\"https:\\\/\\\/sistemasgenomicos.com\\\/es\\\/producto\\\/secuenciacion-masiva-panel-de-111-genesapc-atm-atr-axin2-bap1-bard1-blm-bmpr1abrca1-brca2-brip1-bub1-cdh1-cdk4-cdkn1bcdkn2a-chek2-ddb2-dicer1-dis3l2-dkc1-elane-epas1-epcam-erc\\\/#primaryimage\",\"url\":\"https:\\\/\\\/sistemasgenomicos.com\\\/wp-content\\\/uploads\\\/2018\\\/04\\\/logo-sistemas-genomicos-default-1.jpg\",\"contentUrl\":\"https:\\\/\\\/sistemasgenomicos.com\\\/wp-content\\\/uploads\\\/2018\\\/04\\\/logo-sistemas-genomicos-default-1.jpg\",\"width\":1200,\"height\":750},{\"@type\":\"BreadcrumbList\",\"@id\":\"https:\\\/\\\/sistemasgenomicos.com\\\/es\\\/producto\\\/secuenciacion-masiva-panel-de-111-genesapc-atm-atr-axin2-bap1-bard1-blm-bmpr1abrca1-brca2-brip1-bub1-cdh1-cdk4-cdkn1bcdkn2a-chek2-ddb2-dicer1-dis3l2-dkc1-elane-epas1-epcam-erc\\\/#breadcrumb\",\"itemListElement\":[{\"@type\":\"ListItem\",\"position\":1,\"name\":\"Portada\",\"item\":\"https:\\\/\\\/sistemasgenomicos.com\\\/es\\\/\"},{\"@type\":\"ListItem\",\"position\":2,\"name\":\"Tienda\",\"item\":\"https:\\\/\\\/sistemasgenomicos.com\\\/es\\\/tienda\\\/\"},{\"@type\":\"ListItem\",\"position\":3,\"name\":\"Secuenciaci\u00f3n masiva panel de 111 genes:APC, ATM, ATR, AXIN2, BAP1, BARD1, BLM, BMPR1A,BRCA1, BRCA2, BRIP1, BUB1, CDH1, CDK4, CDKN1B,CDKN2A, CHEK2, DDB2, DICER1, DIS3L2, DKC1, ELANE, EPAS1, EPCAM, ERCC1, ERCC2, ERCC3, ERCC4, ERCC5,ERCC6, FANCA, FANCB, FANCC, FANCD2, FANCE, FANCF,FANCG, FANCI, FANCL, FANCM, FH, FLCN, G6PC3, GFI1,GREM1, HOXB13, JAGN1, KIF1B, KIT, MAX, MDH2, MEN1, MET, MITF, MLH1, MNX1, MSH2, MSH6, MSR1, MUTYH, NBN, NF2, NFIX, NHP2, NOP10, NSD1, NTHL1, PALB2,PARN, PDGFRA, PMS1, POLD1, POLE, POLH, POT1,PRKAR1A, PTCH1, PTEN, RAD50, RAD51, RAD51C, RAD51D, RB1, RECQL, RECQL4, RET, RTEL1, SCG5,SLX4, SMAD4, SMARCA4, STK11, SUFU, TERC, TERT,TINF2, TMEM127, TP53, TSC1, TSC2, UBE2T, VHL,VPS45, WAS, WRN, WT1, XPA, XPC, XRCC2\"}]},{\"@type\":\"WebSite\",\"@id\":\"https:\\\/\\\/sistemasgenomicos.com\\\/es\\\/#website\",\"url\":\"https:\\\/\\\/sistemasgenomicos.com\\\/es\\\/\",\"name\":\"Sistemas Gen\u00f3micos\",\"description\":\"La mayor empresa dedicada a la investigaci\u00f3n gen\u00e9tica y molecular\",\"publisher\":{\"@id\":\"https:\\\/\\\/sistemasgenomicos.com\\\/es\\\/#organization\"},\"potentialAction\":[{\"@type\":\"SearchAction\",\"target\":{\"@type\":\"EntryPoint\",\"urlTemplate\":\"https:\\\/\\\/sistemasgenomicos.com\\\/es\\\/?s={search_term_string}\"},\"query-input\":{\"@type\":\"PropertyValueSpecification\",\"valueRequired\":true,\"valueName\":\"search_term_string\"}}],\"inLanguage\":\"es\"},{\"@type\":\"Organization\",\"@id\":\"https:\\\/\\\/sistemasgenomicos.com\\\/es\\\/#organization\",\"name\":\"Sistemas Gen\u00f3micos\",\"url\":\"https:\\\/\\\/sistemasgenomicos.com\\\/es\\\/\",\"logo\":{\"@type\":\"ImageObject\",\"inLanguage\":\"es\",\"@id\":\"https:\\\/\\\/sistemasgenomicos.com\\\/es\\\/#\\\/schema\\\/logo\\\/image\\\/\",\"url\":\"https:\\\/\\\/sistemasgenomicos.com\\\/wp-content\\\/uploads\\\/2022\\\/04\\\/image001-1.png\",\"contentUrl\":\"https:\\\/\\\/sistemasgenomicos.com\\\/wp-content\\\/uploads\\\/2022\\\/04\\\/image001-1.png\",\"width\":250,\"height\":122,\"caption\":\"Sistemas Gen\u00f3micos\"},\"image\":{\"@id\":\"https:\\\/\\\/sistemasgenomicos.com\\\/es\\\/#\\\/schema\\\/logo\\\/image\\\/\"}}]}<\/script>\n<!-- \/ Yoast SEO plugin. -->","yoast_head_json":{"title":"Secuenciaci\u00f3n masiva panel de 111 genes:APC, ATM, ATR, AXIN2, BAP1, BARD1, BLM, BMPR1A,BRCA1, BRCA2, BRIP1, BUB1, CDH1, CDK4, CDKN1B,CDKN2A, CHEK2, DDB2, DICER1, DIS3L2, DKC1, ELANE, EPAS1, EPCAM, ERCC1, ERCC2, ERCC3, ERCC4, ERCC5,ERCC6, FANCA, FANCB, FANCC, FANCD2, FANCE, FANCF,FANCG, FANCI, FANCL, FANCM, FH, FLCN, G6PC3, GFI1,GREM1, HOXB13, JAGN1, KIF1B, KIT, MAX, MDH2, MEN1, MET, MITF, MLH1, MNX1, MSH2, MSH6, MSR1, MUTYH, NBN, NF2, NFIX, NHP2, NOP10, NSD1, NTHL1, PALB2,PARN, PDGFRA, PMS1, POLD1, POLE, POLH, POT1,PRKAR1A, PTCH1, PTEN, RAD50, RAD51, RAD51C, RAD51D, RB1, RECQL, RECQL4, RET, RTEL1, SCG5,SLX4, SMAD4, SMARCA4, STK11, SUFU, TERC, TERT,TINF2, TMEM127, TP53, TSC1, TSC2, UBE2T, VHL,VPS45, WAS, WRN, WT1, XPA, XPC, XRCC2 - Sistemas Gen\u00f3micos","robots":{"index":"index","follow":"follow","max-snippet":"max-snippet:-1","max-image-preview":"max-image-preview:large","max-video-preview":"max-video-preview:-1"},"canonical":"https:\/\/sistemasgenomicos.com\/es\/producto\/secuenciacion-masiva-panel-de-111-genesapc-atm-atr-axin2-bap1-bard1-blm-bmpr1abrca1-brca2-brip1-bub1-cdh1-cdk4-cdkn1bcdkn2a-chek2-ddb2-dicer1-dis3l2-dkc1-elane-epas1-epcam-erc\/","og_locale":"es_ES","og_type":"article","og_title":"Secuenciaci\u00f3n masiva panel de 111 genes:APC, ATM, ATR, AXIN2, BAP1, BARD1, BLM, BMPR1A,BRCA1, BRCA2, BRIP1, BUB1, CDH1, CDK4, CDKN1B,CDKN2A, CHEK2, DDB2, DICER1, DIS3L2, DKC1, ELANE, EPAS1, EPCAM, ERCC1, ERCC2, ERCC3, ERCC4, ERCC5,ERCC6, FANCA, FANCB, FANCC, FANCD2, FANCE, FANCF,FANCG, FANCI, FANCL, FANCM, FH, FLCN, G6PC3, GFI1,GREM1, HOXB13, JAGN1, KIF1B, KIT, MAX, MDH2, MEN1, MET, MITF, MLH1, MNX1, MSH2, MSH6, MSR1, MUTYH, NBN, NF2, NFIX, NHP2, NOP10, NSD1, NTHL1, PALB2,PARN, PDGFRA, PMS1, POLD1, POLE, POLH, POT1,PRKAR1A, PTCH1, PTEN, RAD50, RAD51, RAD51C, RAD51D, RB1, RECQL, RECQL4, RET, RTEL1, SCG5,SLX4, SMAD4, SMARCA4, STK11, SUFU, TERC, TERT,TINF2, TMEM127, TP53, TSC1, TSC2, UBE2T, VHL,VPS45, WAS, WRN, WT1, XPA, XPC, XRCC2 - Sistemas Gen\u00f3micos","og_url":"https:\/\/sistemasgenomicos.com\/es\/producto\/secuenciacion-masiva-panel-de-111-genesapc-atm-atr-axin2-bap1-bard1-blm-bmpr1abrca1-brca2-brip1-bub1-cdh1-cdk4-cdkn1bcdkn2a-chek2-ddb2-dicer1-dis3l2-dkc1-elane-epas1-epcam-erc\/","og_site_name":"Sistemas Gen\u00f3micos","article_modified_time":"2020-09-30T04:29:04+00:00","og_image":[{"width":1200,"height":750,"url":"https:\/\/sistemasgenomicos.com\/wp-content\/uploads\/2018\/04\/logo-sistemas-genomicos-default-1.jpg","type":"image\/jpeg"}],"twitter_card":"summary_large_image","schema":{"@context":"https:\/\/schema.org","@graph":[{"@type":"WebPage","@id":"https:\/\/sistemasgenomicos.com\/es\/producto\/secuenciacion-masiva-panel-de-111-genesapc-atm-atr-axin2-bap1-bard1-blm-bmpr1abrca1-brca2-brip1-bub1-cdh1-cdk4-cdkn1bcdkn2a-chek2-ddb2-dicer1-dis3l2-dkc1-elane-epas1-epcam-erc\/","url":"https:\/\/sistemasgenomicos.com\/es\/producto\/secuenciacion-masiva-panel-de-111-genesapc-atm-atr-axin2-bap1-bard1-blm-bmpr1abrca1-brca2-brip1-bub1-cdh1-cdk4-cdkn1bcdkn2a-chek2-ddb2-dicer1-dis3l2-dkc1-elane-epas1-epcam-erc\/","name":"Secuenciaci\u00f3n masiva panel de 111 genes:APC, ATM, ATR, AXIN2, BAP1, BARD1, BLM, BMPR1A,BRCA1, BRCA2, BRIP1, BUB1, CDH1, CDK4, CDKN1B,CDKN2A, CHEK2, DDB2, DICER1, DIS3L2, DKC1, ELANE, EPAS1, EPCAM, ERCC1, ERCC2, ERCC3, ERCC4, ERCC5,ERCC6, FANCA, FANCB, FANCC, FANCD2, FANCE, FANCF,FANCG, FANCI, FANCL, FANCM, FH, FLCN, G6PC3, GFI1,GREM1, HOXB13, JAGN1, KIF1B, KIT, MAX, MDH2, MEN1, MET, MITF, MLH1, MNX1, MSH2, MSH6, MSR1, MUTYH, NBN, NF2, NFIX, NHP2, NOP10, NSD1, NTHL1, PALB2,PARN, PDGFRA, PMS1, POLD1, POLE, POLH, POT1,PRKAR1A, PTCH1, PTEN, RAD50, RAD51, RAD51C, RAD51D, RB1, RECQL, RECQL4, RET, RTEL1, SCG5,SLX4, SMAD4, SMARCA4, STK11, SUFU, TERC, TERT,TINF2, TMEM127, TP53, TSC1, TSC2, UBE2T, VHL,VPS45, WAS, WRN, WT1, XPA, XPC, XRCC2 - Sistemas Gen\u00f3micos","isPartOf":{"@id":"https:\/\/sistemasgenomicos.com\/es\/#website"},"primaryImageOfPage":{"@id":"https:\/\/sistemasgenomicos.com\/es\/producto\/secuenciacion-masiva-panel-de-111-genesapc-atm-atr-axin2-bap1-bard1-blm-bmpr1abrca1-brca2-brip1-bub1-cdh1-cdk4-cdkn1bcdkn2a-chek2-ddb2-dicer1-dis3l2-dkc1-elane-epas1-epcam-erc\/#primaryimage"},"image":{"@id":"https:\/\/sistemasgenomicos.com\/es\/producto\/secuenciacion-masiva-panel-de-111-genesapc-atm-atr-axin2-bap1-bard1-blm-bmpr1abrca1-brca2-brip1-bub1-cdh1-cdk4-cdkn1bcdkn2a-chek2-ddb2-dicer1-dis3l2-dkc1-elane-epas1-epcam-erc\/#primaryimage"},"thumbnailUrl":"https:\/\/sistemasgenomicos.com\/wp-content\/uploads\/2018\/04\/logo-sistemas-genomicos-default-1.jpg","datePublished":"2018-05-30T02:24:07+00:00","dateModified":"2020-09-30T04:29:04+00:00","breadcrumb":{"@id":"https:\/\/sistemasgenomicos.com\/es\/producto\/secuenciacion-masiva-panel-de-111-genesapc-atm-atr-axin2-bap1-bard1-blm-bmpr1abrca1-brca2-brip1-bub1-cdh1-cdk4-cdkn1bcdkn2a-chek2-ddb2-dicer1-dis3l2-dkc1-elane-epas1-epcam-erc\/#breadcrumb"},"inLanguage":"es","potentialAction":[{"@type":"ReadAction","target":["https:\/\/sistemasgenomicos.com\/es\/producto\/secuenciacion-masiva-panel-de-111-genesapc-atm-atr-axin2-bap1-bard1-blm-bmpr1abrca1-brca2-brip1-bub1-cdh1-cdk4-cdkn1bcdkn2a-chek2-ddb2-dicer1-dis3l2-dkc1-elane-epas1-epcam-erc\/"]}]},{"@type":"ImageObject","inLanguage":"es","@id":"https:\/\/sistemasgenomicos.com\/es\/producto\/secuenciacion-masiva-panel-de-111-genesapc-atm-atr-axin2-bap1-bard1-blm-bmpr1abrca1-brca2-brip1-bub1-cdh1-cdk4-cdkn1bcdkn2a-chek2-ddb2-dicer1-dis3l2-dkc1-elane-epas1-epcam-erc\/#primaryimage","url":"https:\/\/sistemasgenomicos.com\/wp-content\/uploads\/2018\/04\/logo-sistemas-genomicos-default-1.jpg","contentUrl":"https:\/\/sistemasgenomicos.com\/wp-content\/uploads\/2018\/04\/logo-sistemas-genomicos-default-1.jpg","width":1200,"height":750},{"@type":"BreadcrumbList","@id":"https:\/\/sistemasgenomicos.com\/es\/producto\/secuenciacion-masiva-panel-de-111-genesapc-atm-atr-axin2-bap1-bard1-blm-bmpr1abrca1-brca2-brip1-bub1-cdh1-cdk4-cdkn1bcdkn2a-chek2-ddb2-dicer1-dis3l2-dkc1-elane-epas1-epcam-erc\/#breadcrumb","itemListElement":[{"@type":"ListItem","position":1,"name":"Portada","item":"https:\/\/sistemasgenomicos.com\/es\/"},{"@type":"ListItem","position":2,"name":"Tienda","item":"https:\/\/sistemasgenomicos.com\/es\/tienda\/"},{"@type":"ListItem","position":3,"name":"Secuenciaci\u00f3n masiva panel de 111 genes:APC, ATM, ATR, AXIN2, BAP1, BARD1, BLM, BMPR1A,BRCA1, BRCA2, BRIP1, BUB1, CDH1, CDK4, CDKN1B,CDKN2A, CHEK2, DDB2, DICER1, DIS3L2, DKC1, ELANE, EPAS1, EPCAM, ERCC1, ERCC2, ERCC3, ERCC4, ERCC5,ERCC6, FANCA, FANCB, FANCC, FANCD2, FANCE, FANCF,FANCG, FANCI, FANCL, FANCM, FH, FLCN, G6PC3, GFI1,GREM1, HOXB13, JAGN1, KIF1B, KIT, MAX, MDH2, MEN1, MET, MITF, MLH1, MNX1, MSH2, MSH6, MSR1, MUTYH, NBN, NF2, NFIX, NHP2, NOP10, NSD1, NTHL1, PALB2,PARN, PDGFRA, PMS1, POLD1, POLE, POLH, POT1,PRKAR1A, PTCH1, PTEN, RAD50, RAD51, RAD51C, RAD51D, RB1, RECQL, RECQL4, RET, RTEL1, SCG5,SLX4, SMAD4, SMARCA4, STK11, SUFU, TERC, TERT,TINF2, TMEM127, TP53, TSC1, TSC2, UBE2T, VHL,VPS45, WAS, WRN, WT1, XPA, XPC, XRCC2"}]},{"@type":"WebSite","@id":"https:\/\/sistemasgenomicos.com\/es\/#website","url":"https:\/\/sistemasgenomicos.com\/es\/","name":"Sistemas Gen\u00f3micos","description":"La mayor empresa dedicada a la investigaci\u00f3n gen\u00e9tica y molecular","publisher":{"@id":"https:\/\/sistemasgenomicos.com\/es\/#organization"},"potentialAction":[{"@type":"SearchAction","target":{"@type":"EntryPoint","urlTemplate":"https:\/\/sistemasgenomicos.com\/es\/?s={search_term_string}"},"query-input":{"@type":"PropertyValueSpecification","valueRequired":true,"valueName":"search_term_string"}}],"inLanguage":"es"},{"@type":"Organization","@id":"https:\/\/sistemasgenomicos.com\/es\/#organization","name":"Sistemas Gen\u00f3micos","url":"https:\/\/sistemasgenomicos.com\/es\/","logo":{"@type":"ImageObject","inLanguage":"es","@id":"https:\/\/sistemasgenomicos.com\/es\/#\/schema\/logo\/image\/","url":"https:\/\/sistemasgenomicos.com\/wp-content\/uploads\/2022\/04\/image001-1.png","contentUrl":"https:\/\/sistemasgenomicos.com\/wp-content\/uploads\/2022\/04\/image001-1.png","width":250,"height":122,"caption":"Sistemas Gen\u00f3micos"},"image":{"@id":"https:\/\/sistemasgenomicos.com\/es\/#\/schema\/logo\/image\/"}}]}},"_links":{"self":[{"href":"https:\/\/sistemasgenomicos.com\/es\/wp-json\/wp\/v2\/product\/48398","targetHints":{"allow":["GET"]}}],"collection":[{"href":"https:\/\/sistemasgenomicos.com\/es\/wp-json\/wp\/v2\/product"}],"about":[{"href":"https:\/\/sistemasgenomicos.com\/es\/wp-json\/wp\/v2\/types\/product"}],"wp:featuredmedia":[{"embeddable":true,"href":"https:\/\/sistemasgenomicos.com\/es\/wp-json\/wp\/v2\/media\/42665"}],"wp:attachment":[{"href":"https:\/\/sistemasgenomicos.com\/es\/wp-json\/wp\/v2\/media?parent=48398"}],"wp:term":[{"taxonomy":"product_brand","embeddable":true,"href":"https:\/\/sistemasgenomicos.com\/es\/wp-json\/wp\/v2\/product_brand?post=48398"},{"taxonomy":"product_cat","embeddable":true,"href":"https:\/\/sistemasgenomicos.com\/es\/wp-json\/wp\/v2\/product_cat?post=48398"},{"taxonomy":"product_tag","embeddable":true,"href":"https:\/\/sistemasgenomicos.com\/es\/wp-json\/wp\/v2\/product_tag?post=48398"}],"curies":[{"name":"wp","href":"https:\/\/api.w.org\/{rel}","templated":true}]}}