{"id":48370,"date":"2018-05-30T02:23:55","date_gmt":"2018-05-30T02:23:55","guid":{"rendered":"https:\/\/sistemasgenomicos.digitis.net\/tienda-online\/secuenciacion-masiva-panel-de-10-genes-ddb2-ercc1-ercc2-ercc3-ercc4-ercc5-ercc6-polh-xpa-xpc\/"},"modified":"2020-09-30T06:28:59","modified_gmt":"2020-09-30T04:28:59","slug":"secuenciacion-masiva-panel-de-10-genes-ddb2-ercc1-ercc2-ercc3-ercc4-ercc5-ercc6-polh-xpa-xpc","status":"publish","type":"product","link":"https:\/\/sistemasgenomicos.com\/es\/producto\/secuenciacion-masiva-panel-de-10-genes-ddb2-ercc1-ercc2-ercc3-ercc4-ercc5-ercc6-polh-xpa-xpc\/","title":{"rendered":"Secuenciaci\u00f3n masiva panel de 10 genes: DDB2, ERCC1, ERCC2, ERCC3, ERCC4, ERCC5, ERCC6, POLH, XPA, XPC"},"content":{"rendered":"","protected":false},"excerpt":{"rendered":"","protected":false},"featured_media":42665,"template":"","meta":[],"product_brand":[],"product_cat":[86,8679,8681,9355,9385,9397,9389],"product_tag":[23954],"class_list":{"0":"post-48370","1":"product","2":"type-product","3":"status-publish","4":"has-post-thumbnail","6":"gen-ercc1","7":"gen-ercc2","8":"gen-ddb2","9":"gen-ercc5","10":"gen-xpa","11":"gen-xpc","12":"gen-ercc3","13":"gen-polh","14":"gen-ercc4","15":"gen-ercc6","16":"product_cat-analisis-y-estudios-geneticos","17":"product_cat-diagnostico-genetico-molecularn","18":"product_cat-diagnostico-genetico-por-secuenciacion-masiva","19":"product_cat-listado-de-enfermedades","20":"product_cat-oncologia-diagnostico-genetico-molecularn","21":"product_cat-paneles-oncologia-diagnostico-genetico-por-secuenciacion-masivan","22":"product_cat-pediatria-diagnostico-genetico-molecularn","23":"product_tag-xeroderma-pigmentoso-cofs-cockayne-y-de-sanctis-cacchione-sindromesc00725","25":"first","26":"instock","27":"taxable","28":"shipping-taxable","29":"product-type-simple"},"acf":[],"yoast_head":"<!-- This site is optimized with the Yoast SEO plugin v27.4 - https:\/\/yoast.com\/product\/yoast-seo-wordpress\/ -->\n<title>Secuenciaci\u00f3n\u00a0masiva\u00a0panel\u00a0de\u00a010\u00a0genes:\u00a0DDB2,\u00a0ERCC1,\u00a0ERCC2,\u00a0ERCC3,\u00a0ERCC4,\u00a0ERCC5,\u00a0ERCC6,\u00a0POLH,\u00a0XPA,\u00a0XPC - Sistemas Gen\u00f3micos<\/title>\n<meta name=\"robots\" content=\"index, follow, max-snippet:-1, max-image-preview:large, max-video-preview:-1\" \/>\n<link rel=\"canonical\" href=\"https:\/\/sistemasgenomicos.com\/es\/producto\/secuenciacion-masiva-panel-de-10-genes-ddb2-ercc1-ercc2-ercc3-ercc4-ercc5-ercc6-polh-xpa-xpc\/\" \/>\n<meta property=\"og:locale\" content=\"es_ES\" \/>\n<meta property=\"og:type\" content=\"article\" \/>\n<meta property=\"og:title\" content=\"Secuenciaci\u00f3n\u00a0masiva\u00a0panel\u00a0de\u00a010\u00a0genes:\u00a0DDB2,\u00a0ERCC1,\u00a0ERCC2,\u00a0ERCC3,\u00a0ERCC4,\u00a0ERCC5,\u00a0ERCC6,\u00a0POLH,\u00a0XPA,\u00a0XPC - Sistemas Gen\u00f3micos\" \/>\n<meta property=\"og:url\" content=\"https:\/\/sistemasgenomicos.com\/es\/producto\/secuenciacion-masiva-panel-de-10-genes-ddb2-ercc1-ercc2-ercc3-ercc4-ercc5-ercc6-polh-xpa-xpc\/\" \/>\n<meta property=\"og:site_name\" content=\"Sistemas Gen\u00f3micos\" \/>\n<meta property=\"article:modified_time\" content=\"2020-09-30T04:28:59+00:00\" \/>\n<meta property=\"og:image\" content=\"https:\/\/sistemasgenomicos.com\/wp-content\/uploads\/2018\/04\/logo-sistemas-genomicos-default-1.jpg\" \/>\n\t<meta property=\"og:image:width\" content=\"1200\" \/>\n\t<meta property=\"og:image:height\" content=\"750\" \/>\n\t<meta property=\"og:image:type\" content=\"image\/jpeg\" \/>\n<meta name=\"twitter:card\" content=\"summary_large_image\" \/>\n<script type=\"application\/ld+json\" class=\"yoast-schema-graph\">{\"@context\":\"https:\\\/\\\/schema.org\",\"@graph\":[{\"@type\":\"WebPage\",\"@id\":\"https:\\\/\\\/sistemasgenomicos.com\\\/es\\\/producto\\\/secuenciacion-masiva-panel-de-10-genes-ddb2-ercc1-ercc2-ercc3-ercc4-ercc5-ercc6-polh-xpa-xpc\\\/\",\"url\":\"https:\\\/\\\/sistemasgenomicos.com\\\/es\\\/producto\\\/secuenciacion-masiva-panel-de-10-genes-ddb2-ercc1-ercc2-ercc3-ercc4-ercc5-ercc6-polh-xpa-xpc\\\/\",\"name\":\"Secuenciaci\u00f3n\u00a0masiva\u00a0panel\u00a0de\u00a010\u00a0genes:\u00a0DDB2,\u00a0ERCC1,\u00a0ERCC2,\u00a0ERCC3,\u00a0ERCC4,\u00a0ERCC5,\u00a0ERCC6,\u00a0POLH,\u00a0XPA,\u00a0XPC - Sistemas Gen\u00f3micos\",\"isPartOf\":{\"@id\":\"https:\\\/\\\/sistemasgenomicos.com\\\/es\\\/#website\"},\"primaryImageOfPage\":{\"@id\":\"https:\\\/\\\/sistemasgenomicos.com\\\/es\\\/producto\\\/secuenciacion-masiva-panel-de-10-genes-ddb2-ercc1-ercc2-ercc3-ercc4-ercc5-ercc6-polh-xpa-xpc\\\/#primaryimage\"},\"image\":{\"@id\":\"https:\\\/\\\/sistemasgenomicos.com\\\/es\\\/producto\\\/secuenciacion-masiva-panel-de-10-genes-ddb2-ercc1-ercc2-ercc3-ercc4-ercc5-ercc6-polh-xpa-xpc\\\/#primaryimage\"},\"thumbnailUrl\":\"https:\\\/\\\/sistemasgenomicos.com\\\/wp-content\\\/uploads\\\/2018\\\/04\\\/logo-sistemas-genomicos-default-1.jpg\",\"datePublished\":\"2018-05-30T02:23:55+00:00\",\"dateModified\":\"2020-09-30T04:28:59+00:00\",\"breadcrumb\":{\"@id\":\"https:\\\/\\\/sistemasgenomicos.com\\\/es\\\/producto\\\/secuenciacion-masiva-panel-de-10-genes-ddb2-ercc1-ercc2-ercc3-ercc4-ercc5-ercc6-polh-xpa-xpc\\\/#breadcrumb\"},\"inLanguage\":\"es\",\"potentialAction\":[{\"@type\":\"ReadAction\",\"target\":[\"https:\\\/\\\/sistemasgenomicos.com\\\/es\\\/producto\\\/secuenciacion-masiva-panel-de-10-genes-ddb2-ercc1-ercc2-ercc3-ercc4-ercc5-ercc6-polh-xpa-xpc\\\/\"]}]},{\"@type\":\"ImageObject\",\"inLanguage\":\"es\",\"@id\":\"https:\\\/\\\/sistemasgenomicos.com\\\/es\\\/producto\\\/secuenciacion-masiva-panel-de-10-genes-ddb2-ercc1-ercc2-ercc3-ercc4-ercc5-ercc6-polh-xpa-xpc\\\/#primaryimage\",\"url\":\"https:\\\/\\\/sistemasgenomicos.com\\\/wp-content\\\/uploads\\\/2018\\\/04\\\/logo-sistemas-genomicos-default-1.jpg\",\"contentUrl\":\"https:\\\/\\\/sistemasgenomicos.com\\\/wp-content\\\/uploads\\\/2018\\\/04\\\/logo-sistemas-genomicos-default-1.jpg\",\"width\":1200,\"height\":750},{\"@type\":\"BreadcrumbList\",\"@id\":\"https:\\\/\\\/sistemasgenomicos.com\\\/es\\\/producto\\\/secuenciacion-masiva-panel-de-10-genes-ddb2-ercc1-ercc2-ercc3-ercc4-ercc5-ercc6-polh-xpa-xpc\\\/#breadcrumb\",\"itemListElement\":[{\"@type\":\"ListItem\",\"position\":1,\"name\":\"Portada\",\"item\":\"https:\\\/\\\/sistemasgenomicos.com\\\/es\\\/\"},{\"@type\":\"ListItem\",\"position\":2,\"name\":\"Tienda\",\"item\":\"https:\\\/\\\/sistemasgenomicos.com\\\/es\\\/tienda\\\/\"},{\"@type\":\"ListItem\",\"position\":3,\"name\":\"Secuenciaci\u00f3n masiva panel de 10 genes: DDB2, ERCC1, ERCC2, ERCC3, ERCC4, ERCC5, ERCC6, POLH, XPA, XPC\"}]},{\"@type\":\"WebSite\",\"@id\":\"https:\\\/\\\/sistemasgenomicos.com\\\/es\\\/#website\",\"url\":\"https:\\\/\\\/sistemasgenomicos.com\\\/es\\\/\",\"name\":\"Sistemas Gen\u00f3micos\",\"description\":\"La mayor empresa dedicada a la investigaci\u00f3n gen\u00e9tica y molecular\",\"publisher\":{\"@id\":\"https:\\\/\\\/sistemasgenomicos.com\\\/es\\\/#organization\"},\"potentialAction\":[{\"@type\":\"SearchAction\",\"target\":{\"@type\":\"EntryPoint\",\"urlTemplate\":\"https:\\\/\\\/sistemasgenomicos.com\\\/es\\\/?s={search_term_string}\"},\"query-input\":{\"@type\":\"PropertyValueSpecification\",\"valueRequired\":true,\"valueName\":\"search_term_string\"}}],\"inLanguage\":\"es\"},{\"@type\":\"Organization\",\"@id\":\"https:\\\/\\\/sistemasgenomicos.com\\\/es\\\/#organization\",\"name\":\"Sistemas Gen\u00f3micos\",\"url\":\"https:\\\/\\\/sistemasgenomicos.com\\\/es\\\/\",\"logo\":{\"@type\":\"ImageObject\",\"inLanguage\":\"es\",\"@id\":\"https:\\\/\\\/sistemasgenomicos.com\\\/es\\\/#\\\/schema\\\/logo\\\/image\\\/\",\"url\":\"https:\\\/\\\/sistemasgenomicos.com\\\/wp-content\\\/uploads\\\/2022\\\/04\\\/image001-1.png\",\"contentUrl\":\"https:\\\/\\\/sistemasgenomicos.com\\\/wp-content\\\/uploads\\\/2022\\\/04\\\/image001-1.png\",\"width\":250,\"height\":122,\"caption\":\"Sistemas Gen\u00f3micos\"},\"image\":{\"@id\":\"https:\\\/\\\/sistemasgenomicos.com\\\/es\\\/#\\\/schema\\\/logo\\\/image\\\/\"}}]}<\/script>\n<!-- \/ Yoast SEO plugin. -->","yoast_head_json":{"title":"Secuenciaci\u00f3n\u00a0masiva\u00a0panel\u00a0de\u00a010\u00a0genes:\u00a0DDB2,\u00a0ERCC1,\u00a0ERCC2,\u00a0ERCC3,\u00a0ERCC4,\u00a0ERCC5,\u00a0ERCC6,\u00a0POLH,\u00a0XPA,\u00a0XPC - Sistemas Gen\u00f3micos","robots":{"index":"index","follow":"follow","max-snippet":"max-snippet:-1","max-image-preview":"max-image-preview:large","max-video-preview":"max-video-preview:-1"},"canonical":"https:\/\/sistemasgenomicos.com\/es\/producto\/secuenciacion-masiva-panel-de-10-genes-ddb2-ercc1-ercc2-ercc3-ercc4-ercc5-ercc6-polh-xpa-xpc\/","og_locale":"es_ES","og_type":"article","og_title":"Secuenciaci\u00f3n\u00a0masiva\u00a0panel\u00a0de\u00a010\u00a0genes:\u00a0DDB2,\u00a0ERCC1,\u00a0ERCC2,\u00a0ERCC3,\u00a0ERCC4,\u00a0ERCC5,\u00a0ERCC6,\u00a0POLH,\u00a0XPA,\u00a0XPC - Sistemas Gen\u00f3micos","og_url":"https:\/\/sistemasgenomicos.com\/es\/producto\/secuenciacion-masiva-panel-de-10-genes-ddb2-ercc1-ercc2-ercc3-ercc4-ercc5-ercc6-polh-xpa-xpc\/","og_site_name":"Sistemas Gen\u00f3micos","article_modified_time":"2020-09-30T04:28:59+00:00","og_image":[{"width":1200,"height":750,"url":"https:\/\/sistemasgenomicos.com\/wp-content\/uploads\/2018\/04\/logo-sistemas-genomicos-default-1.jpg","type":"image\/jpeg"}],"twitter_card":"summary_large_image","schema":{"@context":"https:\/\/schema.org","@graph":[{"@type":"WebPage","@id":"https:\/\/sistemasgenomicos.com\/es\/producto\/secuenciacion-masiva-panel-de-10-genes-ddb2-ercc1-ercc2-ercc3-ercc4-ercc5-ercc6-polh-xpa-xpc\/","url":"https:\/\/sistemasgenomicos.com\/es\/producto\/secuenciacion-masiva-panel-de-10-genes-ddb2-ercc1-ercc2-ercc3-ercc4-ercc5-ercc6-polh-xpa-xpc\/","name":"Secuenciaci\u00f3n\u00a0masiva\u00a0panel\u00a0de\u00a010\u00a0genes:\u00a0DDB2,\u00a0ERCC1,\u00a0ERCC2,\u00a0ERCC3,\u00a0ERCC4,\u00a0ERCC5,\u00a0ERCC6,\u00a0POLH,\u00a0XPA,\u00a0XPC - Sistemas Gen\u00f3micos","isPartOf":{"@id":"https:\/\/sistemasgenomicos.com\/es\/#website"},"primaryImageOfPage":{"@id":"https:\/\/sistemasgenomicos.com\/es\/producto\/secuenciacion-masiva-panel-de-10-genes-ddb2-ercc1-ercc2-ercc3-ercc4-ercc5-ercc6-polh-xpa-xpc\/#primaryimage"},"image":{"@id":"https:\/\/sistemasgenomicos.com\/es\/producto\/secuenciacion-masiva-panel-de-10-genes-ddb2-ercc1-ercc2-ercc3-ercc4-ercc5-ercc6-polh-xpa-xpc\/#primaryimage"},"thumbnailUrl":"https:\/\/sistemasgenomicos.com\/wp-content\/uploads\/2018\/04\/logo-sistemas-genomicos-default-1.jpg","datePublished":"2018-05-30T02:23:55+00:00","dateModified":"2020-09-30T04:28:59+00:00","breadcrumb":{"@id":"https:\/\/sistemasgenomicos.com\/es\/producto\/secuenciacion-masiva-panel-de-10-genes-ddb2-ercc1-ercc2-ercc3-ercc4-ercc5-ercc6-polh-xpa-xpc\/#breadcrumb"},"inLanguage":"es","potentialAction":[{"@type":"ReadAction","target":["https:\/\/sistemasgenomicos.com\/es\/producto\/secuenciacion-masiva-panel-de-10-genes-ddb2-ercc1-ercc2-ercc3-ercc4-ercc5-ercc6-polh-xpa-xpc\/"]}]},{"@type":"ImageObject","inLanguage":"es","@id":"https:\/\/sistemasgenomicos.com\/es\/producto\/secuenciacion-masiva-panel-de-10-genes-ddb2-ercc1-ercc2-ercc3-ercc4-ercc5-ercc6-polh-xpa-xpc\/#primaryimage","url":"https:\/\/sistemasgenomicos.com\/wp-content\/uploads\/2018\/04\/logo-sistemas-genomicos-default-1.jpg","contentUrl":"https:\/\/sistemasgenomicos.com\/wp-content\/uploads\/2018\/04\/logo-sistemas-genomicos-default-1.jpg","width":1200,"height":750},{"@type":"BreadcrumbList","@id":"https:\/\/sistemasgenomicos.com\/es\/producto\/secuenciacion-masiva-panel-de-10-genes-ddb2-ercc1-ercc2-ercc3-ercc4-ercc5-ercc6-polh-xpa-xpc\/#breadcrumb","itemListElement":[{"@type":"ListItem","position":1,"name":"Portada","item":"https:\/\/sistemasgenomicos.com\/es\/"},{"@type":"ListItem","position":2,"name":"Tienda","item":"https:\/\/sistemasgenomicos.com\/es\/tienda\/"},{"@type":"ListItem","position":3,"name":"Secuenciaci\u00f3n masiva panel de 10 genes: DDB2, ERCC1, ERCC2, ERCC3, ERCC4, ERCC5, ERCC6, POLH, XPA, XPC"}]},{"@type":"WebSite","@id":"https:\/\/sistemasgenomicos.com\/es\/#website","url":"https:\/\/sistemasgenomicos.com\/es\/","name":"Sistemas Gen\u00f3micos","description":"La mayor empresa dedicada a la investigaci\u00f3n gen\u00e9tica y molecular","publisher":{"@id":"https:\/\/sistemasgenomicos.com\/es\/#organization"},"potentialAction":[{"@type":"SearchAction","target":{"@type":"EntryPoint","urlTemplate":"https:\/\/sistemasgenomicos.com\/es\/?s={search_term_string}"},"query-input":{"@type":"PropertyValueSpecification","valueRequired":true,"valueName":"search_term_string"}}],"inLanguage":"es"},{"@type":"Organization","@id":"https:\/\/sistemasgenomicos.com\/es\/#organization","name":"Sistemas Gen\u00f3micos","url":"https:\/\/sistemasgenomicos.com\/es\/","logo":{"@type":"ImageObject","inLanguage":"es","@id":"https:\/\/sistemasgenomicos.com\/es\/#\/schema\/logo\/image\/","url":"https:\/\/sistemasgenomicos.com\/wp-content\/uploads\/2022\/04\/image001-1.png","contentUrl":"https:\/\/sistemasgenomicos.com\/wp-content\/uploads\/2022\/04\/image001-1.png","width":250,"height":122,"caption":"Sistemas Gen\u00f3micos"},"image":{"@id":"https:\/\/sistemasgenomicos.com\/es\/#\/schema\/logo\/image\/"}}]}},"_links":{"self":[{"href":"https:\/\/sistemasgenomicos.com\/es\/wp-json\/wp\/v2\/product\/48370","targetHints":{"allow":["GET"]}}],"collection":[{"href":"https:\/\/sistemasgenomicos.com\/es\/wp-json\/wp\/v2\/product"}],"about":[{"href":"https:\/\/sistemasgenomicos.com\/es\/wp-json\/wp\/v2\/types\/product"}],"wp:featuredmedia":[{"embeddable":true,"href":"https:\/\/sistemasgenomicos.com\/es\/wp-json\/wp\/v2\/media\/42665"}],"wp:attachment":[{"href":"https:\/\/sistemasgenomicos.com\/es\/wp-json\/wp\/v2\/media?parent=48370"}],"wp:term":[{"taxonomy":"product_brand","embeddable":true,"href":"https:\/\/sistemasgenomicos.com\/es\/wp-json\/wp\/v2\/product_brand?post=48370"},{"taxonomy":"product_cat","embeddable":true,"href":"https:\/\/sistemasgenomicos.com\/es\/wp-json\/wp\/v2\/product_cat?post=48370"},{"taxonomy":"product_tag","embeddable":true,"href":"https:\/\/sistemasgenomicos.com\/es\/wp-json\/wp\/v2\/product_tag?post=48370"}],"curies":[{"name":"wp","href":"https:\/\/api.w.org\/{rel}","templated":true}]}}