{"id":45457,"date":"2018-05-29T19:40:39","date_gmt":"2018-05-29T19:40:39","guid":{"rendered":"https:\/\/sistemasgenomicos.digitis.net\/tienda-online\/d-i-autosomica-recesiva-secuenciacion-masiva-panel-de-27-genes-adat3-ank3-cc2d1a-cic-cradd-crbn-dlgap2-fto-grik2-herc2-man1b1-med23-nptx2-nsun2-prss12-qki-slc4a10-slc4a4-snip1-so\/"},"modified":"2020-09-30T05:42:39","modified_gmt":"2020-09-30T03:42:39","slug":"d-i-autosomica-recesiva-secuenciacion-masiva-panel-de-27-genes-adat3-ank3-cc2d1a-cic-cradd-crbn-dlgap2-fto-grik2-herc2-man1b1-med23-nptx2-nsun2-prss12-qki-slc4a10-slc4a4-snip1-so","status":"publish","type":"product","link":"https:\/\/sistemasgenomicos.com\/es\/producto\/d-i-autosomica-recesiva-secuenciacion-masiva-panel-de-27-genes-adat3-ank3-cc2d1a-cic-cradd-crbn-dlgap2-fto-grik2-herc2-man1b1-med23-nptx2-nsun2-prss12-qki-slc4a10-slc4a4-snip1-so\/","title":{"rendered":"D.I. Autosomica Recesiva. Secuenciaci\u00f3n masiva panel de 27 genes: ADAT3, ANK3, CC2D1A, CIC, CRADD, CRBN, DLGAP2, FTO, GRIK2, HERC2, MAN1B1, MED23, NPTX2, NSUN2, PRSS12, QKI, SLC4A10, SLC4A4, SNIP1, SOBP, ST3GAL3, TAF2, TECR, TRAPPC9, TTI2, TUSC3, ZNF526."},"content":{"rendered":"","protected":false},"excerpt":{"rendered":"","protected":false},"featured_media":42665,"template":"","meta":[],"product_brand":[],"product_cat":[86,8679,8681,9355,9381,9465,9389],"product_tag":[22387],"class_list":{"0":"post-45457","1":"product","2":"type-product","3":"status-publish","4":"has-post-thumbnail","6":"gen-nsun2","7":"gen-taf2","8":"gen-cic","9":"gen-slc4a4","10":"gen-tecr","11":"gen-tusc3","12":"gen-nptx2","13":"gen-med23","14":"gen-sobp","15":"gen-qki","16":"gen-crbn","17":"gen-st3gal3","18":"gen-herc2","19":"gen-tti2","20":"gen-cc2d1a","21":"gen-fto","22":"gen-slc4a10","23":"gen-ank3","24":"gen-snip1","25":"gen-prss12","26":"gen-grik2","27":"gen-znf526","28":"gen-trappc9","29":"gen-cradd","30":"gen-man1b1","31":"gen-dlgap2","32":"gen-adat3","33":"product_cat-analisis-y-estudios-geneticos","34":"product_cat-diagnostico-genetico-molecularn","35":"product_cat-diagnostico-genetico-por-secuenciacion-masiva","36":"product_cat-listado-de-enfermedades","37":"product_cat-neuropediatria-diagnostico-genetico-molecularn","38":"product_cat-paneles-de-discapacidad-intelectual-diagnostico-genetico-por-secuenciacion-masivan","39":"product_cat-pediatria-diagnostico-genetico-molecularn","40":"product_tag-discapacidad-intelectual790","42":"first","43":"instock","44":"taxable","45":"shipping-taxable","46":"product-type-simple"},"acf":[],"yoast_head":"<!-- This site is optimized with the Yoast SEO plugin v27.3 - https:\/\/yoast.com\/product\/yoast-seo-wordpress\/ -->\n<title>D.I. Autosomica Recesiva. Secuenciaci\u00f3n masiva panel de 27 genes: ADAT3, ANK3, CC2D1A, CIC, CRADD, CRBN, DLGAP2, FTO, GRIK2, HERC2, MAN1B1, MED23, NPTX2, NSUN2, PRSS12, QKI, SLC4A10, SLC4A4, SNIP1, SOBP, ST3GAL3, TAF2, TECR, TRAPPC9, TTI2, TUSC3, ZNF526. - Sistemas Gen\u00f3micos<\/title>\n<meta name=\"robots\" content=\"index, follow, max-snippet:-1, max-image-preview:large, max-video-preview:-1\" \/>\n<link rel=\"canonical\" href=\"https:\/\/sistemasgenomicos.com\/es\/producto\/d-i-autosomica-recesiva-secuenciacion-masiva-panel-de-27-genes-adat3-ank3-cc2d1a-cic-cradd-crbn-dlgap2-fto-grik2-herc2-man1b1-med23-nptx2-nsun2-prss12-qki-slc4a10-slc4a4-snip1-so\/\" \/>\n<meta property=\"og:locale\" content=\"es_ES\" \/>\n<meta property=\"og:type\" content=\"article\" \/>\n<meta property=\"og:title\" content=\"D.I. Autosomica Recesiva. Secuenciaci\u00f3n masiva panel de 27 genes: ADAT3, ANK3, CC2D1A, CIC, CRADD, CRBN, DLGAP2, FTO, GRIK2, HERC2, MAN1B1, MED23, NPTX2, NSUN2, PRSS12, QKI, SLC4A10, SLC4A4, SNIP1, SOBP, ST3GAL3, TAF2, TECR, TRAPPC9, TTI2, TUSC3, ZNF526. - Sistemas Gen\u00f3micos\" \/>\n<meta property=\"og:url\" content=\"https:\/\/sistemasgenomicos.com\/es\/producto\/d-i-autosomica-recesiva-secuenciacion-masiva-panel-de-27-genes-adat3-ank3-cc2d1a-cic-cradd-crbn-dlgap2-fto-grik2-herc2-man1b1-med23-nptx2-nsun2-prss12-qki-slc4a10-slc4a4-snip1-so\/\" \/>\n<meta property=\"og:site_name\" content=\"Sistemas Gen\u00f3micos\" \/>\n<meta property=\"article:modified_time\" content=\"2020-09-30T03:42:39+00:00\" \/>\n<meta property=\"og:image\" content=\"https:\/\/sistemasgenomicos.com\/wp-content\/uploads\/2018\/04\/logo-sistemas-genomicos-default-1.jpg\" \/>\n\t<meta property=\"og:image:width\" content=\"1200\" \/>\n\t<meta property=\"og:image:height\" content=\"750\" \/>\n\t<meta property=\"og:image:type\" content=\"image\/jpeg\" \/>\n<meta name=\"twitter:card\" content=\"summary_large_image\" \/>\n<script type=\"application\/ld+json\" class=\"yoast-schema-graph\">{\"@context\":\"https:\\\/\\\/schema.org\",\"@graph\":[{\"@type\":\"WebPage\",\"@id\":\"https:\\\/\\\/sistemasgenomicos.com\\\/es\\\/producto\\\/d-i-autosomica-recesiva-secuenciacion-masiva-panel-de-27-genes-adat3-ank3-cc2d1a-cic-cradd-crbn-dlgap2-fto-grik2-herc2-man1b1-med23-nptx2-nsun2-prss12-qki-slc4a10-slc4a4-snip1-so\\\/\",\"url\":\"https:\\\/\\\/sistemasgenomicos.com\\\/es\\\/producto\\\/d-i-autosomica-recesiva-secuenciacion-masiva-panel-de-27-genes-adat3-ank3-cc2d1a-cic-cradd-crbn-dlgap2-fto-grik2-herc2-man1b1-med23-nptx2-nsun2-prss12-qki-slc4a10-slc4a4-snip1-so\\\/\",\"name\":\"D.I. Autosomica Recesiva. Secuenciaci\u00f3n masiva panel de 27 genes: ADAT3, ANK3, CC2D1A, CIC, CRADD, CRBN, DLGAP2, FTO, GRIK2, HERC2, MAN1B1, MED23, NPTX2, NSUN2, PRSS12, QKI, SLC4A10, SLC4A4, SNIP1, SOBP, ST3GAL3, TAF2, TECR, TRAPPC9, TTI2, TUSC3, ZNF526. - Sistemas Gen\u00f3micos\",\"isPartOf\":{\"@id\":\"https:\\\/\\\/sistemasgenomicos.com\\\/es\\\/#website\"},\"primaryImageOfPage\":{\"@id\":\"https:\\\/\\\/sistemasgenomicos.com\\\/es\\\/producto\\\/d-i-autosomica-recesiva-secuenciacion-masiva-panel-de-27-genes-adat3-ank3-cc2d1a-cic-cradd-crbn-dlgap2-fto-grik2-herc2-man1b1-med23-nptx2-nsun2-prss12-qki-slc4a10-slc4a4-snip1-so\\\/#primaryimage\"},\"image\":{\"@id\":\"https:\\\/\\\/sistemasgenomicos.com\\\/es\\\/producto\\\/d-i-autosomica-recesiva-secuenciacion-masiva-panel-de-27-genes-adat3-ank3-cc2d1a-cic-cradd-crbn-dlgap2-fto-grik2-herc2-man1b1-med23-nptx2-nsun2-prss12-qki-slc4a10-slc4a4-snip1-so\\\/#primaryimage\"},\"thumbnailUrl\":\"https:\\\/\\\/sistemasgenomicos.com\\\/wp-content\\\/uploads\\\/2018\\\/04\\\/logo-sistemas-genomicos-default-1.jpg\",\"datePublished\":\"2018-05-29T19:40:39+00:00\",\"dateModified\":\"2020-09-30T03:42:39+00:00\",\"breadcrumb\":{\"@id\":\"https:\\\/\\\/sistemasgenomicos.com\\\/es\\\/producto\\\/d-i-autosomica-recesiva-secuenciacion-masiva-panel-de-27-genes-adat3-ank3-cc2d1a-cic-cradd-crbn-dlgap2-fto-grik2-herc2-man1b1-med23-nptx2-nsun2-prss12-qki-slc4a10-slc4a4-snip1-so\\\/#breadcrumb\"},\"inLanguage\":\"es\",\"potentialAction\":[{\"@type\":\"ReadAction\",\"target\":[\"https:\\\/\\\/sistemasgenomicos.com\\\/es\\\/producto\\\/d-i-autosomica-recesiva-secuenciacion-masiva-panel-de-27-genes-adat3-ank3-cc2d1a-cic-cradd-crbn-dlgap2-fto-grik2-herc2-man1b1-med23-nptx2-nsun2-prss12-qki-slc4a10-slc4a4-snip1-so\\\/\"]}]},{\"@type\":\"ImageObject\",\"inLanguage\":\"es\",\"@id\":\"https:\\\/\\\/sistemasgenomicos.com\\\/es\\\/producto\\\/d-i-autosomica-recesiva-secuenciacion-masiva-panel-de-27-genes-adat3-ank3-cc2d1a-cic-cradd-crbn-dlgap2-fto-grik2-herc2-man1b1-med23-nptx2-nsun2-prss12-qki-slc4a10-slc4a4-snip1-so\\\/#primaryimage\",\"url\":\"https:\\\/\\\/sistemasgenomicos.com\\\/wp-content\\\/uploads\\\/2018\\\/04\\\/logo-sistemas-genomicos-default-1.jpg\",\"contentUrl\":\"https:\\\/\\\/sistemasgenomicos.com\\\/wp-content\\\/uploads\\\/2018\\\/04\\\/logo-sistemas-genomicos-default-1.jpg\",\"width\":1200,\"height\":750},{\"@type\":\"BreadcrumbList\",\"@id\":\"https:\\\/\\\/sistemasgenomicos.com\\\/es\\\/producto\\\/d-i-autosomica-recesiva-secuenciacion-masiva-panel-de-27-genes-adat3-ank3-cc2d1a-cic-cradd-crbn-dlgap2-fto-grik2-herc2-man1b1-med23-nptx2-nsun2-prss12-qki-slc4a10-slc4a4-snip1-so\\\/#breadcrumb\",\"itemListElement\":[{\"@type\":\"ListItem\",\"position\":1,\"name\":\"Portada\",\"item\":\"https:\\\/\\\/sistemasgenomicos.com\\\/es\\\/\"},{\"@type\":\"ListItem\",\"position\":2,\"name\":\"Tienda\",\"item\":\"https:\\\/\\\/sistemasgenomicos.com\\\/es\\\/tienda\\\/\"},{\"@type\":\"ListItem\",\"position\":3,\"name\":\"D.I. Autosomica Recesiva. Secuenciaci\u00f3n masiva panel de 27 genes: ADAT3, ANK3, CC2D1A, CIC, CRADD, CRBN, DLGAP2, FTO, GRIK2, HERC2, MAN1B1, MED23, NPTX2, NSUN2, PRSS12, QKI, SLC4A10, SLC4A4, SNIP1, SOBP, ST3GAL3, TAF2, TECR, TRAPPC9, TTI2, TUSC3, ZNF526.\"}]},{\"@type\":\"WebSite\",\"@id\":\"https:\\\/\\\/sistemasgenomicos.com\\\/es\\\/#website\",\"url\":\"https:\\\/\\\/sistemasgenomicos.com\\\/es\\\/\",\"name\":\"Sistemas Gen\u00f3micos\",\"description\":\"La mayor empresa dedicada a la investigaci\u00f3n gen\u00e9tica y molecular\",\"publisher\":{\"@id\":\"https:\\\/\\\/sistemasgenomicos.com\\\/es\\\/#organization\"},\"potentialAction\":[{\"@type\":\"SearchAction\",\"target\":{\"@type\":\"EntryPoint\",\"urlTemplate\":\"https:\\\/\\\/sistemasgenomicos.com\\\/es\\\/?s={search_term_string}\"},\"query-input\":{\"@type\":\"PropertyValueSpecification\",\"valueRequired\":true,\"valueName\":\"search_term_string\"}}],\"inLanguage\":\"es\"},{\"@type\":\"Organization\",\"@id\":\"https:\\\/\\\/sistemasgenomicos.com\\\/es\\\/#organization\",\"name\":\"Sistemas Gen\u00f3micos\",\"url\":\"https:\\\/\\\/sistemasgenomicos.com\\\/es\\\/\",\"logo\":{\"@type\":\"ImageObject\",\"inLanguage\":\"es\",\"@id\":\"https:\\\/\\\/sistemasgenomicos.com\\\/es\\\/#\\\/schema\\\/logo\\\/image\\\/\",\"url\":\"https:\\\/\\\/sistemasgenomicos.com\\\/wp-content\\\/uploads\\\/2022\\\/04\\\/image001-1.png\",\"contentUrl\":\"https:\\\/\\\/sistemasgenomicos.com\\\/wp-content\\\/uploads\\\/2022\\\/04\\\/image001-1.png\",\"width\":250,\"height\":122,\"caption\":\"Sistemas Gen\u00f3micos\"},\"image\":{\"@id\":\"https:\\\/\\\/sistemasgenomicos.com\\\/es\\\/#\\\/schema\\\/logo\\\/image\\\/\"}}]}<\/script>\n<!-- \/ Yoast SEO plugin. -->","yoast_head_json":{"title":"D.I. Autosomica Recesiva. Secuenciaci\u00f3n masiva panel de 27 genes: ADAT3, ANK3, CC2D1A, CIC, CRADD, CRBN, DLGAP2, FTO, GRIK2, HERC2, MAN1B1, MED23, NPTX2, NSUN2, PRSS12, QKI, SLC4A10, SLC4A4, SNIP1, SOBP, ST3GAL3, TAF2, TECR, TRAPPC9, TTI2, TUSC3, ZNF526. - Sistemas Gen\u00f3micos","robots":{"index":"index","follow":"follow","max-snippet":"max-snippet:-1","max-image-preview":"max-image-preview:large","max-video-preview":"max-video-preview:-1"},"canonical":"https:\/\/sistemasgenomicos.com\/es\/producto\/d-i-autosomica-recesiva-secuenciacion-masiva-panel-de-27-genes-adat3-ank3-cc2d1a-cic-cradd-crbn-dlgap2-fto-grik2-herc2-man1b1-med23-nptx2-nsun2-prss12-qki-slc4a10-slc4a4-snip1-so\/","og_locale":"es_ES","og_type":"article","og_title":"D.I. Autosomica Recesiva. Secuenciaci\u00f3n masiva panel de 27 genes: ADAT3, ANK3, CC2D1A, CIC, CRADD, CRBN, DLGAP2, FTO, GRIK2, HERC2, MAN1B1, MED23, NPTX2, NSUN2, PRSS12, QKI, SLC4A10, SLC4A4, SNIP1, SOBP, ST3GAL3, TAF2, TECR, TRAPPC9, TTI2, TUSC3, ZNF526. - Sistemas Gen\u00f3micos","og_url":"https:\/\/sistemasgenomicos.com\/es\/producto\/d-i-autosomica-recesiva-secuenciacion-masiva-panel-de-27-genes-adat3-ank3-cc2d1a-cic-cradd-crbn-dlgap2-fto-grik2-herc2-man1b1-med23-nptx2-nsun2-prss12-qki-slc4a10-slc4a4-snip1-so\/","og_site_name":"Sistemas Gen\u00f3micos","article_modified_time":"2020-09-30T03:42:39+00:00","og_image":[{"width":1200,"height":750,"url":"https:\/\/sistemasgenomicos.com\/wp-content\/uploads\/2018\/04\/logo-sistemas-genomicos-default-1.jpg","type":"image\/jpeg"}],"twitter_card":"summary_large_image","schema":{"@context":"https:\/\/schema.org","@graph":[{"@type":"WebPage","@id":"https:\/\/sistemasgenomicos.com\/es\/producto\/d-i-autosomica-recesiva-secuenciacion-masiva-panel-de-27-genes-adat3-ank3-cc2d1a-cic-cradd-crbn-dlgap2-fto-grik2-herc2-man1b1-med23-nptx2-nsun2-prss12-qki-slc4a10-slc4a4-snip1-so\/","url":"https:\/\/sistemasgenomicos.com\/es\/producto\/d-i-autosomica-recesiva-secuenciacion-masiva-panel-de-27-genes-adat3-ank3-cc2d1a-cic-cradd-crbn-dlgap2-fto-grik2-herc2-man1b1-med23-nptx2-nsun2-prss12-qki-slc4a10-slc4a4-snip1-so\/","name":"D.I. Autosomica Recesiva. Secuenciaci\u00f3n masiva panel de 27 genes: ADAT3, ANK3, CC2D1A, CIC, CRADD, CRBN, DLGAP2, FTO, GRIK2, HERC2, MAN1B1, MED23, NPTX2, NSUN2, PRSS12, QKI, SLC4A10, SLC4A4, SNIP1, SOBP, ST3GAL3, TAF2, TECR, TRAPPC9, TTI2, TUSC3, ZNF526. - Sistemas Gen\u00f3micos","isPartOf":{"@id":"https:\/\/sistemasgenomicos.com\/es\/#website"},"primaryImageOfPage":{"@id":"https:\/\/sistemasgenomicos.com\/es\/producto\/d-i-autosomica-recesiva-secuenciacion-masiva-panel-de-27-genes-adat3-ank3-cc2d1a-cic-cradd-crbn-dlgap2-fto-grik2-herc2-man1b1-med23-nptx2-nsun2-prss12-qki-slc4a10-slc4a4-snip1-so\/#primaryimage"},"image":{"@id":"https:\/\/sistemasgenomicos.com\/es\/producto\/d-i-autosomica-recesiva-secuenciacion-masiva-panel-de-27-genes-adat3-ank3-cc2d1a-cic-cradd-crbn-dlgap2-fto-grik2-herc2-man1b1-med23-nptx2-nsun2-prss12-qki-slc4a10-slc4a4-snip1-so\/#primaryimage"},"thumbnailUrl":"https:\/\/sistemasgenomicos.com\/wp-content\/uploads\/2018\/04\/logo-sistemas-genomicos-default-1.jpg","datePublished":"2018-05-29T19:40:39+00:00","dateModified":"2020-09-30T03:42:39+00:00","breadcrumb":{"@id":"https:\/\/sistemasgenomicos.com\/es\/producto\/d-i-autosomica-recesiva-secuenciacion-masiva-panel-de-27-genes-adat3-ank3-cc2d1a-cic-cradd-crbn-dlgap2-fto-grik2-herc2-man1b1-med23-nptx2-nsun2-prss12-qki-slc4a10-slc4a4-snip1-so\/#breadcrumb"},"inLanguage":"es","potentialAction":[{"@type":"ReadAction","target":["https:\/\/sistemasgenomicos.com\/es\/producto\/d-i-autosomica-recesiva-secuenciacion-masiva-panel-de-27-genes-adat3-ank3-cc2d1a-cic-cradd-crbn-dlgap2-fto-grik2-herc2-man1b1-med23-nptx2-nsun2-prss12-qki-slc4a10-slc4a4-snip1-so\/"]}]},{"@type":"ImageObject","inLanguage":"es","@id":"https:\/\/sistemasgenomicos.com\/es\/producto\/d-i-autosomica-recesiva-secuenciacion-masiva-panel-de-27-genes-adat3-ank3-cc2d1a-cic-cradd-crbn-dlgap2-fto-grik2-herc2-man1b1-med23-nptx2-nsun2-prss12-qki-slc4a10-slc4a4-snip1-so\/#primaryimage","url":"https:\/\/sistemasgenomicos.com\/wp-content\/uploads\/2018\/04\/logo-sistemas-genomicos-default-1.jpg","contentUrl":"https:\/\/sistemasgenomicos.com\/wp-content\/uploads\/2018\/04\/logo-sistemas-genomicos-default-1.jpg","width":1200,"height":750},{"@type":"BreadcrumbList","@id":"https:\/\/sistemasgenomicos.com\/es\/producto\/d-i-autosomica-recesiva-secuenciacion-masiva-panel-de-27-genes-adat3-ank3-cc2d1a-cic-cradd-crbn-dlgap2-fto-grik2-herc2-man1b1-med23-nptx2-nsun2-prss12-qki-slc4a10-slc4a4-snip1-so\/#breadcrumb","itemListElement":[{"@type":"ListItem","position":1,"name":"Portada","item":"https:\/\/sistemasgenomicos.com\/es\/"},{"@type":"ListItem","position":2,"name":"Tienda","item":"https:\/\/sistemasgenomicos.com\/es\/tienda\/"},{"@type":"ListItem","position":3,"name":"D.I. Autosomica Recesiva. Secuenciaci\u00f3n masiva panel de 27 genes: ADAT3, ANK3, CC2D1A, CIC, CRADD, CRBN, DLGAP2, FTO, GRIK2, HERC2, MAN1B1, MED23, NPTX2, NSUN2, PRSS12, QKI, SLC4A10, SLC4A4, SNIP1, SOBP, ST3GAL3, TAF2, TECR, TRAPPC9, TTI2, TUSC3, ZNF526."}]},{"@type":"WebSite","@id":"https:\/\/sistemasgenomicos.com\/es\/#website","url":"https:\/\/sistemasgenomicos.com\/es\/","name":"Sistemas Gen\u00f3micos","description":"La mayor empresa dedicada a la investigaci\u00f3n gen\u00e9tica y molecular","publisher":{"@id":"https:\/\/sistemasgenomicos.com\/es\/#organization"},"potentialAction":[{"@type":"SearchAction","target":{"@type":"EntryPoint","urlTemplate":"https:\/\/sistemasgenomicos.com\/es\/?s={search_term_string}"},"query-input":{"@type":"PropertyValueSpecification","valueRequired":true,"valueName":"search_term_string"}}],"inLanguage":"es"},{"@type":"Organization","@id":"https:\/\/sistemasgenomicos.com\/es\/#organization","name":"Sistemas Gen\u00f3micos","url":"https:\/\/sistemasgenomicos.com\/es\/","logo":{"@type":"ImageObject","inLanguage":"es","@id":"https:\/\/sistemasgenomicos.com\/es\/#\/schema\/logo\/image\/","url":"https:\/\/sistemasgenomicos.com\/wp-content\/uploads\/2022\/04\/image001-1.png","contentUrl":"https:\/\/sistemasgenomicos.com\/wp-content\/uploads\/2022\/04\/image001-1.png","width":250,"height":122,"caption":"Sistemas Gen\u00f3micos"},"image":{"@id":"https:\/\/sistemasgenomicos.com\/es\/#\/schema\/logo\/image\/"}}]}},"_links":{"self":[{"href":"https:\/\/sistemasgenomicos.com\/es\/wp-json\/wp\/v2\/product\/45457","targetHints":{"allow":["GET"]}}],"collection":[{"href":"https:\/\/sistemasgenomicos.com\/es\/wp-json\/wp\/v2\/product"}],"about":[{"href":"https:\/\/sistemasgenomicos.com\/es\/wp-json\/wp\/v2\/types\/product"}],"wp:featuredmedia":[{"embeddable":true,"href":"https:\/\/sistemasgenomicos.com\/es\/wp-json\/wp\/v2\/media\/42665"}],"wp:attachment":[{"href":"https:\/\/sistemasgenomicos.com\/es\/wp-json\/wp\/v2\/media?parent=45457"}],"wp:term":[{"taxonomy":"product_brand","embeddable":true,"href":"https:\/\/sistemasgenomicos.com\/es\/wp-json\/wp\/v2\/product_brand?post=45457"},{"taxonomy":"product_cat","embeddable":true,"href":"https:\/\/sistemasgenomicos.com\/es\/wp-json\/wp\/v2\/product_cat?post=45457"},{"taxonomy":"product_tag","embeddable":true,"href":"https:\/\/sistemasgenomicos.com\/es\/wp-json\/wp\/v2\/product_tag?post=45457"}],"curies":[{"name":"wp","href":"https:\/\/api.w.org\/{rel}","templated":true}]}}