{"id":45455,"date":"2018-05-29T19:40:38","date_gmt":"2018-05-29T19:40:38","guid":{"rendered":"https:\/\/sistemasgenomicos.digitis.net\/tienda-online\/d-i-autosomica-dominante-secuenciacion-masiva-panel-de-68-genes-arid1a-arid1b-astn2-bex4-bzrap1-cacng2-cadm1-cadps2-camta1-cdh15-cdh8-cdh9-cntn4-csmd1-ctcf-ctnnb1-dcp2-dip2b-dlg1\/"},"modified":"2020-09-30T05:42:39","modified_gmt":"2020-09-30T03:42:39","slug":"d-i-autosomica-dominante-secuenciacion-masiva-panel-de-68-genes-arid1a-arid1b-astn2-bex4-bzrap1-cacng2-cadm1-cadps2-camta1-cdh15-cdh8-cdh9-cntn4-csmd1-ctcf-ctnnb1-dcp2-dip2b-dlg1","status":"publish","type":"product","link":"https:\/\/sistemasgenomicos.com\/es\/producto\/d-i-autosomica-dominante-secuenciacion-masiva-panel-de-68-genes-arid1a-arid1b-astn2-bex4-bzrap1-cacng2-cadm1-cadps2-camta1-cdh15-cdh8-cdh9-cntn4-csmd1-ctcf-ctnnb1-dcp2-dip2b-dlg1\/","title":{"rendered":"D.I. Autosomica Dominante. Secuenciaci\u00f3n masiva panel de 68 genes: ARID1A, ARID1B, ASTN2, BEX4, BZRAP1, CACNG2, CADM1, CADPS2, CAMTA1, CDH15, CDH8, CDH9, CNTN4, CSMD1, CTCF, CTNNB1, DCP2, DIP2B, DLG1, DLG4, DOCK8, DYNC1H1, DYRK1A, EHMT1, EPB41L1, FOXP1, FOXP2, FXR1, GATAD2B, GLO1, GLRA3, GRIA1, GRIA2, GRIA4, GRIN1, GRIN2A, GRIN2B, GTF2I, HDAC4, IGF1R, KCNC3, KDM5B, KIF1A, KIRREL3, MBD5, MEF2C, NBEA, NCS1, NPTX2, NR1I3, NUFIP1, NUFIP2, OTX1, PACS1, QKI, RBFOX1, REST, SCN8A, SEMA5A, SMARCA4, SMARCB1, SNAP25, SRGAP3, STX1A, SYNGAP1, ZBTB18, ZC3H14, ZNF385B."},"content":{"rendered":"","protected":false},"excerpt":{"rendered":"","protected":false},"featured_media":42665,"template":"","meta":[],"product_brand":[],"product_cat":[86,8679,8681,9355,9381,9465,9389],"product_tag":[22387],"class_list":{"0":"post-45455","1":"product","2":"type-product","3":"status-publish","4":"has-post-thumbnail","6":"gen-bzrap1","7":"gen-arid1b","8":"gen-dip2b","9":"gen-hdac4","10":"gen-dlg1","11":"gen-gtf2i","12":"gen-rbfox1","13":"gen-mef2c","14":"gen-cadps2","15":"gen-nufip1","16":"gen-rest","17":"gen-epb41l1","18":"gen-smarcb1","19":"gen-zc3h14","20":"gen-bex4","21":"gen-ctcf","22":"gen-stx1a","23":"gen-nptx2","24":"gen-dock8","25":"gen-ncs1","26":"gen-nufip2","27":"gen-qki","28":"gen-sema5a","29":"gen-cdh9","30":"gen-fxr1","31":"gen-foxp1","32":"gen-otx1","33":"gen-kdm5b","34":"gen-arid1a","35":"gen-gria2","36":"gen-glo1","37":"gen-smarca4","38":"gen-foxp2","39":"gen-cdh15","40":"gen-kif1a","41":"gen-kcnc3","42":"gen-dlg4","43":"gen-snap25","44":"gen-igf1r","45":"gen-nr1i3","46":"gen-gatad2b","47":"gen-znf385b","48":"gen-cntn4","49":"gen-glra3","50":"gen-astn2","51":"gen-kirrel3","52":"gen-cdh8","53":"gen-gria4","54":"gen-gria1","55":"gen-dyrk1a","56":"gen-cacng2","57":"gen-ctnnb1","58":"gen-camta1","59":"gen-dcp2","60":"gen-nbea","61":"gen-pacs1","62":"gen-grin1","63":"gen-zbtb18","64":"gen-ehmt1","65":"gen-cadm1","66":"gen-csmd1","67":"gen-grin2a","68":"gen-srgap3","69":"gen-scn8a","70":"gen-dync1h1","71":"gen-syngap1","72":"gen-mbd5","73":"gen-grin2b","74":"product_cat-analisis-y-estudios-geneticos","75":"product_cat-diagnostico-genetico-molecularn","76":"product_cat-diagnostico-genetico-por-secuenciacion-masiva","77":"product_cat-listado-de-enfermedades","78":"product_cat-neuropediatria-diagnostico-genetico-molecularn","79":"product_cat-paneles-de-discapacidad-intelectual-diagnostico-genetico-por-secuenciacion-masivan","80":"product_cat-pediatria-diagnostico-genetico-molecularn","81":"product_tag-discapacidad-intelectual790","83":"first","84":"instock","85":"taxable","86":"shipping-taxable","87":"product-type-simple"},"acf":[],"yoast_head":"<!-- This site is optimized with the Yoast SEO plugin v27.3 - https:\/\/yoast.com\/product\/yoast-seo-wordpress\/ -->\n<title>D.I. Autosomica Dominante. Secuenciaci\u00f3n masiva panel de 68 genes: ARID1A, ARID1B, ASTN2, BEX4, BZRAP1, CACNG2, CADM1, CADPS2, CAMTA1, CDH15, CDH8, CDH9, CNTN4, CSMD1, CTCF, CTNNB1, DCP2, DIP2B, DLG1, DLG4, DOCK8, DYNC1H1, DYRK1A, EHMT1, EPB41L1, FOXP1, FOXP2, FXR1, GATAD2B, GLO1, GLRA3, GRIA1, GRIA2, GRIA4, GRIN1, GRIN2A, GRIN2B, GTF2I, HDAC4, IGF1R, KCNC3, KDM5B, KIF1A, KIRREL3, MBD5, MEF2C, NBEA, NCS1, NPTX2, NR1I3, NUFIP1, NUFIP2, OTX1, PACS1, QKI, RBFOX1, REST, SCN8A, SEMA5A, SMARCA4, SMARCB1, SNAP25, SRGAP3, STX1A, SYNGAP1, ZBTB18, ZC3H14, ZNF385B. - Sistemas Gen\u00f3micos<\/title>\n<meta name=\"robots\" content=\"index, follow, max-snippet:-1, max-image-preview:large, max-video-preview:-1\" \/>\n<link rel=\"canonical\" href=\"https:\/\/sistemasgenomicos.com\/es\/producto\/d-i-autosomica-dominante-secuenciacion-masiva-panel-de-68-genes-arid1a-arid1b-astn2-bex4-bzrap1-cacng2-cadm1-cadps2-camta1-cdh15-cdh8-cdh9-cntn4-csmd1-ctcf-ctnnb1-dcp2-dip2b-dlg1\/\" \/>\n<meta property=\"og:locale\" content=\"es_ES\" \/>\n<meta property=\"og:type\" content=\"article\" \/>\n<meta property=\"og:title\" content=\"D.I. Autosomica Dominante. Secuenciaci\u00f3n masiva panel de 68 genes: ARID1A, ARID1B, ASTN2, BEX4, BZRAP1, CACNG2, CADM1, CADPS2, CAMTA1, CDH15, CDH8, CDH9, CNTN4, CSMD1, CTCF, CTNNB1, DCP2, DIP2B, DLG1, DLG4, DOCK8, DYNC1H1, DYRK1A, EHMT1, EPB41L1, FOXP1, FOXP2, FXR1, GATAD2B, GLO1, GLRA3, GRIA1, GRIA2, GRIA4, GRIN1, GRIN2A, GRIN2B, GTF2I, HDAC4, IGF1R, KCNC3, KDM5B, KIF1A, KIRREL3, MBD5, MEF2C, NBEA, NCS1, NPTX2, NR1I3, NUFIP1, NUFIP2, OTX1, PACS1, QKI, RBFOX1, REST, SCN8A, SEMA5A, SMARCA4, SMARCB1, SNAP25, SRGAP3, STX1A, SYNGAP1, ZBTB18, ZC3H14, ZNF385B. - Sistemas Gen\u00f3micos\" \/>\n<meta property=\"og:url\" content=\"https:\/\/sistemasgenomicos.com\/es\/producto\/d-i-autosomica-dominante-secuenciacion-masiva-panel-de-68-genes-arid1a-arid1b-astn2-bex4-bzrap1-cacng2-cadm1-cadps2-camta1-cdh15-cdh8-cdh9-cntn4-csmd1-ctcf-ctnnb1-dcp2-dip2b-dlg1\/\" \/>\n<meta property=\"og:site_name\" content=\"Sistemas Gen\u00f3micos\" \/>\n<meta property=\"article:modified_time\" content=\"2020-09-30T03:42:39+00:00\" \/>\n<meta property=\"og:image\" content=\"https:\/\/sistemasgenomicos.com\/wp-content\/uploads\/2018\/04\/logo-sistemas-genomicos-default-1.jpg\" \/>\n\t<meta property=\"og:image:width\" content=\"1200\" \/>\n\t<meta property=\"og:image:height\" content=\"750\" \/>\n\t<meta property=\"og:image:type\" content=\"image\/jpeg\" \/>\n<meta name=\"twitter:card\" content=\"summary_large_image\" \/>\n<script type=\"application\/ld+json\" class=\"yoast-schema-graph\">{\"@context\":\"https:\\\/\\\/schema.org\",\"@graph\":[{\"@type\":\"WebPage\",\"@id\":\"https:\\\/\\\/sistemasgenomicos.com\\\/es\\\/producto\\\/d-i-autosomica-dominante-secuenciacion-masiva-panel-de-68-genes-arid1a-arid1b-astn2-bex4-bzrap1-cacng2-cadm1-cadps2-camta1-cdh15-cdh8-cdh9-cntn4-csmd1-ctcf-ctnnb1-dcp2-dip2b-dlg1\\\/\",\"url\":\"https:\\\/\\\/sistemasgenomicos.com\\\/es\\\/producto\\\/d-i-autosomica-dominante-secuenciacion-masiva-panel-de-68-genes-arid1a-arid1b-astn2-bex4-bzrap1-cacng2-cadm1-cadps2-camta1-cdh15-cdh8-cdh9-cntn4-csmd1-ctcf-ctnnb1-dcp2-dip2b-dlg1\\\/\",\"name\":\"D.I. Autosomica Dominante. Secuenciaci\u00f3n masiva panel de 68 genes: ARID1A, ARID1B, ASTN2, BEX4, BZRAP1, CACNG2, CADM1, CADPS2, CAMTA1, CDH15, CDH8, CDH9, CNTN4, CSMD1, CTCF, CTNNB1, DCP2, DIP2B, DLG1, DLG4, DOCK8, DYNC1H1, DYRK1A, EHMT1, EPB41L1, FOXP1, FOXP2, FXR1, GATAD2B, GLO1, GLRA3, GRIA1, GRIA2, GRIA4, GRIN1, GRIN2A, GRIN2B, GTF2I, HDAC4, IGF1R, KCNC3, KDM5B, KIF1A, KIRREL3, MBD5, MEF2C, NBEA, NCS1, NPTX2, NR1I3, NUFIP1, NUFIP2, OTX1, PACS1, QKI, RBFOX1, REST, SCN8A, SEMA5A, SMARCA4, SMARCB1, SNAP25, SRGAP3, STX1A, SYNGAP1, ZBTB18, ZC3H14, ZNF385B. - Sistemas Gen\u00f3micos\",\"isPartOf\":{\"@id\":\"https:\\\/\\\/sistemasgenomicos.com\\\/es\\\/#website\"},\"primaryImageOfPage\":{\"@id\":\"https:\\\/\\\/sistemasgenomicos.com\\\/es\\\/producto\\\/d-i-autosomica-dominante-secuenciacion-masiva-panel-de-68-genes-arid1a-arid1b-astn2-bex4-bzrap1-cacng2-cadm1-cadps2-camta1-cdh15-cdh8-cdh9-cntn4-csmd1-ctcf-ctnnb1-dcp2-dip2b-dlg1\\\/#primaryimage\"},\"image\":{\"@id\":\"https:\\\/\\\/sistemasgenomicos.com\\\/es\\\/producto\\\/d-i-autosomica-dominante-secuenciacion-masiva-panel-de-68-genes-arid1a-arid1b-astn2-bex4-bzrap1-cacng2-cadm1-cadps2-camta1-cdh15-cdh8-cdh9-cntn4-csmd1-ctcf-ctnnb1-dcp2-dip2b-dlg1\\\/#primaryimage\"},\"thumbnailUrl\":\"https:\\\/\\\/sistemasgenomicos.com\\\/wp-content\\\/uploads\\\/2018\\\/04\\\/logo-sistemas-genomicos-default-1.jpg\",\"datePublished\":\"2018-05-29T19:40:38+00:00\",\"dateModified\":\"2020-09-30T03:42:39+00:00\",\"breadcrumb\":{\"@id\":\"https:\\\/\\\/sistemasgenomicos.com\\\/es\\\/producto\\\/d-i-autosomica-dominante-secuenciacion-masiva-panel-de-68-genes-arid1a-arid1b-astn2-bex4-bzrap1-cacng2-cadm1-cadps2-camta1-cdh15-cdh8-cdh9-cntn4-csmd1-ctcf-ctnnb1-dcp2-dip2b-dlg1\\\/#breadcrumb\"},\"inLanguage\":\"es\",\"potentialAction\":[{\"@type\":\"ReadAction\",\"target\":[\"https:\\\/\\\/sistemasgenomicos.com\\\/es\\\/producto\\\/d-i-autosomica-dominante-secuenciacion-masiva-panel-de-68-genes-arid1a-arid1b-astn2-bex4-bzrap1-cacng2-cadm1-cadps2-camta1-cdh15-cdh8-cdh9-cntn4-csmd1-ctcf-ctnnb1-dcp2-dip2b-dlg1\\\/\"]}]},{\"@type\":\"ImageObject\",\"inLanguage\":\"es\",\"@id\":\"https:\\\/\\\/sistemasgenomicos.com\\\/es\\\/producto\\\/d-i-autosomica-dominante-secuenciacion-masiva-panel-de-68-genes-arid1a-arid1b-astn2-bex4-bzrap1-cacng2-cadm1-cadps2-camta1-cdh15-cdh8-cdh9-cntn4-csmd1-ctcf-ctnnb1-dcp2-dip2b-dlg1\\\/#primaryimage\",\"url\":\"https:\\\/\\\/sistemasgenomicos.com\\\/wp-content\\\/uploads\\\/2018\\\/04\\\/logo-sistemas-genomicos-default-1.jpg\",\"contentUrl\":\"https:\\\/\\\/sistemasgenomicos.com\\\/wp-content\\\/uploads\\\/2018\\\/04\\\/logo-sistemas-genomicos-default-1.jpg\",\"width\":1200,\"height\":750},{\"@type\":\"BreadcrumbList\",\"@id\":\"https:\\\/\\\/sistemasgenomicos.com\\\/es\\\/producto\\\/d-i-autosomica-dominante-secuenciacion-masiva-panel-de-68-genes-arid1a-arid1b-astn2-bex4-bzrap1-cacng2-cadm1-cadps2-camta1-cdh15-cdh8-cdh9-cntn4-csmd1-ctcf-ctnnb1-dcp2-dip2b-dlg1\\\/#breadcrumb\",\"itemListElement\":[{\"@type\":\"ListItem\",\"position\":1,\"name\":\"Portada\",\"item\":\"https:\\\/\\\/sistemasgenomicos.com\\\/es\\\/\"},{\"@type\":\"ListItem\",\"position\":2,\"name\":\"Tienda\",\"item\":\"https:\\\/\\\/sistemasgenomicos.com\\\/es\\\/tienda\\\/\"},{\"@type\":\"ListItem\",\"position\":3,\"name\":\"D.I. Autosomica Dominante. Secuenciaci\u00f3n masiva panel de 68 genes: ARID1A, ARID1B, ASTN2, BEX4, BZRAP1, CACNG2, CADM1, CADPS2, CAMTA1, CDH15, CDH8, CDH9, CNTN4, CSMD1, CTCF, CTNNB1, DCP2, DIP2B, DLG1, DLG4, DOCK8, DYNC1H1, DYRK1A, EHMT1, EPB41L1, FOXP1, FOXP2, FXR1, GATAD2B, GLO1, GLRA3, GRIA1, GRIA2, GRIA4, GRIN1, GRIN2A, GRIN2B, GTF2I, HDAC4, IGF1R, KCNC3, KDM5B, KIF1A, KIRREL3, MBD5, MEF2C, NBEA, NCS1, NPTX2, NR1I3, NUFIP1, NUFIP2, OTX1, PACS1, QKI, RBFOX1, REST, SCN8A, SEMA5A, SMARCA4, SMARCB1, SNAP25, SRGAP3, STX1A, SYNGAP1, ZBTB18, ZC3H14, ZNF385B.\"}]},{\"@type\":\"WebSite\",\"@id\":\"https:\\\/\\\/sistemasgenomicos.com\\\/es\\\/#website\",\"url\":\"https:\\\/\\\/sistemasgenomicos.com\\\/es\\\/\",\"name\":\"Sistemas Gen\u00f3micos\",\"description\":\"La mayor empresa dedicada a la investigaci\u00f3n gen\u00e9tica y molecular\",\"publisher\":{\"@id\":\"https:\\\/\\\/sistemasgenomicos.com\\\/es\\\/#organization\"},\"potentialAction\":[{\"@type\":\"SearchAction\",\"target\":{\"@type\":\"EntryPoint\",\"urlTemplate\":\"https:\\\/\\\/sistemasgenomicos.com\\\/es\\\/?s={search_term_string}\"},\"query-input\":{\"@type\":\"PropertyValueSpecification\",\"valueRequired\":true,\"valueName\":\"search_term_string\"}}],\"inLanguage\":\"es\"},{\"@type\":\"Organization\",\"@id\":\"https:\\\/\\\/sistemasgenomicos.com\\\/es\\\/#organization\",\"name\":\"Sistemas Gen\u00f3micos\",\"url\":\"https:\\\/\\\/sistemasgenomicos.com\\\/es\\\/\",\"logo\":{\"@type\":\"ImageObject\",\"inLanguage\":\"es\",\"@id\":\"https:\\\/\\\/sistemasgenomicos.com\\\/es\\\/#\\\/schema\\\/logo\\\/image\\\/\",\"url\":\"https:\\\/\\\/sistemasgenomicos.com\\\/wp-content\\\/uploads\\\/2022\\\/04\\\/image001-1.png\",\"contentUrl\":\"https:\\\/\\\/sistemasgenomicos.com\\\/wp-content\\\/uploads\\\/2022\\\/04\\\/image001-1.png\",\"width\":250,\"height\":122,\"caption\":\"Sistemas Gen\u00f3micos\"},\"image\":{\"@id\":\"https:\\\/\\\/sistemasgenomicos.com\\\/es\\\/#\\\/schema\\\/logo\\\/image\\\/\"}}]}<\/script>\n<!-- \/ Yoast SEO plugin. -->","yoast_head_json":{"title":"D.I. Autosomica Dominante. Secuenciaci\u00f3n masiva panel de 68 genes: ARID1A, ARID1B, ASTN2, BEX4, BZRAP1, CACNG2, CADM1, CADPS2, CAMTA1, CDH15, CDH8, CDH9, CNTN4, CSMD1, CTCF, CTNNB1, DCP2, DIP2B, DLG1, DLG4, DOCK8, DYNC1H1, DYRK1A, EHMT1, EPB41L1, FOXP1, FOXP2, FXR1, GATAD2B, GLO1, GLRA3, GRIA1, GRIA2, GRIA4, GRIN1, GRIN2A, GRIN2B, GTF2I, HDAC4, IGF1R, KCNC3, KDM5B, KIF1A, KIRREL3, MBD5, MEF2C, NBEA, NCS1, NPTX2, NR1I3, NUFIP1, NUFIP2, OTX1, PACS1, QKI, RBFOX1, REST, SCN8A, SEMA5A, SMARCA4, SMARCB1, SNAP25, SRGAP3, STX1A, SYNGAP1, ZBTB18, ZC3H14, ZNF385B. - Sistemas Gen\u00f3micos","robots":{"index":"index","follow":"follow","max-snippet":"max-snippet:-1","max-image-preview":"max-image-preview:large","max-video-preview":"max-video-preview:-1"},"canonical":"https:\/\/sistemasgenomicos.com\/es\/producto\/d-i-autosomica-dominante-secuenciacion-masiva-panel-de-68-genes-arid1a-arid1b-astn2-bex4-bzrap1-cacng2-cadm1-cadps2-camta1-cdh15-cdh8-cdh9-cntn4-csmd1-ctcf-ctnnb1-dcp2-dip2b-dlg1\/","og_locale":"es_ES","og_type":"article","og_title":"D.I. Autosomica Dominante. Secuenciaci\u00f3n masiva panel de 68 genes: ARID1A, ARID1B, ASTN2, BEX4, BZRAP1, CACNG2, CADM1, CADPS2, CAMTA1, CDH15, CDH8, CDH9, CNTN4, CSMD1, CTCF, CTNNB1, DCP2, DIP2B, DLG1, DLG4, DOCK8, DYNC1H1, DYRK1A, EHMT1, EPB41L1, FOXP1, FOXP2, FXR1, GATAD2B, GLO1, GLRA3, GRIA1, GRIA2, GRIA4, GRIN1, GRIN2A, GRIN2B, GTF2I, HDAC4, IGF1R, KCNC3, KDM5B, KIF1A, KIRREL3, MBD5, MEF2C, NBEA, NCS1, NPTX2, NR1I3, NUFIP1, NUFIP2, OTX1, PACS1, QKI, RBFOX1, REST, SCN8A, SEMA5A, SMARCA4, SMARCB1, SNAP25, SRGAP3, STX1A, SYNGAP1, ZBTB18, ZC3H14, ZNF385B. - Sistemas Gen\u00f3micos","og_url":"https:\/\/sistemasgenomicos.com\/es\/producto\/d-i-autosomica-dominante-secuenciacion-masiva-panel-de-68-genes-arid1a-arid1b-astn2-bex4-bzrap1-cacng2-cadm1-cadps2-camta1-cdh15-cdh8-cdh9-cntn4-csmd1-ctcf-ctnnb1-dcp2-dip2b-dlg1\/","og_site_name":"Sistemas Gen\u00f3micos","article_modified_time":"2020-09-30T03:42:39+00:00","og_image":[{"width":1200,"height":750,"url":"https:\/\/sistemasgenomicos.com\/wp-content\/uploads\/2018\/04\/logo-sistemas-genomicos-default-1.jpg","type":"image\/jpeg"}],"twitter_card":"summary_large_image","schema":{"@context":"https:\/\/schema.org","@graph":[{"@type":"WebPage","@id":"https:\/\/sistemasgenomicos.com\/es\/producto\/d-i-autosomica-dominante-secuenciacion-masiva-panel-de-68-genes-arid1a-arid1b-astn2-bex4-bzrap1-cacng2-cadm1-cadps2-camta1-cdh15-cdh8-cdh9-cntn4-csmd1-ctcf-ctnnb1-dcp2-dip2b-dlg1\/","url":"https:\/\/sistemasgenomicos.com\/es\/producto\/d-i-autosomica-dominante-secuenciacion-masiva-panel-de-68-genes-arid1a-arid1b-astn2-bex4-bzrap1-cacng2-cadm1-cadps2-camta1-cdh15-cdh8-cdh9-cntn4-csmd1-ctcf-ctnnb1-dcp2-dip2b-dlg1\/","name":"D.I. Autosomica Dominante. Secuenciaci\u00f3n masiva panel de 68 genes: ARID1A, ARID1B, ASTN2, BEX4, BZRAP1, CACNG2, CADM1, CADPS2, CAMTA1, CDH15, CDH8, CDH9, CNTN4, CSMD1, CTCF, CTNNB1, DCP2, DIP2B, DLG1, DLG4, DOCK8, DYNC1H1, DYRK1A, EHMT1, EPB41L1, FOXP1, FOXP2, FXR1, GATAD2B, GLO1, GLRA3, GRIA1, GRIA2, GRIA4, GRIN1, GRIN2A, GRIN2B, GTF2I, HDAC4, IGF1R, KCNC3, KDM5B, KIF1A, KIRREL3, MBD5, MEF2C, NBEA, NCS1, NPTX2, NR1I3, NUFIP1, NUFIP2, OTX1, PACS1, QKI, RBFOX1, REST, SCN8A, SEMA5A, SMARCA4, SMARCB1, SNAP25, SRGAP3, STX1A, SYNGAP1, ZBTB18, ZC3H14, ZNF385B. - Sistemas Gen\u00f3micos","isPartOf":{"@id":"https:\/\/sistemasgenomicos.com\/es\/#website"},"primaryImageOfPage":{"@id":"https:\/\/sistemasgenomicos.com\/es\/producto\/d-i-autosomica-dominante-secuenciacion-masiva-panel-de-68-genes-arid1a-arid1b-astn2-bex4-bzrap1-cacng2-cadm1-cadps2-camta1-cdh15-cdh8-cdh9-cntn4-csmd1-ctcf-ctnnb1-dcp2-dip2b-dlg1\/#primaryimage"},"image":{"@id":"https:\/\/sistemasgenomicos.com\/es\/producto\/d-i-autosomica-dominante-secuenciacion-masiva-panel-de-68-genes-arid1a-arid1b-astn2-bex4-bzrap1-cacng2-cadm1-cadps2-camta1-cdh15-cdh8-cdh9-cntn4-csmd1-ctcf-ctnnb1-dcp2-dip2b-dlg1\/#primaryimage"},"thumbnailUrl":"https:\/\/sistemasgenomicos.com\/wp-content\/uploads\/2018\/04\/logo-sistemas-genomicos-default-1.jpg","datePublished":"2018-05-29T19:40:38+00:00","dateModified":"2020-09-30T03:42:39+00:00","breadcrumb":{"@id":"https:\/\/sistemasgenomicos.com\/es\/producto\/d-i-autosomica-dominante-secuenciacion-masiva-panel-de-68-genes-arid1a-arid1b-astn2-bex4-bzrap1-cacng2-cadm1-cadps2-camta1-cdh15-cdh8-cdh9-cntn4-csmd1-ctcf-ctnnb1-dcp2-dip2b-dlg1\/#breadcrumb"},"inLanguage":"es","potentialAction":[{"@type":"ReadAction","target":["https:\/\/sistemasgenomicos.com\/es\/producto\/d-i-autosomica-dominante-secuenciacion-masiva-panel-de-68-genes-arid1a-arid1b-astn2-bex4-bzrap1-cacng2-cadm1-cadps2-camta1-cdh15-cdh8-cdh9-cntn4-csmd1-ctcf-ctnnb1-dcp2-dip2b-dlg1\/"]}]},{"@type":"ImageObject","inLanguage":"es","@id":"https:\/\/sistemasgenomicos.com\/es\/producto\/d-i-autosomica-dominante-secuenciacion-masiva-panel-de-68-genes-arid1a-arid1b-astn2-bex4-bzrap1-cacng2-cadm1-cadps2-camta1-cdh15-cdh8-cdh9-cntn4-csmd1-ctcf-ctnnb1-dcp2-dip2b-dlg1\/#primaryimage","url":"https:\/\/sistemasgenomicos.com\/wp-content\/uploads\/2018\/04\/logo-sistemas-genomicos-default-1.jpg","contentUrl":"https:\/\/sistemasgenomicos.com\/wp-content\/uploads\/2018\/04\/logo-sistemas-genomicos-default-1.jpg","width":1200,"height":750},{"@type":"BreadcrumbList","@id":"https:\/\/sistemasgenomicos.com\/es\/producto\/d-i-autosomica-dominante-secuenciacion-masiva-panel-de-68-genes-arid1a-arid1b-astn2-bex4-bzrap1-cacng2-cadm1-cadps2-camta1-cdh15-cdh8-cdh9-cntn4-csmd1-ctcf-ctnnb1-dcp2-dip2b-dlg1\/#breadcrumb","itemListElement":[{"@type":"ListItem","position":1,"name":"Portada","item":"https:\/\/sistemasgenomicos.com\/es\/"},{"@type":"ListItem","position":2,"name":"Tienda","item":"https:\/\/sistemasgenomicos.com\/es\/tienda\/"},{"@type":"ListItem","position":3,"name":"D.I. Autosomica Dominante. Secuenciaci\u00f3n masiva panel de 68 genes: ARID1A, ARID1B, ASTN2, BEX4, BZRAP1, CACNG2, CADM1, CADPS2, CAMTA1, CDH15, CDH8, CDH9, CNTN4, CSMD1, CTCF, CTNNB1, DCP2, DIP2B, DLG1, DLG4, DOCK8, DYNC1H1, DYRK1A, EHMT1, EPB41L1, FOXP1, FOXP2, FXR1, GATAD2B, GLO1, GLRA3, GRIA1, GRIA2, GRIA4, GRIN1, GRIN2A, GRIN2B, GTF2I, HDAC4, IGF1R, KCNC3, KDM5B, KIF1A, KIRREL3, MBD5, MEF2C, NBEA, NCS1, NPTX2, NR1I3, NUFIP1, NUFIP2, OTX1, PACS1, QKI, RBFOX1, REST, SCN8A, SEMA5A, SMARCA4, SMARCB1, SNAP25, SRGAP3, STX1A, SYNGAP1, ZBTB18, ZC3H14, ZNF385B."}]},{"@type":"WebSite","@id":"https:\/\/sistemasgenomicos.com\/es\/#website","url":"https:\/\/sistemasgenomicos.com\/es\/","name":"Sistemas Gen\u00f3micos","description":"La mayor empresa dedicada a la investigaci\u00f3n gen\u00e9tica y molecular","publisher":{"@id":"https:\/\/sistemasgenomicos.com\/es\/#organization"},"potentialAction":[{"@type":"SearchAction","target":{"@type":"EntryPoint","urlTemplate":"https:\/\/sistemasgenomicos.com\/es\/?s={search_term_string}"},"query-input":{"@type":"PropertyValueSpecification","valueRequired":true,"valueName":"search_term_string"}}],"inLanguage":"es"},{"@type":"Organization","@id":"https:\/\/sistemasgenomicos.com\/es\/#organization","name":"Sistemas Gen\u00f3micos","url":"https:\/\/sistemasgenomicos.com\/es\/","logo":{"@type":"ImageObject","inLanguage":"es","@id":"https:\/\/sistemasgenomicos.com\/es\/#\/schema\/logo\/image\/","url":"https:\/\/sistemasgenomicos.com\/wp-content\/uploads\/2022\/04\/image001-1.png","contentUrl":"https:\/\/sistemasgenomicos.com\/wp-content\/uploads\/2022\/04\/image001-1.png","width":250,"height":122,"caption":"Sistemas Gen\u00f3micos"},"image":{"@id":"https:\/\/sistemasgenomicos.com\/es\/#\/schema\/logo\/image\/"}}]}},"_links":{"self":[{"href":"https:\/\/sistemasgenomicos.com\/es\/wp-json\/wp\/v2\/product\/45455","targetHints":{"allow":["GET"]}}],"collection":[{"href":"https:\/\/sistemasgenomicos.com\/es\/wp-json\/wp\/v2\/product"}],"about":[{"href":"https:\/\/sistemasgenomicos.com\/es\/wp-json\/wp\/v2\/types\/product"}],"wp:featuredmedia":[{"embeddable":true,"href":"https:\/\/sistemasgenomicos.com\/es\/wp-json\/wp\/v2\/media\/42665"}],"wp:attachment":[{"href":"https:\/\/sistemasgenomicos.com\/es\/wp-json\/wp\/v2\/media?parent=45455"}],"wp:term":[{"taxonomy":"product_brand","embeddable":true,"href":"https:\/\/sistemasgenomicos.com\/es\/wp-json\/wp\/v2\/product_brand?post=45455"},{"taxonomy":"product_cat","embeddable":true,"href":"https:\/\/sistemasgenomicos.com\/es\/wp-json\/wp\/v2\/product_cat?post=45455"},{"taxonomy":"product_tag","embeddable":true,"href":"https:\/\/sistemasgenomicos.com\/es\/wp-json\/wp\/v2\/product_tag?post=45455"}],"curies":[{"name":"wp","href":"https:\/\/api.w.org\/{rel}","templated":true}]}}