{"id":45419,"date":"2018-05-29T19:40:26","date_gmt":"2018-05-29T19:40:26","guid":{"rendered":"https:\/\/sistemasgenomicos.digitis.net\/tienda-online\/secuenciacion-masiva-panel-de-6-genes-adar4-rnaseh2a-rnaseh2b-rnaseh2c-samhd1-trex1\/"},"modified":"2020-09-30T05:42:33","modified_gmt":"2020-09-30T03:42:33","slug":"secuenciacion-masiva-panel-de-6-genes-adar4-rnaseh2a-rnaseh2b-rnaseh2c-samhd1-trex1","status":"publish","type":"product","link":"https:\/\/sistemasgenomicos.com\/es\/producto\/secuenciacion-masiva-panel-de-6-genes-adar4-rnaseh2a-rnaseh2b-rnaseh2c-samhd1-trex1\/","title":{"rendered":"Secuenciaci\u00f3n masiva panel de 6 genes: ADAR4, RNASEH2A, RNASEH2B, RNASEH2C, SAMHD1, TREX1"},"content":{"rendered":"","protected":false},"excerpt":{"rendered":"","protected":false},"featured_media":42665,"template":"","meta":[],"product_brand":[],"product_cat":[86,8679,9355,9375,9381,9389],"product_tag":[22439],"class_list":{"0":"post-45419","1":"product","2":"type-product","3":"status-publish","4":"has-post-thumbnail","6":"gen-samhd1","7":"gen-rnaseh2a","8":"gen-rnaseh2b","9":"gen-adar","10":"gen-rnaseh2c","11":"gen-trex1","12":"product_cat-analisis-y-estudios-geneticos","13":"product_cat-diagnostico-genetico-molecularn","14":"product_cat-listado-de-enfermedades","15":"product_cat-neonatologia-diagnostico-genetico-molecularn","16":"product_cat-neuropediatria-diagnostico-genetico-molecularn","17":"product_cat-pediatria-diagnostico-genetico-molecularn","18":"product_tag-aicardi-goutieres-sindrome813","20":"first","21":"instock","22":"taxable","23":"shipping-taxable","24":"product-type-simple"},"acf":[],"yoast_head":"<!-- This site is optimized with the Yoast SEO plugin v27.3 - https:\/\/yoast.com\/product\/yoast-seo-wordpress\/ -->\n<title>Secuenciaci\u00f3n masiva panel de 6 genes: ADAR4, RNASEH2A, RNASEH2B, RNASEH2C, SAMHD1, TREX1 - Sistemas Gen\u00f3micos<\/title>\n<meta name=\"robots\" content=\"index, follow, max-snippet:-1, max-image-preview:large, max-video-preview:-1\" \/>\n<link rel=\"canonical\" href=\"https:\/\/sistemasgenomicos.com\/es\/producto\/secuenciacion-masiva-panel-de-6-genes-adar4-rnaseh2a-rnaseh2b-rnaseh2c-samhd1-trex1\/\" \/>\n<meta property=\"og:locale\" content=\"es_ES\" \/>\n<meta property=\"og:type\" content=\"article\" \/>\n<meta property=\"og:title\" content=\"Secuenciaci\u00f3n masiva panel de 6 genes: ADAR4, RNASEH2A, RNASEH2B, RNASEH2C, SAMHD1, TREX1 - Sistemas Gen\u00f3micos\" \/>\n<meta property=\"og:url\" content=\"https:\/\/sistemasgenomicos.com\/es\/producto\/secuenciacion-masiva-panel-de-6-genes-adar4-rnaseh2a-rnaseh2b-rnaseh2c-samhd1-trex1\/\" \/>\n<meta property=\"og:site_name\" content=\"Sistemas Gen\u00f3micos\" \/>\n<meta property=\"article:modified_time\" content=\"2020-09-30T03:42:33+00:00\" \/>\n<meta property=\"og:image\" content=\"https:\/\/sistemasgenomicos.com\/wp-content\/uploads\/2018\/04\/logo-sistemas-genomicos-default-1.jpg\" \/>\n\t<meta property=\"og:image:width\" content=\"1200\" \/>\n\t<meta property=\"og:image:height\" content=\"750\" \/>\n\t<meta property=\"og:image:type\" content=\"image\/jpeg\" \/>\n<meta name=\"twitter:card\" content=\"summary_large_image\" \/>\n<script type=\"application\/ld+json\" class=\"yoast-schema-graph\">{\"@context\":\"https:\\\/\\\/schema.org\",\"@graph\":[{\"@type\":\"WebPage\",\"@id\":\"https:\\\/\\\/sistemasgenomicos.com\\\/es\\\/producto\\\/secuenciacion-masiva-panel-de-6-genes-adar4-rnaseh2a-rnaseh2b-rnaseh2c-samhd1-trex1\\\/\",\"url\":\"https:\\\/\\\/sistemasgenomicos.com\\\/es\\\/producto\\\/secuenciacion-masiva-panel-de-6-genes-adar4-rnaseh2a-rnaseh2b-rnaseh2c-samhd1-trex1\\\/\",\"name\":\"Secuenciaci\u00f3n masiva panel de 6 genes: ADAR4, RNASEH2A, RNASEH2B, RNASEH2C, SAMHD1, TREX1 - Sistemas Gen\u00f3micos\",\"isPartOf\":{\"@id\":\"https:\\\/\\\/sistemasgenomicos.com\\\/es\\\/#website\"},\"primaryImageOfPage\":{\"@id\":\"https:\\\/\\\/sistemasgenomicos.com\\\/es\\\/producto\\\/secuenciacion-masiva-panel-de-6-genes-adar4-rnaseh2a-rnaseh2b-rnaseh2c-samhd1-trex1\\\/#primaryimage\"},\"image\":{\"@id\":\"https:\\\/\\\/sistemasgenomicos.com\\\/es\\\/producto\\\/secuenciacion-masiva-panel-de-6-genes-adar4-rnaseh2a-rnaseh2b-rnaseh2c-samhd1-trex1\\\/#primaryimage\"},\"thumbnailUrl\":\"https:\\\/\\\/sistemasgenomicos.com\\\/wp-content\\\/uploads\\\/2018\\\/04\\\/logo-sistemas-genomicos-default-1.jpg\",\"datePublished\":\"2018-05-29T19:40:26+00:00\",\"dateModified\":\"2020-09-30T03:42:33+00:00\",\"breadcrumb\":{\"@id\":\"https:\\\/\\\/sistemasgenomicos.com\\\/es\\\/producto\\\/secuenciacion-masiva-panel-de-6-genes-adar4-rnaseh2a-rnaseh2b-rnaseh2c-samhd1-trex1\\\/#breadcrumb\"},\"inLanguage\":\"es\",\"potentialAction\":[{\"@type\":\"ReadAction\",\"target\":[\"https:\\\/\\\/sistemasgenomicos.com\\\/es\\\/producto\\\/secuenciacion-masiva-panel-de-6-genes-adar4-rnaseh2a-rnaseh2b-rnaseh2c-samhd1-trex1\\\/\"]}]},{\"@type\":\"ImageObject\",\"inLanguage\":\"es\",\"@id\":\"https:\\\/\\\/sistemasgenomicos.com\\\/es\\\/producto\\\/secuenciacion-masiva-panel-de-6-genes-adar4-rnaseh2a-rnaseh2b-rnaseh2c-samhd1-trex1\\\/#primaryimage\",\"url\":\"https:\\\/\\\/sistemasgenomicos.com\\\/wp-content\\\/uploads\\\/2018\\\/04\\\/logo-sistemas-genomicos-default-1.jpg\",\"contentUrl\":\"https:\\\/\\\/sistemasgenomicos.com\\\/wp-content\\\/uploads\\\/2018\\\/04\\\/logo-sistemas-genomicos-default-1.jpg\",\"width\":1200,\"height\":750},{\"@type\":\"BreadcrumbList\",\"@id\":\"https:\\\/\\\/sistemasgenomicos.com\\\/es\\\/producto\\\/secuenciacion-masiva-panel-de-6-genes-adar4-rnaseh2a-rnaseh2b-rnaseh2c-samhd1-trex1\\\/#breadcrumb\",\"itemListElement\":[{\"@type\":\"ListItem\",\"position\":1,\"name\":\"Portada\",\"item\":\"https:\\\/\\\/sistemasgenomicos.com\\\/es\\\/\"},{\"@type\":\"ListItem\",\"position\":2,\"name\":\"Tienda\",\"item\":\"https:\\\/\\\/sistemasgenomicos.com\\\/es\\\/tienda\\\/\"},{\"@type\":\"ListItem\",\"position\":3,\"name\":\"Secuenciaci\u00f3n masiva panel de 6 genes: ADAR4, RNASEH2A, RNASEH2B, RNASEH2C, SAMHD1, TREX1\"}]},{\"@type\":\"WebSite\",\"@id\":\"https:\\\/\\\/sistemasgenomicos.com\\\/es\\\/#website\",\"url\":\"https:\\\/\\\/sistemasgenomicos.com\\\/es\\\/\",\"name\":\"Sistemas Gen\u00f3micos\",\"description\":\"La mayor empresa dedicada a la investigaci\u00f3n gen\u00e9tica y molecular\",\"publisher\":{\"@id\":\"https:\\\/\\\/sistemasgenomicos.com\\\/es\\\/#organization\"},\"potentialAction\":[{\"@type\":\"SearchAction\",\"target\":{\"@type\":\"EntryPoint\",\"urlTemplate\":\"https:\\\/\\\/sistemasgenomicos.com\\\/es\\\/?s={search_term_string}\"},\"query-input\":{\"@type\":\"PropertyValueSpecification\",\"valueRequired\":true,\"valueName\":\"search_term_string\"}}],\"inLanguage\":\"es\"},{\"@type\":\"Organization\",\"@id\":\"https:\\\/\\\/sistemasgenomicos.com\\\/es\\\/#organization\",\"name\":\"Sistemas Gen\u00f3micos\",\"url\":\"https:\\\/\\\/sistemasgenomicos.com\\\/es\\\/\",\"logo\":{\"@type\":\"ImageObject\",\"inLanguage\":\"es\",\"@id\":\"https:\\\/\\\/sistemasgenomicos.com\\\/es\\\/#\\\/schema\\\/logo\\\/image\\\/\",\"url\":\"https:\\\/\\\/sistemasgenomicos.com\\\/wp-content\\\/uploads\\\/2022\\\/04\\\/image001-1.png\",\"contentUrl\":\"https:\\\/\\\/sistemasgenomicos.com\\\/wp-content\\\/uploads\\\/2022\\\/04\\\/image001-1.png\",\"width\":250,\"height\":122,\"caption\":\"Sistemas Gen\u00f3micos\"},\"image\":{\"@id\":\"https:\\\/\\\/sistemasgenomicos.com\\\/es\\\/#\\\/schema\\\/logo\\\/image\\\/\"}}]}<\/script>\n<!-- \/ Yoast SEO plugin. -->","yoast_head_json":{"title":"Secuenciaci\u00f3n masiva panel de 6 genes: ADAR4, RNASEH2A, RNASEH2B, RNASEH2C, SAMHD1, TREX1 - Sistemas Gen\u00f3micos","robots":{"index":"index","follow":"follow","max-snippet":"max-snippet:-1","max-image-preview":"max-image-preview:large","max-video-preview":"max-video-preview:-1"},"canonical":"https:\/\/sistemasgenomicos.com\/es\/producto\/secuenciacion-masiva-panel-de-6-genes-adar4-rnaseh2a-rnaseh2b-rnaseh2c-samhd1-trex1\/","og_locale":"es_ES","og_type":"article","og_title":"Secuenciaci\u00f3n masiva panel de 6 genes: ADAR4, RNASEH2A, RNASEH2B, RNASEH2C, SAMHD1, TREX1 - Sistemas Gen\u00f3micos","og_url":"https:\/\/sistemasgenomicos.com\/es\/producto\/secuenciacion-masiva-panel-de-6-genes-adar4-rnaseh2a-rnaseh2b-rnaseh2c-samhd1-trex1\/","og_site_name":"Sistemas Gen\u00f3micos","article_modified_time":"2020-09-30T03:42:33+00:00","og_image":[{"width":1200,"height":750,"url":"https:\/\/sistemasgenomicos.com\/wp-content\/uploads\/2018\/04\/logo-sistemas-genomicos-default-1.jpg","type":"image\/jpeg"}],"twitter_card":"summary_large_image","schema":{"@context":"https:\/\/schema.org","@graph":[{"@type":"WebPage","@id":"https:\/\/sistemasgenomicos.com\/es\/producto\/secuenciacion-masiva-panel-de-6-genes-adar4-rnaseh2a-rnaseh2b-rnaseh2c-samhd1-trex1\/","url":"https:\/\/sistemasgenomicos.com\/es\/producto\/secuenciacion-masiva-panel-de-6-genes-adar4-rnaseh2a-rnaseh2b-rnaseh2c-samhd1-trex1\/","name":"Secuenciaci\u00f3n masiva panel de 6 genes: ADAR4, RNASEH2A, RNASEH2B, RNASEH2C, SAMHD1, TREX1 - Sistemas Gen\u00f3micos","isPartOf":{"@id":"https:\/\/sistemasgenomicos.com\/es\/#website"},"primaryImageOfPage":{"@id":"https:\/\/sistemasgenomicos.com\/es\/producto\/secuenciacion-masiva-panel-de-6-genes-adar4-rnaseh2a-rnaseh2b-rnaseh2c-samhd1-trex1\/#primaryimage"},"image":{"@id":"https:\/\/sistemasgenomicos.com\/es\/producto\/secuenciacion-masiva-panel-de-6-genes-adar4-rnaseh2a-rnaseh2b-rnaseh2c-samhd1-trex1\/#primaryimage"},"thumbnailUrl":"https:\/\/sistemasgenomicos.com\/wp-content\/uploads\/2018\/04\/logo-sistemas-genomicos-default-1.jpg","datePublished":"2018-05-29T19:40:26+00:00","dateModified":"2020-09-30T03:42:33+00:00","breadcrumb":{"@id":"https:\/\/sistemasgenomicos.com\/es\/producto\/secuenciacion-masiva-panel-de-6-genes-adar4-rnaseh2a-rnaseh2b-rnaseh2c-samhd1-trex1\/#breadcrumb"},"inLanguage":"es","potentialAction":[{"@type":"ReadAction","target":["https:\/\/sistemasgenomicos.com\/es\/producto\/secuenciacion-masiva-panel-de-6-genes-adar4-rnaseh2a-rnaseh2b-rnaseh2c-samhd1-trex1\/"]}]},{"@type":"ImageObject","inLanguage":"es","@id":"https:\/\/sistemasgenomicos.com\/es\/producto\/secuenciacion-masiva-panel-de-6-genes-adar4-rnaseh2a-rnaseh2b-rnaseh2c-samhd1-trex1\/#primaryimage","url":"https:\/\/sistemasgenomicos.com\/wp-content\/uploads\/2018\/04\/logo-sistemas-genomicos-default-1.jpg","contentUrl":"https:\/\/sistemasgenomicos.com\/wp-content\/uploads\/2018\/04\/logo-sistemas-genomicos-default-1.jpg","width":1200,"height":750},{"@type":"BreadcrumbList","@id":"https:\/\/sistemasgenomicos.com\/es\/producto\/secuenciacion-masiva-panel-de-6-genes-adar4-rnaseh2a-rnaseh2b-rnaseh2c-samhd1-trex1\/#breadcrumb","itemListElement":[{"@type":"ListItem","position":1,"name":"Portada","item":"https:\/\/sistemasgenomicos.com\/es\/"},{"@type":"ListItem","position":2,"name":"Tienda","item":"https:\/\/sistemasgenomicos.com\/es\/tienda\/"},{"@type":"ListItem","position":3,"name":"Secuenciaci\u00f3n masiva panel de 6 genes: ADAR4, RNASEH2A, RNASEH2B, RNASEH2C, SAMHD1, TREX1"}]},{"@type":"WebSite","@id":"https:\/\/sistemasgenomicos.com\/es\/#website","url":"https:\/\/sistemasgenomicos.com\/es\/","name":"Sistemas Gen\u00f3micos","description":"La mayor empresa dedicada a la investigaci\u00f3n gen\u00e9tica y molecular","publisher":{"@id":"https:\/\/sistemasgenomicos.com\/es\/#organization"},"potentialAction":[{"@type":"SearchAction","target":{"@type":"EntryPoint","urlTemplate":"https:\/\/sistemasgenomicos.com\/es\/?s={search_term_string}"},"query-input":{"@type":"PropertyValueSpecification","valueRequired":true,"valueName":"search_term_string"}}],"inLanguage":"es"},{"@type":"Organization","@id":"https:\/\/sistemasgenomicos.com\/es\/#organization","name":"Sistemas Gen\u00f3micos","url":"https:\/\/sistemasgenomicos.com\/es\/","logo":{"@type":"ImageObject","inLanguage":"es","@id":"https:\/\/sistemasgenomicos.com\/es\/#\/schema\/logo\/image\/","url":"https:\/\/sistemasgenomicos.com\/wp-content\/uploads\/2022\/04\/image001-1.png","contentUrl":"https:\/\/sistemasgenomicos.com\/wp-content\/uploads\/2022\/04\/image001-1.png","width":250,"height":122,"caption":"Sistemas Gen\u00f3micos"},"image":{"@id":"https:\/\/sistemasgenomicos.com\/es\/#\/schema\/logo\/image\/"}}]}},"_links":{"self":[{"href":"https:\/\/sistemasgenomicos.com\/es\/wp-json\/wp\/v2\/product\/45419","targetHints":{"allow":["GET"]}}],"collection":[{"href":"https:\/\/sistemasgenomicos.com\/es\/wp-json\/wp\/v2\/product"}],"about":[{"href":"https:\/\/sistemasgenomicos.com\/es\/wp-json\/wp\/v2\/types\/product"}],"wp:featuredmedia":[{"embeddable":true,"href":"https:\/\/sistemasgenomicos.com\/es\/wp-json\/wp\/v2\/media\/42665"}],"wp:attachment":[{"href":"https:\/\/sistemasgenomicos.com\/es\/wp-json\/wp\/v2\/media?parent=45419"}],"wp:term":[{"taxonomy":"product_brand","embeddable":true,"href":"https:\/\/sistemasgenomicos.com\/es\/wp-json\/wp\/v2\/product_brand?post=45419"},{"taxonomy":"product_cat","embeddable":true,"href":"https:\/\/sistemasgenomicos.com\/es\/wp-json\/wp\/v2\/product_cat?post=45419"},{"taxonomy":"product_tag","embeddable":true,"href":"https:\/\/sistemasgenomicos.com\/es\/wp-json\/wp\/v2\/product_tag?post=45419"}],"curies":[{"name":"wp","href":"https:\/\/api.w.org\/{rel}","templated":true}]}}