{"id":45313,"date":"2018-05-29T19:20:26","date_gmt":"2018-05-29T19:20:26","guid":{"rendered":"https:\/\/sistemasgenomicos.digitis.net\/tienda-online\/di-genesgkit-505-genes-12-reacciones\/"},"modified":"2020-09-30T05:42:15","modified_gmt":"2020-09-30T03:42:15","slug":"di-genesgkit-505-genes-12-reacciones","status":"publish","type":"product","link":"https:\/\/sistemasgenomicos.com\/es\/producto\/di-genesgkit-505-genes-12-reacciones\/","title":{"rendered":"DI-GeneSGKit. 505 Genes. 12 Reacciones"},"content":{"rendered":"","protected":false},"excerpt":{"rendered":"","protected":false},"featured_media":42665,"template":"","meta":[],"product_brand":[],"product_cat":[9470,8703,47],"product_tag":[24188],"class_list":{"0":"post-45313","1":"product","2":"type-product","3":"status-publish","4":"has-post-thumbnail","6":"gen-arx","7":"gen-hccs","8":"gen-crebbp","9":"gen-bzrap1","10":"gen-sox8","11":"gen-lamp2","12":"gen-pafah1b1","13":"gen-pax6","14":"gen-syn1","15":"gen-cdkl5","16":"gen-nfix","17":"gen-pomt2","18":"gen-ids","19":"gen-mks1","20":"gen-mbtps2","21":"gen-polr3b","22":"gen-ccdc88c","23":"gen-igf1","24":"gen-snai2","25":"gen-pex3","26":"gen-otc","27":"gen-nsun2","28":"gen-pnkp","29":"gen-zic2","30":"gen-ofd1","31":"gen-dtnbp1","32":"gen-cc2d2a","33":"gen-arid1b","34":"gen-kiaa2022","35":"gen-alx4","36":"gen-sdccag8","37":"gen-foxc1","38":"gen-aldh18a1","39":"gen-pigv","40":"gen-cdon","41":"gen-taf2","42":"gen-dip2b","43":"gen-aspm","44":"gen-fgfr2","45":"gen-rogdi","46":"gen-hdac4","47":"gen-fgfr3","48":"gen-coasy","49":"gen-acsl4","50":"gen-ftsj1","51":"gen-maob","52":"gen-tcof1","53":"gen-zfyve26","54":"gen-rps6ka6","55":"gen-trpc5","56":"gen-smc1a","57":"gen-hsd17b10","58":"gen-smarce1","59":"gen-gli2","60":"gen-bcs1l","61":"gen-actb","62":"gen-wdr62","63":"gen-dlg1","64":"gen-gpc4","65":"gen-pak3","66":"gen-dcx","67":"gen-tyr","68":"gen-ube2a","69":"gen-gtf2i","70":"gen-rbfox1","71":"gen-cic","72":"gen-ophn1","73":"gen-slc4a4","74":"gen-mef2c","75":"gen-cadps2","76":"gen-dlg3","77":"gen-nufip1","78":"gen-rest","79":"gen-atrx","80":"gen-pomgnt1","81":"gen-huwe1","82":"gen-ftl","83":"gen-gnas","84":"gen-epb41l1","85":"gen-igbp1","86":"gen-nrcam","87":"gen-lamb1","88":"gen-hdac6","89":"gen-rab18","90":"gen-tecr","91":"gen-smarcb1","92":"gen-hps4","93":"gen-sox10","94":"gen-cyb5r3","95":"gen-nin","96":"gen-zc3h14","97":"gen-vrk1","98":"gen-samhd1","99":"gen-jag1","100":"gen-rbbp8","101":"gen-mid1","102":"gen-ammecr1","103":"gen-abcd1","104":"gen-ccdc22","105":"gen-syp","106":"gen-naa10","107":"gen-fmr1","108":"gen-pqbp1","109":"gen-rab40al","110":"gen-pgk1","111":"gen-magt1","112":"gen-sms","113":"gen-cdk16","114":"gen-gabre","115":"gen-fgd1","116":"gen-porcn","117":"gen-klf8","118":"gen-srpx2","119":"gen-zdhhc15","120":"gen-bex4","121":"gen-nalcn","122":"gen-slc25a15","123":"gen-znf423","124":"gen-ctcf","125":"gen-sall1","126":"gen-rpgrip1l","127":"gen-bckdk","128":"gen-cep152","129":"gen-bloc1s6","130":"gen-cspp1","131":"gen-ca2","132":"gen-tusc3","133":"gen-tubb4a","134":"gen-rnaseh2a","135":"gen-pik3r2","136":"gen-hoxa1","137":"gen-stx1a","138":"gen-nptx2","139":"gen-ap1s1","140":"gen-ezh2","141":"gen-cep41","142":"gen-gck","143":"gen-limk1","144":"gen-fktn","145":"gen-dock8","146":"gen-kank1","147":"gen-ncs1","148":"gen-mpdz","149":"gen-exosc3","150":"gen-hps1","151":"gen-dkk1","152":"gen-smc3","153":"gen-nufip2","154":"gen-pigl","155":"gen-rai1","156":"gen-b9d1","157":"gen-pex12","158":"gen-sgca","159":"gen-ywhae","160":"gen-phox2b","161":"gen-sepsecs","162":"gen-glrb","163":"gen-zbtb16","164":"gen-sc5d","165":"gen-folr1","166":"gen-pvrl1","167":"gen-hps5","168":"gen-c12orf57","169":"gen-phc1","170":"gen-med23","171":"gen-sobp","172":"gen-pex7","173":"gen-zbtb24","174":"gen-qki","175":"gen-sema5a","176":"gen-cdh9","177":"gen-crbn","178":"gen-nphp3","179":"gen-ube3a","180":"gen-wnt5a","181":"gen-fxr1","182":"gen-foxp1","183":"gen-otx1","184":"gen-dcaf17","185":"gen-rab3gap1","186":"gen-slc25a12","187":"gen-dars","188":"gen-mtr","189":"gen-akt3","190":"gen-kdm5b","191":"gen-slc2a1","192":"gen-dars2","193":"gen-slc35a3","194":"gen-arid1a","195":"gen-elovl4","196":"gen-tmem5","197":"gen-rab3gap2","198":"gen-satb2","199":"gen-invs","200":"gen-tctn3","201":"gen-kansl1","202":"gen-gria2","203":"gen-sil1","204":"gen-pex16","205":"gen-ocrl","206":"gen-fam126a","207":"gen-stil","208":"gen-plp1","209":"gen-ttc21b","210":"gen-b9d2","211":"gen-edn3","212":"gen-iqsec2","213":"gen-stambp","214":"gen-ndp","215":"gen-pex6","216":"gen-glo1","217":"gen-upf3b","218":"gen-ndufa1","219":"gen-gria3","220":"gen-pank2","221":"gen-mkks","222":"gen-tbc1d20","223":"gen-kdm5c","224":"gen-st3gal3","225":"gen-nxf5","226":"gen-timm8a","227":"gen-zc4h2","228":"gen-smarca4","229":"gen-pex1","230":"gen-srd5a3","231":"gen-foxp2","232":"gen-gad1","233":"gen-herc2","234":"gen-arhgef6","235":"gen-tti2","236":"gen-cdh15","237":"gen-gamt","238":"gen-kif1a","239":"gen-sco2","240":"gen-pomt1","241":"gen-slc6a8","242":"gen-dkc1","243":"gen-plxna3","244":"gen-c12orf65","245":"gen-arhgef9","246":"gen-chmp1a","247":"gen-kcnc3","248":"gen-ca6","249":"gen-pex11b","250":"gen-pdha1","251":"gen-mccc2","252":"gen-c19orf12","253":"gen-cc2d1a","254":"gen-dlg4","255":"gen-vps13b","256":"gen-snap25","257":"gen-ap3b1","258":"gen-atp8a2","259":"gen-large","260":"gen-chl1","261":"gen-notch2","262":"gen-mycn","263":"gen-sox3","264":"gen-tbx3","265":"gen-itga7","266":"gen-ahi1","267":"gen-pax3","268":"gen-cyp27a1","269":"gen-rnaseh2b","270":"gen-ednrb","271":"gen-stxbp1","272":"gen-cdk5rap2","273":"gen-tfap2a","274":"gen-tubb2b","275":"gen-casc5","276":"gen-stra6","277":"gen-six3","278":"gen-kif11","279":"gen-pex5","280":"gen-ascl1","281":"gen-igf1r","282":"gen-fto","283":"gen-ccdc40","284":"gen-dym","285":"gen-pex14","286":"gen-tmco1","287":"gen-ppox","288":"gen-nr1i3","289":"gen-gatad2b","290":"gen-nphp1","291":"gen-slc4a10","292":"gen-znf385b","293":"gen-hspd1","294":"gen-gmppa","295":"gen-cntn4","296":"gen-pomgnt2","297":"gen-glra3","298":"gen-rars2","299":"gen-nlgn4x","300":"gen-cask","301":"gen-kdm6a","302":"gen-hdac8","303":"gen-slc16a2","304":"gen-znf41","305":"gen-zmym3","306":"gen-znf711","307":"gen-prps1","308":"gen-gpc3","309":"gen-mcph1","310":"gen-nsdhl","311":"gen-vldlr","312":"gen-astn2","313":"gen-inpp5e","314":"gen-polr3a","315":"gen-pgap2","316":"gen-tmem138","317":"gen-kirrel3","318":"gen-cnksr2","319":"gen-cdh8","320":"gen-cacna1c","321":"gen-thrb","322":"gen-ube3b","323":"gen-ank3","324":"gen-cenpj","325":"gen-gria4","326":"gen-zic1","327":"gen-tsen2","328":"gen-cdk19","329":"gen-gria1","330":"gen-tmem237","331":"gen-rab39b","332":"gen-clic2","333":"gen-aff2","334":"gen-tspan7","335":"gen-phf6","336":"gen-kat6b","337":"gen-zic3","338":"gen-pde6d","339":"gen-dyrk1a","340":"gen-pex10","341":"gen-cul4b","342":"gen-shroom4","343":"gen-atp13a2","344":"gen-ubr1","345":"gen-uroc1","346":"gen-cbs","347":"gen-g6pd","348":"gen-adar","349":"gen-tbc1d24","350":"gen-pex19","351":"gen-flvcr1","352":"gen-b3galnt2","353":"gen-pex13","354":"gen-snip1","355":"gen-rnf168","356":"gen-aimp1","357":"gen-pitx2","358":"gen-prss12","359":"gen-nipbl","360":"gen-grik2","361":"gen-shh","362":"gen-pex2","363":"gen-rad21","364":"gen-tmem67","365":"gen-ptchd1","366":"gen-atp7a","367":"gen-pigo","368":"gen-brwd3","369":"gen-hepacam","370":"gen-nsd1","371":"gen-hprt1","372":"gen-ret","373":"gen-hps6","374":"gen-gabrb3","375":"gen-znf592","376":"gen-kif7","377":"gen-cacng2","378":"gen-ankrd11","379":"gen-kmt2d","380":"gen-tuba1a","381":"gen-znf526","382":"gen-trappc9","383":"gen-wdr81","384":"gen-ctnnb1","385":"gen-mgat2","386":"gen-gdnf","387":"gen-tctn2","388":"gen-mecp2","389":"gen-vcx3a","390":"gen-ror2","391":"gen-ar","392":"gen-il1rapl1","393":"gen-cradd","394":"gen-arl13b","395":"gen-kcnk9","396":"gen-zeb2","397":"gen-ctnnd2","398":"gen-frmpd4","399":"gen-emx2","400":"gen-tsen34","401":"gen-mtm1","402":"gen-chd7","403":"gen-polr1c","404":"gen-asxl1","405":"gen-camta1","406":"gen-pah","407":"gen-gatm","408":"gen-macrod2","409":"gen-hcfc1","410":"gen-dcp2","411":"gen-dhcr7","412":"gen-nbea","413":"gen-rnaseh2c","414":"gen-phf8","415":"gen-gmppb","416":"gen-zcchc12","417":"gen-cntnap2","418":"gen-b4gat1","419":"gen-cep135","420":"gen-zic4","421":"gen-atr","422":"gen-pacs1","423":"gen-foxg1","424":"gen-rttn","425":"gen-bdnf","426":"gen-irx5","427":"gen-grin1","428":"gen-mthfr","429":"gen-rps6ka3","430":"gen-man1b1","431":"gen-tgif1","432":"gen-kcnj10","433":"gen-ca8","434":"gen-zbtb18","435":"gen-nrxn1","436":"gen-agtr2","437":"gen-fkrp","438":"gen-ehmt1","439":"gen-sox2","440":"gen-fancb","441":"gen-p2ry8","442":"gen-tsen54","443":"gen-atp6ap2","444":"gen-gabrg3","445":"gen-ap1s2","446":"gen-rbm10","447":"gen-cadm1","448":"gen-pycr1","449":"gen-csmd1","450":"gen-bcor","451":"gen-grin2a","452":"gen-foxl2","453":"gen-tuba8","454":"gen-actg1","455":"gen-tbx1","456":"gen-pla2g6","457":"gen-med12","458":"gen-immp2l","459":"gen-nxf2","460":"gen-bcap31","461":"gen-pomk","462":"gen-ptch1","463":"gen-polr1d","464":"gen-gabra5","465":"gen-tmem216","466":"gen-mitf","467":"gen-nhs","468":"gen-zdhhc9","469":"gen-reln","470":"gen-bloc1s3","471":"gen-maoa","472":"gen-srgap3","473":"gen-nlgn3","474":"gen-asmt","475":"gen-tcf4","476":"gen-scn8a","477":"gen-flna","478":"gen-wdr45","479":"gen-dync1h1","480":"gen-syngap1","481":"gen-myo5a","482":"gen-c5orf42","483":"gen-znf81","484":"gen-ocln","485":"gen-dlgap2","486":"gen-znf335","487":"gen-tubb3","488":"gen-slc9a6","489":"gen-cep290","490":"gen-plxnb3","491":"gen-gk","492":"gen-gjc2","493":"gen-l1cam","494":"gen-naga","495":"gen-kif1bp","496":"gen-gdi1","497":"gen-mbd5","498":"gen-tctn1","499":"gen-tmem231","500":"gen-adgrg1","501":"gen-adat3","502":"gen-trex1","503":"gen-ispd","504":"gen-pex26","505":"gen-znf630","506":"gen-adsl","507":"gen-shank3","508":"gen-alg11","509":"gen-grin2b","510":"gen-tbce-2","511":"product_cat-discapacidad-intelectual-genesgkit-biomedicina-kits-de-diagnostico","512":"product_cat-genesgkit-biomedicina-kits-de-diagnostico","513":"product_cat-kits-de-diagnostico","514":"product_tag-kit-de-discapacidad-intelectuald00038","516":"first","517":"instock","518":"taxable","519":"shipping-taxable","520":"product-type-simple"},"acf":[],"yoast_head":"<!-- This site is optimized with the Yoast SEO plugin v27.4 - https:\/\/yoast.com\/product\/yoast-seo-wordpress\/ -->\n<title>DI-GeneSGKit. 505 Genes. 12 Reacciones - Sistemas Gen\u00f3micos<\/title>\n<meta name=\"robots\" content=\"index, follow, max-snippet:-1, max-image-preview:large, max-video-preview:-1\" \/>\n<link rel=\"canonical\" href=\"https:\/\/sistemasgenomicos.com\/es\/producto\/di-genesgkit-505-genes-12-reacciones\/\" \/>\n<meta property=\"og:locale\" content=\"es_ES\" \/>\n<meta property=\"og:type\" content=\"article\" \/>\n<meta property=\"og:title\" content=\"DI-GeneSGKit. 505 Genes. 12 Reacciones - Sistemas Gen\u00f3micos\" \/>\n<meta property=\"og:url\" content=\"https:\/\/sistemasgenomicos.com\/es\/producto\/di-genesgkit-505-genes-12-reacciones\/\" \/>\n<meta property=\"og:site_name\" content=\"Sistemas Gen\u00f3micos\" \/>\n<meta property=\"article:modified_time\" content=\"2020-09-30T03:42:15+00:00\" \/>\n<meta property=\"og:image\" content=\"https:\/\/sistemasgenomicos.com\/wp-content\/uploads\/2018\/04\/logo-sistemas-genomicos-default-1.jpg\" \/>\n\t<meta property=\"og:image:width\" content=\"1200\" \/>\n\t<meta property=\"og:image:height\" content=\"750\" \/>\n\t<meta property=\"og:image:type\" content=\"image\/jpeg\" \/>\n<meta name=\"twitter:card\" content=\"summary_large_image\" \/>\n<script type=\"application\/ld+json\" class=\"yoast-schema-graph\">{\"@context\":\"https:\\\/\\\/schema.org\",\"@graph\":[{\"@type\":\"WebPage\",\"@id\":\"https:\\\/\\\/sistemasgenomicos.com\\\/es\\\/producto\\\/di-genesgkit-505-genes-12-reacciones\\\/\",\"url\":\"https:\\\/\\\/sistemasgenomicos.com\\\/es\\\/producto\\\/di-genesgkit-505-genes-12-reacciones\\\/\",\"name\":\"DI-GeneSGKit. 505 Genes. 12 Reacciones - Sistemas Gen\u00f3micos\",\"isPartOf\":{\"@id\":\"https:\\\/\\\/sistemasgenomicos.com\\\/es\\\/#website\"},\"primaryImageOfPage\":{\"@id\":\"https:\\\/\\\/sistemasgenomicos.com\\\/es\\\/producto\\\/di-genesgkit-505-genes-12-reacciones\\\/#primaryimage\"},\"image\":{\"@id\":\"https:\\\/\\\/sistemasgenomicos.com\\\/es\\\/producto\\\/di-genesgkit-505-genes-12-reacciones\\\/#primaryimage\"},\"thumbnailUrl\":\"https:\\\/\\\/sistemasgenomicos.com\\\/wp-content\\\/uploads\\\/2018\\\/04\\\/logo-sistemas-genomicos-default-1.jpg\",\"datePublished\":\"2018-05-29T19:20:26+00:00\",\"dateModified\":\"2020-09-30T03:42:15+00:00\",\"breadcrumb\":{\"@id\":\"https:\\\/\\\/sistemasgenomicos.com\\\/es\\\/producto\\\/di-genesgkit-505-genes-12-reacciones\\\/#breadcrumb\"},\"inLanguage\":\"es\",\"potentialAction\":[{\"@type\":\"ReadAction\",\"target\":[\"https:\\\/\\\/sistemasgenomicos.com\\\/es\\\/producto\\\/di-genesgkit-505-genes-12-reacciones\\\/\"]}]},{\"@type\":\"ImageObject\",\"inLanguage\":\"es\",\"@id\":\"https:\\\/\\\/sistemasgenomicos.com\\\/es\\\/producto\\\/di-genesgkit-505-genes-12-reacciones\\\/#primaryimage\",\"url\":\"https:\\\/\\\/sistemasgenomicos.com\\\/wp-content\\\/uploads\\\/2018\\\/04\\\/logo-sistemas-genomicos-default-1.jpg\",\"contentUrl\":\"https:\\\/\\\/sistemasgenomicos.com\\\/wp-content\\\/uploads\\\/2018\\\/04\\\/logo-sistemas-genomicos-default-1.jpg\",\"width\":1200,\"height\":750},{\"@type\":\"BreadcrumbList\",\"@id\":\"https:\\\/\\\/sistemasgenomicos.com\\\/es\\\/producto\\\/di-genesgkit-505-genes-12-reacciones\\\/#breadcrumb\",\"itemListElement\":[{\"@type\":\"ListItem\",\"position\":1,\"name\":\"Portada\",\"item\":\"https:\\\/\\\/sistemasgenomicos.com\\\/es\\\/\"},{\"@type\":\"ListItem\",\"position\":2,\"name\":\"Tienda\",\"item\":\"https:\\\/\\\/sistemasgenomicos.com\\\/es\\\/tienda\\\/\"},{\"@type\":\"ListItem\",\"position\":3,\"name\":\"DI-GeneSGKit. 505 Genes. 12 Reacciones\"}]},{\"@type\":\"WebSite\",\"@id\":\"https:\\\/\\\/sistemasgenomicos.com\\\/es\\\/#website\",\"url\":\"https:\\\/\\\/sistemasgenomicos.com\\\/es\\\/\",\"name\":\"Sistemas Gen\u00f3micos\",\"description\":\"La mayor empresa dedicada a la investigaci\u00f3n gen\u00e9tica y molecular\",\"publisher\":{\"@id\":\"https:\\\/\\\/sistemasgenomicos.com\\\/es\\\/#organization\"},\"potentialAction\":[{\"@type\":\"SearchAction\",\"target\":{\"@type\":\"EntryPoint\",\"urlTemplate\":\"https:\\\/\\\/sistemasgenomicos.com\\\/es\\\/?s={search_term_string}\"},\"query-input\":{\"@type\":\"PropertyValueSpecification\",\"valueRequired\":true,\"valueName\":\"search_term_string\"}}],\"inLanguage\":\"es\"},{\"@type\":\"Organization\",\"@id\":\"https:\\\/\\\/sistemasgenomicos.com\\\/es\\\/#organization\",\"name\":\"Sistemas Gen\u00f3micos\",\"url\":\"https:\\\/\\\/sistemasgenomicos.com\\\/es\\\/\",\"logo\":{\"@type\":\"ImageObject\",\"inLanguage\":\"es\",\"@id\":\"https:\\\/\\\/sistemasgenomicos.com\\\/es\\\/#\\\/schema\\\/logo\\\/image\\\/\",\"url\":\"https:\\\/\\\/sistemasgenomicos.com\\\/wp-content\\\/uploads\\\/2022\\\/04\\\/image001-1.png\",\"contentUrl\":\"https:\\\/\\\/sistemasgenomicos.com\\\/wp-content\\\/uploads\\\/2022\\\/04\\\/image001-1.png\",\"width\":250,\"height\":122,\"caption\":\"Sistemas Gen\u00f3micos\"},\"image\":{\"@id\":\"https:\\\/\\\/sistemasgenomicos.com\\\/es\\\/#\\\/schema\\\/logo\\\/image\\\/\"}}]}<\/script>\n<!-- \/ Yoast SEO plugin. -->","yoast_head_json":{"title":"DI-GeneSGKit. 505 Genes. 12 Reacciones - Sistemas Gen\u00f3micos","robots":{"index":"index","follow":"follow","max-snippet":"max-snippet:-1","max-image-preview":"max-image-preview:large","max-video-preview":"max-video-preview:-1"},"canonical":"https:\/\/sistemasgenomicos.com\/es\/producto\/di-genesgkit-505-genes-12-reacciones\/","og_locale":"es_ES","og_type":"article","og_title":"DI-GeneSGKit. 505 Genes. 12 Reacciones - Sistemas Gen\u00f3micos","og_url":"https:\/\/sistemasgenomicos.com\/es\/producto\/di-genesgkit-505-genes-12-reacciones\/","og_site_name":"Sistemas Gen\u00f3micos","article_modified_time":"2020-09-30T03:42:15+00:00","og_image":[{"width":1200,"height":750,"url":"https:\/\/sistemasgenomicos.com\/wp-content\/uploads\/2018\/04\/logo-sistemas-genomicos-default-1.jpg","type":"image\/jpeg"}],"twitter_card":"summary_large_image","schema":{"@context":"https:\/\/schema.org","@graph":[{"@type":"WebPage","@id":"https:\/\/sistemasgenomicos.com\/es\/producto\/di-genesgkit-505-genes-12-reacciones\/","url":"https:\/\/sistemasgenomicos.com\/es\/producto\/di-genesgkit-505-genes-12-reacciones\/","name":"DI-GeneSGKit. 505 Genes. 12 Reacciones - Sistemas Gen\u00f3micos","isPartOf":{"@id":"https:\/\/sistemasgenomicos.com\/es\/#website"},"primaryImageOfPage":{"@id":"https:\/\/sistemasgenomicos.com\/es\/producto\/di-genesgkit-505-genes-12-reacciones\/#primaryimage"},"image":{"@id":"https:\/\/sistemasgenomicos.com\/es\/producto\/di-genesgkit-505-genes-12-reacciones\/#primaryimage"},"thumbnailUrl":"https:\/\/sistemasgenomicos.com\/wp-content\/uploads\/2018\/04\/logo-sistemas-genomicos-default-1.jpg","datePublished":"2018-05-29T19:20:26+00:00","dateModified":"2020-09-30T03:42:15+00:00","breadcrumb":{"@id":"https:\/\/sistemasgenomicos.com\/es\/producto\/di-genesgkit-505-genes-12-reacciones\/#breadcrumb"},"inLanguage":"es","potentialAction":[{"@type":"ReadAction","target":["https:\/\/sistemasgenomicos.com\/es\/producto\/di-genesgkit-505-genes-12-reacciones\/"]}]},{"@type":"ImageObject","inLanguage":"es","@id":"https:\/\/sistemasgenomicos.com\/es\/producto\/di-genesgkit-505-genes-12-reacciones\/#primaryimage","url":"https:\/\/sistemasgenomicos.com\/wp-content\/uploads\/2018\/04\/logo-sistemas-genomicos-default-1.jpg","contentUrl":"https:\/\/sistemasgenomicos.com\/wp-content\/uploads\/2018\/04\/logo-sistemas-genomicos-default-1.jpg","width":1200,"height":750},{"@type":"BreadcrumbList","@id":"https:\/\/sistemasgenomicos.com\/es\/producto\/di-genesgkit-505-genes-12-reacciones\/#breadcrumb","itemListElement":[{"@type":"ListItem","position":1,"name":"Portada","item":"https:\/\/sistemasgenomicos.com\/es\/"},{"@type":"ListItem","position":2,"name":"Tienda","item":"https:\/\/sistemasgenomicos.com\/es\/tienda\/"},{"@type":"ListItem","position":3,"name":"DI-GeneSGKit. 505 Genes. 12 Reacciones"}]},{"@type":"WebSite","@id":"https:\/\/sistemasgenomicos.com\/es\/#website","url":"https:\/\/sistemasgenomicos.com\/es\/","name":"Sistemas Gen\u00f3micos","description":"La mayor empresa dedicada a la investigaci\u00f3n gen\u00e9tica y molecular","publisher":{"@id":"https:\/\/sistemasgenomicos.com\/es\/#organization"},"potentialAction":[{"@type":"SearchAction","target":{"@type":"EntryPoint","urlTemplate":"https:\/\/sistemasgenomicos.com\/es\/?s={search_term_string}"},"query-input":{"@type":"PropertyValueSpecification","valueRequired":true,"valueName":"search_term_string"}}],"inLanguage":"es"},{"@type":"Organization","@id":"https:\/\/sistemasgenomicos.com\/es\/#organization","name":"Sistemas Gen\u00f3micos","url":"https:\/\/sistemasgenomicos.com\/es\/","logo":{"@type":"ImageObject","inLanguage":"es","@id":"https:\/\/sistemasgenomicos.com\/es\/#\/schema\/logo\/image\/","url":"https:\/\/sistemasgenomicos.com\/wp-content\/uploads\/2022\/04\/image001-1.png","contentUrl":"https:\/\/sistemasgenomicos.com\/wp-content\/uploads\/2022\/04\/image001-1.png","width":250,"height":122,"caption":"Sistemas Gen\u00f3micos"},"image":{"@id":"https:\/\/sistemasgenomicos.com\/es\/#\/schema\/logo\/image\/"}}]}},"_links":{"self":[{"href":"https:\/\/sistemasgenomicos.com\/es\/wp-json\/wp\/v2\/product\/45313","targetHints":{"allow":["GET"]}}],"collection":[{"href":"https:\/\/sistemasgenomicos.com\/es\/wp-json\/wp\/v2\/product"}],"about":[{"href":"https:\/\/sistemasgenomicos.com\/es\/wp-json\/wp\/v2\/types\/product"}],"wp:featuredmedia":[{"embeddable":true,"href":"https:\/\/sistemasgenomicos.com\/es\/wp-json\/wp\/v2\/media\/42665"}],"wp:attachment":[{"href":"https:\/\/sistemasgenomicos.com\/es\/wp-json\/wp\/v2\/media?parent=45313"}],"wp:term":[{"taxonomy":"product_brand","embeddable":true,"href":"https:\/\/sistemasgenomicos.com\/es\/wp-json\/wp\/v2\/product_brand?post=45313"},{"taxonomy":"product_cat","embeddable":true,"href":"https:\/\/sistemasgenomicos.com\/es\/wp-json\/wp\/v2\/product_cat?post=45313"},{"taxonomy":"product_tag","embeddable":true,"href":"https:\/\/sistemasgenomicos.com\/es\/wp-json\/wp\/v2\/product_tag?post=45313"}],"curies":[{"name":"wp","href":"https:\/\/api.w.org\/{rel}","templated":true}]}}