{"id":45234,"date":"2018-05-29T19:00:36","date_gmt":"2018-05-29T19:00:36","guid":{"rendered":"https:\/\/sistemasgenomicos.digitis.net\/tienda-online\/interpretacion-biologica-y-clinica-de-estudiosmoleculares-de-secuenciacion-masiva-hasta-5variantes\/"},"modified":"2020-09-30T05:42:01","modified_gmt":"2020-09-30T03:42:01","slug":"interpretacion-biologica-y-clinica-de-estudiosmoleculares-de-secuenciacion-masiva-hasta-5variantes","status":"publish","type":"product","link":"https:\/\/sistemasgenomicos.com\/es\/producto\/interpretacion-biologica-y-clinica-de-estudiosmoleculares-de-secuenciacion-masiva-hasta-5variantes\/","title":{"rendered":"Interpretaci\u00f3n biol\u00f3gica y cl\u00ednica de Estudiosmoleculares de secuenciaci\u00f3n masiva hasta 5variantes."},"content":{"rendered":"","protected":false},"excerpt":{"rendered":"","protected":false},"featured_media":42665,"template":"","meta":[],"product_brand":[],"product_cat":[86,8679,9355],"product_tag":[24162],"class_list":{"0":"post-45234","1":"product","2":"type-product","3":"status-publish","4":"has-post-thumbnail","6":"gen-cul7","7":"gen-alx4","8":"gen-col11a1","9":"gen-fgfr2","10":"gen-fgfr3","11":"gen-pitx1","12":"gen-tp63","13":"gen-fgfr1","14":"gen-gnas","15":"gen-pthlh","16":"gen-efnb1","17":"gen-tbx15","18":"gen-mmp9","19":"gen-lmbr1","20":"gen-hoxa13","21":"gen-gli3","22":"gen-wnt3","23":"gen-nkx3-2","24":"gen-mgp","25":"gen-wisp3","26":"gen-ghr","27":"gen-lifr","28":"gen-wdr35","29":"gen-msx2","30":"gen-ghsr","31":"gen-twist1","32":"gen-col10a1","33":"gen-obsl1","34":"gen-runx2","35":"gen-sox9","36":"gen-gdf5","37":"gen-hoxd10","38":"gen-hoxd13","39":"gen-chsy1","40":"gen-matn3","41":"gen-lrp4","42":"gen-il11ra","43":"gen-mmp13","44":"gen-bmpr1b","45":"gen-col2a1","46":"gen-dym","47":"gen-hspg2","48":"gen-ankh","49":"gen-wnt7a","50":"gen-slc26a2","51":"gen-alx3","52":"gen-wdr19","53":"gen-npr2","54":"gen-pcnt","55":"gen-pth1r","56":"gen-recql4","57":"gen-alpl","58":"gen-ddr2","59":"gen-ihh","60":"gen-slc39a13","61":"gen-sost","62":"gen-ror2","63":"gen-wnt10b","64":"gen-esco2","65":"gen-eif2ak3","66":"gen-nog","67":"gen-trappc2","68":"gen-flna","69":"gen-enpp1","70":"gen-adamtsl2","71":"gen-rmrp","72":"product_cat-analisis-y-estudios-geneticos","73":"product_cat-diagnostico-genetico-molecularn","74":"product_cat-listado-de-enfermedades","75":"product_tag-interpretacion-biologica-y-clinica-de-estudios-moleculares-de-secuenciacion-masiva-hasta-5-variantesd00025","77":"first","78":"instock","79":"taxable","80":"shipping-taxable","81":"product-type-simple"},"acf":[],"yoast_head":"<!-- This site is optimized with the Yoast SEO plugin v27.3 - https:\/\/yoast.com\/product\/yoast-seo-wordpress\/ -->\n<title>Interpretaci\u00f3n biol\u00f3gica y cl\u00ednica de Estudiosmoleculares de secuenciaci\u00f3n masiva hasta 5variantes. - Sistemas Gen\u00f3micos<\/title>\n<meta name=\"robots\" content=\"index, follow, max-snippet:-1, max-image-preview:large, max-video-preview:-1\" \/>\n<link rel=\"canonical\" href=\"https:\/\/sistemasgenomicos.com\/es\/producto\/interpretacion-biologica-y-clinica-de-estudiosmoleculares-de-secuenciacion-masiva-hasta-5variantes\/\" \/>\n<meta property=\"og:locale\" content=\"es_ES\" \/>\n<meta property=\"og:type\" content=\"article\" \/>\n<meta property=\"og:title\" content=\"Interpretaci\u00f3n biol\u00f3gica y cl\u00ednica de Estudiosmoleculares de secuenciaci\u00f3n masiva hasta 5variantes. - Sistemas Gen\u00f3micos\" \/>\n<meta property=\"og:url\" content=\"https:\/\/sistemasgenomicos.com\/es\/producto\/interpretacion-biologica-y-clinica-de-estudiosmoleculares-de-secuenciacion-masiva-hasta-5variantes\/\" \/>\n<meta property=\"og:site_name\" content=\"Sistemas Gen\u00f3micos\" \/>\n<meta property=\"article:modified_time\" content=\"2020-09-30T03:42:01+00:00\" \/>\n<meta property=\"og:image\" content=\"https:\/\/sistemasgenomicos.com\/wp-content\/uploads\/2018\/04\/logo-sistemas-genomicos-default-1.jpg\" \/>\n\t<meta property=\"og:image:width\" content=\"1200\" \/>\n\t<meta property=\"og:image:height\" content=\"750\" \/>\n\t<meta property=\"og:image:type\" content=\"image\/jpeg\" \/>\n<meta name=\"twitter:card\" content=\"summary_large_image\" \/>\n<script type=\"application\/ld+json\" class=\"yoast-schema-graph\">{\"@context\":\"https:\\\/\\\/schema.org\",\"@graph\":[{\"@type\":\"WebPage\",\"@id\":\"https:\\\/\\\/sistemasgenomicos.com\\\/es\\\/producto\\\/interpretacion-biologica-y-clinica-de-estudiosmoleculares-de-secuenciacion-masiva-hasta-5variantes\\\/\",\"url\":\"https:\\\/\\\/sistemasgenomicos.com\\\/es\\\/producto\\\/interpretacion-biologica-y-clinica-de-estudiosmoleculares-de-secuenciacion-masiva-hasta-5variantes\\\/\",\"name\":\"Interpretaci\u00f3n biol\u00f3gica y cl\u00ednica de Estudiosmoleculares de secuenciaci\u00f3n masiva hasta 5variantes. - Sistemas Gen\u00f3micos\",\"isPartOf\":{\"@id\":\"https:\\\/\\\/sistemasgenomicos.com\\\/es\\\/#website\"},\"primaryImageOfPage\":{\"@id\":\"https:\\\/\\\/sistemasgenomicos.com\\\/es\\\/producto\\\/interpretacion-biologica-y-clinica-de-estudiosmoleculares-de-secuenciacion-masiva-hasta-5variantes\\\/#primaryimage\"},\"image\":{\"@id\":\"https:\\\/\\\/sistemasgenomicos.com\\\/es\\\/producto\\\/interpretacion-biologica-y-clinica-de-estudiosmoleculares-de-secuenciacion-masiva-hasta-5variantes\\\/#primaryimage\"},\"thumbnailUrl\":\"https:\\\/\\\/sistemasgenomicos.com\\\/wp-content\\\/uploads\\\/2018\\\/04\\\/logo-sistemas-genomicos-default-1.jpg\",\"datePublished\":\"2018-05-29T19:00:36+00:00\",\"dateModified\":\"2020-09-30T03:42:01+00:00\",\"breadcrumb\":{\"@id\":\"https:\\\/\\\/sistemasgenomicos.com\\\/es\\\/producto\\\/interpretacion-biologica-y-clinica-de-estudiosmoleculares-de-secuenciacion-masiva-hasta-5variantes\\\/#breadcrumb\"},\"inLanguage\":\"es\",\"potentialAction\":[{\"@type\":\"ReadAction\",\"target\":[\"https:\\\/\\\/sistemasgenomicos.com\\\/es\\\/producto\\\/interpretacion-biologica-y-clinica-de-estudiosmoleculares-de-secuenciacion-masiva-hasta-5variantes\\\/\"]}]},{\"@type\":\"ImageObject\",\"inLanguage\":\"es\",\"@id\":\"https:\\\/\\\/sistemasgenomicos.com\\\/es\\\/producto\\\/interpretacion-biologica-y-clinica-de-estudiosmoleculares-de-secuenciacion-masiva-hasta-5variantes\\\/#primaryimage\",\"url\":\"https:\\\/\\\/sistemasgenomicos.com\\\/wp-content\\\/uploads\\\/2018\\\/04\\\/logo-sistemas-genomicos-default-1.jpg\",\"contentUrl\":\"https:\\\/\\\/sistemasgenomicos.com\\\/wp-content\\\/uploads\\\/2018\\\/04\\\/logo-sistemas-genomicos-default-1.jpg\",\"width\":1200,\"height\":750},{\"@type\":\"BreadcrumbList\",\"@id\":\"https:\\\/\\\/sistemasgenomicos.com\\\/es\\\/producto\\\/interpretacion-biologica-y-clinica-de-estudiosmoleculares-de-secuenciacion-masiva-hasta-5variantes\\\/#breadcrumb\",\"itemListElement\":[{\"@type\":\"ListItem\",\"position\":1,\"name\":\"Portada\",\"item\":\"https:\\\/\\\/sistemasgenomicos.com\\\/es\\\/\"},{\"@type\":\"ListItem\",\"position\":2,\"name\":\"Tienda\",\"item\":\"https:\\\/\\\/sistemasgenomicos.com\\\/es\\\/tienda\\\/\"},{\"@type\":\"ListItem\",\"position\":3,\"name\":\"Interpretaci\u00f3n biol\u00f3gica y cl\u00ednica de Estudiosmoleculares de secuenciaci\u00f3n masiva hasta 5variantes.\"}]},{\"@type\":\"WebSite\",\"@id\":\"https:\\\/\\\/sistemasgenomicos.com\\\/es\\\/#website\",\"url\":\"https:\\\/\\\/sistemasgenomicos.com\\\/es\\\/\",\"name\":\"Sistemas Gen\u00f3micos\",\"description\":\"La mayor empresa dedicada a la investigaci\u00f3n gen\u00e9tica y molecular\",\"publisher\":{\"@id\":\"https:\\\/\\\/sistemasgenomicos.com\\\/es\\\/#organization\"},\"potentialAction\":[{\"@type\":\"SearchAction\",\"target\":{\"@type\":\"EntryPoint\",\"urlTemplate\":\"https:\\\/\\\/sistemasgenomicos.com\\\/es\\\/?s={search_term_string}\"},\"query-input\":{\"@type\":\"PropertyValueSpecification\",\"valueRequired\":true,\"valueName\":\"search_term_string\"}}],\"inLanguage\":\"es\"},{\"@type\":\"Organization\",\"@id\":\"https:\\\/\\\/sistemasgenomicos.com\\\/es\\\/#organization\",\"name\":\"Sistemas Gen\u00f3micos\",\"url\":\"https:\\\/\\\/sistemasgenomicos.com\\\/es\\\/\",\"logo\":{\"@type\":\"ImageObject\",\"inLanguage\":\"es\",\"@id\":\"https:\\\/\\\/sistemasgenomicos.com\\\/es\\\/#\\\/schema\\\/logo\\\/image\\\/\",\"url\":\"https:\\\/\\\/sistemasgenomicos.com\\\/wp-content\\\/uploads\\\/2022\\\/04\\\/image001-1.png\",\"contentUrl\":\"https:\\\/\\\/sistemasgenomicos.com\\\/wp-content\\\/uploads\\\/2022\\\/04\\\/image001-1.png\",\"width\":250,\"height\":122,\"caption\":\"Sistemas Gen\u00f3micos\"},\"image\":{\"@id\":\"https:\\\/\\\/sistemasgenomicos.com\\\/es\\\/#\\\/schema\\\/logo\\\/image\\\/\"}}]}<\/script>\n<!-- \/ Yoast SEO plugin. -->","yoast_head_json":{"title":"Interpretaci\u00f3n biol\u00f3gica y cl\u00ednica de Estudiosmoleculares de secuenciaci\u00f3n masiva hasta 5variantes. - Sistemas Gen\u00f3micos","robots":{"index":"index","follow":"follow","max-snippet":"max-snippet:-1","max-image-preview":"max-image-preview:large","max-video-preview":"max-video-preview:-1"},"canonical":"https:\/\/sistemasgenomicos.com\/es\/producto\/interpretacion-biologica-y-clinica-de-estudiosmoleculares-de-secuenciacion-masiva-hasta-5variantes\/","og_locale":"es_ES","og_type":"article","og_title":"Interpretaci\u00f3n biol\u00f3gica y cl\u00ednica de Estudiosmoleculares de secuenciaci\u00f3n masiva hasta 5variantes. - Sistemas Gen\u00f3micos","og_url":"https:\/\/sistemasgenomicos.com\/es\/producto\/interpretacion-biologica-y-clinica-de-estudiosmoleculares-de-secuenciacion-masiva-hasta-5variantes\/","og_site_name":"Sistemas Gen\u00f3micos","article_modified_time":"2020-09-30T03:42:01+00:00","og_image":[{"width":1200,"height":750,"url":"https:\/\/sistemasgenomicos.com\/wp-content\/uploads\/2018\/04\/logo-sistemas-genomicos-default-1.jpg","type":"image\/jpeg"}],"twitter_card":"summary_large_image","schema":{"@context":"https:\/\/schema.org","@graph":[{"@type":"WebPage","@id":"https:\/\/sistemasgenomicos.com\/es\/producto\/interpretacion-biologica-y-clinica-de-estudiosmoleculares-de-secuenciacion-masiva-hasta-5variantes\/","url":"https:\/\/sistemasgenomicos.com\/es\/producto\/interpretacion-biologica-y-clinica-de-estudiosmoleculares-de-secuenciacion-masiva-hasta-5variantes\/","name":"Interpretaci\u00f3n biol\u00f3gica y cl\u00ednica de Estudiosmoleculares de secuenciaci\u00f3n masiva hasta 5variantes. - Sistemas Gen\u00f3micos","isPartOf":{"@id":"https:\/\/sistemasgenomicos.com\/es\/#website"},"primaryImageOfPage":{"@id":"https:\/\/sistemasgenomicos.com\/es\/producto\/interpretacion-biologica-y-clinica-de-estudiosmoleculares-de-secuenciacion-masiva-hasta-5variantes\/#primaryimage"},"image":{"@id":"https:\/\/sistemasgenomicos.com\/es\/producto\/interpretacion-biologica-y-clinica-de-estudiosmoleculares-de-secuenciacion-masiva-hasta-5variantes\/#primaryimage"},"thumbnailUrl":"https:\/\/sistemasgenomicos.com\/wp-content\/uploads\/2018\/04\/logo-sistemas-genomicos-default-1.jpg","datePublished":"2018-05-29T19:00:36+00:00","dateModified":"2020-09-30T03:42:01+00:00","breadcrumb":{"@id":"https:\/\/sistemasgenomicos.com\/es\/producto\/interpretacion-biologica-y-clinica-de-estudiosmoleculares-de-secuenciacion-masiva-hasta-5variantes\/#breadcrumb"},"inLanguage":"es","potentialAction":[{"@type":"ReadAction","target":["https:\/\/sistemasgenomicos.com\/es\/producto\/interpretacion-biologica-y-clinica-de-estudiosmoleculares-de-secuenciacion-masiva-hasta-5variantes\/"]}]},{"@type":"ImageObject","inLanguage":"es","@id":"https:\/\/sistemasgenomicos.com\/es\/producto\/interpretacion-biologica-y-clinica-de-estudiosmoleculares-de-secuenciacion-masiva-hasta-5variantes\/#primaryimage","url":"https:\/\/sistemasgenomicos.com\/wp-content\/uploads\/2018\/04\/logo-sistemas-genomicos-default-1.jpg","contentUrl":"https:\/\/sistemasgenomicos.com\/wp-content\/uploads\/2018\/04\/logo-sistemas-genomicos-default-1.jpg","width":1200,"height":750},{"@type":"BreadcrumbList","@id":"https:\/\/sistemasgenomicos.com\/es\/producto\/interpretacion-biologica-y-clinica-de-estudiosmoleculares-de-secuenciacion-masiva-hasta-5variantes\/#breadcrumb","itemListElement":[{"@type":"ListItem","position":1,"name":"Portada","item":"https:\/\/sistemasgenomicos.com\/es\/"},{"@type":"ListItem","position":2,"name":"Tienda","item":"https:\/\/sistemasgenomicos.com\/es\/tienda\/"},{"@type":"ListItem","position":3,"name":"Interpretaci\u00f3n biol\u00f3gica y cl\u00ednica de Estudiosmoleculares de secuenciaci\u00f3n masiva hasta 5variantes."}]},{"@type":"WebSite","@id":"https:\/\/sistemasgenomicos.com\/es\/#website","url":"https:\/\/sistemasgenomicos.com\/es\/","name":"Sistemas Gen\u00f3micos","description":"La mayor empresa dedicada a la investigaci\u00f3n gen\u00e9tica y molecular","publisher":{"@id":"https:\/\/sistemasgenomicos.com\/es\/#organization"},"potentialAction":[{"@type":"SearchAction","target":{"@type":"EntryPoint","urlTemplate":"https:\/\/sistemasgenomicos.com\/es\/?s={search_term_string}"},"query-input":{"@type":"PropertyValueSpecification","valueRequired":true,"valueName":"search_term_string"}}],"inLanguage":"es"},{"@type":"Organization","@id":"https:\/\/sistemasgenomicos.com\/es\/#organization","name":"Sistemas Gen\u00f3micos","url":"https:\/\/sistemasgenomicos.com\/es\/","logo":{"@type":"ImageObject","inLanguage":"es","@id":"https:\/\/sistemasgenomicos.com\/es\/#\/schema\/logo\/image\/","url":"https:\/\/sistemasgenomicos.com\/wp-content\/uploads\/2022\/04\/image001-1.png","contentUrl":"https:\/\/sistemasgenomicos.com\/wp-content\/uploads\/2022\/04\/image001-1.png","width":250,"height":122,"caption":"Sistemas Gen\u00f3micos"},"image":{"@id":"https:\/\/sistemasgenomicos.com\/es\/#\/schema\/logo\/image\/"}}]}},"_links":{"self":[{"href":"https:\/\/sistemasgenomicos.com\/es\/wp-json\/wp\/v2\/product\/45234","targetHints":{"allow":["GET"]}}],"collection":[{"href":"https:\/\/sistemasgenomicos.com\/es\/wp-json\/wp\/v2\/product"}],"about":[{"href":"https:\/\/sistemasgenomicos.com\/es\/wp-json\/wp\/v2\/types\/product"}],"wp:featuredmedia":[{"embeddable":true,"href":"https:\/\/sistemasgenomicos.com\/es\/wp-json\/wp\/v2\/media\/42665"}],"wp:attachment":[{"href":"https:\/\/sistemasgenomicos.com\/es\/wp-json\/wp\/v2\/media?parent=45234"}],"wp:term":[{"taxonomy":"product_brand","embeddable":true,"href":"https:\/\/sistemasgenomicos.com\/es\/wp-json\/wp\/v2\/product_brand?post=45234"},{"taxonomy":"product_cat","embeddable":true,"href":"https:\/\/sistemasgenomicos.com\/es\/wp-json\/wp\/v2\/product_cat?post=45234"},{"taxonomy":"product_tag","embeddable":true,"href":"https:\/\/sistemasgenomicos.com\/es\/wp-json\/wp\/v2\/product_tag?post=45234"}],"curies":[{"name":"wp","href":"https:\/\/api.w.org\/{rel}","templated":true}]}}