{"id":45218,"date":"2018-05-29T19:00:29","date_gmt":"2018-05-29T19:00:29","guid":{"rendered":"https:\/\/sistemasgenomicos.digitis.net\/tienda-online\/cardio-genesgkit-dmm-74-genes-12-reacciones\/"},"modified":"2020-09-30T05:41:59","modified_gmt":"2020-09-30T03:41:59","slug":"cardio-genesgkit-dmm-74-genes-12-reacciones","status":"publish","type":"product","link":"https:\/\/sistemasgenomicos.com\/es\/producto\/cardio-genesgkit-dmm-74-genes-12-reacciones\/","title":{"rendered":"Cardio-GeneSGKit DMM. 74 Genes. 12 Reacciones"},"content":{"rendered":"","protected":false},"excerpt":{"rendered":"","protected":false},"featured_media":42665,"template":"","meta":[],"product_brand":[],"product_cat":[9452,8703,47],"product_tag":[23683],"class_list":{"0":"post-45218","1":"product","2":"type-product","3":"status-publish","4":"has-post-thumbnail","6":"gen-pomt2","7":"gen-matr3","8":"gen-cntn1","9":"gen-fhl1","10":"gen-syne2","11":"gen-dnm2","12":"gen-pomgnt1","13":"gen-myh7","14":"gen-capn3","15":"gen-col9a3","16":"gen-chkb","17":"gen-vrk1","18":"gen-pabpn1","19":"gen-emd","20":"gen-taz","21":"gen-sgcg","22":"gen-tnnt1","23":"gen-fktn","24":"gen-sgca","25":"gen-cryab","26":"gen-trpv4","27":"gen-trim32","28":"gen-myot","29":"gen-ldb3","30":"gen-vapb","31":"gen-myh2","32":"gen-flnc","33":"gen-pomt1","34":"gen-uba1","35":"gen-syne1","36":"gen-ighmbp2","37":"gen-large","38":"gen-itga7","39":"gen-dysf","40":"gen-iscu","41":"gen-bin1","42":"gen-col6a1","43":"gen-col6a2","44":"gen-hspg2","45":"gen-tpm3","46":"gen-acta1","47":"gen-gsn","48":"gen-bag3","49":"gen-ttn","50":"gen-gne","51":"gen-lmna","52":"gen-sepn1","53":"gen-sgcb","54":"gen-col6a3","55":"gen-atp7a","56":"gen-vcp","57":"gen-cfl2","58":"gen-mtm1","59":"gen-plekhg5","60":"gen-ano5","61":"gen-dag1","62":"gen-tcap","63":"gen-des","64":"gen-dok7","65":"gen-ptrf","66":"gen-plec","67":"gen-fkrp","68":"gen-cav3","69":"gen-neb","70":"gen-clcn1","71":"gen-agrn","72":"gen-ryr1","73":"gen-atp2a1","74":"gen-lama2","75":"gen-tpm2","76":"gen-opa1","77":"gen-dmd","78":"gen-psmb8","79":"gen-kbtbd13","80":"product_cat-cardiologia-genesgkit-biomedicina-kits-de-diagnostico","81":"product_cat-genesgkit-biomedicina-kits-de-diagnostico","82":"product_cat-kits-de-diagnostico","83":"product_tag-kits-cardiologiac00588","85":"first","86":"instock","87":"taxable","88":"shipping-taxable","89":"product-type-simple"},"acf":[],"yoast_head":"<!-- This site is optimized with the Yoast SEO plugin v27.4 - https:\/\/yoast.com\/product\/yoast-seo-wordpress\/ -->\n<title>Cardio-GeneSGKit DMM. 74 Genes. 12 Reacciones - Sistemas Gen\u00f3micos<\/title>\n<meta name=\"robots\" content=\"index, follow, max-snippet:-1, max-image-preview:large, max-video-preview:-1\" \/>\n<link rel=\"canonical\" href=\"https:\/\/sistemasgenomicos.com\/es\/producto\/cardio-genesgkit-dmm-74-genes-12-reacciones\/\" \/>\n<meta property=\"og:locale\" content=\"es_ES\" \/>\n<meta property=\"og:type\" content=\"article\" \/>\n<meta property=\"og:title\" content=\"Cardio-GeneSGKit DMM. 74 Genes. 12 Reacciones - Sistemas Gen\u00f3micos\" \/>\n<meta property=\"og:url\" content=\"https:\/\/sistemasgenomicos.com\/es\/producto\/cardio-genesgkit-dmm-74-genes-12-reacciones\/\" \/>\n<meta property=\"og:site_name\" content=\"Sistemas Gen\u00f3micos\" \/>\n<meta property=\"article:modified_time\" content=\"2020-09-30T03:41:59+00:00\" \/>\n<meta property=\"og:image\" content=\"https:\/\/sistemasgenomicos.com\/wp-content\/uploads\/2018\/04\/logo-sistemas-genomicos-default-1.jpg\" \/>\n\t<meta property=\"og:image:width\" content=\"1200\" \/>\n\t<meta property=\"og:image:height\" content=\"750\" \/>\n\t<meta property=\"og:image:type\" content=\"image\/jpeg\" \/>\n<meta name=\"twitter:card\" content=\"summary_large_image\" \/>\n<script type=\"application\/ld+json\" class=\"yoast-schema-graph\">{\"@context\":\"https:\\\/\\\/schema.org\",\"@graph\":[{\"@type\":\"WebPage\",\"@id\":\"https:\\\/\\\/sistemasgenomicos.com\\\/es\\\/producto\\\/cardio-genesgkit-dmm-74-genes-12-reacciones\\\/\",\"url\":\"https:\\\/\\\/sistemasgenomicos.com\\\/es\\\/producto\\\/cardio-genesgkit-dmm-74-genes-12-reacciones\\\/\",\"name\":\"Cardio-GeneSGKit DMM. 74 Genes. 12 Reacciones - Sistemas Gen\u00f3micos\",\"isPartOf\":{\"@id\":\"https:\\\/\\\/sistemasgenomicos.com\\\/es\\\/#website\"},\"primaryImageOfPage\":{\"@id\":\"https:\\\/\\\/sistemasgenomicos.com\\\/es\\\/producto\\\/cardio-genesgkit-dmm-74-genes-12-reacciones\\\/#primaryimage\"},\"image\":{\"@id\":\"https:\\\/\\\/sistemasgenomicos.com\\\/es\\\/producto\\\/cardio-genesgkit-dmm-74-genes-12-reacciones\\\/#primaryimage\"},\"thumbnailUrl\":\"https:\\\/\\\/sistemasgenomicos.com\\\/wp-content\\\/uploads\\\/2018\\\/04\\\/logo-sistemas-genomicos-default-1.jpg\",\"datePublished\":\"2018-05-29T19:00:29+00:00\",\"dateModified\":\"2020-09-30T03:41:59+00:00\",\"breadcrumb\":{\"@id\":\"https:\\\/\\\/sistemasgenomicos.com\\\/es\\\/producto\\\/cardio-genesgkit-dmm-74-genes-12-reacciones\\\/#breadcrumb\"},\"inLanguage\":\"es\",\"potentialAction\":[{\"@type\":\"ReadAction\",\"target\":[\"https:\\\/\\\/sistemasgenomicos.com\\\/es\\\/producto\\\/cardio-genesgkit-dmm-74-genes-12-reacciones\\\/\"]}]},{\"@type\":\"ImageObject\",\"inLanguage\":\"es\",\"@id\":\"https:\\\/\\\/sistemasgenomicos.com\\\/es\\\/producto\\\/cardio-genesgkit-dmm-74-genes-12-reacciones\\\/#primaryimage\",\"url\":\"https:\\\/\\\/sistemasgenomicos.com\\\/wp-content\\\/uploads\\\/2018\\\/04\\\/logo-sistemas-genomicos-default-1.jpg\",\"contentUrl\":\"https:\\\/\\\/sistemasgenomicos.com\\\/wp-content\\\/uploads\\\/2018\\\/04\\\/logo-sistemas-genomicos-default-1.jpg\",\"width\":1200,\"height\":750},{\"@type\":\"BreadcrumbList\",\"@id\":\"https:\\\/\\\/sistemasgenomicos.com\\\/es\\\/producto\\\/cardio-genesgkit-dmm-74-genes-12-reacciones\\\/#breadcrumb\",\"itemListElement\":[{\"@type\":\"ListItem\",\"position\":1,\"name\":\"Portada\",\"item\":\"https:\\\/\\\/sistemasgenomicos.com\\\/es\\\/\"},{\"@type\":\"ListItem\",\"position\":2,\"name\":\"Tienda\",\"item\":\"https:\\\/\\\/sistemasgenomicos.com\\\/es\\\/tienda\\\/\"},{\"@type\":\"ListItem\",\"position\":3,\"name\":\"Cardio-GeneSGKit DMM. 74 Genes. 12 Reacciones\"}]},{\"@type\":\"WebSite\",\"@id\":\"https:\\\/\\\/sistemasgenomicos.com\\\/es\\\/#website\",\"url\":\"https:\\\/\\\/sistemasgenomicos.com\\\/es\\\/\",\"name\":\"Sistemas Gen\u00f3micos\",\"description\":\"La mayor empresa dedicada a la investigaci\u00f3n gen\u00e9tica y molecular\",\"publisher\":{\"@id\":\"https:\\\/\\\/sistemasgenomicos.com\\\/es\\\/#organization\"},\"potentialAction\":[{\"@type\":\"SearchAction\",\"target\":{\"@type\":\"EntryPoint\",\"urlTemplate\":\"https:\\\/\\\/sistemasgenomicos.com\\\/es\\\/?s={search_term_string}\"},\"query-input\":{\"@type\":\"PropertyValueSpecification\",\"valueRequired\":true,\"valueName\":\"search_term_string\"}}],\"inLanguage\":\"es\"},{\"@type\":\"Organization\",\"@id\":\"https:\\\/\\\/sistemasgenomicos.com\\\/es\\\/#organization\",\"name\":\"Sistemas Gen\u00f3micos\",\"url\":\"https:\\\/\\\/sistemasgenomicos.com\\\/es\\\/\",\"logo\":{\"@type\":\"ImageObject\",\"inLanguage\":\"es\",\"@id\":\"https:\\\/\\\/sistemasgenomicos.com\\\/es\\\/#\\\/schema\\\/logo\\\/image\\\/\",\"url\":\"https:\\\/\\\/sistemasgenomicos.com\\\/wp-content\\\/uploads\\\/2022\\\/04\\\/image001-1.png\",\"contentUrl\":\"https:\\\/\\\/sistemasgenomicos.com\\\/wp-content\\\/uploads\\\/2022\\\/04\\\/image001-1.png\",\"width\":250,\"height\":122,\"caption\":\"Sistemas Gen\u00f3micos\"},\"image\":{\"@id\":\"https:\\\/\\\/sistemasgenomicos.com\\\/es\\\/#\\\/schema\\\/logo\\\/image\\\/\"}}]}<\/script>\n<!-- \/ Yoast SEO plugin. -->","yoast_head_json":{"title":"Cardio-GeneSGKit DMM. 74 Genes. 12 Reacciones - Sistemas Gen\u00f3micos","robots":{"index":"index","follow":"follow","max-snippet":"max-snippet:-1","max-image-preview":"max-image-preview:large","max-video-preview":"max-video-preview:-1"},"canonical":"https:\/\/sistemasgenomicos.com\/es\/producto\/cardio-genesgkit-dmm-74-genes-12-reacciones\/","og_locale":"es_ES","og_type":"article","og_title":"Cardio-GeneSGKit DMM. 74 Genes. 12 Reacciones - Sistemas Gen\u00f3micos","og_url":"https:\/\/sistemasgenomicos.com\/es\/producto\/cardio-genesgkit-dmm-74-genes-12-reacciones\/","og_site_name":"Sistemas Gen\u00f3micos","article_modified_time":"2020-09-30T03:41:59+00:00","og_image":[{"width":1200,"height":750,"url":"https:\/\/sistemasgenomicos.com\/wp-content\/uploads\/2018\/04\/logo-sistemas-genomicos-default-1.jpg","type":"image\/jpeg"}],"twitter_card":"summary_large_image","schema":{"@context":"https:\/\/schema.org","@graph":[{"@type":"WebPage","@id":"https:\/\/sistemasgenomicos.com\/es\/producto\/cardio-genesgkit-dmm-74-genes-12-reacciones\/","url":"https:\/\/sistemasgenomicos.com\/es\/producto\/cardio-genesgkit-dmm-74-genes-12-reacciones\/","name":"Cardio-GeneSGKit DMM. 74 Genes. 12 Reacciones - Sistemas Gen\u00f3micos","isPartOf":{"@id":"https:\/\/sistemasgenomicos.com\/es\/#website"},"primaryImageOfPage":{"@id":"https:\/\/sistemasgenomicos.com\/es\/producto\/cardio-genesgkit-dmm-74-genes-12-reacciones\/#primaryimage"},"image":{"@id":"https:\/\/sistemasgenomicos.com\/es\/producto\/cardio-genesgkit-dmm-74-genes-12-reacciones\/#primaryimage"},"thumbnailUrl":"https:\/\/sistemasgenomicos.com\/wp-content\/uploads\/2018\/04\/logo-sistemas-genomicos-default-1.jpg","datePublished":"2018-05-29T19:00:29+00:00","dateModified":"2020-09-30T03:41:59+00:00","breadcrumb":{"@id":"https:\/\/sistemasgenomicos.com\/es\/producto\/cardio-genesgkit-dmm-74-genes-12-reacciones\/#breadcrumb"},"inLanguage":"es","potentialAction":[{"@type":"ReadAction","target":["https:\/\/sistemasgenomicos.com\/es\/producto\/cardio-genesgkit-dmm-74-genes-12-reacciones\/"]}]},{"@type":"ImageObject","inLanguage":"es","@id":"https:\/\/sistemasgenomicos.com\/es\/producto\/cardio-genesgkit-dmm-74-genes-12-reacciones\/#primaryimage","url":"https:\/\/sistemasgenomicos.com\/wp-content\/uploads\/2018\/04\/logo-sistemas-genomicos-default-1.jpg","contentUrl":"https:\/\/sistemasgenomicos.com\/wp-content\/uploads\/2018\/04\/logo-sistemas-genomicos-default-1.jpg","width":1200,"height":750},{"@type":"BreadcrumbList","@id":"https:\/\/sistemasgenomicos.com\/es\/producto\/cardio-genesgkit-dmm-74-genes-12-reacciones\/#breadcrumb","itemListElement":[{"@type":"ListItem","position":1,"name":"Portada","item":"https:\/\/sistemasgenomicos.com\/es\/"},{"@type":"ListItem","position":2,"name":"Tienda","item":"https:\/\/sistemasgenomicos.com\/es\/tienda\/"},{"@type":"ListItem","position":3,"name":"Cardio-GeneSGKit DMM. 74 Genes. 12 Reacciones"}]},{"@type":"WebSite","@id":"https:\/\/sistemasgenomicos.com\/es\/#website","url":"https:\/\/sistemasgenomicos.com\/es\/","name":"Sistemas Gen\u00f3micos","description":"La mayor empresa dedicada a la investigaci\u00f3n gen\u00e9tica y molecular","publisher":{"@id":"https:\/\/sistemasgenomicos.com\/es\/#organization"},"potentialAction":[{"@type":"SearchAction","target":{"@type":"EntryPoint","urlTemplate":"https:\/\/sistemasgenomicos.com\/es\/?s={search_term_string}"},"query-input":{"@type":"PropertyValueSpecification","valueRequired":true,"valueName":"search_term_string"}}],"inLanguage":"es"},{"@type":"Organization","@id":"https:\/\/sistemasgenomicos.com\/es\/#organization","name":"Sistemas Gen\u00f3micos","url":"https:\/\/sistemasgenomicos.com\/es\/","logo":{"@type":"ImageObject","inLanguage":"es","@id":"https:\/\/sistemasgenomicos.com\/es\/#\/schema\/logo\/image\/","url":"https:\/\/sistemasgenomicos.com\/wp-content\/uploads\/2022\/04\/image001-1.png","contentUrl":"https:\/\/sistemasgenomicos.com\/wp-content\/uploads\/2022\/04\/image001-1.png","width":250,"height":122,"caption":"Sistemas Gen\u00f3micos"},"image":{"@id":"https:\/\/sistemasgenomicos.com\/es\/#\/schema\/logo\/image\/"}}]}},"_links":{"self":[{"href":"https:\/\/sistemasgenomicos.com\/es\/wp-json\/wp\/v2\/product\/45218","targetHints":{"allow":["GET"]}}],"collection":[{"href":"https:\/\/sistemasgenomicos.com\/es\/wp-json\/wp\/v2\/product"}],"about":[{"href":"https:\/\/sistemasgenomicos.com\/es\/wp-json\/wp\/v2\/types\/product"}],"wp:featuredmedia":[{"embeddable":true,"href":"https:\/\/sistemasgenomicos.com\/es\/wp-json\/wp\/v2\/media\/42665"}],"wp:attachment":[{"href":"https:\/\/sistemasgenomicos.com\/es\/wp-json\/wp\/v2\/media?parent=45218"}],"wp:term":[{"taxonomy":"product_brand","embeddable":true,"href":"https:\/\/sistemasgenomicos.com\/es\/wp-json\/wp\/v2\/product_brand?post=45218"},{"taxonomy":"product_cat","embeddable":true,"href":"https:\/\/sistemasgenomicos.com\/es\/wp-json\/wp\/v2\/product_cat?post=45218"},{"taxonomy":"product_tag","embeddable":true,"href":"https:\/\/sistemasgenomicos.com\/es\/wp-json\/wp\/v2\/product_tag?post=45218"}],"curies":[{"name":"wp","href":"https:\/\/api.w.org\/{rel}","templated":true}]}}