{"id":45214,"date":"2018-05-29T19:00:26","date_gmt":"2018-05-29T19:00:26","guid":{"rendered":"https:\/\/sistemasgenomicos.digitis.net\/tienda-online\/neuro-genesgkit-326-genes-12-reacciones\/"},"modified":"2020-09-30T05:41:57","modified_gmt":"2020-09-30T03:41:57","slug":"neuro-genesgkit-326-genes-12-reacciones","status":"publish","type":"product","link":"https:\/\/sistemasgenomicos.com\/es\/producto\/neuro-genesgkit-326-genes-12-reacciones\/","title":{"rendered":"Neuro-GeneSGKit. 326 Genes. 12 Reacciones"},"content":{"rendered":"","protected":false},"excerpt":{"rendered":"","protected":false},"featured_media":42665,"template":"","meta":[],"product_brand":[],"product_cat":[8703,47,9456],"product_tag":[23685],"class_list":{"0":"post-45214","1":"product","2":"type-product","3":"status-publish","4":"has-post-thumbnail","6":"gen-als2","7":"gen-ifrd1","8":"gen-scn4a","9":"gen-pax6","10":"gen-ttc19","11":"gen-tyrobp","12":"gen-polr3b","13":"gen-matr3","14":"gen-atp1a2","15":"gen-mre11a","16":"gen-spast","17":"gen-musk","18":"gen-grn","19":"gen-pnpla6","20":"gen-tdp1","21":"gen-cp","22":"gen-xk","23":"gen-kif1b","24":"gen-galc","25":"gen-zfr","26":"gen-ctdp1","27":"gen-wnk1","28":"gen-sncaip","29":"gen-kars","30":"gen-pdk3","31":"gen-coasy","32":"gen-reep1","33":"gen-vps35","34":"gen-ikbkap","35":"gen-gba2","36":"gen-chat","37":"gen-eif2b3","38":"gen-zfyve26","39":"gen-notch3","40":"gen-sncb","41":"gen-actb","42":"gen-rab7a","43":"gen-nt5c2","44":"gen-slc1a3","45":"gen-dnm2","46":"gen-psen1","47":"gen-ap4e1","48":"gen-cacna1s","49":"gen-chmp2b","50":"gen-ddhd2","51":"gen-mtmr2","52":"gen-ftl","53":"gen-coq9","54":"gen-fus","55":"gen-sptlc1","56":"gen-spg21","57":"gen-aars","58":"gen-trem2","59":"gen-fbxo7","60":"gen-sbf1","61":"gen-arsa","62":"gen-pdgfb","63":"gen-ap4s1","64":"gen-ddhd1","65":"gen-sptlc2","66":"gen-abhd12","67":"gen-pdyn","68":"gen-abcd1","69":"gen-fmr1","70":"gen-fgf14","71":"gen-fa2h","72":"gen-stub1","73":"gen-rpgrip1l","74":"gen-spg11","75":"gen-gdap1","76":"gen-ndrg1","77":"gen-nefl","78":"gen-arhgef10","79":"gen-tubb4a","80":"gen-med25","81":"gen-prx","82":"gen-atp1a3","83":"gen-mag","84":"gen-gars","85":"gen-hspb1","86":"gen-setx","87":"gen-phyh","88":"gen-erlin1","89":"gen-c10orf2","90":"gen-mtpap","91":"gen-gosr2","92":"gen-pfn1","93":"gen-chrne","94":"gen-pmp22","95":"gen-trim2","96":"gen-dao","97":"gen-trpv4","98":"gen-kcna1","99":"gen-eif2b1","100":"gen-fig4","101":"gen-lmnb1","102":"gen-pdgfrb","103":"gen-tfg","104":"gen-gnb4","105":"gen-wdr48","106":"gen-clcn2","107":"gen-eif4g1","108":"gen-eif2b4","109":"gen-htra2","110":"gen-slc5a7","111":"gen-spr","112":"gen-scp2","113":"gen-park7","114":"gen-ampd2","115":"gen-dnajc6","116":"gen-mfn2","117":"gen-slc2a1","118":"gen-elovl4","119":"gen-rab3gap2","120":"gen-eif2b2","121":"gen-sil1","122":"gen-tardbp","123":"gen-hnrnpa2b1","124":"gen-fam126a","125":"gen-egr2","126":"gen-atp7b","127":"gen-optn","128":"gen-plp1","129":"gen-vapb","130":"gen-gdap1l1","131":"gen-rtn2","132":"gen-pank2","133":"gen-flrt1","134":"gen-prkcg","135":"gen-timm8a","136":"gen-sgce","137":"gen-gad1","138":"gen-ttbk2","139":"gen-kif1c","140":"gen-apoe","141":"gen-kif1a","142":"gen-dnmt1","143":"gen-c12orf65","144":"gen-syne1","145":"gen-abcb7","146":"gen-kcnc3","147":"gen-pdha1","148":"gen-thap1","149":"gen-c19orf12","150":"gen-gch1","151":"gen-reep2","152":"gen-ighmbp2","153":"gen-atp8a2","154":"gen-spg20","155":"gen-sbf2","156":"gen-hsd17b4","157":"gen-elp3","158":"gen-ngf","159":"gen-ap4b1","160":"gen-ano3","161":"gen-yars","162":"gen-b4galnt1","163":"gen-hnrnpa1","164":"gen-chrnd","165":"gen-dnajb2","166":"gen-cyp27a1","167":"gen-itm2b","168":"gen-nkx2-1","169":"gen-tor1a","170":"gen-aptx","171":"gen-ttpa","172":"gen-hadhb","173":"gen-entpd1","174":"gen-chrna1","175":"gen-usp8","176":"gen-scarb2","177":"gen-mttp","178":"gen-fgd4","179":"gen-vamp1","180":"gen-fbln5","181":"gen-polg","182":"gen-afg3l2","183":"gen-gnal","184":"gen-pik3r5","185":"gen-cacna1a","186":"gen-sod1","187":"gen-app","188":"gen-slc6a3","189":"gen-hspg2","190":"gen-syt14","191":"gen-lyst","192":"gen-psen2","193":"gen-nphp1","194":"gen-scn1a","195":"gen-hspd1","196":"gen-rubcn","197":"gen-eif2b5","198":"gen-snca","199":"gen-fbxo38","200":"gen-slc16a2","201":"gen-taf1","202":"gen-prps1","203":"gen-erlin2","204":"gen-vldlr","205":"gen-c9orf72","206":"gen-sigmar1","207":"gen-surf1","208":"gen-ciz1","209":"gen-lrsam1","210":"gen-pdss1","211":"gen-polr3a","212":"gen-drd2","213":"gen-atm","214":"gen-cct5","215":"gen-pts","216":"gen-itpr1","217":"gen-sacs","218":"gen-dst","219":"gen-hspb8","220":"gen-grid2","221":"gen-grm1","222":"gen-mr1","223":"gen-fam134b","224":"gen-uchl1","225":"gen-cyp2u1","226":"gen-zfyve27","227":"gen-vps37a","228":"gen-kif5a","229":"gen-hk1","230":"gen-aifm1","231":"gen-pink1","232":"gen-mpz","233":"gen-synj1","234":"gen-atp13a2","235":"gen-ano10","236":"gen-lmna","237":"gen-sqstm1","238":"gen-flvcr1","239":"gen-adck3","240":"gen-aimp1","241":"gen-pdss2","242":"gen-tmem67","243":"gen-kiaa0196","244":"gen-fxn","245":"gen-atp7a","246":"gen-vcp","247":"gen-rapsn","248":"gen-tpp1","249":"gen-bean1","250":"gen-znf592","251":"gen-tgm6","252":"gen-mars","253":"gen-prrt2","254":"gen-atcay","255":"gen-eef2","256":"gen-bscl2","257":"gen-scn11a","258":"gen-slc20a2","259":"gen-sh3tc2","260":"gen-hspb3","261":"gen-slc33a1","262":"gen-gjb1","263":"gen-hint1","264":"gen-nipa1","265":"gen-chrnb1","266":"gen-arl6ip1","267":"gen-kcnd3","268":"gen-plekhg5","269":"gen-prnp","270":"gen-dpagt1","271":"gen-taf15","272":"gen-cyp7b1","273":"gen-coq2","274":"gen-adcy5","275":"gen-pc","276":"gen-sptbn2","277":"gen-atr","278":"gen-dok7","279":"gen-gba","280":"gen-kcnj10","281":"gen-ca8","282":"gen-erbb4","283":"gen-th","284":"gen-prkra","285":"gen-dhtkd1","286":"gen-atp6ap2","287":"gen-cacnb4","288":"gen-csf1r","289":"gen-arsi","290":"gen-pla2g6","291":"gen-atl3","292":"gen-park2","293":"gen-bicd2","294":"gen-wwox","295":"gen-kcnk18","296":"gen-mapt","297":"gen-ubqln2","298":"gen-clcn1","299":"gen-agrn","300":"gen-lrrk2","301":"gen-litaf","302":"gen-plekhg4","303":"gen-tecpr2","304":"gen-chrng","305":"gen-scn8a","306":"gen-wdr45","307":"gen-dync1h1","308":"gen-pgap1","309":"gen-psap","310":"gen-spg7","311":"gen-vps13a","312":"gen-gfpt1","313":"gen-ntrk1","314":"gen-atl1","315":"gen-slc9a6","316":"gen-cep290","317":"gen-gjc2","318":"gen-opa1","319":"gen-l1cam","320":"gen-inf2","321":"gen-cox20","322":"gen-gigyf2","323":"gen-dctn1","324":"gen-dnajc19","325":"gen-colq","326":"gen-hexa","327":"gen-trex1","328":"gen-ang","329":"gen-vamp2","330":"gen-ap4m1","331":"gen-ap5z1","332":"product_cat-genesgkit-biomedicina-kits-de-diagnostico","333":"product_cat-kits-de-diagnostico","334":"product_cat-neuropatias-genesgkit-biomedicina-kits-de-diagnostico","335":"product_tag-kits-de-neuropatiasc00589","337":"first","338":"instock","339":"taxable","340":"shipping-taxable","341":"product-type-simple"},"acf":[],"yoast_head":"<!-- This site is optimized with the Yoast SEO plugin v27.4 - https:\/\/yoast.com\/product\/yoast-seo-wordpress\/ -->\n<title>Neuro-GeneSGKit. 326 Genes. 12 Reacciones - Sistemas Gen\u00f3micos<\/title>\n<meta name=\"robots\" content=\"index, follow, max-snippet:-1, max-image-preview:large, max-video-preview:-1\" \/>\n<link rel=\"canonical\" href=\"https:\/\/sistemasgenomicos.com\/es\/producto\/neuro-genesgkit-326-genes-12-reacciones\/\" \/>\n<meta property=\"og:locale\" content=\"es_ES\" \/>\n<meta property=\"og:type\" content=\"article\" \/>\n<meta property=\"og:title\" content=\"Neuro-GeneSGKit. 326 Genes. 12 Reacciones - Sistemas Gen\u00f3micos\" \/>\n<meta property=\"og:url\" content=\"https:\/\/sistemasgenomicos.com\/es\/producto\/neuro-genesgkit-326-genes-12-reacciones\/\" \/>\n<meta property=\"og:site_name\" content=\"Sistemas Gen\u00f3micos\" \/>\n<meta property=\"article:modified_time\" content=\"2020-09-30T03:41:57+00:00\" \/>\n<meta property=\"og:image\" content=\"https:\/\/sistemasgenomicos.com\/wp-content\/uploads\/2018\/04\/logo-sistemas-genomicos-default-1.jpg\" \/>\n\t<meta property=\"og:image:width\" content=\"1200\" \/>\n\t<meta property=\"og:image:height\" content=\"750\" \/>\n\t<meta property=\"og:image:type\" content=\"image\/jpeg\" \/>\n<meta name=\"twitter:card\" content=\"summary_large_image\" \/>\n<script type=\"application\/ld+json\" class=\"yoast-schema-graph\">{\"@context\":\"https:\\\/\\\/schema.org\",\"@graph\":[{\"@type\":\"WebPage\",\"@id\":\"https:\\\/\\\/sistemasgenomicos.com\\\/es\\\/producto\\\/neuro-genesgkit-326-genes-12-reacciones\\\/\",\"url\":\"https:\\\/\\\/sistemasgenomicos.com\\\/es\\\/producto\\\/neuro-genesgkit-326-genes-12-reacciones\\\/\",\"name\":\"Neuro-GeneSGKit. 326 Genes. 12 Reacciones - Sistemas Gen\u00f3micos\",\"isPartOf\":{\"@id\":\"https:\\\/\\\/sistemasgenomicos.com\\\/es\\\/#website\"},\"primaryImageOfPage\":{\"@id\":\"https:\\\/\\\/sistemasgenomicos.com\\\/es\\\/producto\\\/neuro-genesgkit-326-genes-12-reacciones\\\/#primaryimage\"},\"image\":{\"@id\":\"https:\\\/\\\/sistemasgenomicos.com\\\/es\\\/producto\\\/neuro-genesgkit-326-genes-12-reacciones\\\/#primaryimage\"},\"thumbnailUrl\":\"https:\\\/\\\/sistemasgenomicos.com\\\/wp-content\\\/uploads\\\/2018\\\/04\\\/logo-sistemas-genomicos-default-1.jpg\",\"datePublished\":\"2018-05-29T19:00:26+00:00\",\"dateModified\":\"2020-09-30T03:41:57+00:00\",\"breadcrumb\":{\"@id\":\"https:\\\/\\\/sistemasgenomicos.com\\\/es\\\/producto\\\/neuro-genesgkit-326-genes-12-reacciones\\\/#breadcrumb\"},\"inLanguage\":\"es\",\"potentialAction\":[{\"@type\":\"ReadAction\",\"target\":[\"https:\\\/\\\/sistemasgenomicos.com\\\/es\\\/producto\\\/neuro-genesgkit-326-genes-12-reacciones\\\/\"]}]},{\"@type\":\"ImageObject\",\"inLanguage\":\"es\",\"@id\":\"https:\\\/\\\/sistemasgenomicos.com\\\/es\\\/producto\\\/neuro-genesgkit-326-genes-12-reacciones\\\/#primaryimage\",\"url\":\"https:\\\/\\\/sistemasgenomicos.com\\\/wp-content\\\/uploads\\\/2018\\\/04\\\/logo-sistemas-genomicos-default-1.jpg\",\"contentUrl\":\"https:\\\/\\\/sistemasgenomicos.com\\\/wp-content\\\/uploads\\\/2018\\\/04\\\/logo-sistemas-genomicos-default-1.jpg\",\"width\":1200,\"height\":750},{\"@type\":\"BreadcrumbList\",\"@id\":\"https:\\\/\\\/sistemasgenomicos.com\\\/es\\\/producto\\\/neuro-genesgkit-326-genes-12-reacciones\\\/#breadcrumb\",\"itemListElement\":[{\"@type\":\"ListItem\",\"position\":1,\"name\":\"Portada\",\"item\":\"https:\\\/\\\/sistemasgenomicos.com\\\/es\\\/\"},{\"@type\":\"ListItem\",\"position\":2,\"name\":\"Tienda\",\"item\":\"https:\\\/\\\/sistemasgenomicos.com\\\/es\\\/tienda\\\/\"},{\"@type\":\"ListItem\",\"position\":3,\"name\":\"Neuro-GeneSGKit. 326 Genes. 12 Reacciones\"}]},{\"@type\":\"WebSite\",\"@id\":\"https:\\\/\\\/sistemasgenomicos.com\\\/es\\\/#website\",\"url\":\"https:\\\/\\\/sistemasgenomicos.com\\\/es\\\/\",\"name\":\"Sistemas Gen\u00f3micos\",\"description\":\"La mayor empresa dedicada a la investigaci\u00f3n gen\u00e9tica y molecular\",\"publisher\":{\"@id\":\"https:\\\/\\\/sistemasgenomicos.com\\\/es\\\/#organization\"},\"potentialAction\":[{\"@type\":\"SearchAction\",\"target\":{\"@type\":\"EntryPoint\",\"urlTemplate\":\"https:\\\/\\\/sistemasgenomicos.com\\\/es\\\/?s={search_term_string}\"},\"query-input\":{\"@type\":\"PropertyValueSpecification\",\"valueRequired\":true,\"valueName\":\"search_term_string\"}}],\"inLanguage\":\"es\"},{\"@type\":\"Organization\",\"@id\":\"https:\\\/\\\/sistemasgenomicos.com\\\/es\\\/#organization\",\"name\":\"Sistemas Gen\u00f3micos\",\"url\":\"https:\\\/\\\/sistemasgenomicos.com\\\/es\\\/\",\"logo\":{\"@type\":\"ImageObject\",\"inLanguage\":\"es\",\"@id\":\"https:\\\/\\\/sistemasgenomicos.com\\\/es\\\/#\\\/schema\\\/logo\\\/image\\\/\",\"url\":\"https:\\\/\\\/sistemasgenomicos.com\\\/wp-content\\\/uploads\\\/2022\\\/04\\\/image001-1.png\",\"contentUrl\":\"https:\\\/\\\/sistemasgenomicos.com\\\/wp-content\\\/uploads\\\/2022\\\/04\\\/image001-1.png\",\"width\":250,\"height\":122,\"caption\":\"Sistemas Gen\u00f3micos\"},\"image\":{\"@id\":\"https:\\\/\\\/sistemasgenomicos.com\\\/es\\\/#\\\/schema\\\/logo\\\/image\\\/\"}}]}<\/script>\n<!-- \/ Yoast SEO plugin. -->","yoast_head_json":{"title":"Neuro-GeneSGKit. 326 Genes. 12 Reacciones - Sistemas Gen\u00f3micos","robots":{"index":"index","follow":"follow","max-snippet":"max-snippet:-1","max-image-preview":"max-image-preview:large","max-video-preview":"max-video-preview:-1"},"canonical":"https:\/\/sistemasgenomicos.com\/es\/producto\/neuro-genesgkit-326-genes-12-reacciones\/","og_locale":"es_ES","og_type":"article","og_title":"Neuro-GeneSGKit. 326 Genes. 12 Reacciones - Sistemas Gen\u00f3micos","og_url":"https:\/\/sistemasgenomicos.com\/es\/producto\/neuro-genesgkit-326-genes-12-reacciones\/","og_site_name":"Sistemas Gen\u00f3micos","article_modified_time":"2020-09-30T03:41:57+00:00","og_image":[{"width":1200,"height":750,"url":"https:\/\/sistemasgenomicos.com\/wp-content\/uploads\/2018\/04\/logo-sistemas-genomicos-default-1.jpg","type":"image\/jpeg"}],"twitter_card":"summary_large_image","schema":{"@context":"https:\/\/schema.org","@graph":[{"@type":"WebPage","@id":"https:\/\/sistemasgenomicos.com\/es\/producto\/neuro-genesgkit-326-genes-12-reacciones\/","url":"https:\/\/sistemasgenomicos.com\/es\/producto\/neuro-genesgkit-326-genes-12-reacciones\/","name":"Neuro-GeneSGKit. 326 Genes. 12 Reacciones - Sistemas Gen\u00f3micos","isPartOf":{"@id":"https:\/\/sistemasgenomicos.com\/es\/#website"},"primaryImageOfPage":{"@id":"https:\/\/sistemasgenomicos.com\/es\/producto\/neuro-genesgkit-326-genes-12-reacciones\/#primaryimage"},"image":{"@id":"https:\/\/sistemasgenomicos.com\/es\/producto\/neuro-genesgkit-326-genes-12-reacciones\/#primaryimage"},"thumbnailUrl":"https:\/\/sistemasgenomicos.com\/wp-content\/uploads\/2018\/04\/logo-sistemas-genomicos-default-1.jpg","datePublished":"2018-05-29T19:00:26+00:00","dateModified":"2020-09-30T03:41:57+00:00","breadcrumb":{"@id":"https:\/\/sistemasgenomicos.com\/es\/producto\/neuro-genesgkit-326-genes-12-reacciones\/#breadcrumb"},"inLanguage":"es","potentialAction":[{"@type":"ReadAction","target":["https:\/\/sistemasgenomicos.com\/es\/producto\/neuro-genesgkit-326-genes-12-reacciones\/"]}]},{"@type":"ImageObject","inLanguage":"es","@id":"https:\/\/sistemasgenomicos.com\/es\/producto\/neuro-genesgkit-326-genes-12-reacciones\/#primaryimage","url":"https:\/\/sistemasgenomicos.com\/wp-content\/uploads\/2018\/04\/logo-sistemas-genomicos-default-1.jpg","contentUrl":"https:\/\/sistemasgenomicos.com\/wp-content\/uploads\/2018\/04\/logo-sistemas-genomicos-default-1.jpg","width":1200,"height":750},{"@type":"BreadcrumbList","@id":"https:\/\/sistemasgenomicos.com\/es\/producto\/neuro-genesgkit-326-genes-12-reacciones\/#breadcrumb","itemListElement":[{"@type":"ListItem","position":1,"name":"Portada","item":"https:\/\/sistemasgenomicos.com\/es\/"},{"@type":"ListItem","position":2,"name":"Tienda","item":"https:\/\/sistemasgenomicos.com\/es\/tienda\/"},{"@type":"ListItem","position":3,"name":"Neuro-GeneSGKit. 326 Genes. 12 Reacciones"}]},{"@type":"WebSite","@id":"https:\/\/sistemasgenomicos.com\/es\/#website","url":"https:\/\/sistemasgenomicos.com\/es\/","name":"Sistemas Gen\u00f3micos","description":"La mayor empresa dedicada a la investigaci\u00f3n gen\u00e9tica y molecular","publisher":{"@id":"https:\/\/sistemasgenomicos.com\/es\/#organization"},"potentialAction":[{"@type":"SearchAction","target":{"@type":"EntryPoint","urlTemplate":"https:\/\/sistemasgenomicos.com\/es\/?s={search_term_string}"},"query-input":{"@type":"PropertyValueSpecification","valueRequired":true,"valueName":"search_term_string"}}],"inLanguage":"es"},{"@type":"Organization","@id":"https:\/\/sistemasgenomicos.com\/es\/#organization","name":"Sistemas Gen\u00f3micos","url":"https:\/\/sistemasgenomicos.com\/es\/","logo":{"@type":"ImageObject","inLanguage":"es","@id":"https:\/\/sistemasgenomicos.com\/es\/#\/schema\/logo\/image\/","url":"https:\/\/sistemasgenomicos.com\/wp-content\/uploads\/2022\/04\/image001-1.png","contentUrl":"https:\/\/sistemasgenomicos.com\/wp-content\/uploads\/2022\/04\/image001-1.png","width":250,"height":122,"caption":"Sistemas Gen\u00f3micos"},"image":{"@id":"https:\/\/sistemasgenomicos.com\/es\/#\/schema\/logo\/image\/"}}]}},"_links":{"self":[{"href":"https:\/\/sistemasgenomicos.com\/es\/wp-json\/wp\/v2\/product\/45214","targetHints":{"allow":["GET"]}}],"collection":[{"href":"https:\/\/sistemasgenomicos.com\/es\/wp-json\/wp\/v2\/product"}],"about":[{"href":"https:\/\/sistemasgenomicos.com\/es\/wp-json\/wp\/v2\/types\/product"}],"wp:featuredmedia":[{"embeddable":true,"href":"https:\/\/sistemasgenomicos.com\/es\/wp-json\/wp\/v2\/media\/42665"}],"wp:attachment":[{"href":"https:\/\/sistemasgenomicos.com\/es\/wp-json\/wp\/v2\/media?parent=45214"}],"wp:term":[{"taxonomy":"product_brand","embeddable":true,"href":"https:\/\/sistemasgenomicos.com\/es\/wp-json\/wp\/v2\/product_brand?post=45214"},{"taxonomy":"product_cat","embeddable":true,"href":"https:\/\/sistemasgenomicos.com\/es\/wp-json\/wp\/v2\/product_cat?post=45214"},{"taxonomy":"product_tag","embeddable":true,"href":"https:\/\/sistemasgenomicos.com\/es\/wp-json\/wp\/v2\/product_tag?post=45214"}],"curies":[{"name":"wp","href":"https:\/\/api.w.org\/{rel}","templated":true}]}}