{"id":44544,"date":"2018-05-29T16:40:37","date_gmt":"2018-05-29T16:40:37","guid":{"rendered":"https:\/\/sistemasgenomicos.digitis.net\/tienda-online\/informe-y-validaciones-de-variantes-hasta-5-genes\/"},"modified":"2020-09-30T05:18:12","modified_gmt":"2020-09-30T03:18:12","slug":"informe-y-validaciones-de-variantes-hasta-5-genes","status":"publish","type":"product","link":"https:\/\/sistemasgenomicos.com\/es\/producto\/informe-y-validaciones-de-variantes-hasta-5-genes\/","title":{"rendered":"Informe y validaciones de variantes hasta 5 genes."},"content":{"rendered":"","protected":false},"excerpt":{"rendered":"","protected":false},"featured_media":42665,"template":"","meta":[],"product_brand":[],"product_cat":[86,8679,9355],"product_tag":[24124],"class_list":{"0":"post-44544","1":"product","2":"type-product","3":"status-publish","4":"has-post-thumbnail","6":"gen-brca1","7":"gen-brca2","8":"product_cat-analisis-y-estudios-geneticos","9":"product_cat-diagnostico-genetico-molecularn","10":"product_cat-listado-de-enfermedades","11":"product_tag-paneles-a-medidad00006","13":"first","14":"instock","15":"taxable","16":"shipping-taxable","17":"product-type-simple"},"acf":[],"yoast_head":"<!-- This site is optimized with the Yoast SEO plugin v27.3 - https:\/\/yoast.com\/product\/yoast-seo-wordpress\/ -->\n<title>Informe y validaciones de variantes hasta 5 genes. - Sistemas Gen\u00f3micos<\/title>\n<meta name=\"robots\" content=\"index, follow, max-snippet:-1, max-image-preview:large, max-video-preview:-1\" \/>\n<link rel=\"canonical\" href=\"https:\/\/sistemasgenomicos.com\/es\/producto\/informe-y-validaciones-de-variantes-hasta-5-genes\/\" \/>\n<meta property=\"og:locale\" content=\"es_ES\" \/>\n<meta property=\"og:type\" content=\"article\" \/>\n<meta property=\"og:title\" content=\"Informe y validaciones de variantes hasta 5 genes. - Sistemas Gen\u00f3micos\" \/>\n<meta property=\"og:url\" content=\"https:\/\/sistemasgenomicos.com\/es\/producto\/informe-y-validaciones-de-variantes-hasta-5-genes\/\" \/>\n<meta property=\"og:site_name\" content=\"Sistemas Gen\u00f3micos\" \/>\n<meta property=\"article:modified_time\" content=\"2020-09-30T03:18:12+00:00\" \/>\n<meta property=\"og:image\" content=\"https:\/\/sistemasgenomicos.com\/wp-content\/uploads\/2018\/04\/logo-sistemas-genomicos-default-1.jpg\" \/>\n\t<meta property=\"og:image:width\" content=\"1200\" \/>\n\t<meta property=\"og:image:height\" content=\"750\" \/>\n\t<meta property=\"og:image:type\" content=\"image\/jpeg\" \/>\n<meta name=\"twitter:card\" content=\"summary_large_image\" \/>\n<script type=\"application\/ld+json\" class=\"yoast-schema-graph\">{\"@context\":\"https:\\\/\\\/schema.org\",\"@graph\":[{\"@type\":\"WebPage\",\"@id\":\"https:\\\/\\\/sistemasgenomicos.com\\\/es\\\/producto\\\/informe-y-validaciones-de-variantes-hasta-5-genes\\\/\",\"url\":\"https:\\\/\\\/sistemasgenomicos.com\\\/es\\\/producto\\\/informe-y-validaciones-de-variantes-hasta-5-genes\\\/\",\"name\":\"Informe y validaciones de variantes hasta 5 genes. - Sistemas Gen\u00f3micos\",\"isPartOf\":{\"@id\":\"https:\\\/\\\/sistemasgenomicos.com\\\/es\\\/#website\"},\"primaryImageOfPage\":{\"@id\":\"https:\\\/\\\/sistemasgenomicos.com\\\/es\\\/producto\\\/informe-y-validaciones-de-variantes-hasta-5-genes\\\/#primaryimage\"},\"image\":{\"@id\":\"https:\\\/\\\/sistemasgenomicos.com\\\/es\\\/producto\\\/informe-y-validaciones-de-variantes-hasta-5-genes\\\/#primaryimage\"},\"thumbnailUrl\":\"https:\\\/\\\/sistemasgenomicos.com\\\/wp-content\\\/uploads\\\/2018\\\/04\\\/logo-sistemas-genomicos-default-1.jpg\",\"datePublished\":\"2018-05-29T16:40:37+00:00\",\"dateModified\":\"2020-09-30T03:18:12+00:00\",\"breadcrumb\":{\"@id\":\"https:\\\/\\\/sistemasgenomicos.com\\\/es\\\/producto\\\/informe-y-validaciones-de-variantes-hasta-5-genes\\\/#breadcrumb\"},\"inLanguage\":\"es\",\"potentialAction\":[{\"@type\":\"ReadAction\",\"target\":[\"https:\\\/\\\/sistemasgenomicos.com\\\/es\\\/producto\\\/informe-y-validaciones-de-variantes-hasta-5-genes\\\/\"]}]},{\"@type\":\"ImageObject\",\"inLanguage\":\"es\",\"@id\":\"https:\\\/\\\/sistemasgenomicos.com\\\/es\\\/producto\\\/informe-y-validaciones-de-variantes-hasta-5-genes\\\/#primaryimage\",\"url\":\"https:\\\/\\\/sistemasgenomicos.com\\\/wp-content\\\/uploads\\\/2018\\\/04\\\/logo-sistemas-genomicos-default-1.jpg\",\"contentUrl\":\"https:\\\/\\\/sistemasgenomicos.com\\\/wp-content\\\/uploads\\\/2018\\\/04\\\/logo-sistemas-genomicos-default-1.jpg\",\"width\":1200,\"height\":750},{\"@type\":\"BreadcrumbList\",\"@id\":\"https:\\\/\\\/sistemasgenomicos.com\\\/es\\\/producto\\\/informe-y-validaciones-de-variantes-hasta-5-genes\\\/#breadcrumb\",\"itemListElement\":[{\"@type\":\"ListItem\",\"position\":1,\"name\":\"Portada\",\"item\":\"https:\\\/\\\/sistemasgenomicos.com\\\/es\\\/\"},{\"@type\":\"ListItem\",\"position\":2,\"name\":\"Tienda\",\"item\":\"https:\\\/\\\/sistemasgenomicos.com\\\/es\\\/tienda\\\/\"},{\"@type\":\"ListItem\",\"position\":3,\"name\":\"Informe y validaciones de variantes hasta 5 genes.\"}]},{\"@type\":\"WebSite\",\"@id\":\"https:\\\/\\\/sistemasgenomicos.com\\\/es\\\/#website\",\"url\":\"https:\\\/\\\/sistemasgenomicos.com\\\/es\\\/\",\"name\":\"Sistemas Gen\u00f3micos\",\"description\":\"La mayor empresa dedicada a la investigaci\u00f3n gen\u00e9tica y molecular\",\"publisher\":{\"@id\":\"https:\\\/\\\/sistemasgenomicos.com\\\/es\\\/#organization\"},\"potentialAction\":[{\"@type\":\"SearchAction\",\"target\":{\"@type\":\"EntryPoint\",\"urlTemplate\":\"https:\\\/\\\/sistemasgenomicos.com\\\/es\\\/?s={search_term_string}\"},\"query-input\":{\"@type\":\"PropertyValueSpecification\",\"valueRequired\":true,\"valueName\":\"search_term_string\"}}],\"inLanguage\":\"es\"},{\"@type\":\"Organization\",\"@id\":\"https:\\\/\\\/sistemasgenomicos.com\\\/es\\\/#organization\",\"name\":\"Sistemas Gen\u00f3micos\",\"url\":\"https:\\\/\\\/sistemasgenomicos.com\\\/es\\\/\",\"logo\":{\"@type\":\"ImageObject\",\"inLanguage\":\"es\",\"@id\":\"https:\\\/\\\/sistemasgenomicos.com\\\/es\\\/#\\\/schema\\\/logo\\\/image\\\/\",\"url\":\"https:\\\/\\\/sistemasgenomicos.com\\\/wp-content\\\/uploads\\\/2022\\\/04\\\/image001-1.png\",\"contentUrl\":\"https:\\\/\\\/sistemasgenomicos.com\\\/wp-content\\\/uploads\\\/2022\\\/04\\\/image001-1.png\",\"width\":250,\"height\":122,\"caption\":\"Sistemas Gen\u00f3micos\"},\"image\":{\"@id\":\"https:\\\/\\\/sistemasgenomicos.com\\\/es\\\/#\\\/schema\\\/logo\\\/image\\\/\"}}]}<\/script>\n<!-- \/ Yoast SEO plugin. -->","yoast_head_json":{"title":"Informe y validaciones de variantes hasta 5 genes. - Sistemas Gen\u00f3micos","robots":{"index":"index","follow":"follow","max-snippet":"max-snippet:-1","max-image-preview":"max-image-preview:large","max-video-preview":"max-video-preview:-1"},"canonical":"https:\/\/sistemasgenomicos.com\/es\/producto\/informe-y-validaciones-de-variantes-hasta-5-genes\/","og_locale":"es_ES","og_type":"article","og_title":"Informe y validaciones de variantes hasta 5 genes. - Sistemas Gen\u00f3micos","og_url":"https:\/\/sistemasgenomicos.com\/es\/producto\/informe-y-validaciones-de-variantes-hasta-5-genes\/","og_site_name":"Sistemas Gen\u00f3micos","article_modified_time":"2020-09-30T03:18:12+00:00","og_image":[{"width":1200,"height":750,"url":"https:\/\/sistemasgenomicos.com\/wp-content\/uploads\/2018\/04\/logo-sistemas-genomicos-default-1.jpg","type":"image\/jpeg"}],"twitter_card":"summary_large_image","schema":{"@context":"https:\/\/schema.org","@graph":[{"@type":"WebPage","@id":"https:\/\/sistemasgenomicos.com\/es\/producto\/informe-y-validaciones-de-variantes-hasta-5-genes\/","url":"https:\/\/sistemasgenomicos.com\/es\/producto\/informe-y-validaciones-de-variantes-hasta-5-genes\/","name":"Informe y validaciones de variantes hasta 5 genes. - Sistemas Gen\u00f3micos","isPartOf":{"@id":"https:\/\/sistemasgenomicos.com\/es\/#website"},"primaryImageOfPage":{"@id":"https:\/\/sistemasgenomicos.com\/es\/producto\/informe-y-validaciones-de-variantes-hasta-5-genes\/#primaryimage"},"image":{"@id":"https:\/\/sistemasgenomicos.com\/es\/producto\/informe-y-validaciones-de-variantes-hasta-5-genes\/#primaryimage"},"thumbnailUrl":"https:\/\/sistemasgenomicos.com\/wp-content\/uploads\/2018\/04\/logo-sistemas-genomicos-default-1.jpg","datePublished":"2018-05-29T16:40:37+00:00","dateModified":"2020-09-30T03:18:12+00:00","breadcrumb":{"@id":"https:\/\/sistemasgenomicos.com\/es\/producto\/informe-y-validaciones-de-variantes-hasta-5-genes\/#breadcrumb"},"inLanguage":"es","potentialAction":[{"@type":"ReadAction","target":["https:\/\/sistemasgenomicos.com\/es\/producto\/informe-y-validaciones-de-variantes-hasta-5-genes\/"]}]},{"@type":"ImageObject","inLanguage":"es","@id":"https:\/\/sistemasgenomicos.com\/es\/producto\/informe-y-validaciones-de-variantes-hasta-5-genes\/#primaryimage","url":"https:\/\/sistemasgenomicos.com\/wp-content\/uploads\/2018\/04\/logo-sistemas-genomicos-default-1.jpg","contentUrl":"https:\/\/sistemasgenomicos.com\/wp-content\/uploads\/2018\/04\/logo-sistemas-genomicos-default-1.jpg","width":1200,"height":750},{"@type":"BreadcrumbList","@id":"https:\/\/sistemasgenomicos.com\/es\/producto\/informe-y-validaciones-de-variantes-hasta-5-genes\/#breadcrumb","itemListElement":[{"@type":"ListItem","position":1,"name":"Portada","item":"https:\/\/sistemasgenomicos.com\/es\/"},{"@type":"ListItem","position":2,"name":"Tienda","item":"https:\/\/sistemasgenomicos.com\/es\/tienda\/"},{"@type":"ListItem","position":3,"name":"Informe y validaciones de variantes hasta 5 genes."}]},{"@type":"WebSite","@id":"https:\/\/sistemasgenomicos.com\/es\/#website","url":"https:\/\/sistemasgenomicos.com\/es\/","name":"Sistemas Gen\u00f3micos","description":"La mayor empresa dedicada a la investigaci\u00f3n gen\u00e9tica y molecular","publisher":{"@id":"https:\/\/sistemasgenomicos.com\/es\/#organization"},"potentialAction":[{"@type":"SearchAction","target":{"@type":"EntryPoint","urlTemplate":"https:\/\/sistemasgenomicos.com\/es\/?s={search_term_string}"},"query-input":{"@type":"PropertyValueSpecification","valueRequired":true,"valueName":"search_term_string"}}],"inLanguage":"es"},{"@type":"Organization","@id":"https:\/\/sistemasgenomicos.com\/es\/#organization","name":"Sistemas Gen\u00f3micos","url":"https:\/\/sistemasgenomicos.com\/es\/","logo":{"@type":"ImageObject","inLanguage":"es","@id":"https:\/\/sistemasgenomicos.com\/es\/#\/schema\/logo\/image\/","url":"https:\/\/sistemasgenomicos.com\/wp-content\/uploads\/2022\/04\/image001-1.png","contentUrl":"https:\/\/sistemasgenomicos.com\/wp-content\/uploads\/2022\/04\/image001-1.png","width":250,"height":122,"caption":"Sistemas Gen\u00f3micos"},"image":{"@id":"https:\/\/sistemasgenomicos.com\/es\/#\/schema\/logo\/image\/"}}]}},"_links":{"self":[{"href":"https:\/\/sistemasgenomicos.com\/es\/wp-json\/wp\/v2\/product\/44544","targetHints":{"allow":["GET"]}}],"collection":[{"href":"https:\/\/sistemasgenomicos.com\/es\/wp-json\/wp\/v2\/product"}],"about":[{"href":"https:\/\/sistemasgenomicos.com\/es\/wp-json\/wp\/v2\/types\/product"}],"wp:featuredmedia":[{"embeddable":true,"href":"https:\/\/sistemasgenomicos.com\/es\/wp-json\/wp\/v2\/media\/42665"}],"wp:attachment":[{"href":"https:\/\/sistemasgenomicos.com\/es\/wp-json\/wp\/v2\/media?parent=44544"}],"wp:term":[{"taxonomy":"product_brand","embeddable":true,"href":"https:\/\/sistemasgenomicos.com\/es\/wp-json\/wp\/v2\/product_brand?post=44544"},{"taxonomy":"product_cat","embeddable":true,"href":"https:\/\/sistemasgenomicos.com\/es\/wp-json\/wp\/v2\/product_cat?post=44544"},{"taxonomy":"product_tag","embeddable":true,"href":"https:\/\/sistemasgenomicos.com\/es\/wp-json\/wp\/v2\/product_tag?post=44544"}],"curies":[{"name":"wp","href":"https:\/\/api.w.org\/{rel}","templated":true}]}}