{"id":3993,"date":"2017-11-23T12:01:32","date_gmt":"2017-11-23T12:01:32","guid":{"rendered":"https:\/\/sistemasgenomicos.digitis.net\/tienda-online\/secuenciacion-masiva-panel-de-18-genes-card14rbck1il10il10rail10rbil1rnil36rnlpin2mefvmvknlrp12nlrp3nod2plcg2psmb8pstpip1sh3bp2tnfrsf1a\/"},"modified":"2020-09-30T06:29:29","modified_gmt":"2020-09-30T04:29:29","slug":"secuenciacion-masiva-panel-de-18-genes-card14rbck1il10il10rail10rbil1rnil36rnlpin2mefvmvknlrp12nlrp3nod2plcg2psmb8pstpip1sh3bp2tnfrsf1a","status":"publish","type":"product","link":"https:\/\/sistemasgenomicos.com\/es\/producto\/secuenciacion-masiva-panel-de-18-genes-card14rbck1il10il10rail10rbil1rnil36rnlpin2mefvmvknlrp12nlrp3nod2plcg2psmb8pstpip1sh3bp2tnfrsf1a\/","title":{"rendered":"Secuenciaci\u00f3n masiva panel de 18 genes: CARD14,RBCK1,IL10,IL10RA,IL10RB,IL1RN,IL36RN,LPIN2,MEFV,MVK,NLRP12,NLRP3,NOD2,PLCG2,PSMB8,PSTPIP1,SH3BP2,TNFRSF1A"},"content":{"rendered":"","protected":false},"excerpt":{"rendered":"","protected":false},"featured_media":42665,"template":"","meta":[],"product_brand":[],"product_cat":[86,8679,8681,9369,9355,9371,9501,9389],"product_tag":[24074],"class_list":{"0":"post-3993","1":"product","2":"type-product","3":"status-publish","4":"has-post-thumbnail","6":"gen-tnfrsf1a","7":"gen-sh3bp2","8":"gen-lpin2","9":"gen-mefv","10":"gen-il10ra","11":"gen-mvk","12":"gen-rbck1","13":"gen-il10","14":"gen-il1rn","15":"gen-il36rn","16":"gen-pstpip1","17":"gen-card14","18":"gen-nlrp12","19":"gen-nlrp3","20":"gen-nod2","21":"gen-plcg2","22":"gen-psmb8","23":"gen-il10rb","24":"product_cat-analisis-y-estudios-geneticos","25":"product_cat-diagnostico-genetico-molecularn","26":"product_cat-diagnostico-genetico-por-secuenciacion-masiva","27":"product_cat-inmunologia-diagnostico-genetico-molecularn","28":"product_cat-listado-de-enfermedades","29":"product_cat-medicina-interna-diagnostico-genetico-molecularn","30":"product_cat-paneles-de-inmunodeficiencias","31":"product_cat-pediatria-diagnostico-genetico-molecularn","32":"product_tag-sindromes-autoinflamatoriosc00785","34":"first","35":"instock","36":"taxable","37":"shipping-taxable","38":"product-type-simple"},"acf":[],"yoast_head":"<!-- This site is optimized with the Yoast SEO plugin v27.4 - https:\/\/yoast.com\/product\/yoast-seo-wordpress\/ -->\n<title>Secuenciaci\u00f3n masiva panel de 18 genes: CARD14,RBCK1,IL10,IL10RA,IL10RB,IL1RN,IL36RN,LPIN2,MEFV,MVK,NLRP12,NLRP3,NOD2,PLCG2,PSMB8,PSTPIP1,SH3BP2,TNFRSF1A - Sistemas Gen\u00f3micos<\/title>\n<meta name=\"robots\" content=\"index, follow, max-snippet:-1, max-image-preview:large, max-video-preview:-1\" \/>\n<link rel=\"canonical\" href=\"https:\/\/sistemasgenomicos.com\/es\/producto\/secuenciacion-masiva-panel-de-18-genes-card14rbck1il10il10rail10rbil1rnil36rnlpin2mefvmvknlrp12nlrp3nod2plcg2psmb8pstpip1sh3bp2tnfrsf1a\/\" \/>\n<meta property=\"og:locale\" content=\"es_ES\" \/>\n<meta property=\"og:type\" content=\"article\" \/>\n<meta property=\"og:title\" content=\"Secuenciaci\u00f3n masiva panel de 18 genes: CARD14,RBCK1,IL10,IL10RA,IL10RB,IL1RN,IL36RN,LPIN2,MEFV,MVK,NLRP12,NLRP3,NOD2,PLCG2,PSMB8,PSTPIP1,SH3BP2,TNFRSF1A - Sistemas Gen\u00f3micos\" \/>\n<meta property=\"og:url\" content=\"https:\/\/sistemasgenomicos.com\/es\/producto\/secuenciacion-masiva-panel-de-18-genes-card14rbck1il10il10rail10rbil1rnil36rnlpin2mefvmvknlrp12nlrp3nod2plcg2psmb8pstpip1sh3bp2tnfrsf1a\/\" \/>\n<meta property=\"og:site_name\" content=\"Sistemas Gen\u00f3micos\" \/>\n<meta property=\"article:modified_time\" content=\"2020-09-30T04:29:29+00:00\" \/>\n<meta property=\"og:image\" content=\"https:\/\/sistemasgenomicos.com\/wp-content\/uploads\/2018\/04\/logo-sistemas-genomicos-default-1.jpg\" \/>\n\t<meta property=\"og:image:width\" content=\"1200\" \/>\n\t<meta property=\"og:image:height\" content=\"750\" \/>\n\t<meta property=\"og:image:type\" content=\"image\/jpeg\" \/>\n<meta name=\"twitter:card\" content=\"summary_large_image\" \/>\n<script type=\"application\/ld+json\" class=\"yoast-schema-graph\">{\"@context\":\"https:\\\/\\\/schema.org\",\"@graph\":[{\"@type\":\"WebPage\",\"@id\":\"https:\\\/\\\/sistemasgenomicos.com\\\/es\\\/producto\\\/secuenciacion-masiva-panel-de-18-genes-card14rbck1il10il10rail10rbil1rnil36rnlpin2mefvmvknlrp12nlrp3nod2plcg2psmb8pstpip1sh3bp2tnfrsf1a\\\/\",\"url\":\"https:\\\/\\\/sistemasgenomicos.com\\\/es\\\/producto\\\/secuenciacion-masiva-panel-de-18-genes-card14rbck1il10il10rail10rbil1rnil36rnlpin2mefvmvknlrp12nlrp3nod2plcg2psmb8pstpip1sh3bp2tnfrsf1a\\\/\",\"name\":\"Secuenciaci\u00f3n masiva panel de 18 genes: CARD14,RBCK1,IL10,IL10RA,IL10RB,IL1RN,IL36RN,LPIN2,MEFV,MVK,NLRP12,NLRP3,NOD2,PLCG2,PSMB8,PSTPIP1,SH3BP2,TNFRSF1A - Sistemas Gen\u00f3micos\",\"isPartOf\":{\"@id\":\"https:\\\/\\\/sistemasgenomicos.com\\\/es\\\/#website\"},\"primaryImageOfPage\":{\"@id\":\"https:\\\/\\\/sistemasgenomicos.com\\\/es\\\/producto\\\/secuenciacion-masiva-panel-de-18-genes-card14rbck1il10il10rail10rbil1rnil36rnlpin2mefvmvknlrp12nlrp3nod2plcg2psmb8pstpip1sh3bp2tnfrsf1a\\\/#primaryimage\"},\"image\":{\"@id\":\"https:\\\/\\\/sistemasgenomicos.com\\\/es\\\/producto\\\/secuenciacion-masiva-panel-de-18-genes-card14rbck1il10il10rail10rbil1rnil36rnlpin2mefvmvknlrp12nlrp3nod2plcg2psmb8pstpip1sh3bp2tnfrsf1a\\\/#primaryimage\"},\"thumbnailUrl\":\"https:\\\/\\\/sistemasgenomicos.com\\\/wp-content\\\/uploads\\\/2018\\\/04\\\/logo-sistemas-genomicos-default-1.jpg\",\"datePublished\":\"2017-11-23T12:01:32+00:00\",\"dateModified\":\"2020-09-30T04:29:29+00:00\",\"breadcrumb\":{\"@id\":\"https:\\\/\\\/sistemasgenomicos.com\\\/es\\\/producto\\\/secuenciacion-masiva-panel-de-18-genes-card14rbck1il10il10rail10rbil1rnil36rnlpin2mefvmvknlrp12nlrp3nod2plcg2psmb8pstpip1sh3bp2tnfrsf1a\\\/#breadcrumb\"},\"inLanguage\":\"es\",\"potentialAction\":[{\"@type\":\"ReadAction\",\"target\":[\"https:\\\/\\\/sistemasgenomicos.com\\\/es\\\/producto\\\/secuenciacion-masiva-panel-de-18-genes-card14rbck1il10il10rail10rbil1rnil36rnlpin2mefvmvknlrp12nlrp3nod2plcg2psmb8pstpip1sh3bp2tnfrsf1a\\\/\"]}]},{\"@type\":\"ImageObject\",\"inLanguage\":\"es\",\"@id\":\"https:\\\/\\\/sistemasgenomicos.com\\\/es\\\/producto\\\/secuenciacion-masiva-panel-de-18-genes-card14rbck1il10il10rail10rbil1rnil36rnlpin2mefvmvknlrp12nlrp3nod2plcg2psmb8pstpip1sh3bp2tnfrsf1a\\\/#primaryimage\",\"url\":\"https:\\\/\\\/sistemasgenomicos.com\\\/wp-content\\\/uploads\\\/2018\\\/04\\\/logo-sistemas-genomicos-default-1.jpg\",\"contentUrl\":\"https:\\\/\\\/sistemasgenomicos.com\\\/wp-content\\\/uploads\\\/2018\\\/04\\\/logo-sistemas-genomicos-default-1.jpg\",\"width\":1200,\"height\":750},{\"@type\":\"BreadcrumbList\",\"@id\":\"https:\\\/\\\/sistemasgenomicos.com\\\/es\\\/producto\\\/secuenciacion-masiva-panel-de-18-genes-card14rbck1il10il10rail10rbil1rnil36rnlpin2mefvmvknlrp12nlrp3nod2plcg2psmb8pstpip1sh3bp2tnfrsf1a\\\/#breadcrumb\",\"itemListElement\":[{\"@type\":\"ListItem\",\"position\":1,\"name\":\"Portada\",\"item\":\"https:\\\/\\\/sistemasgenomicos.com\\\/es\\\/\"},{\"@type\":\"ListItem\",\"position\":2,\"name\":\"Tienda\",\"item\":\"https:\\\/\\\/sistemasgenomicos.com\\\/es\\\/tienda\\\/\"},{\"@type\":\"ListItem\",\"position\":3,\"name\":\"Secuenciaci\u00f3n masiva panel de 18 genes: CARD14,RBCK1,IL10,IL10RA,IL10RB,IL1RN,IL36RN,LPIN2,MEFV,MVK,NLRP12,NLRP3,NOD2,PLCG2,PSMB8,PSTPIP1,SH3BP2,TNFRSF1A\"}]},{\"@type\":\"WebSite\",\"@id\":\"https:\\\/\\\/sistemasgenomicos.com\\\/es\\\/#website\",\"url\":\"https:\\\/\\\/sistemasgenomicos.com\\\/es\\\/\",\"name\":\"Sistemas Gen\u00f3micos\",\"description\":\"La mayor empresa dedicada a la investigaci\u00f3n gen\u00e9tica y molecular\",\"publisher\":{\"@id\":\"https:\\\/\\\/sistemasgenomicos.com\\\/es\\\/#organization\"},\"potentialAction\":[{\"@type\":\"SearchAction\",\"target\":{\"@type\":\"EntryPoint\",\"urlTemplate\":\"https:\\\/\\\/sistemasgenomicos.com\\\/es\\\/?s={search_term_string}\"},\"query-input\":{\"@type\":\"PropertyValueSpecification\",\"valueRequired\":true,\"valueName\":\"search_term_string\"}}],\"inLanguage\":\"es\"},{\"@type\":\"Organization\",\"@id\":\"https:\\\/\\\/sistemasgenomicos.com\\\/es\\\/#organization\",\"name\":\"Sistemas Gen\u00f3micos\",\"url\":\"https:\\\/\\\/sistemasgenomicos.com\\\/es\\\/\",\"logo\":{\"@type\":\"ImageObject\",\"inLanguage\":\"es\",\"@id\":\"https:\\\/\\\/sistemasgenomicos.com\\\/es\\\/#\\\/schema\\\/logo\\\/image\\\/\",\"url\":\"https:\\\/\\\/sistemasgenomicos.com\\\/wp-content\\\/uploads\\\/2022\\\/04\\\/image001-1.png\",\"contentUrl\":\"https:\\\/\\\/sistemasgenomicos.com\\\/wp-content\\\/uploads\\\/2022\\\/04\\\/image001-1.png\",\"width\":250,\"height\":122,\"caption\":\"Sistemas Gen\u00f3micos\"},\"image\":{\"@id\":\"https:\\\/\\\/sistemasgenomicos.com\\\/es\\\/#\\\/schema\\\/logo\\\/image\\\/\"}}]}<\/script>\n<!-- \/ Yoast SEO plugin. -->","yoast_head_json":{"title":"Secuenciaci\u00f3n masiva panel de 18 genes: CARD14,RBCK1,IL10,IL10RA,IL10RB,IL1RN,IL36RN,LPIN2,MEFV,MVK,NLRP12,NLRP3,NOD2,PLCG2,PSMB8,PSTPIP1,SH3BP2,TNFRSF1A - Sistemas Gen\u00f3micos","robots":{"index":"index","follow":"follow","max-snippet":"max-snippet:-1","max-image-preview":"max-image-preview:large","max-video-preview":"max-video-preview:-1"},"canonical":"https:\/\/sistemasgenomicos.com\/es\/producto\/secuenciacion-masiva-panel-de-18-genes-card14rbck1il10il10rail10rbil1rnil36rnlpin2mefvmvknlrp12nlrp3nod2plcg2psmb8pstpip1sh3bp2tnfrsf1a\/","og_locale":"es_ES","og_type":"article","og_title":"Secuenciaci\u00f3n masiva panel de 18 genes: CARD14,RBCK1,IL10,IL10RA,IL10RB,IL1RN,IL36RN,LPIN2,MEFV,MVK,NLRP12,NLRP3,NOD2,PLCG2,PSMB8,PSTPIP1,SH3BP2,TNFRSF1A - Sistemas Gen\u00f3micos","og_url":"https:\/\/sistemasgenomicos.com\/es\/producto\/secuenciacion-masiva-panel-de-18-genes-card14rbck1il10il10rail10rbil1rnil36rnlpin2mefvmvknlrp12nlrp3nod2plcg2psmb8pstpip1sh3bp2tnfrsf1a\/","og_site_name":"Sistemas Gen\u00f3micos","article_modified_time":"2020-09-30T04:29:29+00:00","og_image":[{"width":1200,"height":750,"url":"https:\/\/sistemasgenomicos.com\/wp-content\/uploads\/2018\/04\/logo-sistemas-genomicos-default-1.jpg","type":"image\/jpeg"}],"twitter_card":"summary_large_image","schema":{"@context":"https:\/\/schema.org","@graph":[{"@type":"WebPage","@id":"https:\/\/sistemasgenomicos.com\/es\/producto\/secuenciacion-masiva-panel-de-18-genes-card14rbck1il10il10rail10rbil1rnil36rnlpin2mefvmvknlrp12nlrp3nod2plcg2psmb8pstpip1sh3bp2tnfrsf1a\/","url":"https:\/\/sistemasgenomicos.com\/es\/producto\/secuenciacion-masiva-panel-de-18-genes-card14rbck1il10il10rail10rbil1rnil36rnlpin2mefvmvknlrp12nlrp3nod2plcg2psmb8pstpip1sh3bp2tnfrsf1a\/","name":"Secuenciaci\u00f3n masiva panel de 18 genes: CARD14,RBCK1,IL10,IL10RA,IL10RB,IL1RN,IL36RN,LPIN2,MEFV,MVK,NLRP12,NLRP3,NOD2,PLCG2,PSMB8,PSTPIP1,SH3BP2,TNFRSF1A - Sistemas Gen\u00f3micos","isPartOf":{"@id":"https:\/\/sistemasgenomicos.com\/es\/#website"},"primaryImageOfPage":{"@id":"https:\/\/sistemasgenomicos.com\/es\/producto\/secuenciacion-masiva-panel-de-18-genes-card14rbck1il10il10rail10rbil1rnil36rnlpin2mefvmvknlrp12nlrp3nod2plcg2psmb8pstpip1sh3bp2tnfrsf1a\/#primaryimage"},"image":{"@id":"https:\/\/sistemasgenomicos.com\/es\/producto\/secuenciacion-masiva-panel-de-18-genes-card14rbck1il10il10rail10rbil1rnil36rnlpin2mefvmvknlrp12nlrp3nod2plcg2psmb8pstpip1sh3bp2tnfrsf1a\/#primaryimage"},"thumbnailUrl":"https:\/\/sistemasgenomicos.com\/wp-content\/uploads\/2018\/04\/logo-sistemas-genomicos-default-1.jpg","datePublished":"2017-11-23T12:01:32+00:00","dateModified":"2020-09-30T04:29:29+00:00","breadcrumb":{"@id":"https:\/\/sistemasgenomicos.com\/es\/producto\/secuenciacion-masiva-panel-de-18-genes-card14rbck1il10il10rail10rbil1rnil36rnlpin2mefvmvknlrp12nlrp3nod2plcg2psmb8pstpip1sh3bp2tnfrsf1a\/#breadcrumb"},"inLanguage":"es","potentialAction":[{"@type":"ReadAction","target":["https:\/\/sistemasgenomicos.com\/es\/producto\/secuenciacion-masiva-panel-de-18-genes-card14rbck1il10il10rail10rbil1rnil36rnlpin2mefvmvknlrp12nlrp3nod2plcg2psmb8pstpip1sh3bp2tnfrsf1a\/"]}]},{"@type":"ImageObject","inLanguage":"es","@id":"https:\/\/sistemasgenomicos.com\/es\/producto\/secuenciacion-masiva-panel-de-18-genes-card14rbck1il10il10rail10rbil1rnil36rnlpin2mefvmvknlrp12nlrp3nod2plcg2psmb8pstpip1sh3bp2tnfrsf1a\/#primaryimage","url":"https:\/\/sistemasgenomicos.com\/wp-content\/uploads\/2018\/04\/logo-sistemas-genomicos-default-1.jpg","contentUrl":"https:\/\/sistemasgenomicos.com\/wp-content\/uploads\/2018\/04\/logo-sistemas-genomicos-default-1.jpg","width":1200,"height":750},{"@type":"BreadcrumbList","@id":"https:\/\/sistemasgenomicos.com\/es\/producto\/secuenciacion-masiva-panel-de-18-genes-card14rbck1il10il10rail10rbil1rnil36rnlpin2mefvmvknlrp12nlrp3nod2plcg2psmb8pstpip1sh3bp2tnfrsf1a\/#breadcrumb","itemListElement":[{"@type":"ListItem","position":1,"name":"Portada","item":"https:\/\/sistemasgenomicos.com\/es\/"},{"@type":"ListItem","position":2,"name":"Tienda","item":"https:\/\/sistemasgenomicos.com\/es\/tienda\/"},{"@type":"ListItem","position":3,"name":"Secuenciaci\u00f3n masiva panel de 18 genes: CARD14,RBCK1,IL10,IL10RA,IL10RB,IL1RN,IL36RN,LPIN2,MEFV,MVK,NLRP12,NLRP3,NOD2,PLCG2,PSMB8,PSTPIP1,SH3BP2,TNFRSF1A"}]},{"@type":"WebSite","@id":"https:\/\/sistemasgenomicos.com\/es\/#website","url":"https:\/\/sistemasgenomicos.com\/es\/","name":"Sistemas Gen\u00f3micos","description":"La mayor empresa dedicada a la investigaci\u00f3n gen\u00e9tica y molecular","publisher":{"@id":"https:\/\/sistemasgenomicos.com\/es\/#organization"},"potentialAction":[{"@type":"SearchAction","target":{"@type":"EntryPoint","urlTemplate":"https:\/\/sistemasgenomicos.com\/es\/?s={search_term_string}"},"query-input":{"@type":"PropertyValueSpecification","valueRequired":true,"valueName":"search_term_string"}}],"inLanguage":"es"},{"@type":"Organization","@id":"https:\/\/sistemasgenomicos.com\/es\/#organization","name":"Sistemas Gen\u00f3micos","url":"https:\/\/sistemasgenomicos.com\/es\/","logo":{"@type":"ImageObject","inLanguage":"es","@id":"https:\/\/sistemasgenomicos.com\/es\/#\/schema\/logo\/image\/","url":"https:\/\/sistemasgenomicos.com\/wp-content\/uploads\/2022\/04\/image001-1.png","contentUrl":"https:\/\/sistemasgenomicos.com\/wp-content\/uploads\/2022\/04\/image001-1.png","width":250,"height":122,"caption":"Sistemas Gen\u00f3micos"},"image":{"@id":"https:\/\/sistemasgenomicos.com\/es\/#\/schema\/logo\/image\/"}}]}},"_links":{"self":[{"href":"https:\/\/sistemasgenomicos.com\/es\/wp-json\/wp\/v2\/product\/3993","targetHints":{"allow":["GET"]}}],"collection":[{"href":"https:\/\/sistemasgenomicos.com\/es\/wp-json\/wp\/v2\/product"}],"about":[{"href":"https:\/\/sistemasgenomicos.com\/es\/wp-json\/wp\/v2\/types\/product"}],"wp:featuredmedia":[{"embeddable":true,"href":"https:\/\/sistemasgenomicos.com\/es\/wp-json\/wp\/v2\/media\/42665"}],"wp:attachment":[{"href":"https:\/\/sistemasgenomicos.com\/es\/wp-json\/wp\/v2\/media?parent=3993"}],"wp:term":[{"taxonomy":"product_brand","embeddable":true,"href":"https:\/\/sistemasgenomicos.com\/es\/wp-json\/wp\/v2\/product_brand?post=3993"},{"taxonomy":"product_cat","embeddable":true,"href":"https:\/\/sistemasgenomicos.com\/es\/wp-json\/wp\/v2\/product_cat?post=3993"},{"taxonomy":"product_tag","embeddable":true,"href":"https:\/\/sistemasgenomicos.com\/es\/wp-json\/wp\/v2\/product_tag?post=3993"}],"curies":[{"name":"wp","href":"https:\/\/api.w.org\/{rel}","templated":true}]}}