{"id":240527,"date":"2020-05-19T21:08:30","date_gmt":"2020-05-19T19:08:30","guid":{"rendered":"https:\/\/sistemasgenomicos.digitis.net\/tienda-online\/secuenciacion-masiva-y-cribado-bioinformatico-de-cnvs-panel-de-99-genes-aaasabcd1abhd12aco2ampd2aptxarl6ip1arsaatad3aatl1atl3atp13a2b4galnt1bscl2c12orf65c19orf12capn1cct5coasycoq4\/"},"modified":"2020-09-30T07:03:43","modified_gmt":"2020-09-30T05:03:43","slug":"secuenciacion-masiva-y-cribado-bioinformatico-de-cnvs-panel-de-99-genes-aaasabcd1abhd12aco2ampd2aptxarl6ip1arsaatad3aatl1atl3atp13a2b4galnt1bscl2c12orf65c19orf12capn1cct5coasycoq4","status":"publish","type":"product","link":"https:\/\/sistemasgenomicos.com\/es\/producto\/secuenciacion-masiva-y-cribado-bioinformatico-de-cnvs-panel-de-99-genes-aaasabcd1abhd12aco2ampd2aptxarl6ip1arsaatad3aatl1atl3atp13a2b4galnt1bscl2c12orf65c19orf12capn1cct5coasycoq4\/","title":{"rendered":"Secuenciaci\u00f3n masiva y cribado bioinform\u00e1tico de CNVs, panel de 99 genes: AAAS,ABCD1,ABHD12,ACO2,AMPD2,APTX,ARL6IP1,ARSA,ATAD3A,ATL1,ATL3,ATP13A2,B4GALNT1,BSCL2,C12orf65,C19orf12,CAPN1,CCT5,COASY,COQ4,CPOX,CTDP1,CTSD,CYP27A1,DARS2,DCAF8,DCTN1,DGUOK,DHH,DNMT1,DSTYK,EXOSC3,FBLN5,FBXO38,GALC,GAN,GARS,GBA2,GBE1,GCLC,GJC2,GSN,HADHB,HINT1,HK1,HSD17B4,HSPB1,HSPB3,HSPB8,IARS2,IBA57,IGHMBP2,KIF1A,KIF5A,KLC2,LYST,MFN2,MYH14,NDUFA9,OPA1,PDSS1,PDSS2,PEX10,PEX16,PEX7,PHYH,PLA2G6,PLD3,PMM2,PNKP,PNPLA6,POLG,PRX,PSAP,PTRH2,PYROXD1,REEP1,RNASEH1,SCP2,SCYL1,SEPT9,SETX,SLC25A46,SLC52A2,SLC52A3,SOX10,STUB1,SUCLA2,TBC1D24,TBCE,TDP1,TFG,TRPV4,TSFM,TTR,TWNK,TYMP,UBA5,XK,"},"content":{"rendered":"","protected":false},"excerpt":{"rendered":"","protected":false},"featured_media":42665,"template":"","meta":[],"product_brand":[],"product_cat":[86,8679,9355,9379,9381],"product_tag":[25057],"class_list":{"0":"post-240527","1":"product","2":"type-product","3":"status-publish","4":"has-post-thumbnail","6":"gen-gclc","7":"gen-capn1","8":"gen-tymp","9":"gen-pnpla6","10":"gen-pnkp","11":"gen-tdp1","12":"gen-xk","13":"gen-galc","14":"gen-ctdp1","15":"gen-iars2","16":"gen-coasy","17":"gen-reep1","18":"gen-gba2","19":"gen-cpox","20":"gen-uba5","21":"gen-aaas","22":"gen-sox10","23":"gen-arsa","24":"gen-aco2","25":"gen-abhd12","26":"gen-slc52a3","27":"gen-abcd1","28":"gen-stub1","29":"gen-pld3","30":"gen-prx","31":"gen-myh14","32":"gen-gars","33":"gen-hspb1","34":"gen-setx","35":"gen-exosc3","36":"gen-phyh","37":"gen-c10orf2","38":"gen-trpv4","39":"gen-pex7","40":"gen-tfg","41":"gen-gbe1","42":"gen-dguok","43":"gen-scp2","44":"gen-ampd2","45":"gen-mfn2","46":"gen-dars2","47":"gen-ctsd","48":"gen-ttr","49":"gen-pyroxd1","50":"gen-pex16","51":"gen-tsfm","52":"gen-kif1a","53":"gen-dnmt1","54":"gen-c12orf65","55":"gen-c19orf12","56":"gen-dcaf8","57":"gen-ighmbp2","58":"gen-dstyk","59":"gen-hsd17b4","60":"gen-b4galnt1","61":"gen-cyp27a1","62":"gen-sucla2","63":"gen-aptx","64":"gen-hadhb","65":"gen-ndufa9","66":"gen-dhh","67":"gen-fbln5","68":"gen-polg","69":"gen-pmm2","70":"gen-ptrh2","71":"gen-scyl1","72":"gen-lyst","73":"gen-fbxo38","74":"gen-gsn","75":"gen-pdss1","76":"gen-cct5","77":"gen-hspb8","78":"gen-kif5a","79":"gen-hk1","80":"gen-pex10","81":"gen-atp13a2","82":"gen-tbc1d24","83":"gen-slc25a46","84":"gen-pdss2","85":"gen-coq4","86":"gen-bscl2","87":"gen-hspb3","88":"gen-hint1","89":"gen-arl6ip1","90":"gen-rnaseh1","91":"gen-klc2","92":"gen-iba57","93":"gen-pla2g6","94":"gen-sept9","95":"gen-atl3","96":"gen-slc52a2","97":"gen-psap","98":"gen-atad3a","99":"gen-atl1","100":"gen-gjc2","101":"gen-opa1","102":"gen-dctn1","103":"gen-gan","104":"gen-tbce-2","105":"product_cat-analisis-y-estudios-geneticos","106":"product_cat-diagnostico-genetico-molecularn","107":"product_cat-listado-de-enfermedades","108":"product_cat-neurologia-diagnostico-genetico-molecularn","109":"product_cat-neuropediatria-diagnostico-genetico-molecularn","110":"product_tag-neuropatias-motoras-y-sensoriales-primarias-y-secundariasd00413","112":"first","113":"instock","114":"taxable","115":"shipping-taxable","116":"product-type-simple"},"acf":[],"yoast_head":"<!-- This site is optimized with the Yoast SEO plugin v27.4 - https:\/\/yoast.com\/product\/yoast-seo-wordpress\/ -->\n<title>Secuenciaci\u00f3n masiva y cribado bioinform\u00e1tico de CNVs, panel de 99 genes: AAAS,ABCD1,ABHD12,ACO2,AMPD2,APTX,ARL6IP1,ARSA,ATAD3A,ATL1,ATL3,ATP13A2,B4GALNT1,BSCL2,C12orf65,C19orf12,CAPN1,CCT5,COASY,COQ4,CPOX,CTDP1,CTSD,CYP27A1,DARS2,DCAF8,DCTN1,DGUOK,DHH,DNMT1,DSTYK,EXOSC3,FBLN5,FBXO38,GALC,GAN,GARS,GBA2,GBE1,GCLC,GJC2,GSN,HADHB,HINT1,HK1,HSD17B4,HSPB1,HSPB3,HSPB8,IARS2,IBA57,IGHMBP2,KIF1A,KIF5A,KLC2,LYST,MFN2,MYH14,NDUFA9,OPA1,PDSS1,PDSS2,PEX10,PEX16,PEX7,PHYH,PLA2G6,PLD3,PMM2,PNKP,PNPLA6,POLG,PRX,PSAP,PTRH2,PYROXD1,REEP1,RNASEH1,SCP2,SCYL1,SEPT9,SETX,SLC25A46,SLC52A2,SLC52A3,SOX10,STUB1,SUCLA2,TBC1D24,TBCE,TDP1,TFG,TRPV4,TSFM,TTR,TWNK,TYMP,UBA5,XK, - Sistemas Gen\u00f3micos<\/title>\n<meta name=\"robots\" content=\"index, follow, max-snippet:-1, max-image-preview:large, max-video-preview:-1\" \/>\n<link rel=\"canonical\" href=\"https:\/\/sistemasgenomicos.com\/es\/producto\/secuenciacion-masiva-y-cribado-bioinformatico-de-cnvs-panel-de-99-genes-aaasabcd1abhd12aco2ampd2aptxarl6ip1arsaatad3aatl1atl3atp13a2b4galnt1bscl2c12orf65c19orf12capn1cct5coasycoq4\/\" \/>\n<meta property=\"og:locale\" content=\"es_ES\" \/>\n<meta property=\"og:type\" content=\"article\" \/>\n<meta property=\"og:title\" content=\"Secuenciaci\u00f3n masiva y cribado bioinform\u00e1tico de CNVs, panel de 99 genes: AAAS,ABCD1,ABHD12,ACO2,AMPD2,APTX,ARL6IP1,ARSA,ATAD3A,ATL1,ATL3,ATP13A2,B4GALNT1,BSCL2,C12orf65,C19orf12,CAPN1,CCT5,COASY,COQ4,CPOX,CTDP1,CTSD,CYP27A1,DARS2,DCAF8,DCTN1,DGUOK,DHH,DNMT1,DSTYK,EXOSC3,FBLN5,FBXO38,GALC,GAN,GARS,GBA2,GBE1,GCLC,GJC2,GSN,HADHB,HINT1,HK1,HSD17B4,HSPB1,HSPB3,HSPB8,IARS2,IBA57,IGHMBP2,KIF1A,KIF5A,KLC2,LYST,MFN2,MYH14,NDUFA9,OPA1,PDSS1,PDSS2,PEX10,PEX16,PEX7,PHYH,PLA2G6,PLD3,PMM2,PNKP,PNPLA6,POLG,PRX,PSAP,PTRH2,PYROXD1,REEP1,RNASEH1,SCP2,SCYL1,SEPT9,SETX,SLC25A46,SLC52A2,SLC52A3,SOX10,STUB1,SUCLA2,TBC1D24,TBCE,TDP1,TFG,TRPV4,TSFM,TTR,TWNK,TYMP,UBA5,XK, - Sistemas Gen\u00f3micos\" \/>\n<meta property=\"og:url\" content=\"https:\/\/sistemasgenomicos.com\/es\/producto\/secuenciacion-masiva-y-cribado-bioinformatico-de-cnvs-panel-de-99-genes-aaasabcd1abhd12aco2ampd2aptxarl6ip1arsaatad3aatl1atl3atp13a2b4galnt1bscl2c12orf65c19orf12capn1cct5coasycoq4\/\" \/>\n<meta property=\"og:site_name\" content=\"Sistemas Gen\u00f3micos\" \/>\n<meta property=\"article:modified_time\" content=\"2020-09-30T05:03:43+00:00\" \/>\n<meta property=\"og:image\" content=\"https:\/\/sistemasgenomicos.com\/wp-content\/uploads\/2018\/04\/logo-sistemas-genomicos-default-1.jpg\" \/>\n\t<meta property=\"og:image:width\" content=\"1200\" \/>\n\t<meta property=\"og:image:height\" content=\"750\" \/>\n\t<meta property=\"og:image:type\" content=\"image\/jpeg\" \/>\n<meta name=\"twitter:card\" content=\"summary_large_image\" \/>\n<script type=\"application\/ld+json\" class=\"yoast-schema-graph\">{\"@context\":\"https:\\\/\\\/schema.org\",\"@graph\":[{\"@type\":\"WebPage\",\"@id\":\"https:\\\/\\\/sistemasgenomicos.com\\\/es\\\/producto\\\/secuenciacion-masiva-y-cribado-bioinformatico-de-cnvs-panel-de-99-genes-aaasabcd1abhd12aco2ampd2aptxarl6ip1arsaatad3aatl1atl3atp13a2b4galnt1bscl2c12orf65c19orf12capn1cct5coasycoq4\\\/\",\"url\":\"https:\\\/\\\/sistemasgenomicos.com\\\/es\\\/producto\\\/secuenciacion-masiva-y-cribado-bioinformatico-de-cnvs-panel-de-99-genes-aaasabcd1abhd12aco2ampd2aptxarl6ip1arsaatad3aatl1atl3atp13a2b4galnt1bscl2c12orf65c19orf12capn1cct5coasycoq4\\\/\",\"name\":\"Secuenciaci\u00f3n masiva y cribado bioinform\u00e1tico de CNVs, panel de 99 genes: AAAS,ABCD1,ABHD12,ACO2,AMPD2,APTX,ARL6IP1,ARSA,ATAD3A,ATL1,ATL3,ATP13A2,B4GALNT1,BSCL2,C12orf65,C19orf12,CAPN1,CCT5,COASY,COQ4,CPOX,CTDP1,CTSD,CYP27A1,DARS2,DCAF8,DCTN1,DGUOK,DHH,DNMT1,DSTYK,EXOSC3,FBLN5,FBXO38,GALC,GAN,GARS,GBA2,GBE1,GCLC,GJC2,GSN,HADHB,HINT1,HK1,HSD17B4,HSPB1,HSPB3,HSPB8,IARS2,IBA57,IGHMBP2,KIF1A,KIF5A,KLC2,LYST,MFN2,MYH14,NDUFA9,OPA1,PDSS1,PDSS2,PEX10,PEX16,PEX7,PHYH,PLA2G6,PLD3,PMM2,PNKP,PNPLA6,POLG,PRX,PSAP,PTRH2,PYROXD1,REEP1,RNASEH1,SCP2,SCYL1,SEPT9,SETX,SLC25A46,SLC52A2,SLC52A3,SOX10,STUB1,SUCLA2,TBC1D24,TBCE,TDP1,TFG,TRPV4,TSFM,TTR,TWNK,TYMP,UBA5,XK, - Sistemas Gen\u00f3micos\",\"isPartOf\":{\"@id\":\"https:\\\/\\\/sistemasgenomicos.com\\\/es\\\/#website\"},\"primaryImageOfPage\":{\"@id\":\"https:\\\/\\\/sistemasgenomicos.com\\\/es\\\/producto\\\/secuenciacion-masiva-y-cribado-bioinformatico-de-cnvs-panel-de-99-genes-aaasabcd1abhd12aco2ampd2aptxarl6ip1arsaatad3aatl1atl3atp13a2b4galnt1bscl2c12orf65c19orf12capn1cct5coasycoq4\\\/#primaryimage\"},\"image\":{\"@id\":\"https:\\\/\\\/sistemasgenomicos.com\\\/es\\\/producto\\\/secuenciacion-masiva-y-cribado-bioinformatico-de-cnvs-panel-de-99-genes-aaasabcd1abhd12aco2ampd2aptxarl6ip1arsaatad3aatl1atl3atp13a2b4galnt1bscl2c12orf65c19orf12capn1cct5coasycoq4\\\/#primaryimage\"},\"thumbnailUrl\":\"https:\\\/\\\/sistemasgenomicos.com\\\/wp-content\\\/uploads\\\/2018\\\/04\\\/logo-sistemas-genomicos-default-1.jpg\",\"datePublished\":\"2020-05-19T19:08:30+00:00\",\"dateModified\":\"2020-09-30T05:03:43+00:00\",\"breadcrumb\":{\"@id\":\"https:\\\/\\\/sistemasgenomicos.com\\\/es\\\/producto\\\/secuenciacion-masiva-y-cribado-bioinformatico-de-cnvs-panel-de-99-genes-aaasabcd1abhd12aco2ampd2aptxarl6ip1arsaatad3aatl1atl3atp13a2b4galnt1bscl2c12orf65c19orf12capn1cct5coasycoq4\\\/#breadcrumb\"},\"inLanguage\":\"es\",\"potentialAction\":[{\"@type\":\"ReadAction\",\"target\":[\"https:\\\/\\\/sistemasgenomicos.com\\\/es\\\/producto\\\/secuenciacion-masiva-y-cribado-bioinformatico-de-cnvs-panel-de-99-genes-aaasabcd1abhd12aco2ampd2aptxarl6ip1arsaatad3aatl1atl3atp13a2b4galnt1bscl2c12orf65c19orf12capn1cct5coasycoq4\\\/\"]}]},{\"@type\":\"ImageObject\",\"inLanguage\":\"es\",\"@id\":\"https:\\\/\\\/sistemasgenomicos.com\\\/es\\\/producto\\\/secuenciacion-masiva-y-cribado-bioinformatico-de-cnvs-panel-de-99-genes-aaasabcd1abhd12aco2ampd2aptxarl6ip1arsaatad3aatl1atl3atp13a2b4galnt1bscl2c12orf65c19orf12capn1cct5coasycoq4\\\/#primaryimage\",\"url\":\"https:\\\/\\\/sistemasgenomicos.com\\\/wp-content\\\/uploads\\\/2018\\\/04\\\/logo-sistemas-genomicos-default-1.jpg\",\"contentUrl\":\"https:\\\/\\\/sistemasgenomicos.com\\\/wp-content\\\/uploads\\\/2018\\\/04\\\/logo-sistemas-genomicos-default-1.jpg\",\"width\":1200,\"height\":750},{\"@type\":\"BreadcrumbList\",\"@id\":\"https:\\\/\\\/sistemasgenomicos.com\\\/es\\\/producto\\\/secuenciacion-masiva-y-cribado-bioinformatico-de-cnvs-panel-de-99-genes-aaasabcd1abhd12aco2ampd2aptxarl6ip1arsaatad3aatl1atl3atp13a2b4galnt1bscl2c12orf65c19orf12capn1cct5coasycoq4\\\/#breadcrumb\",\"itemListElement\":[{\"@type\":\"ListItem\",\"position\":1,\"name\":\"Portada\",\"item\":\"https:\\\/\\\/sistemasgenomicos.com\\\/es\\\/\"},{\"@type\":\"ListItem\",\"position\":2,\"name\":\"Tienda\",\"item\":\"https:\\\/\\\/sistemasgenomicos.com\\\/es\\\/tienda\\\/\"},{\"@type\":\"ListItem\",\"position\":3,\"name\":\"Secuenciaci\u00f3n masiva y cribado bioinform\u00e1tico de CNVs, panel de 99 genes: AAAS,ABCD1,ABHD12,ACO2,AMPD2,APTX,ARL6IP1,ARSA,ATAD3A,ATL1,ATL3,ATP13A2,B4GALNT1,BSCL2,C12orf65,C19orf12,CAPN1,CCT5,COASY,COQ4,CPOX,CTDP1,CTSD,CYP27A1,DARS2,DCAF8,DCTN1,DGUOK,DHH,DNMT1,DSTYK,EXOSC3,FBLN5,FBXO38,GALC,GAN,GARS,GBA2,GBE1,GCLC,GJC2,GSN,HADHB,HINT1,HK1,HSD17B4,HSPB1,HSPB3,HSPB8,IARS2,IBA57,IGHMBP2,KIF1A,KIF5A,KLC2,LYST,MFN2,MYH14,NDUFA9,OPA1,PDSS1,PDSS2,PEX10,PEX16,PEX7,PHYH,PLA2G6,PLD3,PMM2,PNKP,PNPLA6,POLG,PRX,PSAP,PTRH2,PYROXD1,REEP1,RNASEH1,SCP2,SCYL1,SEPT9,SETX,SLC25A46,SLC52A2,SLC52A3,SOX10,STUB1,SUCLA2,TBC1D24,TBCE,TDP1,TFG,TRPV4,TSFM,TTR,TWNK,TYMP,UBA5,XK,\"}]},{\"@type\":\"WebSite\",\"@id\":\"https:\\\/\\\/sistemasgenomicos.com\\\/es\\\/#website\",\"url\":\"https:\\\/\\\/sistemasgenomicos.com\\\/es\\\/\",\"name\":\"Sistemas Gen\u00f3micos\",\"description\":\"La mayor empresa dedicada a la investigaci\u00f3n gen\u00e9tica y molecular\",\"publisher\":{\"@id\":\"https:\\\/\\\/sistemasgenomicos.com\\\/es\\\/#organization\"},\"potentialAction\":[{\"@type\":\"SearchAction\",\"target\":{\"@type\":\"EntryPoint\",\"urlTemplate\":\"https:\\\/\\\/sistemasgenomicos.com\\\/es\\\/?s={search_term_string}\"},\"query-input\":{\"@type\":\"PropertyValueSpecification\",\"valueRequired\":true,\"valueName\":\"search_term_string\"}}],\"inLanguage\":\"es\"},{\"@type\":\"Organization\",\"@id\":\"https:\\\/\\\/sistemasgenomicos.com\\\/es\\\/#organization\",\"name\":\"Sistemas Gen\u00f3micos\",\"url\":\"https:\\\/\\\/sistemasgenomicos.com\\\/es\\\/\",\"logo\":{\"@type\":\"ImageObject\",\"inLanguage\":\"es\",\"@id\":\"https:\\\/\\\/sistemasgenomicos.com\\\/es\\\/#\\\/schema\\\/logo\\\/image\\\/\",\"url\":\"https:\\\/\\\/sistemasgenomicos.com\\\/wp-content\\\/uploads\\\/2022\\\/04\\\/image001-1.png\",\"contentUrl\":\"https:\\\/\\\/sistemasgenomicos.com\\\/wp-content\\\/uploads\\\/2022\\\/04\\\/image001-1.png\",\"width\":250,\"height\":122,\"caption\":\"Sistemas Gen\u00f3micos\"},\"image\":{\"@id\":\"https:\\\/\\\/sistemasgenomicos.com\\\/es\\\/#\\\/schema\\\/logo\\\/image\\\/\"}}]}<\/script>\n<!-- \/ Yoast SEO plugin. -->","yoast_head_json":{"title":"Secuenciaci\u00f3n masiva y cribado bioinform\u00e1tico de CNVs, panel de 99 genes: AAAS,ABCD1,ABHD12,ACO2,AMPD2,APTX,ARL6IP1,ARSA,ATAD3A,ATL1,ATL3,ATP13A2,B4GALNT1,BSCL2,C12orf65,C19orf12,CAPN1,CCT5,COASY,COQ4,CPOX,CTDP1,CTSD,CYP27A1,DARS2,DCAF8,DCTN1,DGUOK,DHH,DNMT1,DSTYK,EXOSC3,FBLN5,FBXO38,GALC,GAN,GARS,GBA2,GBE1,GCLC,GJC2,GSN,HADHB,HINT1,HK1,HSD17B4,HSPB1,HSPB3,HSPB8,IARS2,IBA57,IGHMBP2,KIF1A,KIF5A,KLC2,LYST,MFN2,MYH14,NDUFA9,OPA1,PDSS1,PDSS2,PEX10,PEX16,PEX7,PHYH,PLA2G6,PLD3,PMM2,PNKP,PNPLA6,POLG,PRX,PSAP,PTRH2,PYROXD1,REEP1,RNASEH1,SCP2,SCYL1,SEPT9,SETX,SLC25A46,SLC52A2,SLC52A3,SOX10,STUB1,SUCLA2,TBC1D24,TBCE,TDP1,TFG,TRPV4,TSFM,TTR,TWNK,TYMP,UBA5,XK, - Sistemas Gen\u00f3micos","robots":{"index":"index","follow":"follow","max-snippet":"max-snippet:-1","max-image-preview":"max-image-preview:large","max-video-preview":"max-video-preview:-1"},"canonical":"https:\/\/sistemasgenomicos.com\/es\/producto\/secuenciacion-masiva-y-cribado-bioinformatico-de-cnvs-panel-de-99-genes-aaasabcd1abhd12aco2ampd2aptxarl6ip1arsaatad3aatl1atl3atp13a2b4galnt1bscl2c12orf65c19orf12capn1cct5coasycoq4\/","og_locale":"es_ES","og_type":"article","og_title":"Secuenciaci\u00f3n masiva y cribado bioinform\u00e1tico de CNVs, panel de 99 genes: AAAS,ABCD1,ABHD12,ACO2,AMPD2,APTX,ARL6IP1,ARSA,ATAD3A,ATL1,ATL3,ATP13A2,B4GALNT1,BSCL2,C12orf65,C19orf12,CAPN1,CCT5,COASY,COQ4,CPOX,CTDP1,CTSD,CYP27A1,DARS2,DCAF8,DCTN1,DGUOK,DHH,DNMT1,DSTYK,EXOSC3,FBLN5,FBXO38,GALC,GAN,GARS,GBA2,GBE1,GCLC,GJC2,GSN,HADHB,HINT1,HK1,HSD17B4,HSPB1,HSPB3,HSPB8,IARS2,IBA57,IGHMBP2,KIF1A,KIF5A,KLC2,LYST,MFN2,MYH14,NDUFA9,OPA1,PDSS1,PDSS2,PEX10,PEX16,PEX7,PHYH,PLA2G6,PLD3,PMM2,PNKP,PNPLA6,POLG,PRX,PSAP,PTRH2,PYROXD1,REEP1,RNASEH1,SCP2,SCYL1,SEPT9,SETX,SLC25A46,SLC52A2,SLC52A3,SOX10,STUB1,SUCLA2,TBC1D24,TBCE,TDP1,TFG,TRPV4,TSFM,TTR,TWNK,TYMP,UBA5,XK, - Sistemas Gen\u00f3micos","og_url":"https:\/\/sistemasgenomicos.com\/es\/producto\/secuenciacion-masiva-y-cribado-bioinformatico-de-cnvs-panel-de-99-genes-aaasabcd1abhd12aco2ampd2aptxarl6ip1arsaatad3aatl1atl3atp13a2b4galnt1bscl2c12orf65c19orf12capn1cct5coasycoq4\/","og_site_name":"Sistemas Gen\u00f3micos","article_modified_time":"2020-09-30T05:03:43+00:00","og_image":[{"width":1200,"height":750,"url":"https:\/\/sistemasgenomicos.com\/wp-content\/uploads\/2018\/04\/logo-sistemas-genomicos-default-1.jpg","type":"image\/jpeg"}],"twitter_card":"summary_large_image","schema":{"@context":"https:\/\/schema.org","@graph":[{"@type":"WebPage","@id":"https:\/\/sistemasgenomicos.com\/es\/producto\/secuenciacion-masiva-y-cribado-bioinformatico-de-cnvs-panel-de-99-genes-aaasabcd1abhd12aco2ampd2aptxarl6ip1arsaatad3aatl1atl3atp13a2b4galnt1bscl2c12orf65c19orf12capn1cct5coasycoq4\/","url":"https:\/\/sistemasgenomicos.com\/es\/producto\/secuenciacion-masiva-y-cribado-bioinformatico-de-cnvs-panel-de-99-genes-aaasabcd1abhd12aco2ampd2aptxarl6ip1arsaatad3aatl1atl3atp13a2b4galnt1bscl2c12orf65c19orf12capn1cct5coasycoq4\/","name":"Secuenciaci\u00f3n masiva y cribado bioinform\u00e1tico de CNVs, panel de 99 genes: AAAS,ABCD1,ABHD12,ACO2,AMPD2,APTX,ARL6IP1,ARSA,ATAD3A,ATL1,ATL3,ATP13A2,B4GALNT1,BSCL2,C12orf65,C19orf12,CAPN1,CCT5,COASY,COQ4,CPOX,CTDP1,CTSD,CYP27A1,DARS2,DCAF8,DCTN1,DGUOK,DHH,DNMT1,DSTYK,EXOSC3,FBLN5,FBXO38,GALC,GAN,GARS,GBA2,GBE1,GCLC,GJC2,GSN,HADHB,HINT1,HK1,HSD17B4,HSPB1,HSPB3,HSPB8,IARS2,IBA57,IGHMBP2,KIF1A,KIF5A,KLC2,LYST,MFN2,MYH14,NDUFA9,OPA1,PDSS1,PDSS2,PEX10,PEX16,PEX7,PHYH,PLA2G6,PLD3,PMM2,PNKP,PNPLA6,POLG,PRX,PSAP,PTRH2,PYROXD1,REEP1,RNASEH1,SCP2,SCYL1,SEPT9,SETX,SLC25A46,SLC52A2,SLC52A3,SOX10,STUB1,SUCLA2,TBC1D24,TBCE,TDP1,TFG,TRPV4,TSFM,TTR,TWNK,TYMP,UBA5,XK, - Sistemas Gen\u00f3micos","isPartOf":{"@id":"https:\/\/sistemasgenomicos.com\/es\/#website"},"primaryImageOfPage":{"@id":"https:\/\/sistemasgenomicos.com\/es\/producto\/secuenciacion-masiva-y-cribado-bioinformatico-de-cnvs-panel-de-99-genes-aaasabcd1abhd12aco2ampd2aptxarl6ip1arsaatad3aatl1atl3atp13a2b4galnt1bscl2c12orf65c19orf12capn1cct5coasycoq4\/#primaryimage"},"image":{"@id":"https:\/\/sistemasgenomicos.com\/es\/producto\/secuenciacion-masiva-y-cribado-bioinformatico-de-cnvs-panel-de-99-genes-aaasabcd1abhd12aco2ampd2aptxarl6ip1arsaatad3aatl1atl3atp13a2b4galnt1bscl2c12orf65c19orf12capn1cct5coasycoq4\/#primaryimage"},"thumbnailUrl":"https:\/\/sistemasgenomicos.com\/wp-content\/uploads\/2018\/04\/logo-sistemas-genomicos-default-1.jpg","datePublished":"2020-05-19T19:08:30+00:00","dateModified":"2020-09-30T05:03:43+00:00","breadcrumb":{"@id":"https:\/\/sistemasgenomicos.com\/es\/producto\/secuenciacion-masiva-y-cribado-bioinformatico-de-cnvs-panel-de-99-genes-aaasabcd1abhd12aco2ampd2aptxarl6ip1arsaatad3aatl1atl3atp13a2b4galnt1bscl2c12orf65c19orf12capn1cct5coasycoq4\/#breadcrumb"},"inLanguage":"es","potentialAction":[{"@type":"ReadAction","target":["https:\/\/sistemasgenomicos.com\/es\/producto\/secuenciacion-masiva-y-cribado-bioinformatico-de-cnvs-panel-de-99-genes-aaasabcd1abhd12aco2ampd2aptxarl6ip1arsaatad3aatl1atl3atp13a2b4galnt1bscl2c12orf65c19orf12capn1cct5coasycoq4\/"]}]},{"@type":"ImageObject","inLanguage":"es","@id":"https:\/\/sistemasgenomicos.com\/es\/producto\/secuenciacion-masiva-y-cribado-bioinformatico-de-cnvs-panel-de-99-genes-aaasabcd1abhd12aco2ampd2aptxarl6ip1arsaatad3aatl1atl3atp13a2b4galnt1bscl2c12orf65c19orf12capn1cct5coasycoq4\/#primaryimage","url":"https:\/\/sistemasgenomicos.com\/wp-content\/uploads\/2018\/04\/logo-sistemas-genomicos-default-1.jpg","contentUrl":"https:\/\/sistemasgenomicos.com\/wp-content\/uploads\/2018\/04\/logo-sistemas-genomicos-default-1.jpg","width":1200,"height":750},{"@type":"BreadcrumbList","@id":"https:\/\/sistemasgenomicos.com\/es\/producto\/secuenciacion-masiva-y-cribado-bioinformatico-de-cnvs-panel-de-99-genes-aaasabcd1abhd12aco2ampd2aptxarl6ip1arsaatad3aatl1atl3atp13a2b4galnt1bscl2c12orf65c19orf12capn1cct5coasycoq4\/#breadcrumb","itemListElement":[{"@type":"ListItem","position":1,"name":"Portada","item":"https:\/\/sistemasgenomicos.com\/es\/"},{"@type":"ListItem","position":2,"name":"Tienda","item":"https:\/\/sistemasgenomicos.com\/es\/tienda\/"},{"@type":"ListItem","position":3,"name":"Secuenciaci\u00f3n masiva y cribado bioinform\u00e1tico de CNVs, panel de 99 genes: AAAS,ABCD1,ABHD12,ACO2,AMPD2,APTX,ARL6IP1,ARSA,ATAD3A,ATL1,ATL3,ATP13A2,B4GALNT1,BSCL2,C12orf65,C19orf12,CAPN1,CCT5,COASY,COQ4,CPOX,CTDP1,CTSD,CYP27A1,DARS2,DCAF8,DCTN1,DGUOK,DHH,DNMT1,DSTYK,EXOSC3,FBLN5,FBXO38,GALC,GAN,GARS,GBA2,GBE1,GCLC,GJC2,GSN,HADHB,HINT1,HK1,HSD17B4,HSPB1,HSPB3,HSPB8,IARS2,IBA57,IGHMBP2,KIF1A,KIF5A,KLC2,LYST,MFN2,MYH14,NDUFA9,OPA1,PDSS1,PDSS2,PEX10,PEX16,PEX7,PHYH,PLA2G6,PLD3,PMM2,PNKP,PNPLA6,POLG,PRX,PSAP,PTRH2,PYROXD1,REEP1,RNASEH1,SCP2,SCYL1,SEPT9,SETX,SLC25A46,SLC52A2,SLC52A3,SOX10,STUB1,SUCLA2,TBC1D24,TBCE,TDP1,TFG,TRPV4,TSFM,TTR,TWNK,TYMP,UBA5,XK,"}]},{"@type":"WebSite","@id":"https:\/\/sistemasgenomicos.com\/es\/#website","url":"https:\/\/sistemasgenomicos.com\/es\/","name":"Sistemas Gen\u00f3micos","description":"La mayor empresa dedicada a la investigaci\u00f3n gen\u00e9tica y molecular","publisher":{"@id":"https:\/\/sistemasgenomicos.com\/es\/#organization"},"potentialAction":[{"@type":"SearchAction","target":{"@type":"EntryPoint","urlTemplate":"https:\/\/sistemasgenomicos.com\/es\/?s={search_term_string}"},"query-input":{"@type":"PropertyValueSpecification","valueRequired":true,"valueName":"search_term_string"}}],"inLanguage":"es"},{"@type":"Organization","@id":"https:\/\/sistemasgenomicos.com\/es\/#organization","name":"Sistemas Gen\u00f3micos","url":"https:\/\/sistemasgenomicos.com\/es\/","logo":{"@type":"ImageObject","inLanguage":"es","@id":"https:\/\/sistemasgenomicos.com\/es\/#\/schema\/logo\/image\/","url":"https:\/\/sistemasgenomicos.com\/wp-content\/uploads\/2022\/04\/image001-1.png","contentUrl":"https:\/\/sistemasgenomicos.com\/wp-content\/uploads\/2022\/04\/image001-1.png","width":250,"height":122,"caption":"Sistemas Gen\u00f3micos"},"image":{"@id":"https:\/\/sistemasgenomicos.com\/es\/#\/schema\/logo\/image\/"}}]}},"_links":{"self":[{"href":"https:\/\/sistemasgenomicos.com\/es\/wp-json\/wp\/v2\/product\/240527","targetHints":{"allow":["GET"]}}],"collection":[{"href":"https:\/\/sistemasgenomicos.com\/es\/wp-json\/wp\/v2\/product"}],"about":[{"href":"https:\/\/sistemasgenomicos.com\/es\/wp-json\/wp\/v2\/types\/product"}],"wp:featuredmedia":[{"embeddable":true,"href":"https:\/\/sistemasgenomicos.com\/es\/wp-json\/wp\/v2\/media\/42665"}],"wp:attachment":[{"href":"https:\/\/sistemasgenomicos.com\/es\/wp-json\/wp\/v2\/media?parent=240527"}],"wp:term":[{"taxonomy":"product_brand","embeddable":true,"href":"https:\/\/sistemasgenomicos.com\/es\/wp-json\/wp\/v2\/product_brand?post=240527"},{"taxonomy":"product_cat","embeddable":true,"href":"https:\/\/sistemasgenomicos.com\/es\/wp-json\/wp\/v2\/product_cat?post=240527"},{"taxonomy":"product_tag","embeddable":true,"href":"https:\/\/sistemasgenomicos.com\/es\/wp-json\/wp\/v2\/product_tag?post=240527"}],"curies":[{"name":"wp","href":"https:\/\/api.w.org\/{rel}","templated":true}]}}