{"id":240517,"date":"2020-05-19T21:08:21","date_gmt":"2020-05-19T19:08:21","guid":{"rendered":"https:\/\/sistemasgenomicos.digitis.net\/tienda-online\/secuenciacion-masiva-y-cribado-bioinformatico-de-cnvs-panel-de-54-genes-aarsaifm1arhgef10cox6a1dhtkd1dnajb2dnm2dync1h1egr2fgd4fig4garsgdap1gjb1gnb4harshk1hoxd10hspb1hspb8ighmbp2\/"},"modified":"2020-09-30T07:03:41","modified_gmt":"2020-09-30T05:03:41","slug":"secuenciacion-masiva-y-cribado-bioinformatico-de-cnvs-panel-de-54-genes-aarsaifm1arhgef10cox6a1dhtkd1dnajb2dnm2dync1h1egr2fgd4fig4garsgdap1gjb1gnb4harshk1hoxd10hspb1hspb8ighmbp2","status":"publish","type":"product","link":"https:\/\/sistemasgenomicos.com\/es\/producto\/secuenciacion-masiva-y-cribado-bioinformatico-de-cnvs-panel-de-54-genes-aarsaifm1arhgef10cox6a1dhtkd1dnajb2dnm2dync1h1egr2fgd4fig4garsgdap1gjb1gnb4harshk1hoxd10hspb1hspb8ighmbp2\/","title":{"rendered":"Secuenciaci\u00f3n masiva y cribado bioinform\u00e1tico de CNVs, panel de 54 genes: AARS,AIFM1,ARHGEF10,COX6A1,DHTKD1,DNAJB2,DNM2,DYNC1H1,EGR2,FGD4,FIG4,GARS,GDAP1,GJB1,GNB4,HARS,HK1,HOXD10,HSPB1,HSPB8,IGHMBP2,INF2,KARS,KIF1B,LITAF,LMNA,LRSAM1,MARS,MED25,MFN2,MME,MORC2,MPV17,MPZ,MTMR2,NAGLU,NDRG1,NEFH,NEFL,PDK3,PLEKHG5,PMP22,PRPS1,PRX,RAB7A,SBF1,SBF2,SH3TC2,SPG11,SURF1,TRIM2,TRPV4,VCP,YARS,"},"content":{"rendered":"","protected":false},"excerpt":{"rendered":"","protected":false},"featured_media":42665,"template":"","meta":[],"product_brand":[],"product_cat":[86,8679,8681,9355,9371,9379,9439],"product_tag":[23753],"class_list":{"0":"post-240517","1":"product","2":"type-product","3":"status-publish","4":"has-post-thumbnail","6":"gen-kif1b","7":"gen-kars","8":"gen-pdk3","9":"gen-rab7a","10":"gen-dnm2","11":"gen-mtmr2","12":"gen-aars","13":"gen-sbf1","14":"gen-nefh","15":"gen-spg11","16":"gen-gdap1","17":"gen-ndrg1","18":"gen-arhgef10","19":"gen-med25","20":"gen-prx","21":"gen-gars","22":"gen-hspb1","23":"gen-naglu","24":"gen-pmp22","25":"gen-trim2","26":"gen-trpv4","27":"gen-cox6a1","28":"gen-fig4","29":"gen-gnb4","30":"gen-mpv17","31":"gen-mfn2","32":"gen-egr2","33":"gen-hoxd10","34":"gen-ighmbp2","35":"gen-morc2","36":"gen-sbf2","37":"gen-yars","38":"gen-dnajb2","39":"gen-fgd4","40":"gen-prps1","41":"gen-surf1","42":"gen-lrsam1","43":"gen-hspb8","44":"gen-hk1","45":"gen-aifm1","46":"gen-mpz","47":"gen-lmna","48":"gen-vcp","49":"gen-mars","50":"gen-sh3tc2","51":"gen-gjb1","52":"gen-hars","53":"gen-plekhg5","54":"gen-dhtkd1","55":"gen-litaf","56":"gen-mme","57":"gen-dync1h1","58":"gen-inf2","59":"gen-nefl-2","60":"product_cat-analisis-y-estudios-geneticos","61":"product_cat-diagnostico-genetico-molecularn","62":"product_cat-diagnostico-genetico-por-secuenciacion-masiva","63":"product_cat-listado-de-enfermedades","64":"product_cat-medicina-interna-diagnostico-genetico-molecularn","65":"product_cat-neurologia-diagnostico-genetico-molecularn","66":"product_cat-paneles-neurologia-diagnostico-genetico-por-secuenciacion-masivan","67":"product_tag-charcot-marie-tooth-enfermedadc00623","69":"first","70":"instock","71":"taxable","72":"shipping-taxable","73":"product-type-simple"},"acf":[],"yoast_head":"<!-- This site is optimized with the Yoast SEO plugin v27.4 - https:\/\/yoast.com\/product\/yoast-seo-wordpress\/ -->\n<title>Secuenciaci\u00f3n masiva y cribado bioinform\u00e1tico de CNVs, panel de 54 genes: AARS,AIFM1,ARHGEF10,COX6A1,DHTKD1,DNAJB2,DNM2,DYNC1H1,EGR2,FGD4,FIG4,GARS,GDAP1,GJB1,GNB4,HARS,HK1,HOXD10,HSPB1,HSPB8,IGHMBP2,INF2,KARS,KIF1B,LITAF,LMNA,LRSAM1,MARS,MED25,MFN2,MME,MORC2,MPV17,MPZ,MTMR2,NAGLU,NDRG1,NEFH,NEFL,PDK3,PLEKHG5,PMP22,PRPS1,PRX,RAB7A,SBF1,SBF2,SH3TC2,SPG11,SURF1,TRIM2,TRPV4,VCP,YARS, - Sistemas Gen\u00f3micos<\/title>\n<meta name=\"robots\" content=\"index, follow, max-snippet:-1, max-image-preview:large, max-video-preview:-1\" \/>\n<link rel=\"canonical\" href=\"https:\/\/sistemasgenomicos.com\/es\/producto\/secuenciacion-masiva-y-cribado-bioinformatico-de-cnvs-panel-de-54-genes-aarsaifm1arhgef10cox6a1dhtkd1dnajb2dnm2dync1h1egr2fgd4fig4garsgdap1gjb1gnb4harshk1hoxd10hspb1hspb8ighmbp2\/\" \/>\n<meta property=\"og:locale\" content=\"es_ES\" \/>\n<meta property=\"og:type\" content=\"article\" \/>\n<meta property=\"og:title\" content=\"Secuenciaci\u00f3n masiva y cribado bioinform\u00e1tico de CNVs, panel de 54 genes: AARS,AIFM1,ARHGEF10,COX6A1,DHTKD1,DNAJB2,DNM2,DYNC1H1,EGR2,FGD4,FIG4,GARS,GDAP1,GJB1,GNB4,HARS,HK1,HOXD10,HSPB1,HSPB8,IGHMBP2,INF2,KARS,KIF1B,LITAF,LMNA,LRSAM1,MARS,MED25,MFN2,MME,MORC2,MPV17,MPZ,MTMR2,NAGLU,NDRG1,NEFH,NEFL,PDK3,PLEKHG5,PMP22,PRPS1,PRX,RAB7A,SBF1,SBF2,SH3TC2,SPG11,SURF1,TRIM2,TRPV4,VCP,YARS, - Sistemas Gen\u00f3micos\" \/>\n<meta property=\"og:url\" content=\"https:\/\/sistemasgenomicos.com\/es\/producto\/secuenciacion-masiva-y-cribado-bioinformatico-de-cnvs-panel-de-54-genes-aarsaifm1arhgef10cox6a1dhtkd1dnajb2dnm2dync1h1egr2fgd4fig4garsgdap1gjb1gnb4harshk1hoxd10hspb1hspb8ighmbp2\/\" \/>\n<meta property=\"og:site_name\" content=\"Sistemas Gen\u00f3micos\" \/>\n<meta property=\"article:modified_time\" content=\"2020-09-30T05:03:41+00:00\" \/>\n<meta property=\"og:image\" content=\"https:\/\/sistemasgenomicos.com\/wp-content\/uploads\/2018\/04\/logo-sistemas-genomicos-default-1.jpg\" \/>\n\t<meta property=\"og:image:width\" content=\"1200\" \/>\n\t<meta property=\"og:image:height\" content=\"750\" \/>\n\t<meta property=\"og:image:type\" content=\"image\/jpeg\" \/>\n<meta name=\"twitter:card\" content=\"summary_large_image\" \/>\n<script type=\"application\/ld+json\" class=\"yoast-schema-graph\">{\"@context\":\"https:\\\/\\\/schema.org\",\"@graph\":[{\"@type\":\"WebPage\",\"@id\":\"https:\\\/\\\/sistemasgenomicos.com\\\/es\\\/producto\\\/secuenciacion-masiva-y-cribado-bioinformatico-de-cnvs-panel-de-54-genes-aarsaifm1arhgef10cox6a1dhtkd1dnajb2dnm2dync1h1egr2fgd4fig4garsgdap1gjb1gnb4harshk1hoxd10hspb1hspb8ighmbp2\\\/\",\"url\":\"https:\\\/\\\/sistemasgenomicos.com\\\/es\\\/producto\\\/secuenciacion-masiva-y-cribado-bioinformatico-de-cnvs-panel-de-54-genes-aarsaifm1arhgef10cox6a1dhtkd1dnajb2dnm2dync1h1egr2fgd4fig4garsgdap1gjb1gnb4harshk1hoxd10hspb1hspb8ighmbp2\\\/\",\"name\":\"Secuenciaci\u00f3n masiva y cribado bioinform\u00e1tico de CNVs, panel de 54 genes: AARS,AIFM1,ARHGEF10,COX6A1,DHTKD1,DNAJB2,DNM2,DYNC1H1,EGR2,FGD4,FIG4,GARS,GDAP1,GJB1,GNB4,HARS,HK1,HOXD10,HSPB1,HSPB8,IGHMBP2,INF2,KARS,KIF1B,LITAF,LMNA,LRSAM1,MARS,MED25,MFN2,MME,MORC2,MPV17,MPZ,MTMR2,NAGLU,NDRG1,NEFH,NEFL,PDK3,PLEKHG5,PMP22,PRPS1,PRX,RAB7A,SBF1,SBF2,SH3TC2,SPG11,SURF1,TRIM2,TRPV4,VCP,YARS, - Sistemas Gen\u00f3micos\",\"isPartOf\":{\"@id\":\"https:\\\/\\\/sistemasgenomicos.com\\\/es\\\/#website\"},\"primaryImageOfPage\":{\"@id\":\"https:\\\/\\\/sistemasgenomicos.com\\\/es\\\/producto\\\/secuenciacion-masiva-y-cribado-bioinformatico-de-cnvs-panel-de-54-genes-aarsaifm1arhgef10cox6a1dhtkd1dnajb2dnm2dync1h1egr2fgd4fig4garsgdap1gjb1gnb4harshk1hoxd10hspb1hspb8ighmbp2\\\/#primaryimage\"},\"image\":{\"@id\":\"https:\\\/\\\/sistemasgenomicos.com\\\/es\\\/producto\\\/secuenciacion-masiva-y-cribado-bioinformatico-de-cnvs-panel-de-54-genes-aarsaifm1arhgef10cox6a1dhtkd1dnajb2dnm2dync1h1egr2fgd4fig4garsgdap1gjb1gnb4harshk1hoxd10hspb1hspb8ighmbp2\\\/#primaryimage\"},\"thumbnailUrl\":\"https:\\\/\\\/sistemasgenomicos.com\\\/wp-content\\\/uploads\\\/2018\\\/04\\\/logo-sistemas-genomicos-default-1.jpg\",\"datePublished\":\"2020-05-19T19:08:21+00:00\",\"dateModified\":\"2020-09-30T05:03:41+00:00\",\"breadcrumb\":{\"@id\":\"https:\\\/\\\/sistemasgenomicos.com\\\/es\\\/producto\\\/secuenciacion-masiva-y-cribado-bioinformatico-de-cnvs-panel-de-54-genes-aarsaifm1arhgef10cox6a1dhtkd1dnajb2dnm2dync1h1egr2fgd4fig4garsgdap1gjb1gnb4harshk1hoxd10hspb1hspb8ighmbp2\\\/#breadcrumb\"},\"inLanguage\":\"es\",\"potentialAction\":[{\"@type\":\"ReadAction\",\"target\":[\"https:\\\/\\\/sistemasgenomicos.com\\\/es\\\/producto\\\/secuenciacion-masiva-y-cribado-bioinformatico-de-cnvs-panel-de-54-genes-aarsaifm1arhgef10cox6a1dhtkd1dnajb2dnm2dync1h1egr2fgd4fig4garsgdap1gjb1gnb4harshk1hoxd10hspb1hspb8ighmbp2\\\/\"]}]},{\"@type\":\"ImageObject\",\"inLanguage\":\"es\",\"@id\":\"https:\\\/\\\/sistemasgenomicos.com\\\/es\\\/producto\\\/secuenciacion-masiva-y-cribado-bioinformatico-de-cnvs-panel-de-54-genes-aarsaifm1arhgef10cox6a1dhtkd1dnajb2dnm2dync1h1egr2fgd4fig4garsgdap1gjb1gnb4harshk1hoxd10hspb1hspb8ighmbp2\\\/#primaryimage\",\"url\":\"https:\\\/\\\/sistemasgenomicos.com\\\/wp-content\\\/uploads\\\/2018\\\/04\\\/logo-sistemas-genomicos-default-1.jpg\",\"contentUrl\":\"https:\\\/\\\/sistemasgenomicos.com\\\/wp-content\\\/uploads\\\/2018\\\/04\\\/logo-sistemas-genomicos-default-1.jpg\",\"width\":1200,\"height\":750},{\"@type\":\"BreadcrumbList\",\"@id\":\"https:\\\/\\\/sistemasgenomicos.com\\\/es\\\/producto\\\/secuenciacion-masiva-y-cribado-bioinformatico-de-cnvs-panel-de-54-genes-aarsaifm1arhgef10cox6a1dhtkd1dnajb2dnm2dync1h1egr2fgd4fig4garsgdap1gjb1gnb4harshk1hoxd10hspb1hspb8ighmbp2\\\/#breadcrumb\",\"itemListElement\":[{\"@type\":\"ListItem\",\"position\":1,\"name\":\"Portada\",\"item\":\"https:\\\/\\\/sistemasgenomicos.com\\\/es\\\/\"},{\"@type\":\"ListItem\",\"position\":2,\"name\":\"Tienda\",\"item\":\"https:\\\/\\\/sistemasgenomicos.com\\\/es\\\/tienda\\\/\"},{\"@type\":\"ListItem\",\"position\":3,\"name\":\"Secuenciaci\u00f3n masiva y cribado bioinform\u00e1tico de CNVs, panel de 54 genes: AARS,AIFM1,ARHGEF10,COX6A1,DHTKD1,DNAJB2,DNM2,DYNC1H1,EGR2,FGD4,FIG4,GARS,GDAP1,GJB1,GNB4,HARS,HK1,HOXD10,HSPB1,HSPB8,IGHMBP2,INF2,KARS,KIF1B,LITAF,LMNA,LRSAM1,MARS,MED25,MFN2,MME,MORC2,MPV17,MPZ,MTMR2,NAGLU,NDRG1,NEFH,NEFL,PDK3,PLEKHG5,PMP22,PRPS1,PRX,RAB7A,SBF1,SBF2,SH3TC2,SPG11,SURF1,TRIM2,TRPV4,VCP,YARS,\"}]},{\"@type\":\"WebSite\",\"@id\":\"https:\\\/\\\/sistemasgenomicos.com\\\/es\\\/#website\",\"url\":\"https:\\\/\\\/sistemasgenomicos.com\\\/es\\\/\",\"name\":\"Sistemas Gen\u00f3micos\",\"description\":\"La mayor empresa dedicada a la investigaci\u00f3n gen\u00e9tica y molecular\",\"publisher\":{\"@id\":\"https:\\\/\\\/sistemasgenomicos.com\\\/es\\\/#organization\"},\"potentialAction\":[{\"@type\":\"SearchAction\",\"target\":{\"@type\":\"EntryPoint\",\"urlTemplate\":\"https:\\\/\\\/sistemasgenomicos.com\\\/es\\\/?s={search_term_string}\"},\"query-input\":{\"@type\":\"PropertyValueSpecification\",\"valueRequired\":true,\"valueName\":\"search_term_string\"}}],\"inLanguage\":\"es\"},{\"@type\":\"Organization\",\"@id\":\"https:\\\/\\\/sistemasgenomicos.com\\\/es\\\/#organization\",\"name\":\"Sistemas Gen\u00f3micos\",\"url\":\"https:\\\/\\\/sistemasgenomicos.com\\\/es\\\/\",\"logo\":{\"@type\":\"ImageObject\",\"inLanguage\":\"es\",\"@id\":\"https:\\\/\\\/sistemasgenomicos.com\\\/es\\\/#\\\/schema\\\/logo\\\/image\\\/\",\"url\":\"https:\\\/\\\/sistemasgenomicos.com\\\/wp-content\\\/uploads\\\/2022\\\/04\\\/image001-1.png\",\"contentUrl\":\"https:\\\/\\\/sistemasgenomicos.com\\\/wp-content\\\/uploads\\\/2022\\\/04\\\/image001-1.png\",\"width\":250,\"height\":122,\"caption\":\"Sistemas Gen\u00f3micos\"},\"image\":{\"@id\":\"https:\\\/\\\/sistemasgenomicos.com\\\/es\\\/#\\\/schema\\\/logo\\\/image\\\/\"}}]}<\/script>\n<!-- \/ Yoast SEO plugin. -->","yoast_head_json":{"title":"Secuenciaci\u00f3n masiva y cribado bioinform\u00e1tico de CNVs, panel de 54 genes: AARS,AIFM1,ARHGEF10,COX6A1,DHTKD1,DNAJB2,DNM2,DYNC1H1,EGR2,FGD4,FIG4,GARS,GDAP1,GJB1,GNB4,HARS,HK1,HOXD10,HSPB1,HSPB8,IGHMBP2,INF2,KARS,KIF1B,LITAF,LMNA,LRSAM1,MARS,MED25,MFN2,MME,MORC2,MPV17,MPZ,MTMR2,NAGLU,NDRG1,NEFH,NEFL,PDK3,PLEKHG5,PMP22,PRPS1,PRX,RAB7A,SBF1,SBF2,SH3TC2,SPG11,SURF1,TRIM2,TRPV4,VCP,YARS, - Sistemas Gen\u00f3micos","robots":{"index":"index","follow":"follow","max-snippet":"max-snippet:-1","max-image-preview":"max-image-preview:large","max-video-preview":"max-video-preview:-1"},"canonical":"https:\/\/sistemasgenomicos.com\/es\/producto\/secuenciacion-masiva-y-cribado-bioinformatico-de-cnvs-panel-de-54-genes-aarsaifm1arhgef10cox6a1dhtkd1dnajb2dnm2dync1h1egr2fgd4fig4garsgdap1gjb1gnb4harshk1hoxd10hspb1hspb8ighmbp2\/","og_locale":"es_ES","og_type":"article","og_title":"Secuenciaci\u00f3n masiva y cribado bioinform\u00e1tico de CNVs, panel de 54 genes: AARS,AIFM1,ARHGEF10,COX6A1,DHTKD1,DNAJB2,DNM2,DYNC1H1,EGR2,FGD4,FIG4,GARS,GDAP1,GJB1,GNB4,HARS,HK1,HOXD10,HSPB1,HSPB8,IGHMBP2,INF2,KARS,KIF1B,LITAF,LMNA,LRSAM1,MARS,MED25,MFN2,MME,MORC2,MPV17,MPZ,MTMR2,NAGLU,NDRG1,NEFH,NEFL,PDK3,PLEKHG5,PMP22,PRPS1,PRX,RAB7A,SBF1,SBF2,SH3TC2,SPG11,SURF1,TRIM2,TRPV4,VCP,YARS, - Sistemas Gen\u00f3micos","og_url":"https:\/\/sistemasgenomicos.com\/es\/producto\/secuenciacion-masiva-y-cribado-bioinformatico-de-cnvs-panel-de-54-genes-aarsaifm1arhgef10cox6a1dhtkd1dnajb2dnm2dync1h1egr2fgd4fig4garsgdap1gjb1gnb4harshk1hoxd10hspb1hspb8ighmbp2\/","og_site_name":"Sistemas Gen\u00f3micos","article_modified_time":"2020-09-30T05:03:41+00:00","og_image":[{"width":1200,"height":750,"url":"https:\/\/sistemasgenomicos.com\/wp-content\/uploads\/2018\/04\/logo-sistemas-genomicos-default-1.jpg","type":"image\/jpeg"}],"twitter_card":"summary_large_image","schema":{"@context":"https:\/\/schema.org","@graph":[{"@type":"WebPage","@id":"https:\/\/sistemasgenomicos.com\/es\/producto\/secuenciacion-masiva-y-cribado-bioinformatico-de-cnvs-panel-de-54-genes-aarsaifm1arhgef10cox6a1dhtkd1dnajb2dnm2dync1h1egr2fgd4fig4garsgdap1gjb1gnb4harshk1hoxd10hspb1hspb8ighmbp2\/","url":"https:\/\/sistemasgenomicos.com\/es\/producto\/secuenciacion-masiva-y-cribado-bioinformatico-de-cnvs-panel-de-54-genes-aarsaifm1arhgef10cox6a1dhtkd1dnajb2dnm2dync1h1egr2fgd4fig4garsgdap1gjb1gnb4harshk1hoxd10hspb1hspb8ighmbp2\/","name":"Secuenciaci\u00f3n masiva y cribado bioinform\u00e1tico de CNVs, panel de 54 genes: AARS,AIFM1,ARHGEF10,COX6A1,DHTKD1,DNAJB2,DNM2,DYNC1H1,EGR2,FGD4,FIG4,GARS,GDAP1,GJB1,GNB4,HARS,HK1,HOXD10,HSPB1,HSPB8,IGHMBP2,INF2,KARS,KIF1B,LITAF,LMNA,LRSAM1,MARS,MED25,MFN2,MME,MORC2,MPV17,MPZ,MTMR2,NAGLU,NDRG1,NEFH,NEFL,PDK3,PLEKHG5,PMP22,PRPS1,PRX,RAB7A,SBF1,SBF2,SH3TC2,SPG11,SURF1,TRIM2,TRPV4,VCP,YARS, - Sistemas Gen\u00f3micos","isPartOf":{"@id":"https:\/\/sistemasgenomicos.com\/es\/#website"},"primaryImageOfPage":{"@id":"https:\/\/sistemasgenomicos.com\/es\/producto\/secuenciacion-masiva-y-cribado-bioinformatico-de-cnvs-panel-de-54-genes-aarsaifm1arhgef10cox6a1dhtkd1dnajb2dnm2dync1h1egr2fgd4fig4garsgdap1gjb1gnb4harshk1hoxd10hspb1hspb8ighmbp2\/#primaryimage"},"image":{"@id":"https:\/\/sistemasgenomicos.com\/es\/producto\/secuenciacion-masiva-y-cribado-bioinformatico-de-cnvs-panel-de-54-genes-aarsaifm1arhgef10cox6a1dhtkd1dnajb2dnm2dync1h1egr2fgd4fig4garsgdap1gjb1gnb4harshk1hoxd10hspb1hspb8ighmbp2\/#primaryimage"},"thumbnailUrl":"https:\/\/sistemasgenomicos.com\/wp-content\/uploads\/2018\/04\/logo-sistemas-genomicos-default-1.jpg","datePublished":"2020-05-19T19:08:21+00:00","dateModified":"2020-09-30T05:03:41+00:00","breadcrumb":{"@id":"https:\/\/sistemasgenomicos.com\/es\/producto\/secuenciacion-masiva-y-cribado-bioinformatico-de-cnvs-panel-de-54-genes-aarsaifm1arhgef10cox6a1dhtkd1dnajb2dnm2dync1h1egr2fgd4fig4garsgdap1gjb1gnb4harshk1hoxd10hspb1hspb8ighmbp2\/#breadcrumb"},"inLanguage":"es","potentialAction":[{"@type":"ReadAction","target":["https:\/\/sistemasgenomicos.com\/es\/producto\/secuenciacion-masiva-y-cribado-bioinformatico-de-cnvs-panel-de-54-genes-aarsaifm1arhgef10cox6a1dhtkd1dnajb2dnm2dync1h1egr2fgd4fig4garsgdap1gjb1gnb4harshk1hoxd10hspb1hspb8ighmbp2\/"]}]},{"@type":"ImageObject","inLanguage":"es","@id":"https:\/\/sistemasgenomicos.com\/es\/producto\/secuenciacion-masiva-y-cribado-bioinformatico-de-cnvs-panel-de-54-genes-aarsaifm1arhgef10cox6a1dhtkd1dnajb2dnm2dync1h1egr2fgd4fig4garsgdap1gjb1gnb4harshk1hoxd10hspb1hspb8ighmbp2\/#primaryimage","url":"https:\/\/sistemasgenomicos.com\/wp-content\/uploads\/2018\/04\/logo-sistemas-genomicos-default-1.jpg","contentUrl":"https:\/\/sistemasgenomicos.com\/wp-content\/uploads\/2018\/04\/logo-sistemas-genomicos-default-1.jpg","width":1200,"height":750},{"@type":"BreadcrumbList","@id":"https:\/\/sistemasgenomicos.com\/es\/producto\/secuenciacion-masiva-y-cribado-bioinformatico-de-cnvs-panel-de-54-genes-aarsaifm1arhgef10cox6a1dhtkd1dnajb2dnm2dync1h1egr2fgd4fig4garsgdap1gjb1gnb4harshk1hoxd10hspb1hspb8ighmbp2\/#breadcrumb","itemListElement":[{"@type":"ListItem","position":1,"name":"Portada","item":"https:\/\/sistemasgenomicos.com\/es\/"},{"@type":"ListItem","position":2,"name":"Tienda","item":"https:\/\/sistemasgenomicos.com\/es\/tienda\/"},{"@type":"ListItem","position":3,"name":"Secuenciaci\u00f3n masiva y cribado bioinform\u00e1tico de CNVs, panel de 54 genes: AARS,AIFM1,ARHGEF10,COX6A1,DHTKD1,DNAJB2,DNM2,DYNC1H1,EGR2,FGD4,FIG4,GARS,GDAP1,GJB1,GNB4,HARS,HK1,HOXD10,HSPB1,HSPB8,IGHMBP2,INF2,KARS,KIF1B,LITAF,LMNA,LRSAM1,MARS,MED25,MFN2,MME,MORC2,MPV17,MPZ,MTMR2,NAGLU,NDRG1,NEFH,NEFL,PDK3,PLEKHG5,PMP22,PRPS1,PRX,RAB7A,SBF1,SBF2,SH3TC2,SPG11,SURF1,TRIM2,TRPV4,VCP,YARS,"}]},{"@type":"WebSite","@id":"https:\/\/sistemasgenomicos.com\/es\/#website","url":"https:\/\/sistemasgenomicos.com\/es\/","name":"Sistemas Gen\u00f3micos","description":"La mayor empresa dedicada a la investigaci\u00f3n gen\u00e9tica y molecular","publisher":{"@id":"https:\/\/sistemasgenomicos.com\/es\/#organization"},"potentialAction":[{"@type":"SearchAction","target":{"@type":"EntryPoint","urlTemplate":"https:\/\/sistemasgenomicos.com\/es\/?s={search_term_string}"},"query-input":{"@type":"PropertyValueSpecification","valueRequired":true,"valueName":"search_term_string"}}],"inLanguage":"es"},{"@type":"Organization","@id":"https:\/\/sistemasgenomicos.com\/es\/#organization","name":"Sistemas Gen\u00f3micos","url":"https:\/\/sistemasgenomicos.com\/es\/","logo":{"@type":"ImageObject","inLanguage":"es","@id":"https:\/\/sistemasgenomicos.com\/es\/#\/schema\/logo\/image\/","url":"https:\/\/sistemasgenomicos.com\/wp-content\/uploads\/2022\/04\/image001-1.png","contentUrl":"https:\/\/sistemasgenomicos.com\/wp-content\/uploads\/2022\/04\/image001-1.png","width":250,"height":122,"caption":"Sistemas Gen\u00f3micos"},"image":{"@id":"https:\/\/sistemasgenomicos.com\/es\/#\/schema\/logo\/image\/"}}]}},"_links":{"self":[{"href":"https:\/\/sistemasgenomicos.com\/es\/wp-json\/wp\/v2\/product\/240517","targetHints":{"allow":["GET"]}}],"collection":[{"href":"https:\/\/sistemasgenomicos.com\/es\/wp-json\/wp\/v2\/product"}],"about":[{"href":"https:\/\/sistemasgenomicos.com\/es\/wp-json\/wp\/v2\/types\/product"}],"wp:featuredmedia":[{"embeddable":true,"href":"https:\/\/sistemasgenomicos.com\/es\/wp-json\/wp\/v2\/media\/42665"}],"wp:attachment":[{"href":"https:\/\/sistemasgenomicos.com\/es\/wp-json\/wp\/v2\/media?parent=240517"}],"wp:term":[{"taxonomy":"product_brand","embeddable":true,"href":"https:\/\/sistemasgenomicos.com\/es\/wp-json\/wp\/v2\/product_brand?post=240517"},{"taxonomy":"product_cat","embeddable":true,"href":"https:\/\/sistemasgenomicos.com\/es\/wp-json\/wp\/v2\/product_cat?post=240517"},{"taxonomy":"product_tag","embeddable":true,"href":"https:\/\/sistemasgenomicos.com\/es\/wp-json\/wp\/v2\/product_tag?post=240517"}],"curies":[{"name":"wp","href":"https:\/\/api.w.org\/{rel}","templated":true}]}}