{"id":240495,"date":"2020-05-19T21:07:59","date_gmt":"2020-05-19T19:07:59","guid":{"rendered":"https:\/\/sistemasgenomicos.digitis.net\/tienda-online\/secuenciacion-masiva-y-cribado-bioinformatico-de-cnvs-panel-de-26-genes-als2angc9orf72chchd10chmp2bdctn1erbb4fig4fushnrnpa1matr3nefhnek1optnpfn1setxsigmar1sod1spg11sqstm1tardbpt\/"},"modified":"2020-09-30T07:03:36","modified_gmt":"2020-09-30T05:03:36","slug":"secuenciacion-masiva-y-cribado-bioinformatico-de-cnvs-panel-de-26-genes-als2angc9orf72chchd10chmp2bdctn1erbb4fig4fushnrnpa1matr3nefhnek1optnpfn1setxsigmar1sod1spg11sqstm1tardbpt","status":"publish","type":"product","link":"https:\/\/sistemasgenomicos.com\/es\/producto\/secuenciacion-masiva-y-cribado-bioinformatico-de-cnvs-panel-de-26-genes-als2angc9orf72chchd10chmp2bdctn1erbb4fig4fushnrnpa1matr3nefhnek1optnpfn1setxsigmar1sod1spg11sqstm1tardbpt\/","title":{"rendered":"Secuenciaci\u00f3n masiva y cribado bioinform\u00e1tico de CNVs, panel de 26 genes: ALS2,ANG,C9orf72,CHCHD10,CHMP2B,DCTN1,ERBB4,FIG4,FUS,HNRNPA1,MATR3,NEFH,NEK1,OPTN,PFN1,SETX,SIGMAR1,SOD1,SPG11,SQSTM1,TARDBP,TBK1,TUBA4A,UBQLN2,VAPB,VCP,"},"content":{"rendered":"","protected":false},"excerpt":{"rendered":"","protected":false},"featured_media":42665,"template":"","meta":[],"product_brand":[],"product_cat":[86,8679,8681,9355,9371,9379,9439],"product_tag":[23763],"class_list":{"0":"post-240495","1":"product","2":"type-product","3":"status-publish","4":"has-post-thumbnail","6":"gen-als2","7":"gen-matr3","8":"gen-chmp2b","9":"gen-fus","10":"gen-nefh","11":"gen-spg11","12":"gen-pfn1","13":"gen-tardbp","14":"gen-optn","15":"gen-vapb","16":"gen-tuba4a","17":"gen-hnrnpa1","18":"gen-nek1","19":"gen-sod1","20":"gen-c9orf72","21":"gen-sigmar1","22":"gen-sqstm1","23":"gen-vcp","24":"gen-erbb4","25":"gen-tbk1","26":"gen-ubqln2","27":"gen-dctn1","28":"gen-ang","29":"gen-chchd10-2","30":"gen-fig4-2","31":"gen-setx-2","32":"product_cat-analisis-y-estudios-geneticos","33":"product_cat-diagnostico-genetico-molecularn","34":"product_cat-diagnostico-genetico-por-secuenciacion-masiva","35":"product_cat-listado-de-enfermedades","36":"product_cat-medicina-interna-diagnostico-genetico-molecularn","37":"product_cat-neurologia-diagnostico-genetico-molecularn","38":"product_cat-paneles-neurologia-diagnostico-genetico-por-secuenciacion-masivan","39":"product_tag-esclerosis-lateral-amiotrofica-c00628","41":"first","42":"instock","43":"taxable","44":"shipping-taxable","45":"product-type-simple"},"acf":[],"yoast_head":"<!-- This site is optimized with the Yoast SEO plugin v27.4 - https:\/\/yoast.com\/product\/yoast-seo-wordpress\/ -->\n<title>Secuenciaci\u00f3n masiva y cribado bioinform\u00e1tico de CNVs, panel de 26 genes: ALS2,ANG,C9orf72,CHCHD10,CHMP2B,DCTN1,ERBB4,FIG4,FUS,HNRNPA1,MATR3,NEFH,NEK1,OPTN,PFN1,SETX,SIGMAR1,SOD1,SPG11,SQSTM1,TARDBP,TBK1,TUBA4A,UBQLN2,VAPB,VCP, - Sistemas Gen\u00f3micos<\/title>\n<meta name=\"robots\" content=\"index, follow, max-snippet:-1, max-image-preview:large, max-video-preview:-1\" \/>\n<link rel=\"canonical\" href=\"https:\/\/sistemasgenomicos.com\/es\/producto\/secuenciacion-masiva-y-cribado-bioinformatico-de-cnvs-panel-de-26-genes-als2angc9orf72chchd10chmp2bdctn1erbb4fig4fushnrnpa1matr3nefhnek1optnpfn1setxsigmar1sod1spg11sqstm1tardbpt\/\" \/>\n<meta property=\"og:locale\" content=\"es_ES\" \/>\n<meta property=\"og:type\" content=\"article\" \/>\n<meta property=\"og:title\" content=\"Secuenciaci\u00f3n masiva y cribado bioinform\u00e1tico de CNVs, panel de 26 genes: ALS2,ANG,C9orf72,CHCHD10,CHMP2B,DCTN1,ERBB4,FIG4,FUS,HNRNPA1,MATR3,NEFH,NEK1,OPTN,PFN1,SETX,SIGMAR1,SOD1,SPG11,SQSTM1,TARDBP,TBK1,TUBA4A,UBQLN2,VAPB,VCP, - Sistemas Gen\u00f3micos\" \/>\n<meta property=\"og:url\" content=\"https:\/\/sistemasgenomicos.com\/es\/producto\/secuenciacion-masiva-y-cribado-bioinformatico-de-cnvs-panel-de-26-genes-als2angc9orf72chchd10chmp2bdctn1erbb4fig4fushnrnpa1matr3nefhnek1optnpfn1setxsigmar1sod1spg11sqstm1tardbpt\/\" \/>\n<meta property=\"og:site_name\" content=\"Sistemas Gen\u00f3micos\" \/>\n<meta property=\"article:modified_time\" content=\"2020-09-30T05:03:36+00:00\" \/>\n<meta property=\"og:image\" content=\"https:\/\/sistemasgenomicos.com\/wp-content\/uploads\/2018\/04\/logo-sistemas-genomicos-default-1.jpg\" \/>\n\t<meta property=\"og:image:width\" content=\"1200\" \/>\n\t<meta property=\"og:image:height\" content=\"750\" \/>\n\t<meta property=\"og:image:type\" content=\"image\/jpeg\" \/>\n<meta name=\"twitter:card\" content=\"summary_large_image\" \/>\n<script type=\"application\/ld+json\" class=\"yoast-schema-graph\">{\"@context\":\"https:\\\/\\\/schema.org\",\"@graph\":[{\"@type\":\"WebPage\",\"@id\":\"https:\\\/\\\/sistemasgenomicos.com\\\/es\\\/producto\\\/secuenciacion-masiva-y-cribado-bioinformatico-de-cnvs-panel-de-26-genes-als2angc9orf72chchd10chmp2bdctn1erbb4fig4fushnrnpa1matr3nefhnek1optnpfn1setxsigmar1sod1spg11sqstm1tardbpt\\\/\",\"url\":\"https:\\\/\\\/sistemasgenomicos.com\\\/es\\\/producto\\\/secuenciacion-masiva-y-cribado-bioinformatico-de-cnvs-panel-de-26-genes-als2angc9orf72chchd10chmp2bdctn1erbb4fig4fushnrnpa1matr3nefhnek1optnpfn1setxsigmar1sod1spg11sqstm1tardbpt\\\/\",\"name\":\"Secuenciaci\u00f3n masiva y cribado bioinform\u00e1tico de CNVs, panel de 26 genes: ALS2,ANG,C9orf72,CHCHD10,CHMP2B,DCTN1,ERBB4,FIG4,FUS,HNRNPA1,MATR3,NEFH,NEK1,OPTN,PFN1,SETX,SIGMAR1,SOD1,SPG11,SQSTM1,TARDBP,TBK1,TUBA4A,UBQLN2,VAPB,VCP, - Sistemas Gen\u00f3micos\",\"isPartOf\":{\"@id\":\"https:\\\/\\\/sistemasgenomicos.com\\\/es\\\/#website\"},\"primaryImageOfPage\":{\"@id\":\"https:\\\/\\\/sistemasgenomicos.com\\\/es\\\/producto\\\/secuenciacion-masiva-y-cribado-bioinformatico-de-cnvs-panel-de-26-genes-als2angc9orf72chchd10chmp2bdctn1erbb4fig4fushnrnpa1matr3nefhnek1optnpfn1setxsigmar1sod1spg11sqstm1tardbpt\\\/#primaryimage\"},\"image\":{\"@id\":\"https:\\\/\\\/sistemasgenomicos.com\\\/es\\\/producto\\\/secuenciacion-masiva-y-cribado-bioinformatico-de-cnvs-panel-de-26-genes-als2angc9orf72chchd10chmp2bdctn1erbb4fig4fushnrnpa1matr3nefhnek1optnpfn1setxsigmar1sod1spg11sqstm1tardbpt\\\/#primaryimage\"},\"thumbnailUrl\":\"https:\\\/\\\/sistemasgenomicos.com\\\/wp-content\\\/uploads\\\/2018\\\/04\\\/logo-sistemas-genomicos-default-1.jpg\",\"datePublished\":\"2020-05-19T19:07:59+00:00\",\"dateModified\":\"2020-09-30T05:03:36+00:00\",\"breadcrumb\":{\"@id\":\"https:\\\/\\\/sistemasgenomicos.com\\\/es\\\/producto\\\/secuenciacion-masiva-y-cribado-bioinformatico-de-cnvs-panel-de-26-genes-als2angc9orf72chchd10chmp2bdctn1erbb4fig4fushnrnpa1matr3nefhnek1optnpfn1setxsigmar1sod1spg11sqstm1tardbpt\\\/#breadcrumb\"},\"inLanguage\":\"es\",\"potentialAction\":[{\"@type\":\"ReadAction\",\"target\":[\"https:\\\/\\\/sistemasgenomicos.com\\\/es\\\/producto\\\/secuenciacion-masiva-y-cribado-bioinformatico-de-cnvs-panel-de-26-genes-als2angc9orf72chchd10chmp2bdctn1erbb4fig4fushnrnpa1matr3nefhnek1optnpfn1setxsigmar1sod1spg11sqstm1tardbpt\\\/\"]}]},{\"@type\":\"ImageObject\",\"inLanguage\":\"es\",\"@id\":\"https:\\\/\\\/sistemasgenomicos.com\\\/es\\\/producto\\\/secuenciacion-masiva-y-cribado-bioinformatico-de-cnvs-panel-de-26-genes-als2angc9orf72chchd10chmp2bdctn1erbb4fig4fushnrnpa1matr3nefhnek1optnpfn1setxsigmar1sod1spg11sqstm1tardbpt\\\/#primaryimage\",\"url\":\"https:\\\/\\\/sistemasgenomicos.com\\\/wp-content\\\/uploads\\\/2018\\\/04\\\/logo-sistemas-genomicos-default-1.jpg\",\"contentUrl\":\"https:\\\/\\\/sistemasgenomicos.com\\\/wp-content\\\/uploads\\\/2018\\\/04\\\/logo-sistemas-genomicos-default-1.jpg\",\"width\":1200,\"height\":750},{\"@type\":\"BreadcrumbList\",\"@id\":\"https:\\\/\\\/sistemasgenomicos.com\\\/es\\\/producto\\\/secuenciacion-masiva-y-cribado-bioinformatico-de-cnvs-panel-de-26-genes-als2angc9orf72chchd10chmp2bdctn1erbb4fig4fushnrnpa1matr3nefhnek1optnpfn1setxsigmar1sod1spg11sqstm1tardbpt\\\/#breadcrumb\",\"itemListElement\":[{\"@type\":\"ListItem\",\"position\":1,\"name\":\"Portada\",\"item\":\"https:\\\/\\\/sistemasgenomicos.com\\\/es\\\/\"},{\"@type\":\"ListItem\",\"position\":2,\"name\":\"Tienda\",\"item\":\"https:\\\/\\\/sistemasgenomicos.com\\\/es\\\/tienda\\\/\"},{\"@type\":\"ListItem\",\"position\":3,\"name\":\"Secuenciaci\u00f3n masiva y cribado bioinform\u00e1tico de CNVs, panel de 26 genes: ALS2,ANG,C9orf72,CHCHD10,CHMP2B,DCTN1,ERBB4,FIG4,FUS,HNRNPA1,MATR3,NEFH,NEK1,OPTN,PFN1,SETX,SIGMAR1,SOD1,SPG11,SQSTM1,TARDBP,TBK1,TUBA4A,UBQLN2,VAPB,VCP,\"}]},{\"@type\":\"WebSite\",\"@id\":\"https:\\\/\\\/sistemasgenomicos.com\\\/es\\\/#website\",\"url\":\"https:\\\/\\\/sistemasgenomicos.com\\\/es\\\/\",\"name\":\"Sistemas Gen\u00f3micos\",\"description\":\"La mayor empresa dedicada a la investigaci\u00f3n gen\u00e9tica y molecular\",\"publisher\":{\"@id\":\"https:\\\/\\\/sistemasgenomicos.com\\\/es\\\/#organization\"},\"potentialAction\":[{\"@type\":\"SearchAction\",\"target\":{\"@type\":\"EntryPoint\",\"urlTemplate\":\"https:\\\/\\\/sistemasgenomicos.com\\\/es\\\/?s={search_term_string}\"},\"query-input\":{\"@type\":\"PropertyValueSpecification\",\"valueRequired\":true,\"valueName\":\"search_term_string\"}}],\"inLanguage\":\"es\"},{\"@type\":\"Organization\",\"@id\":\"https:\\\/\\\/sistemasgenomicos.com\\\/es\\\/#organization\",\"name\":\"Sistemas Gen\u00f3micos\",\"url\":\"https:\\\/\\\/sistemasgenomicos.com\\\/es\\\/\",\"logo\":{\"@type\":\"ImageObject\",\"inLanguage\":\"es\",\"@id\":\"https:\\\/\\\/sistemasgenomicos.com\\\/es\\\/#\\\/schema\\\/logo\\\/image\\\/\",\"url\":\"https:\\\/\\\/sistemasgenomicos.com\\\/wp-content\\\/uploads\\\/2022\\\/04\\\/image001-1.png\",\"contentUrl\":\"https:\\\/\\\/sistemasgenomicos.com\\\/wp-content\\\/uploads\\\/2022\\\/04\\\/image001-1.png\",\"width\":250,\"height\":122,\"caption\":\"Sistemas Gen\u00f3micos\"},\"image\":{\"@id\":\"https:\\\/\\\/sistemasgenomicos.com\\\/es\\\/#\\\/schema\\\/logo\\\/image\\\/\"}}]}<\/script>\n<!-- \/ Yoast SEO plugin. -->","yoast_head_json":{"title":"Secuenciaci\u00f3n masiva y cribado bioinform\u00e1tico de CNVs, panel de 26 genes: ALS2,ANG,C9orf72,CHCHD10,CHMP2B,DCTN1,ERBB4,FIG4,FUS,HNRNPA1,MATR3,NEFH,NEK1,OPTN,PFN1,SETX,SIGMAR1,SOD1,SPG11,SQSTM1,TARDBP,TBK1,TUBA4A,UBQLN2,VAPB,VCP, - Sistemas Gen\u00f3micos","robots":{"index":"index","follow":"follow","max-snippet":"max-snippet:-1","max-image-preview":"max-image-preview:large","max-video-preview":"max-video-preview:-1"},"canonical":"https:\/\/sistemasgenomicos.com\/es\/producto\/secuenciacion-masiva-y-cribado-bioinformatico-de-cnvs-panel-de-26-genes-als2angc9orf72chchd10chmp2bdctn1erbb4fig4fushnrnpa1matr3nefhnek1optnpfn1setxsigmar1sod1spg11sqstm1tardbpt\/","og_locale":"es_ES","og_type":"article","og_title":"Secuenciaci\u00f3n masiva y cribado bioinform\u00e1tico de CNVs, panel de 26 genes: ALS2,ANG,C9orf72,CHCHD10,CHMP2B,DCTN1,ERBB4,FIG4,FUS,HNRNPA1,MATR3,NEFH,NEK1,OPTN,PFN1,SETX,SIGMAR1,SOD1,SPG11,SQSTM1,TARDBP,TBK1,TUBA4A,UBQLN2,VAPB,VCP, - Sistemas Gen\u00f3micos","og_url":"https:\/\/sistemasgenomicos.com\/es\/producto\/secuenciacion-masiva-y-cribado-bioinformatico-de-cnvs-panel-de-26-genes-als2angc9orf72chchd10chmp2bdctn1erbb4fig4fushnrnpa1matr3nefhnek1optnpfn1setxsigmar1sod1spg11sqstm1tardbpt\/","og_site_name":"Sistemas Gen\u00f3micos","article_modified_time":"2020-09-30T05:03:36+00:00","og_image":[{"width":1200,"height":750,"url":"https:\/\/sistemasgenomicos.com\/wp-content\/uploads\/2018\/04\/logo-sistemas-genomicos-default-1.jpg","type":"image\/jpeg"}],"twitter_card":"summary_large_image","schema":{"@context":"https:\/\/schema.org","@graph":[{"@type":"WebPage","@id":"https:\/\/sistemasgenomicos.com\/es\/producto\/secuenciacion-masiva-y-cribado-bioinformatico-de-cnvs-panel-de-26-genes-als2angc9orf72chchd10chmp2bdctn1erbb4fig4fushnrnpa1matr3nefhnek1optnpfn1setxsigmar1sod1spg11sqstm1tardbpt\/","url":"https:\/\/sistemasgenomicos.com\/es\/producto\/secuenciacion-masiva-y-cribado-bioinformatico-de-cnvs-panel-de-26-genes-als2angc9orf72chchd10chmp2bdctn1erbb4fig4fushnrnpa1matr3nefhnek1optnpfn1setxsigmar1sod1spg11sqstm1tardbpt\/","name":"Secuenciaci\u00f3n masiva y cribado bioinform\u00e1tico de CNVs, panel de 26 genes: ALS2,ANG,C9orf72,CHCHD10,CHMP2B,DCTN1,ERBB4,FIG4,FUS,HNRNPA1,MATR3,NEFH,NEK1,OPTN,PFN1,SETX,SIGMAR1,SOD1,SPG11,SQSTM1,TARDBP,TBK1,TUBA4A,UBQLN2,VAPB,VCP, - Sistemas Gen\u00f3micos","isPartOf":{"@id":"https:\/\/sistemasgenomicos.com\/es\/#website"},"primaryImageOfPage":{"@id":"https:\/\/sistemasgenomicos.com\/es\/producto\/secuenciacion-masiva-y-cribado-bioinformatico-de-cnvs-panel-de-26-genes-als2angc9orf72chchd10chmp2bdctn1erbb4fig4fushnrnpa1matr3nefhnek1optnpfn1setxsigmar1sod1spg11sqstm1tardbpt\/#primaryimage"},"image":{"@id":"https:\/\/sistemasgenomicos.com\/es\/producto\/secuenciacion-masiva-y-cribado-bioinformatico-de-cnvs-panel-de-26-genes-als2angc9orf72chchd10chmp2bdctn1erbb4fig4fushnrnpa1matr3nefhnek1optnpfn1setxsigmar1sod1spg11sqstm1tardbpt\/#primaryimage"},"thumbnailUrl":"https:\/\/sistemasgenomicos.com\/wp-content\/uploads\/2018\/04\/logo-sistemas-genomicos-default-1.jpg","datePublished":"2020-05-19T19:07:59+00:00","dateModified":"2020-09-30T05:03:36+00:00","breadcrumb":{"@id":"https:\/\/sistemasgenomicos.com\/es\/producto\/secuenciacion-masiva-y-cribado-bioinformatico-de-cnvs-panel-de-26-genes-als2angc9orf72chchd10chmp2bdctn1erbb4fig4fushnrnpa1matr3nefhnek1optnpfn1setxsigmar1sod1spg11sqstm1tardbpt\/#breadcrumb"},"inLanguage":"es","potentialAction":[{"@type":"ReadAction","target":["https:\/\/sistemasgenomicos.com\/es\/producto\/secuenciacion-masiva-y-cribado-bioinformatico-de-cnvs-panel-de-26-genes-als2angc9orf72chchd10chmp2bdctn1erbb4fig4fushnrnpa1matr3nefhnek1optnpfn1setxsigmar1sod1spg11sqstm1tardbpt\/"]}]},{"@type":"ImageObject","inLanguage":"es","@id":"https:\/\/sistemasgenomicos.com\/es\/producto\/secuenciacion-masiva-y-cribado-bioinformatico-de-cnvs-panel-de-26-genes-als2angc9orf72chchd10chmp2bdctn1erbb4fig4fushnrnpa1matr3nefhnek1optnpfn1setxsigmar1sod1spg11sqstm1tardbpt\/#primaryimage","url":"https:\/\/sistemasgenomicos.com\/wp-content\/uploads\/2018\/04\/logo-sistemas-genomicos-default-1.jpg","contentUrl":"https:\/\/sistemasgenomicos.com\/wp-content\/uploads\/2018\/04\/logo-sistemas-genomicos-default-1.jpg","width":1200,"height":750},{"@type":"BreadcrumbList","@id":"https:\/\/sistemasgenomicos.com\/es\/producto\/secuenciacion-masiva-y-cribado-bioinformatico-de-cnvs-panel-de-26-genes-als2angc9orf72chchd10chmp2bdctn1erbb4fig4fushnrnpa1matr3nefhnek1optnpfn1setxsigmar1sod1spg11sqstm1tardbpt\/#breadcrumb","itemListElement":[{"@type":"ListItem","position":1,"name":"Portada","item":"https:\/\/sistemasgenomicos.com\/es\/"},{"@type":"ListItem","position":2,"name":"Tienda","item":"https:\/\/sistemasgenomicos.com\/es\/tienda\/"},{"@type":"ListItem","position":3,"name":"Secuenciaci\u00f3n masiva y cribado bioinform\u00e1tico de CNVs, panel de 26 genes: ALS2,ANG,C9orf72,CHCHD10,CHMP2B,DCTN1,ERBB4,FIG4,FUS,HNRNPA1,MATR3,NEFH,NEK1,OPTN,PFN1,SETX,SIGMAR1,SOD1,SPG11,SQSTM1,TARDBP,TBK1,TUBA4A,UBQLN2,VAPB,VCP,"}]},{"@type":"WebSite","@id":"https:\/\/sistemasgenomicos.com\/es\/#website","url":"https:\/\/sistemasgenomicos.com\/es\/","name":"Sistemas Gen\u00f3micos","description":"La mayor empresa dedicada a la investigaci\u00f3n gen\u00e9tica y molecular","publisher":{"@id":"https:\/\/sistemasgenomicos.com\/es\/#organization"},"potentialAction":[{"@type":"SearchAction","target":{"@type":"EntryPoint","urlTemplate":"https:\/\/sistemasgenomicos.com\/es\/?s={search_term_string}"},"query-input":{"@type":"PropertyValueSpecification","valueRequired":true,"valueName":"search_term_string"}}],"inLanguage":"es"},{"@type":"Organization","@id":"https:\/\/sistemasgenomicos.com\/es\/#organization","name":"Sistemas Gen\u00f3micos","url":"https:\/\/sistemasgenomicos.com\/es\/","logo":{"@type":"ImageObject","inLanguage":"es","@id":"https:\/\/sistemasgenomicos.com\/es\/#\/schema\/logo\/image\/","url":"https:\/\/sistemasgenomicos.com\/wp-content\/uploads\/2022\/04\/image001-1.png","contentUrl":"https:\/\/sistemasgenomicos.com\/wp-content\/uploads\/2022\/04\/image001-1.png","width":250,"height":122,"caption":"Sistemas Gen\u00f3micos"},"image":{"@id":"https:\/\/sistemasgenomicos.com\/es\/#\/schema\/logo\/image\/"}}]}},"_links":{"self":[{"href":"https:\/\/sistemasgenomicos.com\/es\/wp-json\/wp\/v2\/product\/240495","targetHints":{"allow":["GET"]}}],"collection":[{"href":"https:\/\/sistemasgenomicos.com\/es\/wp-json\/wp\/v2\/product"}],"about":[{"href":"https:\/\/sistemasgenomicos.com\/es\/wp-json\/wp\/v2\/types\/product"}],"wp:featuredmedia":[{"embeddable":true,"href":"https:\/\/sistemasgenomicos.com\/es\/wp-json\/wp\/v2\/media\/42665"}],"wp:attachment":[{"href":"https:\/\/sistemasgenomicos.com\/es\/wp-json\/wp\/v2\/media?parent=240495"}],"wp:term":[{"taxonomy":"product_brand","embeddable":true,"href":"https:\/\/sistemasgenomicos.com\/es\/wp-json\/wp\/v2\/product_brand?post=240495"},{"taxonomy":"product_cat","embeddable":true,"href":"https:\/\/sistemasgenomicos.com\/es\/wp-json\/wp\/v2\/product_cat?post=240495"},{"taxonomy":"product_tag","embeddable":true,"href":"https:\/\/sistemasgenomicos.com\/es\/wp-json\/wp\/v2\/product_tag?post=240495"}],"curies":[{"name":"wp","href":"https:\/\/api.w.org\/{rel}","templated":true}]}}