{"id":240491,"date":"2020-05-19T21:07:58","date_gmt":"2020-05-19T19:07:58","guid":{"rendered":"https:\/\/sistemasgenomicos.digitis.net\/tienda-online\/secuenciacion-masiva-y-cribado-bioinformatico-de-cnvs-panel-de-54-genes-aars2abca7abcd1apoeappatp13a2atp1a3atp7bc19orf12chchd10chmp2bcln3cln6csf1rcst3ctsfcyp27a1dctn1dnajc5dnmt1e\/"},"modified":"2020-09-30T07:03:35","modified_gmt":"2020-09-30T05:03:35","slug":"secuenciacion-masiva-y-cribado-bioinformatico-de-cnvs-panel-de-54-genes-aars2abca7abcd1apoeappatp13a2atp1a3atp7bc19orf12chchd10chmp2bcln3cln6csf1rcst3ctsfcyp27a1dctn1dnajc5dnmt1e","status":"publish","type":"product","link":"https:\/\/sistemasgenomicos.com\/es\/producto\/secuenciacion-masiva-y-cribado-bioinformatico-de-cnvs-panel-de-54-genes-aars2abca7abcd1apoeappatp13a2atp1a3atp7bc19orf12chchd10chmp2bcln3cln6csf1rcst3ctsfcyp27a1dctn1dnajc5dnmt1e\/","title":{"rendered":"Secuenciaci\u00f3n masiva y cribado bioinform\u00e1tico de CNVs, panel de 54 genes: AARS2,ABCA7,ABCD1,APOE,APP,ATP13A2,ATP1A3,ATP7B,C19orf12,CHCHD10,CHMP2B,CLN3,CLN6,CSF1R,CST3,CTSF,CYP27A1,DCTN1,DNAJC5,DNMT1,EPM2A,ERCC4,FUS,GBA,GRN,HEXA,HNRNPA2B1,HTRA1,ITM2B,MAPT,MMACHC,NHLRC1,NOTCH3,NPC1,NPC2,PRNP,PSEN1,PSEN2,RNF216,SERPINI1,SNCA,SNCB,SQSTM1,TARDBP,TBK1,TREM2,TREX1,TTR,TUBA4A,TWNK,TYROBP,UBQLN2,VCP,WDR45,"},"content":{"rendered":"","protected":false},"excerpt":{"rendered":"","protected":false},"featured_media":42665,"template":"","meta":[],"product_brand":[],"product_cat":[86,8679,9355,9379,9381],"product_tag":[25035],"class_list":{"0":"post-240491","1":"product","2":"type-product","3":"status-publish","4":"has-post-thumbnail","6":"gen-rnf216","7":"gen-tyrobp","8":"gen-grn","9":"gen-abca7","10":"gen-notch3","11":"gen-sncb","12":"gen-psen1","13":"gen-chmp2b","14":"gen-fus","15":"gen-trem2","16":"gen-dnajc5","17":"gen-cst3","18":"gen-c10orf2","19":"gen-epm2a","20":"gen-ttr","21":"gen-npc2","22":"gen-tardbp","23":"gen-hnrnpa2b1","24":"gen-atp7b","25":"gen-aars2","26":"gen-tuba4a","27":"gen-cln6","28":"gen-apoe","29":"gen-c19orf12","30":"gen-mmachc","31":"gen-cyp27a1","32":"gen-itm2b","33":"gen-npc1","34":"gen-app","35":"gen-psen2","36":"gen-snca","37":"gen-atp13a2","38":"gen-sqstm1","39":"gen-serpini1","40":"gen-vcp","41":"gen-htra1","42":"gen-prnp","43":"gen-ctsf","44":"gen-csf1r","45":"gen-tbk1","46":"gen-nhlrc1","47":"gen-ubqln2","48":"gen-cln3","49":"gen-dctn1","50":"gen-hexa","51":"gen-trex1","52":"gen-gba-2","53":"gen-abcd1-2","54":"gen-wdr45-2","55":"gen-atp1a3-2","56":"gen-chchd10-2","57":"gen-mapt-2","58":"gen-dnmt1-2","59":"gen-ercc4-2","60":"product_cat-analisis-y-estudios-geneticos","61":"product_cat-diagnostico-genetico-molecularn","62":"product_cat-listado-de-enfermedades","63":"product_cat-neurologia-diagnostico-genetico-molecularn","64":"product_cat-neuropediatria-diagnostico-genetico-molecularn","65":"product_tag-demenciad00402","67":"first","68":"instock","69":"taxable","70":"shipping-taxable","71":"product-type-simple"},"acf":[],"yoast_head":"<!-- This site is optimized with the Yoast SEO plugin v27.3 - https:\/\/yoast.com\/product\/yoast-seo-wordpress\/ -->\n<title>Secuenciaci\u00f3n masiva y cribado bioinform\u00e1tico de CNVs, panel de 54 genes: AARS2,ABCA7,ABCD1,APOE,APP,ATP13A2,ATP1A3,ATP7B,C19orf12,CHCHD10,CHMP2B,CLN3,CLN6,CSF1R,CST3,CTSF,CYP27A1,DCTN1,DNAJC5,DNMT1,EPM2A,ERCC4,FUS,GBA,GRN,HEXA,HNRNPA2B1,HTRA1,ITM2B,MAPT,MMACHC,NHLRC1,NOTCH3,NPC1,NPC2,PRNP,PSEN1,PSEN2,RNF216,SERPINI1,SNCA,SNCB,SQSTM1,TARDBP,TBK1,TREM2,TREX1,TTR,TUBA4A,TWNK,TYROBP,UBQLN2,VCP,WDR45, - Sistemas Gen\u00f3micos<\/title>\n<meta name=\"robots\" content=\"index, follow, max-snippet:-1, max-image-preview:large, max-video-preview:-1\" \/>\n<link rel=\"canonical\" href=\"https:\/\/sistemasgenomicos.com\/es\/producto\/secuenciacion-masiva-y-cribado-bioinformatico-de-cnvs-panel-de-54-genes-aars2abca7abcd1apoeappatp13a2atp1a3atp7bc19orf12chchd10chmp2bcln3cln6csf1rcst3ctsfcyp27a1dctn1dnajc5dnmt1e\/\" \/>\n<meta property=\"og:locale\" content=\"es_ES\" \/>\n<meta property=\"og:type\" content=\"article\" \/>\n<meta property=\"og:title\" content=\"Secuenciaci\u00f3n masiva y cribado bioinform\u00e1tico de CNVs, panel de 54 genes: AARS2,ABCA7,ABCD1,APOE,APP,ATP13A2,ATP1A3,ATP7B,C19orf12,CHCHD10,CHMP2B,CLN3,CLN6,CSF1R,CST3,CTSF,CYP27A1,DCTN1,DNAJC5,DNMT1,EPM2A,ERCC4,FUS,GBA,GRN,HEXA,HNRNPA2B1,HTRA1,ITM2B,MAPT,MMACHC,NHLRC1,NOTCH3,NPC1,NPC2,PRNP,PSEN1,PSEN2,RNF216,SERPINI1,SNCA,SNCB,SQSTM1,TARDBP,TBK1,TREM2,TREX1,TTR,TUBA4A,TWNK,TYROBP,UBQLN2,VCP,WDR45, - Sistemas Gen\u00f3micos\" \/>\n<meta property=\"og:url\" content=\"https:\/\/sistemasgenomicos.com\/es\/producto\/secuenciacion-masiva-y-cribado-bioinformatico-de-cnvs-panel-de-54-genes-aars2abca7abcd1apoeappatp13a2atp1a3atp7bc19orf12chchd10chmp2bcln3cln6csf1rcst3ctsfcyp27a1dctn1dnajc5dnmt1e\/\" \/>\n<meta property=\"og:site_name\" content=\"Sistemas Gen\u00f3micos\" \/>\n<meta property=\"article:modified_time\" content=\"2020-09-30T05:03:35+00:00\" \/>\n<meta property=\"og:image\" content=\"https:\/\/sistemasgenomicos.com\/wp-content\/uploads\/2018\/04\/logo-sistemas-genomicos-default-1.jpg\" \/>\n\t<meta property=\"og:image:width\" content=\"1200\" \/>\n\t<meta property=\"og:image:height\" content=\"750\" \/>\n\t<meta property=\"og:image:type\" content=\"image\/jpeg\" \/>\n<meta name=\"twitter:card\" content=\"summary_large_image\" \/>\n<script type=\"application\/ld+json\" class=\"yoast-schema-graph\">{\"@context\":\"https:\\\/\\\/schema.org\",\"@graph\":[{\"@type\":\"WebPage\",\"@id\":\"https:\\\/\\\/sistemasgenomicos.com\\\/es\\\/producto\\\/secuenciacion-masiva-y-cribado-bioinformatico-de-cnvs-panel-de-54-genes-aars2abca7abcd1apoeappatp13a2atp1a3atp7bc19orf12chchd10chmp2bcln3cln6csf1rcst3ctsfcyp27a1dctn1dnajc5dnmt1e\\\/\",\"url\":\"https:\\\/\\\/sistemasgenomicos.com\\\/es\\\/producto\\\/secuenciacion-masiva-y-cribado-bioinformatico-de-cnvs-panel-de-54-genes-aars2abca7abcd1apoeappatp13a2atp1a3atp7bc19orf12chchd10chmp2bcln3cln6csf1rcst3ctsfcyp27a1dctn1dnajc5dnmt1e\\\/\",\"name\":\"Secuenciaci\u00f3n masiva y cribado bioinform\u00e1tico de CNVs, panel de 54 genes: AARS2,ABCA7,ABCD1,APOE,APP,ATP13A2,ATP1A3,ATP7B,C19orf12,CHCHD10,CHMP2B,CLN3,CLN6,CSF1R,CST3,CTSF,CYP27A1,DCTN1,DNAJC5,DNMT1,EPM2A,ERCC4,FUS,GBA,GRN,HEXA,HNRNPA2B1,HTRA1,ITM2B,MAPT,MMACHC,NHLRC1,NOTCH3,NPC1,NPC2,PRNP,PSEN1,PSEN2,RNF216,SERPINI1,SNCA,SNCB,SQSTM1,TARDBP,TBK1,TREM2,TREX1,TTR,TUBA4A,TWNK,TYROBP,UBQLN2,VCP,WDR45, - Sistemas Gen\u00f3micos\",\"isPartOf\":{\"@id\":\"https:\\\/\\\/sistemasgenomicos.com\\\/es\\\/#website\"},\"primaryImageOfPage\":{\"@id\":\"https:\\\/\\\/sistemasgenomicos.com\\\/es\\\/producto\\\/secuenciacion-masiva-y-cribado-bioinformatico-de-cnvs-panel-de-54-genes-aars2abca7abcd1apoeappatp13a2atp1a3atp7bc19orf12chchd10chmp2bcln3cln6csf1rcst3ctsfcyp27a1dctn1dnajc5dnmt1e\\\/#primaryimage\"},\"image\":{\"@id\":\"https:\\\/\\\/sistemasgenomicos.com\\\/es\\\/producto\\\/secuenciacion-masiva-y-cribado-bioinformatico-de-cnvs-panel-de-54-genes-aars2abca7abcd1apoeappatp13a2atp1a3atp7bc19orf12chchd10chmp2bcln3cln6csf1rcst3ctsfcyp27a1dctn1dnajc5dnmt1e\\\/#primaryimage\"},\"thumbnailUrl\":\"https:\\\/\\\/sistemasgenomicos.com\\\/wp-content\\\/uploads\\\/2018\\\/04\\\/logo-sistemas-genomicos-default-1.jpg\",\"datePublished\":\"2020-05-19T19:07:58+00:00\",\"dateModified\":\"2020-09-30T05:03:35+00:00\",\"breadcrumb\":{\"@id\":\"https:\\\/\\\/sistemasgenomicos.com\\\/es\\\/producto\\\/secuenciacion-masiva-y-cribado-bioinformatico-de-cnvs-panel-de-54-genes-aars2abca7abcd1apoeappatp13a2atp1a3atp7bc19orf12chchd10chmp2bcln3cln6csf1rcst3ctsfcyp27a1dctn1dnajc5dnmt1e\\\/#breadcrumb\"},\"inLanguage\":\"es\",\"potentialAction\":[{\"@type\":\"ReadAction\",\"target\":[\"https:\\\/\\\/sistemasgenomicos.com\\\/es\\\/producto\\\/secuenciacion-masiva-y-cribado-bioinformatico-de-cnvs-panel-de-54-genes-aars2abca7abcd1apoeappatp13a2atp1a3atp7bc19orf12chchd10chmp2bcln3cln6csf1rcst3ctsfcyp27a1dctn1dnajc5dnmt1e\\\/\"]}]},{\"@type\":\"ImageObject\",\"inLanguage\":\"es\",\"@id\":\"https:\\\/\\\/sistemasgenomicos.com\\\/es\\\/producto\\\/secuenciacion-masiva-y-cribado-bioinformatico-de-cnvs-panel-de-54-genes-aars2abca7abcd1apoeappatp13a2atp1a3atp7bc19orf12chchd10chmp2bcln3cln6csf1rcst3ctsfcyp27a1dctn1dnajc5dnmt1e\\\/#primaryimage\",\"url\":\"https:\\\/\\\/sistemasgenomicos.com\\\/wp-content\\\/uploads\\\/2018\\\/04\\\/logo-sistemas-genomicos-default-1.jpg\",\"contentUrl\":\"https:\\\/\\\/sistemasgenomicos.com\\\/wp-content\\\/uploads\\\/2018\\\/04\\\/logo-sistemas-genomicos-default-1.jpg\",\"width\":1200,\"height\":750},{\"@type\":\"BreadcrumbList\",\"@id\":\"https:\\\/\\\/sistemasgenomicos.com\\\/es\\\/producto\\\/secuenciacion-masiva-y-cribado-bioinformatico-de-cnvs-panel-de-54-genes-aars2abca7abcd1apoeappatp13a2atp1a3atp7bc19orf12chchd10chmp2bcln3cln6csf1rcst3ctsfcyp27a1dctn1dnajc5dnmt1e\\\/#breadcrumb\",\"itemListElement\":[{\"@type\":\"ListItem\",\"position\":1,\"name\":\"Portada\",\"item\":\"https:\\\/\\\/sistemasgenomicos.com\\\/es\\\/\"},{\"@type\":\"ListItem\",\"position\":2,\"name\":\"Tienda\",\"item\":\"https:\\\/\\\/sistemasgenomicos.com\\\/es\\\/tienda\\\/\"},{\"@type\":\"ListItem\",\"position\":3,\"name\":\"Secuenciaci\u00f3n masiva y cribado bioinform\u00e1tico de CNVs, panel de 54 genes: AARS2,ABCA7,ABCD1,APOE,APP,ATP13A2,ATP1A3,ATP7B,C19orf12,CHCHD10,CHMP2B,CLN3,CLN6,CSF1R,CST3,CTSF,CYP27A1,DCTN1,DNAJC5,DNMT1,EPM2A,ERCC4,FUS,GBA,GRN,HEXA,HNRNPA2B1,HTRA1,ITM2B,MAPT,MMACHC,NHLRC1,NOTCH3,NPC1,NPC2,PRNP,PSEN1,PSEN2,RNF216,SERPINI1,SNCA,SNCB,SQSTM1,TARDBP,TBK1,TREM2,TREX1,TTR,TUBA4A,TWNK,TYROBP,UBQLN2,VCP,WDR45,\"}]},{\"@type\":\"WebSite\",\"@id\":\"https:\\\/\\\/sistemasgenomicos.com\\\/es\\\/#website\",\"url\":\"https:\\\/\\\/sistemasgenomicos.com\\\/es\\\/\",\"name\":\"Sistemas Gen\u00f3micos\",\"description\":\"La mayor empresa dedicada a la investigaci\u00f3n gen\u00e9tica y molecular\",\"publisher\":{\"@id\":\"https:\\\/\\\/sistemasgenomicos.com\\\/es\\\/#organization\"},\"potentialAction\":[{\"@type\":\"SearchAction\",\"target\":{\"@type\":\"EntryPoint\",\"urlTemplate\":\"https:\\\/\\\/sistemasgenomicos.com\\\/es\\\/?s={search_term_string}\"},\"query-input\":{\"@type\":\"PropertyValueSpecification\",\"valueRequired\":true,\"valueName\":\"search_term_string\"}}],\"inLanguage\":\"es\"},{\"@type\":\"Organization\",\"@id\":\"https:\\\/\\\/sistemasgenomicos.com\\\/es\\\/#organization\",\"name\":\"Sistemas Gen\u00f3micos\",\"url\":\"https:\\\/\\\/sistemasgenomicos.com\\\/es\\\/\",\"logo\":{\"@type\":\"ImageObject\",\"inLanguage\":\"es\",\"@id\":\"https:\\\/\\\/sistemasgenomicos.com\\\/es\\\/#\\\/schema\\\/logo\\\/image\\\/\",\"url\":\"https:\\\/\\\/sistemasgenomicos.com\\\/wp-content\\\/uploads\\\/2022\\\/04\\\/image001-1.png\",\"contentUrl\":\"https:\\\/\\\/sistemasgenomicos.com\\\/wp-content\\\/uploads\\\/2022\\\/04\\\/image001-1.png\",\"width\":250,\"height\":122,\"caption\":\"Sistemas Gen\u00f3micos\"},\"image\":{\"@id\":\"https:\\\/\\\/sistemasgenomicos.com\\\/es\\\/#\\\/schema\\\/logo\\\/image\\\/\"}}]}<\/script>\n<!-- \/ Yoast SEO plugin. -->","yoast_head_json":{"title":"Secuenciaci\u00f3n masiva y cribado bioinform\u00e1tico de CNVs, panel de 54 genes: AARS2,ABCA7,ABCD1,APOE,APP,ATP13A2,ATP1A3,ATP7B,C19orf12,CHCHD10,CHMP2B,CLN3,CLN6,CSF1R,CST3,CTSF,CYP27A1,DCTN1,DNAJC5,DNMT1,EPM2A,ERCC4,FUS,GBA,GRN,HEXA,HNRNPA2B1,HTRA1,ITM2B,MAPT,MMACHC,NHLRC1,NOTCH3,NPC1,NPC2,PRNP,PSEN1,PSEN2,RNF216,SERPINI1,SNCA,SNCB,SQSTM1,TARDBP,TBK1,TREM2,TREX1,TTR,TUBA4A,TWNK,TYROBP,UBQLN2,VCP,WDR45, - Sistemas Gen\u00f3micos","robots":{"index":"index","follow":"follow","max-snippet":"max-snippet:-1","max-image-preview":"max-image-preview:large","max-video-preview":"max-video-preview:-1"},"canonical":"https:\/\/sistemasgenomicos.com\/es\/producto\/secuenciacion-masiva-y-cribado-bioinformatico-de-cnvs-panel-de-54-genes-aars2abca7abcd1apoeappatp13a2atp1a3atp7bc19orf12chchd10chmp2bcln3cln6csf1rcst3ctsfcyp27a1dctn1dnajc5dnmt1e\/","og_locale":"es_ES","og_type":"article","og_title":"Secuenciaci\u00f3n masiva y cribado bioinform\u00e1tico de CNVs, panel de 54 genes: AARS2,ABCA7,ABCD1,APOE,APP,ATP13A2,ATP1A3,ATP7B,C19orf12,CHCHD10,CHMP2B,CLN3,CLN6,CSF1R,CST3,CTSF,CYP27A1,DCTN1,DNAJC5,DNMT1,EPM2A,ERCC4,FUS,GBA,GRN,HEXA,HNRNPA2B1,HTRA1,ITM2B,MAPT,MMACHC,NHLRC1,NOTCH3,NPC1,NPC2,PRNP,PSEN1,PSEN2,RNF216,SERPINI1,SNCA,SNCB,SQSTM1,TARDBP,TBK1,TREM2,TREX1,TTR,TUBA4A,TWNK,TYROBP,UBQLN2,VCP,WDR45, - Sistemas Gen\u00f3micos","og_url":"https:\/\/sistemasgenomicos.com\/es\/producto\/secuenciacion-masiva-y-cribado-bioinformatico-de-cnvs-panel-de-54-genes-aars2abca7abcd1apoeappatp13a2atp1a3atp7bc19orf12chchd10chmp2bcln3cln6csf1rcst3ctsfcyp27a1dctn1dnajc5dnmt1e\/","og_site_name":"Sistemas Gen\u00f3micos","article_modified_time":"2020-09-30T05:03:35+00:00","og_image":[{"width":1200,"height":750,"url":"https:\/\/sistemasgenomicos.com\/wp-content\/uploads\/2018\/04\/logo-sistemas-genomicos-default-1.jpg","type":"image\/jpeg"}],"twitter_card":"summary_large_image","schema":{"@context":"https:\/\/schema.org","@graph":[{"@type":"WebPage","@id":"https:\/\/sistemasgenomicos.com\/es\/producto\/secuenciacion-masiva-y-cribado-bioinformatico-de-cnvs-panel-de-54-genes-aars2abca7abcd1apoeappatp13a2atp1a3atp7bc19orf12chchd10chmp2bcln3cln6csf1rcst3ctsfcyp27a1dctn1dnajc5dnmt1e\/","url":"https:\/\/sistemasgenomicos.com\/es\/producto\/secuenciacion-masiva-y-cribado-bioinformatico-de-cnvs-panel-de-54-genes-aars2abca7abcd1apoeappatp13a2atp1a3atp7bc19orf12chchd10chmp2bcln3cln6csf1rcst3ctsfcyp27a1dctn1dnajc5dnmt1e\/","name":"Secuenciaci\u00f3n masiva y cribado bioinform\u00e1tico de CNVs, panel de 54 genes: AARS2,ABCA7,ABCD1,APOE,APP,ATP13A2,ATP1A3,ATP7B,C19orf12,CHCHD10,CHMP2B,CLN3,CLN6,CSF1R,CST3,CTSF,CYP27A1,DCTN1,DNAJC5,DNMT1,EPM2A,ERCC4,FUS,GBA,GRN,HEXA,HNRNPA2B1,HTRA1,ITM2B,MAPT,MMACHC,NHLRC1,NOTCH3,NPC1,NPC2,PRNP,PSEN1,PSEN2,RNF216,SERPINI1,SNCA,SNCB,SQSTM1,TARDBP,TBK1,TREM2,TREX1,TTR,TUBA4A,TWNK,TYROBP,UBQLN2,VCP,WDR45, - Sistemas Gen\u00f3micos","isPartOf":{"@id":"https:\/\/sistemasgenomicos.com\/es\/#website"},"primaryImageOfPage":{"@id":"https:\/\/sistemasgenomicos.com\/es\/producto\/secuenciacion-masiva-y-cribado-bioinformatico-de-cnvs-panel-de-54-genes-aars2abca7abcd1apoeappatp13a2atp1a3atp7bc19orf12chchd10chmp2bcln3cln6csf1rcst3ctsfcyp27a1dctn1dnajc5dnmt1e\/#primaryimage"},"image":{"@id":"https:\/\/sistemasgenomicos.com\/es\/producto\/secuenciacion-masiva-y-cribado-bioinformatico-de-cnvs-panel-de-54-genes-aars2abca7abcd1apoeappatp13a2atp1a3atp7bc19orf12chchd10chmp2bcln3cln6csf1rcst3ctsfcyp27a1dctn1dnajc5dnmt1e\/#primaryimage"},"thumbnailUrl":"https:\/\/sistemasgenomicos.com\/wp-content\/uploads\/2018\/04\/logo-sistemas-genomicos-default-1.jpg","datePublished":"2020-05-19T19:07:58+00:00","dateModified":"2020-09-30T05:03:35+00:00","breadcrumb":{"@id":"https:\/\/sistemasgenomicos.com\/es\/producto\/secuenciacion-masiva-y-cribado-bioinformatico-de-cnvs-panel-de-54-genes-aars2abca7abcd1apoeappatp13a2atp1a3atp7bc19orf12chchd10chmp2bcln3cln6csf1rcst3ctsfcyp27a1dctn1dnajc5dnmt1e\/#breadcrumb"},"inLanguage":"es","potentialAction":[{"@type":"ReadAction","target":["https:\/\/sistemasgenomicos.com\/es\/producto\/secuenciacion-masiva-y-cribado-bioinformatico-de-cnvs-panel-de-54-genes-aars2abca7abcd1apoeappatp13a2atp1a3atp7bc19orf12chchd10chmp2bcln3cln6csf1rcst3ctsfcyp27a1dctn1dnajc5dnmt1e\/"]}]},{"@type":"ImageObject","inLanguage":"es","@id":"https:\/\/sistemasgenomicos.com\/es\/producto\/secuenciacion-masiva-y-cribado-bioinformatico-de-cnvs-panel-de-54-genes-aars2abca7abcd1apoeappatp13a2atp1a3atp7bc19orf12chchd10chmp2bcln3cln6csf1rcst3ctsfcyp27a1dctn1dnajc5dnmt1e\/#primaryimage","url":"https:\/\/sistemasgenomicos.com\/wp-content\/uploads\/2018\/04\/logo-sistemas-genomicos-default-1.jpg","contentUrl":"https:\/\/sistemasgenomicos.com\/wp-content\/uploads\/2018\/04\/logo-sistemas-genomicos-default-1.jpg","width":1200,"height":750},{"@type":"BreadcrumbList","@id":"https:\/\/sistemasgenomicos.com\/es\/producto\/secuenciacion-masiva-y-cribado-bioinformatico-de-cnvs-panel-de-54-genes-aars2abca7abcd1apoeappatp13a2atp1a3atp7bc19orf12chchd10chmp2bcln3cln6csf1rcst3ctsfcyp27a1dctn1dnajc5dnmt1e\/#breadcrumb","itemListElement":[{"@type":"ListItem","position":1,"name":"Portada","item":"https:\/\/sistemasgenomicos.com\/es\/"},{"@type":"ListItem","position":2,"name":"Tienda","item":"https:\/\/sistemasgenomicos.com\/es\/tienda\/"},{"@type":"ListItem","position":3,"name":"Secuenciaci\u00f3n masiva y cribado bioinform\u00e1tico de CNVs, panel de 54 genes: AARS2,ABCA7,ABCD1,APOE,APP,ATP13A2,ATP1A3,ATP7B,C19orf12,CHCHD10,CHMP2B,CLN3,CLN6,CSF1R,CST3,CTSF,CYP27A1,DCTN1,DNAJC5,DNMT1,EPM2A,ERCC4,FUS,GBA,GRN,HEXA,HNRNPA2B1,HTRA1,ITM2B,MAPT,MMACHC,NHLRC1,NOTCH3,NPC1,NPC2,PRNP,PSEN1,PSEN2,RNF216,SERPINI1,SNCA,SNCB,SQSTM1,TARDBP,TBK1,TREM2,TREX1,TTR,TUBA4A,TWNK,TYROBP,UBQLN2,VCP,WDR45,"}]},{"@type":"WebSite","@id":"https:\/\/sistemasgenomicos.com\/es\/#website","url":"https:\/\/sistemasgenomicos.com\/es\/","name":"Sistemas Gen\u00f3micos","description":"La mayor empresa dedicada a la investigaci\u00f3n gen\u00e9tica y molecular","publisher":{"@id":"https:\/\/sistemasgenomicos.com\/es\/#organization"},"potentialAction":[{"@type":"SearchAction","target":{"@type":"EntryPoint","urlTemplate":"https:\/\/sistemasgenomicos.com\/es\/?s={search_term_string}"},"query-input":{"@type":"PropertyValueSpecification","valueRequired":true,"valueName":"search_term_string"}}],"inLanguage":"es"},{"@type":"Organization","@id":"https:\/\/sistemasgenomicos.com\/es\/#organization","name":"Sistemas Gen\u00f3micos","url":"https:\/\/sistemasgenomicos.com\/es\/","logo":{"@type":"ImageObject","inLanguage":"es","@id":"https:\/\/sistemasgenomicos.com\/es\/#\/schema\/logo\/image\/","url":"https:\/\/sistemasgenomicos.com\/wp-content\/uploads\/2022\/04\/image001-1.png","contentUrl":"https:\/\/sistemasgenomicos.com\/wp-content\/uploads\/2022\/04\/image001-1.png","width":250,"height":122,"caption":"Sistemas Gen\u00f3micos"},"image":{"@id":"https:\/\/sistemasgenomicos.com\/es\/#\/schema\/logo\/image\/"}}]}},"_links":{"self":[{"href":"https:\/\/sistemasgenomicos.com\/es\/wp-json\/wp\/v2\/product\/240491","targetHints":{"allow":["GET"]}}],"collection":[{"href":"https:\/\/sistemasgenomicos.com\/es\/wp-json\/wp\/v2\/product"}],"about":[{"href":"https:\/\/sistemasgenomicos.com\/es\/wp-json\/wp\/v2\/types\/product"}],"wp:featuredmedia":[{"embeddable":true,"href":"https:\/\/sistemasgenomicos.com\/es\/wp-json\/wp\/v2\/media\/42665"}],"wp:attachment":[{"href":"https:\/\/sistemasgenomicos.com\/es\/wp-json\/wp\/v2\/media?parent=240491"}],"wp:term":[{"taxonomy":"product_brand","embeddable":true,"href":"https:\/\/sistemasgenomicos.com\/es\/wp-json\/wp\/v2\/product_brand?post=240491"},{"taxonomy":"product_cat","embeddable":true,"href":"https:\/\/sistemasgenomicos.com\/es\/wp-json\/wp\/v2\/product_cat?post=240491"},{"taxonomy":"product_tag","embeddable":true,"href":"https:\/\/sistemasgenomicos.com\/es\/wp-json\/wp\/v2\/product_tag?post=240491"}],"curies":[{"name":"wp","href":"https:\/\/api.w.org\/{rel}","templated":true}]}}