{"id":240489,"date":"2020-05-19T21:07:57","date_gmt":"2020-05-19T19:07:57","guid":{"rendered":"https:\/\/sistemasgenomicos.digitis.net\/tienda-online\/secuenciacion-masiva-y-cribado-bioinformatico-de-cnvs-panel-de-174-genes-aars2abca7abcd1actbadaradcy5als2angano3apoeappaptxarsaatp13a2atp1a3atp6ap2atp7bb4galnt1c19orf12c9orf72car\/"},"modified":"2020-09-30T07:03:35","modified_gmt":"2020-09-30T05:03:35","slug":"secuenciacion-masiva-y-cribado-bioinformatico-de-cnvs-panel-de-174-genes-aars2abca7abcd1actbadaradcy5als2angano3apoeappaptxarsaatp13a2atp1a3atp6ap2atp7bb4galnt1c19orf12c9orf72car","status":"publish","type":"product","link":"https:\/\/sistemasgenomicos.com\/es\/producto\/secuenciacion-masiva-y-cribado-bioinformatico-de-cnvs-panel-de-174-genes-aars2abca7abcd1actbadaradcy5als2angano3apoeappaptxarsaatp13a2atp1a3atp6ap2atp7bb4galnt1c19orf12c9orf72car\/","title":{"rendered":"Secuenciaci\u00f3n masiva y cribado bioinform\u00e1tico de CNVs, panel de 174 genes: AARS2,ABCA7,ABCD1,ACTB,ADAR,ADCY5,ALS2,ANG,ANO3,APOE,APP,APTX,ARSA,ATP13A2,ATP1A3,ATP6AP2,ATP7B,B4GALNT1,C19orf12,C9orf72,CARS2,CHCHD10,CHCHD2,CHMP2B,CIZ1,CLN3,CLN6,COL4A1,COL6A3,COQ9,CP,CSF1R,CST3,CTSF,CYP27A1,DCTN1,DNAJC5,DNAJC6,DNMT1,DPM1,EARS2,ECHS1,EIF4G1,EPM2A,ERBB4,ERCC4,FBXO7,FIG4,FMR1,FTL,FUS,GBA,GCH1,GIGYF2,GLDC,GM2A,GNAL,GNAO1,GNB1,GOSR2,GPT2,GRIK2,GRN,HEXA,HNRNPA1,HNRNPA2B1,HPCA,HTRA1,HTRA2,HTT,ITM2B,KCNA2,KCNC1,KCTD17,KIF1C,KMT2B,LRRK2,LYST,MAPT,MATR3,MCOLN1,MECP2,MECR,MMACHC,MRE11,MTFMT,MYH14,NADK2,NEFH,NEK1,NHLRC1,NKX2-1,NOTCH3,NPC1,NPC2,OPTN,PANK2,PARK7,PDGFB,PDGFRB,PDSS2,PFN1,PINK1,PLA2G6,PMPCA,PNKD,PODXL,POLG,POLR1C,POLR3A,POLR3B,PRKN,PRKRA,PRNP,PRRT2,PSEN1,PSEN2,PTS,RAB39B,RNF216,SCARB2,SCP2,SCYL1,SERAC1,SERPINI1,SETX,SGCE,SIGMAR1,SLC20A2,SLC2A1,SLC6A1,SLC6A3,SLC9A1,SNCA,SNCB,SOD1,SORL1,SPG11,SPR,SQSTM1,STXBP1,SYNJ1,TAF1,TARDBP,TBK1,TENM4,TH,THAP1,TIMM8A,TMEM240,TOR1A,TRAPPC11,TREM2,TREX1,TSFM,TTC19,TTR,TUBA4A,TUBB4A,TWNK,TYROBP,UBQLN2,UCHL1,VAC14,VAPB,VCP,VPS13A,VPS13C,VPS35,WARS2,WDR45,WFS1,XK,XPR1,"},"content":{"rendered":"","protected":false},"excerpt":{"rendered":"","protected":false},"featured_media":42665,"template":"","meta":[],"product_brand":[],"product_cat":[86,8679,9355,9379,9381],"product_tag":[25033],"class_list":{"0":"post-240489","1":"product","2":"type-product","3":"status-publish","4":"has-post-thumbnail","6":"gen-dpm1","7":"gen-als2","8":"gen-rnf216","9":"gen-ttc19","10":"gen-tyrobp","11":"gen-polr3b","12":"gen-matr3","13":"gen-mre11a","14":"gen-grn","15":"gen-cp","16":"gen-abca7","17":"gen-vps35","18":"gen-notch3","19":"gen-sncb","20":"gen-gnb1","21":"gen-psen1","22":"gen-chmp2b","23":"gen-ftl","24":"gen-gnao1","25":"gen-coq9","26":"gen-fus","27":"gen-slc9a1","28":"gen-mcoln1","29":"gen-trem2","30":"gen-fbxo7","31":"gen-nefh","32":"gen-arsa","33":"gen-pdgfb","34":"gen-kctd17","35":"gen-dnajc5","36":"gen-cst3","37":"gen-vac14","38":"gen-ears2","39":"gen-mtfmt","40":"gen-spg11","41":"gen-tubb4a","42":"gen-myh14","43":"gen-chchd2","44":"gen-c10orf2","45":"gen-gosr2","46":"gen-pfn1","47":"gen-wfs1","48":"gen-epm2a","49":"gen-pdgfrb","50":"gen-eif4g1","51":"gen-htra2","52":"gen-spr","53":"gen-scp2","54":"gen-park7","55":"gen-mecr","56":"gen-dnajc6","57":"gen-wars2","58":"gen-slc2a1","59":"gen-ttr","60":"gen-npc2","61":"gen-tardbp","62":"gen-hpca","63":"gen-serac1","64":"gen-hnrnpa2b1","65":"gen-atp7b","66":"gen-optn","67":"gen-tsfm","68":"gen-vapb","69":"gen-aars2","70":"gen-pank2","71":"gen-tuba4a","72":"gen-pnkd","73":"gen-echs1","74":"gen-sgce","75":"gen-podxl","76":"gen-cln6","77":"gen-vps13c","78":"gen-kcnc1","79":"gen-kif1c","80":"gen-apoe","81":"gen-thap1","82":"gen-c19orf12","83":"gen-gch1","84":"gen-mmachc","85":"gen-ano3","86":"gen-cars2","87":"gen-b4galnt1","88":"gen-hnrnpa1","89":"gen-cyp27a1","90":"gen-itm2b","91":"gen-nkx2-1","92":"gen-tor1a","93":"gen-stxbp1","94":"gen-aptx","95":"gen-nek1","96":"gen-sorl1","97":"gen-scarb2","98":"gen-polg","99":"gen-gnal","100":"gen-npc1","101":"gen-sod1","102":"gen-scyl1","103":"gen-app","104":"gen-xpr1","105":"gen-lyst","106":"gen-psen2","107":"gen-snca","108":"gen-taf1","109":"gen-c9orf72","110":"gen-sigmar1","111":"gen-ciz1","112":"gen-polr3a","113":"gen-tenm4","114":"gen-pts","115":"gen-nadk2","116":"gen-uchl1","117":"gen-slc6a1","118":"gen-pink1","119":"gen-synj1","120":"gen-atp13a2","121":"gen-adar","122":"gen-sqstm1","123":"gen-serpini1","124":"gen-grik2","125":"gen-vcp","126":"gen-pmpca","127":"gen-htra1","128":"gen-gpt2","129":"gen-prrt2","130":"gen-trappc11","131":"gen-slc20a2","132":"gen-polr1c","133":"gen-prnp","134":"gen-adcy5","135":"gen-ctsf","136":"gen-kcna2","137":"gen-gldc","138":"gen-erbb4","139":"gen-th","140":"gen-prkra","141":"gen-atp6ap2","142":"gen-csf1r","143":"gen-tbk1","144":"gen-pla2g6","145":"gen-park2","146":"gen-col4a1","147":"gen-nhlrc1","148":"gen-ubqln2","149":"gen-cln3","150":"gen-lrrk2","151":"gen-gm2a","152":"gen-htt","153":"gen-vps13a","154":"gen-gigyf2","155":"gen-dctn1","156":"gen-tmem240","157":"gen-hexa","158":"gen-trex1","159":"gen-ang","160":"gen-gba-2","161":"gen-fmr1-2","162":"gen-timm8a-2","163":"gen-rab39b-2","164":"gen-mecp2-2","165":"gen-abcd1-2","166":"gen-xk-2","167":"gen-wdr45-2","168":"gen-pdss2-2","169":"gen-kmt2b-2","170":"gen-atp1a3-2","171":"gen-chchd10-2","172":"gen-slc6a3-2","173":"gen-mapt-2","174":"gen-actb-2","175":"gen-fig4-2","176":"gen-setx-2","177":"gen-dnmt1-2","178":"gen-ercc4-2","179":"gen-col6a3-2","180":"product_cat-analisis-y-estudios-geneticos","181":"product_cat-diagnostico-genetico-molecularn","182":"product_cat-listado-de-enfermedades","183":"product_cat-neurologia-diagnostico-genetico-molecularn","184":"product_cat-neuropediatria-diagnostico-genetico-molecularn","185":"product_tag-otros-trastornos-del-movimiento-esclerosis-lateral-amiotrofica-parkinson-temblor-distonias-corea-demencias-y-alzheimerd00401","187":"first","188":"instock","189":"taxable","190":"shipping-taxable","191":"product-type-simple"},"acf":[],"yoast_head":"<!-- This site is optimized with the Yoast SEO plugin v27.4 - https:\/\/yoast.com\/product\/yoast-seo-wordpress\/ -->\n<title>Secuenciaci\u00f3n masiva y cribado bioinform\u00e1tico de CNVs, panel de 174 genes: AARS2,ABCA7,ABCD1,ACTB,ADAR,ADCY5,ALS2,ANG,ANO3,APOE,APP,APTX,ARSA,ATP13A2,ATP1A3,ATP6AP2,ATP7B,B4GALNT1,C19orf12,C9orf72,CARS2,CHCHD10,CHCHD2,CHMP2B,CIZ1,CLN3,CLN6,COL4A1,COL6A3,COQ9,CP,CSF1R,CST3,CTSF,CYP27A1,DCTN1,DNAJC5,DNAJC6,DNMT1,DPM1,EARS2,ECHS1,EIF4G1,EPM2A,ERBB4,ERCC4,FBXO7,FIG4,FMR1,FTL,FUS,GBA,GCH1,GIGYF2,GLDC,GM2A,GNAL,GNAO1,GNB1,GOSR2,GPT2,GRIK2,GRN,HEXA,HNRNPA1,HNRNPA2B1,HPCA,HTRA1,HTRA2,HTT,ITM2B,KCNA2,KCNC1,KCTD17,KIF1C,KMT2B,LRRK2,LYST,MAPT,MATR3,MCOLN1,MECP2,MECR,MMACHC,MRE11,MTFMT,MYH14,NADK2,NEFH,NEK1,NHLRC1,NKX2-1,NOTCH3,NPC1,NPC2,OPTN,PANK2,PARK7,PDGFB,PDGFRB,PDSS2,PFN1,PINK1,PLA2G6,PMPCA,PNKD,PODXL,POLG,POLR1C,POLR3A,POLR3B,PRKN,PRKRA,PRNP,PRRT2,PSEN1,PSEN2,PTS,RAB39B,RNF216,SCARB2,SCP2,SCYL1,SERAC1,SERPINI1,SETX,SGCE,SIGMAR1,SLC20A2,SLC2A1,SLC6A1,SLC6A3,SLC9A1,SNCA,SNCB,SOD1,SORL1,SPG11,SPR,SQSTM1,STXBP1,SYNJ1,TAF1,TARDBP,TBK1,TENM4,TH,THAP1,TIMM8A,TMEM240,TOR1A,TRAPPC11,TREM2,TREX1,TSFM,TTC19,TTR,TUBA4A,TUBB4A,TWNK,TYROBP,UBQLN2,UCHL1,VAC14,VAPB,VCP,VPS13A,VPS13C,VPS35,WARS2,WDR45,WFS1,XK,XPR1, - Sistemas Gen\u00f3micos<\/title>\n<meta name=\"robots\" content=\"index, follow, max-snippet:-1, max-image-preview:large, max-video-preview:-1\" \/>\n<link rel=\"canonical\" href=\"https:\/\/sistemasgenomicos.com\/es\/producto\/secuenciacion-masiva-y-cribado-bioinformatico-de-cnvs-panel-de-174-genes-aars2abca7abcd1actbadaradcy5als2angano3apoeappaptxarsaatp13a2atp1a3atp6ap2atp7bb4galnt1c19orf12c9orf72car\/\" \/>\n<meta property=\"og:locale\" content=\"es_ES\" \/>\n<meta property=\"og:type\" content=\"article\" \/>\n<meta property=\"og:title\" content=\"Secuenciaci\u00f3n masiva y cribado bioinform\u00e1tico de CNVs, panel de 174 genes: AARS2,ABCA7,ABCD1,ACTB,ADAR,ADCY5,ALS2,ANG,ANO3,APOE,APP,APTX,ARSA,ATP13A2,ATP1A3,ATP6AP2,ATP7B,B4GALNT1,C19orf12,C9orf72,CARS2,CHCHD10,CHCHD2,CHMP2B,CIZ1,CLN3,CLN6,COL4A1,COL6A3,COQ9,CP,CSF1R,CST3,CTSF,CYP27A1,DCTN1,DNAJC5,DNAJC6,DNMT1,DPM1,EARS2,ECHS1,EIF4G1,EPM2A,ERBB4,ERCC4,FBXO7,FIG4,FMR1,FTL,FUS,GBA,GCH1,GIGYF2,GLDC,GM2A,GNAL,GNAO1,GNB1,GOSR2,GPT2,GRIK2,GRN,HEXA,HNRNPA1,HNRNPA2B1,HPCA,HTRA1,HTRA2,HTT,ITM2B,KCNA2,KCNC1,KCTD17,KIF1C,KMT2B,LRRK2,LYST,MAPT,MATR3,MCOLN1,MECP2,MECR,MMACHC,MRE11,MTFMT,MYH14,NADK2,NEFH,NEK1,NHLRC1,NKX2-1,NOTCH3,NPC1,NPC2,OPTN,PANK2,PARK7,PDGFB,PDGFRB,PDSS2,PFN1,PINK1,PLA2G6,PMPCA,PNKD,PODXL,POLG,POLR1C,POLR3A,POLR3B,PRKN,PRKRA,PRNP,PRRT2,PSEN1,PSEN2,PTS,RAB39B,RNF216,SCARB2,SCP2,SCYL1,SERAC1,SERPINI1,SETX,SGCE,SIGMAR1,SLC20A2,SLC2A1,SLC6A1,SLC6A3,SLC9A1,SNCA,SNCB,SOD1,SORL1,SPG11,SPR,SQSTM1,STXBP1,SYNJ1,TAF1,TARDBP,TBK1,TENM4,TH,THAP1,TIMM8A,TMEM240,TOR1A,TRAPPC11,TREM2,TREX1,TSFM,TTC19,TTR,TUBA4A,TUBB4A,TWNK,TYROBP,UBQLN2,UCHL1,VAC14,VAPB,VCP,VPS13A,VPS13C,VPS35,WARS2,WDR45,WFS1,XK,XPR1, - Sistemas Gen\u00f3micos\" \/>\n<meta property=\"og:url\" content=\"https:\/\/sistemasgenomicos.com\/es\/producto\/secuenciacion-masiva-y-cribado-bioinformatico-de-cnvs-panel-de-174-genes-aars2abca7abcd1actbadaradcy5als2angano3apoeappaptxarsaatp13a2atp1a3atp6ap2atp7bb4galnt1c19orf12c9orf72car\/\" \/>\n<meta property=\"og:site_name\" content=\"Sistemas Gen\u00f3micos\" \/>\n<meta property=\"article:modified_time\" content=\"2020-09-30T05:03:35+00:00\" \/>\n<meta property=\"og:image\" content=\"https:\/\/sistemasgenomicos.com\/wp-content\/uploads\/2018\/04\/logo-sistemas-genomicos-default-1.jpg\" \/>\n\t<meta property=\"og:image:width\" content=\"1200\" \/>\n\t<meta property=\"og:image:height\" content=\"750\" \/>\n\t<meta property=\"og:image:type\" content=\"image\/jpeg\" \/>\n<meta name=\"twitter:card\" content=\"summary_large_image\" \/>\n<script type=\"application\/ld+json\" class=\"yoast-schema-graph\">{\"@context\":\"https:\\\/\\\/schema.org\",\"@graph\":[{\"@type\":\"WebPage\",\"@id\":\"https:\\\/\\\/sistemasgenomicos.com\\\/es\\\/producto\\\/secuenciacion-masiva-y-cribado-bioinformatico-de-cnvs-panel-de-174-genes-aars2abca7abcd1actbadaradcy5als2angano3apoeappaptxarsaatp13a2atp1a3atp6ap2atp7bb4galnt1c19orf12c9orf72car\\\/\",\"url\":\"https:\\\/\\\/sistemasgenomicos.com\\\/es\\\/producto\\\/secuenciacion-masiva-y-cribado-bioinformatico-de-cnvs-panel-de-174-genes-aars2abca7abcd1actbadaradcy5als2angano3apoeappaptxarsaatp13a2atp1a3atp6ap2atp7bb4galnt1c19orf12c9orf72car\\\/\",\"name\":\"Secuenciaci\u00f3n masiva y cribado bioinform\u00e1tico de CNVs, panel de 174 genes: AARS2,ABCA7,ABCD1,ACTB,ADAR,ADCY5,ALS2,ANG,ANO3,APOE,APP,APTX,ARSA,ATP13A2,ATP1A3,ATP6AP2,ATP7B,B4GALNT1,C19orf12,C9orf72,CARS2,CHCHD10,CHCHD2,CHMP2B,CIZ1,CLN3,CLN6,COL4A1,COL6A3,COQ9,CP,CSF1R,CST3,CTSF,CYP27A1,DCTN1,DNAJC5,DNAJC6,DNMT1,DPM1,EARS2,ECHS1,EIF4G1,EPM2A,ERBB4,ERCC4,FBXO7,FIG4,FMR1,FTL,FUS,GBA,GCH1,GIGYF2,GLDC,GM2A,GNAL,GNAO1,GNB1,GOSR2,GPT2,GRIK2,GRN,HEXA,HNRNPA1,HNRNPA2B1,HPCA,HTRA1,HTRA2,HTT,ITM2B,KCNA2,KCNC1,KCTD17,KIF1C,KMT2B,LRRK2,LYST,MAPT,MATR3,MCOLN1,MECP2,MECR,MMACHC,MRE11,MTFMT,MYH14,NADK2,NEFH,NEK1,NHLRC1,NKX2-1,NOTCH3,NPC1,NPC2,OPTN,PANK2,PARK7,PDGFB,PDGFRB,PDSS2,PFN1,PINK1,PLA2G6,PMPCA,PNKD,PODXL,POLG,POLR1C,POLR3A,POLR3B,PRKN,PRKRA,PRNP,PRRT2,PSEN1,PSEN2,PTS,RAB39B,RNF216,SCARB2,SCP2,SCYL1,SERAC1,SERPINI1,SETX,SGCE,SIGMAR1,SLC20A2,SLC2A1,SLC6A1,SLC6A3,SLC9A1,SNCA,SNCB,SOD1,SORL1,SPG11,SPR,SQSTM1,STXBP1,SYNJ1,TAF1,TARDBP,TBK1,TENM4,TH,THAP1,TIMM8A,TMEM240,TOR1A,TRAPPC11,TREM2,TREX1,TSFM,TTC19,TTR,TUBA4A,TUBB4A,TWNK,TYROBP,UBQLN2,UCHL1,VAC14,VAPB,VCP,VPS13A,VPS13C,VPS35,WARS2,WDR45,WFS1,XK,XPR1, - Sistemas Gen\u00f3micos\",\"isPartOf\":{\"@id\":\"https:\\\/\\\/sistemasgenomicos.com\\\/es\\\/#website\"},\"primaryImageOfPage\":{\"@id\":\"https:\\\/\\\/sistemasgenomicos.com\\\/es\\\/producto\\\/secuenciacion-masiva-y-cribado-bioinformatico-de-cnvs-panel-de-174-genes-aars2abca7abcd1actbadaradcy5als2angano3apoeappaptxarsaatp13a2atp1a3atp6ap2atp7bb4galnt1c19orf12c9orf72car\\\/#primaryimage\"},\"image\":{\"@id\":\"https:\\\/\\\/sistemasgenomicos.com\\\/es\\\/producto\\\/secuenciacion-masiva-y-cribado-bioinformatico-de-cnvs-panel-de-174-genes-aars2abca7abcd1actbadaradcy5als2angano3apoeappaptxarsaatp13a2atp1a3atp6ap2atp7bb4galnt1c19orf12c9orf72car\\\/#primaryimage\"},\"thumbnailUrl\":\"https:\\\/\\\/sistemasgenomicos.com\\\/wp-content\\\/uploads\\\/2018\\\/04\\\/logo-sistemas-genomicos-default-1.jpg\",\"datePublished\":\"2020-05-19T19:07:57+00:00\",\"dateModified\":\"2020-09-30T05:03:35+00:00\",\"breadcrumb\":{\"@id\":\"https:\\\/\\\/sistemasgenomicos.com\\\/es\\\/producto\\\/secuenciacion-masiva-y-cribado-bioinformatico-de-cnvs-panel-de-174-genes-aars2abca7abcd1actbadaradcy5als2angano3apoeappaptxarsaatp13a2atp1a3atp6ap2atp7bb4galnt1c19orf12c9orf72car\\\/#breadcrumb\"},\"inLanguage\":\"es\",\"potentialAction\":[{\"@type\":\"ReadAction\",\"target\":[\"https:\\\/\\\/sistemasgenomicos.com\\\/es\\\/producto\\\/secuenciacion-masiva-y-cribado-bioinformatico-de-cnvs-panel-de-174-genes-aars2abca7abcd1actbadaradcy5als2angano3apoeappaptxarsaatp13a2atp1a3atp6ap2atp7bb4galnt1c19orf12c9orf72car\\\/\"]}]},{\"@type\":\"ImageObject\",\"inLanguage\":\"es\",\"@id\":\"https:\\\/\\\/sistemasgenomicos.com\\\/es\\\/producto\\\/secuenciacion-masiva-y-cribado-bioinformatico-de-cnvs-panel-de-174-genes-aars2abca7abcd1actbadaradcy5als2angano3apoeappaptxarsaatp13a2atp1a3atp6ap2atp7bb4galnt1c19orf12c9orf72car\\\/#primaryimage\",\"url\":\"https:\\\/\\\/sistemasgenomicos.com\\\/wp-content\\\/uploads\\\/2018\\\/04\\\/logo-sistemas-genomicos-default-1.jpg\",\"contentUrl\":\"https:\\\/\\\/sistemasgenomicos.com\\\/wp-content\\\/uploads\\\/2018\\\/04\\\/logo-sistemas-genomicos-default-1.jpg\",\"width\":1200,\"height\":750},{\"@type\":\"BreadcrumbList\",\"@id\":\"https:\\\/\\\/sistemasgenomicos.com\\\/es\\\/producto\\\/secuenciacion-masiva-y-cribado-bioinformatico-de-cnvs-panel-de-174-genes-aars2abca7abcd1actbadaradcy5als2angano3apoeappaptxarsaatp13a2atp1a3atp6ap2atp7bb4galnt1c19orf12c9orf72car\\\/#breadcrumb\",\"itemListElement\":[{\"@type\":\"ListItem\",\"position\":1,\"name\":\"Portada\",\"item\":\"https:\\\/\\\/sistemasgenomicos.com\\\/es\\\/\"},{\"@type\":\"ListItem\",\"position\":2,\"name\":\"Tienda\",\"item\":\"https:\\\/\\\/sistemasgenomicos.com\\\/es\\\/tienda\\\/\"},{\"@type\":\"ListItem\",\"position\":3,\"name\":\"Secuenciaci\u00f3n masiva y cribado bioinform\u00e1tico de CNVs, panel de 174 genes: AARS2,ABCA7,ABCD1,ACTB,ADAR,ADCY5,ALS2,ANG,ANO3,APOE,APP,APTX,ARSA,ATP13A2,ATP1A3,ATP6AP2,ATP7B,B4GALNT1,C19orf12,C9orf72,CARS2,CHCHD10,CHCHD2,CHMP2B,CIZ1,CLN3,CLN6,COL4A1,COL6A3,COQ9,CP,CSF1R,CST3,CTSF,CYP27A1,DCTN1,DNAJC5,DNAJC6,DNMT1,DPM1,EARS2,ECHS1,EIF4G1,EPM2A,ERBB4,ERCC4,FBXO7,FIG4,FMR1,FTL,FUS,GBA,GCH1,GIGYF2,GLDC,GM2A,GNAL,GNAO1,GNB1,GOSR2,GPT2,GRIK2,GRN,HEXA,HNRNPA1,HNRNPA2B1,HPCA,HTRA1,HTRA2,HTT,ITM2B,KCNA2,KCNC1,KCTD17,KIF1C,KMT2B,LRRK2,LYST,MAPT,MATR3,MCOLN1,MECP2,MECR,MMACHC,MRE11,MTFMT,MYH14,NADK2,NEFH,NEK1,NHLRC1,NKX2-1,NOTCH3,NPC1,NPC2,OPTN,PANK2,PARK7,PDGFB,PDGFRB,PDSS2,PFN1,PINK1,PLA2G6,PMPCA,PNKD,PODXL,POLG,POLR1C,POLR3A,POLR3B,PRKN,PRKRA,PRNP,PRRT2,PSEN1,PSEN2,PTS,RAB39B,RNF216,SCARB2,SCP2,SCYL1,SERAC1,SERPINI1,SETX,SGCE,SIGMAR1,SLC20A2,SLC2A1,SLC6A1,SLC6A3,SLC9A1,SNCA,SNCB,SOD1,SORL1,SPG11,SPR,SQSTM1,STXBP1,SYNJ1,TAF1,TARDBP,TBK1,TENM4,TH,THAP1,TIMM8A,TMEM240,TOR1A,TRAPPC11,TREM2,TREX1,TSFM,TTC19,TTR,TUBA4A,TUBB4A,TWNK,TYROBP,UBQLN2,UCHL1,VAC14,VAPB,VCP,VPS13A,VPS13C,VPS35,WARS2,WDR45,WFS1,XK,XPR1,\"}]},{\"@type\":\"WebSite\",\"@id\":\"https:\\\/\\\/sistemasgenomicos.com\\\/es\\\/#website\",\"url\":\"https:\\\/\\\/sistemasgenomicos.com\\\/es\\\/\",\"name\":\"Sistemas Gen\u00f3micos\",\"description\":\"La mayor empresa dedicada a la investigaci\u00f3n gen\u00e9tica y molecular\",\"publisher\":{\"@id\":\"https:\\\/\\\/sistemasgenomicos.com\\\/es\\\/#organization\"},\"potentialAction\":[{\"@type\":\"SearchAction\",\"target\":{\"@type\":\"EntryPoint\",\"urlTemplate\":\"https:\\\/\\\/sistemasgenomicos.com\\\/es\\\/?s={search_term_string}\"},\"query-input\":{\"@type\":\"PropertyValueSpecification\",\"valueRequired\":true,\"valueName\":\"search_term_string\"}}],\"inLanguage\":\"es\"},{\"@type\":\"Organization\",\"@id\":\"https:\\\/\\\/sistemasgenomicos.com\\\/es\\\/#organization\",\"name\":\"Sistemas Gen\u00f3micos\",\"url\":\"https:\\\/\\\/sistemasgenomicos.com\\\/es\\\/\",\"logo\":{\"@type\":\"ImageObject\",\"inLanguage\":\"es\",\"@id\":\"https:\\\/\\\/sistemasgenomicos.com\\\/es\\\/#\\\/schema\\\/logo\\\/image\\\/\",\"url\":\"https:\\\/\\\/sistemasgenomicos.com\\\/wp-content\\\/uploads\\\/2022\\\/04\\\/image001-1.png\",\"contentUrl\":\"https:\\\/\\\/sistemasgenomicos.com\\\/wp-content\\\/uploads\\\/2022\\\/04\\\/image001-1.png\",\"width\":250,\"height\":122,\"caption\":\"Sistemas Gen\u00f3micos\"},\"image\":{\"@id\":\"https:\\\/\\\/sistemasgenomicos.com\\\/es\\\/#\\\/schema\\\/logo\\\/image\\\/\"}}]}<\/script>\n<!-- \/ Yoast SEO plugin. -->","yoast_head_json":{"title":"Secuenciaci\u00f3n masiva y cribado bioinform\u00e1tico de CNVs, panel de 174 genes: AARS2,ABCA7,ABCD1,ACTB,ADAR,ADCY5,ALS2,ANG,ANO3,APOE,APP,APTX,ARSA,ATP13A2,ATP1A3,ATP6AP2,ATP7B,B4GALNT1,C19orf12,C9orf72,CARS2,CHCHD10,CHCHD2,CHMP2B,CIZ1,CLN3,CLN6,COL4A1,COL6A3,COQ9,CP,CSF1R,CST3,CTSF,CYP27A1,DCTN1,DNAJC5,DNAJC6,DNMT1,DPM1,EARS2,ECHS1,EIF4G1,EPM2A,ERBB4,ERCC4,FBXO7,FIG4,FMR1,FTL,FUS,GBA,GCH1,GIGYF2,GLDC,GM2A,GNAL,GNAO1,GNB1,GOSR2,GPT2,GRIK2,GRN,HEXA,HNRNPA1,HNRNPA2B1,HPCA,HTRA1,HTRA2,HTT,ITM2B,KCNA2,KCNC1,KCTD17,KIF1C,KMT2B,LRRK2,LYST,MAPT,MATR3,MCOLN1,MECP2,MECR,MMACHC,MRE11,MTFMT,MYH14,NADK2,NEFH,NEK1,NHLRC1,NKX2-1,NOTCH3,NPC1,NPC2,OPTN,PANK2,PARK7,PDGFB,PDGFRB,PDSS2,PFN1,PINK1,PLA2G6,PMPCA,PNKD,PODXL,POLG,POLR1C,POLR3A,POLR3B,PRKN,PRKRA,PRNP,PRRT2,PSEN1,PSEN2,PTS,RAB39B,RNF216,SCARB2,SCP2,SCYL1,SERAC1,SERPINI1,SETX,SGCE,SIGMAR1,SLC20A2,SLC2A1,SLC6A1,SLC6A3,SLC9A1,SNCA,SNCB,SOD1,SORL1,SPG11,SPR,SQSTM1,STXBP1,SYNJ1,TAF1,TARDBP,TBK1,TENM4,TH,THAP1,TIMM8A,TMEM240,TOR1A,TRAPPC11,TREM2,TREX1,TSFM,TTC19,TTR,TUBA4A,TUBB4A,TWNK,TYROBP,UBQLN2,UCHL1,VAC14,VAPB,VCP,VPS13A,VPS13C,VPS35,WARS2,WDR45,WFS1,XK,XPR1, - Sistemas Gen\u00f3micos","robots":{"index":"index","follow":"follow","max-snippet":"max-snippet:-1","max-image-preview":"max-image-preview:large","max-video-preview":"max-video-preview:-1"},"canonical":"https:\/\/sistemasgenomicos.com\/es\/producto\/secuenciacion-masiva-y-cribado-bioinformatico-de-cnvs-panel-de-174-genes-aars2abca7abcd1actbadaradcy5als2angano3apoeappaptxarsaatp13a2atp1a3atp6ap2atp7bb4galnt1c19orf12c9orf72car\/","og_locale":"es_ES","og_type":"article","og_title":"Secuenciaci\u00f3n masiva y cribado bioinform\u00e1tico de CNVs, panel de 174 genes: AARS2,ABCA7,ABCD1,ACTB,ADAR,ADCY5,ALS2,ANG,ANO3,APOE,APP,APTX,ARSA,ATP13A2,ATP1A3,ATP6AP2,ATP7B,B4GALNT1,C19orf12,C9orf72,CARS2,CHCHD10,CHCHD2,CHMP2B,CIZ1,CLN3,CLN6,COL4A1,COL6A3,COQ9,CP,CSF1R,CST3,CTSF,CYP27A1,DCTN1,DNAJC5,DNAJC6,DNMT1,DPM1,EARS2,ECHS1,EIF4G1,EPM2A,ERBB4,ERCC4,FBXO7,FIG4,FMR1,FTL,FUS,GBA,GCH1,GIGYF2,GLDC,GM2A,GNAL,GNAO1,GNB1,GOSR2,GPT2,GRIK2,GRN,HEXA,HNRNPA1,HNRNPA2B1,HPCA,HTRA1,HTRA2,HTT,ITM2B,KCNA2,KCNC1,KCTD17,KIF1C,KMT2B,LRRK2,LYST,MAPT,MATR3,MCOLN1,MECP2,MECR,MMACHC,MRE11,MTFMT,MYH14,NADK2,NEFH,NEK1,NHLRC1,NKX2-1,NOTCH3,NPC1,NPC2,OPTN,PANK2,PARK7,PDGFB,PDGFRB,PDSS2,PFN1,PINK1,PLA2G6,PMPCA,PNKD,PODXL,POLG,POLR1C,POLR3A,POLR3B,PRKN,PRKRA,PRNP,PRRT2,PSEN1,PSEN2,PTS,RAB39B,RNF216,SCARB2,SCP2,SCYL1,SERAC1,SERPINI1,SETX,SGCE,SIGMAR1,SLC20A2,SLC2A1,SLC6A1,SLC6A3,SLC9A1,SNCA,SNCB,SOD1,SORL1,SPG11,SPR,SQSTM1,STXBP1,SYNJ1,TAF1,TARDBP,TBK1,TENM4,TH,THAP1,TIMM8A,TMEM240,TOR1A,TRAPPC11,TREM2,TREX1,TSFM,TTC19,TTR,TUBA4A,TUBB4A,TWNK,TYROBP,UBQLN2,UCHL1,VAC14,VAPB,VCP,VPS13A,VPS13C,VPS35,WARS2,WDR45,WFS1,XK,XPR1, - Sistemas Gen\u00f3micos","og_url":"https:\/\/sistemasgenomicos.com\/es\/producto\/secuenciacion-masiva-y-cribado-bioinformatico-de-cnvs-panel-de-174-genes-aars2abca7abcd1actbadaradcy5als2angano3apoeappaptxarsaatp13a2atp1a3atp6ap2atp7bb4galnt1c19orf12c9orf72car\/","og_site_name":"Sistemas Gen\u00f3micos","article_modified_time":"2020-09-30T05:03:35+00:00","og_image":[{"width":1200,"height":750,"url":"https:\/\/sistemasgenomicos.com\/wp-content\/uploads\/2018\/04\/logo-sistemas-genomicos-default-1.jpg","type":"image\/jpeg"}],"twitter_card":"summary_large_image","schema":{"@context":"https:\/\/schema.org","@graph":[{"@type":"WebPage","@id":"https:\/\/sistemasgenomicos.com\/es\/producto\/secuenciacion-masiva-y-cribado-bioinformatico-de-cnvs-panel-de-174-genes-aars2abca7abcd1actbadaradcy5als2angano3apoeappaptxarsaatp13a2atp1a3atp6ap2atp7bb4galnt1c19orf12c9orf72car\/","url":"https:\/\/sistemasgenomicos.com\/es\/producto\/secuenciacion-masiva-y-cribado-bioinformatico-de-cnvs-panel-de-174-genes-aars2abca7abcd1actbadaradcy5als2angano3apoeappaptxarsaatp13a2atp1a3atp6ap2atp7bb4galnt1c19orf12c9orf72car\/","name":"Secuenciaci\u00f3n masiva y cribado bioinform\u00e1tico de CNVs, panel de 174 genes: AARS2,ABCA7,ABCD1,ACTB,ADAR,ADCY5,ALS2,ANG,ANO3,APOE,APP,APTX,ARSA,ATP13A2,ATP1A3,ATP6AP2,ATP7B,B4GALNT1,C19orf12,C9orf72,CARS2,CHCHD10,CHCHD2,CHMP2B,CIZ1,CLN3,CLN6,COL4A1,COL6A3,COQ9,CP,CSF1R,CST3,CTSF,CYP27A1,DCTN1,DNAJC5,DNAJC6,DNMT1,DPM1,EARS2,ECHS1,EIF4G1,EPM2A,ERBB4,ERCC4,FBXO7,FIG4,FMR1,FTL,FUS,GBA,GCH1,GIGYF2,GLDC,GM2A,GNAL,GNAO1,GNB1,GOSR2,GPT2,GRIK2,GRN,HEXA,HNRNPA1,HNRNPA2B1,HPCA,HTRA1,HTRA2,HTT,ITM2B,KCNA2,KCNC1,KCTD17,KIF1C,KMT2B,LRRK2,LYST,MAPT,MATR3,MCOLN1,MECP2,MECR,MMACHC,MRE11,MTFMT,MYH14,NADK2,NEFH,NEK1,NHLRC1,NKX2-1,NOTCH3,NPC1,NPC2,OPTN,PANK2,PARK7,PDGFB,PDGFRB,PDSS2,PFN1,PINK1,PLA2G6,PMPCA,PNKD,PODXL,POLG,POLR1C,POLR3A,POLR3B,PRKN,PRKRA,PRNP,PRRT2,PSEN1,PSEN2,PTS,RAB39B,RNF216,SCARB2,SCP2,SCYL1,SERAC1,SERPINI1,SETX,SGCE,SIGMAR1,SLC20A2,SLC2A1,SLC6A1,SLC6A3,SLC9A1,SNCA,SNCB,SOD1,SORL1,SPG11,SPR,SQSTM1,STXBP1,SYNJ1,TAF1,TARDBP,TBK1,TENM4,TH,THAP1,TIMM8A,TMEM240,TOR1A,TRAPPC11,TREM2,TREX1,TSFM,TTC19,TTR,TUBA4A,TUBB4A,TWNK,TYROBP,UBQLN2,UCHL1,VAC14,VAPB,VCP,VPS13A,VPS13C,VPS35,WARS2,WDR45,WFS1,XK,XPR1, - Sistemas Gen\u00f3micos","isPartOf":{"@id":"https:\/\/sistemasgenomicos.com\/es\/#website"},"primaryImageOfPage":{"@id":"https:\/\/sistemasgenomicos.com\/es\/producto\/secuenciacion-masiva-y-cribado-bioinformatico-de-cnvs-panel-de-174-genes-aars2abca7abcd1actbadaradcy5als2angano3apoeappaptxarsaatp13a2atp1a3atp6ap2atp7bb4galnt1c19orf12c9orf72car\/#primaryimage"},"image":{"@id":"https:\/\/sistemasgenomicos.com\/es\/producto\/secuenciacion-masiva-y-cribado-bioinformatico-de-cnvs-panel-de-174-genes-aars2abca7abcd1actbadaradcy5als2angano3apoeappaptxarsaatp13a2atp1a3atp6ap2atp7bb4galnt1c19orf12c9orf72car\/#primaryimage"},"thumbnailUrl":"https:\/\/sistemasgenomicos.com\/wp-content\/uploads\/2018\/04\/logo-sistemas-genomicos-default-1.jpg","datePublished":"2020-05-19T19:07:57+00:00","dateModified":"2020-09-30T05:03:35+00:00","breadcrumb":{"@id":"https:\/\/sistemasgenomicos.com\/es\/producto\/secuenciacion-masiva-y-cribado-bioinformatico-de-cnvs-panel-de-174-genes-aars2abca7abcd1actbadaradcy5als2angano3apoeappaptxarsaatp13a2atp1a3atp6ap2atp7bb4galnt1c19orf12c9orf72car\/#breadcrumb"},"inLanguage":"es","potentialAction":[{"@type":"ReadAction","target":["https:\/\/sistemasgenomicos.com\/es\/producto\/secuenciacion-masiva-y-cribado-bioinformatico-de-cnvs-panel-de-174-genes-aars2abca7abcd1actbadaradcy5als2angano3apoeappaptxarsaatp13a2atp1a3atp6ap2atp7bb4galnt1c19orf12c9orf72car\/"]}]},{"@type":"ImageObject","inLanguage":"es","@id":"https:\/\/sistemasgenomicos.com\/es\/producto\/secuenciacion-masiva-y-cribado-bioinformatico-de-cnvs-panel-de-174-genes-aars2abca7abcd1actbadaradcy5als2angano3apoeappaptxarsaatp13a2atp1a3atp6ap2atp7bb4galnt1c19orf12c9orf72car\/#primaryimage","url":"https:\/\/sistemasgenomicos.com\/wp-content\/uploads\/2018\/04\/logo-sistemas-genomicos-default-1.jpg","contentUrl":"https:\/\/sistemasgenomicos.com\/wp-content\/uploads\/2018\/04\/logo-sistemas-genomicos-default-1.jpg","width":1200,"height":750},{"@type":"BreadcrumbList","@id":"https:\/\/sistemasgenomicos.com\/es\/producto\/secuenciacion-masiva-y-cribado-bioinformatico-de-cnvs-panel-de-174-genes-aars2abca7abcd1actbadaradcy5als2angano3apoeappaptxarsaatp13a2atp1a3atp6ap2atp7bb4galnt1c19orf12c9orf72car\/#breadcrumb","itemListElement":[{"@type":"ListItem","position":1,"name":"Portada","item":"https:\/\/sistemasgenomicos.com\/es\/"},{"@type":"ListItem","position":2,"name":"Tienda","item":"https:\/\/sistemasgenomicos.com\/es\/tienda\/"},{"@type":"ListItem","position":3,"name":"Secuenciaci\u00f3n masiva y cribado bioinform\u00e1tico de CNVs, panel de 174 genes: AARS2,ABCA7,ABCD1,ACTB,ADAR,ADCY5,ALS2,ANG,ANO3,APOE,APP,APTX,ARSA,ATP13A2,ATP1A3,ATP6AP2,ATP7B,B4GALNT1,C19orf12,C9orf72,CARS2,CHCHD10,CHCHD2,CHMP2B,CIZ1,CLN3,CLN6,COL4A1,COL6A3,COQ9,CP,CSF1R,CST3,CTSF,CYP27A1,DCTN1,DNAJC5,DNAJC6,DNMT1,DPM1,EARS2,ECHS1,EIF4G1,EPM2A,ERBB4,ERCC4,FBXO7,FIG4,FMR1,FTL,FUS,GBA,GCH1,GIGYF2,GLDC,GM2A,GNAL,GNAO1,GNB1,GOSR2,GPT2,GRIK2,GRN,HEXA,HNRNPA1,HNRNPA2B1,HPCA,HTRA1,HTRA2,HTT,ITM2B,KCNA2,KCNC1,KCTD17,KIF1C,KMT2B,LRRK2,LYST,MAPT,MATR3,MCOLN1,MECP2,MECR,MMACHC,MRE11,MTFMT,MYH14,NADK2,NEFH,NEK1,NHLRC1,NKX2-1,NOTCH3,NPC1,NPC2,OPTN,PANK2,PARK7,PDGFB,PDGFRB,PDSS2,PFN1,PINK1,PLA2G6,PMPCA,PNKD,PODXL,POLG,POLR1C,POLR3A,POLR3B,PRKN,PRKRA,PRNP,PRRT2,PSEN1,PSEN2,PTS,RAB39B,RNF216,SCARB2,SCP2,SCYL1,SERAC1,SERPINI1,SETX,SGCE,SIGMAR1,SLC20A2,SLC2A1,SLC6A1,SLC6A3,SLC9A1,SNCA,SNCB,SOD1,SORL1,SPG11,SPR,SQSTM1,STXBP1,SYNJ1,TAF1,TARDBP,TBK1,TENM4,TH,THAP1,TIMM8A,TMEM240,TOR1A,TRAPPC11,TREM2,TREX1,TSFM,TTC19,TTR,TUBA4A,TUBB4A,TWNK,TYROBP,UBQLN2,UCHL1,VAC14,VAPB,VCP,VPS13A,VPS13C,VPS35,WARS2,WDR45,WFS1,XK,XPR1,"}]},{"@type":"WebSite","@id":"https:\/\/sistemasgenomicos.com\/es\/#website","url":"https:\/\/sistemasgenomicos.com\/es\/","name":"Sistemas Gen\u00f3micos","description":"La mayor empresa dedicada a la investigaci\u00f3n gen\u00e9tica y molecular","publisher":{"@id":"https:\/\/sistemasgenomicos.com\/es\/#organization"},"potentialAction":[{"@type":"SearchAction","target":{"@type":"EntryPoint","urlTemplate":"https:\/\/sistemasgenomicos.com\/es\/?s={search_term_string}"},"query-input":{"@type":"PropertyValueSpecification","valueRequired":true,"valueName":"search_term_string"}}],"inLanguage":"es"},{"@type":"Organization","@id":"https:\/\/sistemasgenomicos.com\/es\/#organization","name":"Sistemas Gen\u00f3micos","url":"https:\/\/sistemasgenomicos.com\/es\/","logo":{"@type":"ImageObject","inLanguage":"es","@id":"https:\/\/sistemasgenomicos.com\/es\/#\/schema\/logo\/image\/","url":"https:\/\/sistemasgenomicos.com\/wp-content\/uploads\/2022\/04\/image001-1.png","contentUrl":"https:\/\/sistemasgenomicos.com\/wp-content\/uploads\/2022\/04\/image001-1.png","width":250,"height":122,"caption":"Sistemas Gen\u00f3micos"},"image":{"@id":"https:\/\/sistemasgenomicos.com\/es\/#\/schema\/logo\/image\/"}}]}},"_links":{"self":[{"href":"https:\/\/sistemasgenomicos.com\/es\/wp-json\/wp\/v2\/product\/240489","targetHints":{"allow":["GET"]}}],"collection":[{"href":"https:\/\/sistemasgenomicos.com\/es\/wp-json\/wp\/v2\/product"}],"about":[{"href":"https:\/\/sistemasgenomicos.com\/es\/wp-json\/wp\/v2\/types\/product"}],"wp:featuredmedia":[{"embeddable":true,"href":"https:\/\/sistemasgenomicos.com\/es\/wp-json\/wp\/v2\/media\/42665"}],"wp:attachment":[{"href":"https:\/\/sistemasgenomicos.com\/es\/wp-json\/wp\/v2\/media?parent=240489"}],"wp:term":[{"taxonomy":"product_brand","embeddable":true,"href":"https:\/\/sistemasgenomicos.com\/es\/wp-json\/wp\/v2\/product_brand?post=240489"},{"taxonomy":"product_cat","embeddable":true,"href":"https:\/\/sistemasgenomicos.com\/es\/wp-json\/wp\/v2\/product_cat?post=240489"},{"taxonomy":"product_tag","embeddable":true,"href":"https:\/\/sistemasgenomicos.com\/es\/wp-json\/wp\/v2\/product_tag?post=240489"}],"curies":[{"name":"wp","href":"https:\/\/api.w.org\/{rel}","templated":true}]}}