{"id":240483,"date":"2020-05-19T21:07:54","date_gmt":"2020-05-19T19:07:54","guid":{"rendered":"https:\/\/sistemasgenomicos.digitis.net\/tienda-online\/secuenciacion-masiva-y-cribado-bioinformatico-de-cnvs-panel-de-135-genes-abhd12acp5afg3l2ahdc1als2ampd2ap4b1ap4e1ap4m1ap4s1ap5z1arl6ip1arsiasnsatl1atp13a2atp2b4b4galnt1bscl2c12orf\/"},"modified":"2020-09-30T07:03:34","modified_gmt":"2020-09-30T05:03:34","slug":"secuenciacion-masiva-y-cribado-bioinformatico-de-cnvs-panel-de-135-genes-abhd12acp5afg3l2ahdc1als2ampd2ap4b1ap4e1ap4m1ap4s1ap5z1arl6ip1arsiasnsatl1atp13a2atp2b4b4galnt1bscl2c12orf","status":"publish","type":"product","link":"https:\/\/sistemasgenomicos.com\/es\/producto\/secuenciacion-masiva-y-cribado-bioinformatico-de-cnvs-panel-de-135-genes-abhd12acp5afg3l2ahdc1als2ampd2ap4b1ap4e1ap4m1ap4s1ap5z1arl6ip1arsiasnsatl1atp13a2atp2b4b4galnt1bscl2c12orf\/","title":{"rendered":"Secuenciaci\u00f3n masiva y cribado bioinform\u00e1tico de CNVs, panel de 135 genes: ABHD12,ACP5,AFG3L2,AHDC1,ALS2,AMPD2,AP4B1,AP4E1,AP4M1,AP4S1,AP5Z1,ARL6IP1,ARSI,ASNS,ATL1,ATP13A2,ATP2B4,B4GALNT1,BSCL2,C12orf65,C19orf12,CAPN1,CCT5,COASY,CPT1C,CTNNB1,CYP27A1,CYP2U1,CYP7B1,DARS,DDHD1,DDHD2,DNA2,DSTYK,ECHS1,ELOVL4,ELP2,ENTPD1,ERLIN1,ERLIN2,EXOSC3,EXOSC8,FA2H,FARS2,FXN,GAD1,GALC,GAN,GBA2,GFAP,GJC2,GLB1,GM2A,GPT2,GRID2,HEXA,HSD17B4,HSPD1,IBA57,IFIH1,IFRD1,KCND3,KIDINS220,KIF1A,KIF1C,KIF5A,KLC2,L1CAM,L2HGDH,LRP4,LYST,MAG,MARS2,MCOLN1,MECP2,MTPAP,NADK2,NALCN,NIPA1,NPC1,NPC2,NT5C2,OPA1,OPA3,PEX16,PGAP1,PLA2G6,PLP1,PNPLA6,PRNP,PSEN1,REEP1,REEP2,RNASEH2B,RTN2,SACS,SCN8A,SETX,SLC16A2,SLC17A5,SLC1A4,SLC2A1,SLC33A1,SOD1,SPART,SPAST,SPG11,SPG21,SPG7,SPR,SPTAN1,STUB1,STXBP1,SYNE1,SYNJ1,TANGO2,TBCD,TECPR2,TFG,TSEN54,TTC19,TTPA,TTR,UCHL1,USP8,VAMP1,VPS37A,VWA3B,WARS2,WASHC5,WDR45B,WDR48,ZFR,ZFYVE26,ZFYVE27,"},"content":{"rendered":"","protected":false},"excerpt":{"rendered":"","protected":false},"featured_media":42665,"template":"","meta":[],"product_brand":[],"product_cat":[86,8679,8681,9355,9371,9379,9439],"product_tag":[23727],"class_list":{"0":"post-240483","1":"product","2":"type-product","3":"status-publish","4":"has-post-thumbnail","6":"gen-als2","7":"gen-ifrd1","8":"gen-ttc19","9":"gen-capn1","10":"gen-spast","11":"gen-pnpla6","12":"gen-galc","13":"gen-zfr","14":"gen-atp2b4","15":"gen-coasy","16":"gen-reep1","17":"gen-gba2","18":"gen-asns","19":"gen-zfyve26","20":"gen-nt5c2","21":"gen-psen1","22":"gen-ap4e1","23":"gen-ddhd2","24":"gen-l2hgdh","25":"gen-spg21","26":"gen-mcoln1","27":"gen-ap4s1","28":"gen-ddhd1","29":"gen-abhd12","30":"gen-nalcn","31":"gen-acp5","32":"gen-fa2h","33":"gen-stub1","34":"gen-spg11","35":"gen-mag","36":"gen-exosc3","37":"gen-erlin1","38":"gen-mtpap","39":"gen-tfg","40":"gen-wdr48","41":"gen-ifih1","42":"gen-dars","43":"gen-slc1a4","44":"gen-spr","45":"gen-ampd2","46":"gen-wars2","47":"gen-slc2a1","48":"gen-ttr","49":"gen-elovl4","50":"gen-npc2","51":"gen-slc17a5","52":"gen-exosc8","53":"gen-pex16","54":"gen-plp1","55":"gen-opa3","56":"gen-rtn2","57":"gen-ahdc1","58":"gen-echs1","59":"gen-gad1","60":"gen-kif1c","61":"gen-kif1a","62":"gen-c12orf65","63":"gen-syne1","64":"gen-gfap","65":"gen-c19orf12","66":"gen-reep2","67":"gen-dstyk","68":"gen-spg20","69":"gen-hsd17b4","70":"gen-ap4b1","71":"gen-kidins220","72":"gen-lrp4","73":"gen-elp2","74":"gen-b4galnt1","75":"gen-cyp27a1","76":"gen-stxbp1","77":"gen-ttpa","78":"gen-entpd1","79":"gen-dna2","80":"gen-usp8","81":"gen-vamp1","82":"gen-afg3l2","83":"gen-npc1","84":"gen-wdr45b","85":"gen-sod1","86":"gen-lyst","87":"gen-hspd1","88":"gen-fars2","89":"gen-slc16a2","90":"gen-erlin2","91":"gen-sacs","92":"gen-grid2","93":"gen-nadk2","94":"gen-uchl1","95":"gen-cyp2u1","96":"gen-zfyve27","97":"gen-vps37a","98":"gen-kif5a","99":"gen-synj1","100":"gen-atp13a2","101":"gen-kiaa0196","102":"gen-fxn","103":"gen-gpt2","104":"gen-bscl2","105":"gen-ctnnb1","106":"gen-vwa3b","107":"gen-cpt1c","108":"gen-slc33a1","109":"gen-nipa1","110":"gen-glb1","111":"gen-arl6ip1","112":"gen-prnp","113":"gen-cyp7b1","114":"gen-klc2","115":"gen-iba57","116":"gen-tsen54","117":"gen-tango2","118":"gen-arsi","119":"gen-pla2g6","120":"gen-tecpr2","121":"gen-gm2a","122":"gen-scn8a","123":"gen-pgap1","124":"gen-sptan1","125":"gen-spg7","126":"gen-atl1","127":"gen-gjc2","128":"gen-hexa","129":"gen-ap4m1","130":"gen-ap5z1","131":"gen-mars2","132":"gen-l1cam-2","133":"gen-mecp2-2","134":"gen-tbcd-2","135":"gen-gan-2","136":"gen-setx-2","137":"gen-rnaseh2b-2","138":"gen-opa1-2","139":"gen-cct5-2","140":"gen-kcnd3-2","141":"product_cat-analisis-y-estudios-geneticos","142":"product_cat-diagnostico-genetico-molecularn","143":"product_cat-diagnostico-genetico-por-secuenciacion-masiva","144":"product_cat-listado-de-enfermedades","145":"product_cat-medicina-interna-diagnostico-genetico-molecularn","146":"product_cat-neurologia-diagnostico-genetico-molecularn","147":"product_cat-paneles-neurologia-diagnostico-genetico-por-secuenciacion-masivan","148":"product_tag-paraplejias-espasticas-c00610","150":"first","151":"instock","152":"taxable","153":"shipping-taxable","154":"product-type-simple"},"acf":[],"yoast_head":"<!-- This site is optimized with the Yoast SEO plugin v27.4 - https:\/\/yoast.com\/product\/yoast-seo-wordpress\/ -->\n<title>Secuenciaci\u00f3n masiva y cribado bioinform\u00e1tico de CNVs, panel de 135 genes: ABHD12,ACP5,AFG3L2,AHDC1,ALS2,AMPD2,AP4B1,AP4E1,AP4M1,AP4S1,AP5Z1,ARL6IP1,ARSI,ASNS,ATL1,ATP13A2,ATP2B4,B4GALNT1,BSCL2,C12orf65,C19orf12,CAPN1,CCT5,COASY,CPT1C,CTNNB1,CYP27A1,CYP2U1,CYP7B1,DARS,DDHD1,DDHD2,DNA2,DSTYK,ECHS1,ELOVL4,ELP2,ENTPD1,ERLIN1,ERLIN2,EXOSC3,EXOSC8,FA2H,FARS2,FXN,GAD1,GALC,GAN,GBA2,GFAP,GJC2,GLB1,GM2A,GPT2,GRID2,HEXA,HSD17B4,HSPD1,IBA57,IFIH1,IFRD1,KCND3,KIDINS220,KIF1A,KIF1C,KIF5A,KLC2,L1CAM,L2HGDH,LRP4,LYST,MAG,MARS2,MCOLN1,MECP2,MTPAP,NADK2,NALCN,NIPA1,NPC1,NPC2,NT5C2,OPA1,OPA3,PEX16,PGAP1,PLA2G6,PLP1,PNPLA6,PRNP,PSEN1,REEP1,REEP2,RNASEH2B,RTN2,SACS,SCN8A,SETX,SLC16A2,SLC17A5,SLC1A4,SLC2A1,SLC33A1,SOD1,SPART,SPAST,SPG11,SPG21,SPG7,SPR,SPTAN1,STUB1,STXBP1,SYNE1,SYNJ1,TANGO2,TBCD,TECPR2,TFG,TSEN54,TTC19,TTPA,TTR,UCHL1,USP8,VAMP1,VPS37A,VWA3B,WARS2,WASHC5,WDR45B,WDR48,ZFR,ZFYVE26,ZFYVE27, - Sistemas Gen\u00f3micos<\/title>\n<meta name=\"robots\" content=\"index, follow, max-snippet:-1, max-image-preview:large, max-video-preview:-1\" \/>\n<link rel=\"canonical\" href=\"https:\/\/sistemasgenomicos.com\/es\/producto\/secuenciacion-masiva-y-cribado-bioinformatico-de-cnvs-panel-de-135-genes-abhd12acp5afg3l2ahdc1als2ampd2ap4b1ap4e1ap4m1ap4s1ap5z1arl6ip1arsiasnsatl1atp13a2atp2b4b4galnt1bscl2c12orf\/\" \/>\n<meta property=\"og:locale\" content=\"es_ES\" \/>\n<meta property=\"og:type\" content=\"article\" \/>\n<meta property=\"og:title\" content=\"Secuenciaci\u00f3n masiva y cribado bioinform\u00e1tico de CNVs, panel de 135 genes: ABHD12,ACP5,AFG3L2,AHDC1,ALS2,AMPD2,AP4B1,AP4E1,AP4M1,AP4S1,AP5Z1,ARL6IP1,ARSI,ASNS,ATL1,ATP13A2,ATP2B4,B4GALNT1,BSCL2,C12orf65,C19orf12,CAPN1,CCT5,COASY,CPT1C,CTNNB1,CYP27A1,CYP2U1,CYP7B1,DARS,DDHD1,DDHD2,DNA2,DSTYK,ECHS1,ELOVL4,ELP2,ENTPD1,ERLIN1,ERLIN2,EXOSC3,EXOSC8,FA2H,FARS2,FXN,GAD1,GALC,GAN,GBA2,GFAP,GJC2,GLB1,GM2A,GPT2,GRID2,HEXA,HSD17B4,HSPD1,IBA57,IFIH1,IFRD1,KCND3,KIDINS220,KIF1A,KIF1C,KIF5A,KLC2,L1CAM,L2HGDH,LRP4,LYST,MAG,MARS2,MCOLN1,MECP2,MTPAP,NADK2,NALCN,NIPA1,NPC1,NPC2,NT5C2,OPA1,OPA3,PEX16,PGAP1,PLA2G6,PLP1,PNPLA6,PRNP,PSEN1,REEP1,REEP2,RNASEH2B,RTN2,SACS,SCN8A,SETX,SLC16A2,SLC17A5,SLC1A4,SLC2A1,SLC33A1,SOD1,SPART,SPAST,SPG11,SPG21,SPG7,SPR,SPTAN1,STUB1,STXBP1,SYNE1,SYNJ1,TANGO2,TBCD,TECPR2,TFG,TSEN54,TTC19,TTPA,TTR,UCHL1,USP8,VAMP1,VPS37A,VWA3B,WARS2,WASHC5,WDR45B,WDR48,ZFR,ZFYVE26,ZFYVE27, - Sistemas Gen\u00f3micos\" \/>\n<meta property=\"og:url\" content=\"https:\/\/sistemasgenomicos.com\/es\/producto\/secuenciacion-masiva-y-cribado-bioinformatico-de-cnvs-panel-de-135-genes-abhd12acp5afg3l2ahdc1als2ampd2ap4b1ap4e1ap4m1ap4s1ap5z1arl6ip1arsiasnsatl1atp13a2atp2b4b4galnt1bscl2c12orf\/\" \/>\n<meta property=\"og:site_name\" content=\"Sistemas Gen\u00f3micos\" \/>\n<meta property=\"article:modified_time\" content=\"2020-09-30T05:03:34+00:00\" \/>\n<meta property=\"og:image\" content=\"https:\/\/sistemasgenomicos.com\/wp-content\/uploads\/2018\/04\/logo-sistemas-genomicos-default-1.jpg\" \/>\n\t<meta property=\"og:image:width\" content=\"1200\" \/>\n\t<meta property=\"og:image:height\" content=\"750\" \/>\n\t<meta property=\"og:image:type\" content=\"image\/jpeg\" \/>\n<meta name=\"twitter:card\" content=\"summary_large_image\" \/>\n<script type=\"application\/ld+json\" class=\"yoast-schema-graph\">{\"@context\":\"https:\\\/\\\/schema.org\",\"@graph\":[{\"@type\":\"WebPage\",\"@id\":\"https:\\\/\\\/sistemasgenomicos.com\\\/es\\\/producto\\\/secuenciacion-masiva-y-cribado-bioinformatico-de-cnvs-panel-de-135-genes-abhd12acp5afg3l2ahdc1als2ampd2ap4b1ap4e1ap4m1ap4s1ap5z1arl6ip1arsiasnsatl1atp13a2atp2b4b4galnt1bscl2c12orf\\\/\",\"url\":\"https:\\\/\\\/sistemasgenomicos.com\\\/es\\\/producto\\\/secuenciacion-masiva-y-cribado-bioinformatico-de-cnvs-panel-de-135-genes-abhd12acp5afg3l2ahdc1als2ampd2ap4b1ap4e1ap4m1ap4s1ap5z1arl6ip1arsiasnsatl1atp13a2atp2b4b4galnt1bscl2c12orf\\\/\",\"name\":\"Secuenciaci\u00f3n masiva y cribado bioinform\u00e1tico de CNVs, panel de 135 genes: ABHD12,ACP5,AFG3L2,AHDC1,ALS2,AMPD2,AP4B1,AP4E1,AP4M1,AP4S1,AP5Z1,ARL6IP1,ARSI,ASNS,ATL1,ATP13A2,ATP2B4,B4GALNT1,BSCL2,C12orf65,C19orf12,CAPN1,CCT5,COASY,CPT1C,CTNNB1,CYP27A1,CYP2U1,CYP7B1,DARS,DDHD1,DDHD2,DNA2,DSTYK,ECHS1,ELOVL4,ELP2,ENTPD1,ERLIN1,ERLIN2,EXOSC3,EXOSC8,FA2H,FARS2,FXN,GAD1,GALC,GAN,GBA2,GFAP,GJC2,GLB1,GM2A,GPT2,GRID2,HEXA,HSD17B4,HSPD1,IBA57,IFIH1,IFRD1,KCND3,KIDINS220,KIF1A,KIF1C,KIF5A,KLC2,L1CAM,L2HGDH,LRP4,LYST,MAG,MARS2,MCOLN1,MECP2,MTPAP,NADK2,NALCN,NIPA1,NPC1,NPC2,NT5C2,OPA1,OPA3,PEX16,PGAP1,PLA2G6,PLP1,PNPLA6,PRNP,PSEN1,REEP1,REEP2,RNASEH2B,RTN2,SACS,SCN8A,SETX,SLC16A2,SLC17A5,SLC1A4,SLC2A1,SLC33A1,SOD1,SPART,SPAST,SPG11,SPG21,SPG7,SPR,SPTAN1,STUB1,STXBP1,SYNE1,SYNJ1,TANGO2,TBCD,TECPR2,TFG,TSEN54,TTC19,TTPA,TTR,UCHL1,USP8,VAMP1,VPS37A,VWA3B,WARS2,WASHC5,WDR45B,WDR48,ZFR,ZFYVE26,ZFYVE27, - Sistemas Gen\u00f3micos\",\"isPartOf\":{\"@id\":\"https:\\\/\\\/sistemasgenomicos.com\\\/es\\\/#website\"},\"primaryImageOfPage\":{\"@id\":\"https:\\\/\\\/sistemasgenomicos.com\\\/es\\\/producto\\\/secuenciacion-masiva-y-cribado-bioinformatico-de-cnvs-panel-de-135-genes-abhd12acp5afg3l2ahdc1als2ampd2ap4b1ap4e1ap4m1ap4s1ap5z1arl6ip1arsiasnsatl1atp13a2atp2b4b4galnt1bscl2c12orf\\\/#primaryimage\"},\"image\":{\"@id\":\"https:\\\/\\\/sistemasgenomicos.com\\\/es\\\/producto\\\/secuenciacion-masiva-y-cribado-bioinformatico-de-cnvs-panel-de-135-genes-abhd12acp5afg3l2ahdc1als2ampd2ap4b1ap4e1ap4m1ap4s1ap5z1arl6ip1arsiasnsatl1atp13a2atp2b4b4galnt1bscl2c12orf\\\/#primaryimage\"},\"thumbnailUrl\":\"https:\\\/\\\/sistemasgenomicos.com\\\/wp-content\\\/uploads\\\/2018\\\/04\\\/logo-sistemas-genomicos-default-1.jpg\",\"datePublished\":\"2020-05-19T19:07:54+00:00\",\"dateModified\":\"2020-09-30T05:03:34+00:00\",\"breadcrumb\":{\"@id\":\"https:\\\/\\\/sistemasgenomicos.com\\\/es\\\/producto\\\/secuenciacion-masiva-y-cribado-bioinformatico-de-cnvs-panel-de-135-genes-abhd12acp5afg3l2ahdc1als2ampd2ap4b1ap4e1ap4m1ap4s1ap5z1arl6ip1arsiasnsatl1atp13a2atp2b4b4galnt1bscl2c12orf\\\/#breadcrumb\"},\"inLanguage\":\"es\",\"potentialAction\":[{\"@type\":\"ReadAction\",\"target\":[\"https:\\\/\\\/sistemasgenomicos.com\\\/es\\\/producto\\\/secuenciacion-masiva-y-cribado-bioinformatico-de-cnvs-panel-de-135-genes-abhd12acp5afg3l2ahdc1als2ampd2ap4b1ap4e1ap4m1ap4s1ap5z1arl6ip1arsiasnsatl1atp13a2atp2b4b4galnt1bscl2c12orf\\\/\"]}]},{\"@type\":\"ImageObject\",\"inLanguage\":\"es\",\"@id\":\"https:\\\/\\\/sistemasgenomicos.com\\\/es\\\/producto\\\/secuenciacion-masiva-y-cribado-bioinformatico-de-cnvs-panel-de-135-genes-abhd12acp5afg3l2ahdc1als2ampd2ap4b1ap4e1ap4m1ap4s1ap5z1arl6ip1arsiasnsatl1atp13a2atp2b4b4galnt1bscl2c12orf\\\/#primaryimage\",\"url\":\"https:\\\/\\\/sistemasgenomicos.com\\\/wp-content\\\/uploads\\\/2018\\\/04\\\/logo-sistemas-genomicos-default-1.jpg\",\"contentUrl\":\"https:\\\/\\\/sistemasgenomicos.com\\\/wp-content\\\/uploads\\\/2018\\\/04\\\/logo-sistemas-genomicos-default-1.jpg\",\"width\":1200,\"height\":750},{\"@type\":\"BreadcrumbList\",\"@id\":\"https:\\\/\\\/sistemasgenomicos.com\\\/es\\\/producto\\\/secuenciacion-masiva-y-cribado-bioinformatico-de-cnvs-panel-de-135-genes-abhd12acp5afg3l2ahdc1als2ampd2ap4b1ap4e1ap4m1ap4s1ap5z1arl6ip1arsiasnsatl1atp13a2atp2b4b4galnt1bscl2c12orf\\\/#breadcrumb\",\"itemListElement\":[{\"@type\":\"ListItem\",\"position\":1,\"name\":\"Portada\",\"item\":\"https:\\\/\\\/sistemasgenomicos.com\\\/es\\\/\"},{\"@type\":\"ListItem\",\"position\":2,\"name\":\"Tienda\",\"item\":\"https:\\\/\\\/sistemasgenomicos.com\\\/es\\\/tienda\\\/\"},{\"@type\":\"ListItem\",\"position\":3,\"name\":\"Secuenciaci\u00f3n masiva y cribado bioinform\u00e1tico de CNVs, panel de 135 genes: ABHD12,ACP5,AFG3L2,AHDC1,ALS2,AMPD2,AP4B1,AP4E1,AP4M1,AP4S1,AP5Z1,ARL6IP1,ARSI,ASNS,ATL1,ATP13A2,ATP2B4,B4GALNT1,BSCL2,C12orf65,C19orf12,CAPN1,CCT5,COASY,CPT1C,CTNNB1,CYP27A1,CYP2U1,CYP7B1,DARS,DDHD1,DDHD2,DNA2,DSTYK,ECHS1,ELOVL4,ELP2,ENTPD1,ERLIN1,ERLIN2,EXOSC3,EXOSC8,FA2H,FARS2,FXN,GAD1,GALC,GAN,GBA2,GFAP,GJC2,GLB1,GM2A,GPT2,GRID2,HEXA,HSD17B4,HSPD1,IBA57,IFIH1,IFRD1,KCND3,KIDINS220,KIF1A,KIF1C,KIF5A,KLC2,L1CAM,L2HGDH,LRP4,LYST,MAG,MARS2,MCOLN1,MECP2,MTPAP,NADK2,NALCN,NIPA1,NPC1,NPC2,NT5C2,OPA1,OPA3,PEX16,PGAP1,PLA2G6,PLP1,PNPLA6,PRNP,PSEN1,REEP1,REEP2,RNASEH2B,RTN2,SACS,SCN8A,SETX,SLC16A2,SLC17A5,SLC1A4,SLC2A1,SLC33A1,SOD1,SPART,SPAST,SPG11,SPG21,SPG7,SPR,SPTAN1,STUB1,STXBP1,SYNE1,SYNJ1,TANGO2,TBCD,TECPR2,TFG,TSEN54,TTC19,TTPA,TTR,UCHL1,USP8,VAMP1,VPS37A,VWA3B,WARS2,WASHC5,WDR45B,WDR48,ZFR,ZFYVE26,ZFYVE27,\"}]},{\"@type\":\"WebSite\",\"@id\":\"https:\\\/\\\/sistemasgenomicos.com\\\/es\\\/#website\",\"url\":\"https:\\\/\\\/sistemasgenomicos.com\\\/es\\\/\",\"name\":\"Sistemas Gen\u00f3micos\",\"description\":\"La mayor empresa dedicada a la investigaci\u00f3n gen\u00e9tica y molecular\",\"publisher\":{\"@id\":\"https:\\\/\\\/sistemasgenomicos.com\\\/es\\\/#organization\"},\"potentialAction\":[{\"@type\":\"SearchAction\",\"target\":{\"@type\":\"EntryPoint\",\"urlTemplate\":\"https:\\\/\\\/sistemasgenomicos.com\\\/es\\\/?s={search_term_string}\"},\"query-input\":{\"@type\":\"PropertyValueSpecification\",\"valueRequired\":true,\"valueName\":\"search_term_string\"}}],\"inLanguage\":\"es\"},{\"@type\":\"Organization\",\"@id\":\"https:\\\/\\\/sistemasgenomicos.com\\\/es\\\/#organization\",\"name\":\"Sistemas Gen\u00f3micos\",\"url\":\"https:\\\/\\\/sistemasgenomicos.com\\\/es\\\/\",\"logo\":{\"@type\":\"ImageObject\",\"inLanguage\":\"es\",\"@id\":\"https:\\\/\\\/sistemasgenomicos.com\\\/es\\\/#\\\/schema\\\/logo\\\/image\\\/\",\"url\":\"https:\\\/\\\/sistemasgenomicos.com\\\/wp-content\\\/uploads\\\/2022\\\/04\\\/image001-1.png\",\"contentUrl\":\"https:\\\/\\\/sistemasgenomicos.com\\\/wp-content\\\/uploads\\\/2022\\\/04\\\/image001-1.png\",\"width\":250,\"height\":122,\"caption\":\"Sistemas Gen\u00f3micos\"},\"image\":{\"@id\":\"https:\\\/\\\/sistemasgenomicos.com\\\/es\\\/#\\\/schema\\\/logo\\\/image\\\/\"}}]}<\/script>\n<!-- \/ Yoast SEO plugin. -->","yoast_head_json":{"title":"Secuenciaci\u00f3n masiva y cribado bioinform\u00e1tico de CNVs, panel de 135 genes: ABHD12,ACP5,AFG3L2,AHDC1,ALS2,AMPD2,AP4B1,AP4E1,AP4M1,AP4S1,AP5Z1,ARL6IP1,ARSI,ASNS,ATL1,ATP13A2,ATP2B4,B4GALNT1,BSCL2,C12orf65,C19orf12,CAPN1,CCT5,COASY,CPT1C,CTNNB1,CYP27A1,CYP2U1,CYP7B1,DARS,DDHD1,DDHD2,DNA2,DSTYK,ECHS1,ELOVL4,ELP2,ENTPD1,ERLIN1,ERLIN2,EXOSC3,EXOSC8,FA2H,FARS2,FXN,GAD1,GALC,GAN,GBA2,GFAP,GJC2,GLB1,GM2A,GPT2,GRID2,HEXA,HSD17B4,HSPD1,IBA57,IFIH1,IFRD1,KCND3,KIDINS220,KIF1A,KIF1C,KIF5A,KLC2,L1CAM,L2HGDH,LRP4,LYST,MAG,MARS2,MCOLN1,MECP2,MTPAP,NADK2,NALCN,NIPA1,NPC1,NPC2,NT5C2,OPA1,OPA3,PEX16,PGAP1,PLA2G6,PLP1,PNPLA6,PRNP,PSEN1,REEP1,REEP2,RNASEH2B,RTN2,SACS,SCN8A,SETX,SLC16A2,SLC17A5,SLC1A4,SLC2A1,SLC33A1,SOD1,SPART,SPAST,SPG11,SPG21,SPG7,SPR,SPTAN1,STUB1,STXBP1,SYNE1,SYNJ1,TANGO2,TBCD,TECPR2,TFG,TSEN54,TTC19,TTPA,TTR,UCHL1,USP8,VAMP1,VPS37A,VWA3B,WARS2,WASHC5,WDR45B,WDR48,ZFR,ZFYVE26,ZFYVE27, - Sistemas Gen\u00f3micos","robots":{"index":"index","follow":"follow","max-snippet":"max-snippet:-1","max-image-preview":"max-image-preview:large","max-video-preview":"max-video-preview:-1"},"canonical":"https:\/\/sistemasgenomicos.com\/es\/producto\/secuenciacion-masiva-y-cribado-bioinformatico-de-cnvs-panel-de-135-genes-abhd12acp5afg3l2ahdc1als2ampd2ap4b1ap4e1ap4m1ap4s1ap5z1arl6ip1arsiasnsatl1atp13a2atp2b4b4galnt1bscl2c12orf\/","og_locale":"es_ES","og_type":"article","og_title":"Secuenciaci\u00f3n masiva y cribado bioinform\u00e1tico de CNVs, panel de 135 genes: ABHD12,ACP5,AFG3L2,AHDC1,ALS2,AMPD2,AP4B1,AP4E1,AP4M1,AP4S1,AP5Z1,ARL6IP1,ARSI,ASNS,ATL1,ATP13A2,ATP2B4,B4GALNT1,BSCL2,C12orf65,C19orf12,CAPN1,CCT5,COASY,CPT1C,CTNNB1,CYP27A1,CYP2U1,CYP7B1,DARS,DDHD1,DDHD2,DNA2,DSTYK,ECHS1,ELOVL4,ELP2,ENTPD1,ERLIN1,ERLIN2,EXOSC3,EXOSC8,FA2H,FARS2,FXN,GAD1,GALC,GAN,GBA2,GFAP,GJC2,GLB1,GM2A,GPT2,GRID2,HEXA,HSD17B4,HSPD1,IBA57,IFIH1,IFRD1,KCND3,KIDINS220,KIF1A,KIF1C,KIF5A,KLC2,L1CAM,L2HGDH,LRP4,LYST,MAG,MARS2,MCOLN1,MECP2,MTPAP,NADK2,NALCN,NIPA1,NPC1,NPC2,NT5C2,OPA1,OPA3,PEX16,PGAP1,PLA2G6,PLP1,PNPLA6,PRNP,PSEN1,REEP1,REEP2,RNASEH2B,RTN2,SACS,SCN8A,SETX,SLC16A2,SLC17A5,SLC1A4,SLC2A1,SLC33A1,SOD1,SPART,SPAST,SPG11,SPG21,SPG7,SPR,SPTAN1,STUB1,STXBP1,SYNE1,SYNJ1,TANGO2,TBCD,TECPR2,TFG,TSEN54,TTC19,TTPA,TTR,UCHL1,USP8,VAMP1,VPS37A,VWA3B,WARS2,WASHC5,WDR45B,WDR48,ZFR,ZFYVE26,ZFYVE27, - Sistemas Gen\u00f3micos","og_url":"https:\/\/sistemasgenomicos.com\/es\/producto\/secuenciacion-masiva-y-cribado-bioinformatico-de-cnvs-panel-de-135-genes-abhd12acp5afg3l2ahdc1als2ampd2ap4b1ap4e1ap4m1ap4s1ap5z1arl6ip1arsiasnsatl1atp13a2atp2b4b4galnt1bscl2c12orf\/","og_site_name":"Sistemas Gen\u00f3micos","article_modified_time":"2020-09-30T05:03:34+00:00","og_image":[{"width":1200,"height":750,"url":"https:\/\/sistemasgenomicos.com\/wp-content\/uploads\/2018\/04\/logo-sistemas-genomicos-default-1.jpg","type":"image\/jpeg"}],"twitter_card":"summary_large_image","schema":{"@context":"https:\/\/schema.org","@graph":[{"@type":"WebPage","@id":"https:\/\/sistemasgenomicos.com\/es\/producto\/secuenciacion-masiva-y-cribado-bioinformatico-de-cnvs-panel-de-135-genes-abhd12acp5afg3l2ahdc1als2ampd2ap4b1ap4e1ap4m1ap4s1ap5z1arl6ip1arsiasnsatl1atp13a2atp2b4b4galnt1bscl2c12orf\/","url":"https:\/\/sistemasgenomicos.com\/es\/producto\/secuenciacion-masiva-y-cribado-bioinformatico-de-cnvs-panel-de-135-genes-abhd12acp5afg3l2ahdc1als2ampd2ap4b1ap4e1ap4m1ap4s1ap5z1arl6ip1arsiasnsatl1atp13a2atp2b4b4galnt1bscl2c12orf\/","name":"Secuenciaci\u00f3n masiva y cribado bioinform\u00e1tico de CNVs, panel de 135 genes: ABHD12,ACP5,AFG3L2,AHDC1,ALS2,AMPD2,AP4B1,AP4E1,AP4M1,AP4S1,AP5Z1,ARL6IP1,ARSI,ASNS,ATL1,ATP13A2,ATP2B4,B4GALNT1,BSCL2,C12orf65,C19orf12,CAPN1,CCT5,COASY,CPT1C,CTNNB1,CYP27A1,CYP2U1,CYP7B1,DARS,DDHD1,DDHD2,DNA2,DSTYK,ECHS1,ELOVL4,ELP2,ENTPD1,ERLIN1,ERLIN2,EXOSC3,EXOSC8,FA2H,FARS2,FXN,GAD1,GALC,GAN,GBA2,GFAP,GJC2,GLB1,GM2A,GPT2,GRID2,HEXA,HSD17B4,HSPD1,IBA57,IFIH1,IFRD1,KCND3,KIDINS220,KIF1A,KIF1C,KIF5A,KLC2,L1CAM,L2HGDH,LRP4,LYST,MAG,MARS2,MCOLN1,MECP2,MTPAP,NADK2,NALCN,NIPA1,NPC1,NPC2,NT5C2,OPA1,OPA3,PEX16,PGAP1,PLA2G6,PLP1,PNPLA6,PRNP,PSEN1,REEP1,REEP2,RNASEH2B,RTN2,SACS,SCN8A,SETX,SLC16A2,SLC17A5,SLC1A4,SLC2A1,SLC33A1,SOD1,SPART,SPAST,SPG11,SPG21,SPG7,SPR,SPTAN1,STUB1,STXBP1,SYNE1,SYNJ1,TANGO2,TBCD,TECPR2,TFG,TSEN54,TTC19,TTPA,TTR,UCHL1,USP8,VAMP1,VPS37A,VWA3B,WARS2,WASHC5,WDR45B,WDR48,ZFR,ZFYVE26,ZFYVE27, - Sistemas Gen\u00f3micos","isPartOf":{"@id":"https:\/\/sistemasgenomicos.com\/es\/#website"},"primaryImageOfPage":{"@id":"https:\/\/sistemasgenomicos.com\/es\/producto\/secuenciacion-masiva-y-cribado-bioinformatico-de-cnvs-panel-de-135-genes-abhd12acp5afg3l2ahdc1als2ampd2ap4b1ap4e1ap4m1ap4s1ap5z1arl6ip1arsiasnsatl1atp13a2atp2b4b4galnt1bscl2c12orf\/#primaryimage"},"image":{"@id":"https:\/\/sistemasgenomicos.com\/es\/producto\/secuenciacion-masiva-y-cribado-bioinformatico-de-cnvs-panel-de-135-genes-abhd12acp5afg3l2ahdc1als2ampd2ap4b1ap4e1ap4m1ap4s1ap5z1arl6ip1arsiasnsatl1atp13a2atp2b4b4galnt1bscl2c12orf\/#primaryimage"},"thumbnailUrl":"https:\/\/sistemasgenomicos.com\/wp-content\/uploads\/2018\/04\/logo-sistemas-genomicos-default-1.jpg","datePublished":"2020-05-19T19:07:54+00:00","dateModified":"2020-09-30T05:03:34+00:00","breadcrumb":{"@id":"https:\/\/sistemasgenomicos.com\/es\/producto\/secuenciacion-masiva-y-cribado-bioinformatico-de-cnvs-panel-de-135-genes-abhd12acp5afg3l2ahdc1als2ampd2ap4b1ap4e1ap4m1ap4s1ap5z1arl6ip1arsiasnsatl1atp13a2atp2b4b4galnt1bscl2c12orf\/#breadcrumb"},"inLanguage":"es","potentialAction":[{"@type":"ReadAction","target":["https:\/\/sistemasgenomicos.com\/es\/producto\/secuenciacion-masiva-y-cribado-bioinformatico-de-cnvs-panel-de-135-genes-abhd12acp5afg3l2ahdc1als2ampd2ap4b1ap4e1ap4m1ap4s1ap5z1arl6ip1arsiasnsatl1atp13a2atp2b4b4galnt1bscl2c12orf\/"]}]},{"@type":"ImageObject","inLanguage":"es","@id":"https:\/\/sistemasgenomicos.com\/es\/producto\/secuenciacion-masiva-y-cribado-bioinformatico-de-cnvs-panel-de-135-genes-abhd12acp5afg3l2ahdc1als2ampd2ap4b1ap4e1ap4m1ap4s1ap5z1arl6ip1arsiasnsatl1atp13a2atp2b4b4galnt1bscl2c12orf\/#primaryimage","url":"https:\/\/sistemasgenomicos.com\/wp-content\/uploads\/2018\/04\/logo-sistemas-genomicos-default-1.jpg","contentUrl":"https:\/\/sistemasgenomicos.com\/wp-content\/uploads\/2018\/04\/logo-sistemas-genomicos-default-1.jpg","width":1200,"height":750},{"@type":"BreadcrumbList","@id":"https:\/\/sistemasgenomicos.com\/es\/producto\/secuenciacion-masiva-y-cribado-bioinformatico-de-cnvs-panel-de-135-genes-abhd12acp5afg3l2ahdc1als2ampd2ap4b1ap4e1ap4m1ap4s1ap5z1arl6ip1arsiasnsatl1atp13a2atp2b4b4galnt1bscl2c12orf\/#breadcrumb","itemListElement":[{"@type":"ListItem","position":1,"name":"Portada","item":"https:\/\/sistemasgenomicos.com\/es\/"},{"@type":"ListItem","position":2,"name":"Tienda","item":"https:\/\/sistemasgenomicos.com\/es\/tienda\/"},{"@type":"ListItem","position":3,"name":"Secuenciaci\u00f3n masiva y cribado bioinform\u00e1tico de CNVs, panel de 135 genes: ABHD12,ACP5,AFG3L2,AHDC1,ALS2,AMPD2,AP4B1,AP4E1,AP4M1,AP4S1,AP5Z1,ARL6IP1,ARSI,ASNS,ATL1,ATP13A2,ATP2B4,B4GALNT1,BSCL2,C12orf65,C19orf12,CAPN1,CCT5,COASY,CPT1C,CTNNB1,CYP27A1,CYP2U1,CYP7B1,DARS,DDHD1,DDHD2,DNA2,DSTYK,ECHS1,ELOVL4,ELP2,ENTPD1,ERLIN1,ERLIN2,EXOSC3,EXOSC8,FA2H,FARS2,FXN,GAD1,GALC,GAN,GBA2,GFAP,GJC2,GLB1,GM2A,GPT2,GRID2,HEXA,HSD17B4,HSPD1,IBA57,IFIH1,IFRD1,KCND3,KIDINS220,KIF1A,KIF1C,KIF5A,KLC2,L1CAM,L2HGDH,LRP4,LYST,MAG,MARS2,MCOLN1,MECP2,MTPAP,NADK2,NALCN,NIPA1,NPC1,NPC2,NT5C2,OPA1,OPA3,PEX16,PGAP1,PLA2G6,PLP1,PNPLA6,PRNP,PSEN1,REEP1,REEP2,RNASEH2B,RTN2,SACS,SCN8A,SETX,SLC16A2,SLC17A5,SLC1A4,SLC2A1,SLC33A1,SOD1,SPART,SPAST,SPG11,SPG21,SPG7,SPR,SPTAN1,STUB1,STXBP1,SYNE1,SYNJ1,TANGO2,TBCD,TECPR2,TFG,TSEN54,TTC19,TTPA,TTR,UCHL1,USP8,VAMP1,VPS37A,VWA3B,WARS2,WASHC5,WDR45B,WDR48,ZFR,ZFYVE26,ZFYVE27,"}]},{"@type":"WebSite","@id":"https:\/\/sistemasgenomicos.com\/es\/#website","url":"https:\/\/sistemasgenomicos.com\/es\/","name":"Sistemas Gen\u00f3micos","description":"La mayor empresa dedicada a la investigaci\u00f3n gen\u00e9tica y molecular","publisher":{"@id":"https:\/\/sistemasgenomicos.com\/es\/#organization"},"potentialAction":[{"@type":"SearchAction","target":{"@type":"EntryPoint","urlTemplate":"https:\/\/sistemasgenomicos.com\/es\/?s={search_term_string}"},"query-input":{"@type":"PropertyValueSpecification","valueRequired":true,"valueName":"search_term_string"}}],"inLanguage":"es"},{"@type":"Organization","@id":"https:\/\/sistemasgenomicos.com\/es\/#organization","name":"Sistemas Gen\u00f3micos","url":"https:\/\/sistemasgenomicos.com\/es\/","logo":{"@type":"ImageObject","inLanguage":"es","@id":"https:\/\/sistemasgenomicos.com\/es\/#\/schema\/logo\/image\/","url":"https:\/\/sistemasgenomicos.com\/wp-content\/uploads\/2022\/04\/image001-1.png","contentUrl":"https:\/\/sistemasgenomicos.com\/wp-content\/uploads\/2022\/04\/image001-1.png","width":250,"height":122,"caption":"Sistemas Gen\u00f3micos"},"image":{"@id":"https:\/\/sistemasgenomicos.com\/es\/#\/schema\/logo\/image\/"}}]}},"_links":{"self":[{"href":"https:\/\/sistemasgenomicos.com\/es\/wp-json\/wp\/v2\/product\/240483","targetHints":{"allow":["GET"]}}],"collection":[{"href":"https:\/\/sistemasgenomicos.com\/es\/wp-json\/wp\/v2\/product"}],"about":[{"href":"https:\/\/sistemasgenomicos.com\/es\/wp-json\/wp\/v2\/types\/product"}],"wp:featuredmedia":[{"embeddable":true,"href":"https:\/\/sistemasgenomicos.com\/es\/wp-json\/wp\/v2\/media\/42665"}],"wp:attachment":[{"href":"https:\/\/sistemasgenomicos.com\/es\/wp-json\/wp\/v2\/media?parent=240483"}],"wp:term":[{"taxonomy":"product_brand","embeddable":true,"href":"https:\/\/sistemasgenomicos.com\/es\/wp-json\/wp\/v2\/product_brand?post=240483"},{"taxonomy":"product_cat","embeddable":true,"href":"https:\/\/sistemasgenomicos.com\/es\/wp-json\/wp\/v2\/product_cat?post=240483"},{"taxonomy":"product_tag","embeddable":true,"href":"https:\/\/sistemasgenomicos.com\/es\/wp-json\/wp\/v2\/product_tag?post=240483"}],"curies":[{"name":"wp","href":"https:\/\/api.w.org\/{rel}","templated":true}]}}