{"id":240477,"date":"2020-05-19T21:07:52","date_gmt":"2020-05-19T19:07:52","guid":{"rendered":"https:\/\/sistemasgenomicos.digitis.net\/tienda-online\/secuenciacion-masiva-y-cribado-bioinformatico-de-cnvs-panel-de-64-genes-atad3aatp1a2atp1a3cacna1acacna1ccacna1gcacnb4camta1ccdc88ccsf1rctbp1dnmt1ebf3eef2elovl4elovl5fgf12fgf14ftlg\/"},"modified":"2020-09-30T07:03:32","modified_gmt":"2020-09-30T05:03:32","slug":"secuenciacion-masiva-y-cribado-bioinformatico-de-cnvs-panel-de-64-genes-atad3aatp1a2atp1a3cacna1acacna1ccacna1gcacnb4camta1ccdc88ccsf1rctbp1dnmt1ebf3eef2elovl4elovl5fgf12fgf14ftlg","status":"publish","type":"product","link":"https:\/\/sistemasgenomicos.com\/es\/producto\/secuenciacion-masiva-y-cribado-bioinformatico-de-cnvs-panel-de-64-genes-atad3aatp1a2atp1a3cacna1acacna1ccacna1gcacnb4camta1ccdc88ccsf1rctbp1dnmt1ebf3eef2elovl4elovl5fgf12fgf14ftlg\/","title":{"rendered":"Secuenciaci\u00f3n masiva y cribado bioinform\u00e1tico de CNVs, panel de 64 genes: ATAD3A,ATP1A2,ATP1A3,CACNA1A,CACNA1C,CACNA1G,CACNB4,CAMTA1,CCDC88C,CSF1R,CTBP1,DNMT1,EBF3,EEF2,ELOVL4,ELOVL5,FGF12,FGF14,FTL,GRM1,IFRD1,ITM2B,ITPR1,KCNA1,KCNA2,KCNC1,KCNC3,KCND3,LMNB1,LRP4,MED13L,MME,MPZ,NAGLU,NKX2-1,OPA1,PAX6,PDYN,PLD3,PLEKHG4,POLG,PRKCG,PRNP,PSEN1,RNF170,SAMD9L,SCN2A,SCN8A,SLC1A3,SLC20A2,SLC2A1,SLC6A1,SNAP25,SOX10,SPR,TGM6,TMEM240,TRPC3,TTBK2,TTR,TUBB4A,TWNK,VAMP1,ZNF423,"},"content":{"rendered":"","protected":false},"excerpt":{"rendered":"","protected":false},"featured_media":42665,"template":"","meta":[],"product_brand":[],"product_cat":[86,8679,8681,9355,9371,9379,9439],"product_tag":[23715],"class_list":{"0":"post-240477","1":"product","2":"type-product","3":"status-publish","4":"has-post-thumbnail","6":"gen-cacna1g","7":"gen-ifrd1","8":"gen-pax6","9":"gen-elovl5","10":"gen-ccdc88c","11":"gen-slc1a3","12":"gen-psen1","13":"gen-ftl","14":"gen-pdyn","15":"gen-fgf14","16":"gen-znf423","17":"gen-tubb4a","18":"gen-pld3","19":"gen-c10orf2","20":"gen-ebf3","21":"gen-naglu","22":"gen-kcna1","23":"gen-lmnb1","24":"gen-fgf12","25":"gen-spr","26":"gen-slc2a1","27":"gen-ttr","28":"gen-elovl4","29":"gen-rnf170","30":"gen-med13l","31":"gen-prkcg","32":"gen-ttbk2","33":"gen-kcnc1","34":"gen-kcnc3","35":"gen-snap25","36":"gen-lrp4","37":"gen-itm2b","38":"gen-nkx2-1","39":"gen-scn2a","40":"gen-trpc3","41":"gen-vamp1","42":"gen-polg","43":"gen-itpr1","44":"gen-grm1","45":"gen-slc6a1","46":"gen-ctbp1","47":"gen-tgm6","48":"gen-eef2","49":"gen-slc20a2","50":"gen-camta1","51":"gen-prnp","52":"gen-kcna2","53":"gen-samd9l","54":"gen-cacnb4","55":"gen-csf1r","56":"gen-plekhg4","57":"gen-mme","58":"gen-scn8a","59":"gen-atad3a","60":"gen-tmem240","61":"gen-atp1a3-2","62":"gen-mpz-2","63":"gen-sox10-2","64":"gen-cacna1c-2","65":"gen-opa1-2","66":"gen-dnmt1-2","67":"gen-kcnd3-2","68":"gen-atp1a2-2","69":"gen-cacna1a-2","70":"product_cat-analisis-y-estudios-geneticos","71":"product_cat-diagnostico-genetico-molecularn","72":"product_cat-diagnostico-genetico-por-secuenciacion-masiva","73":"product_cat-listado-de-enfermedades","74":"product_cat-medicina-interna-diagnostico-genetico-molecularn","75":"product_cat-neurologia-diagnostico-genetico-molecularn","76":"product_cat-paneles-neurologia-diagnostico-genetico-por-secuenciacion-masivan","77":"product_tag-ataxias-hereditarias-autosomicas-dominantesc00604","79":"first","80":"instock","81":"taxable","82":"shipping-taxable","83":"product-type-simple"},"acf":[],"yoast_head":"<!-- This site is optimized with the Yoast SEO plugin v27.4 - https:\/\/yoast.com\/product\/yoast-seo-wordpress\/ -->\n<title>Secuenciaci\u00f3n masiva y cribado bioinform\u00e1tico de CNVs, panel de 64 genes: ATAD3A,ATP1A2,ATP1A3,CACNA1A,CACNA1C,CACNA1G,CACNB4,CAMTA1,CCDC88C,CSF1R,CTBP1,DNMT1,EBF3,EEF2,ELOVL4,ELOVL5,FGF12,FGF14,FTL,GRM1,IFRD1,ITM2B,ITPR1,KCNA1,KCNA2,KCNC1,KCNC3,KCND3,LMNB1,LRP4,MED13L,MME,MPZ,NAGLU,NKX2-1,OPA1,PAX6,PDYN,PLD3,PLEKHG4,POLG,PRKCG,PRNP,PSEN1,RNF170,SAMD9L,SCN2A,SCN8A,SLC1A3,SLC20A2,SLC2A1,SLC6A1,SNAP25,SOX10,SPR,TGM6,TMEM240,TRPC3,TTBK2,TTR,TUBB4A,TWNK,VAMP1,ZNF423, - Sistemas Gen\u00f3micos<\/title>\n<meta name=\"robots\" content=\"index, follow, max-snippet:-1, max-image-preview:large, max-video-preview:-1\" \/>\n<link rel=\"canonical\" href=\"https:\/\/sistemasgenomicos.com\/es\/producto\/secuenciacion-masiva-y-cribado-bioinformatico-de-cnvs-panel-de-64-genes-atad3aatp1a2atp1a3cacna1acacna1ccacna1gcacnb4camta1ccdc88ccsf1rctbp1dnmt1ebf3eef2elovl4elovl5fgf12fgf14ftlg\/\" \/>\n<meta property=\"og:locale\" content=\"es_ES\" \/>\n<meta property=\"og:type\" content=\"article\" \/>\n<meta property=\"og:title\" content=\"Secuenciaci\u00f3n masiva y cribado bioinform\u00e1tico de CNVs, panel de 64 genes: ATAD3A,ATP1A2,ATP1A3,CACNA1A,CACNA1C,CACNA1G,CACNB4,CAMTA1,CCDC88C,CSF1R,CTBP1,DNMT1,EBF3,EEF2,ELOVL4,ELOVL5,FGF12,FGF14,FTL,GRM1,IFRD1,ITM2B,ITPR1,KCNA1,KCNA2,KCNC1,KCNC3,KCND3,LMNB1,LRP4,MED13L,MME,MPZ,NAGLU,NKX2-1,OPA1,PAX6,PDYN,PLD3,PLEKHG4,POLG,PRKCG,PRNP,PSEN1,RNF170,SAMD9L,SCN2A,SCN8A,SLC1A3,SLC20A2,SLC2A1,SLC6A1,SNAP25,SOX10,SPR,TGM6,TMEM240,TRPC3,TTBK2,TTR,TUBB4A,TWNK,VAMP1,ZNF423, - Sistemas Gen\u00f3micos\" \/>\n<meta property=\"og:url\" content=\"https:\/\/sistemasgenomicos.com\/es\/producto\/secuenciacion-masiva-y-cribado-bioinformatico-de-cnvs-panel-de-64-genes-atad3aatp1a2atp1a3cacna1acacna1ccacna1gcacnb4camta1ccdc88ccsf1rctbp1dnmt1ebf3eef2elovl4elovl5fgf12fgf14ftlg\/\" \/>\n<meta property=\"og:site_name\" content=\"Sistemas Gen\u00f3micos\" \/>\n<meta property=\"article:modified_time\" content=\"2020-09-30T05:03:32+00:00\" \/>\n<meta property=\"og:image\" content=\"https:\/\/sistemasgenomicos.com\/wp-content\/uploads\/2018\/04\/logo-sistemas-genomicos-default-1.jpg\" \/>\n\t<meta property=\"og:image:width\" content=\"1200\" \/>\n\t<meta property=\"og:image:height\" content=\"750\" \/>\n\t<meta property=\"og:image:type\" content=\"image\/jpeg\" \/>\n<meta name=\"twitter:card\" content=\"summary_large_image\" \/>\n<script type=\"application\/ld+json\" class=\"yoast-schema-graph\">{\"@context\":\"https:\\\/\\\/schema.org\",\"@graph\":[{\"@type\":\"WebPage\",\"@id\":\"https:\\\/\\\/sistemasgenomicos.com\\\/es\\\/producto\\\/secuenciacion-masiva-y-cribado-bioinformatico-de-cnvs-panel-de-64-genes-atad3aatp1a2atp1a3cacna1acacna1ccacna1gcacnb4camta1ccdc88ccsf1rctbp1dnmt1ebf3eef2elovl4elovl5fgf12fgf14ftlg\\\/\",\"url\":\"https:\\\/\\\/sistemasgenomicos.com\\\/es\\\/producto\\\/secuenciacion-masiva-y-cribado-bioinformatico-de-cnvs-panel-de-64-genes-atad3aatp1a2atp1a3cacna1acacna1ccacna1gcacnb4camta1ccdc88ccsf1rctbp1dnmt1ebf3eef2elovl4elovl5fgf12fgf14ftlg\\\/\",\"name\":\"Secuenciaci\u00f3n masiva y cribado bioinform\u00e1tico de CNVs, panel de 64 genes: ATAD3A,ATP1A2,ATP1A3,CACNA1A,CACNA1C,CACNA1G,CACNB4,CAMTA1,CCDC88C,CSF1R,CTBP1,DNMT1,EBF3,EEF2,ELOVL4,ELOVL5,FGF12,FGF14,FTL,GRM1,IFRD1,ITM2B,ITPR1,KCNA1,KCNA2,KCNC1,KCNC3,KCND3,LMNB1,LRP4,MED13L,MME,MPZ,NAGLU,NKX2-1,OPA1,PAX6,PDYN,PLD3,PLEKHG4,POLG,PRKCG,PRNP,PSEN1,RNF170,SAMD9L,SCN2A,SCN8A,SLC1A3,SLC20A2,SLC2A1,SLC6A1,SNAP25,SOX10,SPR,TGM6,TMEM240,TRPC3,TTBK2,TTR,TUBB4A,TWNK,VAMP1,ZNF423, - Sistemas Gen\u00f3micos\",\"isPartOf\":{\"@id\":\"https:\\\/\\\/sistemasgenomicos.com\\\/es\\\/#website\"},\"primaryImageOfPage\":{\"@id\":\"https:\\\/\\\/sistemasgenomicos.com\\\/es\\\/producto\\\/secuenciacion-masiva-y-cribado-bioinformatico-de-cnvs-panel-de-64-genes-atad3aatp1a2atp1a3cacna1acacna1ccacna1gcacnb4camta1ccdc88ccsf1rctbp1dnmt1ebf3eef2elovl4elovl5fgf12fgf14ftlg\\\/#primaryimage\"},\"image\":{\"@id\":\"https:\\\/\\\/sistemasgenomicos.com\\\/es\\\/producto\\\/secuenciacion-masiva-y-cribado-bioinformatico-de-cnvs-panel-de-64-genes-atad3aatp1a2atp1a3cacna1acacna1ccacna1gcacnb4camta1ccdc88ccsf1rctbp1dnmt1ebf3eef2elovl4elovl5fgf12fgf14ftlg\\\/#primaryimage\"},\"thumbnailUrl\":\"https:\\\/\\\/sistemasgenomicos.com\\\/wp-content\\\/uploads\\\/2018\\\/04\\\/logo-sistemas-genomicos-default-1.jpg\",\"datePublished\":\"2020-05-19T19:07:52+00:00\",\"dateModified\":\"2020-09-30T05:03:32+00:00\",\"breadcrumb\":{\"@id\":\"https:\\\/\\\/sistemasgenomicos.com\\\/es\\\/producto\\\/secuenciacion-masiva-y-cribado-bioinformatico-de-cnvs-panel-de-64-genes-atad3aatp1a2atp1a3cacna1acacna1ccacna1gcacnb4camta1ccdc88ccsf1rctbp1dnmt1ebf3eef2elovl4elovl5fgf12fgf14ftlg\\\/#breadcrumb\"},\"inLanguage\":\"es\",\"potentialAction\":[{\"@type\":\"ReadAction\",\"target\":[\"https:\\\/\\\/sistemasgenomicos.com\\\/es\\\/producto\\\/secuenciacion-masiva-y-cribado-bioinformatico-de-cnvs-panel-de-64-genes-atad3aatp1a2atp1a3cacna1acacna1ccacna1gcacnb4camta1ccdc88ccsf1rctbp1dnmt1ebf3eef2elovl4elovl5fgf12fgf14ftlg\\\/\"]}]},{\"@type\":\"ImageObject\",\"inLanguage\":\"es\",\"@id\":\"https:\\\/\\\/sistemasgenomicos.com\\\/es\\\/producto\\\/secuenciacion-masiva-y-cribado-bioinformatico-de-cnvs-panel-de-64-genes-atad3aatp1a2atp1a3cacna1acacna1ccacna1gcacnb4camta1ccdc88ccsf1rctbp1dnmt1ebf3eef2elovl4elovl5fgf12fgf14ftlg\\\/#primaryimage\",\"url\":\"https:\\\/\\\/sistemasgenomicos.com\\\/wp-content\\\/uploads\\\/2018\\\/04\\\/logo-sistemas-genomicos-default-1.jpg\",\"contentUrl\":\"https:\\\/\\\/sistemasgenomicos.com\\\/wp-content\\\/uploads\\\/2018\\\/04\\\/logo-sistemas-genomicos-default-1.jpg\",\"width\":1200,\"height\":750},{\"@type\":\"BreadcrumbList\",\"@id\":\"https:\\\/\\\/sistemasgenomicos.com\\\/es\\\/producto\\\/secuenciacion-masiva-y-cribado-bioinformatico-de-cnvs-panel-de-64-genes-atad3aatp1a2atp1a3cacna1acacna1ccacna1gcacnb4camta1ccdc88ccsf1rctbp1dnmt1ebf3eef2elovl4elovl5fgf12fgf14ftlg\\\/#breadcrumb\",\"itemListElement\":[{\"@type\":\"ListItem\",\"position\":1,\"name\":\"Portada\",\"item\":\"https:\\\/\\\/sistemasgenomicos.com\\\/es\\\/\"},{\"@type\":\"ListItem\",\"position\":2,\"name\":\"Tienda\",\"item\":\"https:\\\/\\\/sistemasgenomicos.com\\\/es\\\/tienda\\\/\"},{\"@type\":\"ListItem\",\"position\":3,\"name\":\"Secuenciaci\u00f3n masiva y cribado bioinform\u00e1tico de CNVs, panel de 64 genes: ATAD3A,ATP1A2,ATP1A3,CACNA1A,CACNA1C,CACNA1G,CACNB4,CAMTA1,CCDC88C,CSF1R,CTBP1,DNMT1,EBF3,EEF2,ELOVL4,ELOVL5,FGF12,FGF14,FTL,GRM1,IFRD1,ITM2B,ITPR1,KCNA1,KCNA2,KCNC1,KCNC3,KCND3,LMNB1,LRP4,MED13L,MME,MPZ,NAGLU,NKX2-1,OPA1,PAX6,PDYN,PLD3,PLEKHG4,POLG,PRKCG,PRNP,PSEN1,RNF170,SAMD9L,SCN2A,SCN8A,SLC1A3,SLC20A2,SLC2A1,SLC6A1,SNAP25,SOX10,SPR,TGM6,TMEM240,TRPC3,TTBK2,TTR,TUBB4A,TWNK,VAMP1,ZNF423,\"}]},{\"@type\":\"WebSite\",\"@id\":\"https:\\\/\\\/sistemasgenomicos.com\\\/es\\\/#website\",\"url\":\"https:\\\/\\\/sistemasgenomicos.com\\\/es\\\/\",\"name\":\"Sistemas Gen\u00f3micos\",\"description\":\"La mayor empresa dedicada a la investigaci\u00f3n gen\u00e9tica y molecular\",\"publisher\":{\"@id\":\"https:\\\/\\\/sistemasgenomicos.com\\\/es\\\/#organization\"},\"potentialAction\":[{\"@type\":\"SearchAction\",\"target\":{\"@type\":\"EntryPoint\",\"urlTemplate\":\"https:\\\/\\\/sistemasgenomicos.com\\\/es\\\/?s={search_term_string}\"},\"query-input\":{\"@type\":\"PropertyValueSpecification\",\"valueRequired\":true,\"valueName\":\"search_term_string\"}}],\"inLanguage\":\"es\"},{\"@type\":\"Organization\",\"@id\":\"https:\\\/\\\/sistemasgenomicos.com\\\/es\\\/#organization\",\"name\":\"Sistemas Gen\u00f3micos\",\"url\":\"https:\\\/\\\/sistemasgenomicos.com\\\/es\\\/\",\"logo\":{\"@type\":\"ImageObject\",\"inLanguage\":\"es\",\"@id\":\"https:\\\/\\\/sistemasgenomicos.com\\\/es\\\/#\\\/schema\\\/logo\\\/image\\\/\",\"url\":\"https:\\\/\\\/sistemasgenomicos.com\\\/wp-content\\\/uploads\\\/2022\\\/04\\\/image001-1.png\",\"contentUrl\":\"https:\\\/\\\/sistemasgenomicos.com\\\/wp-content\\\/uploads\\\/2022\\\/04\\\/image001-1.png\",\"width\":250,\"height\":122,\"caption\":\"Sistemas Gen\u00f3micos\"},\"image\":{\"@id\":\"https:\\\/\\\/sistemasgenomicos.com\\\/es\\\/#\\\/schema\\\/logo\\\/image\\\/\"}}]}<\/script>\n<!-- \/ Yoast SEO plugin. -->","yoast_head_json":{"title":"Secuenciaci\u00f3n masiva y cribado bioinform\u00e1tico de CNVs, panel de 64 genes: ATAD3A,ATP1A2,ATP1A3,CACNA1A,CACNA1C,CACNA1G,CACNB4,CAMTA1,CCDC88C,CSF1R,CTBP1,DNMT1,EBF3,EEF2,ELOVL4,ELOVL5,FGF12,FGF14,FTL,GRM1,IFRD1,ITM2B,ITPR1,KCNA1,KCNA2,KCNC1,KCNC3,KCND3,LMNB1,LRP4,MED13L,MME,MPZ,NAGLU,NKX2-1,OPA1,PAX6,PDYN,PLD3,PLEKHG4,POLG,PRKCG,PRNP,PSEN1,RNF170,SAMD9L,SCN2A,SCN8A,SLC1A3,SLC20A2,SLC2A1,SLC6A1,SNAP25,SOX10,SPR,TGM6,TMEM240,TRPC3,TTBK2,TTR,TUBB4A,TWNK,VAMP1,ZNF423, - Sistemas Gen\u00f3micos","robots":{"index":"index","follow":"follow","max-snippet":"max-snippet:-1","max-image-preview":"max-image-preview:large","max-video-preview":"max-video-preview:-1"},"canonical":"https:\/\/sistemasgenomicos.com\/es\/producto\/secuenciacion-masiva-y-cribado-bioinformatico-de-cnvs-panel-de-64-genes-atad3aatp1a2atp1a3cacna1acacna1ccacna1gcacnb4camta1ccdc88ccsf1rctbp1dnmt1ebf3eef2elovl4elovl5fgf12fgf14ftlg\/","og_locale":"es_ES","og_type":"article","og_title":"Secuenciaci\u00f3n masiva y cribado bioinform\u00e1tico de CNVs, panel de 64 genes: ATAD3A,ATP1A2,ATP1A3,CACNA1A,CACNA1C,CACNA1G,CACNB4,CAMTA1,CCDC88C,CSF1R,CTBP1,DNMT1,EBF3,EEF2,ELOVL4,ELOVL5,FGF12,FGF14,FTL,GRM1,IFRD1,ITM2B,ITPR1,KCNA1,KCNA2,KCNC1,KCNC3,KCND3,LMNB1,LRP4,MED13L,MME,MPZ,NAGLU,NKX2-1,OPA1,PAX6,PDYN,PLD3,PLEKHG4,POLG,PRKCG,PRNP,PSEN1,RNF170,SAMD9L,SCN2A,SCN8A,SLC1A3,SLC20A2,SLC2A1,SLC6A1,SNAP25,SOX10,SPR,TGM6,TMEM240,TRPC3,TTBK2,TTR,TUBB4A,TWNK,VAMP1,ZNF423, - Sistemas Gen\u00f3micos","og_url":"https:\/\/sistemasgenomicos.com\/es\/producto\/secuenciacion-masiva-y-cribado-bioinformatico-de-cnvs-panel-de-64-genes-atad3aatp1a2atp1a3cacna1acacna1ccacna1gcacnb4camta1ccdc88ccsf1rctbp1dnmt1ebf3eef2elovl4elovl5fgf12fgf14ftlg\/","og_site_name":"Sistemas Gen\u00f3micos","article_modified_time":"2020-09-30T05:03:32+00:00","og_image":[{"width":1200,"height":750,"url":"https:\/\/sistemasgenomicos.com\/wp-content\/uploads\/2018\/04\/logo-sistemas-genomicos-default-1.jpg","type":"image\/jpeg"}],"twitter_card":"summary_large_image","schema":{"@context":"https:\/\/schema.org","@graph":[{"@type":"WebPage","@id":"https:\/\/sistemasgenomicos.com\/es\/producto\/secuenciacion-masiva-y-cribado-bioinformatico-de-cnvs-panel-de-64-genes-atad3aatp1a2atp1a3cacna1acacna1ccacna1gcacnb4camta1ccdc88ccsf1rctbp1dnmt1ebf3eef2elovl4elovl5fgf12fgf14ftlg\/","url":"https:\/\/sistemasgenomicos.com\/es\/producto\/secuenciacion-masiva-y-cribado-bioinformatico-de-cnvs-panel-de-64-genes-atad3aatp1a2atp1a3cacna1acacna1ccacna1gcacnb4camta1ccdc88ccsf1rctbp1dnmt1ebf3eef2elovl4elovl5fgf12fgf14ftlg\/","name":"Secuenciaci\u00f3n masiva y cribado bioinform\u00e1tico de CNVs, panel de 64 genes: ATAD3A,ATP1A2,ATP1A3,CACNA1A,CACNA1C,CACNA1G,CACNB4,CAMTA1,CCDC88C,CSF1R,CTBP1,DNMT1,EBF3,EEF2,ELOVL4,ELOVL5,FGF12,FGF14,FTL,GRM1,IFRD1,ITM2B,ITPR1,KCNA1,KCNA2,KCNC1,KCNC3,KCND3,LMNB1,LRP4,MED13L,MME,MPZ,NAGLU,NKX2-1,OPA1,PAX6,PDYN,PLD3,PLEKHG4,POLG,PRKCG,PRNP,PSEN1,RNF170,SAMD9L,SCN2A,SCN8A,SLC1A3,SLC20A2,SLC2A1,SLC6A1,SNAP25,SOX10,SPR,TGM6,TMEM240,TRPC3,TTBK2,TTR,TUBB4A,TWNK,VAMP1,ZNF423, - Sistemas Gen\u00f3micos","isPartOf":{"@id":"https:\/\/sistemasgenomicos.com\/es\/#website"},"primaryImageOfPage":{"@id":"https:\/\/sistemasgenomicos.com\/es\/producto\/secuenciacion-masiva-y-cribado-bioinformatico-de-cnvs-panel-de-64-genes-atad3aatp1a2atp1a3cacna1acacna1ccacna1gcacnb4camta1ccdc88ccsf1rctbp1dnmt1ebf3eef2elovl4elovl5fgf12fgf14ftlg\/#primaryimage"},"image":{"@id":"https:\/\/sistemasgenomicos.com\/es\/producto\/secuenciacion-masiva-y-cribado-bioinformatico-de-cnvs-panel-de-64-genes-atad3aatp1a2atp1a3cacna1acacna1ccacna1gcacnb4camta1ccdc88ccsf1rctbp1dnmt1ebf3eef2elovl4elovl5fgf12fgf14ftlg\/#primaryimage"},"thumbnailUrl":"https:\/\/sistemasgenomicos.com\/wp-content\/uploads\/2018\/04\/logo-sistemas-genomicos-default-1.jpg","datePublished":"2020-05-19T19:07:52+00:00","dateModified":"2020-09-30T05:03:32+00:00","breadcrumb":{"@id":"https:\/\/sistemasgenomicos.com\/es\/producto\/secuenciacion-masiva-y-cribado-bioinformatico-de-cnvs-panel-de-64-genes-atad3aatp1a2atp1a3cacna1acacna1ccacna1gcacnb4camta1ccdc88ccsf1rctbp1dnmt1ebf3eef2elovl4elovl5fgf12fgf14ftlg\/#breadcrumb"},"inLanguage":"es","potentialAction":[{"@type":"ReadAction","target":["https:\/\/sistemasgenomicos.com\/es\/producto\/secuenciacion-masiva-y-cribado-bioinformatico-de-cnvs-panel-de-64-genes-atad3aatp1a2atp1a3cacna1acacna1ccacna1gcacnb4camta1ccdc88ccsf1rctbp1dnmt1ebf3eef2elovl4elovl5fgf12fgf14ftlg\/"]}]},{"@type":"ImageObject","inLanguage":"es","@id":"https:\/\/sistemasgenomicos.com\/es\/producto\/secuenciacion-masiva-y-cribado-bioinformatico-de-cnvs-panel-de-64-genes-atad3aatp1a2atp1a3cacna1acacna1ccacna1gcacnb4camta1ccdc88ccsf1rctbp1dnmt1ebf3eef2elovl4elovl5fgf12fgf14ftlg\/#primaryimage","url":"https:\/\/sistemasgenomicos.com\/wp-content\/uploads\/2018\/04\/logo-sistemas-genomicos-default-1.jpg","contentUrl":"https:\/\/sistemasgenomicos.com\/wp-content\/uploads\/2018\/04\/logo-sistemas-genomicos-default-1.jpg","width":1200,"height":750},{"@type":"BreadcrumbList","@id":"https:\/\/sistemasgenomicos.com\/es\/producto\/secuenciacion-masiva-y-cribado-bioinformatico-de-cnvs-panel-de-64-genes-atad3aatp1a2atp1a3cacna1acacna1ccacna1gcacnb4camta1ccdc88ccsf1rctbp1dnmt1ebf3eef2elovl4elovl5fgf12fgf14ftlg\/#breadcrumb","itemListElement":[{"@type":"ListItem","position":1,"name":"Portada","item":"https:\/\/sistemasgenomicos.com\/es\/"},{"@type":"ListItem","position":2,"name":"Tienda","item":"https:\/\/sistemasgenomicos.com\/es\/tienda\/"},{"@type":"ListItem","position":3,"name":"Secuenciaci\u00f3n masiva y cribado bioinform\u00e1tico de CNVs, panel de 64 genes: ATAD3A,ATP1A2,ATP1A3,CACNA1A,CACNA1C,CACNA1G,CACNB4,CAMTA1,CCDC88C,CSF1R,CTBP1,DNMT1,EBF3,EEF2,ELOVL4,ELOVL5,FGF12,FGF14,FTL,GRM1,IFRD1,ITM2B,ITPR1,KCNA1,KCNA2,KCNC1,KCNC3,KCND3,LMNB1,LRP4,MED13L,MME,MPZ,NAGLU,NKX2-1,OPA1,PAX6,PDYN,PLD3,PLEKHG4,POLG,PRKCG,PRNP,PSEN1,RNF170,SAMD9L,SCN2A,SCN8A,SLC1A3,SLC20A2,SLC2A1,SLC6A1,SNAP25,SOX10,SPR,TGM6,TMEM240,TRPC3,TTBK2,TTR,TUBB4A,TWNK,VAMP1,ZNF423,"}]},{"@type":"WebSite","@id":"https:\/\/sistemasgenomicos.com\/es\/#website","url":"https:\/\/sistemasgenomicos.com\/es\/","name":"Sistemas Gen\u00f3micos","description":"La mayor empresa dedicada a la investigaci\u00f3n gen\u00e9tica y molecular","publisher":{"@id":"https:\/\/sistemasgenomicos.com\/es\/#organization"},"potentialAction":[{"@type":"SearchAction","target":{"@type":"EntryPoint","urlTemplate":"https:\/\/sistemasgenomicos.com\/es\/?s={search_term_string}"},"query-input":{"@type":"PropertyValueSpecification","valueRequired":true,"valueName":"search_term_string"}}],"inLanguage":"es"},{"@type":"Organization","@id":"https:\/\/sistemasgenomicos.com\/es\/#organization","name":"Sistemas Gen\u00f3micos","url":"https:\/\/sistemasgenomicos.com\/es\/","logo":{"@type":"ImageObject","inLanguage":"es","@id":"https:\/\/sistemasgenomicos.com\/es\/#\/schema\/logo\/image\/","url":"https:\/\/sistemasgenomicos.com\/wp-content\/uploads\/2022\/04\/image001-1.png","contentUrl":"https:\/\/sistemasgenomicos.com\/wp-content\/uploads\/2022\/04\/image001-1.png","width":250,"height":122,"caption":"Sistemas Gen\u00f3micos"},"image":{"@id":"https:\/\/sistemasgenomicos.com\/es\/#\/schema\/logo\/image\/"}}]}},"_links":{"self":[{"href":"https:\/\/sistemasgenomicos.com\/es\/wp-json\/wp\/v2\/product\/240477","targetHints":{"allow":["GET"]}}],"collection":[{"href":"https:\/\/sistemasgenomicos.com\/es\/wp-json\/wp\/v2\/product"}],"about":[{"href":"https:\/\/sistemasgenomicos.com\/es\/wp-json\/wp\/v2\/types\/product"}],"wp:featuredmedia":[{"embeddable":true,"href":"https:\/\/sistemasgenomicos.com\/es\/wp-json\/wp\/v2\/media\/42665"}],"wp:attachment":[{"href":"https:\/\/sistemasgenomicos.com\/es\/wp-json\/wp\/v2\/media?parent=240477"}],"wp:term":[{"taxonomy":"product_brand","embeddable":true,"href":"https:\/\/sistemasgenomicos.com\/es\/wp-json\/wp\/v2\/product_brand?post=240477"},{"taxonomy":"product_cat","embeddable":true,"href":"https:\/\/sistemasgenomicos.com\/es\/wp-json\/wp\/v2\/product_cat?post=240477"},{"taxonomy":"product_tag","embeddable":true,"href":"https:\/\/sistemasgenomicos.com\/es\/wp-json\/wp\/v2\/product_tag?post=240477"}],"curies":[{"name":"wp","href":"https:\/\/api.w.org\/{rel}","templated":true}]}}