{"id":239825,"date":"2020-04-18T06:47:33","date_gmt":"2020-04-18T04:47:33","guid":{"rendered":"https:\/\/sistemasgenomicos.digitis.net\/tienda-online\/secuenciacion-masiva-panel-de-51-genes-a2ml1-actc1-acvr2b-braf-cbl-cfc1-chd7-cited2-creld1-ehmt1-evc-foxc1-foxf1-g6pc3-gata4-gata6-gdf1-gja1-hand2-hra\/"},"modified":"2020-09-30T06:43:34","modified_gmt":"2020-09-30T04:43:34","slug":"secuenciacion-masiva-panel-de-51-genes-a2ml1-actc1-acvr2b-braf-cbl-cfc1-chd7-cited2-creld1-ehmt1-evc-foxc1-foxf1-g6pc3-gata4-gata6-gdf1-gja1-hand2-hra","status":"publish","type":"product","link":"https:\/\/sistemasgenomicos.com\/es\/producto\/secuenciacion-masiva-panel-de-51-genes-a2ml1-actc1-acvr2b-braf-cbl-cfc1-chd7-cited2-creld1-ehmt1-evc-foxc1-foxf1-g6pc3-gata4-gata6-gdf1-gja1-hand2-hra\/","title":{"rendered":"Secuenciaci\u00f3n masiva panel de 51 genes: A2ML1, ACTC1, ACVR2B, BRAF, CBL, CFC1, CHD7, CITED2, CRELD1, EHMT1, EVC, FOXC1, FOXF1, G6PC3, GATA4, GATA6, GDF1, GJA1, HAND2, HRAS, JAG1, KRAS, LZTR1, MAP2K1, MAP2K2, MMP21, MYH6, NKX2-3, NKX2-5, NKX2-6, NODAL, NOTCH1, NOTCH2, NRAS, PTPN11, RAF1, RBM10, RIT1, RPSA, RRAS, SHOC2, SOS1, SOS2, TAB2, TBX1, TBX20, TBX5, TFAP2B, TLL1, ZFPM2, ZIC3"},"content":{"rendered":"","protected":false},"excerpt":{"rendered":"","protected":false},"featured_media":42665,"template":"","meta":[],"product_brand":[],"product_cat":[86,9357,8679,8681,9355,9375,9395,9389],"product_tag":[21655],"class_list":{"0":"post-239825","1":"product","2":"type-product","3":"status-publish","4":"has-post-thumbnail","6":"gen-tfap2b","7":"gen-tll1","8":"gen-foxc1","9":"gen-tab2","10":"gen-evc","11":"gen-tbx5","12":"gen-lztr1","13":"gen-sos2","14":"gen-jag1","15":"gen-foxf1","16":"gen-shoc2","17":"gen-cbl","18":"gen-acvr2b","19":"gen-sos1","20":"gen-nkx2-3","21":"gen-rras","22":"gen-map2k2","23":"gen-gdf1","24":"gen-raf1","25":"gen-kras","26":"gen-notch2","27":"gen-gata4","28":"gen-cfc1","29":"gen-g6pc3","30":"gen-gata6","31":"gen-rit1","32":"gen-notch1","33":"gen-gja1","34":"gen-mmp21","35":"gen-nodal","36":"gen-zic3","37":"gen-braf","38":"gen-actc1","39":"gen-creld1","40":"gen-hand2","41":"gen-cited2","42":"gen-tbx20","43":"gen-a2ml1","44":"gen-rpsa","45":"gen-map2k1","46":"gen-zfpm2","47":"gen-chd7","48":"gen-hras","49":"gen-ptpn11","50":"gen-nkx2-6","51":"gen-ehmt1","52":"gen-rbm10","53":"gen-nkx2-5","54":"gen-tbx1","55":"gen-myh6","56":"gen-nras","57":"product_cat-analisis-y-estudios-geneticos","58":"product_cat-cardiologia-diagnostico-genetico-molecularn","59":"product_cat-diagnostico-genetico-molecularn","60":"product_cat-diagnostico-genetico-por-secuenciacion-masiva","61":"product_cat-listado-de-enfermedades","62":"product_cat-neonatologia-diagnostico-genetico-molecularn","63":"product_cat-paneles-de-cardiologia-diagnostico-genetico-por-secuenciacion-masivan","64":"product_cat-pediatria-diagnostico-genetico-molecularn","65":"product_tag-cardiopatias-congenitas442","67":"first","68":"instock","69":"taxable","70":"shipping-taxable","71":"product-type-simple"},"acf":[],"yoast_head":"<!-- This site is optimized with the Yoast SEO plugin v27.4 - https:\/\/yoast.com\/product\/yoast-seo-wordpress\/ -->\n<title>Secuenciaci\u00f3n\u00a0masiva\u00a0panel\u00a0de\u00a051\u00a0genes:\u00a0A2ML1, ACTC1, ACVR2B, BRAF, CBL, CFC1, CHD7, CITED2, CRELD1, EHMT1, EVC, FOXC1, FOXF1, G6PC3, GATA4, GATA6, GDF1, GJA1, HAND2, HRAS, JAG1, KRAS, LZTR1, MAP2K1, MAP2K2, MMP21, MYH6, NKX2-3, NKX2-5, NKX2-6, NODAL, NOTCH1, NOTCH2, NRAS, PTPN11, RAF1, RBM10, RIT1, RPSA, RRAS, SHOC2, SOS1, SOS2, TAB2, TBX1, TBX20, TBX5, TFAP2B, TLL1, ZFPM2, ZIC3 - Sistemas Gen\u00f3micos<\/title>\n<meta name=\"robots\" content=\"index, follow, max-snippet:-1, max-image-preview:large, max-video-preview:-1\" \/>\n<link rel=\"canonical\" href=\"https:\/\/sistemasgenomicos.com\/es\/producto\/secuenciacion-masiva-panel-de-51-genes-a2ml1-actc1-acvr2b-braf-cbl-cfc1-chd7-cited2-creld1-ehmt1-evc-foxc1-foxf1-g6pc3-gata4-gata6-gdf1-gja1-hand2-hra\/\" \/>\n<meta property=\"og:locale\" content=\"es_ES\" \/>\n<meta property=\"og:type\" content=\"article\" \/>\n<meta property=\"og:title\" content=\"Secuenciaci\u00f3n\u00a0masiva\u00a0panel\u00a0de\u00a051\u00a0genes:\u00a0A2ML1, ACTC1, ACVR2B, BRAF, CBL, CFC1, CHD7, CITED2, CRELD1, EHMT1, EVC, FOXC1, FOXF1, G6PC3, GATA4, GATA6, GDF1, GJA1, HAND2, HRAS, JAG1, KRAS, LZTR1, MAP2K1, MAP2K2, MMP21, MYH6, NKX2-3, NKX2-5, NKX2-6, NODAL, NOTCH1, NOTCH2, NRAS, PTPN11, RAF1, RBM10, RIT1, RPSA, RRAS, SHOC2, SOS1, SOS2, TAB2, TBX1, TBX20, TBX5, TFAP2B, TLL1, ZFPM2, ZIC3 - Sistemas Gen\u00f3micos\" \/>\n<meta property=\"og:url\" content=\"https:\/\/sistemasgenomicos.com\/es\/producto\/secuenciacion-masiva-panel-de-51-genes-a2ml1-actc1-acvr2b-braf-cbl-cfc1-chd7-cited2-creld1-ehmt1-evc-foxc1-foxf1-g6pc3-gata4-gata6-gdf1-gja1-hand2-hra\/\" \/>\n<meta property=\"og:site_name\" content=\"Sistemas Gen\u00f3micos\" \/>\n<meta property=\"article:modified_time\" content=\"2020-09-30T04:43:34+00:00\" \/>\n<meta property=\"og:image\" content=\"https:\/\/sistemasgenomicos.com\/wp-content\/uploads\/2018\/04\/logo-sistemas-genomicos-default-1.jpg\" \/>\n\t<meta property=\"og:image:width\" content=\"1200\" \/>\n\t<meta property=\"og:image:height\" content=\"750\" \/>\n\t<meta property=\"og:image:type\" content=\"image\/jpeg\" \/>\n<meta name=\"twitter:card\" content=\"summary_large_image\" \/>\n<script type=\"application\/ld+json\" class=\"yoast-schema-graph\">{\"@context\":\"https:\\\/\\\/schema.org\",\"@graph\":[{\"@type\":\"WebPage\",\"@id\":\"https:\\\/\\\/sistemasgenomicos.com\\\/es\\\/producto\\\/secuenciacion-masiva-panel-de-51-genes-a2ml1-actc1-acvr2b-braf-cbl-cfc1-chd7-cited2-creld1-ehmt1-evc-foxc1-foxf1-g6pc3-gata4-gata6-gdf1-gja1-hand2-hra\\\/\",\"url\":\"https:\\\/\\\/sistemasgenomicos.com\\\/es\\\/producto\\\/secuenciacion-masiva-panel-de-51-genes-a2ml1-actc1-acvr2b-braf-cbl-cfc1-chd7-cited2-creld1-ehmt1-evc-foxc1-foxf1-g6pc3-gata4-gata6-gdf1-gja1-hand2-hra\\\/\",\"name\":\"Secuenciaci\u00f3n\u00a0masiva\u00a0panel\u00a0de\u00a051\u00a0genes:\u00a0A2ML1, ACTC1, ACVR2B, BRAF, CBL, CFC1, CHD7, CITED2, CRELD1, EHMT1, EVC, FOXC1, FOXF1, G6PC3, GATA4, GATA6, GDF1, GJA1, HAND2, HRAS, JAG1, KRAS, LZTR1, MAP2K1, MAP2K2, MMP21, MYH6, NKX2-3, NKX2-5, NKX2-6, NODAL, NOTCH1, NOTCH2, NRAS, PTPN11, RAF1, RBM10, RIT1, RPSA, RRAS, SHOC2, SOS1, SOS2, TAB2, TBX1, TBX20, TBX5, TFAP2B, TLL1, ZFPM2, ZIC3 - Sistemas Gen\u00f3micos\",\"isPartOf\":{\"@id\":\"https:\\\/\\\/sistemasgenomicos.com\\\/es\\\/#website\"},\"primaryImageOfPage\":{\"@id\":\"https:\\\/\\\/sistemasgenomicos.com\\\/es\\\/producto\\\/secuenciacion-masiva-panel-de-51-genes-a2ml1-actc1-acvr2b-braf-cbl-cfc1-chd7-cited2-creld1-ehmt1-evc-foxc1-foxf1-g6pc3-gata4-gata6-gdf1-gja1-hand2-hra\\\/#primaryimage\"},\"image\":{\"@id\":\"https:\\\/\\\/sistemasgenomicos.com\\\/es\\\/producto\\\/secuenciacion-masiva-panel-de-51-genes-a2ml1-actc1-acvr2b-braf-cbl-cfc1-chd7-cited2-creld1-ehmt1-evc-foxc1-foxf1-g6pc3-gata4-gata6-gdf1-gja1-hand2-hra\\\/#primaryimage\"},\"thumbnailUrl\":\"https:\\\/\\\/sistemasgenomicos.com\\\/wp-content\\\/uploads\\\/2018\\\/04\\\/logo-sistemas-genomicos-default-1.jpg\",\"datePublished\":\"2020-04-18T04:47:33+00:00\",\"dateModified\":\"2020-09-30T04:43:34+00:00\",\"breadcrumb\":{\"@id\":\"https:\\\/\\\/sistemasgenomicos.com\\\/es\\\/producto\\\/secuenciacion-masiva-panel-de-51-genes-a2ml1-actc1-acvr2b-braf-cbl-cfc1-chd7-cited2-creld1-ehmt1-evc-foxc1-foxf1-g6pc3-gata4-gata6-gdf1-gja1-hand2-hra\\\/#breadcrumb\"},\"inLanguage\":\"es\",\"potentialAction\":[{\"@type\":\"ReadAction\",\"target\":[\"https:\\\/\\\/sistemasgenomicos.com\\\/es\\\/producto\\\/secuenciacion-masiva-panel-de-51-genes-a2ml1-actc1-acvr2b-braf-cbl-cfc1-chd7-cited2-creld1-ehmt1-evc-foxc1-foxf1-g6pc3-gata4-gata6-gdf1-gja1-hand2-hra\\\/\"]}]},{\"@type\":\"ImageObject\",\"inLanguage\":\"es\",\"@id\":\"https:\\\/\\\/sistemasgenomicos.com\\\/es\\\/producto\\\/secuenciacion-masiva-panel-de-51-genes-a2ml1-actc1-acvr2b-braf-cbl-cfc1-chd7-cited2-creld1-ehmt1-evc-foxc1-foxf1-g6pc3-gata4-gata6-gdf1-gja1-hand2-hra\\\/#primaryimage\",\"url\":\"https:\\\/\\\/sistemasgenomicos.com\\\/wp-content\\\/uploads\\\/2018\\\/04\\\/logo-sistemas-genomicos-default-1.jpg\",\"contentUrl\":\"https:\\\/\\\/sistemasgenomicos.com\\\/wp-content\\\/uploads\\\/2018\\\/04\\\/logo-sistemas-genomicos-default-1.jpg\",\"width\":1200,\"height\":750},{\"@type\":\"BreadcrumbList\",\"@id\":\"https:\\\/\\\/sistemasgenomicos.com\\\/es\\\/producto\\\/secuenciacion-masiva-panel-de-51-genes-a2ml1-actc1-acvr2b-braf-cbl-cfc1-chd7-cited2-creld1-ehmt1-evc-foxc1-foxf1-g6pc3-gata4-gata6-gdf1-gja1-hand2-hra\\\/#breadcrumb\",\"itemListElement\":[{\"@type\":\"ListItem\",\"position\":1,\"name\":\"Portada\",\"item\":\"https:\\\/\\\/sistemasgenomicos.com\\\/es\\\/\"},{\"@type\":\"ListItem\",\"position\":2,\"name\":\"Tienda\",\"item\":\"https:\\\/\\\/sistemasgenomicos.com\\\/es\\\/tienda\\\/\"},{\"@type\":\"ListItem\",\"position\":3,\"name\":\"Secuenciaci\u00f3n masiva panel de 51 genes: A2ML1, ACTC1, ACVR2B, BRAF, CBL, CFC1, CHD7, CITED2, CRELD1, EHMT1, EVC, FOXC1, FOXF1, G6PC3, GATA4, GATA6, GDF1, GJA1, HAND2, HRAS, JAG1, KRAS, LZTR1, MAP2K1, MAP2K2, MMP21, MYH6, NKX2-3, NKX2-5, NKX2-6, NODAL, NOTCH1, NOTCH2, NRAS, PTPN11, RAF1, RBM10, RIT1, RPSA, RRAS, SHOC2, SOS1, SOS2, TAB2, TBX1, TBX20, TBX5, TFAP2B, TLL1, ZFPM2, ZIC3\"}]},{\"@type\":\"WebSite\",\"@id\":\"https:\\\/\\\/sistemasgenomicos.com\\\/es\\\/#website\",\"url\":\"https:\\\/\\\/sistemasgenomicos.com\\\/es\\\/\",\"name\":\"Sistemas Gen\u00f3micos\",\"description\":\"La mayor empresa dedicada a la investigaci\u00f3n gen\u00e9tica y molecular\",\"publisher\":{\"@id\":\"https:\\\/\\\/sistemasgenomicos.com\\\/es\\\/#organization\"},\"potentialAction\":[{\"@type\":\"SearchAction\",\"target\":{\"@type\":\"EntryPoint\",\"urlTemplate\":\"https:\\\/\\\/sistemasgenomicos.com\\\/es\\\/?s={search_term_string}\"},\"query-input\":{\"@type\":\"PropertyValueSpecification\",\"valueRequired\":true,\"valueName\":\"search_term_string\"}}],\"inLanguage\":\"es\"},{\"@type\":\"Organization\",\"@id\":\"https:\\\/\\\/sistemasgenomicos.com\\\/es\\\/#organization\",\"name\":\"Sistemas Gen\u00f3micos\",\"url\":\"https:\\\/\\\/sistemasgenomicos.com\\\/es\\\/\",\"logo\":{\"@type\":\"ImageObject\",\"inLanguage\":\"es\",\"@id\":\"https:\\\/\\\/sistemasgenomicos.com\\\/es\\\/#\\\/schema\\\/logo\\\/image\\\/\",\"url\":\"https:\\\/\\\/sistemasgenomicos.com\\\/wp-content\\\/uploads\\\/2022\\\/04\\\/image001-1.png\",\"contentUrl\":\"https:\\\/\\\/sistemasgenomicos.com\\\/wp-content\\\/uploads\\\/2022\\\/04\\\/image001-1.png\",\"width\":250,\"height\":122,\"caption\":\"Sistemas Gen\u00f3micos\"},\"image\":{\"@id\":\"https:\\\/\\\/sistemasgenomicos.com\\\/es\\\/#\\\/schema\\\/logo\\\/image\\\/\"}}]}<\/script>\n<!-- \/ Yoast SEO plugin. -->","yoast_head_json":{"title":"Secuenciaci\u00f3n\u00a0masiva\u00a0panel\u00a0de\u00a051\u00a0genes:\u00a0A2ML1, ACTC1, ACVR2B, BRAF, CBL, CFC1, CHD7, CITED2, CRELD1, EHMT1, EVC, FOXC1, FOXF1, G6PC3, GATA4, GATA6, GDF1, GJA1, HAND2, HRAS, JAG1, KRAS, LZTR1, MAP2K1, MAP2K2, MMP21, MYH6, NKX2-3, NKX2-5, NKX2-6, NODAL, NOTCH1, NOTCH2, NRAS, PTPN11, RAF1, RBM10, RIT1, RPSA, RRAS, SHOC2, SOS1, SOS2, TAB2, TBX1, TBX20, TBX5, TFAP2B, TLL1, ZFPM2, ZIC3 - Sistemas Gen\u00f3micos","robots":{"index":"index","follow":"follow","max-snippet":"max-snippet:-1","max-image-preview":"max-image-preview:large","max-video-preview":"max-video-preview:-1"},"canonical":"https:\/\/sistemasgenomicos.com\/es\/producto\/secuenciacion-masiva-panel-de-51-genes-a2ml1-actc1-acvr2b-braf-cbl-cfc1-chd7-cited2-creld1-ehmt1-evc-foxc1-foxf1-g6pc3-gata4-gata6-gdf1-gja1-hand2-hra\/","og_locale":"es_ES","og_type":"article","og_title":"Secuenciaci\u00f3n\u00a0masiva\u00a0panel\u00a0de\u00a051\u00a0genes:\u00a0A2ML1, ACTC1, ACVR2B, BRAF, CBL, CFC1, CHD7, CITED2, CRELD1, EHMT1, EVC, FOXC1, FOXF1, G6PC3, GATA4, GATA6, GDF1, GJA1, HAND2, HRAS, JAG1, KRAS, LZTR1, MAP2K1, MAP2K2, MMP21, MYH6, NKX2-3, NKX2-5, NKX2-6, NODAL, NOTCH1, NOTCH2, NRAS, PTPN11, RAF1, RBM10, RIT1, RPSA, RRAS, SHOC2, SOS1, SOS2, TAB2, TBX1, TBX20, TBX5, TFAP2B, TLL1, ZFPM2, ZIC3 - Sistemas Gen\u00f3micos","og_url":"https:\/\/sistemasgenomicos.com\/es\/producto\/secuenciacion-masiva-panel-de-51-genes-a2ml1-actc1-acvr2b-braf-cbl-cfc1-chd7-cited2-creld1-ehmt1-evc-foxc1-foxf1-g6pc3-gata4-gata6-gdf1-gja1-hand2-hra\/","og_site_name":"Sistemas Gen\u00f3micos","article_modified_time":"2020-09-30T04:43:34+00:00","og_image":[{"width":1200,"height":750,"url":"https:\/\/sistemasgenomicos.com\/wp-content\/uploads\/2018\/04\/logo-sistemas-genomicos-default-1.jpg","type":"image\/jpeg"}],"twitter_card":"summary_large_image","schema":{"@context":"https:\/\/schema.org","@graph":[{"@type":"WebPage","@id":"https:\/\/sistemasgenomicos.com\/es\/producto\/secuenciacion-masiva-panel-de-51-genes-a2ml1-actc1-acvr2b-braf-cbl-cfc1-chd7-cited2-creld1-ehmt1-evc-foxc1-foxf1-g6pc3-gata4-gata6-gdf1-gja1-hand2-hra\/","url":"https:\/\/sistemasgenomicos.com\/es\/producto\/secuenciacion-masiva-panel-de-51-genes-a2ml1-actc1-acvr2b-braf-cbl-cfc1-chd7-cited2-creld1-ehmt1-evc-foxc1-foxf1-g6pc3-gata4-gata6-gdf1-gja1-hand2-hra\/","name":"Secuenciaci\u00f3n\u00a0masiva\u00a0panel\u00a0de\u00a051\u00a0genes:\u00a0A2ML1, ACTC1, ACVR2B, BRAF, CBL, CFC1, CHD7, CITED2, CRELD1, EHMT1, EVC, FOXC1, FOXF1, G6PC3, GATA4, GATA6, GDF1, GJA1, HAND2, HRAS, JAG1, KRAS, LZTR1, MAP2K1, MAP2K2, MMP21, MYH6, NKX2-3, NKX2-5, NKX2-6, NODAL, NOTCH1, NOTCH2, NRAS, PTPN11, RAF1, RBM10, RIT1, RPSA, RRAS, SHOC2, SOS1, SOS2, TAB2, TBX1, TBX20, TBX5, TFAP2B, TLL1, ZFPM2, ZIC3 - Sistemas Gen\u00f3micos","isPartOf":{"@id":"https:\/\/sistemasgenomicos.com\/es\/#website"},"primaryImageOfPage":{"@id":"https:\/\/sistemasgenomicos.com\/es\/producto\/secuenciacion-masiva-panel-de-51-genes-a2ml1-actc1-acvr2b-braf-cbl-cfc1-chd7-cited2-creld1-ehmt1-evc-foxc1-foxf1-g6pc3-gata4-gata6-gdf1-gja1-hand2-hra\/#primaryimage"},"image":{"@id":"https:\/\/sistemasgenomicos.com\/es\/producto\/secuenciacion-masiva-panel-de-51-genes-a2ml1-actc1-acvr2b-braf-cbl-cfc1-chd7-cited2-creld1-ehmt1-evc-foxc1-foxf1-g6pc3-gata4-gata6-gdf1-gja1-hand2-hra\/#primaryimage"},"thumbnailUrl":"https:\/\/sistemasgenomicos.com\/wp-content\/uploads\/2018\/04\/logo-sistemas-genomicos-default-1.jpg","datePublished":"2020-04-18T04:47:33+00:00","dateModified":"2020-09-30T04:43:34+00:00","breadcrumb":{"@id":"https:\/\/sistemasgenomicos.com\/es\/producto\/secuenciacion-masiva-panel-de-51-genes-a2ml1-actc1-acvr2b-braf-cbl-cfc1-chd7-cited2-creld1-ehmt1-evc-foxc1-foxf1-g6pc3-gata4-gata6-gdf1-gja1-hand2-hra\/#breadcrumb"},"inLanguage":"es","potentialAction":[{"@type":"ReadAction","target":["https:\/\/sistemasgenomicos.com\/es\/producto\/secuenciacion-masiva-panel-de-51-genes-a2ml1-actc1-acvr2b-braf-cbl-cfc1-chd7-cited2-creld1-ehmt1-evc-foxc1-foxf1-g6pc3-gata4-gata6-gdf1-gja1-hand2-hra\/"]}]},{"@type":"ImageObject","inLanguage":"es","@id":"https:\/\/sistemasgenomicos.com\/es\/producto\/secuenciacion-masiva-panel-de-51-genes-a2ml1-actc1-acvr2b-braf-cbl-cfc1-chd7-cited2-creld1-ehmt1-evc-foxc1-foxf1-g6pc3-gata4-gata6-gdf1-gja1-hand2-hra\/#primaryimage","url":"https:\/\/sistemasgenomicos.com\/wp-content\/uploads\/2018\/04\/logo-sistemas-genomicos-default-1.jpg","contentUrl":"https:\/\/sistemasgenomicos.com\/wp-content\/uploads\/2018\/04\/logo-sistemas-genomicos-default-1.jpg","width":1200,"height":750},{"@type":"BreadcrumbList","@id":"https:\/\/sistemasgenomicos.com\/es\/producto\/secuenciacion-masiva-panel-de-51-genes-a2ml1-actc1-acvr2b-braf-cbl-cfc1-chd7-cited2-creld1-ehmt1-evc-foxc1-foxf1-g6pc3-gata4-gata6-gdf1-gja1-hand2-hra\/#breadcrumb","itemListElement":[{"@type":"ListItem","position":1,"name":"Portada","item":"https:\/\/sistemasgenomicos.com\/es\/"},{"@type":"ListItem","position":2,"name":"Tienda","item":"https:\/\/sistemasgenomicos.com\/es\/tienda\/"},{"@type":"ListItem","position":3,"name":"Secuenciaci\u00f3n masiva panel de 51 genes: A2ML1, ACTC1, ACVR2B, BRAF, CBL, CFC1, CHD7, CITED2, CRELD1, EHMT1, EVC, FOXC1, FOXF1, G6PC3, GATA4, GATA6, GDF1, GJA1, HAND2, HRAS, JAG1, KRAS, LZTR1, MAP2K1, MAP2K2, MMP21, MYH6, NKX2-3, NKX2-5, NKX2-6, NODAL, NOTCH1, NOTCH2, NRAS, PTPN11, RAF1, RBM10, RIT1, RPSA, RRAS, SHOC2, SOS1, SOS2, TAB2, TBX1, TBX20, TBX5, TFAP2B, TLL1, ZFPM2, ZIC3"}]},{"@type":"WebSite","@id":"https:\/\/sistemasgenomicos.com\/es\/#website","url":"https:\/\/sistemasgenomicos.com\/es\/","name":"Sistemas Gen\u00f3micos","description":"La mayor empresa dedicada a la investigaci\u00f3n gen\u00e9tica y molecular","publisher":{"@id":"https:\/\/sistemasgenomicos.com\/es\/#organization"},"potentialAction":[{"@type":"SearchAction","target":{"@type":"EntryPoint","urlTemplate":"https:\/\/sistemasgenomicos.com\/es\/?s={search_term_string}"},"query-input":{"@type":"PropertyValueSpecification","valueRequired":true,"valueName":"search_term_string"}}],"inLanguage":"es"},{"@type":"Organization","@id":"https:\/\/sistemasgenomicos.com\/es\/#organization","name":"Sistemas Gen\u00f3micos","url":"https:\/\/sistemasgenomicos.com\/es\/","logo":{"@type":"ImageObject","inLanguage":"es","@id":"https:\/\/sistemasgenomicos.com\/es\/#\/schema\/logo\/image\/","url":"https:\/\/sistemasgenomicos.com\/wp-content\/uploads\/2022\/04\/image001-1.png","contentUrl":"https:\/\/sistemasgenomicos.com\/wp-content\/uploads\/2022\/04\/image001-1.png","width":250,"height":122,"caption":"Sistemas Gen\u00f3micos"},"image":{"@id":"https:\/\/sistemasgenomicos.com\/es\/#\/schema\/logo\/image\/"}}]}},"_links":{"self":[{"href":"https:\/\/sistemasgenomicos.com\/es\/wp-json\/wp\/v2\/product\/239825","targetHints":{"allow":["GET"]}}],"collection":[{"href":"https:\/\/sistemasgenomicos.com\/es\/wp-json\/wp\/v2\/product"}],"about":[{"href":"https:\/\/sistemasgenomicos.com\/es\/wp-json\/wp\/v2\/types\/product"}],"wp:featuredmedia":[{"embeddable":true,"href":"https:\/\/sistemasgenomicos.com\/es\/wp-json\/wp\/v2\/media\/42665"}],"wp:attachment":[{"href":"https:\/\/sistemasgenomicos.com\/es\/wp-json\/wp\/v2\/media?parent=239825"}],"wp:term":[{"taxonomy":"product_brand","embeddable":true,"href":"https:\/\/sistemasgenomicos.com\/es\/wp-json\/wp\/v2\/product_brand?post=239825"},{"taxonomy":"product_cat","embeddable":true,"href":"https:\/\/sistemasgenomicos.com\/es\/wp-json\/wp\/v2\/product_cat?post=239825"},{"taxonomy":"product_tag","embeddable":true,"href":"https:\/\/sistemasgenomicos.com\/es\/wp-json\/wp\/v2\/product_tag?post=239825"}],"curies":[{"name":"wp","href":"https:\/\/api.w.org\/{rel}","templated":true}]}}