{"id":238859,"date":"2020-03-29T03:22:10","date_gmt":"2020-03-29T03:22:10","guid":{"rendered":"https:\/\/sistemasgenomicos.digitis.net\/tienda-online\/demo-genesgkit-myeloid-neoplasm-3-reacciones\/"},"modified":"2020-09-30T07:03:26","modified_gmt":"2020-09-30T05:03:26","slug":"demo-genesgkit-myeloid-neoplasm-3-reacciones","status":"publish","type":"product","link":"https:\/\/sistemasgenomicos.com\/es\/producto\/demo-genesgkit-myeloid-neoplasm-3-reacciones\/","title":{"rendered":"Demo-GeneSGKit Myeloid Neoplasm. 3 Reacciones."},"content":{"rendered":"","protected":false},"excerpt":{"rendered":"","protected":false},"featured_media":42665,"template":"","meta":[],"product_brand":[],"product_cat":[86,8702,9461],"product_tag":[23691],"class_list":{"0":"post-238859","1":"product","2":"type-product","3":"status-publish","4":"has-post-thumbnail","6":"gen-dpm1","7":"gen-cacna1g","8":"gen-ifrd1","9":"gen-cox10","10":"gen-pax6","11":"gen-mks1","12":"gen-abhd5","13":"gen-rnf216","14":"gen-ttc19","15":"gen-elovl5","16":"gen-polr3b","17":"gen-capn1","18":"gen-ccdc88c","19":"gen-mre11a","20":"gen-grn","21":"gen-pnpla6","22":"gen-pnkp","23":"gen-tdp1","24":"gen-cp","25":"gen-kiaa0556","26":"gen-cc2d2a","27":"gen-rrm2b","28":"gen-hexb","29":"gen-galc","30":"gen-gba2","31":"gen-zfyve26","32":"gen-slc1a3","33":"gen-ophn1","34":"gen-psen1","35":"gen-uba5","36":"gen-pibf1","37":"gen-ftl","38":"gen-l2hgdh","39":"gen-alg6","40":"gen-slc9a1","41":"gen-aaas","42":"gen-cwf19l1","43":"gen-arsa","44":"gen-aco2","45":"gen-kiaa0586","46":"gen-abhd12","47":"gen-dnajc5","48":"gen-slc52a3","49":"gen-pdyn","50":"gen-lama1","51":"gen-fgf14","52":"gen-dnajc3","53":"gen-cln5","54":"gen-znf423","55":"gen-fa2h","56":"gen-stub1","57":"gen-rpgrip1l","58":"gen-mtfmt","59":"gen-spg11","60":"gen-cspp1","61":"gen-tubb4a","62":"gen-pld3","63":"gen-brat1","64":"gen-exosc3","65":"gen-phyh","66":"gen-c10orf2","67":"gen-mtpap","68":"gen-pitrm1","69":"gen-ebf3","70":"gen-gosr2","71":"gen-b9d1","72":"gen-naglu","73":"gen-wfs1","74":"gen-folr1","75":"gen-kcna1","76":"gen-tdp2","77":"gen-pex7","78":"gen-lmnb1","79":"gen-fgf12","80":"gen-clcn2","81":"gen-mpv17","82":"gen-spr","83":"gen-cep104","84":"gen-mecr","85":"gen-wars2","86":"gen-slc2a1","87":"gen-dars2","88":"gen-ctsd","89":"gen-fastkd2","90":"gen-ttr","91":"gen-elovl4","92":"gen-npc2","93":"gen-slc17a5","94":"gen-tctn3","95":"gen-sil1","96":"gen-rnf170","97":"gen-pex16","98":"gen-med13l","99":"gen-tsfm","100":"gen-plp1","101":"gen-pex6","102":"gen-aars2","103":"gen-clpp","104":"gen-opa3","105":"gen-pank2","106":"gen-cox6b1","107":"gen-prkcg","108":"gen-ttbk2","109":"gen-cln6","110":"gen-kcnc1","111":"gen-kif1c","112":"gen-kif1a","113":"gen-ass1","114":"gen-c12orf65","115":"gen-syne1","116":"gen-gfap","117":"gen-ppt1","118":"gen-abcb7","119":"gen-kcnc3","120":"gen-pdha1","121":"gen-c19orf12","122":"gen-snap25","123":"gen-pcna","124":"gen-atp8a2","125":"gen-sco1","126":"gen-hsd17b4","127":"gen-lrp4","128":"gen-snx14","129":"gen-b4galnt1","130":"gen-ahi1","131":"gen-cyp27a1","132":"gen-itm2b","133":"gen-nkx2-1","134":"gen-taco1","135":"gen-scn2a","136":"gen-aptx","137":"gen-ttpa","138":"gen-trpc3","139":"gen-scarb2","140":"gen-mttp","141":"gen-vamp1","142":"gen-polg","143":"gen-pmm2","144":"gen-ptrh2","145":"gen-afg3l2","146":"gen-npc1","147":"gen-pik3r5","148":"gen-scyl1","149":"gen-syt14","150":"gen-nphp1","151":"gen-sumf1","152":"gen-rubcn","153":"gen-cask","154":"gen-slc16a2","155":"gen-vldlr","156":"gen-inpp5e","157":"gen-polr3a","158":"gen-tmem138","159":"gen-pts","160":"gen-itpr1","161":"gen-sacs","162":"gen-grid2","163":"gen-grm1","164":"gen-uchl1","165":"gen-tmem237","166":"gen-pde6d","167":"gen-slc6a1","168":"gen-pex10","169":"gen-atp13a2","170":"gen-ctbp1","171":"gen-ano10","172":"gen-sqstm1","173":"gen-tbc1d24","174":"gen-flvcr1","175":"gen-mfsd8","176":"gen-slc25a46","177":"gen-cog5","178":"gen-tmem67","179":"gen-fxn","180":"gen-pmpca","181":"gen-htra1","182":"gen-tpp1","183":"gen-bean1","184":"gen-znf592","185":"gen-tgm6","186":"gen-atcay","187":"gen-eef2","188":"gen-ndufv1","189":"gen-trappc11","190":"gen-slc20a2","191":"gen-vwa3b","192":"gen-tctn2","193":"gen-cep120","194":"gen-arl13b","195":"gen-glb1","196":"gen-hars","197":"gen-polr1c","198":"gen-camta1","199":"gen-prnp","200":"gen-cyp7b1","201":"gen-coq2","202":"gen-pc","203":"gen-sptbn2","204":"gen-ctsf","205":"gen-cox8a","206":"gen-lmnb2","207":"gen-wdr73","208":"gen-kcna2","209":"gen-samd9l","210":"gen-kcnj10","211":"gen-gldc","212":"gen-cox14","213":"gen-ca8","214":"gen-cacnb4","215":"gen-csf1r","216":"gen-tango2","217":"gen-pla2g6","218":"gen-wwox","219":"gen-tmem216","220":"gen-cln3","221":"gen-plekhg4","222":"gen-tpk1","223":"gen-mme","224":"gen-scn8a","225":"gen-psap","226":"gen-atad3a","227":"gen-spg7","228":"gen-hibch","229":"gen-cep290","230":"gen-gjc2","231":"gen-cox20","232":"gen-tctn1","233":"gen-tmem231","234":"gen-tmem240","235":"gen-dnajc19","236":"gen-hexa","237":"gen-pet100","238":"gen-vars2-2","239":"gen-kctd7","240":"gen-mars2","241":"gen-zmynd11-2","242":"gen-slc52a2-2","243":"gen-atp2b3-2","244":"gen-cep41-2","245":"gen-fmr1-2","246":"gen-mecp2-2","247":"gen-abcd1-2","248":"gen-rpl10-2","249":"gen-slc9a6-2","250":"gen-atp7a-2","251":"gen-pgk1-2","252":"gen-atp1a3-2","253":"gen-wdr81-2","254":"gen-cln8-2","255":"gen-cntnap2-2","256":"gen-surf1-2","257":"gen-tbce-2","258":"gen-atm-2","259":"gen-ctdp1-2","260":"gen-gan-2","261":"gen-mpz-2","262":"gen-prps1-2","263":"gen-setx-2","264":"gen-sox10-2","265":"gen-cacna1c-2","266":"gen-opa1-2","267":"gen-dnmt1-2","268":"gen-cox15-2","269":"gen-kcnd3-2","270":"gen-ercc4-2","271":"gen-sufu-2","272":"gen-atp1a2-2","273":"gen-cacna1a-2","274":"product_cat-analisis-y-estudios-geneticos","275":"product_cat-genesgkit-biomedicina","276":"product_cat-oncologia-genesgkit-biomedicina","277":"product_tag-kits-oncologia-germinalc00592","279":"first","280":"instock","281":"taxable","282":"shipping-taxable","283":"product-type-simple"},"acf":[],"yoast_head":"<!-- This site is optimized with the Yoast SEO plugin v27.3 - https:\/\/yoast.com\/product\/yoast-seo-wordpress\/ -->\n<title>Demo-GeneSGKit Myeloid Neoplasm. 3 Reacciones. - Sistemas Gen\u00f3micos<\/title>\n<meta name=\"robots\" content=\"index, follow, max-snippet:-1, max-image-preview:large, max-video-preview:-1\" \/>\n<link rel=\"canonical\" href=\"https:\/\/sistemasgenomicos.com\/es\/producto\/demo-genesgkit-myeloid-neoplasm-3-reacciones\/\" \/>\n<meta property=\"og:locale\" content=\"es_ES\" \/>\n<meta property=\"og:type\" content=\"article\" \/>\n<meta property=\"og:title\" content=\"Demo-GeneSGKit Myeloid Neoplasm. 3 Reacciones. - Sistemas Gen\u00f3micos\" \/>\n<meta property=\"og:url\" content=\"https:\/\/sistemasgenomicos.com\/es\/producto\/demo-genesgkit-myeloid-neoplasm-3-reacciones\/\" \/>\n<meta property=\"og:site_name\" content=\"Sistemas Gen\u00f3micos\" \/>\n<meta property=\"article:modified_time\" content=\"2020-09-30T05:03:26+00:00\" \/>\n<meta property=\"og:image\" content=\"https:\/\/sistemasgenomicos.com\/wp-content\/uploads\/2018\/04\/logo-sistemas-genomicos-default-1.jpg\" \/>\n\t<meta property=\"og:image:width\" content=\"1200\" \/>\n\t<meta property=\"og:image:height\" content=\"750\" \/>\n\t<meta property=\"og:image:type\" content=\"image\/jpeg\" \/>\n<meta name=\"twitter:card\" content=\"summary_large_image\" \/>\n<script type=\"application\/ld+json\" class=\"yoast-schema-graph\">{\"@context\":\"https:\\\/\\\/schema.org\",\"@graph\":[{\"@type\":\"WebPage\",\"@id\":\"https:\\\/\\\/sistemasgenomicos.com\\\/es\\\/producto\\\/demo-genesgkit-myeloid-neoplasm-3-reacciones\\\/\",\"url\":\"https:\\\/\\\/sistemasgenomicos.com\\\/es\\\/producto\\\/demo-genesgkit-myeloid-neoplasm-3-reacciones\\\/\",\"name\":\"Demo-GeneSGKit Myeloid Neoplasm. 3 Reacciones. - Sistemas Gen\u00f3micos\",\"isPartOf\":{\"@id\":\"https:\\\/\\\/sistemasgenomicos.com\\\/es\\\/#website\"},\"primaryImageOfPage\":{\"@id\":\"https:\\\/\\\/sistemasgenomicos.com\\\/es\\\/producto\\\/demo-genesgkit-myeloid-neoplasm-3-reacciones\\\/#primaryimage\"},\"image\":{\"@id\":\"https:\\\/\\\/sistemasgenomicos.com\\\/es\\\/producto\\\/demo-genesgkit-myeloid-neoplasm-3-reacciones\\\/#primaryimage\"},\"thumbnailUrl\":\"https:\\\/\\\/sistemasgenomicos.com\\\/wp-content\\\/uploads\\\/2018\\\/04\\\/logo-sistemas-genomicos-default-1.jpg\",\"datePublished\":\"2020-03-29T03:22:10+00:00\",\"dateModified\":\"2020-09-30T05:03:26+00:00\",\"breadcrumb\":{\"@id\":\"https:\\\/\\\/sistemasgenomicos.com\\\/es\\\/producto\\\/demo-genesgkit-myeloid-neoplasm-3-reacciones\\\/#breadcrumb\"},\"inLanguage\":\"es\",\"potentialAction\":[{\"@type\":\"ReadAction\",\"target\":[\"https:\\\/\\\/sistemasgenomicos.com\\\/es\\\/producto\\\/demo-genesgkit-myeloid-neoplasm-3-reacciones\\\/\"]}]},{\"@type\":\"ImageObject\",\"inLanguage\":\"es\",\"@id\":\"https:\\\/\\\/sistemasgenomicos.com\\\/es\\\/producto\\\/demo-genesgkit-myeloid-neoplasm-3-reacciones\\\/#primaryimage\",\"url\":\"https:\\\/\\\/sistemasgenomicos.com\\\/wp-content\\\/uploads\\\/2018\\\/04\\\/logo-sistemas-genomicos-default-1.jpg\",\"contentUrl\":\"https:\\\/\\\/sistemasgenomicos.com\\\/wp-content\\\/uploads\\\/2018\\\/04\\\/logo-sistemas-genomicos-default-1.jpg\",\"width\":1200,\"height\":750},{\"@type\":\"BreadcrumbList\",\"@id\":\"https:\\\/\\\/sistemasgenomicos.com\\\/es\\\/producto\\\/demo-genesgkit-myeloid-neoplasm-3-reacciones\\\/#breadcrumb\",\"itemListElement\":[{\"@type\":\"ListItem\",\"position\":1,\"name\":\"Portada\",\"item\":\"https:\\\/\\\/sistemasgenomicos.com\\\/es\\\/\"},{\"@type\":\"ListItem\",\"position\":2,\"name\":\"Tienda\",\"item\":\"https:\\\/\\\/sistemasgenomicos.com\\\/es\\\/tienda\\\/\"},{\"@type\":\"ListItem\",\"position\":3,\"name\":\"Demo-GeneSGKit Myeloid Neoplasm. 3 Reacciones.\"}]},{\"@type\":\"WebSite\",\"@id\":\"https:\\\/\\\/sistemasgenomicos.com\\\/es\\\/#website\",\"url\":\"https:\\\/\\\/sistemasgenomicos.com\\\/es\\\/\",\"name\":\"Sistemas Gen\u00f3micos\",\"description\":\"La mayor empresa dedicada a la investigaci\u00f3n gen\u00e9tica y molecular\",\"publisher\":{\"@id\":\"https:\\\/\\\/sistemasgenomicos.com\\\/es\\\/#organization\"},\"potentialAction\":[{\"@type\":\"SearchAction\",\"target\":{\"@type\":\"EntryPoint\",\"urlTemplate\":\"https:\\\/\\\/sistemasgenomicos.com\\\/es\\\/?s={search_term_string}\"},\"query-input\":{\"@type\":\"PropertyValueSpecification\",\"valueRequired\":true,\"valueName\":\"search_term_string\"}}],\"inLanguage\":\"es\"},{\"@type\":\"Organization\",\"@id\":\"https:\\\/\\\/sistemasgenomicos.com\\\/es\\\/#organization\",\"name\":\"Sistemas Gen\u00f3micos\",\"url\":\"https:\\\/\\\/sistemasgenomicos.com\\\/es\\\/\",\"logo\":{\"@type\":\"ImageObject\",\"inLanguage\":\"es\",\"@id\":\"https:\\\/\\\/sistemasgenomicos.com\\\/es\\\/#\\\/schema\\\/logo\\\/image\\\/\",\"url\":\"https:\\\/\\\/sistemasgenomicos.com\\\/wp-content\\\/uploads\\\/2022\\\/04\\\/image001-1.png\",\"contentUrl\":\"https:\\\/\\\/sistemasgenomicos.com\\\/wp-content\\\/uploads\\\/2022\\\/04\\\/image001-1.png\",\"width\":250,\"height\":122,\"caption\":\"Sistemas Gen\u00f3micos\"},\"image\":{\"@id\":\"https:\\\/\\\/sistemasgenomicos.com\\\/es\\\/#\\\/schema\\\/logo\\\/image\\\/\"}}]}<\/script>\n<!-- \/ Yoast SEO plugin. -->","yoast_head_json":{"title":"Demo-GeneSGKit Myeloid Neoplasm. 3 Reacciones. - Sistemas Gen\u00f3micos","robots":{"index":"index","follow":"follow","max-snippet":"max-snippet:-1","max-image-preview":"max-image-preview:large","max-video-preview":"max-video-preview:-1"},"canonical":"https:\/\/sistemasgenomicos.com\/es\/producto\/demo-genesgkit-myeloid-neoplasm-3-reacciones\/","og_locale":"es_ES","og_type":"article","og_title":"Demo-GeneSGKit Myeloid Neoplasm. 3 Reacciones. - Sistemas Gen\u00f3micos","og_url":"https:\/\/sistemasgenomicos.com\/es\/producto\/demo-genesgkit-myeloid-neoplasm-3-reacciones\/","og_site_name":"Sistemas Gen\u00f3micos","article_modified_time":"2020-09-30T05:03:26+00:00","og_image":[{"width":1200,"height":750,"url":"https:\/\/sistemasgenomicos.com\/wp-content\/uploads\/2018\/04\/logo-sistemas-genomicos-default-1.jpg","type":"image\/jpeg"}],"twitter_card":"summary_large_image","schema":{"@context":"https:\/\/schema.org","@graph":[{"@type":"WebPage","@id":"https:\/\/sistemasgenomicos.com\/es\/producto\/demo-genesgkit-myeloid-neoplasm-3-reacciones\/","url":"https:\/\/sistemasgenomicos.com\/es\/producto\/demo-genesgkit-myeloid-neoplasm-3-reacciones\/","name":"Demo-GeneSGKit Myeloid Neoplasm. 3 Reacciones. - Sistemas Gen\u00f3micos","isPartOf":{"@id":"https:\/\/sistemasgenomicos.com\/es\/#website"},"primaryImageOfPage":{"@id":"https:\/\/sistemasgenomicos.com\/es\/producto\/demo-genesgkit-myeloid-neoplasm-3-reacciones\/#primaryimage"},"image":{"@id":"https:\/\/sistemasgenomicos.com\/es\/producto\/demo-genesgkit-myeloid-neoplasm-3-reacciones\/#primaryimage"},"thumbnailUrl":"https:\/\/sistemasgenomicos.com\/wp-content\/uploads\/2018\/04\/logo-sistemas-genomicos-default-1.jpg","datePublished":"2020-03-29T03:22:10+00:00","dateModified":"2020-09-30T05:03:26+00:00","breadcrumb":{"@id":"https:\/\/sistemasgenomicos.com\/es\/producto\/demo-genesgkit-myeloid-neoplasm-3-reacciones\/#breadcrumb"},"inLanguage":"es","potentialAction":[{"@type":"ReadAction","target":["https:\/\/sistemasgenomicos.com\/es\/producto\/demo-genesgkit-myeloid-neoplasm-3-reacciones\/"]}]},{"@type":"ImageObject","inLanguage":"es","@id":"https:\/\/sistemasgenomicos.com\/es\/producto\/demo-genesgkit-myeloid-neoplasm-3-reacciones\/#primaryimage","url":"https:\/\/sistemasgenomicos.com\/wp-content\/uploads\/2018\/04\/logo-sistemas-genomicos-default-1.jpg","contentUrl":"https:\/\/sistemasgenomicos.com\/wp-content\/uploads\/2018\/04\/logo-sistemas-genomicos-default-1.jpg","width":1200,"height":750},{"@type":"BreadcrumbList","@id":"https:\/\/sistemasgenomicos.com\/es\/producto\/demo-genesgkit-myeloid-neoplasm-3-reacciones\/#breadcrumb","itemListElement":[{"@type":"ListItem","position":1,"name":"Portada","item":"https:\/\/sistemasgenomicos.com\/es\/"},{"@type":"ListItem","position":2,"name":"Tienda","item":"https:\/\/sistemasgenomicos.com\/es\/tienda\/"},{"@type":"ListItem","position":3,"name":"Demo-GeneSGKit Myeloid Neoplasm. 3 Reacciones."}]},{"@type":"WebSite","@id":"https:\/\/sistemasgenomicos.com\/es\/#website","url":"https:\/\/sistemasgenomicos.com\/es\/","name":"Sistemas Gen\u00f3micos","description":"La mayor empresa dedicada a la investigaci\u00f3n gen\u00e9tica y molecular","publisher":{"@id":"https:\/\/sistemasgenomicos.com\/es\/#organization"},"potentialAction":[{"@type":"SearchAction","target":{"@type":"EntryPoint","urlTemplate":"https:\/\/sistemasgenomicos.com\/es\/?s={search_term_string}"},"query-input":{"@type":"PropertyValueSpecification","valueRequired":true,"valueName":"search_term_string"}}],"inLanguage":"es"},{"@type":"Organization","@id":"https:\/\/sistemasgenomicos.com\/es\/#organization","name":"Sistemas Gen\u00f3micos","url":"https:\/\/sistemasgenomicos.com\/es\/","logo":{"@type":"ImageObject","inLanguage":"es","@id":"https:\/\/sistemasgenomicos.com\/es\/#\/schema\/logo\/image\/","url":"https:\/\/sistemasgenomicos.com\/wp-content\/uploads\/2022\/04\/image001-1.png","contentUrl":"https:\/\/sistemasgenomicos.com\/wp-content\/uploads\/2022\/04\/image001-1.png","width":250,"height":122,"caption":"Sistemas Gen\u00f3micos"},"image":{"@id":"https:\/\/sistemasgenomicos.com\/es\/#\/schema\/logo\/image\/"}}]}},"_links":{"self":[{"href":"https:\/\/sistemasgenomicos.com\/es\/wp-json\/wp\/v2\/product\/238859","targetHints":{"allow":["GET"]}}],"collection":[{"href":"https:\/\/sistemasgenomicos.com\/es\/wp-json\/wp\/v2\/product"}],"about":[{"href":"https:\/\/sistemasgenomicos.com\/es\/wp-json\/wp\/v2\/types\/product"}],"wp:featuredmedia":[{"embeddable":true,"href":"https:\/\/sistemasgenomicos.com\/es\/wp-json\/wp\/v2\/media\/42665"}],"wp:attachment":[{"href":"https:\/\/sistemasgenomicos.com\/es\/wp-json\/wp\/v2\/media?parent=238859"}],"wp:term":[{"taxonomy":"product_brand","embeddable":true,"href":"https:\/\/sistemasgenomicos.com\/es\/wp-json\/wp\/v2\/product_brand?post=238859"},{"taxonomy":"product_cat","embeddable":true,"href":"https:\/\/sistemasgenomicos.com\/es\/wp-json\/wp\/v2\/product_cat?post=238859"},{"taxonomy":"product_tag","embeddable":true,"href":"https:\/\/sistemasgenomicos.com\/es\/wp-json\/wp\/v2\/product_tag?post=238859"}],"curies":[{"name":"wp","href":"https:\/\/api.w.org\/{rel}","templated":true}]}}