{"id":152516,"date":"2018-10-31T02:33:14","date_gmt":"2018-10-31T02:33:14","guid":{"rendered":"https:\/\/sistemasgenomicos.digitis.net\/tienda-online\/secuenciacion-masiva-panel-de-36-genes-abcc6-acvrl1-bmpr2-cav1-cbs-col4a1-efemp2-eif2ak4-eng-enpp1-gaa-gdf2-glmn-gucy1a3-htra1-kcnk3-krit1-nf1-notch3\/"},"modified":"2020-09-30T06:43:36","modified_gmt":"2020-09-30T04:43:36","slug":"secuenciacion-masiva-panel-de-36-genes-abcc6-acvrl1-bmpr2-cav1-cbs-col4a1-efemp2-eif2ak4-eng-enpp1-gaa-gdf2-glmn-gucy1a3-htra1-kcnk3-krit1-nf1-notch3","status":"publish","type":"product","link":"https:\/\/sistemasgenomicos.com\/es\/producto\/secuenciacion-masiva-panel-de-36-genes-abcc6-acvrl1-bmpr2-cav1-cbs-col4a1-efemp2-eif2ak4-eng-enpp1-gaa-gdf2-glmn-gucy1a3-htra1-kcnk3-krit1-nf1-notch3\/","title":{"rendered":"Secuenciaci\u00f3n masiva panel de 36 genes: ABCC6, ACVRL1, BMPR2, CAV1, CBS, COL4A1, EFEMP2, EIF2AK4, ENG, ENPP1, GAA, GDF2, GLMN, GUCY1A3, HTRA1, KCNK3, KRIT1, NF1, NOTCH3, NRAS, PROC, PROS1, RAF1, RASA1, RASA2, RNF213, RRAS, SLC2A10, SMAD3, SMAD9, SOS1, TEK, TGFB2, TGFB3, TGFBR1, TGFBR2"},"content":{"rendered":"","protected":false},"excerpt":{"rendered":"","protected":false},"featured_media":42665,"template":"","meta":[],"product_brand":[],"product_cat":[86,9357,8679,9355],"product_tag":[24096],"class_list":{"0":"post-152516","1":"product","2":"type-product","3":"status-publish","4":"has-post-thumbnail","6":"gen-krit1","7":"gen-notch3","8":"gen-abcc6","9":"gen-tgfb2","10":"gen-cav1","11":"gen-tgfbr1","12":"gen-eng","13":"gen-proc","14":"gen-sos1","15":"gen-tgfb3","16":"gen-tek","17":"gen-smad9","18":"gen-rras","19":"gen-gdf2","20":"gen-eif2ak4","21":"gen-raf1","22":"gen-acvrl1","23":"gen-rasa1","24":"gen-rasa2","25":"gen-cbs","26":"gen-tgfbr2","27":"gen-gucy1a3","28":"gen-htra1","29":"gen-smad3","30":"gen-gaa","31":"gen-kcnk3","32":"gen-efemp2","33":"gen-rnf213","34":"gen-glmn","35":"gen-pros1","36":"gen-col4a1","37":"gen-nf1","38":"gen-slc2a10","39":"gen-enpp1","40":"gen-bmpr2","41":"gen-nras","42":"product_cat-analisis-y-estudios-geneticos","43":"product_cat-cardiologia-diagnostico-genetico-molecularn","44":"product_cat-diagnostico-genetico-molecularn","45":"product_cat-listado-de-enfermedades","46":"product_tag-trastornos-vasculares-cerebrales-y-de-otros-organosc00796","48":"first","49":"instock","50":"taxable","51":"shipping-taxable","52":"product-type-simple"},"acf":[],"yoast_head":"<!-- This site is optimized with the Yoast SEO plugin v27.4 - https:\/\/yoast.com\/product\/yoast-seo-wordpress\/ -->\n<title>Secuenciaci\u00f3n\u00a0masiva\u00a0panel\u00a0de\u00a036\u00a0genes:\u00a0ABCC6, ACVRL1, BMPR2, CAV1, CBS, COL4A1, EFEMP2, EIF2AK4, ENG, ENPP1, GAA, GDF2, GLMN, GUCY1A3, HTRA1, KCNK3, KRIT1, NF1, NOTCH3, NRAS, PROC, PROS1, RAF1, RASA1, RASA2, RNF213, RRAS, SLC2A10, SMAD3, SMAD9, SOS1, TEK, TGFB2, TGFB3, TGFBR1, TGFBR2 - Sistemas Gen\u00f3micos<\/title>\n<meta name=\"robots\" content=\"index, follow, max-snippet:-1, max-image-preview:large, max-video-preview:-1\" \/>\n<link rel=\"canonical\" href=\"https:\/\/sistemasgenomicos.com\/es\/producto\/secuenciacion-masiva-panel-de-36-genes-abcc6-acvrl1-bmpr2-cav1-cbs-col4a1-efemp2-eif2ak4-eng-enpp1-gaa-gdf2-glmn-gucy1a3-htra1-kcnk3-krit1-nf1-notch3\/\" \/>\n<meta property=\"og:locale\" content=\"es_ES\" \/>\n<meta property=\"og:type\" content=\"article\" \/>\n<meta property=\"og:title\" content=\"Secuenciaci\u00f3n\u00a0masiva\u00a0panel\u00a0de\u00a036\u00a0genes:\u00a0ABCC6, ACVRL1, BMPR2, CAV1, CBS, COL4A1, EFEMP2, EIF2AK4, ENG, ENPP1, GAA, GDF2, GLMN, GUCY1A3, HTRA1, KCNK3, KRIT1, NF1, NOTCH3, NRAS, PROC, PROS1, RAF1, RASA1, RASA2, RNF213, RRAS, SLC2A10, SMAD3, SMAD9, SOS1, TEK, TGFB2, TGFB3, TGFBR1, TGFBR2 - Sistemas Gen\u00f3micos\" \/>\n<meta property=\"og:url\" content=\"https:\/\/sistemasgenomicos.com\/es\/producto\/secuenciacion-masiva-panel-de-36-genes-abcc6-acvrl1-bmpr2-cav1-cbs-col4a1-efemp2-eif2ak4-eng-enpp1-gaa-gdf2-glmn-gucy1a3-htra1-kcnk3-krit1-nf1-notch3\/\" \/>\n<meta property=\"og:site_name\" content=\"Sistemas Gen\u00f3micos\" \/>\n<meta property=\"article:modified_time\" content=\"2020-09-30T04:43:36+00:00\" \/>\n<meta property=\"og:image\" content=\"https:\/\/sistemasgenomicos.com\/wp-content\/uploads\/2018\/04\/logo-sistemas-genomicos-default-1.jpg\" \/>\n\t<meta property=\"og:image:width\" content=\"1200\" \/>\n\t<meta property=\"og:image:height\" content=\"750\" \/>\n\t<meta property=\"og:image:type\" content=\"image\/jpeg\" \/>\n<meta name=\"twitter:card\" content=\"summary_large_image\" \/>\n<script type=\"application\/ld+json\" class=\"yoast-schema-graph\">{\"@context\":\"https:\\\/\\\/schema.org\",\"@graph\":[{\"@type\":\"WebPage\",\"@id\":\"https:\\\/\\\/sistemasgenomicos.com\\\/es\\\/producto\\\/secuenciacion-masiva-panel-de-36-genes-abcc6-acvrl1-bmpr2-cav1-cbs-col4a1-efemp2-eif2ak4-eng-enpp1-gaa-gdf2-glmn-gucy1a3-htra1-kcnk3-krit1-nf1-notch3\\\/\",\"url\":\"https:\\\/\\\/sistemasgenomicos.com\\\/es\\\/producto\\\/secuenciacion-masiva-panel-de-36-genes-abcc6-acvrl1-bmpr2-cav1-cbs-col4a1-efemp2-eif2ak4-eng-enpp1-gaa-gdf2-glmn-gucy1a3-htra1-kcnk3-krit1-nf1-notch3\\\/\",\"name\":\"Secuenciaci\u00f3n\u00a0masiva\u00a0panel\u00a0de\u00a036\u00a0genes:\u00a0ABCC6, ACVRL1, BMPR2, CAV1, CBS, COL4A1, EFEMP2, EIF2AK4, ENG, ENPP1, GAA, GDF2, GLMN, GUCY1A3, HTRA1, KCNK3, KRIT1, NF1, NOTCH3, NRAS, PROC, PROS1, RAF1, RASA1, RASA2, RNF213, RRAS, SLC2A10, SMAD3, SMAD9, SOS1, TEK, TGFB2, TGFB3, TGFBR1, TGFBR2 - Sistemas Gen\u00f3micos\",\"isPartOf\":{\"@id\":\"https:\\\/\\\/sistemasgenomicos.com\\\/es\\\/#website\"},\"primaryImageOfPage\":{\"@id\":\"https:\\\/\\\/sistemasgenomicos.com\\\/es\\\/producto\\\/secuenciacion-masiva-panel-de-36-genes-abcc6-acvrl1-bmpr2-cav1-cbs-col4a1-efemp2-eif2ak4-eng-enpp1-gaa-gdf2-glmn-gucy1a3-htra1-kcnk3-krit1-nf1-notch3\\\/#primaryimage\"},\"image\":{\"@id\":\"https:\\\/\\\/sistemasgenomicos.com\\\/es\\\/producto\\\/secuenciacion-masiva-panel-de-36-genes-abcc6-acvrl1-bmpr2-cav1-cbs-col4a1-efemp2-eif2ak4-eng-enpp1-gaa-gdf2-glmn-gucy1a3-htra1-kcnk3-krit1-nf1-notch3\\\/#primaryimage\"},\"thumbnailUrl\":\"https:\\\/\\\/sistemasgenomicos.com\\\/wp-content\\\/uploads\\\/2018\\\/04\\\/logo-sistemas-genomicos-default-1.jpg\",\"datePublished\":\"2018-10-31T02:33:14+00:00\",\"dateModified\":\"2020-09-30T04:43:36+00:00\",\"breadcrumb\":{\"@id\":\"https:\\\/\\\/sistemasgenomicos.com\\\/es\\\/producto\\\/secuenciacion-masiva-panel-de-36-genes-abcc6-acvrl1-bmpr2-cav1-cbs-col4a1-efemp2-eif2ak4-eng-enpp1-gaa-gdf2-glmn-gucy1a3-htra1-kcnk3-krit1-nf1-notch3\\\/#breadcrumb\"},\"inLanguage\":\"es\",\"potentialAction\":[{\"@type\":\"ReadAction\",\"target\":[\"https:\\\/\\\/sistemasgenomicos.com\\\/es\\\/producto\\\/secuenciacion-masiva-panel-de-36-genes-abcc6-acvrl1-bmpr2-cav1-cbs-col4a1-efemp2-eif2ak4-eng-enpp1-gaa-gdf2-glmn-gucy1a3-htra1-kcnk3-krit1-nf1-notch3\\\/\"]}]},{\"@type\":\"ImageObject\",\"inLanguage\":\"es\",\"@id\":\"https:\\\/\\\/sistemasgenomicos.com\\\/es\\\/producto\\\/secuenciacion-masiva-panel-de-36-genes-abcc6-acvrl1-bmpr2-cav1-cbs-col4a1-efemp2-eif2ak4-eng-enpp1-gaa-gdf2-glmn-gucy1a3-htra1-kcnk3-krit1-nf1-notch3\\\/#primaryimage\",\"url\":\"https:\\\/\\\/sistemasgenomicos.com\\\/wp-content\\\/uploads\\\/2018\\\/04\\\/logo-sistemas-genomicos-default-1.jpg\",\"contentUrl\":\"https:\\\/\\\/sistemasgenomicos.com\\\/wp-content\\\/uploads\\\/2018\\\/04\\\/logo-sistemas-genomicos-default-1.jpg\",\"width\":1200,\"height\":750},{\"@type\":\"BreadcrumbList\",\"@id\":\"https:\\\/\\\/sistemasgenomicos.com\\\/es\\\/producto\\\/secuenciacion-masiva-panel-de-36-genes-abcc6-acvrl1-bmpr2-cav1-cbs-col4a1-efemp2-eif2ak4-eng-enpp1-gaa-gdf2-glmn-gucy1a3-htra1-kcnk3-krit1-nf1-notch3\\\/#breadcrumb\",\"itemListElement\":[{\"@type\":\"ListItem\",\"position\":1,\"name\":\"Portada\",\"item\":\"https:\\\/\\\/sistemasgenomicos.com\\\/es\\\/\"},{\"@type\":\"ListItem\",\"position\":2,\"name\":\"Tienda\",\"item\":\"https:\\\/\\\/sistemasgenomicos.com\\\/es\\\/tienda\\\/\"},{\"@type\":\"ListItem\",\"position\":3,\"name\":\"Secuenciaci\u00f3n masiva panel de 36 genes: ABCC6, ACVRL1, BMPR2, CAV1, CBS, COL4A1, EFEMP2, EIF2AK4, ENG, ENPP1, GAA, GDF2, GLMN, GUCY1A3, HTRA1, KCNK3, KRIT1, NF1, NOTCH3, NRAS, PROC, PROS1, RAF1, RASA1, RASA2, RNF213, RRAS, SLC2A10, SMAD3, SMAD9, SOS1, TEK, TGFB2, TGFB3, TGFBR1, TGFBR2\"}]},{\"@type\":\"WebSite\",\"@id\":\"https:\\\/\\\/sistemasgenomicos.com\\\/es\\\/#website\",\"url\":\"https:\\\/\\\/sistemasgenomicos.com\\\/es\\\/\",\"name\":\"Sistemas Gen\u00f3micos\",\"description\":\"La mayor empresa dedicada a la investigaci\u00f3n gen\u00e9tica y molecular\",\"publisher\":{\"@id\":\"https:\\\/\\\/sistemasgenomicos.com\\\/es\\\/#organization\"},\"potentialAction\":[{\"@type\":\"SearchAction\",\"target\":{\"@type\":\"EntryPoint\",\"urlTemplate\":\"https:\\\/\\\/sistemasgenomicos.com\\\/es\\\/?s={search_term_string}\"},\"query-input\":{\"@type\":\"PropertyValueSpecification\",\"valueRequired\":true,\"valueName\":\"search_term_string\"}}],\"inLanguage\":\"es\"},{\"@type\":\"Organization\",\"@id\":\"https:\\\/\\\/sistemasgenomicos.com\\\/es\\\/#organization\",\"name\":\"Sistemas Gen\u00f3micos\",\"url\":\"https:\\\/\\\/sistemasgenomicos.com\\\/es\\\/\",\"logo\":{\"@type\":\"ImageObject\",\"inLanguage\":\"es\",\"@id\":\"https:\\\/\\\/sistemasgenomicos.com\\\/es\\\/#\\\/schema\\\/logo\\\/image\\\/\",\"url\":\"https:\\\/\\\/sistemasgenomicos.com\\\/wp-content\\\/uploads\\\/2022\\\/04\\\/image001-1.png\",\"contentUrl\":\"https:\\\/\\\/sistemasgenomicos.com\\\/wp-content\\\/uploads\\\/2022\\\/04\\\/image001-1.png\",\"width\":250,\"height\":122,\"caption\":\"Sistemas Gen\u00f3micos\"},\"image\":{\"@id\":\"https:\\\/\\\/sistemasgenomicos.com\\\/es\\\/#\\\/schema\\\/logo\\\/image\\\/\"}}]}<\/script>\n<!-- \/ Yoast SEO plugin. -->","yoast_head_json":{"title":"Secuenciaci\u00f3n\u00a0masiva\u00a0panel\u00a0de\u00a036\u00a0genes:\u00a0ABCC6, ACVRL1, BMPR2, CAV1, CBS, COL4A1, EFEMP2, EIF2AK4, ENG, ENPP1, GAA, GDF2, GLMN, GUCY1A3, HTRA1, KCNK3, KRIT1, NF1, NOTCH3, NRAS, PROC, PROS1, RAF1, RASA1, RASA2, RNF213, RRAS, SLC2A10, SMAD3, SMAD9, SOS1, TEK, TGFB2, TGFB3, TGFBR1, TGFBR2 - Sistemas Gen\u00f3micos","robots":{"index":"index","follow":"follow","max-snippet":"max-snippet:-1","max-image-preview":"max-image-preview:large","max-video-preview":"max-video-preview:-1"},"canonical":"https:\/\/sistemasgenomicos.com\/es\/producto\/secuenciacion-masiva-panel-de-36-genes-abcc6-acvrl1-bmpr2-cav1-cbs-col4a1-efemp2-eif2ak4-eng-enpp1-gaa-gdf2-glmn-gucy1a3-htra1-kcnk3-krit1-nf1-notch3\/","og_locale":"es_ES","og_type":"article","og_title":"Secuenciaci\u00f3n\u00a0masiva\u00a0panel\u00a0de\u00a036\u00a0genes:\u00a0ABCC6, ACVRL1, BMPR2, CAV1, CBS, COL4A1, EFEMP2, EIF2AK4, ENG, ENPP1, GAA, GDF2, GLMN, GUCY1A3, HTRA1, KCNK3, KRIT1, NF1, NOTCH3, NRAS, PROC, PROS1, RAF1, RASA1, RASA2, RNF213, RRAS, SLC2A10, SMAD3, SMAD9, SOS1, TEK, TGFB2, TGFB3, TGFBR1, TGFBR2 - Sistemas Gen\u00f3micos","og_url":"https:\/\/sistemasgenomicos.com\/es\/producto\/secuenciacion-masiva-panel-de-36-genes-abcc6-acvrl1-bmpr2-cav1-cbs-col4a1-efemp2-eif2ak4-eng-enpp1-gaa-gdf2-glmn-gucy1a3-htra1-kcnk3-krit1-nf1-notch3\/","og_site_name":"Sistemas Gen\u00f3micos","article_modified_time":"2020-09-30T04:43:36+00:00","og_image":[{"width":1200,"height":750,"url":"https:\/\/sistemasgenomicos.com\/wp-content\/uploads\/2018\/04\/logo-sistemas-genomicos-default-1.jpg","type":"image\/jpeg"}],"twitter_card":"summary_large_image","schema":{"@context":"https:\/\/schema.org","@graph":[{"@type":"WebPage","@id":"https:\/\/sistemasgenomicos.com\/es\/producto\/secuenciacion-masiva-panel-de-36-genes-abcc6-acvrl1-bmpr2-cav1-cbs-col4a1-efemp2-eif2ak4-eng-enpp1-gaa-gdf2-glmn-gucy1a3-htra1-kcnk3-krit1-nf1-notch3\/","url":"https:\/\/sistemasgenomicos.com\/es\/producto\/secuenciacion-masiva-panel-de-36-genes-abcc6-acvrl1-bmpr2-cav1-cbs-col4a1-efemp2-eif2ak4-eng-enpp1-gaa-gdf2-glmn-gucy1a3-htra1-kcnk3-krit1-nf1-notch3\/","name":"Secuenciaci\u00f3n\u00a0masiva\u00a0panel\u00a0de\u00a036\u00a0genes:\u00a0ABCC6, ACVRL1, BMPR2, CAV1, CBS, COL4A1, EFEMP2, EIF2AK4, ENG, ENPP1, GAA, GDF2, GLMN, GUCY1A3, HTRA1, KCNK3, KRIT1, NF1, NOTCH3, NRAS, PROC, PROS1, RAF1, RASA1, RASA2, RNF213, RRAS, SLC2A10, SMAD3, SMAD9, SOS1, TEK, TGFB2, TGFB3, TGFBR1, TGFBR2 - Sistemas Gen\u00f3micos","isPartOf":{"@id":"https:\/\/sistemasgenomicos.com\/es\/#website"},"primaryImageOfPage":{"@id":"https:\/\/sistemasgenomicos.com\/es\/producto\/secuenciacion-masiva-panel-de-36-genes-abcc6-acvrl1-bmpr2-cav1-cbs-col4a1-efemp2-eif2ak4-eng-enpp1-gaa-gdf2-glmn-gucy1a3-htra1-kcnk3-krit1-nf1-notch3\/#primaryimage"},"image":{"@id":"https:\/\/sistemasgenomicos.com\/es\/producto\/secuenciacion-masiva-panel-de-36-genes-abcc6-acvrl1-bmpr2-cav1-cbs-col4a1-efemp2-eif2ak4-eng-enpp1-gaa-gdf2-glmn-gucy1a3-htra1-kcnk3-krit1-nf1-notch3\/#primaryimage"},"thumbnailUrl":"https:\/\/sistemasgenomicos.com\/wp-content\/uploads\/2018\/04\/logo-sistemas-genomicos-default-1.jpg","datePublished":"2018-10-31T02:33:14+00:00","dateModified":"2020-09-30T04:43:36+00:00","breadcrumb":{"@id":"https:\/\/sistemasgenomicos.com\/es\/producto\/secuenciacion-masiva-panel-de-36-genes-abcc6-acvrl1-bmpr2-cav1-cbs-col4a1-efemp2-eif2ak4-eng-enpp1-gaa-gdf2-glmn-gucy1a3-htra1-kcnk3-krit1-nf1-notch3\/#breadcrumb"},"inLanguage":"es","potentialAction":[{"@type":"ReadAction","target":["https:\/\/sistemasgenomicos.com\/es\/producto\/secuenciacion-masiva-panel-de-36-genes-abcc6-acvrl1-bmpr2-cav1-cbs-col4a1-efemp2-eif2ak4-eng-enpp1-gaa-gdf2-glmn-gucy1a3-htra1-kcnk3-krit1-nf1-notch3\/"]}]},{"@type":"ImageObject","inLanguage":"es","@id":"https:\/\/sistemasgenomicos.com\/es\/producto\/secuenciacion-masiva-panel-de-36-genes-abcc6-acvrl1-bmpr2-cav1-cbs-col4a1-efemp2-eif2ak4-eng-enpp1-gaa-gdf2-glmn-gucy1a3-htra1-kcnk3-krit1-nf1-notch3\/#primaryimage","url":"https:\/\/sistemasgenomicos.com\/wp-content\/uploads\/2018\/04\/logo-sistemas-genomicos-default-1.jpg","contentUrl":"https:\/\/sistemasgenomicos.com\/wp-content\/uploads\/2018\/04\/logo-sistemas-genomicos-default-1.jpg","width":1200,"height":750},{"@type":"BreadcrumbList","@id":"https:\/\/sistemasgenomicos.com\/es\/producto\/secuenciacion-masiva-panel-de-36-genes-abcc6-acvrl1-bmpr2-cav1-cbs-col4a1-efemp2-eif2ak4-eng-enpp1-gaa-gdf2-glmn-gucy1a3-htra1-kcnk3-krit1-nf1-notch3\/#breadcrumb","itemListElement":[{"@type":"ListItem","position":1,"name":"Portada","item":"https:\/\/sistemasgenomicos.com\/es\/"},{"@type":"ListItem","position":2,"name":"Tienda","item":"https:\/\/sistemasgenomicos.com\/es\/tienda\/"},{"@type":"ListItem","position":3,"name":"Secuenciaci\u00f3n masiva panel de 36 genes: ABCC6, ACVRL1, BMPR2, CAV1, CBS, COL4A1, EFEMP2, EIF2AK4, ENG, ENPP1, GAA, GDF2, GLMN, GUCY1A3, HTRA1, KCNK3, KRIT1, NF1, NOTCH3, NRAS, PROC, PROS1, RAF1, RASA1, RASA2, RNF213, RRAS, SLC2A10, SMAD3, SMAD9, SOS1, TEK, TGFB2, TGFB3, TGFBR1, TGFBR2"}]},{"@type":"WebSite","@id":"https:\/\/sistemasgenomicos.com\/es\/#website","url":"https:\/\/sistemasgenomicos.com\/es\/","name":"Sistemas Gen\u00f3micos","description":"La mayor empresa dedicada a la investigaci\u00f3n gen\u00e9tica y molecular","publisher":{"@id":"https:\/\/sistemasgenomicos.com\/es\/#organization"},"potentialAction":[{"@type":"SearchAction","target":{"@type":"EntryPoint","urlTemplate":"https:\/\/sistemasgenomicos.com\/es\/?s={search_term_string}"},"query-input":{"@type":"PropertyValueSpecification","valueRequired":true,"valueName":"search_term_string"}}],"inLanguage":"es"},{"@type":"Organization","@id":"https:\/\/sistemasgenomicos.com\/es\/#organization","name":"Sistemas Gen\u00f3micos","url":"https:\/\/sistemasgenomicos.com\/es\/","logo":{"@type":"ImageObject","inLanguage":"es","@id":"https:\/\/sistemasgenomicos.com\/es\/#\/schema\/logo\/image\/","url":"https:\/\/sistemasgenomicos.com\/wp-content\/uploads\/2022\/04\/image001-1.png","contentUrl":"https:\/\/sistemasgenomicos.com\/wp-content\/uploads\/2022\/04\/image001-1.png","width":250,"height":122,"caption":"Sistemas Gen\u00f3micos"},"image":{"@id":"https:\/\/sistemasgenomicos.com\/es\/#\/schema\/logo\/image\/"}}]}},"_links":{"self":[{"href":"https:\/\/sistemasgenomicos.com\/es\/wp-json\/wp\/v2\/product\/152516","targetHints":{"allow":["GET"]}}],"collection":[{"href":"https:\/\/sistemasgenomicos.com\/es\/wp-json\/wp\/v2\/product"}],"about":[{"href":"https:\/\/sistemasgenomicos.com\/es\/wp-json\/wp\/v2\/types\/product"}],"wp:featuredmedia":[{"embeddable":true,"href":"https:\/\/sistemasgenomicos.com\/es\/wp-json\/wp\/v2\/media\/42665"}],"wp:attachment":[{"href":"https:\/\/sistemasgenomicos.com\/es\/wp-json\/wp\/v2\/media?parent=152516"}],"wp:term":[{"taxonomy":"product_brand","embeddable":true,"href":"https:\/\/sistemasgenomicos.com\/es\/wp-json\/wp\/v2\/product_brand?post=152516"},{"taxonomy":"product_cat","embeddable":true,"href":"https:\/\/sistemasgenomicos.com\/es\/wp-json\/wp\/v2\/product_cat?post=152516"},{"taxonomy":"product_tag","embeddable":true,"href":"https:\/\/sistemasgenomicos.com\/es\/wp-json\/wp\/v2\/product_tag?post=152516"}],"curies":[{"name":"wp","href":"https:\/\/api.w.org\/{rel}","templated":true}]}}