{"id":152514,"date":"2018-10-31T02:33:12","date_gmt":"2018-10-31T02:33:12","guid":{"rendered":"https:\/\/sistemasgenomicos.digitis.net\/tienda-online\/secuenciacion-masiva-panel-de-38-genes-abcc9-acta2-cbs-chst14-col1a1-col1a2-col3a1-col5a1-col5a2-efemp2-eln-fbn1-fbn2-fkbp14-flna-gaa-hras-lox-lztr1-m\/"},"modified":"2020-09-30T06:43:36","modified_gmt":"2020-09-30T04:43:36","slug":"secuenciacion-masiva-panel-de-38-genes-abcc9-acta2-cbs-chst14-col1a1-col1a2-col3a1-col5a1-col5a2-efemp2-eln-fbn1-fbn2-fkbp14-flna-gaa-hras-lox-lztr1-m","status":"publish","type":"product","link":"https:\/\/sistemasgenomicos.com\/es\/producto\/secuenciacion-masiva-panel-de-38-genes-abcc9-acta2-cbs-chst14-col1a1-col1a2-col3a1-col5a1-col5a2-efemp2-eln-fbn1-fbn2-fkbp14-flna-gaa-hras-lox-lztr1-m\/","title":{"rendered":"Secuenciaci\u00f3n masiva panel de 38 genes: ABCC9, ACTA2, CBS, CHST14, COL1A1, COL1A2, COL3A1, COL5A1, COL5A2, EFEMP2, ELN, FBN1, FBN2, FKBP14, FLNA, GAA, HRAS, LOX, LZTR1, MFAP5, MYH11, MYLK, NKX2-5, NOTCH1, PLOD1, PRKG1, PTPN11, SLC2A10, SMAD3, SMAD4, SMAD6, SOS2, TAB2, TGFB2, TGFB3, TGFBR1, TGFBR2, TNXB, ZNF469"},"content":{"rendered":"","protected":false},"excerpt":{"rendered":"","protected":false},"featured_media":42665,"template":"","meta":[],"product_brand":[],"product_cat":[86,9357,8679,9355],"product_tag":[24094],"class_list":{"0":"post-152514","1":"product","2":"type-product","3":"status-publish","4":"has-post-thumbnail","6":"gen-eln","7":"gen-tab2","8":"gen-mylk","9":"gen-abcc9","10":"gen-plod1","11":"gen-tgfb2","12":"gen-lztr1","13":"gen-sos2","14":"gen-fkbp14","15":"gen-tgfbr1","16":"gen-acta2","17":"gen-col1a1","18":"gen-lox","19":"gen-tgfb3","20":"gen-col5a1","21":"gen-myh11","22":"gen-smad6","23":"gen-fbn2","24":"gen-smad4","25":"gen-notch1","26":"gen-cbs","27":"gen-tgfbr2","28":"gen-col1a2","29":"gen-fbn1","30":"gen-smad3","31":"gen-tnxb","32":"gen-col3a1","33":"gen-chst14","34":"gen-gaa","35":"gen-efemp2","36":"gen-hras","37":"gen-ptpn11","38":"gen-nkx2-5","39":"gen-prkg1","40":"gen-flna","41":"gen-slc2a10","42":"gen-mfap5","43":"gen-col5a2","44":"gen-znf469","45":"product_cat-analisis-y-estudios-geneticos","46":"product_cat-cardiologia-diagnostico-genetico-molecularn","47":"product_cat-diagnostico-genetico-molecularn","48":"product_cat-listado-de-enfermedades","49":"product_tag-trastornos-aorticosc00795","51":"first","52":"instock","53":"taxable","54":"shipping-taxable","55":"product-type-simple"},"acf":[],"yoast_head":"<!-- This site is optimized with the Yoast SEO plugin v27.3 - https:\/\/yoast.com\/product\/yoast-seo-wordpress\/ -->\n<title>Secuenciaci\u00f3n\u00a0masiva\u00a0panel\u00a0de\u00a038\u00a0genes:\u00a0ABCC9, ACTA2, CBS, CHST14, COL1A1, COL1A2, COL3A1, COL5A1, COL5A2, EFEMP2, ELN, FBN1, FBN2, FKBP14, FLNA, GAA, HRAS, LOX, LZTR1, MFAP5, MYH11, MYLK, NKX2-5, NOTCH1, PLOD1, PRKG1, PTPN11, SLC2A10, SMAD3, SMAD4, SMAD6, SOS2, TAB2, TGFB2, TGFB3, TGFBR1, TGFBR2, TNXB, ZNF469 - Sistemas Gen\u00f3micos<\/title>\n<meta name=\"robots\" content=\"index, follow, max-snippet:-1, max-image-preview:large, max-video-preview:-1\" \/>\n<link rel=\"canonical\" href=\"https:\/\/sistemasgenomicos.com\/es\/producto\/secuenciacion-masiva-panel-de-38-genes-abcc9-acta2-cbs-chst14-col1a1-col1a2-col3a1-col5a1-col5a2-efemp2-eln-fbn1-fbn2-fkbp14-flna-gaa-hras-lox-lztr1-m\/\" \/>\n<meta property=\"og:locale\" content=\"es_ES\" \/>\n<meta property=\"og:type\" content=\"article\" \/>\n<meta property=\"og:title\" content=\"Secuenciaci\u00f3n\u00a0masiva\u00a0panel\u00a0de\u00a038\u00a0genes:\u00a0ABCC9, ACTA2, CBS, CHST14, COL1A1, COL1A2, COL3A1, COL5A1, COL5A2, EFEMP2, ELN, FBN1, FBN2, FKBP14, FLNA, GAA, HRAS, LOX, LZTR1, MFAP5, MYH11, MYLK, NKX2-5, NOTCH1, PLOD1, PRKG1, PTPN11, SLC2A10, SMAD3, SMAD4, SMAD6, SOS2, TAB2, TGFB2, TGFB3, TGFBR1, TGFBR2, TNXB, ZNF469 - Sistemas Gen\u00f3micos\" \/>\n<meta property=\"og:url\" content=\"https:\/\/sistemasgenomicos.com\/es\/producto\/secuenciacion-masiva-panel-de-38-genes-abcc9-acta2-cbs-chst14-col1a1-col1a2-col3a1-col5a1-col5a2-efemp2-eln-fbn1-fbn2-fkbp14-flna-gaa-hras-lox-lztr1-m\/\" \/>\n<meta property=\"og:site_name\" content=\"Sistemas Gen\u00f3micos\" \/>\n<meta property=\"article:modified_time\" content=\"2020-09-30T04:43:36+00:00\" \/>\n<meta property=\"og:image\" content=\"https:\/\/sistemasgenomicos.com\/wp-content\/uploads\/2018\/04\/logo-sistemas-genomicos-default-1.jpg\" \/>\n\t<meta property=\"og:image:width\" content=\"1200\" \/>\n\t<meta property=\"og:image:height\" content=\"750\" \/>\n\t<meta property=\"og:image:type\" content=\"image\/jpeg\" \/>\n<meta name=\"twitter:card\" content=\"summary_large_image\" \/>\n<script type=\"application\/ld+json\" class=\"yoast-schema-graph\">{\"@context\":\"https:\\\/\\\/schema.org\",\"@graph\":[{\"@type\":\"WebPage\",\"@id\":\"https:\\\/\\\/sistemasgenomicos.com\\\/es\\\/producto\\\/secuenciacion-masiva-panel-de-38-genes-abcc9-acta2-cbs-chst14-col1a1-col1a2-col3a1-col5a1-col5a2-efemp2-eln-fbn1-fbn2-fkbp14-flna-gaa-hras-lox-lztr1-m\\\/\",\"url\":\"https:\\\/\\\/sistemasgenomicos.com\\\/es\\\/producto\\\/secuenciacion-masiva-panel-de-38-genes-abcc9-acta2-cbs-chst14-col1a1-col1a2-col3a1-col5a1-col5a2-efemp2-eln-fbn1-fbn2-fkbp14-flna-gaa-hras-lox-lztr1-m\\\/\",\"name\":\"Secuenciaci\u00f3n\u00a0masiva\u00a0panel\u00a0de\u00a038\u00a0genes:\u00a0ABCC9, ACTA2, CBS, CHST14, COL1A1, COL1A2, COL3A1, COL5A1, COL5A2, EFEMP2, ELN, FBN1, FBN2, FKBP14, FLNA, GAA, HRAS, LOX, LZTR1, MFAP5, MYH11, MYLK, NKX2-5, NOTCH1, PLOD1, PRKG1, PTPN11, SLC2A10, SMAD3, SMAD4, SMAD6, SOS2, TAB2, TGFB2, TGFB3, TGFBR1, TGFBR2, TNXB, ZNF469 - Sistemas Gen\u00f3micos\",\"isPartOf\":{\"@id\":\"https:\\\/\\\/sistemasgenomicos.com\\\/es\\\/#website\"},\"primaryImageOfPage\":{\"@id\":\"https:\\\/\\\/sistemasgenomicos.com\\\/es\\\/producto\\\/secuenciacion-masiva-panel-de-38-genes-abcc9-acta2-cbs-chst14-col1a1-col1a2-col3a1-col5a1-col5a2-efemp2-eln-fbn1-fbn2-fkbp14-flna-gaa-hras-lox-lztr1-m\\\/#primaryimage\"},\"image\":{\"@id\":\"https:\\\/\\\/sistemasgenomicos.com\\\/es\\\/producto\\\/secuenciacion-masiva-panel-de-38-genes-abcc9-acta2-cbs-chst14-col1a1-col1a2-col3a1-col5a1-col5a2-efemp2-eln-fbn1-fbn2-fkbp14-flna-gaa-hras-lox-lztr1-m\\\/#primaryimage\"},\"thumbnailUrl\":\"https:\\\/\\\/sistemasgenomicos.com\\\/wp-content\\\/uploads\\\/2018\\\/04\\\/logo-sistemas-genomicos-default-1.jpg\",\"datePublished\":\"2018-10-31T02:33:12+00:00\",\"dateModified\":\"2020-09-30T04:43:36+00:00\",\"breadcrumb\":{\"@id\":\"https:\\\/\\\/sistemasgenomicos.com\\\/es\\\/producto\\\/secuenciacion-masiva-panel-de-38-genes-abcc9-acta2-cbs-chst14-col1a1-col1a2-col3a1-col5a1-col5a2-efemp2-eln-fbn1-fbn2-fkbp14-flna-gaa-hras-lox-lztr1-m\\\/#breadcrumb\"},\"inLanguage\":\"es\",\"potentialAction\":[{\"@type\":\"ReadAction\",\"target\":[\"https:\\\/\\\/sistemasgenomicos.com\\\/es\\\/producto\\\/secuenciacion-masiva-panel-de-38-genes-abcc9-acta2-cbs-chst14-col1a1-col1a2-col3a1-col5a1-col5a2-efemp2-eln-fbn1-fbn2-fkbp14-flna-gaa-hras-lox-lztr1-m\\\/\"]}]},{\"@type\":\"ImageObject\",\"inLanguage\":\"es\",\"@id\":\"https:\\\/\\\/sistemasgenomicos.com\\\/es\\\/producto\\\/secuenciacion-masiva-panel-de-38-genes-abcc9-acta2-cbs-chst14-col1a1-col1a2-col3a1-col5a1-col5a2-efemp2-eln-fbn1-fbn2-fkbp14-flna-gaa-hras-lox-lztr1-m\\\/#primaryimage\",\"url\":\"https:\\\/\\\/sistemasgenomicos.com\\\/wp-content\\\/uploads\\\/2018\\\/04\\\/logo-sistemas-genomicos-default-1.jpg\",\"contentUrl\":\"https:\\\/\\\/sistemasgenomicos.com\\\/wp-content\\\/uploads\\\/2018\\\/04\\\/logo-sistemas-genomicos-default-1.jpg\",\"width\":1200,\"height\":750},{\"@type\":\"BreadcrumbList\",\"@id\":\"https:\\\/\\\/sistemasgenomicos.com\\\/es\\\/producto\\\/secuenciacion-masiva-panel-de-38-genes-abcc9-acta2-cbs-chst14-col1a1-col1a2-col3a1-col5a1-col5a2-efemp2-eln-fbn1-fbn2-fkbp14-flna-gaa-hras-lox-lztr1-m\\\/#breadcrumb\",\"itemListElement\":[{\"@type\":\"ListItem\",\"position\":1,\"name\":\"Portada\",\"item\":\"https:\\\/\\\/sistemasgenomicos.com\\\/es\\\/\"},{\"@type\":\"ListItem\",\"position\":2,\"name\":\"Tienda\",\"item\":\"https:\\\/\\\/sistemasgenomicos.com\\\/es\\\/tienda\\\/\"},{\"@type\":\"ListItem\",\"position\":3,\"name\":\"Secuenciaci\u00f3n masiva panel de 38 genes: ABCC9, ACTA2, CBS, CHST14, COL1A1, COL1A2, COL3A1, COL5A1, COL5A2, EFEMP2, ELN, FBN1, FBN2, FKBP14, FLNA, GAA, HRAS, LOX, LZTR1, MFAP5, MYH11, MYLK, NKX2-5, NOTCH1, PLOD1, PRKG1, PTPN11, SLC2A10, SMAD3, SMAD4, SMAD6, SOS2, TAB2, TGFB2, TGFB3, TGFBR1, TGFBR2, TNXB, ZNF469\"}]},{\"@type\":\"WebSite\",\"@id\":\"https:\\\/\\\/sistemasgenomicos.com\\\/es\\\/#website\",\"url\":\"https:\\\/\\\/sistemasgenomicos.com\\\/es\\\/\",\"name\":\"Sistemas Gen\u00f3micos\",\"description\":\"La mayor empresa dedicada a la investigaci\u00f3n gen\u00e9tica y molecular\",\"publisher\":{\"@id\":\"https:\\\/\\\/sistemasgenomicos.com\\\/es\\\/#organization\"},\"potentialAction\":[{\"@type\":\"SearchAction\",\"target\":{\"@type\":\"EntryPoint\",\"urlTemplate\":\"https:\\\/\\\/sistemasgenomicos.com\\\/es\\\/?s={search_term_string}\"},\"query-input\":{\"@type\":\"PropertyValueSpecification\",\"valueRequired\":true,\"valueName\":\"search_term_string\"}}],\"inLanguage\":\"es\"},{\"@type\":\"Organization\",\"@id\":\"https:\\\/\\\/sistemasgenomicos.com\\\/es\\\/#organization\",\"name\":\"Sistemas Gen\u00f3micos\",\"url\":\"https:\\\/\\\/sistemasgenomicos.com\\\/es\\\/\",\"logo\":{\"@type\":\"ImageObject\",\"inLanguage\":\"es\",\"@id\":\"https:\\\/\\\/sistemasgenomicos.com\\\/es\\\/#\\\/schema\\\/logo\\\/image\\\/\",\"url\":\"https:\\\/\\\/sistemasgenomicos.com\\\/wp-content\\\/uploads\\\/2022\\\/04\\\/image001-1.png\",\"contentUrl\":\"https:\\\/\\\/sistemasgenomicos.com\\\/wp-content\\\/uploads\\\/2022\\\/04\\\/image001-1.png\",\"width\":250,\"height\":122,\"caption\":\"Sistemas Gen\u00f3micos\"},\"image\":{\"@id\":\"https:\\\/\\\/sistemasgenomicos.com\\\/es\\\/#\\\/schema\\\/logo\\\/image\\\/\"}}]}<\/script>\n<!-- \/ Yoast SEO plugin. -->","yoast_head_json":{"title":"Secuenciaci\u00f3n\u00a0masiva\u00a0panel\u00a0de\u00a038\u00a0genes:\u00a0ABCC9, ACTA2, CBS, CHST14, COL1A1, COL1A2, COL3A1, COL5A1, COL5A2, EFEMP2, ELN, FBN1, FBN2, FKBP14, FLNA, GAA, HRAS, LOX, LZTR1, MFAP5, MYH11, MYLK, NKX2-5, NOTCH1, PLOD1, PRKG1, PTPN11, SLC2A10, SMAD3, SMAD4, SMAD6, SOS2, TAB2, TGFB2, TGFB3, TGFBR1, TGFBR2, TNXB, ZNF469 - Sistemas Gen\u00f3micos","robots":{"index":"index","follow":"follow","max-snippet":"max-snippet:-1","max-image-preview":"max-image-preview:large","max-video-preview":"max-video-preview:-1"},"canonical":"https:\/\/sistemasgenomicos.com\/es\/producto\/secuenciacion-masiva-panel-de-38-genes-abcc9-acta2-cbs-chst14-col1a1-col1a2-col3a1-col5a1-col5a2-efemp2-eln-fbn1-fbn2-fkbp14-flna-gaa-hras-lox-lztr1-m\/","og_locale":"es_ES","og_type":"article","og_title":"Secuenciaci\u00f3n\u00a0masiva\u00a0panel\u00a0de\u00a038\u00a0genes:\u00a0ABCC9, ACTA2, CBS, CHST14, COL1A1, COL1A2, COL3A1, COL5A1, COL5A2, EFEMP2, ELN, FBN1, FBN2, FKBP14, FLNA, GAA, HRAS, LOX, LZTR1, MFAP5, MYH11, MYLK, NKX2-5, NOTCH1, PLOD1, PRKG1, PTPN11, SLC2A10, SMAD3, SMAD4, SMAD6, SOS2, TAB2, TGFB2, TGFB3, TGFBR1, TGFBR2, TNXB, ZNF469 - Sistemas Gen\u00f3micos","og_url":"https:\/\/sistemasgenomicos.com\/es\/producto\/secuenciacion-masiva-panel-de-38-genes-abcc9-acta2-cbs-chst14-col1a1-col1a2-col3a1-col5a1-col5a2-efemp2-eln-fbn1-fbn2-fkbp14-flna-gaa-hras-lox-lztr1-m\/","og_site_name":"Sistemas Gen\u00f3micos","article_modified_time":"2020-09-30T04:43:36+00:00","og_image":[{"width":1200,"height":750,"url":"https:\/\/sistemasgenomicos.com\/wp-content\/uploads\/2018\/04\/logo-sistemas-genomicos-default-1.jpg","type":"image\/jpeg"}],"twitter_card":"summary_large_image","schema":{"@context":"https:\/\/schema.org","@graph":[{"@type":"WebPage","@id":"https:\/\/sistemasgenomicos.com\/es\/producto\/secuenciacion-masiva-panel-de-38-genes-abcc9-acta2-cbs-chst14-col1a1-col1a2-col3a1-col5a1-col5a2-efemp2-eln-fbn1-fbn2-fkbp14-flna-gaa-hras-lox-lztr1-m\/","url":"https:\/\/sistemasgenomicos.com\/es\/producto\/secuenciacion-masiva-panel-de-38-genes-abcc9-acta2-cbs-chst14-col1a1-col1a2-col3a1-col5a1-col5a2-efemp2-eln-fbn1-fbn2-fkbp14-flna-gaa-hras-lox-lztr1-m\/","name":"Secuenciaci\u00f3n\u00a0masiva\u00a0panel\u00a0de\u00a038\u00a0genes:\u00a0ABCC9, ACTA2, CBS, CHST14, COL1A1, COL1A2, COL3A1, COL5A1, COL5A2, EFEMP2, ELN, FBN1, FBN2, FKBP14, FLNA, GAA, HRAS, LOX, LZTR1, MFAP5, MYH11, MYLK, NKX2-5, NOTCH1, PLOD1, PRKG1, PTPN11, SLC2A10, SMAD3, SMAD4, SMAD6, SOS2, TAB2, TGFB2, TGFB3, TGFBR1, TGFBR2, TNXB, ZNF469 - Sistemas Gen\u00f3micos","isPartOf":{"@id":"https:\/\/sistemasgenomicos.com\/es\/#website"},"primaryImageOfPage":{"@id":"https:\/\/sistemasgenomicos.com\/es\/producto\/secuenciacion-masiva-panel-de-38-genes-abcc9-acta2-cbs-chst14-col1a1-col1a2-col3a1-col5a1-col5a2-efemp2-eln-fbn1-fbn2-fkbp14-flna-gaa-hras-lox-lztr1-m\/#primaryimage"},"image":{"@id":"https:\/\/sistemasgenomicos.com\/es\/producto\/secuenciacion-masiva-panel-de-38-genes-abcc9-acta2-cbs-chst14-col1a1-col1a2-col3a1-col5a1-col5a2-efemp2-eln-fbn1-fbn2-fkbp14-flna-gaa-hras-lox-lztr1-m\/#primaryimage"},"thumbnailUrl":"https:\/\/sistemasgenomicos.com\/wp-content\/uploads\/2018\/04\/logo-sistemas-genomicos-default-1.jpg","datePublished":"2018-10-31T02:33:12+00:00","dateModified":"2020-09-30T04:43:36+00:00","breadcrumb":{"@id":"https:\/\/sistemasgenomicos.com\/es\/producto\/secuenciacion-masiva-panel-de-38-genes-abcc9-acta2-cbs-chst14-col1a1-col1a2-col3a1-col5a1-col5a2-efemp2-eln-fbn1-fbn2-fkbp14-flna-gaa-hras-lox-lztr1-m\/#breadcrumb"},"inLanguage":"es","potentialAction":[{"@type":"ReadAction","target":["https:\/\/sistemasgenomicos.com\/es\/producto\/secuenciacion-masiva-panel-de-38-genes-abcc9-acta2-cbs-chst14-col1a1-col1a2-col3a1-col5a1-col5a2-efemp2-eln-fbn1-fbn2-fkbp14-flna-gaa-hras-lox-lztr1-m\/"]}]},{"@type":"ImageObject","inLanguage":"es","@id":"https:\/\/sistemasgenomicos.com\/es\/producto\/secuenciacion-masiva-panel-de-38-genes-abcc9-acta2-cbs-chst14-col1a1-col1a2-col3a1-col5a1-col5a2-efemp2-eln-fbn1-fbn2-fkbp14-flna-gaa-hras-lox-lztr1-m\/#primaryimage","url":"https:\/\/sistemasgenomicos.com\/wp-content\/uploads\/2018\/04\/logo-sistemas-genomicos-default-1.jpg","contentUrl":"https:\/\/sistemasgenomicos.com\/wp-content\/uploads\/2018\/04\/logo-sistemas-genomicos-default-1.jpg","width":1200,"height":750},{"@type":"BreadcrumbList","@id":"https:\/\/sistemasgenomicos.com\/es\/producto\/secuenciacion-masiva-panel-de-38-genes-abcc9-acta2-cbs-chst14-col1a1-col1a2-col3a1-col5a1-col5a2-efemp2-eln-fbn1-fbn2-fkbp14-flna-gaa-hras-lox-lztr1-m\/#breadcrumb","itemListElement":[{"@type":"ListItem","position":1,"name":"Portada","item":"https:\/\/sistemasgenomicos.com\/es\/"},{"@type":"ListItem","position":2,"name":"Tienda","item":"https:\/\/sistemasgenomicos.com\/es\/tienda\/"},{"@type":"ListItem","position":3,"name":"Secuenciaci\u00f3n masiva panel de 38 genes: ABCC9, ACTA2, CBS, CHST14, COL1A1, COL1A2, COL3A1, COL5A1, COL5A2, EFEMP2, ELN, FBN1, FBN2, FKBP14, FLNA, GAA, HRAS, LOX, LZTR1, MFAP5, MYH11, MYLK, NKX2-5, NOTCH1, PLOD1, PRKG1, PTPN11, SLC2A10, SMAD3, SMAD4, SMAD6, SOS2, TAB2, TGFB2, TGFB3, TGFBR1, TGFBR2, TNXB, ZNF469"}]},{"@type":"WebSite","@id":"https:\/\/sistemasgenomicos.com\/es\/#website","url":"https:\/\/sistemasgenomicos.com\/es\/","name":"Sistemas Gen\u00f3micos","description":"La mayor empresa dedicada a la investigaci\u00f3n gen\u00e9tica y molecular","publisher":{"@id":"https:\/\/sistemasgenomicos.com\/es\/#organization"},"potentialAction":[{"@type":"SearchAction","target":{"@type":"EntryPoint","urlTemplate":"https:\/\/sistemasgenomicos.com\/es\/?s={search_term_string}"},"query-input":{"@type":"PropertyValueSpecification","valueRequired":true,"valueName":"search_term_string"}}],"inLanguage":"es"},{"@type":"Organization","@id":"https:\/\/sistemasgenomicos.com\/es\/#organization","name":"Sistemas Gen\u00f3micos","url":"https:\/\/sistemasgenomicos.com\/es\/","logo":{"@type":"ImageObject","inLanguage":"es","@id":"https:\/\/sistemasgenomicos.com\/es\/#\/schema\/logo\/image\/","url":"https:\/\/sistemasgenomicos.com\/wp-content\/uploads\/2022\/04\/image001-1.png","contentUrl":"https:\/\/sistemasgenomicos.com\/wp-content\/uploads\/2022\/04\/image001-1.png","width":250,"height":122,"caption":"Sistemas Gen\u00f3micos"},"image":{"@id":"https:\/\/sistemasgenomicos.com\/es\/#\/schema\/logo\/image\/"}}]}},"_links":{"self":[{"href":"https:\/\/sistemasgenomicos.com\/es\/wp-json\/wp\/v2\/product\/152514","targetHints":{"allow":["GET"]}}],"collection":[{"href":"https:\/\/sistemasgenomicos.com\/es\/wp-json\/wp\/v2\/product"}],"about":[{"href":"https:\/\/sistemasgenomicos.com\/es\/wp-json\/wp\/v2\/types\/product"}],"wp:featuredmedia":[{"embeddable":true,"href":"https:\/\/sistemasgenomicos.com\/es\/wp-json\/wp\/v2\/media\/42665"}],"wp:attachment":[{"href":"https:\/\/sistemasgenomicos.com\/es\/wp-json\/wp\/v2\/media?parent=152514"}],"wp:term":[{"taxonomy":"product_brand","embeddable":true,"href":"https:\/\/sistemasgenomicos.com\/es\/wp-json\/wp\/v2\/product_brand?post=152514"},{"taxonomy":"product_cat","embeddable":true,"href":"https:\/\/sistemasgenomicos.com\/es\/wp-json\/wp\/v2\/product_cat?post=152514"},{"taxonomy":"product_tag","embeddable":true,"href":"https:\/\/sistemasgenomicos.com\/es\/wp-json\/wp\/v2\/product_tag?post=152514"}],"curies":[{"name":"wp","href":"https:\/\/api.w.org\/{rel}","templated":true}]}}