{"id":152482,"date":"2018-10-31T02:32:51","date_gmt":"2018-10-31T02:32:51","guid":{"rendered":"https:\/\/sistemasgenomicos.digitis.net\/tienda-online\/secuenciacion-masiva-panel-de-101-genes-a2ml1-abcc9-actc1-actn2-agl-ank2-ankrd1-bag3-braf-calr3-cav3-cbl-cryab-csrp3-ctnna3-des-dmd-dsc2-dsg2-dsp-dtn\/"},"modified":"2020-09-30T06:43:30","modified_gmt":"2020-09-30T04:43:30","slug":"secuenciacion-masiva-panel-de-101-genes-a2ml1-abcc9-actc1-actn2-agl-ank2-ankrd1-bag3-braf-calr3-cav3-cbl-cryab-csrp3-ctnna3-des-dmd-dsc2-dsg2-dsp-dtn","status":"publish","type":"product","link":"https:\/\/sistemasgenomicos.com\/es\/producto\/secuenciacion-masiva-panel-de-101-genes-a2ml1-abcc9-actc1-actn2-agl-ank2-ankrd1-bag3-braf-calr3-cav3-cbl-cryab-csrp3-ctnna3-des-dmd-dsc2-dsg2-dsp-dtn\/","title":{"rendered":"Secuenciaci\u00f3n masiva panel de 101 genes: A2ML1, ABCC9, ACTC1, ACTN2, AGL, ANK2, ANKRD1, BAG3, BRAF, CALR3, CAV3, CBL, CRYAB, CSRP3, CTNNA3, DES, DMD, DSC2, DSG2, DSP, DTNA, EMD, EYA4, FHL1, FHL2, FHOD3, FKRP, FKTN, FLNC, FXN, GAA, GATAD1, GBE1, GLA, GYG1, GYS1, HCN4, HFE, HRAS, ILK, JPH2, JUP, KRAS, LAMA4, LAMP2, LDB3, LMNA, MAP2K1, MAP2K2, MIB1, MYBPC3, MYH6, MYH7, MYL2, MYL3, MYLK2, MYOT, MYOZ2, MYPN, NEBL, NEXN, NRAS, OBSCN, PDLIM3, PKP2, PKP4, PLEC, PLN, PRDM16, PRKAG2, PSEN1, PSEN2, PTPN11, RAF1, RBM20, RIT1, RRAS, RYR2, SCN5A, SDHA, SGCD, SHOC2, SLC25A4, SOS1, SOS2, SYNE1, SYNE2, TAZ, TCAP, TGFB3, TMEM43, TMPO, TNNC1, TNNI3, TNNI3K, TNNT2, TPM1, TTN, TTR, VCL, XK"},"content":{"rendered":"","protected":false},"excerpt":{"rendered":"","protected":false},"featured_media":42665,"template":"","meta":[],"product_brand":[],"product_cat":[86,9357,8679,8681,9355,9371,9395,9389],"product_tag":[21389],"class_list":{"0":"post-152482","1":"product","2":"type-product","3":"status-publish","4":"has-post-thumbnail","6":"gen-lamp2","7":"gen-hfe","8":"gen-fhl1","9":"gen-vcl","10":"gen-dsg2","11":"gen-xk","12":"gen-syne2","13":"gen-pkp2","14":"gen-abcc9","15":"gen-sdha","16":"gen-actn2","17":"gen-nebl","18":"gen-psen1","19":"gen-myh7","20":"gen-dsp","21":"gen-sos2","22":"gen-mylk2","23":"gen-mib1","24":"gen-emd","25":"gen-taz","26":"gen-gla","27":"gen-gys1","28":"gen-prkag2","29":"gen-fktn","30":"gen-shoc2","31":"gen-cryab","32":"gen-cbl","33":"gen-myl2","34":"gen-eya4","35":"gen-lama4","36":"gen-gbe1","37":"gen-tnnc1","38":"gen-fhl2","39":"gen-sos1","40":"gen-tnni3k","41":"gen-tnnt2","42":"gen-ttr","43":"gen-tgfb3","44":"gen-myot","45":"gen-tmpo","46":"gen-ldb3","47":"gen-rras","48":"gen-map2k2","49":"gen-flnc","50":"gen-csrp3","51":"gen-tnni3","52":"gen-syne1","53":"gen-raf1","54":"gen-kras","55":"gen-mybpc3","56":"gen-dsc2","57":"gen-dtna","58":"gen-fhod3","59":"gen-mypn","60":"gen-hcn4","61":"gen-tpm1","62":"gen-prdm16","63":"gen-rit1","64":"gen-psen2","65":"gen-pkp4","66":"gen-ank2","67":"gen-ankrd1","68":"gen-jph2","69":"gen-slc25a4","70":"gen-bag3","71":"gen-obscn","72":"gen-pdlim3","73":"gen-ttn","74":"gen-gatad1","75":"gen-braf","76":"gen-actc1","77":"gen-lmna","78":"gen-myl3","79":"gen-nexn","80":"gen-agl","81":"gen-gyg1","82":"gen-fxn","83":"gen-ilk","84":"gen-a2ml1","85":"gen-map2k1","86":"gen-sgcd","87":"gen-tmem43","88":"gen-gaa","89":"gen-myoz2","90":"gen-jup","91":"gen-tcap","92":"gen-hras","93":"gen-des","94":"gen-plec","95":"gen-ptpn11","96":"gen-fkrp","97":"gen-cav3","98":"gen-ctnna3","99":"gen-scn5a","100":"gen-myh6","101":"gen-pln","102":"gen-ryr2","103":"gen-dmd","104":"gen-rbm20","105":"gen-nras","106":"gen-calr3","107":"product_cat-analisis-y-estudios-geneticos","108":"product_cat-cardiologia-diagnostico-genetico-molecularn","109":"product_cat-diagnostico-genetico-molecularn","110":"product_cat-diagnostico-genetico-por-secuenciacion-masiva","111":"product_cat-listado-de-enfermedades","112":"product_cat-medicina-interna-diagnostico-genetico-molecularn","113":"product_cat-paneles-de-cardiologia-diagnostico-genetico-por-secuenciacion-masivan","114":"product_cat-pediatria-diagnostico-genetico-molecularn","115":"product_tag-miocardiopatia-familiar291","117":"first","118":"instock","119":"taxable","120":"shipping-taxable","121":"product-type-simple"},"acf":[],"yoast_head":"<!-- This site is optimized with the Yoast SEO plugin v27.4 - https:\/\/yoast.com\/product\/yoast-seo-wordpress\/ -->\n<title>Secuenciaci\u00f3n\u00a0masiva\u00a0panel\u00a0de\u00a0101\u00a0genes:\u00a0A2ML1, ABCC9, ACTC1, ACTN2, AGL, ANK2, ANKRD1, BAG3, BRAF, CALR3, CAV3, CBL, CRYAB, CSRP3, CTNNA3, DES, DMD, DSC2, DSG2, DSP, DTNA, EMD, EYA4, FHL1, FHL2, FHOD3, FKRP, FKTN, FLNC, FXN, GAA, GATAD1, GBE1, GLA, GYG1, GYS1, HCN4, HFE, HRAS, ILK, JPH2, JUP, KRAS, LAMA4, LAMP2, LDB3, LMNA, MAP2K1, MAP2K2, MIB1, MYBPC3, MYH6, MYH7, MYL2, MYL3, MYLK2, MYOT, MYOZ2, MYPN, NEBL, NEXN, NRAS, OBSCN, PDLIM3, PKP2, PKP4, PLEC, PLN, PRDM16, PRKAG2, PSEN1, PSEN2, PTPN11, RAF1, RBM20, RIT1, RRAS, RYR2, SCN5A, SDHA, SGCD, SHOC2, SLC25A4, SOS1, SOS2, SYNE1, SYNE2, TAZ, TCAP, TGFB3, TMEM43, TMPO, TNNC1, TNNI3, TNNI3K, TNNT2, TPM1, TTN, TTR, VCL, XK - Sistemas Gen\u00f3micos<\/title>\n<meta name=\"robots\" content=\"index, follow, max-snippet:-1, max-image-preview:large, max-video-preview:-1\" \/>\n<link rel=\"canonical\" href=\"https:\/\/sistemasgenomicos.com\/es\/producto\/secuenciacion-masiva-panel-de-101-genes-a2ml1-abcc9-actc1-actn2-agl-ank2-ankrd1-bag3-braf-calr3-cav3-cbl-cryab-csrp3-ctnna3-des-dmd-dsc2-dsg2-dsp-dtn\/\" \/>\n<meta property=\"og:locale\" content=\"es_ES\" \/>\n<meta property=\"og:type\" content=\"article\" \/>\n<meta property=\"og:title\" content=\"Secuenciaci\u00f3n\u00a0masiva\u00a0panel\u00a0de\u00a0101\u00a0genes:\u00a0A2ML1, ABCC9, ACTC1, ACTN2, AGL, ANK2, ANKRD1, BAG3, BRAF, CALR3, CAV3, CBL, CRYAB, CSRP3, CTNNA3, DES, DMD, DSC2, DSG2, DSP, DTNA, EMD, EYA4, FHL1, FHL2, FHOD3, FKRP, FKTN, FLNC, FXN, GAA, GATAD1, GBE1, GLA, GYG1, GYS1, HCN4, HFE, HRAS, ILK, JPH2, JUP, KRAS, LAMA4, LAMP2, LDB3, LMNA, MAP2K1, MAP2K2, MIB1, MYBPC3, MYH6, MYH7, MYL2, MYL3, MYLK2, MYOT, MYOZ2, MYPN, NEBL, NEXN, NRAS, OBSCN, PDLIM3, PKP2, PKP4, PLEC, PLN, PRDM16, PRKAG2, PSEN1, PSEN2, PTPN11, RAF1, RBM20, RIT1, RRAS, RYR2, SCN5A, SDHA, SGCD, SHOC2, SLC25A4, SOS1, SOS2, SYNE1, SYNE2, TAZ, TCAP, TGFB3, TMEM43, TMPO, TNNC1, TNNI3, TNNI3K, TNNT2, TPM1, TTN, TTR, VCL, XK - Sistemas Gen\u00f3micos\" \/>\n<meta property=\"og:url\" content=\"https:\/\/sistemasgenomicos.com\/es\/producto\/secuenciacion-masiva-panel-de-101-genes-a2ml1-abcc9-actc1-actn2-agl-ank2-ankrd1-bag3-braf-calr3-cav3-cbl-cryab-csrp3-ctnna3-des-dmd-dsc2-dsg2-dsp-dtn\/\" \/>\n<meta property=\"og:site_name\" content=\"Sistemas Gen\u00f3micos\" \/>\n<meta property=\"article:modified_time\" content=\"2020-09-30T04:43:30+00:00\" \/>\n<meta property=\"og:image\" content=\"https:\/\/sistemasgenomicos.com\/wp-content\/uploads\/2018\/04\/logo-sistemas-genomicos-default-1.jpg\" \/>\n\t<meta property=\"og:image:width\" content=\"1200\" \/>\n\t<meta property=\"og:image:height\" content=\"750\" \/>\n\t<meta property=\"og:image:type\" content=\"image\/jpeg\" \/>\n<meta name=\"twitter:card\" content=\"summary_large_image\" \/>\n<script type=\"application\/ld+json\" class=\"yoast-schema-graph\">{\"@context\":\"https:\\\/\\\/schema.org\",\"@graph\":[{\"@type\":\"WebPage\",\"@id\":\"https:\\\/\\\/sistemasgenomicos.com\\\/es\\\/producto\\\/secuenciacion-masiva-panel-de-101-genes-a2ml1-abcc9-actc1-actn2-agl-ank2-ankrd1-bag3-braf-calr3-cav3-cbl-cryab-csrp3-ctnna3-des-dmd-dsc2-dsg2-dsp-dtn\\\/\",\"url\":\"https:\\\/\\\/sistemasgenomicos.com\\\/es\\\/producto\\\/secuenciacion-masiva-panel-de-101-genes-a2ml1-abcc9-actc1-actn2-agl-ank2-ankrd1-bag3-braf-calr3-cav3-cbl-cryab-csrp3-ctnna3-des-dmd-dsc2-dsg2-dsp-dtn\\\/\",\"name\":\"Secuenciaci\u00f3n\u00a0masiva\u00a0panel\u00a0de\u00a0101\u00a0genes:\u00a0A2ML1, ABCC9, ACTC1, ACTN2, AGL, ANK2, ANKRD1, BAG3, BRAF, CALR3, CAV3, CBL, CRYAB, CSRP3, CTNNA3, DES, DMD, DSC2, DSG2, DSP, DTNA, EMD, EYA4, FHL1, FHL2, FHOD3, FKRP, FKTN, FLNC, FXN, GAA, GATAD1, GBE1, GLA, GYG1, GYS1, HCN4, HFE, HRAS, ILK, JPH2, JUP, KRAS, LAMA4, LAMP2, LDB3, LMNA, MAP2K1, MAP2K2, MIB1, MYBPC3, MYH6, MYH7, MYL2, MYL3, MYLK2, MYOT, MYOZ2, MYPN, NEBL, NEXN, NRAS, OBSCN, PDLIM3, PKP2, PKP4, PLEC, PLN, PRDM16, PRKAG2, PSEN1, PSEN2, PTPN11, RAF1, RBM20, RIT1, RRAS, RYR2, SCN5A, SDHA, SGCD, SHOC2, SLC25A4, SOS1, SOS2, SYNE1, SYNE2, TAZ, TCAP, TGFB3, TMEM43, TMPO, TNNC1, TNNI3, TNNI3K, TNNT2, TPM1, TTN, TTR, VCL, XK - Sistemas Gen\u00f3micos\",\"isPartOf\":{\"@id\":\"https:\\\/\\\/sistemasgenomicos.com\\\/es\\\/#website\"},\"primaryImageOfPage\":{\"@id\":\"https:\\\/\\\/sistemasgenomicos.com\\\/es\\\/producto\\\/secuenciacion-masiva-panel-de-101-genes-a2ml1-abcc9-actc1-actn2-agl-ank2-ankrd1-bag3-braf-calr3-cav3-cbl-cryab-csrp3-ctnna3-des-dmd-dsc2-dsg2-dsp-dtn\\\/#primaryimage\"},\"image\":{\"@id\":\"https:\\\/\\\/sistemasgenomicos.com\\\/es\\\/producto\\\/secuenciacion-masiva-panel-de-101-genes-a2ml1-abcc9-actc1-actn2-agl-ank2-ankrd1-bag3-braf-calr3-cav3-cbl-cryab-csrp3-ctnna3-des-dmd-dsc2-dsg2-dsp-dtn\\\/#primaryimage\"},\"thumbnailUrl\":\"https:\\\/\\\/sistemasgenomicos.com\\\/wp-content\\\/uploads\\\/2018\\\/04\\\/logo-sistemas-genomicos-default-1.jpg\",\"datePublished\":\"2018-10-31T02:32:51+00:00\",\"dateModified\":\"2020-09-30T04:43:30+00:00\",\"breadcrumb\":{\"@id\":\"https:\\\/\\\/sistemasgenomicos.com\\\/es\\\/producto\\\/secuenciacion-masiva-panel-de-101-genes-a2ml1-abcc9-actc1-actn2-agl-ank2-ankrd1-bag3-braf-calr3-cav3-cbl-cryab-csrp3-ctnna3-des-dmd-dsc2-dsg2-dsp-dtn\\\/#breadcrumb\"},\"inLanguage\":\"es\",\"potentialAction\":[{\"@type\":\"ReadAction\",\"target\":[\"https:\\\/\\\/sistemasgenomicos.com\\\/es\\\/producto\\\/secuenciacion-masiva-panel-de-101-genes-a2ml1-abcc9-actc1-actn2-agl-ank2-ankrd1-bag3-braf-calr3-cav3-cbl-cryab-csrp3-ctnna3-des-dmd-dsc2-dsg2-dsp-dtn\\\/\"]}]},{\"@type\":\"ImageObject\",\"inLanguage\":\"es\",\"@id\":\"https:\\\/\\\/sistemasgenomicos.com\\\/es\\\/producto\\\/secuenciacion-masiva-panel-de-101-genes-a2ml1-abcc9-actc1-actn2-agl-ank2-ankrd1-bag3-braf-calr3-cav3-cbl-cryab-csrp3-ctnna3-des-dmd-dsc2-dsg2-dsp-dtn\\\/#primaryimage\",\"url\":\"https:\\\/\\\/sistemasgenomicos.com\\\/wp-content\\\/uploads\\\/2018\\\/04\\\/logo-sistemas-genomicos-default-1.jpg\",\"contentUrl\":\"https:\\\/\\\/sistemasgenomicos.com\\\/wp-content\\\/uploads\\\/2018\\\/04\\\/logo-sistemas-genomicos-default-1.jpg\",\"width\":1200,\"height\":750},{\"@type\":\"BreadcrumbList\",\"@id\":\"https:\\\/\\\/sistemasgenomicos.com\\\/es\\\/producto\\\/secuenciacion-masiva-panel-de-101-genes-a2ml1-abcc9-actc1-actn2-agl-ank2-ankrd1-bag3-braf-calr3-cav3-cbl-cryab-csrp3-ctnna3-des-dmd-dsc2-dsg2-dsp-dtn\\\/#breadcrumb\",\"itemListElement\":[{\"@type\":\"ListItem\",\"position\":1,\"name\":\"Portada\",\"item\":\"https:\\\/\\\/sistemasgenomicos.com\\\/es\\\/\"},{\"@type\":\"ListItem\",\"position\":2,\"name\":\"Tienda\",\"item\":\"https:\\\/\\\/sistemasgenomicos.com\\\/es\\\/tienda\\\/\"},{\"@type\":\"ListItem\",\"position\":3,\"name\":\"Secuenciaci\u00f3n masiva panel de 101 genes: A2ML1, ABCC9, ACTC1, ACTN2, AGL, ANK2, ANKRD1, BAG3, BRAF, CALR3, CAV3, CBL, CRYAB, CSRP3, CTNNA3, DES, DMD, DSC2, DSG2, DSP, DTNA, EMD, EYA4, FHL1, FHL2, FHOD3, FKRP, FKTN, FLNC, FXN, GAA, GATAD1, GBE1, GLA, GYG1, GYS1, HCN4, HFE, HRAS, ILK, JPH2, JUP, KRAS, LAMA4, LAMP2, LDB3, LMNA, MAP2K1, MAP2K2, MIB1, MYBPC3, MYH6, MYH7, MYL2, MYL3, MYLK2, MYOT, MYOZ2, MYPN, NEBL, NEXN, NRAS, OBSCN, PDLIM3, PKP2, PKP4, PLEC, PLN, PRDM16, PRKAG2, PSEN1, PSEN2, PTPN11, RAF1, RBM20, RIT1, RRAS, RYR2, SCN5A, SDHA, SGCD, SHOC2, SLC25A4, SOS1, SOS2, SYNE1, SYNE2, TAZ, TCAP, TGFB3, TMEM43, TMPO, TNNC1, TNNI3, TNNI3K, TNNT2, TPM1, TTN, TTR, VCL, XK\"}]},{\"@type\":\"WebSite\",\"@id\":\"https:\\\/\\\/sistemasgenomicos.com\\\/es\\\/#website\",\"url\":\"https:\\\/\\\/sistemasgenomicos.com\\\/es\\\/\",\"name\":\"Sistemas Gen\u00f3micos\",\"description\":\"La mayor empresa dedicada a la investigaci\u00f3n gen\u00e9tica y molecular\",\"publisher\":{\"@id\":\"https:\\\/\\\/sistemasgenomicos.com\\\/es\\\/#organization\"},\"potentialAction\":[{\"@type\":\"SearchAction\",\"target\":{\"@type\":\"EntryPoint\",\"urlTemplate\":\"https:\\\/\\\/sistemasgenomicos.com\\\/es\\\/?s={search_term_string}\"},\"query-input\":{\"@type\":\"PropertyValueSpecification\",\"valueRequired\":true,\"valueName\":\"search_term_string\"}}],\"inLanguage\":\"es\"},{\"@type\":\"Organization\",\"@id\":\"https:\\\/\\\/sistemasgenomicos.com\\\/es\\\/#organization\",\"name\":\"Sistemas Gen\u00f3micos\",\"url\":\"https:\\\/\\\/sistemasgenomicos.com\\\/es\\\/\",\"logo\":{\"@type\":\"ImageObject\",\"inLanguage\":\"es\",\"@id\":\"https:\\\/\\\/sistemasgenomicos.com\\\/es\\\/#\\\/schema\\\/logo\\\/image\\\/\",\"url\":\"https:\\\/\\\/sistemasgenomicos.com\\\/wp-content\\\/uploads\\\/2022\\\/04\\\/image001-1.png\",\"contentUrl\":\"https:\\\/\\\/sistemasgenomicos.com\\\/wp-content\\\/uploads\\\/2022\\\/04\\\/image001-1.png\",\"width\":250,\"height\":122,\"caption\":\"Sistemas Gen\u00f3micos\"},\"image\":{\"@id\":\"https:\\\/\\\/sistemasgenomicos.com\\\/es\\\/#\\\/schema\\\/logo\\\/image\\\/\"}}]}<\/script>\n<!-- \/ Yoast SEO plugin. -->","yoast_head_json":{"title":"Secuenciaci\u00f3n\u00a0masiva\u00a0panel\u00a0de\u00a0101\u00a0genes:\u00a0A2ML1, ABCC9, ACTC1, ACTN2, AGL, ANK2, ANKRD1, BAG3, BRAF, CALR3, CAV3, CBL, CRYAB, CSRP3, CTNNA3, DES, DMD, DSC2, DSG2, DSP, DTNA, EMD, EYA4, FHL1, FHL2, FHOD3, FKRP, FKTN, FLNC, FXN, GAA, GATAD1, GBE1, GLA, GYG1, GYS1, HCN4, HFE, HRAS, ILK, JPH2, JUP, KRAS, LAMA4, LAMP2, LDB3, LMNA, MAP2K1, MAP2K2, MIB1, MYBPC3, MYH6, MYH7, MYL2, MYL3, MYLK2, MYOT, MYOZ2, MYPN, NEBL, NEXN, NRAS, OBSCN, PDLIM3, PKP2, PKP4, PLEC, PLN, PRDM16, PRKAG2, PSEN1, PSEN2, PTPN11, RAF1, RBM20, RIT1, RRAS, RYR2, SCN5A, SDHA, SGCD, SHOC2, SLC25A4, SOS1, SOS2, SYNE1, SYNE2, TAZ, TCAP, TGFB3, TMEM43, TMPO, TNNC1, TNNI3, TNNI3K, TNNT2, TPM1, TTN, TTR, VCL, XK - Sistemas Gen\u00f3micos","robots":{"index":"index","follow":"follow","max-snippet":"max-snippet:-1","max-image-preview":"max-image-preview:large","max-video-preview":"max-video-preview:-1"},"canonical":"https:\/\/sistemasgenomicos.com\/es\/producto\/secuenciacion-masiva-panel-de-101-genes-a2ml1-abcc9-actc1-actn2-agl-ank2-ankrd1-bag3-braf-calr3-cav3-cbl-cryab-csrp3-ctnna3-des-dmd-dsc2-dsg2-dsp-dtn\/","og_locale":"es_ES","og_type":"article","og_title":"Secuenciaci\u00f3n\u00a0masiva\u00a0panel\u00a0de\u00a0101\u00a0genes:\u00a0A2ML1, ABCC9, ACTC1, ACTN2, AGL, ANK2, ANKRD1, BAG3, BRAF, CALR3, CAV3, CBL, CRYAB, CSRP3, CTNNA3, DES, DMD, DSC2, DSG2, DSP, DTNA, EMD, EYA4, FHL1, FHL2, FHOD3, FKRP, FKTN, FLNC, FXN, GAA, GATAD1, GBE1, GLA, GYG1, GYS1, HCN4, HFE, HRAS, ILK, JPH2, JUP, KRAS, LAMA4, LAMP2, LDB3, LMNA, MAP2K1, MAP2K2, MIB1, MYBPC3, MYH6, MYH7, MYL2, MYL3, MYLK2, MYOT, MYOZ2, MYPN, NEBL, NEXN, NRAS, OBSCN, PDLIM3, PKP2, PKP4, PLEC, PLN, PRDM16, PRKAG2, PSEN1, PSEN2, PTPN11, RAF1, RBM20, RIT1, RRAS, RYR2, SCN5A, SDHA, SGCD, SHOC2, SLC25A4, SOS1, SOS2, SYNE1, SYNE2, TAZ, TCAP, TGFB3, TMEM43, TMPO, TNNC1, TNNI3, TNNI3K, TNNT2, TPM1, TTN, TTR, VCL, XK - Sistemas Gen\u00f3micos","og_url":"https:\/\/sistemasgenomicos.com\/es\/producto\/secuenciacion-masiva-panel-de-101-genes-a2ml1-abcc9-actc1-actn2-agl-ank2-ankrd1-bag3-braf-calr3-cav3-cbl-cryab-csrp3-ctnna3-des-dmd-dsc2-dsg2-dsp-dtn\/","og_site_name":"Sistemas Gen\u00f3micos","article_modified_time":"2020-09-30T04:43:30+00:00","og_image":[{"width":1200,"height":750,"url":"https:\/\/sistemasgenomicos.com\/wp-content\/uploads\/2018\/04\/logo-sistemas-genomicos-default-1.jpg","type":"image\/jpeg"}],"twitter_card":"summary_large_image","schema":{"@context":"https:\/\/schema.org","@graph":[{"@type":"WebPage","@id":"https:\/\/sistemasgenomicos.com\/es\/producto\/secuenciacion-masiva-panel-de-101-genes-a2ml1-abcc9-actc1-actn2-agl-ank2-ankrd1-bag3-braf-calr3-cav3-cbl-cryab-csrp3-ctnna3-des-dmd-dsc2-dsg2-dsp-dtn\/","url":"https:\/\/sistemasgenomicos.com\/es\/producto\/secuenciacion-masiva-panel-de-101-genes-a2ml1-abcc9-actc1-actn2-agl-ank2-ankrd1-bag3-braf-calr3-cav3-cbl-cryab-csrp3-ctnna3-des-dmd-dsc2-dsg2-dsp-dtn\/","name":"Secuenciaci\u00f3n\u00a0masiva\u00a0panel\u00a0de\u00a0101\u00a0genes:\u00a0A2ML1, ABCC9, ACTC1, ACTN2, AGL, ANK2, ANKRD1, BAG3, BRAF, CALR3, CAV3, CBL, CRYAB, CSRP3, CTNNA3, DES, DMD, DSC2, DSG2, DSP, DTNA, EMD, EYA4, FHL1, FHL2, FHOD3, FKRP, FKTN, FLNC, FXN, GAA, GATAD1, GBE1, GLA, GYG1, GYS1, HCN4, HFE, HRAS, ILK, JPH2, JUP, KRAS, LAMA4, LAMP2, LDB3, LMNA, MAP2K1, MAP2K2, MIB1, MYBPC3, MYH6, MYH7, MYL2, MYL3, MYLK2, MYOT, MYOZ2, MYPN, NEBL, NEXN, NRAS, OBSCN, PDLIM3, PKP2, PKP4, PLEC, PLN, PRDM16, PRKAG2, PSEN1, PSEN2, PTPN11, RAF1, RBM20, RIT1, RRAS, RYR2, SCN5A, SDHA, SGCD, SHOC2, SLC25A4, SOS1, SOS2, SYNE1, SYNE2, TAZ, TCAP, TGFB3, TMEM43, TMPO, TNNC1, TNNI3, TNNI3K, TNNT2, TPM1, TTN, TTR, VCL, XK - Sistemas Gen\u00f3micos","isPartOf":{"@id":"https:\/\/sistemasgenomicos.com\/es\/#website"},"primaryImageOfPage":{"@id":"https:\/\/sistemasgenomicos.com\/es\/producto\/secuenciacion-masiva-panel-de-101-genes-a2ml1-abcc9-actc1-actn2-agl-ank2-ankrd1-bag3-braf-calr3-cav3-cbl-cryab-csrp3-ctnna3-des-dmd-dsc2-dsg2-dsp-dtn\/#primaryimage"},"image":{"@id":"https:\/\/sistemasgenomicos.com\/es\/producto\/secuenciacion-masiva-panel-de-101-genes-a2ml1-abcc9-actc1-actn2-agl-ank2-ankrd1-bag3-braf-calr3-cav3-cbl-cryab-csrp3-ctnna3-des-dmd-dsc2-dsg2-dsp-dtn\/#primaryimage"},"thumbnailUrl":"https:\/\/sistemasgenomicos.com\/wp-content\/uploads\/2018\/04\/logo-sistemas-genomicos-default-1.jpg","datePublished":"2018-10-31T02:32:51+00:00","dateModified":"2020-09-30T04:43:30+00:00","breadcrumb":{"@id":"https:\/\/sistemasgenomicos.com\/es\/producto\/secuenciacion-masiva-panel-de-101-genes-a2ml1-abcc9-actc1-actn2-agl-ank2-ankrd1-bag3-braf-calr3-cav3-cbl-cryab-csrp3-ctnna3-des-dmd-dsc2-dsg2-dsp-dtn\/#breadcrumb"},"inLanguage":"es","potentialAction":[{"@type":"ReadAction","target":["https:\/\/sistemasgenomicos.com\/es\/producto\/secuenciacion-masiva-panel-de-101-genes-a2ml1-abcc9-actc1-actn2-agl-ank2-ankrd1-bag3-braf-calr3-cav3-cbl-cryab-csrp3-ctnna3-des-dmd-dsc2-dsg2-dsp-dtn\/"]}]},{"@type":"ImageObject","inLanguage":"es","@id":"https:\/\/sistemasgenomicos.com\/es\/producto\/secuenciacion-masiva-panel-de-101-genes-a2ml1-abcc9-actc1-actn2-agl-ank2-ankrd1-bag3-braf-calr3-cav3-cbl-cryab-csrp3-ctnna3-des-dmd-dsc2-dsg2-dsp-dtn\/#primaryimage","url":"https:\/\/sistemasgenomicos.com\/wp-content\/uploads\/2018\/04\/logo-sistemas-genomicos-default-1.jpg","contentUrl":"https:\/\/sistemasgenomicos.com\/wp-content\/uploads\/2018\/04\/logo-sistemas-genomicos-default-1.jpg","width":1200,"height":750},{"@type":"BreadcrumbList","@id":"https:\/\/sistemasgenomicos.com\/es\/producto\/secuenciacion-masiva-panel-de-101-genes-a2ml1-abcc9-actc1-actn2-agl-ank2-ankrd1-bag3-braf-calr3-cav3-cbl-cryab-csrp3-ctnna3-des-dmd-dsc2-dsg2-dsp-dtn\/#breadcrumb","itemListElement":[{"@type":"ListItem","position":1,"name":"Portada","item":"https:\/\/sistemasgenomicos.com\/es\/"},{"@type":"ListItem","position":2,"name":"Tienda","item":"https:\/\/sistemasgenomicos.com\/es\/tienda\/"},{"@type":"ListItem","position":3,"name":"Secuenciaci\u00f3n masiva panel de 101 genes: A2ML1, ABCC9, ACTC1, ACTN2, AGL, ANK2, ANKRD1, BAG3, BRAF, CALR3, CAV3, CBL, CRYAB, CSRP3, CTNNA3, DES, DMD, DSC2, DSG2, DSP, DTNA, EMD, EYA4, FHL1, FHL2, FHOD3, FKRP, FKTN, FLNC, FXN, GAA, GATAD1, GBE1, GLA, GYG1, GYS1, HCN4, HFE, HRAS, ILK, JPH2, JUP, KRAS, LAMA4, LAMP2, LDB3, LMNA, MAP2K1, MAP2K2, MIB1, MYBPC3, MYH6, MYH7, MYL2, MYL3, MYLK2, MYOT, MYOZ2, MYPN, NEBL, NEXN, NRAS, OBSCN, PDLIM3, PKP2, PKP4, PLEC, PLN, PRDM16, PRKAG2, PSEN1, PSEN2, PTPN11, RAF1, RBM20, RIT1, RRAS, RYR2, SCN5A, SDHA, SGCD, SHOC2, SLC25A4, SOS1, SOS2, SYNE1, SYNE2, TAZ, TCAP, TGFB3, TMEM43, TMPO, TNNC1, TNNI3, TNNI3K, TNNT2, TPM1, TTN, TTR, VCL, XK"}]},{"@type":"WebSite","@id":"https:\/\/sistemasgenomicos.com\/es\/#website","url":"https:\/\/sistemasgenomicos.com\/es\/","name":"Sistemas Gen\u00f3micos","description":"La mayor empresa dedicada a la investigaci\u00f3n gen\u00e9tica y molecular","publisher":{"@id":"https:\/\/sistemasgenomicos.com\/es\/#organization"},"potentialAction":[{"@type":"SearchAction","target":{"@type":"EntryPoint","urlTemplate":"https:\/\/sistemasgenomicos.com\/es\/?s={search_term_string}"},"query-input":{"@type":"PropertyValueSpecification","valueRequired":true,"valueName":"search_term_string"}}],"inLanguage":"es"},{"@type":"Organization","@id":"https:\/\/sistemasgenomicos.com\/es\/#organization","name":"Sistemas Gen\u00f3micos","url":"https:\/\/sistemasgenomicos.com\/es\/","logo":{"@type":"ImageObject","inLanguage":"es","@id":"https:\/\/sistemasgenomicos.com\/es\/#\/schema\/logo\/image\/","url":"https:\/\/sistemasgenomicos.com\/wp-content\/uploads\/2022\/04\/image001-1.png","contentUrl":"https:\/\/sistemasgenomicos.com\/wp-content\/uploads\/2022\/04\/image001-1.png","width":250,"height":122,"caption":"Sistemas Gen\u00f3micos"},"image":{"@id":"https:\/\/sistemasgenomicos.com\/es\/#\/schema\/logo\/image\/"}}]}},"_links":{"self":[{"href":"https:\/\/sistemasgenomicos.com\/es\/wp-json\/wp\/v2\/product\/152482","targetHints":{"allow":["GET"]}}],"collection":[{"href":"https:\/\/sistemasgenomicos.com\/es\/wp-json\/wp\/v2\/product"}],"about":[{"href":"https:\/\/sistemasgenomicos.com\/es\/wp-json\/wp\/v2\/types\/product"}],"wp:featuredmedia":[{"embeddable":true,"href":"https:\/\/sistemasgenomicos.com\/es\/wp-json\/wp\/v2\/media\/42665"}],"wp:attachment":[{"href":"https:\/\/sistemasgenomicos.com\/es\/wp-json\/wp\/v2\/media?parent=152482"}],"wp:term":[{"taxonomy":"product_brand","embeddable":true,"href":"https:\/\/sistemasgenomicos.com\/es\/wp-json\/wp\/v2\/product_brand?post=152482"},{"taxonomy":"product_cat","embeddable":true,"href":"https:\/\/sistemasgenomicos.com\/es\/wp-json\/wp\/v2\/product_cat?post=152482"},{"taxonomy":"product_tag","embeddable":true,"href":"https:\/\/sistemasgenomicos.com\/es\/wp-json\/wp\/v2\/product_tag?post=152482"}],"curies":[{"name":"wp","href":"https:\/\/api.w.org\/{rel}","templated":true}]}}