{"id":152430,"date":"2018-10-31T02:32:21","date_gmt":"2018-10-31T02:32:21","guid":{"rendered":"https:\/\/sistemasgenomicos.digitis.net\/tienda-online\/onco-genesgkit-ce-x-111-genes-48-reacciones\/"},"modified":"2020-09-30T06:43:20","modified_gmt":"2020-09-30T04:43:20","slug":"onco-genesgkit-ce-x-111-genes-48-reacciones","status":"publish","type":"product","link":"https:\/\/sistemasgenomicos.com\/es\/producto\/onco-genesgkit-ce-x-111-genes-48-reacciones\/","title":{"rendered":"Onco-GeneSGKit-CE X.111 Genes. 48 Reacciones."},"content":{"rendered":"","protected":false},"excerpt":{"rendered":"","protected":false},"featured_media":42665,"template":"","meta":[],"product_brand":[],"product_cat":[8703,47,9462],"product_tag":[23691],"class_list":{"0":"post-152430","1":"product","2":"type-product","3":"status-publish","4":"has-post-thumbnail","6":"gen-ush1c","7":"gen-lars2","8":"gen-hgf","9":"gen-tnc","10":"gen-ush2a","11":"gen-kitlg","12":"gen-kcnq1","13":"gen-kars","14":"gen-mcm2","15":"gen-cdc14a","16":"gen-grhl2","17":"gen-pou4f3","18":"gen-slc26a4","19":"gen-smpx","20":"gen-myo15a","21":"gen-myo3a","22":"gen-triobp","23":"gen-myh9","24":"gen-coch","25":"gen-crym","26":"gen-homer2","27":"gen-myh14","28":"gen-dfna5","29":"gen-met","30":"gen-gata3","31":"gen-cdh23","32":"gen-wfs1","33":"gen-tecta","34":"gen-fam65b","35":"gen-eya4","36":"gen-clic5","37":"gen-hars2","38":"gen-otof","39":"gen-elmod3","40":"gen-kcnq4","41":"gen-tjp2","42":"gen-esrrb","43":"gen-gjb6","44":"gen-gpsm2","45":"gen-serpinb6","46":"gen-clpp","47":"gen-six1","48":"gen-timm8a","49":"gen-osbpl2","50":"gen-diaph1","51":"gen-wbp2","52":"gen-hsd17b4","53":"gen-cd164","54":"gen-cib2","55":"gen-myo7a","56":"gen-nars2","57":"gen-rdx","58":"gen-pnpt1","59":"gen-ptprq","60":"gen-ildr1","61":"gen-cisd2","62":"gen-bdp1","63":"gen-dcdc2","64":"gen-prps1","65":"gen-pcdh15","66":"gen-eps8","67":"gen-ccdc50","68":"gen-marveld2","69":"gen-cldn14","70":"gen-tmprss3","71":"gen-tbc1d24","72":"gen-bsnd","73":"gen-clrn1","74":"gen-adgrv1","75":"gen-adcy1","76":"gen-psip1","77":"gen-tmc1","78":"gen-gjb2","79":"gen-otogl","80":"gen-loxhd1","81":"gen-cabp2","82":"gen-foxi1","83":"gen-hars","84":"gen-slc26a5","85":"gen-msrb3","86":"gen-tspear","87":"gen-tprn","88":"gen-eps8l2","89":"gen-kcnj10","90":"gen-tmtc2","91":"gen-slc17a8","92":"gen-gipc3","93":"gen-kcne1","94":"gen-tmem132e","95":"gen-syne4","96":"gen-tmie","97":"gen-ush1g","98":"gen-actg1","99":"gen-diablo","100":"gen-lrtomt","101":"gen-slitrk6","102":"gen-pdzd7","103":"gen-espn","104":"gen-mitf","105":"gen-p2rx2","106":"gen-otog","107":"gen-gjb3","108":"gen-myo6","109":"gen-pou3f4","110":"gen-slc22a4","111":"gen-col4a6","112":"gen-lhfpl5","113":"gen-mir96","114":"gen-col11a2","115":"gen-dfnb59","116":"gen-grxcr2","117":"gen-ceacam16","118":"gen-grxcr1","119":"gen-s1pr2","120":"product_cat-genesgkit-biomedicina-kits-de-diagnostico","121":"product_cat-kits-de-diagnostico","122":"product_cat-oncologia-genesgkit-biomedicina-kits-de-diagnostico","123":"product_tag-kits-oncologia-germinalc00592","125":"first","126":"instock","127":"taxable","128":"shipping-taxable","129":"product-type-simple"},"acf":[],"yoast_head":"<!-- This site is optimized with the Yoast SEO plugin v27.3 - https:\/\/yoast.com\/product\/yoast-seo-wordpress\/ -->\n<title>Onco-GeneSGKit-CE X.111 Genes. 48 Reacciones. - Sistemas Gen\u00f3micos<\/title>\n<meta name=\"robots\" content=\"index, follow, max-snippet:-1, max-image-preview:large, max-video-preview:-1\" \/>\n<link rel=\"canonical\" href=\"https:\/\/sistemasgenomicos.com\/es\/producto\/onco-genesgkit-ce-x-111-genes-48-reacciones\/\" \/>\n<meta property=\"og:locale\" content=\"es_ES\" \/>\n<meta property=\"og:type\" content=\"article\" \/>\n<meta property=\"og:title\" content=\"Onco-GeneSGKit-CE X.111 Genes. 48 Reacciones. - Sistemas Gen\u00f3micos\" \/>\n<meta property=\"og:url\" content=\"https:\/\/sistemasgenomicos.com\/es\/producto\/onco-genesgkit-ce-x-111-genes-48-reacciones\/\" \/>\n<meta property=\"og:site_name\" content=\"Sistemas Gen\u00f3micos\" \/>\n<meta property=\"article:modified_time\" content=\"2020-09-30T04:43:20+00:00\" \/>\n<meta property=\"og:image\" content=\"https:\/\/sistemasgenomicos.com\/wp-content\/uploads\/2018\/04\/logo-sistemas-genomicos-default-1.jpg\" \/>\n\t<meta property=\"og:image:width\" content=\"1200\" \/>\n\t<meta property=\"og:image:height\" content=\"750\" \/>\n\t<meta property=\"og:image:type\" content=\"image\/jpeg\" \/>\n<meta name=\"twitter:card\" content=\"summary_large_image\" \/>\n<script type=\"application\/ld+json\" class=\"yoast-schema-graph\">{\"@context\":\"https:\\\/\\\/schema.org\",\"@graph\":[{\"@type\":\"WebPage\",\"@id\":\"https:\\\/\\\/sistemasgenomicos.com\\\/es\\\/producto\\\/onco-genesgkit-ce-x-111-genes-48-reacciones\\\/\",\"url\":\"https:\\\/\\\/sistemasgenomicos.com\\\/es\\\/producto\\\/onco-genesgkit-ce-x-111-genes-48-reacciones\\\/\",\"name\":\"Onco-GeneSGKit-CE X.111 Genes. 48 Reacciones. - Sistemas Gen\u00f3micos\",\"isPartOf\":{\"@id\":\"https:\\\/\\\/sistemasgenomicos.com\\\/es\\\/#website\"},\"primaryImageOfPage\":{\"@id\":\"https:\\\/\\\/sistemasgenomicos.com\\\/es\\\/producto\\\/onco-genesgkit-ce-x-111-genes-48-reacciones\\\/#primaryimage\"},\"image\":{\"@id\":\"https:\\\/\\\/sistemasgenomicos.com\\\/es\\\/producto\\\/onco-genesgkit-ce-x-111-genes-48-reacciones\\\/#primaryimage\"},\"thumbnailUrl\":\"https:\\\/\\\/sistemasgenomicos.com\\\/wp-content\\\/uploads\\\/2018\\\/04\\\/logo-sistemas-genomicos-default-1.jpg\",\"datePublished\":\"2018-10-31T02:32:21+00:00\",\"dateModified\":\"2020-09-30T04:43:20+00:00\",\"breadcrumb\":{\"@id\":\"https:\\\/\\\/sistemasgenomicos.com\\\/es\\\/producto\\\/onco-genesgkit-ce-x-111-genes-48-reacciones\\\/#breadcrumb\"},\"inLanguage\":\"es\",\"potentialAction\":[{\"@type\":\"ReadAction\",\"target\":[\"https:\\\/\\\/sistemasgenomicos.com\\\/es\\\/producto\\\/onco-genesgkit-ce-x-111-genes-48-reacciones\\\/\"]}]},{\"@type\":\"ImageObject\",\"inLanguage\":\"es\",\"@id\":\"https:\\\/\\\/sistemasgenomicos.com\\\/es\\\/producto\\\/onco-genesgkit-ce-x-111-genes-48-reacciones\\\/#primaryimage\",\"url\":\"https:\\\/\\\/sistemasgenomicos.com\\\/wp-content\\\/uploads\\\/2018\\\/04\\\/logo-sistemas-genomicos-default-1.jpg\",\"contentUrl\":\"https:\\\/\\\/sistemasgenomicos.com\\\/wp-content\\\/uploads\\\/2018\\\/04\\\/logo-sistemas-genomicos-default-1.jpg\",\"width\":1200,\"height\":750},{\"@type\":\"BreadcrumbList\",\"@id\":\"https:\\\/\\\/sistemasgenomicos.com\\\/es\\\/producto\\\/onco-genesgkit-ce-x-111-genes-48-reacciones\\\/#breadcrumb\",\"itemListElement\":[{\"@type\":\"ListItem\",\"position\":1,\"name\":\"Portada\",\"item\":\"https:\\\/\\\/sistemasgenomicos.com\\\/es\\\/\"},{\"@type\":\"ListItem\",\"position\":2,\"name\":\"Tienda\",\"item\":\"https:\\\/\\\/sistemasgenomicos.com\\\/es\\\/tienda\\\/\"},{\"@type\":\"ListItem\",\"position\":3,\"name\":\"Onco-GeneSGKit-CE X.111 Genes. 48 Reacciones.\"}]},{\"@type\":\"WebSite\",\"@id\":\"https:\\\/\\\/sistemasgenomicos.com\\\/es\\\/#website\",\"url\":\"https:\\\/\\\/sistemasgenomicos.com\\\/es\\\/\",\"name\":\"Sistemas Gen\u00f3micos\",\"description\":\"La mayor empresa dedicada a la investigaci\u00f3n gen\u00e9tica y molecular\",\"publisher\":{\"@id\":\"https:\\\/\\\/sistemasgenomicos.com\\\/es\\\/#organization\"},\"potentialAction\":[{\"@type\":\"SearchAction\",\"target\":{\"@type\":\"EntryPoint\",\"urlTemplate\":\"https:\\\/\\\/sistemasgenomicos.com\\\/es\\\/?s={search_term_string}\"},\"query-input\":{\"@type\":\"PropertyValueSpecification\",\"valueRequired\":true,\"valueName\":\"search_term_string\"}}],\"inLanguage\":\"es\"},{\"@type\":\"Organization\",\"@id\":\"https:\\\/\\\/sistemasgenomicos.com\\\/es\\\/#organization\",\"name\":\"Sistemas Gen\u00f3micos\",\"url\":\"https:\\\/\\\/sistemasgenomicos.com\\\/es\\\/\",\"logo\":{\"@type\":\"ImageObject\",\"inLanguage\":\"es\",\"@id\":\"https:\\\/\\\/sistemasgenomicos.com\\\/es\\\/#\\\/schema\\\/logo\\\/image\\\/\",\"url\":\"https:\\\/\\\/sistemasgenomicos.com\\\/wp-content\\\/uploads\\\/2022\\\/04\\\/image001-1.png\",\"contentUrl\":\"https:\\\/\\\/sistemasgenomicos.com\\\/wp-content\\\/uploads\\\/2022\\\/04\\\/image001-1.png\",\"width\":250,\"height\":122,\"caption\":\"Sistemas Gen\u00f3micos\"},\"image\":{\"@id\":\"https:\\\/\\\/sistemasgenomicos.com\\\/es\\\/#\\\/schema\\\/logo\\\/image\\\/\"}}]}<\/script>\n<!-- \/ Yoast SEO plugin. -->","yoast_head_json":{"title":"Onco-GeneSGKit-CE X.111 Genes. 48 Reacciones. - Sistemas Gen\u00f3micos","robots":{"index":"index","follow":"follow","max-snippet":"max-snippet:-1","max-image-preview":"max-image-preview:large","max-video-preview":"max-video-preview:-1"},"canonical":"https:\/\/sistemasgenomicos.com\/es\/producto\/onco-genesgkit-ce-x-111-genes-48-reacciones\/","og_locale":"es_ES","og_type":"article","og_title":"Onco-GeneSGKit-CE X.111 Genes. 48 Reacciones. - Sistemas Gen\u00f3micos","og_url":"https:\/\/sistemasgenomicos.com\/es\/producto\/onco-genesgkit-ce-x-111-genes-48-reacciones\/","og_site_name":"Sistemas Gen\u00f3micos","article_modified_time":"2020-09-30T04:43:20+00:00","og_image":[{"width":1200,"height":750,"url":"https:\/\/sistemasgenomicos.com\/wp-content\/uploads\/2018\/04\/logo-sistemas-genomicos-default-1.jpg","type":"image\/jpeg"}],"twitter_card":"summary_large_image","schema":{"@context":"https:\/\/schema.org","@graph":[{"@type":"WebPage","@id":"https:\/\/sistemasgenomicos.com\/es\/producto\/onco-genesgkit-ce-x-111-genes-48-reacciones\/","url":"https:\/\/sistemasgenomicos.com\/es\/producto\/onco-genesgkit-ce-x-111-genes-48-reacciones\/","name":"Onco-GeneSGKit-CE X.111 Genes. 48 Reacciones. - Sistemas Gen\u00f3micos","isPartOf":{"@id":"https:\/\/sistemasgenomicos.com\/es\/#website"},"primaryImageOfPage":{"@id":"https:\/\/sistemasgenomicos.com\/es\/producto\/onco-genesgkit-ce-x-111-genes-48-reacciones\/#primaryimage"},"image":{"@id":"https:\/\/sistemasgenomicos.com\/es\/producto\/onco-genesgkit-ce-x-111-genes-48-reacciones\/#primaryimage"},"thumbnailUrl":"https:\/\/sistemasgenomicos.com\/wp-content\/uploads\/2018\/04\/logo-sistemas-genomicos-default-1.jpg","datePublished":"2018-10-31T02:32:21+00:00","dateModified":"2020-09-30T04:43:20+00:00","breadcrumb":{"@id":"https:\/\/sistemasgenomicos.com\/es\/producto\/onco-genesgkit-ce-x-111-genes-48-reacciones\/#breadcrumb"},"inLanguage":"es","potentialAction":[{"@type":"ReadAction","target":["https:\/\/sistemasgenomicos.com\/es\/producto\/onco-genesgkit-ce-x-111-genes-48-reacciones\/"]}]},{"@type":"ImageObject","inLanguage":"es","@id":"https:\/\/sistemasgenomicos.com\/es\/producto\/onco-genesgkit-ce-x-111-genes-48-reacciones\/#primaryimage","url":"https:\/\/sistemasgenomicos.com\/wp-content\/uploads\/2018\/04\/logo-sistemas-genomicos-default-1.jpg","contentUrl":"https:\/\/sistemasgenomicos.com\/wp-content\/uploads\/2018\/04\/logo-sistemas-genomicos-default-1.jpg","width":1200,"height":750},{"@type":"BreadcrumbList","@id":"https:\/\/sistemasgenomicos.com\/es\/producto\/onco-genesgkit-ce-x-111-genes-48-reacciones\/#breadcrumb","itemListElement":[{"@type":"ListItem","position":1,"name":"Portada","item":"https:\/\/sistemasgenomicos.com\/es\/"},{"@type":"ListItem","position":2,"name":"Tienda","item":"https:\/\/sistemasgenomicos.com\/es\/tienda\/"},{"@type":"ListItem","position":3,"name":"Onco-GeneSGKit-CE X.111 Genes. 48 Reacciones."}]},{"@type":"WebSite","@id":"https:\/\/sistemasgenomicos.com\/es\/#website","url":"https:\/\/sistemasgenomicos.com\/es\/","name":"Sistemas Gen\u00f3micos","description":"La mayor empresa dedicada a la investigaci\u00f3n gen\u00e9tica y molecular","publisher":{"@id":"https:\/\/sistemasgenomicos.com\/es\/#organization"},"potentialAction":[{"@type":"SearchAction","target":{"@type":"EntryPoint","urlTemplate":"https:\/\/sistemasgenomicos.com\/es\/?s={search_term_string}"},"query-input":{"@type":"PropertyValueSpecification","valueRequired":true,"valueName":"search_term_string"}}],"inLanguage":"es"},{"@type":"Organization","@id":"https:\/\/sistemasgenomicos.com\/es\/#organization","name":"Sistemas Gen\u00f3micos","url":"https:\/\/sistemasgenomicos.com\/es\/","logo":{"@type":"ImageObject","inLanguage":"es","@id":"https:\/\/sistemasgenomicos.com\/es\/#\/schema\/logo\/image\/","url":"https:\/\/sistemasgenomicos.com\/wp-content\/uploads\/2022\/04\/image001-1.png","contentUrl":"https:\/\/sistemasgenomicos.com\/wp-content\/uploads\/2022\/04\/image001-1.png","width":250,"height":122,"caption":"Sistemas Gen\u00f3micos"},"image":{"@id":"https:\/\/sistemasgenomicos.com\/es\/#\/schema\/logo\/image\/"}}]}},"_links":{"self":[{"href":"https:\/\/sistemasgenomicos.com\/es\/wp-json\/wp\/v2\/product\/152430","targetHints":{"allow":["GET"]}}],"collection":[{"href":"https:\/\/sistemasgenomicos.com\/es\/wp-json\/wp\/v2\/product"}],"about":[{"href":"https:\/\/sistemasgenomicos.com\/es\/wp-json\/wp\/v2\/types\/product"}],"wp:featuredmedia":[{"embeddable":true,"href":"https:\/\/sistemasgenomicos.com\/es\/wp-json\/wp\/v2\/media\/42665"}],"wp:attachment":[{"href":"https:\/\/sistemasgenomicos.com\/es\/wp-json\/wp\/v2\/media?parent=152430"}],"wp:term":[{"taxonomy":"product_brand","embeddable":true,"href":"https:\/\/sistemasgenomicos.com\/es\/wp-json\/wp\/v2\/product_brand?post=152430"},{"taxonomy":"product_cat","embeddable":true,"href":"https:\/\/sistemasgenomicos.com\/es\/wp-json\/wp\/v2\/product_cat?post=152430"},{"taxonomy":"product_tag","embeddable":true,"href":"https:\/\/sistemasgenomicos.com\/es\/wp-json\/wp\/v2\/product_tag?post=152430"}],"curies":[{"name":"wp","href":"https:\/\/api.w.org\/{rel}","templated":true}]}}