{"id":98331,"date":"2018-08-30T11:05:04","date_gmt":"2018-08-30T11:05:04","guid":{"rendered":"https:\/\/sistemasgenomicos.digitis.net\/?page_id=98331"},"modified":"2018-09-10T09:32:05","modified_gmt":"2018-09-10T09:32:05","slug":"consulting","status":"publish","type":"page","link":"https:\/\/sistemasgenomicos.com\/es\/agrogenomica\/consulting\/","title":{"rendered":"Consulting"},"content":{"rendered":"\n  <div class=\"banner has-hover\" id=\"banner-1334000527\">\n          <div class=\"banner-inner fill\">\n        <div class=\"banner-bg fill\" >\n            <div class=\"bg fill bg-fill \"><\/div>\n                        <div class=\"overlay\"><\/div>            \n                    <\/div>\n\t\t\n        <div class=\"banner-layers container\">\n            <div class=\"fill banner-link\"><\/div>            \n   <div id=\"text-box-891494096\" class=\"text-box banner-layer x50 md-x50 lg-x50 y50 md-y50 lg-y50 res-text\">\n                                <div class=\"text-box-content text dark text-shadow-2\">\n              \n              <div class=\"text-inner text-center\">\n                  \n<h1>ASESORAMIENTO INTEGRAL<\/h1>\n<h4>Soluciones biotecnol\u00f3gicas a medida<\/h4>\n<a href=\"#personalizar\" class=\"button primary is-small\"  >\n    <span>Solicitar info<\/span>\n  <\/a>\n\n              <\/div>\n           <\/div>\n                            \n<style>\n#text-box-891494096 {\n  width: 72%;\n}\n#text-box-891494096 .text-box-content {\n  font-size: 100%;\n}\n<\/style>\n    <\/div>\n \n        <\/div>\n      <\/div>\n\n            \n<style>\n#banner-1334000527 {\n  padding-top: 300px;\n}\n#banner-1334000527 .bg.bg-loaded {\n  background-image: url(https:\/\/sistemasgenomicos.com\/wp-content\/uploads\/2017\/10\/hero-especialistas.jpg);\n}\n#banner-1334000527 .overlay {\n  background-color: rgba(0, 0, 0, 0.25);\n}\n#banner-1334000527 .bg {\n  background-position: 48% 57%;\n}\n<\/style>\n  <\/div>\n\n\n\t<div id=\"gap-835090769\" class=\"gap-element clearfix\" style=\"display:block; height:auto;\">\n\t\t\n<style>\n#gap-835090769 {\n  padding-top: 40px;\n}\n<\/style>\n\t<\/div>\n\t\n<div class=\"row align-center\"  id=\"row-883785811\">\n\n\t<div id=\"col-639673652\" class=\"col medium-6 small-10 large-6\"  data-animate=\"fadeInUp\">\n\t\t\t\t<div class=\"col-inner\"  >\n\t\t\t\n\t\t\t\n<h2><span style=\"font-size: 110%;\">Te ayudamos<\/span><\/h2>\n<div class=\"is-divider divider clearfix\" style=\"margin-top:0.5em;margin-bottom:0.5em;max-width:254px;\"><\/div>\n<p>Con 20 a\u00f1os de experiencia en an\u00e1lisis moleculares para el Sector Agrario, en Sistemas Gen\u00f3micos disponemos de un amplio conocimiento acerca de las necesidades y tendencias en el \u00e1mbito de la sostenibilidad y seguridad alimentaria.<\/p>\n<p>Las posibilidades biotecnol\u00f3gicas para la caracterizaci\u00f3n molecular de variedades\/individuos con aplicaci\u00f3n en diferentes campos de la producci\u00f3n agroalimentaria son muy diversas. En Sistemas Gen\u00f3micos ofrecemos asesoramiento cient\u00edfico-t\u00e9cnico especializado para facilitar a nuestros clientes la elecci\u00f3n anal\u00edtica m\u00e1s coste-efectiva en funci\u00f3n de sus intereses particulares.<\/p>\n\t\t<\/div>\n\t\t\t\t\t<\/div>\n\n\t\n\n\t<div id=\"col-11130536\" class=\"col medium-6 small-10 large-6\"  data-animate=\"fadeInUp\">\n\t\t\t\t<div class=\"col-inner\"  >\n\t\t\t\n\t\t\t\n\t<div class=\"img has-hover x md-x lg-x y md-y lg-y\" id=\"image_1707956682\">\n\t\t\t\t\t\t\t\t<div class=\"img-inner image-cover dark\" style=\"padding-top:100px;\">\n\t\t\t<img loading=\"lazy\" decoding=\"async\" width=\"1000\" height=\"667\" src=\"https:\/\/sistemasgenomicos.com\/wp-content\/uploads\/2018\/08\/soluciones.jpg\" class=\"attachment-large size-large\" alt=\"\" \/>\t\t\t\t\t\t\n\t\t\t\t\t<\/div>\n\t\t\t\t\t\t\t\t\n<style>\n#image_1707956682 {\n  width: 100%;\n}\n<\/style>\n\t<\/div>\n\t\n<ul>\n<li class=\"bullet-checkmark\">Diferenciaci\u00f3n de variedades vegetales<\/li>\n<li class=\"bullet-checkmark\">An\u00e1lisis, validaci\u00f3n y desarrollo de nuevos marcadores moleculares (SSR, SNPs)<\/li>\n<li class=\"bullet-checkmark\">Asesoramiento en programas de Mejora Asistida por Marcadores (MAS)<\/li>\n<li class=\"bullet-checkmark\">Servicios de secuenciaci\u00f3n masiva NGS<\/li>\n<li class=\"bullet-checkmark\">An\u00e1lisis, dise\u00f1o y desarrollo de herramientas bioinform\u00e1ticas a medida<\/li>\n<li class=\"bullet-checkmark\">Estudios avanzados de estudios masivos<\/li>\n<\/ul>\n\t\t<\/div>\n\t\t\t\t\t<\/div>\n\n\t\n<\/div>\n<div class=\"container section-title-container\" style=\"margin-bottom:50px;\"><h3 class=\"section-title section-title-center\"><b><\/b><span class=\"section-title-main\" >Tipos de servicios que ofrecemos<\/span><b><\/b><\/h3><\/div>\n\t<section class=\"section has-mask mask-arrow\" id=\"section_1138915573\">\n\t\t<div class=\"bg section-bg fill bg-fill  bg-loaded\" >\n\n\t\t\t\n\t\t\t<div class=\"section-bg-overlay absolute fill\"><\/div>\n\t\t\t\n\n\t\t<\/div>\n\n\t\t\n\n\t\t<div class=\"section-content relative\">\n\t\t\t\n\t<div id=\"gap-218982837\" class=\"gap-element clearfix\" style=\"display:block; height:auto;\">\n\t\t\n<style>\n#gap-218982837 {\n  padding-top: 30px;\n}\n<\/style>\n\t<\/div>\n\t\n<div class=\"row align-middle\"  id=\"row-1013534399\">\n\n\t<div id=\"col-2136964825\" class=\"col medium-4 small-12 large-4\"  data-animate=\"fadeInUp\">\n\t\t\t\t<div class=\"col-inner\"  >\n\t\t\t\n\t\t\t\n\n  <div class=\"banner has-hover\" id=\"banner-322087578\">\n          <div class=\"banner-inner fill\">\n        <div class=\"banner-bg fill\" >\n            <div class=\"bg fill bg-fill \"><\/div>\n                                    \n                    <\/div>\n\t\t\n        <div class=\"banner-layers container\">\n            <div class=\"fill banner-link\"><\/div>            \n        <\/div>\n      <\/div>\n\n            \n<style>\n#banner-322087578 {\n  padding-top: 500px;\n}\n#banner-322087578 .bg.bg-loaded {\n  background-image: url(https:\/\/sistemasgenomicos.com\/wp-content\/uploads\/2018\/08\/investigador.jpg);\n}\n#banner-322087578 .bg {\n  background-position: 29% 49%;\n}\n<\/style>\n  <\/div>\n\n\n\t\t<\/div>\n\t\t\t\t\t<\/div>\n\n\t\n\n\t<div id=\"col-184836611\" class=\"col medium-8 small-12 large-8\"  data-animate=\"fadeInUp\">\n\t\t\t\t<div class=\"col-inner\"  >\n\t\t\t\n\t\t\t\n<h2>Soluciones a medida: Investigaci\u00f3n Personalizada<\/h2>\n<p>La investigaci\u00f3n y el desarrollo de nuevas variedades vegetales tiene una gran trascendencia para el desarrollo del sector agrario, base de la innovaci\u00f3n tecnol\u00f3gica de la que depende toda la cadena alimentaria.<\/p>\n<p>Sistemas Gen\u00f3micos participa en esta revoluci\u00f3n vegetal ofreciendo una experiencia de m\u00e1s de 20 a\u00f1os en t\u00e9cnicas de gen\u00e9tica vegetal a mejoradores de plantas.<\/p>\n<p>A trav\u00e9s de diferentes t\u00e9cnicas moleculares (PCR, microarray, secuenciaci\u00f3n convencional), t\u00e9cnicas de secuenciaci\u00f3n masiva (secuenciaci\u00f3n del genoma y del transcriptoma, resecuenciaci\u00f3n dirigida, miRNAs, metatranscript\u00f3mica, epigen\u00e9tica) y bioinform\u00e1tica proponemos proyectos personalizados que supongan una soluci\u00f3n efectiva para las necesidades del sector:<\/p>\n<div class=\"row row-collapse\"  id=\"row-556266358\">\n\n\t<div id=\"col-1113317852\" class=\"col medium-6 small-6 large-3\"  >\n\t\t\t\t<div class=\"col-inner\"  >\n\t\t\t\n\t\t\t\n<ul>\n<li class=\"bullet-checkmark\">\n<h4>Tecnolog\u00eda de vanguardia<\/h4>\n<\/li>\n<\/ul>\n\t\t<\/div>\n\t\t\t\t\t<\/div>\n\n\t\n\n\t<div id=\"col-462845268\" class=\"col medium-6 small-6 large-3\"  >\n\t\t\t\t<div class=\"col-inner\"  >\n\t\t\t\n\t\t\t\n<ul>\n<li class=\"bullet-checkmark\">\n<h4>Combinaci\u00f3n de t\u00e9cnicas tradicionales y de \u00faltima generaci\u00f3n<\/h4>\n<\/li>\n<\/ul>\n\t\t<\/div>\n\t\t\t\t\t<\/div>\n\n\t\n\n\t<div id=\"col-1358208392\" class=\"col medium-6 small-6 large-3\"  >\n\t\t\t\t<div class=\"col-inner\"  >\n\t\t\t\n\t\t\t\n<ul>\n<li class=\"bullet-checkmark\">\n<h4>Bioinform\u00e1tica<\/h4>\n<\/li>\n<\/ul>\n\t\t<\/div>\n\t\t\t\t\t<\/div>\n\n\t\n\n\t<div id=\"col-560844241\" class=\"col medium-6 small-6 large-3\"  >\n\t\t\t\t<div class=\"col-inner\"  >\n\t\t\t\n\t\t\t\n<ul>\n<li class=\"bullet-checkmark\">\n<h4>Desarrollo de soluciones a medida<\/h4>\n<\/li>\n<\/ul>\n\t\t<\/div>\n\t\t\t\t\t<\/div>\n\n\t\n<\/div>\n<a href=\"#personalizar\" class=\"button primary is-link is-smaller\"  style=\"border-radius:99px;\">\n    <span>Solicitar informaci\u00f3n sobre este servicio<\/span>\n  <i class=\"icon-angle-right\" aria-hidden=\"true\" ><\/i><\/a>\n\n\t\t<\/div>\n\t\t\t\t\t<\/div>\n\n\t\n<\/div>\n\t\t<\/div>\n\n\t\t\n<style>\n#section_1138915573 {\n  padding-top: 30px;\n  padding-bottom: 30px;\n  background-color: rgb(249, 249, 249);\n}\n#section_1138915573 .section-bg-overlay {\n  background-color: rgba(241, 241, 241, 0);\n}\n<\/style>\n\t<\/section>\n\t\n\t<section class=\"section has-mask mask-arrow\" id=\"section_1572647816\">\n\t\t<div class=\"bg section-bg fill bg-fill  bg-loaded\" >\n\n\t\t\t\n\t\t\t\n\t\t\t\n\n\t\t<\/div>\n\n\t\t\n\n\t\t<div class=\"section-content relative\">\n\t\t\t\n\t<div id=\"gap-945595197\" class=\"gap-element clearfix\" style=\"display:block; height:auto;\">\n\t\t\n<style>\n#gap-945595197 {\n  padding-top: 30px;\n}\n<\/style>\n\t<\/div>\n\t\n<div class=\"row align-middle\"  id=\"row-1246111380\">\n\n\t<div id=\"col-48332173\" class=\"col medium-8 small-12 large-8\"  data-animate=\"fadeInUp\">\n\t\t\t\t<div class=\"col-inner\"  >\n\t\t\t\n\t\t\t\n<h2>Consultor\u00eda \u00c1rea Vegetal<\/h2>\n<ul>\n<li class=\"bullet-checkmark\">\n<h4>Mejora gen\u00e9tica de cultivos.<\/h4>\n<p>La identificaci\u00f3n de marcadores moleculares asociados a caracteres de inter\u00e9s agron\u00f3mico facilita la selecci\u00f3n temprana de individuos con genotipo de inter\u00e9s y, en consecuencia, permite disminuir enormemente los costes derivados del mantenimiento de plantones.<\/li>\n<li class=\"bullet-checkmark\">\n<h4>Identificaci\u00f3n de variedades. \u00a0<\/h4>\n<p>La caracterizaci\u00f3n gen\u00e9tica de variedades facilita la protecci\u00f3n de los derechos del obtentor ayudando a dirimir conflictos relacionados con la propiedad intelectual (denominaciones de origen\u2026).Estudios de diversidad gen\u00e9tica.\u00a0<\/li>\n<li class=\"bullet-checkmark\">\n<h4>Estudios de diversidad gen\u00e9tica.<\/h4>\n<p>La caracterizaci\u00f3n de la variabilidad a nivel molecular en vegetales es cr\u00edtica para plantear estrategias apropiadas de conservaci\u00f3n de la diversidad como por ejemplo el establecimiento de bancos de germoplasma.<\/li>\n<li class=\"bullet-checkmark\">\n<h4>An\u00e1lisis de suelos.<\/h4>\n<p>Mediante el estudio del Metagenoma es posible conocer la estructura de las comunidades microsc\u00f3picas que coexisten en el espacio y en el tiempo<\/p>\n<\/li>\n<\/ul>\n<a href=\"#personalizar\" class=\"button primary is-link is-smaller\"  style=\"border-radius:99px;\">\n    <span>Solicitar informaci\u00f3n sobre este servicio<\/span>\n  <i class=\"icon-angle-right\" aria-hidden=\"true\" ><\/i><\/a>\n\n\t\t<\/div>\n\t\t\t\t\t<\/div>\n\n\t\n\n\t<div id=\"col-1098038220\" class=\"col medium-4 small-12 large-4\"  data-animate=\"fadeInUp\">\n\t\t\t\t<div class=\"col-inner\"  >\n\t\t\t\n\t\t\t\n\n  <div class=\"banner has-hover\" id=\"banner-841667802\">\n          <div class=\"banner-inner fill\">\n        <div class=\"banner-bg fill\" >\n            <div class=\"bg fill bg-fill \"><\/div>\n                                    \n                    <\/div>\n\t\t\n        <div class=\"banner-layers container\">\n            <div class=\"fill banner-link\"><\/div>            \n        <\/div>\n      <\/div>\n\n            \n<style>\n#banner-841667802 {\n  padding-top: 501px;\n}\n#banner-841667802 .bg.bg-loaded {\n  background-image: url(https:\/\/sistemasgenomicos.com\/wp-content\/uploads\/2018\/08\/vegetables.jpg);\n}\n<\/style>\n  <\/div>\n\n\n\t\t<\/div>\n\t\t\t\t\t<\/div>\n\n\t\n<\/div>\n\t\t<\/div>\n\n\t\t\n<style>\n#section_1572647816 {\n  padding-top: 30px;\n  padding-bottom: 30px;\n  background-color: rgb(241, 241, 241);\n}\n<\/style>\n\t<\/section>\n\t\n\t<section class=\"section has-mask mask-arrow\" id=\"section_1231579673\">\n\t\t<div class=\"bg section-bg fill bg-fill  bg-loaded\" >\n\n\t\t\t\n\t\t\t\n\t\t\t\n\n\t\t<\/div>\n\n\t\t\n\n\t\t<div class=\"section-content relative\">\n\t\t\t\n\t<div id=\"gap-813842424\" class=\"gap-element clearfix\" style=\"display:block; height:auto;\">\n\t\t\n<style>\n#gap-813842424 {\n  padding-top: 30px;\n}\n<\/style>\n\t<\/div>\n\t\n<div class=\"row align-middle\"  id=\"row-1195530198\">\n\n\t<div id=\"col-1772782571\" class=\"col medium-4 small-12 large-4\"  data-animate=\"fadeInUp\">\n\t\t\t\t<div class=\"col-inner\"  >\n\t\t\t\n\t\t\t\n\n  <div class=\"banner has-hover\" id=\"banner-99322968\">\n          <div class=\"banner-inner fill\">\n        <div class=\"banner-bg fill\" >\n            <div class=\"bg fill bg-fill \"><\/div>\n                                    \n                    <\/div>\n\t\t\n        <div class=\"banner-layers container\">\n            <div class=\"fill banner-link\"><\/div>            \n        <\/div>\n      <\/div>\n\n            \n<style>\n#banner-99322968 {\n  padding-top: 200px;\n}\n#banner-99322968 .bg.bg-loaded {\n  background-image: url(https:\/\/sistemasgenomicos.com\/wp-content\/uploads\/2018\/08\/especies-animales.jpg);\n}\n#banner-99322968 .bg {\n  background-position: 50% 28%;\n}\n<\/style>\n  <\/div>\n\n\n\t\t<\/div>\n\t\t\t\t\t<\/div>\n\n\t\n\n\t<div id=\"col-533323674\" class=\"col medium-8 small-12 large-8\"  data-animate=\"fadeInUp\">\n\t\t\t\t<div class=\"col-inner\"  >\n\t\t\t\n\t\t\t\n<h2>Consultor\u00eda \u00c1rea Animal<\/h2>\n<ul>\n<li class=\"bullet-checkmark\">\n<h4>Mejora gen\u00e9tica animal.<\/h4>\n<p>La caracterizaci\u00f3n molecular de especies animales y la identificaci\u00f3n de caracteres de inter\u00e9s facilita la sostenibilidad de las producciones ganaderas mejorando su eficiencia e incrementando su rentabilidad.<\/p>\n<\/li>\n<\/ul>\n<a href=\"#personalizar\" class=\"button primary is-link is-smaller\"  style=\"border-radius:99px;\">\n    <span>Solicitar informaci\u00f3n sobre este servicio<\/span>\n  <i class=\"icon-angle-right\" aria-hidden=\"true\" ><\/i><\/a>\n\n\t\t<\/div>\n\t\t\t\t\t<\/div>\n\n\t\n<\/div>\n\t\t<\/div>\n\n\t\t\n<style>\n#section_1231579673 {\n  padding-top: 30px;\n  padding-bottom: 30px;\n  background-color: rgb(233, 233, 233);\n}\n<\/style>\n\t<\/section>\n\t\n\t<section class=\"section has-mask mask-arrow\" id=\"section_1623285232\">\n\t\t<div class=\"bg section-bg fill bg-fill  bg-loaded\" >\n\n\t\t\t\n\t\t\t\n\t\t\t\n\n\t\t<\/div>\n\n\t\t\n\n\t\t<div class=\"section-content relative\">\n\t\t\t\n\t<div id=\"gap-699191267\" class=\"gap-element clearfix\" style=\"display:block; height:auto;\">\n\t\t\n<style>\n#gap-699191267 {\n  padding-top: 30px;\n}\n<\/style>\n\t<\/div>\n\t\n<div class=\"row\"  id=\"row-938949033\">\n\n\t<div id=\"col-155345808\" class=\"col medium-8 small-12 large-8\"  data-animate=\"fadeInUp\">\n\t\t\t\t<div class=\"col-inner\"  >\n\t\t\t\n\t\t\t\n<h2>Implantaci\u00f3n norma 17025<\/h2>\n<p>Desde Sistemas gen\u00f3micos ofrecemos asesoramiento para la implementaci\u00f3n y puesta en marcha de laboratorios de Biolog\u00eda Molecular, desde el inicio hasta su pleno funcionamiento y posterior asesoramiento en la implantaci\u00f3n de Normas como la\u00a0 17025.<\/p>\n<p>La experiencia y especializaci\u00f3n de Sistemas Gen\u00f3micos en t\u00e9cnicas de biolog\u00eda molecular nos permite ofrecer una serie de servicios relacionados con evaluaci\u00f3n de instalaciones y equipos, formaci\u00f3n especializada, asistencia t\u00e9cnica, asesoramiento para la implantaci\u00f3n de los requisitos t\u00e9cnicos exigidos por la norma ISO 17025, etc.<\/p>\n<a href=\"#personalizar\" class=\"button primary is-link is-smaller\"  style=\"border-radius:99px;\">\n    <span>Solicitar informaci\u00f3n sobre este servicio<\/span>\n  <i class=\"icon-angle-right\" aria-hidden=\"true\" ><\/i><\/a>\n\n\t\t<\/div>\n\t\t\t\t\t<\/div>\n\n\t\n\n\t<div id=\"col-773345882\" class=\"col medium-4 small-12 large-4\"  data-animate=\"fadeInUp\">\n\t\t\t\t<div class=\"col-inner\"  >\n\t\t\t\n\t\t\t\n\t<div class=\"img has-hover x md-x lg-x y md-y lg-y\" id=\"image_431921066\">\n\t\t\t\t\t\t\t\t<div class=\"img-inner dark\" >\n\t\t\t<img loading=\"lazy\" decoding=\"async\" width=\"739\" height=\"1024\" src=\"https:\/\/sistemasgenomicos.com\/wp-content\/uploads\/2018\/08\/iso-1725-1.png\" class=\"attachment-large size-large\" alt=\"\" \/>\t\t\t\t\t\t\n\t\t\t\t\t<\/div>\n\t\t\t\t\t\t\t\t\n<style>\n#image_431921066 {\n  width: 53%;\n}\n<\/style>\n\t<\/div>\n\t\n\t\t<\/div>\n\t\t\t\t\n<style>\n#col-773345882 > .col-inner {\n  margin: 0px 30px 30px 30px;\n}\n<\/style>\n\t<\/div>\n\n\t\n<\/div>\n\t\t<\/div>\n\n\t\t\n<style>\n#section_1623285232 {\n  padding-top: 30px;\n  padding-bottom: 30px;\n  background-color: rgb(225, 225, 225);\n}\n<\/style>\n\t<\/section>\n\t\n","protected":false},"excerpt":{"rendered":"","protected":false},"author":83,"featured_media":42665,"parent":98318,"menu_order":0,"comment_status":"closed","ping_status":"closed","template":"page-blank.php","meta":{"footnotes":""},"class_list":["post-98331","page","type-page","status-publish","has-post-thumbnail","hentry"],"acf":[],"yoast_head":"<!-- This site is optimized with the Yoast SEO plugin v27.5 - https:\/\/yoast.com\/product\/yoast-seo-wordpress\/ -->\n<title>Consulting - Sistemas Gen\u00f3micos<\/title>\n<meta name=\"robots\" content=\"index, follow, max-snippet:-1, max-image-preview:large, max-video-preview:-1\" \/>\n<link rel=\"canonical\" href=\"https:\/\/sistemasgenomicos.com\/es\/agrogenomica\/consulting\/\" \/>\n<meta property=\"og:locale\" content=\"es_ES\" \/>\n<meta property=\"og:type\" content=\"article\" \/>\n<meta property=\"og:title\" content=\"Consulting - Sistemas Gen\u00f3micos\" \/>\n<meta property=\"og:url\" content=\"https:\/\/sistemasgenomicos.com\/es\/agrogenomica\/consulting\/\" \/>\n<meta property=\"og:site_name\" content=\"Sistemas Gen\u00f3micos\" \/>\n<meta property=\"article:modified_time\" content=\"2018-09-10T09:32:05+00:00\" \/>\n<meta property=\"og:image\" content=\"https:\/\/sistemasgenomicos.com\/wp-content\/uploads\/2018\/04\/logo-sistemas-genomicos-default-1.jpg\" \/>\n\t<meta property=\"og:image:width\" content=\"1200\" \/>\n\t<meta property=\"og:image:height\" content=\"750\" \/>\n\t<meta property=\"og:image:type\" content=\"image\/jpeg\" \/>\n<meta name=\"twitter:card\" content=\"summary_large_image\" \/>\n<meta name=\"twitter:label1\" content=\"Tiempo de lectura\" \/>\n\t<meta name=\"twitter:data1\" content=\"5 minutos\" \/>\n<script type=\"application\/ld+json\" class=\"yoast-schema-graph\">{\"@context\":\"https:\\\/\\\/schema.org\",\"@graph\":[{\"@type\":\"WebPage\",\"@id\":\"https:\\\/\\\/sistemasgenomicos.com\\\/es\\\/agrogenomica\\\/consulting\\\/\",\"url\":\"https:\\\/\\\/sistemasgenomicos.com\\\/es\\\/agrogenomica\\\/consulting\\\/\",\"name\":\"Consulting - Sistemas Gen\u00f3micos\",\"isPartOf\":{\"@id\":\"https:\\\/\\\/sistemasgenomicos.com\\\/es\\\/#website\"},\"primaryImageOfPage\":{\"@id\":\"https:\\\/\\\/sistemasgenomicos.com\\\/es\\\/agrogenomica\\\/consulting\\\/#primaryimage\"},\"image\":{\"@id\":\"https:\\\/\\\/sistemasgenomicos.com\\\/es\\\/agrogenomica\\\/consulting\\\/#primaryimage\"},\"thumbnailUrl\":\"https:\\\/\\\/sistemasgenomicos.com\\\/wp-content\\\/uploads\\\/2018\\\/04\\\/logo-sistemas-genomicos-default-1.jpg\",\"datePublished\":\"2018-08-30T11:05:04+00:00\",\"dateModified\":\"2018-09-10T09:32:05+00:00\",\"breadcrumb\":{\"@id\":\"https:\\\/\\\/sistemasgenomicos.com\\\/es\\\/agrogenomica\\\/consulting\\\/#breadcrumb\"},\"inLanguage\":\"es\",\"potentialAction\":[{\"@type\":\"ReadAction\",\"target\":[\"https:\\\/\\\/sistemasgenomicos.com\\\/es\\\/agrogenomica\\\/consulting\\\/\"]}]},{\"@type\":\"ImageObject\",\"inLanguage\":\"es\",\"@id\":\"https:\\\/\\\/sistemasgenomicos.com\\\/es\\\/agrogenomica\\\/consulting\\\/#primaryimage\",\"url\":\"https:\\\/\\\/sistemasgenomicos.com\\\/wp-content\\\/uploads\\\/2018\\\/04\\\/logo-sistemas-genomicos-default-1.jpg\",\"contentUrl\":\"https:\\\/\\\/sistemasgenomicos.com\\\/wp-content\\\/uploads\\\/2018\\\/04\\\/logo-sistemas-genomicos-default-1.jpg\",\"width\":1200,\"height\":750},{\"@type\":\"BreadcrumbList\",\"@id\":\"https:\\\/\\\/sistemasgenomicos.com\\\/es\\\/agrogenomica\\\/consulting\\\/#breadcrumb\",\"itemListElement\":[{\"@type\":\"ListItem\",\"position\":1,\"name\":\"Portada\",\"item\":\"https:\\\/\\\/sistemasgenomicos.com\\\/es\\\/\"},{\"@type\":\"ListItem\",\"position\":2,\"name\":\"Agrogen\u00f3mica\",\"item\":\"https:\\\/\\\/sistemasgenomicos.com\\\/es\\\/agrogenomica\\\/\"},{\"@type\":\"ListItem\",\"position\":3,\"name\":\"Consulting\"}]},{\"@type\":\"WebSite\",\"@id\":\"https:\\\/\\\/sistemasgenomicos.com\\\/es\\\/#website\",\"url\":\"https:\\\/\\\/sistemasgenomicos.com\\\/es\\\/\",\"name\":\"Sistemas Gen\u00f3micos\",\"description\":\"La mayor empresa dedicada a la investigaci\u00f3n gen\u00e9tica y molecular\",\"publisher\":{\"@id\":\"https:\\\/\\\/sistemasgenomicos.com\\\/es\\\/#organization\"},\"potentialAction\":[{\"@type\":\"SearchAction\",\"target\":{\"@type\":\"EntryPoint\",\"urlTemplate\":\"https:\\\/\\\/sistemasgenomicos.com\\\/es\\\/?s={search_term_string}\"},\"query-input\":{\"@type\":\"PropertyValueSpecification\",\"valueRequired\":true,\"valueName\":\"search_term_string\"}}],\"inLanguage\":\"es\"},{\"@type\":\"Organization\",\"@id\":\"https:\\\/\\\/sistemasgenomicos.com\\\/es\\\/#organization\",\"name\":\"Sistemas Gen\u00f3micos\",\"url\":\"https:\\\/\\\/sistemasgenomicos.com\\\/es\\\/\",\"logo\":{\"@type\":\"ImageObject\",\"inLanguage\":\"es\",\"@id\":\"https:\\\/\\\/sistemasgenomicos.com\\\/es\\\/#\\\/schema\\\/logo\\\/image\\\/\",\"url\":\"https:\\\/\\\/sistemasgenomicos.com\\\/wp-content\\\/uploads\\\/2022\\\/04\\\/image001-1.png\",\"contentUrl\":\"https:\\\/\\\/sistemasgenomicos.com\\\/wp-content\\\/uploads\\\/2022\\\/04\\\/image001-1.png\",\"width\":250,\"height\":122,\"caption\":\"Sistemas Gen\u00f3micos\"},\"image\":{\"@id\":\"https:\\\/\\\/sistemasgenomicos.com\\\/es\\\/#\\\/schema\\\/logo\\\/image\\\/\"}}]}<\/script>\n<!-- \/ Yoast SEO plugin. -->","yoast_head_json":{"title":"Consulting - Sistemas Gen\u00f3micos","robots":{"index":"index","follow":"follow","max-snippet":"max-snippet:-1","max-image-preview":"max-image-preview:large","max-video-preview":"max-video-preview:-1"},"canonical":"https:\/\/sistemasgenomicos.com\/es\/agrogenomica\/consulting\/","og_locale":"es_ES","og_type":"article","og_title":"Consulting - Sistemas Gen\u00f3micos","og_url":"https:\/\/sistemasgenomicos.com\/es\/agrogenomica\/consulting\/","og_site_name":"Sistemas Gen\u00f3micos","article_modified_time":"2018-09-10T09:32:05+00:00","og_image":[{"width":1200,"height":750,"url":"https:\/\/sistemasgenomicos.com\/wp-content\/uploads\/2018\/04\/logo-sistemas-genomicos-default-1.jpg","type":"image\/jpeg"}],"twitter_card":"summary_large_image","twitter_misc":{"Tiempo de lectura":"5 minutos"},"schema":{"@context":"https:\/\/schema.org","@graph":[{"@type":"WebPage","@id":"https:\/\/sistemasgenomicos.com\/es\/agrogenomica\/consulting\/","url":"https:\/\/sistemasgenomicos.com\/es\/agrogenomica\/consulting\/","name":"Consulting - Sistemas Gen\u00f3micos","isPartOf":{"@id":"https:\/\/sistemasgenomicos.com\/es\/#website"},"primaryImageOfPage":{"@id":"https:\/\/sistemasgenomicos.com\/es\/agrogenomica\/consulting\/#primaryimage"},"image":{"@id":"https:\/\/sistemasgenomicos.com\/es\/agrogenomica\/consulting\/#primaryimage"},"thumbnailUrl":"https:\/\/sistemasgenomicos.com\/wp-content\/uploads\/2018\/04\/logo-sistemas-genomicos-default-1.jpg","datePublished":"2018-08-30T11:05:04+00:00","dateModified":"2018-09-10T09:32:05+00:00","breadcrumb":{"@id":"https:\/\/sistemasgenomicos.com\/es\/agrogenomica\/consulting\/#breadcrumb"},"inLanguage":"es","potentialAction":[{"@type":"ReadAction","target":["https:\/\/sistemasgenomicos.com\/es\/agrogenomica\/consulting\/"]}]},{"@type":"ImageObject","inLanguage":"es","@id":"https:\/\/sistemasgenomicos.com\/es\/agrogenomica\/consulting\/#primaryimage","url":"https:\/\/sistemasgenomicos.com\/wp-content\/uploads\/2018\/04\/logo-sistemas-genomicos-default-1.jpg","contentUrl":"https:\/\/sistemasgenomicos.com\/wp-content\/uploads\/2018\/04\/logo-sistemas-genomicos-default-1.jpg","width":1200,"height":750},{"@type":"BreadcrumbList","@id":"https:\/\/sistemasgenomicos.com\/es\/agrogenomica\/consulting\/#breadcrumb","itemListElement":[{"@type":"ListItem","position":1,"name":"Portada","item":"https:\/\/sistemasgenomicos.com\/es\/"},{"@type":"ListItem","position":2,"name":"Agrogen\u00f3mica","item":"https:\/\/sistemasgenomicos.com\/es\/agrogenomica\/"},{"@type":"ListItem","position":3,"name":"Consulting"}]},{"@type":"WebSite","@id":"https:\/\/sistemasgenomicos.com\/es\/#website","url":"https:\/\/sistemasgenomicos.com\/es\/","name":"Sistemas Gen\u00f3micos","description":"La mayor empresa dedicada a la investigaci\u00f3n gen\u00e9tica y molecular","publisher":{"@id":"https:\/\/sistemasgenomicos.com\/es\/#organization"},"potentialAction":[{"@type":"SearchAction","target":{"@type":"EntryPoint","urlTemplate":"https:\/\/sistemasgenomicos.com\/es\/?s={search_term_string}"},"query-input":{"@type":"PropertyValueSpecification","valueRequired":true,"valueName":"search_term_string"}}],"inLanguage":"es"},{"@type":"Organization","@id":"https:\/\/sistemasgenomicos.com\/es\/#organization","name":"Sistemas Gen\u00f3micos","url":"https:\/\/sistemasgenomicos.com\/es\/","logo":{"@type":"ImageObject","inLanguage":"es","@id":"https:\/\/sistemasgenomicos.com\/es\/#\/schema\/logo\/image\/","url":"https:\/\/sistemasgenomicos.com\/wp-content\/uploads\/2022\/04\/image001-1.png","contentUrl":"https:\/\/sistemasgenomicos.com\/wp-content\/uploads\/2022\/04\/image001-1.png","width":250,"height":122,"caption":"Sistemas Gen\u00f3micos"},"image":{"@id":"https:\/\/sistemasgenomicos.com\/es\/#\/schema\/logo\/image\/"}}]}},"_links":{"self":[{"href":"https:\/\/sistemasgenomicos.com\/es\/wp-json\/wp\/v2\/pages\/98331","targetHints":{"allow":["GET"]}}],"collection":[{"href":"https:\/\/sistemasgenomicos.com\/es\/wp-json\/wp\/v2\/pages"}],"about":[{"href":"https:\/\/sistemasgenomicos.com\/es\/wp-json\/wp\/v2\/types\/page"}],"author":[{"embeddable":true,"href":"https:\/\/sistemasgenomicos.com\/es\/wp-json\/wp\/v2\/users\/83"}],"replies":[{"embeddable":true,"href":"https:\/\/sistemasgenomicos.com\/es\/wp-json\/wp\/v2\/comments?post=98331"}],"version-history":[{"count":0,"href":"https:\/\/sistemasgenomicos.com\/es\/wp-json\/wp\/v2\/pages\/98331\/revisions"}],"up":[{"embeddable":true,"href":"https:\/\/sistemasgenomicos.com\/es\/wp-json\/wp\/v2\/pages\/98318"}],"wp:featuredmedia":[{"embeddable":true,"href":"https:\/\/sistemasgenomicos.com\/es\/wp-json\/wp\/v2\/media\/42665"}],"wp:attachment":[{"href":"https:\/\/sistemasgenomicos.com\/es\/wp-json\/wp\/v2\/media?parent=98331"}],"curies":[{"name":"wp","href":"https:\/\/api.w.org\/{rel}","templated":true}]}}