{"id":929,"date":"2017-10-18T20:42:34","date_gmt":"2017-10-18T20:42:34","guid":{"rendered":"https:\/\/sistemasgenomicos.digitis.net\/?page_id=929"},"modified":"2018-07-05T07:24:10","modified_gmt":"2018-07-05T07:24:10","slug":"alianzas-estrategicas","status":"publish","type":"page","link":"https:\/\/sistemasgenomicos.com\/es\/investigadores-y-partners\/alianzas-estrategicas\/","title":{"rendered":"Alianzas Estrat\u00e9gicas"},"content":{"rendered":"<div class=\"row\"  id=\"row-34312693\">\n\n\t<div id=\"col-1107222232\" class=\"col small-12 large-12\"  >\n\t\t\t\t<div class=\"col-inner\"  >\n\t\t\t\n\t\t\t\n<div class=\"container section-title-container\" style=\"margin-bottom:0px;\"><h3 class=\"section-title section-title-normal\"><b><\/b><span class=\"section-title-main\" >Perfil de Socio<\/span><b><\/b><\/h3><\/div>\n<p>Sistemas Gen\u00f3micos, empresa pionera en tecnolog\u00eda de secuenciaci\u00f3n de DNA y RNA, lleva participando y trabajando activamente desde su origen en m\u00faltiples proyectos de investigaci\u00f3n gen\u00e9tica tanto a nivel nacional como internacional.<\/p>\n<p>La compa\u00f1\u00eda presenta un alto componente en I+D+i, con una inversi\u00f3n de aproximadamente el 15% anual,\u00a0 sobre el cual basa su crecimiento y evoluci\u00f3n que le permite posicionarse como l\u00edder en el sector.<\/p>\n<p>Avalada por una reconocida trayectoria profesional, posee una amplia experiencia dentro de proyectos de investigaci\u00f3n multidisciplinares en el \u00e1rea biom\u00e9dica y agrogen\u00e9tica. Los proyectos en los que ha participado se enmarcan dentro de diversas convocatorias, como H2020, FP7, CDTI, MINECO,\u00a0 MINETUR o\u00a0 IVACE, destacando su implicaci\u00f3n directa en los primeros proyectos internacionales de secuenciaci\u00f3n de genomas realizados en Espa\u00f1a y 7 grandes proyectos Europeos de los cuales 4 siguen activos actualmente.<\/p>\n\t\t<\/div>\n\t\t\t\t\n<style>\n#col-1107222232 > .col-inner {\n  padding: 0px 0px 0px 20px;\n}\n<\/style>\n\t<\/div>\n\n\t\n<\/div>\n\t<section class=\"section\" id=\"section_401515205\">\n\t\t<div class=\"bg section-bg fill bg-fill  bg-loaded\" >\n\n\t\t\t\n\t\t\t\n\t\t\t\n\n\t\t<\/div>\n\n\t\t\n\n\t\t<div class=\"section-content relative\">\n\t\t\t\n<div class=\"row align-center\"  id=\"row-254259164\">\n\n\t<div id=\"col-855423099\" class=\"col small-12 large-12\"  >\n\t\t\t\t<div class=\"col-inner\"  >\n\t\t\t\n\t\t\t\n\t<div id=\"gap-1090742584\" class=\"gap-element clearfix\" style=\"display:block; height:auto;\">\n\t\t\n<style>\n#gap-1090742584 {\n  padding-top: 50px;\n}\n<\/style>\n\t<\/div>\n\t\n\t\t<\/div>\n\t\t\t\t\t<\/div>\n\n\t\n\n\t<div id=\"col-308190146\" class=\"col medium-9 small-12 large-9\"  >\n\t\t\t\t<div class=\"col-inner\"  >\n\t\t\t\n\t\t\t\n<div class=\"row row-large\"  id=\"row-630036721\">\n\n\t<div id=\"col-597850888\" class=\"col medium-4 small-12 large-4\"  >\n\t\t\t\t<div class=\"col-inner\"  >\n\t\t\t\n\t\t\t\n<h5>Sistemas Gen\u00f3micos<\/h5>\n<h2>Perfil de socio multidisciplinar<\/h2>\n<p>Sistemas Gen\u00f3micos pone a disposici\u00f3n de hospitales, empresas, instituciones, universidades y centros de investigaci\u00f3n toda su experiencia, capacidad t\u00e9cnica y tecnolog\u00eda para el desarrollo conjunto de proyectos de investigaci\u00f3n innovadores.<\/p>\n<a href=\"https:\/\/sistemasgenomicos.com\/quienes-somos\/contactar\/\" class=\"button primary is-link is-smaller\"  style=\"border-radius:99px;\">\n    <span>Contacta con nosotros<\/span>\n  <i class=\"icon-angle-right\" aria-hidden=\"true\" ><\/i><\/a>\n\n\t\t<\/div>\n\t\t\t\t\t<\/div>\n\n\t\n\n\t<div id=\"col-1749627827\" class=\"col medium-8 small-12 large-8\"  >\n\t\t\t\t<div class=\"col-inner\"  >\n\t\t\t\n\t\t\t\n\n\t\t<div class=\"icon-box featured-box icon-box-left text-left is-small\"  >\n\t\t\t\t\t<div class=\"icon-box-img has-icon-bg\" style=\"width: 53px\">\n\t\t\t\t<div class=\"icon\">\n\t\t\t\t\t<div class=\"icon-inner\" style=\"border-width:1px;color:rgb(0, 73, 139);\">\n\t\t\t\t\t\t<?xml version=\"1.0\" encoding=\"iso-8859-1\"?>\r\n<!-- Generator: Adobe Illustrator 19.0.0, SVG Export Plug-In . SVG Version: 6.00 Build 0)  -->\r\n<svg version=\"1.1\" id=\"Capa_1\" xmlns=\"http:\/\/www.w3.org\/2000\/svg\" xmlns:xlink=\"http:\/\/www.w3.org\/1999\/xlink\" x=\"0px\" y=\"0px\"\r\n\t viewBox=\"0 0 56 56\" style=\"enable-background:new 0 0 56 56;\" xml:space=\"preserve\">\r\n<path d=\"M25,46H10.845C4.865,46,0,41.135,0,35.154C0,31,2.705,26.688,6.433,24.901L7,24.63V24c0-0.127,0.008-0.256,0.015-0.386\r\n\tl0.009-0.16l-0.012-0.21C7.006,23.163,7,23.082,7,23c0-3.859,3.141-7,7-7c0.309,0,0.614,0.027,0.917,0.067\r\n\tc0.078,0.01,0.156,0.023,0.233,0.036c0.267,0.044,0.53,0.102,0.789,0.177c0.035,0.01,0.071,0.017,0.106,0.027\r\n\tc0.285,0.087,0.563,0.197,0.835,0.321c0.071,0.032,0.14,0.067,0.21,0.101c0.24,0.119,0.475,0.249,0.702,0.396\r\n\tC19.719,18.373,21,20.538,21,23c0,0.553,0.447,1,1,1s1-0.447,1-1c0-2.754-1.246-5.219-3.2-6.871C22.667,12.379,27.388,10,32.085,10\r\n\tc7.745,0,14.177,6.135,14.848,13.888c-1.022-0.072-2.552-0.109-4.083,0.124c-0.546,0.083-0.921,0.593-0.838,1.139\r\n\tc0.075,0.495,0.501,0.85,0.987,0.85c0.05,0,0.101-0.004,0.151-0.012c2.227-0.337,4.548-0.021,4.684-0.002\r\n\tC52.49,26.872,56,31.161,56,35.972C56,41.501,51.501,46,45.972,46H33H25z\"\/>\r\n<g>\r\n<\/g>\r\n<g>\r\n<\/g>\r\n<g>\r\n<\/g>\r\n<g>\r\n<\/g>\r\n<g>\r\n<\/g>\r\n<g>\r\n<\/g>\r\n<g>\r\n<\/g>\r\n<g>\r\n<\/g>\r\n<g>\r\n<\/g>\r\n<g>\r\n<\/g>\r\n<g>\r\n<\/g>\r\n<g>\r\n<\/g>\r\n<g>\r\n<\/g>\r\n<g>\r\n<\/g>\r\n<g>\r\n<\/g>\r\n<\/svg>\r\n\t\t\t\t\t<\/div>\n\t\t\t\t<\/div>\n\t\t\t<\/div>\n\t\t\t\t<div class=\"icon-box-text last-reset\">\n\t\t\t\t\t\t\t\t\t\n<h3>Investigaci\u00f3n<\/h3>\n<p>Nuestro gran equipo multidisciplinar altamente cualificado, con amplia experiencia y dominio de la tecnolog\u00eda m\u00e1s avanzada junto con su constante motivaci\u00f3n y dedicaci\u00f3n a la I+D+i, permite potenciar en colaboraci\u00f3n la labor investigadora de cualquier instituci\u00f3n tanto p\u00fablica como privada.<\/p>\n\t\t<\/div>\n\t<\/div>\n\t\n\t\n\t<div id=\"gap-171472897\" class=\"gap-element clearfix\" style=\"display:block; height:auto;\">\n\t\t\n<style>\n#gap-171472897 {\n  padding-top: 30px;\n}\n<\/style>\n\t<\/div>\n\t\n\n\t\t<div class=\"icon-box featured-box icon-box-left text-left is-small\"  >\n\t\t\t\t\t<div class=\"icon-box-img has-icon-bg\" style=\"width: 53px\">\n\t\t\t\t<div class=\"icon\">\n\t\t\t\t\t<div class=\"icon-inner\" style=\"border-width:1px;color:rgb(0, 73, 139);\">\n\t\t\t\t\t\t<?xml version=\"1.0\" encoding=\"iso-8859-1\"?>\r\n<!-- Generator: Adobe Illustrator 19.0.0, SVG Export Plug-In . SVG Version: 6.00 Build 0)  -->\r\n<svg version=\"1.1\" id=\"Capa_1\" xmlns=\"http:\/\/www.w3.org\/2000\/svg\" xmlns:xlink=\"http:\/\/www.w3.org\/1999\/xlink\" x=\"0px\" y=\"0px\"\r\n\t viewBox=\"0 0 48.698 48.698\" style=\"enable-background:new 0 0 48.698 48.698;\" xml:space=\"preserve\">\r\n<g>\r\n\t<polygon points=\"47.784,13.309 24.349,0 0.914,13.309 24.349,26.698 \t\"\/>\r\n\t<polygon points=\"24.349,29.002 8.548,19.974 0.914,24.309 24.349,37.698 47.784,24.309 40.151,19.974 \t\"\/>\r\n\t<polygon points=\"24.349,40.002 8.548,30.974 0.914,35.309 24.349,48.698 47.784,35.309 40.151,30.974 \t\"\/>\r\n<\/g>\r\n<g>\r\n<\/g>\r\n<g>\r\n<\/g>\r\n<g>\r\n<\/g>\r\n<g>\r\n<\/g>\r\n<g>\r\n<\/g>\r\n<g>\r\n<\/g>\r\n<g>\r\n<\/g>\r\n<g>\r\n<\/g>\r\n<g>\r\n<\/g>\r\n<g>\r\n<\/g>\r\n<g>\r\n<\/g>\r\n<g>\r\n<\/g>\r\n<g>\r\n<\/g>\r\n<g>\r\n<\/g>\r\n<g>\r\n<\/g>\r\n<\/svg>\r\n\t\t\t\t\t<\/div>\n\t\t\t\t<\/div>\n\t\t\t<\/div>\n\t\t\t\t<div class=\"icon-box-text last-reset\">\n\t\t\t\t\t\t\t\t\t\n<h3>Tecnolog\u00eda<\/h3>\n<p>Disponemos en nuestras instalaciones de la tecnolog\u00eda m\u00e1s avanzada y puntera en an\u00e1lisis gen\u00e9tico junto con un equipo experto altamente cualificado con el cual desarrollar proyectos que cubran las necesidades actuales en beneficio de la sociedad aplicando la soluci\u00f3n tecnol\u00f3gica m\u00e1s adecuada en cada proyecto.<\/p>\n\t\t<\/div>\n\t<\/div>\n\t\n\t\n\t<div id=\"gap-841883557\" class=\"gap-element clearfix\" style=\"display:block; height:auto;\">\n\t\t\n<style>\n#gap-841883557 {\n  padding-top: 30px;\n}\n<\/style>\n\t<\/div>\n\t\n\n\t\t<div class=\"icon-box featured-box icon-box-left text-left is-small\"  >\n\t\t\t\t\t<div class=\"icon-box-img has-icon-bg\" style=\"width: 53px\">\n\t\t\t\t<div class=\"icon\">\n\t\t\t\t\t<div class=\"icon-inner\" style=\"border-width:1px;color:rgb(0, 73, 139);\">\n\t\t\t\t\t\t<?xml version=\"1.0\" encoding=\"iso-8859-1\"?>\r\n<!-- Generator: Adobe Illustrator 19.0.0, SVG Export Plug-In . SVG Version: 6.00 Build 0)  -->\r\n<svg version=\"1.1\" id=\"Capa_1\" xmlns=\"http:\/\/www.w3.org\/2000\/svg\" xmlns:xlink=\"http:\/\/www.w3.org\/1999\/xlink\" x=\"0px\" y=\"0px\"\r\n\t viewBox=\"0 0 54 54\" style=\"enable-background:new 0 0 54 54;\" xml:space=\"preserve\">\r\n<path d=\"M51.22,21h-5.052c-0.812,0-1.481-0.447-1.792-1.197s-0.153-1.54,0.42-2.114l3.572-3.571\r\n\tc0.525-0.525,0.814-1.224,0.814-1.966c0-0.743-0.289-1.441-0.814-1.967l-4.553-4.553c-1.05-1.05-2.881-1.052-3.933,0l-3.571,3.571\r\n\tc-0.475,0.475-0.997,0.574-1.352,0.574c-0.5,0-0.997-0.196-1.364-0.539C33.324,8.984,33,8.534,33,7.832V2.78\r\n\tC33,1.247,31.753,0,30.22,0H23.78C22.247,0,21,1.247,21,2.78v5.052c0,1.218-0.997,1.945-1.961,1.945c-0.354,0-0.876-0.1-1.351-0.574\r\n\tl-3.571-3.571c-1.052-1.052-2.883-1.05-3.933,0l-4.553,4.553c-0.525,0.525-0.814,1.224-0.814,1.967c0,0.742,0.289,1.44,0.814,1.966\r\n\tl3.572,3.571c0.573,0.574,0.73,1.364,0.42,2.114S8.644,21,7.832,21H2.78C1.247,21,0,22.247,0,23.78v6.438C0,31.752,1.247,33,2.78,33\r\n\th5.052c0.812,0,1.481,0.447,1.792,1.197s0.153,1.54-0.42,2.114l-3.572,3.571c-0.525,0.525-0.814,1.224-0.814,1.966\r\n\tc0,0.743,0.289,1.441,0.814,1.967l4.553,4.553c1.051,1.051,2.881,1.053,3.933,0l3.571-3.571c0.475-0.475,0.997-0.574,1.352-0.574\r\n\tc0.963,0,1.96,0.728,1.96,1.945v5.051C21,52.752,22.247,54,23.78,54h6.439c1.533,0,2.78-1.248,2.78-2.781v-5.051\r\n\tc0-1.218,0.997-1.945,1.96-1.945c0.354,0,0.877,0.1,1.352,0.574l3.571,3.571c1.052,1.052,2.883,1.05,3.933,0l4.553-4.553\r\n\tc0.525-0.525,0.814-1.224,0.814-1.967c0-0.742-0.289-1.44-0.814-1.966l-3.572-3.571c-0.573-0.574-0.73-1.364-0.42-2.114\r\n\tS45.356,33,46.168,33h5.052c1.533,0,2.78-1.248,2.78-2.781V23.78C54,22.247,52.753,21,51.22,21z M34,27c0,3.859-3.141,7-7,7\r\n\ts-7-3.141-7-7s3.141-7,7-7S34,23.141,34,27z\"\/>\r\n<g>\r\n<\/g>\r\n<g>\r\n<\/g>\r\n<g>\r\n<\/g>\r\n<g>\r\n<\/g>\r\n<g>\r\n<\/g>\r\n<g>\r\n<\/g>\r\n<g>\r\n<\/g>\r\n<g>\r\n<\/g>\r\n<g>\r\n<\/g>\r\n<g>\r\n<\/g>\r\n<g>\r\n<\/g>\r\n<g>\r\n<\/g>\r\n<g>\r\n<\/g>\r\n<g>\r\n<\/g>\r\n<g>\r\n<\/g>\r\n<\/svg>\r\n\t\t\t\t\t<\/div>\n\t\t\t\t<\/div>\n\t\t\t<\/div>\n\t\t\t\t<div class=\"icon-box-text last-reset\">\n\t\t\t\t\t\t\t\t\t\n<h3>Gesti\u00f3n de la Innovaci\u00f3n<\/h3>\n<p>Ponemos a disposici\u00f3n del proyecto la gesti\u00f3n de las acciones necesarias para situar el producto desarrollado en el mercado en una posici\u00f3n competitiva ofreciendo adem\u00e1s las redes comerciales que la empresa tiene establecidas en m\u00e1s de 50 pa\u00edses a nivel mundial como canal de distribuci\u00f3n.<\/p>\n\t\t<\/div>\n\t<\/div>\n\t\n\t\n\t\t<\/div>\n\t\t\t\t\t<\/div>\n\n\t\n<\/div>\n\t\t<\/div>\n\t\t\t\t\t<\/div>\n\n\t\n<\/div>\n\t\t<\/div>\n\n\t\t\n<style>\n#section_401515205 {\n  padding-top: 30px;\n  padding-bottom: 30px;\n  background-color: rgba(0, 0, 0, 0.02);\n}\n<\/style>\n\t<\/section>\n\t\n\t<div id=\"gap-1619609554\" class=\"gap-element clearfix\" style=\"display:block; height:auto;\">\n\t\t\n<style>\n#gap-1619609554 {\n  padding-top: 40px;\n}\n<\/style>\n\t<\/div>\n\t\n<div class=\"row row-large align-center row-solid\"  id=\"row-1005856545\">\n\n\t<div id=\"col-2134686932\" class=\"col medium-2 small-12 large-2\"  >\n\t\t\t\t<div class=\"col-inner text-center\"  >\n\t\t\t\n\t\t\t\n\t<div class=\"img has-hover x md-x lg-x y md-y lg-y\" id=\"image_691347146\">\n\t\t\t\t\t\t\t\t<div class=\"img-inner dark\" >\n\t\t\t<img loading=\"lazy\" decoding=\"async\" width=\"695\" height=\"824\" src=\"https:\/\/sistemasgenomicos.com\/wp-content\/uploads\/2017\/10\/pyme-inovadora.png\" class=\"attachment-large size-large\" alt=\"\" srcset=\"https:\/\/sistemasgenomicos.com\/wp-content\/uploads\/2017\/10\/pyme-inovadora.png 695w, https:\/\/sistemasgenomicos.com\/wp-content\/uploads\/2017\/10\/pyme-inovadora-253x300.png 253w, https:\/\/sistemasgenomicos.com\/wp-content\/uploads\/2017\/10\/pyme-inovadora-176x209.png 176w, https:\/\/sistemasgenomicos.com\/wp-content\/uploads\/2017\/10\/pyme-inovadora-353x418.png 353w\" sizes=\"auto, (max-width: 695px) 100vw, 695px\" \/>\t\t\t\t\t\t\n\t\t\t\t\t<\/div>\n\t\t\t\t\t\t\t\t\n<style>\n#image_691347146 {\n  width: 89%;\n}\n<\/style>\n\t<\/div>\n\t\n\t\t<\/div>\n\t\t\t\t\t<\/div>\n\n\t\n\n\t<div id=\"col-504000835\" class=\"col medium-10 small-12 large-10\"  >\n\t\t\t\t<div class=\"col-inner\"  >\n\t\t\t\n\t\t\t\n<div class=\"container section-title-container\" style=\"margin-bottom:0px;\"><h3 class=\"section-title section-title-normal\"><b><\/b><span class=\"section-title-main\" style=\"font-size:89%;\">Certificaci\u00f3n I+D+i (MINECO) de nuestros desarrollos internos<\/span><b><\/b><\/h3><\/div>\n<p>Sistemas Gen\u00f3micos presenta una gran actividad en I+D+i sobre la cual se basa su motor de crecimiento, esto se traduce en la permanente realizaci\u00f3n de nuevos desarrollos a nivel interno. Prueba de la calidad con la que se trabaja en esta \u00e1rea es la certificaci\u00f3n de proyectos de I+D+i y la obtenci\u00f3n de informes motivados por parte de Ministerio de Econom\u00eda, Industria y Competitividad que avalan la intensa actividad de la empresa como Pyme innovadora.<\/p>\n<p>Dentro de este marco, durante 2015 y 2016 se han certificado un total de cuatro proyectos, tres de ellos bianuales que han permitido cumplir todas las fases de investigaci\u00f3n y desarrollo necesarias para la puesta en el mercado final de nuevos servicios y productos de la empresa.<\/p>\n\t\t<\/div>\n\t\t\t\t\t<\/div>\n\n\t\n<\/div>\n","protected":false},"excerpt":{"rendered":"\n  <div class=\"banner has-hover\" id=\"banner-588050029\">\n          <div class=\"banner-inner fill\">\n        <div class=\"banner-bg fill\" >\n            <div class=\"bg fill bg-fill \"><\/div>\n                        <div class=\"overlay\"><\/div>            \n                    <\/div>\n\t\t\n        <div class=\"banner-layers container\">\n            <div class=\"fill banner-link\"><\/div>            \r\n\r\n   <div id=\"text-box-294713166\" class=\"text-box banner-layer x50 md-x50 lg-x50 y50 md-y50 lg-y50 res-text\">\n                                <div class=\"text-box-content text dark\">\n              \n              <div class=\"text-inner text-center\">\n                  \r\n\r\n<h1>ALIANZAS ESTRAT\u00c9GICAS<\/h1>\r\n<h4>Hag\u00e1moslo juntos<\/h4>\r\n\r\n              <\/div>\n           <\/div>\n                            \n<style>\n#text-box-294713166 {\n  width: 60%;\n}\n#text-box-294713166 .text-box-content {\n  font-size: 100%;\n}\n<\/style>\n    <\/div>\n \r\n\r\n        <\/div>\n      <\/div>\n\n            \n<style>\n#banner-588050029 {\n  padding-top: 280px;\n}\n#banner-588050029 .bg.bg-loaded {\n  background-image: url(https:\/\/sistemasgenomicos.com\/wp-content\/uploads\/2017\/10\/alianzas.jpg);\n}\n#banner-588050029 .overlay {\n  background-color: rgba(0,0,0,.5);\n}\n#banner-588050029 .bg {\n  background-position: 67% 66%;\n}\n<\/style>\n  <\/div>\n\n\r\n\r\n  <div id=\"page-header-898073062\" class=\"page-header-wrapper\">\n  <div class=\"page-title light simple-title\">\n\n    \n    <div class=\"page-title-inner container align-top flex-row medium-flex-wrap row-reverse\" >\n            <div class=\"title-content flex-col flex-left text-left medium-text-center\">\n        <div class=\"title-breadcrumbs pb-half pt-half\"><nav class=\"woocommerce-breadcrumb breadcrumbs uppercase\">Inicio<\/nav><\/div>      <\/div>\n    <\/div>\n\n     \n<style>\n#page-header-898073062 {\n  margin-bottom: 0px;\n}\n<\/style>\n  <\/div>\n    <\/div>\n  \n","protected":false},"author":83,"featured_media":42665,"parent":628,"menu_order":0,"comment_status":"closed","ping_status":"closed","template":"","meta":{"footnotes":""},"class_list":["post-929","page","type-page","status-publish","has-post-thumbnail","hentry"],"acf":[],"yoast_head":"<!-- This site is optimized with the Yoast SEO plugin v27.4 - https:\/\/yoast.com\/product\/yoast-seo-wordpress\/ -->\n<title>Alianzas Estrat\u00e9gicas - Sistemas Gen\u00f3micos<\/title>\n<meta name=\"robots\" content=\"index, follow, max-snippet:-1, max-image-preview:large, max-video-preview:-1\" \/>\n<link rel=\"canonical\" href=\"https:\/\/sistemasgenomicos.com\/es\/investigadores-y-partners\/alianzas-estrategicas\/\" \/>\n<meta property=\"og:locale\" content=\"es_ES\" \/>\n<meta property=\"og:type\" content=\"article\" \/>\n<meta property=\"og:title\" content=\"Alianzas Estrat\u00e9gicas - Sistemas Gen\u00f3micos\" \/>\n<meta property=\"og:url\" content=\"https:\/\/sistemasgenomicos.com\/es\/investigadores-y-partners\/alianzas-estrategicas\/\" \/>\n<meta property=\"og:site_name\" content=\"Sistemas Gen\u00f3micos\" \/>\n<meta property=\"article:modified_time\" content=\"2018-07-05T07:24:10+00:00\" \/>\n<meta property=\"og:image\" content=\"https:\/\/sistemasgenomicos.com\/wp-content\/uploads\/2018\/04\/logo-sistemas-genomicos-default-1.jpg\" \/>\n\t<meta property=\"og:image:width\" content=\"1200\" \/>\n\t<meta property=\"og:image:height\" content=\"750\" \/>\n\t<meta property=\"og:image:type\" content=\"image\/jpeg\" \/>\n<meta name=\"twitter:card\" content=\"summary_large_image\" \/>\n<meta name=\"twitter:description\" content=\"[block id=&quot;cabecera-alianzas-estrateticas&quot;]\" \/>\n<meta name=\"twitter:label1\" content=\"Tiempo de lectura\" \/>\n\t<meta name=\"twitter:data1\" content=\"3 minutos\" \/>\n<script type=\"application\/ld+json\" class=\"yoast-schema-graph\">{\"@context\":\"https:\\\/\\\/schema.org\",\"@graph\":[{\"@type\":\"WebPage\",\"@id\":\"https:\\\/\\\/sistemasgenomicos.com\\\/es\\\/investigadores-y-partners\\\/alianzas-estrategicas\\\/\",\"url\":\"https:\\\/\\\/sistemasgenomicos.com\\\/es\\\/investigadores-y-partners\\\/alianzas-estrategicas\\\/\",\"name\":\"Alianzas Estrat\u00e9gicas - Sistemas Gen\u00f3micos\",\"isPartOf\":{\"@id\":\"https:\\\/\\\/sistemasgenomicos.com\\\/es\\\/#website\"},\"primaryImageOfPage\":{\"@id\":\"https:\\\/\\\/sistemasgenomicos.com\\\/es\\\/investigadores-y-partners\\\/alianzas-estrategicas\\\/#primaryimage\"},\"image\":{\"@id\":\"https:\\\/\\\/sistemasgenomicos.com\\\/es\\\/investigadores-y-partners\\\/alianzas-estrategicas\\\/#primaryimage\"},\"thumbnailUrl\":\"https:\\\/\\\/sistemasgenomicos.com\\\/wp-content\\\/uploads\\\/2018\\\/04\\\/logo-sistemas-genomicos-default-1.jpg\",\"datePublished\":\"2017-10-18T20:42:34+00:00\",\"dateModified\":\"2018-07-05T07:24:10+00:00\",\"breadcrumb\":{\"@id\":\"https:\\\/\\\/sistemasgenomicos.com\\\/es\\\/investigadores-y-partners\\\/alianzas-estrategicas\\\/#breadcrumb\"},\"inLanguage\":\"es\",\"potentialAction\":[{\"@type\":\"ReadAction\",\"target\":[\"https:\\\/\\\/sistemasgenomicos.com\\\/es\\\/investigadores-y-partners\\\/alianzas-estrategicas\\\/\"]}]},{\"@type\":\"ImageObject\",\"inLanguage\":\"es\",\"@id\":\"https:\\\/\\\/sistemasgenomicos.com\\\/es\\\/investigadores-y-partners\\\/alianzas-estrategicas\\\/#primaryimage\",\"url\":\"https:\\\/\\\/sistemasgenomicos.com\\\/wp-content\\\/uploads\\\/2018\\\/04\\\/logo-sistemas-genomicos-default-1.jpg\",\"contentUrl\":\"https:\\\/\\\/sistemasgenomicos.com\\\/wp-content\\\/uploads\\\/2018\\\/04\\\/logo-sistemas-genomicos-default-1.jpg\",\"width\":1200,\"height\":750},{\"@type\":\"BreadcrumbList\",\"@id\":\"https:\\\/\\\/sistemasgenomicos.com\\\/es\\\/investigadores-y-partners\\\/alianzas-estrategicas\\\/#breadcrumb\",\"itemListElement\":[{\"@type\":\"ListItem\",\"position\":1,\"name\":\"Portada\",\"item\":\"https:\\\/\\\/sistemasgenomicos.com\\\/es\\\/\"},{\"@type\":\"ListItem\",\"position\":2,\"name\":\"Investigadores y Partners\",\"item\":\"https:\\\/\\\/sistemasgenomicos.com\\\/es\\\/investigadores-y-partners\\\/\"},{\"@type\":\"ListItem\",\"position\":3,\"name\":\"Alianzas Estrat\u00e9gicas\"}]},{\"@type\":\"WebSite\",\"@id\":\"https:\\\/\\\/sistemasgenomicos.com\\\/es\\\/#website\",\"url\":\"https:\\\/\\\/sistemasgenomicos.com\\\/es\\\/\",\"name\":\"Sistemas Gen\u00f3micos\",\"description\":\"La mayor empresa dedicada a la investigaci\u00f3n gen\u00e9tica y molecular\",\"publisher\":{\"@id\":\"https:\\\/\\\/sistemasgenomicos.com\\\/es\\\/#organization\"},\"potentialAction\":[{\"@type\":\"SearchAction\",\"target\":{\"@type\":\"EntryPoint\",\"urlTemplate\":\"https:\\\/\\\/sistemasgenomicos.com\\\/es\\\/?s={search_term_string}\"},\"query-input\":{\"@type\":\"PropertyValueSpecification\",\"valueRequired\":true,\"valueName\":\"search_term_string\"}}],\"inLanguage\":\"es\"},{\"@type\":\"Organization\",\"@id\":\"https:\\\/\\\/sistemasgenomicos.com\\\/es\\\/#organization\",\"name\":\"Sistemas Gen\u00f3micos\",\"url\":\"https:\\\/\\\/sistemasgenomicos.com\\\/es\\\/\",\"logo\":{\"@type\":\"ImageObject\",\"inLanguage\":\"es\",\"@id\":\"https:\\\/\\\/sistemasgenomicos.com\\\/es\\\/#\\\/schema\\\/logo\\\/image\\\/\",\"url\":\"https:\\\/\\\/sistemasgenomicos.com\\\/wp-content\\\/uploads\\\/2022\\\/04\\\/image001-1.png\",\"contentUrl\":\"https:\\\/\\\/sistemasgenomicos.com\\\/wp-content\\\/uploads\\\/2022\\\/04\\\/image001-1.png\",\"width\":250,\"height\":122,\"caption\":\"Sistemas Gen\u00f3micos\"},\"image\":{\"@id\":\"https:\\\/\\\/sistemasgenomicos.com\\\/es\\\/#\\\/schema\\\/logo\\\/image\\\/\"}}]}<\/script>\n<!-- \/ Yoast SEO plugin. -->","yoast_head_json":{"title":"Alianzas Estrat\u00e9gicas - Sistemas Gen\u00f3micos","robots":{"index":"index","follow":"follow","max-snippet":"max-snippet:-1","max-image-preview":"max-image-preview:large","max-video-preview":"max-video-preview:-1"},"canonical":"https:\/\/sistemasgenomicos.com\/es\/investigadores-y-partners\/alianzas-estrategicas\/","og_locale":"es_ES","og_type":"article","og_title":"Alianzas Estrat\u00e9gicas - Sistemas Gen\u00f3micos","og_url":"https:\/\/sistemasgenomicos.com\/es\/investigadores-y-partners\/alianzas-estrategicas\/","og_site_name":"Sistemas Gen\u00f3micos","article_modified_time":"2018-07-05T07:24:10+00:00","og_image":[{"width":1200,"height":750,"url":"https:\/\/sistemasgenomicos.com\/wp-content\/uploads\/2018\/04\/logo-sistemas-genomicos-default-1.jpg","type":"image\/jpeg"}],"twitter_card":"summary_large_image","twitter_description":"[block id=\"cabecera-alianzas-estrateticas\"]","twitter_misc":{"Tiempo de lectura":"3 minutos"},"schema":{"@context":"https:\/\/schema.org","@graph":[{"@type":"WebPage","@id":"https:\/\/sistemasgenomicos.com\/es\/investigadores-y-partners\/alianzas-estrategicas\/","url":"https:\/\/sistemasgenomicos.com\/es\/investigadores-y-partners\/alianzas-estrategicas\/","name":"Alianzas Estrat\u00e9gicas - Sistemas Gen\u00f3micos","isPartOf":{"@id":"https:\/\/sistemasgenomicos.com\/es\/#website"},"primaryImageOfPage":{"@id":"https:\/\/sistemasgenomicos.com\/es\/investigadores-y-partners\/alianzas-estrategicas\/#primaryimage"},"image":{"@id":"https:\/\/sistemasgenomicos.com\/es\/investigadores-y-partners\/alianzas-estrategicas\/#primaryimage"},"thumbnailUrl":"https:\/\/sistemasgenomicos.com\/wp-content\/uploads\/2018\/04\/logo-sistemas-genomicos-default-1.jpg","datePublished":"2017-10-18T20:42:34+00:00","dateModified":"2018-07-05T07:24:10+00:00","breadcrumb":{"@id":"https:\/\/sistemasgenomicos.com\/es\/investigadores-y-partners\/alianzas-estrategicas\/#breadcrumb"},"inLanguage":"es","potentialAction":[{"@type":"ReadAction","target":["https:\/\/sistemasgenomicos.com\/es\/investigadores-y-partners\/alianzas-estrategicas\/"]}]},{"@type":"ImageObject","inLanguage":"es","@id":"https:\/\/sistemasgenomicos.com\/es\/investigadores-y-partners\/alianzas-estrategicas\/#primaryimage","url":"https:\/\/sistemasgenomicos.com\/wp-content\/uploads\/2018\/04\/logo-sistemas-genomicos-default-1.jpg","contentUrl":"https:\/\/sistemasgenomicos.com\/wp-content\/uploads\/2018\/04\/logo-sistemas-genomicos-default-1.jpg","width":1200,"height":750},{"@type":"BreadcrumbList","@id":"https:\/\/sistemasgenomicos.com\/es\/investigadores-y-partners\/alianzas-estrategicas\/#breadcrumb","itemListElement":[{"@type":"ListItem","position":1,"name":"Portada","item":"https:\/\/sistemasgenomicos.com\/es\/"},{"@type":"ListItem","position":2,"name":"Investigadores y Partners","item":"https:\/\/sistemasgenomicos.com\/es\/investigadores-y-partners\/"},{"@type":"ListItem","position":3,"name":"Alianzas Estrat\u00e9gicas"}]},{"@type":"WebSite","@id":"https:\/\/sistemasgenomicos.com\/es\/#website","url":"https:\/\/sistemasgenomicos.com\/es\/","name":"Sistemas Gen\u00f3micos","description":"La mayor empresa dedicada a la investigaci\u00f3n gen\u00e9tica y molecular","publisher":{"@id":"https:\/\/sistemasgenomicos.com\/es\/#organization"},"potentialAction":[{"@type":"SearchAction","target":{"@type":"EntryPoint","urlTemplate":"https:\/\/sistemasgenomicos.com\/es\/?s={search_term_string}"},"query-input":{"@type":"PropertyValueSpecification","valueRequired":true,"valueName":"search_term_string"}}],"inLanguage":"es"},{"@type":"Organization","@id":"https:\/\/sistemasgenomicos.com\/es\/#organization","name":"Sistemas Gen\u00f3micos","url":"https:\/\/sistemasgenomicos.com\/es\/","logo":{"@type":"ImageObject","inLanguage":"es","@id":"https:\/\/sistemasgenomicos.com\/es\/#\/schema\/logo\/image\/","url":"https:\/\/sistemasgenomicos.com\/wp-content\/uploads\/2022\/04\/image001-1.png","contentUrl":"https:\/\/sistemasgenomicos.com\/wp-content\/uploads\/2022\/04\/image001-1.png","width":250,"height":122,"caption":"Sistemas Gen\u00f3micos"},"image":{"@id":"https:\/\/sistemasgenomicos.com\/es\/#\/schema\/logo\/image\/"}}]}},"_links":{"self":[{"href":"https:\/\/sistemasgenomicos.com\/es\/wp-json\/wp\/v2\/pages\/929","targetHints":{"allow":["GET"]}}],"collection":[{"href":"https:\/\/sistemasgenomicos.com\/es\/wp-json\/wp\/v2\/pages"}],"about":[{"href":"https:\/\/sistemasgenomicos.com\/es\/wp-json\/wp\/v2\/types\/page"}],"author":[{"embeddable":true,"href":"https:\/\/sistemasgenomicos.com\/es\/wp-json\/wp\/v2\/users\/83"}],"replies":[{"embeddable":true,"href":"https:\/\/sistemasgenomicos.com\/es\/wp-json\/wp\/v2\/comments?post=929"}],"version-history":[{"count":0,"href":"https:\/\/sistemasgenomicos.com\/es\/wp-json\/wp\/v2\/pages\/929\/revisions"}],"up":[{"embeddable":true,"href":"https:\/\/sistemasgenomicos.com\/es\/wp-json\/wp\/v2\/pages\/628"}],"wp:featuredmedia":[{"embeddable":true,"href":"https:\/\/sistemasgenomicos.com\/es\/wp-json\/wp\/v2\/media\/42665"}],"wp:attachment":[{"href":"https:\/\/sistemasgenomicos.com\/es\/wp-json\/wp\/v2\/media?parent=929"}],"curies":[{"name":"wp","href":"https:\/\/api.w.org\/{rel}","templated":true}]}}