{"id":242214,"date":"2023-02-23T11:44:03","date_gmt":"2023-02-23T09:44:03","guid":{"rendered":"https:\/\/sistemasgenomicos.digitis.net\/?page_id=242214"},"modified":"2025-10-01T12:24:12","modified_gmt":"2025-10-01T10:24:12","slug":"politica-con-proveedores","status":"publish","type":"page","link":"https:\/\/sistemasgenomicos.com\/es\/politica-con-proveedores\/","title":{"rendered":"Pol\u00edtica con Proveedores"},"content":{"rendered":"<style>\r\n.nav-dark .header-logo {\r\n\tdisplay: block !important;\r\n\t\/* margin-top: 15px *\/\r\n}\r\n\r\n.nav-dark .header-logo-dark, .stuck .header-logo-sticky {\r\n\tdisplay: none !important\r\n}\r\n\r\n.icon-menu {color:#18355d !important}\r\n<\/style>\n<h2><span style=\"color: #18355d;\">POL\u00cdTICA CON PROVEEDORES<\/span><\/h2>\n\t<div id=\"gap-2102590748\" class=\"gap-element clearfix\" style=\"display:block; height:auto;\">\n\t\t\n<style>\n#gap-2102590748 {\n  padding-top: 30px;\n}\n<\/style>\n\t<\/div>\n\t\n\t<section class=\"section\" id=\"section_76397024\">\n\t\t<div class=\"bg section-bg fill bg-fill  bg-loaded\" >\n\n\t\t\t\n\t\t\t\n\t\t\t\n\n\t\t<\/div>\n\n\t\t\n\n\t\t<div class=\"section-content relative\">\n\t\t\t\n<div class=\"row\"  id=\"row-1119993158\">\n\n\t<div id=\"col-2049064453\" class=\"col medium-6 small-12 large-6\"  >\n\t\t\t\t<div class=\"col-inner\"  >\n\t\t\t\n\t\t\t\n<h3>C\u00f3digo de Conducta para Proveedores<\/h3>\n<p>Los distribuidores y proveedores de servicios desempe\u00f1an un papel esencial en el desempe\u00f1o de nuestra actividad, para prestar un servicio de alta calidad y poder ofrecer un valor a\u00f1adido a nuestros pacientes y clientes.<\/p>\n<p>Por lo tanto, esperamos que nuestros proveedores y subcontratistas adopten altos est\u00e1ndares de conducta en t\u00e9rminos de preocupaci\u00f3n social y medioambiental, \u00e9tica empresarial e integridad. El C\u00f3digo de Conducta para Proveedores introducido por el Grupo Eurofins proporciona una gu\u00eda clara para nuestros proveedores y terceras partes que trabajan en nombre de Eurofins y Sistemas Gen\u00f3micos. Esperamos que nuestros socios se adhieran a los principios de este C\u00f3digo de Conducta para Proveedores y que lo hagan extensivo a sus socios contractuales en sus cadenas de suministros.<\/p>\n<div class=\"row\"  id=\"row-1884172945\">\n\n\t<div id=\"col-1879814499\" class=\"col small-12 large-12\"  >\n\t\t\t\t<div class=\"col-inner text-center\"  >\n\t\t\t\n\t\t\t\n<a href=\"https:\/\/sistemasgenomicos.com\/wp-content\/uploads\/2023\/02\/Eurofins_AG_Supplier_Code_of_Conduct_spa__1_.pdf\" target=\"_blank\" class=\"button primary\" rel=\"noopener\"  >\n    <span>Descargar<\/span>\n  <\/a>\n\n\t\t<\/div>\n\t\t\t\t\t<\/div>\n\n\t\n<\/div>\n\t\t<\/div>\n\t\t\t\t\t<\/div>\n\n\t\n\n\t<div id=\"col-2001419930\" class=\"col medium-6 small-12 large-6\"  >\n\t\t\t\t<div class=\"col-inner\"  >\n\t\t\t\n\t\t\t\n<h3>Procedimiento de Reclamaciones para proveedores<\/h3>\n<p>Te animamos a que nos notifiques, siguiendo el Procedimiento de Reclamaciones para Proveedores, cualquier preocupaci\u00f3n que te pueda surgir sobre un asunto que creas que incumple el C\u00f3digo de Conducta para Proveedores de Eurofins y Sistemas Gen\u00f3micos o si tienes una sospecha razonable de violaci\u00f3n de las leyes y regulaciones aplicables.<\/p>\n<p>En Eurofins y Sistemas Gen\u00f3micos estamos comprometidos y seguimos una pol\u00edtica de no represalias. Por lo tanto, t\u00fa y\/o cualquier tercero protegido por las leyes aplicables no deb\u00e9is temer sufrir ninguna consecuencia discriminatoria o disciplinaria por emitir un informe o exponer vuestras preguntas, dudas o preocupaciones.<\/p>\n<div class=\"row\"  id=\"row-1516166620\">\n\n\t<div id=\"col-1952404402\" class=\"col small-12 large-12\"  >\n\t\t\t\t<div class=\"col-inner text-center\"  >\n\t\t\t\n\t\t\t\n<a href=\"https:\/\/sistemasgenomicos.com\/wp-content\/uploads\/2023\/02\/Eurofins_AG_Supplier_Complaints_Procedure_spa.pdf\" target=\"_blank\" class=\"button primary\" rel=\"noopener\"  >\n    <span>Descargar<\/span>\n  <\/a>\n\n\t\t<\/div>\n\t\t\t\t\t<\/div>\n\n\t\n<\/div>\n\t\t<\/div>\n\t\t\t\t\t<\/div>\n\n\t\n<\/div>\n\t\t<\/div>\n\n\t\t\n<style>\n#section_76397024 {\n  padding-top: 30px;\n  padding-bottom: 30px;\n}\n<\/style>\n\t<\/section>\n\t\n","protected":false},"excerpt":{"rendered":"<p>POL\u00cdTICA CON PROVEEDORES<\/p>\n","protected":false},"author":83,"featured_media":42665,"parent":0,"menu_order":0,"comment_status":"closed","ping_status":"closed","template":"","meta":{"footnotes":""},"class_list":["post-242214","page","type-page","status-publish","has-post-thumbnail","hentry"],"acf":[],"yoast_head":"<!-- This site is optimized with the Yoast SEO plugin v27.4 - https:\/\/yoast.com\/product\/yoast-seo-wordpress\/ -->\n<title>Pol\u00edtica con Proveedores - Sistemas Gen\u00f3micos<\/title>\n<meta name=\"robots\" content=\"index, follow, max-snippet:-1, max-image-preview:large, max-video-preview:-1\" \/>\n<link rel=\"canonical\" href=\"https:\/\/sistemasgenomicos.com\/es\/politica-con-proveedores\/\" \/>\n<meta property=\"og:locale\" content=\"es_ES\" \/>\n<meta property=\"og:type\" content=\"article\" \/>\n<meta property=\"og:title\" content=\"Pol\u00edtica con Proveedores - Sistemas Gen\u00f3micos\" \/>\n<meta property=\"og:description\" content=\"POL\u00cdTICA CON PROVEEDORES\" \/>\n<meta property=\"og:url\" content=\"https:\/\/sistemasgenomicos.com\/es\/politica-con-proveedores\/\" \/>\n<meta property=\"og:site_name\" content=\"Sistemas Gen\u00f3micos\" \/>\n<meta property=\"article:modified_time\" content=\"2025-10-01T10:24:12+00:00\" \/>\n<meta name=\"twitter:card\" content=\"summary_large_image\" \/>\n<meta name=\"twitter:label1\" content=\"Tiempo de lectura\" \/>\n\t<meta name=\"twitter:data1\" content=\"2 minutos\" \/>\n<script type=\"application\/ld+json\" class=\"yoast-schema-graph\">{\"@context\":\"https:\\\/\\\/schema.org\",\"@graph\":[{\"@type\":\"WebPage\",\"@id\":\"https:\\\/\\\/sistemasgenomicos.com\\\/es\\\/politica-con-proveedores\\\/\",\"url\":\"https:\\\/\\\/sistemasgenomicos.com\\\/es\\\/politica-con-proveedores\\\/\",\"name\":\"Pol\u00edtica con Proveedores - Sistemas Gen\u00f3micos\",\"isPartOf\":{\"@id\":\"https:\\\/\\\/sistemasgenomicos.com\\\/es\\\/#website\"},\"primaryImageOfPage\":{\"@id\":\"https:\\\/\\\/sistemasgenomicos.com\\\/es\\\/politica-con-proveedores\\\/#primaryimage\"},\"image\":{\"@id\":\"https:\\\/\\\/sistemasgenomicos.com\\\/es\\\/politica-con-proveedores\\\/#primaryimage\"},\"thumbnailUrl\":\"https:\\\/\\\/sistemasgenomicos.com\\\/wp-content\\\/uploads\\\/2018\\\/04\\\/logo-sistemas-genomicos-default-1.jpg\",\"datePublished\":\"2023-02-23T09:44:03+00:00\",\"dateModified\":\"2025-10-01T10:24:12+00:00\",\"breadcrumb\":{\"@id\":\"https:\\\/\\\/sistemasgenomicos.com\\\/es\\\/politica-con-proveedores\\\/#breadcrumb\"},\"inLanguage\":\"es\",\"potentialAction\":[{\"@type\":\"ReadAction\",\"target\":[\"https:\\\/\\\/sistemasgenomicos.com\\\/es\\\/politica-con-proveedores\\\/\"]}]},{\"@type\":\"ImageObject\",\"inLanguage\":\"es\",\"@id\":\"https:\\\/\\\/sistemasgenomicos.com\\\/es\\\/politica-con-proveedores\\\/#primaryimage\",\"url\":\"https:\\\/\\\/sistemasgenomicos.com\\\/wp-content\\\/uploads\\\/2018\\\/04\\\/logo-sistemas-genomicos-default-1.jpg\",\"contentUrl\":\"https:\\\/\\\/sistemasgenomicos.com\\\/wp-content\\\/uploads\\\/2018\\\/04\\\/logo-sistemas-genomicos-default-1.jpg\",\"width\":1200,\"height\":750},{\"@type\":\"BreadcrumbList\",\"@id\":\"https:\\\/\\\/sistemasgenomicos.com\\\/es\\\/politica-con-proveedores\\\/#breadcrumb\",\"itemListElement\":[{\"@type\":\"ListItem\",\"position\":1,\"name\":\"Portada\",\"item\":\"https:\\\/\\\/sistemasgenomicos.com\\\/es\\\/\"},{\"@type\":\"ListItem\",\"position\":2,\"name\":\"Pol\u00edtica con Proveedores\"}]},{\"@type\":\"WebSite\",\"@id\":\"https:\\\/\\\/sistemasgenomicos.com\\\/es\\\/#website\",\"url\":\"https:\\\/\\\/sistemasgenomicos.com\\\/es\\\/\",\"name\":\"Sistemas Gen\u00f3micos\",\"description\":\"La mayor empresa dedicada a la investigaci\u00f3n gen\u00e9tica y molecular\",\"publisher\":{\"@id\":\"https:\\\/\\\/sistemasgenomicos.com\\\/es\\\/#organization\"},\"potentialAction\":[{\"@type\":\"SearchAction\",\"target\":{\"@type\":\"EntryPoint\",\"urlTemplate\":\"https:\\\/\\\/sistemasgenomicos.com\\\/es\\\/?s={search_term_string}\"},\"query-input\":{\"@type\":\"PropertyValueSpecification\",\"valueRequired\":true,\"valueName\":\"search_term_string\"}}],\"inLanguage\":\"es\"},{\"@type\":\"Organization\",\"@id\":\"https:\\\/\\\/sistemasgenomicos.com\\\/es\\\/#organization\",\"name\":\"Sistemas Gen\u00f3micos\",\"url\":\"https:\\\/\\\/sistemasgenomicos.com\\\/es\\\/\",\"logo\":{\"@type\":\"ImageObject\",\"inLanguage\":\"es\",\"@id\":\"https:\\\/\\\/sistemasgenomicos.com\\\/es\\\/#\\\/schema\\\/logo\\\/image\\\/\",\"url\":\"https:\\\/\\\/sistemasgenomicos.com\\\/wp-content\\\/uploads\\\/2022\\\/04\\\/image001-1.png\",\"contentUrl\":\"https:\\\/\\\/sistemasgenomicos.com\\\/wp-content\\\/uploads\\\/2022\\\/04\\\/image001-1.png\",\"width\":250,\"height\":122,\"caption\":\"Sistemas Gen\u00f3micos\"},\"image\":{\"@id\":\"https:\\\/\\\/sistemasgenomicos.com\\\/es\\\/#\\\/schema\\\/logo\\\/image\\\/\"}}]}<\/script>\n<!-- \/ Yoast SEO plugin. -->","yoast_head_json":{"title":"Pol\u00edtica con Proveedores - Sistemas Gen\u00f3micos","robots":{"index":"index","follow":"follow","max-snippet":"max-snippet:-1","max-image-preview":"max-image-preview:large","max-video-preview":"max-video-preview:-1"},"canonical":"https:\/\/sistemasgenomicos.com\/es\/politica-con-proveedores\/","og_locale":"es_ES","og_type":"article","og_title":"Pol\u00edtica con Proveedores - Sistemas Gen\u00f3micos","og_description":"POL\u00cdTICA CON PROVEEDORES","og_url":"https:\/\/sistemasgenomicos.com\/es\/politica-con-proveedores\/","og_site_name":"Sistemas Gen\u00f3micos","article_modified_time":"2025-10-01T10:24:12+00:00","twitter_card":"summary_large_image","twitter_misc":{"Tiempo de lectura":"2 minutos"},"schema":{"@context":"https:\/\/schema.org","@graph":[{"@type":"WebPage","@id":"https:\/\/sistemasgenomicos.com\/es\/politica-con-proveedores\/","url":"https:\/\/sistemasgenomicos.com\/es\/politica-con-proveedores\/","name":"Pol\u00edtica con Proveedores - Sistemas Gen\u00f3micos","isPartOf":{"@id":"https:\/\/sistemasgenomicos.com\/es\/#website"},"primaryImageOfPage":{"@id":"https:\/\/sistemasgenomicos.com\/es\/politica-con-proveedores\/#primaryimage"},"image":{"@id":"https:\/\/sistemasgenomicos.com\/es\/politica-con-proveedores\/#primaryimage"},"thumbnailUrl":"https:\/\/sistemasgenomicos.com\/wp-content\/uploads\/2018\/04\/logo-sistemas-genomicos-default-1.jpg","datePublished":"2023-02-23T09:44:03+00:00","dateModified":"2025-10-01T10:24:12+00:00","breadcrumb":{"@id":"https:\/\/sistemasgenomicos.com\/es\/politica-con-proveedores\/#breadcrumb"},"inLanguage":"es","potentialAction":[{"@type":"ReadAction","target":["https:\/\/sistemasgenomicos.com\/es\/politica-con-proveedores\/"]}]},{"@type":"ImageObject","inLanguage":"es","@id":"https:\/\/sistemasgenomicos.com\/es\/politica-con-proveedores\/#primaryimage","url":"https:\/\/sistemasgenomicos.com\/wp-content\/uploads\/2018\/04\/logo-sistemas-genomicos-default-1.jpg","contentUrl":"https:\/\/sistemasgenomicos.com\/wp-content\/uploads\/2018\/04\/logo-sistemas-genomicos-default-1.jpg","width":1200,"height":750},{"@type":"BreadcrumbList","@id":"https:\/\/sistemasgenomicos.com\/es\/politica-con-proveedores\/#breadcrumb","itemListElement":[{"@type":"ListItem","position":1,"name":"Portada","item":"https:\/\/sistemasgenomicos.com\/es\/"},{"@type":"ListItem","position":2,"name":"Pol\u00edtica con Proveedores"}]},{"@type":"WebSite","@id":"https:\/\/sistemasgenomicos.com\/es\/#website","url":"https:\/\/sistemasgenomicos.com\/es\/","name":"Sistemas Gen\u00f3micos","description":"La mayor empresa dedicada a la investigaci\u00f3n gen\u00e9tica y molecular","publisher":{"@id":"https:\/\/sistemasgenomicos.com\/es\/#organization"},"potentialAction":[{"@type":"SearchAction","target":{"@type":"EntryPoint","urlTemplate":"https:\/\/sistemasgenomicos.com\/es\/?s={search_term_string}"},"query-input":{"@type":"PropertyValueSpecification","valueRequired":true,"valueName":"search_term_string"}}],"inLanguage":"es"},{"@type":"Organization","@id":"https:\/\/sistemasgenomicos.com\/es\/#organization","name":"Sistemas Gen\u00f3micos","url":"https:\/\/sistemasgenomicos.com\/es\/","logo":{"@type":"ImageObject","inLanguage":"es","@id":"https:\/\/sistemasgenomicos.com\/es\/#\/schema\/logo\/image\/","url":"https:\/\/sistemasgenomicos.com\/wp-content\/uploads\/2022\/04\/image001-1.png","contentUrl":"https:\/\/sistemasgenomicos.com\/wp-content\/uploads\/2022\/04\/image001-1.png","width":250,"height":122,"caption":"Sistemas Gen\u00f3micos"},"image":{"@id":"https:\/\/sistemasgenomicos.com\/es\/#\/schema\/logo\/image\/"}}]}},"_links":{"self":[{"href":"https:\/\/sistemasgenomicos.com\/es\/wp-json\/wp\/v2\/pages\/242214","targetHints":{"allow":["GET"]}}],"collection":[{"href":"https:\/\/sistemasgenomicos.com\/es\/wp-json\/wp\/v2\/pages"}],"about":[{"href":"https:\/\/sistemasgenomicos.com\/es\/wp-json\/wp\/v2\/types\/page"}],"author":[{"embeddable":true,"href":"https:\/\/sistemasgenomicos.com\/es\/wp-json\/wp\/v2\/users\/83"}],"replies":[{"embeddable":true,"href":"https:\/\/sistemasgenomicos.com\/es\/wp-json\/wp\/v2\/comments?post=242214"}],"version-history":[{"count":5,"href":"https:\/\/sistemasgenomicos.com\/es\/wp-json\/wp\/v2\/pages\/242214\/revisions"}],"predecessor-version":[{"id":242693,"href":"https:\/\/sistemasgenomicos.com\/es\/wp-json\/wp\/v2\/pages\/242214\/revisions\/242693"}],"wp:featuredmedia":[{"embeddable":true,"href":"https:\/\/sistemasgenomicos.com\/es\/wp-json\/wp\/v2\/media\/42665"}],"wp:attachment":[{"href":"https:\/\/sistemasgenomicos.com\/es\/wp-json\/wp\/v2\/media?parent=242214"}],"curies":[{"name":"wp","href":"https:\/\/api.w.org\/{rel}","templated":true}]}}