{"id":241398,"date":"2022-04-28T17:12:52","date_gmt":"2022-04-28T15:12:52","guid":{"rendered":"https:\/\/sistemasgenomicos.digitis.net\/?page_id=241398"},"modified":"2022-04-28T17:56:21","modified_gmt":"2022-04-28T15:56:21","slug":"politica-de-cookies","status":"publish","type":"page","link":"https:\/\/sistemasgenomicos.com\/es\/politica-de-cookies\/","title":{"rendered":"Pol\u00edtica de Cookies"},"content":{"rendered":"<style>\r\n.nav-dark .header-logo {\r\n\tdisplay: block !important;\r\n\t\/* margin-top: 15px *\/\r\n}\r\n\r\n.nav-dark .header-logo-dark, .stuck .header-logo-sticky {\r\n\tdisplay: none !important\r\n}\r\n\r\n.icon-menu {color:#18355d !important}\r\n<\/style>\n<h2><span style=\"color: #18355d;\">POL\u00cdTICA DE COOKIES<\/span><\/h2>\n<p>Queremos asegurarnos de que disfrute navegando por nuestro sitio web y tenga una experiencia grata. Por lo tanto, este sitio web pone \u00abcookies\u00bb en su ordenador para recabar informaci\u00f3n sobre el uso que hace de \u00e9l.<\/p>\n<p>&nbsp;<\/p>\n<h3>1. \u00bfQu\u00e9 son las cookies?<\/h3>\n<ul>\n<li>Las cookies son archivos de texto con peque\u00f1as cantidades de informaci\u00f3n que se descargan en su dispositivo al visitar un sitio web. Despu\u00e9s, en cada visita posterior, se env\u00edan de vuelta al sitio web donde se originaron o a otro sitio web que las reconozca.<\/li>\n<li>Las cookies permiten a nuestros sistemas reconocer el dispositivo del usuario y activar inmediatamente cualquier configuraci\u00f3n previa.<\/li>\n<li>Tan pronto como un usuario accede a la plataforma, se env\u00eda una cookie al disco duro de su ordenador.<\/li>\n<\/ul>\n<p>&nbsp;<\/p>\n<h3>2. \u00bfPor qu\u00e9 son \u00fatiles las cookies?<\/h3>\n<ul>\n<li>Las cookies son \u00fatiles por los siguientes motivos:\n<ul>\n<li>Permiten al sitio web reconocer el dispositivo del usuario y mostrar contenido adaptado a los intereses de este.<\/li>\n<li>Nos ayudan a mejorar nuestro sitio web para ofrecerle un mejor servicio acorde a sus requisitos.<\/li>\n<li>Nos permiten reconocer su dispositivo cuando accede a nuestro sitio web de nuevo.<\/li>\n<li>Guardan informaci\u00f3n sobre sus actividades favoritas en el sitio web para poder adaptar este a sus intereses particulares. Por ejemplo, si est\u00e1 permitido, podremos mostrarle anuncios adaptados a sus intereses personales y contestar a sus consultas m\u00e1s r\u00e1pidamente.<\/li>\n<\/ul>\n<\/li>\n<li>Al utilizar nuestro sitio web acepta que podamos poner en su dispositivo los tipos de cookies indicados a continuaci\u00f3n, a menos que haya configurado su navegador para que los rechace, y utilizar esos datos conforme a esta pol\u00edtica.<\/li>\n<li>Puede obtener m\u00e1s informaci\u00f3n sobre las cookies en: <a href=\"http:\/\/www.allaboutcookies.org\">allaboutcookies.org<\/a> y <a href=\"http:\/\/www.youronlinechoices.eu\/\">www.youronlinechoices.eu<\/a>. Si quiere ver un v\u00eddeo sobre las cookies, visite <a href=\"http:\/\/www.google.co.uk\/goodtoknow\/data-on-the-web\/cookies\/\">www.google.co.uk\/goodtoknow\/data-on-the-web\/cookies\/<\/a>.<\/li>\n<\/ul>\n<p>&nbsp;<\/p>\n<h3>3. Tipos de cookies<\/h3>\n<p>A grandes rasgos, existen dos tipos de cookies: las cookies de origen y las de terceros.<\/p>\n<ul>\n<li>Las cookies de origen son aquellas que el operador del sitio web sirve directamente en su ordenador; suelen utilizarse para reconocer su ordenador cuando accede de nuevo al sitio y para recordar sus preferencias durante la navegaci\u00f3n. Estas son b\u00e1sicamente nuestras cookies.<\/li>\n<li>Las cookies de terceros las sirve un proveedor de servicios en nombre del operador del sitio web; el proveedor de servicios puede utilizarlas para reconocer su ordenador cuando visite otros sitios web. Las cookies de terceros suelen utilizarse para el an\u00e1lisis de los sitios web o para fines publicitarios.<\/li>\n<\/ul>\n<p>&nbsp;<\/p>\n<h3>4. Uso de las cookies<\/h3>\n<p>En <strong>esta<\/strong> tabla se explica qu\u00e9 cookies utilizamos y por qu\u00e9.<\/p>\n<table cellspacing=\"0\" cellpadding=\"0\">\n<tbody>\n<tr>\n<td valign=\"middle\">\n<p style=\"text-align: left;\" align=\"center\"><b>Nombre de la cookie<\/b><\/p>\n<\/td>\n<td style=\"text-align: left;\" valign=\"middle\"><b>Entidad responsable<\/b><\/td>\n<td style=\"text-align: left;\" valign=\"middle\"><b>Tipo de cookies<\/b><\/td>\n<td style=\"text-align: left;\" valign=\"middle\"><b>Finalidad<\/b><\/td>\n<td style=\"text-align: left;\" valign=\"middle\"><b>Permanencia<\/b><\/td>\n<\/tr>\n<tr>\n<td valign=\"top\"><span style=\"font-size: 100%;\">ANID<\/span><\/td>\n<td valign=\"top\"><span style=\"font-size: 100%;\">Google Analytics<\/span><\/td>\n<td valign=\"top\"><span style=\"font-size: 100%;\">An\u00e1lisis o medici\u00f3n<\/span><\/td>\n<td valign=\"top\"><span style=\"color: #282828; font-size: 100%;\"><span style=\"font-size: 100%;\">Estas cookies tienen una finalidad publicitaria del servicio Google Adwords. Contienen un valor generado aleatoriamente \u00fanico que permite a la Plataforma para distinguir navegadores y dispositivos. Esta informaci\u00f3n es utilizada para medir el rendimiento de los anuncios y proporcionar recomendaciones relativas a productos basadas en datos estad\u00edsticos<\/span>.<\/span><\/td>\n<td valign=\"top\"><span style=\"font-size: 100%;\">Es una cookie con una permanencia de 1 a\u00f1o<\/span><\/td>\n<\/tr>\n<tr>\n<td valign=\"top\"><span style=\"font-size: 100%;\">OTZ<\/span><\/td>\n<td valign=\"top\"><span style=\"font-size: 100%;\">Google Analytics<\/span><\/td>\n<td valign=\"top\"><span style=\"font-size: 100%;\">An\u00e1lisis o medici\u00f3n<\/span><\/td>\n<td valign=\"top\"><span style=\"color: #282828; font-size: 100%;\"><span style=\"font-size: 100%;\">Cookie que identifica las preferencias del usuario<\/span>.<\/span><\/td>\n<td valign=\"top\"><span style=\"font-size: 100%;\">Es una cookie con una permanencia de 1 mes<\/span><\/td>\n<\/tr>\n<tr>\n<td valign=\"top\"><span style=\"font-size: 100%;\">NID<\/span><\/td>\n<td valign=\"top\"><span style=\"font-size: 100%;\">Google Analytics<\/span><\/td>\n<td valign=\"top\"><span style=\"font-size: 100%;\">An\u00e1lisis o medici\u00f3n<\/span><\/td>\n<td valign=\"top\"><span style=\"color: #282828; font-size: 100%;\"><span style=\"font-size: 100%;\">Cookie que identifica las preferencias del usuario e informaci\u00f3n e Google Maps.<\/span><\/span><\/td>\n<td valign=\"top\"><span style=\"font-size: 100%;\">Es una cookie con una permanencia de 1 mes<\/span><\/td>\n<\/tr>\n<tr>\n<td valign=\"top\"><span style=\"font-size: 100%;\">_gat<\/span><\/td>\n<td valign=\"top\"><span style=\"font-size: 100%;\">Google Analytics<\/span><\/td>\n<td valign=\"top\"><span style=\"font-size: 100%;\">An\u00e1lisis o medici\u00f3n<\/span><\/td>\n<td valign=\"top\"><span style=\"color: #282828; font-size: 100%;\"><span style=\"font-size: 100%;\">Cookie anal\u00edtica de Google Analytics. Limita el porcentaje de solicitudes.<\/span><\/span><\/td>\n<td valign=\"top\"><span style=\"font-size: 100%;\">Es una cookie con una permanencia de 10 minutos<\/span><\/td>\n<\/tr>\n<tr>\n<td valign=\"top\"><span style=\"font-size: 100%;\">_ga<\/span><\/td>\n<td valign=\"top\"><span style=\"font-size: 100%;\">Google Analytics<\/span><\/td>\n<td valign=\"top\"><span style=\"font-size: 100%;\">An\u00e1lisis o medici\u00f3n<\/span><\/td>\n<td valign=\"top\"><span style=\"color: #282828; font-size: 100%;\"><span style=\"font-size: 100%;\">Cookie anal\u00edtica de Google Analytics. Sirve para distinguir a los usuarios.<\/span><\/span><\/td>\n<td valign=\"top\"><span style=\"font-size: 100%;\">Es una cookie con una permanencia de 2 a\u00f1os<\/span><\/td>\n<\/tr>\n<tr>\n<td valign=\"top\"><span style=\"font-size: 100%;\">_guid<\/span><\/td>\n<td valign=\"top\"><span style=\"font-size: 100%;\">Google Analytics<\/span><\/td>\n<td valign=\"top\"><span style=\"font-size: 100%;\">An\u00e1lisis o medici\u00f3n<\/span><\/td>\n<td valign=\"top\"><span style=\"color: #282828; font-size: 100%;\"><span style=\"font-size: 100%;\">Cookie anal\u00edtica de Google Analytics. Sirve para distinguir a los usuarios.<br \/>\n.<\/span><\/span><\/td>\n<td valign=\"top\"><span style=\"font-size: 100%;\">Es una cookie con una permanencia de 24 horas <\/span><\/td>\n<\/tr>\n<tr>\n<td valign=\"top\"><span style=\"font-size: 100%;\">moove_gdpr_popup<\/span><\/td>\n<td valign=\"top\"><span style=\"font-size: 100%;\">Moove GDPR Popup Plugin<\/span><\/td>\n<td valign=\"top\"><span style=\"font-size: 100%;\">An\u00e1lisis o medici\u00f3n<\/span><\/td>\n<td valign=\"top\"><span style=\"color: #282828;\">Recuerda la preferencia de cookies de un usuario y el consentimiento otorgado o retirado para el sitio web actual.<\/span><\/td>\n<td valign=\"top\"><span style=\"font-size: 100%;\">Es una cookie con una permanencia de 1 a\u00f1o <\/span><\/td>\n<\/tr>\n<tr>\n<td valign=\"top\"><span style=\"font-size: 100%;\">_fbp<\/span><\/td>\n<td valign=\"top\"><span style=\"font-size: 100%;\">Facebook<\/span><\/td>\n<td valign=\"top\"><span style=\"font-size: 100%;\">An\u00e1lisis o medici\u00f3n<\/span><\/td>\n<td valign=\"top\"><span style=\"color: #282828; font-size: 100%;\"><span style=\"font-size: 100%;\">Utilizada por Facebook para ofrecer una serie de productos publicitarios como ara la licitaci\u00f3n en tiempo real para los anunciantes de terceros<\/span><\/span>.<\/td>\n<td valign=\"top\"><span style=\"font-size: 100%;\">Es una cookie con una permanencia de 3 meses <\/span><\/td>\n<\/tr>\n<tr>\n<td valign=\"top\"><span style=\"font-size: 100%;\">woocommerce_cart_hash<\/span><\/td>\n<td valign=\"top\"><span style=\"font-size: 100%;\">De terceros (WooCommerce)<\/span><\/td>\n<td valign=\"top\"><span style=\"font-size: 100%;\">An\u00e1lisis o medici\u00f3n<\/span><\/td>\n<td valign=\"top\"><span style=\"color: #282828; font-size: 100%;\"><span style=\"font-size: 100%;\">Cookie que almacena informaci\u00f3n sobre el carrito de la compra del cliente y sus art\u00edculos<\/span><\/span>.<\/td>\n<td valign=\"top\"><span style=\"font-size: 100%;\">Es una cookie con una permanencia hasta finalizar la sesi\u00f3n<\/span><\/td>\n<\/tr>\n<tr>\n<td valign=\"top\"><span style=\"font-size: 100%;\">woocommerce_items_in_cart<\/span><\/td>\n<td valign=\"top\"><span style=\"font-size: 100%;\">WooCommerce<\/span><\/td>\n<td valign=\"top\"><span style=\"font-size: 100%;\">An\u00e1lisis o medici\u00f3n<\/span><\/td>\n<td valign=\"top\"><span style=\"color: #282828; font-size: 100%;\"><span style=\"font-size: 100%;\">Cookie que almacena informaci\u00f3n sobre el carrito de la compra del cliente y sus art\u00edculos.<br \/>\n<\/span><\/span>.<\/td>\n<td valign=\"top\"><span style=\"font-size: 100%;\">Es una cookie con una permanencia hasta finalizar la sesi\u00f3n<\/span><\/td>\n<\/tr>\n<tr>\n<td valign=\"top\"><span style=\"font-size: 100%;\">1P_JAR<\/span><\/td>\n<td valign=\"top\"><span style=\"font-size: 100%;\">Google Analytics<\/span><\/td>\n<td valign=\"top\"><span style=\"font-size: 100%;\">An\u00e1lisis o medici\u00f3n<\/span><\/td>\n<td valign=\"top\"><span style=\"color: #282828; font-size: 100%;\"><span style=\"font-size: 100%;\">Cookie con fines estad\u00edsticos y rastreo de conversiones<\/span><\/span>.<\/td>\n<td valign=\"top\"><span style=\"font-size: 100%;\">Es una cookie con una permanencia de 1 mes<\/span><\/td>\n<\/tr>\n<tr>\n<td valign=\"top\"><span style=\"font-size: 100%;\">CONSENT<\/span><\/td>\n<td valign=\"top\"><span style=\"font-size: 100%;\">Google Analytics<\/span><\/td>\n<td valign=\"top\"><span style=\"font-size: 100%;\">Cookies de preferencias<\/span><\/td>\n<td valign=\"top\"><span style=\"color: #282828; font-size: 100%;\"><span style=\"font-size: 100%;\">Implantan determinadas utilidades de Google y pueden almacenar ciertas preferencias sobre la navegaci\u00f3n dentro del sitio web.<\/span><\/span><\/td>\n<td valign=\"top\"><span style=\"font-size: 100%;\">Es una cookie con una permanencia de 18 a\u00f1os.<\/span><\/td>\n<\/tr>\n<tr>\n<td valign=\"top\">wp_woocommerce_session_<\/td>\n<td valign=\"top\"><span style=\"color: #282828; font-size: 100%;\"><span style=\"font-size: 100%;\">WooCommerce<\/span><\/span><\/td>\n<td valign=\"top\"><span style=\"font-size: 100%;\">An\u00e1lisis o medici\u00f3n<\/span><\/td>\n<td valign=\"top\"><span style=\"color: #282828; font-size: 100%;\"><span style=\"font-size: 100%;\">Guarda un c\u00f3digo \u00fanico de cada cliente para obtener la informaci\u00f3n de su carrito de la compra.<\/span><\/span><\/td>\n<td valign=\"top\"><span style=\"font-size: 100%;\">Es una cookie con una permanencia hasta finalizar la sesi\u00f3n.<\/span><\/td>\n<\/tr>\n<tr>\n<td valign=\"top\">PHPSESSID<\/td>\n<td valign=\"top\"><span style=\"font-size: 100%;\">Propia<\/span><\/td>\n<td valign=\"top\"><span style=\"font-size: 100%;\">Cookies de sesi\u00f3n<\/span><\/td>\n<td valign=\"top\"><span style=\"color: #282828; font-size: 100%;\"><span style=\"font-size: 100%;\">Cookie estandar de php para controlar el mantenimiento de la sesi\u00f3n y confirmar que el usuario se ha accedido correctamente.<\/span><\/span><\/td>\n<td valign=\"top\"><span style=\"font-size: 100%;\">Es una cookie con una permanencia hasta finalizar la sesi\u00f3n.<\/span><\/td>\n<\/tr>\n<\/tbody>\n<\/table>\n<ul>\n<li>Sistemas Gen\u00f3micos no tiene potestad sobre la publicaci\u00f3n de cookies de terceros. Visite el sitio web de los terceros responsables de estas cookies si quiere obtener m\u00e1s informaci\u00f3n sobre ellas.<\/li>\n<li>Si no quiere utilizar cookies, puede configurar su navegador para que no acepte el almacenamiento de cookies.<\/li>\n<li>Si solo quiere aceptar nuestras cookies, pero no las de nuestros proveedores de servicios y socios, seleccione la opci\u00f3n \u00abBloquear cookies de terceros\u00bb (o similar) de su navegador.<\/li>\n<\/ul>\n<p>&nbsp;<\/p>\n<h3>5. Uso de Google Analytics<\/h3>\n<ul>\n<li>[Este sitio web utiliza Google Analytics, un servicio de an\u00e1lisis de Google Inc., 1600 Amphitheatre Parkway, Mountain View, CA 94043, EE. UU. (\u00abGoogle\u00bb).]<\/li>\n<li>Google Analytics tambi\u00e9n utiliza \u00abcookies\u00bb, es decir, archivos de texto que se guardan en su dispositivo, para ayudarle a analizar su uso del sitio web.<\/li>\n<li>La informaci\u00f3n generada por las cookies acerca de su uso de este sitio web normalmente se transmite a un servidor de Google situado en Estados Unidos, donde se guarda.<\/li>\n<li>Sin embargo, si se activa la anonimizaci\u00f3n IP en este sitio web, Google en un principio truncar\u00e1 su direcci\u00f3n IP en los estados miembros de la Uni\u00f3n Europea o del Espacio Econ\u00f3mico Europeo. La direcci\u00f3n IP completa solo se transmitir\u00e1 a un servidor de Google en Estados Unidos para truncarla all\u00ed en casos excepcionales.<\/li>\n<li>Google utilizar\u00e1 en nuestro nombre esta informaci\u00f3n para evaluar su uso del sitio web, elaborar informes sobre las actividades del sitio web y ofrecernos servicios adicionales relacionados con el uso del sitio web y de internet. La direcci\u00f3n IP transferida desde su navegador por Google Analytics no se vincular\u00e1 con ning\u00fan otro dato en poder de Google.<\/li>\n<li>Puede evitar el almacenamiento de cookies configurando correspondientemente el software de navegaci\u00f3n; sin embargo, tenga en cuenta que en este caso quiz\u00e1 no pueda utilizar plenamente todas las funciones que ofrece este sitio web. Puede evitar que Google recopile y procese datos generados por las cookies y relacionados con su uso del sitio web (incluida su direcci\u00f3n IP); para ello descargue un complemento de navegador en el enlace siguiente e inst\u00e1lelo: http:\/\/tools.google.com\/dlpage\/gaoptout.<\/li>\n<\/ul>\n<p>&nbsp;<\/p>\n<h3>6. Cambio de sus preferencias respecto a las cookies<\/h3>\n<p>La mayor\u00eda de los navegadores web permiten cierto control sobre las cookies a trav\u00e9s de su configuraci\u00f3n (p. ej., la notificaci\u00f3n de cookies nuevas, la inhabilitaci\u00f3n de cookies y la eliminaci\u00f3n de cookies). Obtenga m\u00e1s informaci\u00f3n en <a href=\"http:\/\/www.allaboutcookies.org\">www.allaboutcookies.org<\/a> o <a href=\"http:\/\/www.allaboutcookies.org\">www.allaboutcookies.org<\/a>.<\/p>\n<p>&nbsp;<\/p>\n","protected":false},"excerpt":{"rendered":"<p>POL\u00cdTICA DE COOKIES Queremos asegurarnos de que disfrute navegando por nuestro sitio web y tenga una experiencia grata. Por lo tanto, este sitio web pone \u00abcookies\u00bb en su ordenador para recabar informaci\u00f3n sobre el uso que hace de \u00e9l. &nbsp; 1. \u00bfQu\u00e9 son las cookies? Las cookies son archivos de texto con peque\u00f1as cantidades de [&#8230;]\n","protected":false},"author":83,"featured_media":42665,"parent":0,"menu_order":0,"comment_status":"closed","ping_status":"closed","template":"","meta":{"footnotes":""},"class_list":["post-241398","page","type-page","status-publish","has-post-thumbnail","hentry"],"acf":[],"yoast_head":"<!-- This site is optimized with the Yoast SEO plugin v27.4 - https:\/\/yoast.com\/product\/yoast-seo-wordpress\/ -->\n<title>Pol\u00edtica de Cookies - Sistemas Gen\u00f3micos<\/title>\n<meta name=\"robots\" content=\"index, follow, max-snippet:-1, max-image-preview:large, max-video-preview:-1\" \/>\n<link rel=\"canonical\" href=\"https:\/\/sistemasgenomicos.com\/es\/politica-de-cookies\/\" \/>\n<meta property=\"og:locale\" content=\"es_ES\" \/>\n<meta property=\"og:type\" content=\"article\" \/>\n<meta property=\"og:title\" content=\"Pol\u00edtica de Cookies - Sistemas Gen\u00f3micos\" \/>\n<meta property=\"og:description\" content=\"POL\u00cdTICA DE COOKIES Queremos asegurarnos de que disfrute navegando por nuestro sitio web y tenga una experiencia grata. Por lo tanto, este sitio web pone \u00abcookies\u00bb en su ordenador para recabar informaci\u00f3n sobre el uso que hace de \u00e9l. &nbsp; 1. \u00bfQu\u00e9 son las cookies? Las cookies son archivos de texto con peque\u00f1as cantidades de [...]\" \/>\n<meta property=\"og:url\" content=\"https:\/\/sistemasgenomicos.com\/es\/politica-de-cookies\/\" \/>\n<meta property=\"og:site_name\" content=\"Sistemas Gen\u00f3micos\" \/>\n<meta property=\"article:modified_time\" content=\"2022-04-28T15:56:21+00:00\" \/>\n<meta property=\"og:image\" content=\"https:\/\/sistemasgenomicos.com\/wp-content\/uploads\/2018\/04\/logo-sistemas-genomicos-default-1.jpg\" \/>\n\t<meta property=\"og:image:width\" content=\"1200\" \/>\n\t<meta property=\"og:image:height\" content=\"750\" \/>\n\t<meta property=\"og:image:type\" content=\"image\/jpeg\" \/>\n<meta name=\"twitter:card\" content=\"summary_large_image\" \/>\n<meta name=\"twitter:label1\" content=\"Tiempo de lectura\" \/>\n\t<meta name=\"twitter:data1\" content=\"6 minutos\" \/>\n<script type=\"application\/ld+json\" class=\"yoast-schema-graph\">{\"@context\":\"https:\\\/\\\/schema.org\",\"@graph\":[{\"@type\":\"WebPage\",\"@id\":\"https:\\\/\\\/sistemasgenomicos.com\\\/es\\\/politica-de-cookies\\\/\",\"url\":\"https:\\\/\\\/sistemasgenomicos.com\\\/es\\\/politica-de-cookies\\\/\",\"name\":\"Pol\u00edtica de Cookies - Sistemas Gen\u00f3micos\",\"isPartOf\":{\"@id\":\"https:\\\/\\\/sistemasgenomicos.com\\\/es\\\/#website\"},\"primaryImageOfPage\":{\"@id\":\"https:\\\/\\\/sistemasgenomicos.com\\\/es\\\/politica-de-cookies\\\/#primaryimage\"},\"image\":{\"@id\":\"https:\\\/\\\/sistemasgenomicos.com\\\/es\\\/politica-de-cookies\\\/#primaryimage\"},\"thumbnailUrl\":\"https:\\\/\\\/sistemasgenomicos.com\\\/wp-content\\\/uploads\\\/2018\\\/04\\\/logo-sistemas-genomicos-default-1.jpg\",\"datePublished\":\"2022-04-28T15:12:52+00:00\",\"dateModified\":\"2022-04-28T15:56:21+00:00\",\"breadcrumb\":{\"@id\":\"https:\\\/\\\/sistemasgenomicos.com\\\/es\\\/politica-de-cookies\\\/#breadcrumb\"},\"inLanguage\":\"es\",\"potentialAction\":[{\"@type\":\"ReadAction\",\"target\":[\"https:\\\/\\\/sistemasgenomicos.com\\\/es\\\/politica-de-cookies\\\/\"]}]},{\"@type\":\"ImageObject\",\"inLanguage\":\"es\",\"@id\":\"https:\\\/\\\/sistemasgenomicos.com\\\/es\\\/politica-de-cookies\\\/#primaryimage\",\"url\":\"https:\\\/\\\/sistemasgenomicos.com\\\/wp-content\\\/uploads\\\/2018\\\/04\\\/logo-sistemas-genomicos-default-1.jpg\",\"contentUrl\":\"https:\\\/\\\/sistemasgenomicos.com\\\/wp-content\\\/uploads\\\/2018\\\/04\\\/logo-sistemas-genomicos-default-1.jpg\",\"width\":1200,\"height\":750},{\"@type\":\"BreadcrumbList\",\"@id\":\"https:\\\/\\\/sistemasgenomicos.com\\\/es\\\/politica-de-cookies\\\/#breadcrumb\",\"itemListElement\":[{\"@type\":\"ListItem\",\"position\":1,\"name\":\"Portada\",\"item\":\"https:\\\/\\\/sistemasgenomicos.com\\\/es\\\/\"},{\"@type\":\"ListItem\",\"position\":2,\"name\":\"Pol\u00edtica de Cookies\"}]},{\"@type\":\"WebSite\",\"@id\":\"https:\\\/\\\/sistemasgenomicos.com\\\/es\\\/#website\",\"url\":\"https:\\\/\\\/sistemasgenomicos.com\\\/es\\\/\",\"name\":\"Sistemas Gen\u00f3micos\",\"description\":\"La mayor empresa dedicada a la investigaci\u00f3n gen\u00e9tica y molecular\",\"publisher\":{\"@id\":\"https:\\\/\\\/sistemasgenomicos.com\\\/es\\\/#organization\"},\"potentialAction\":[{\"@type\":\"SearchAction\",\"target\":{\"@type\":\"EntryPoint\",\"urlTemplate\":\"https:\\\/\\\/sistemasgenomicos.com\\\/es\\\/?s={search_term_string}\"},\"query-input\":{\"@type\":\"PropertyValueSpecification\",\"valueRequired\":true,\"valueName\":\"search_term_string\"}}],\"inLanguage\":\"es\"},{\"@type\":\"Organization\",\"@id\":\"https:\\\/\\\/sistemasgenomicos.com\\\/es\\\/#organization\",\"name\":\"Sistemas Gen\u00f3micos\",\"url\":\"https:\\\/\\\/sistemasgenomicos.com\\\/es\\\/\",\"logo\":{\"@type\":\"ImageObject\",\"inLanguage\":\"es\",\"@id\":\"https:\\\/\\\/sistemasgenomicos.com\\\/es\\\/#\\\/schema\\\/logo\\\/image\\\/\",\"url\":\"https:\\\/\\\/sistemasgenomicos.com\\\/wp-content\\\/uploads\\\/2022\\\/04\\\/image001-1.png\",\"contentUrl\":\"https:\\\/\\\/sistemasgenomicos.com\\\/wp-content\\\/uploads\\\/2022\\\/04\\\/image001-1.png\",\"width\":250,\"height\":122,\"caption\":\"Sistemas Gen\u00f3micos\"},\"image\":{\"@id\":\"https:\\\/\\\/sistemasgenomicos.com\\\/es\\\/#\\\/schema\\\/logo\\\/image\\\/\"}}]}<\/script>\n<!-- \/ Yoast SEO plugin. -->","yoast_head_json":{"title":"Pol\u00edtica de Cookies - Sistemas Gen\u00f3micos","robots":{"index":"index","follow":"follow","max-snippet":"max-snippet:-1","max-image-preview":"max-image-preview:large","max-video-preview":"max-video-preview:-1"},"canonical":"https:\/\/sistemasgenomicos.com\/es\/politica-de-cookies\/","og_locale":"es_ES","og_type":"article","og_title":"Pol\u00edtica de Cookies - Sistemas Gen\u00f3micos","og_description":"POL\u00cdTICA DE COOKIES Queremos asegurarnos de que disfrute navegando por nuestro sitio web y tenga una experiencia grata. Por lo tanto, este sitio web pone \u00abcookies\u00bb en su ordenador para recabar informaci\u00f3n sobre el uso que hace de \u00e9l. &nbsp; 1. \u00bfQu\u00e9 son las cookies? Las cookies son archivos de texto con peque\u00f1as cantidades de [...]","og_url":"https:\/\/sistemasgenomicos.com\/es\/politica-de-cookies\/","og_site_name":"Sistemas Gen\u00f3micos","article_modified_time":"2022-04-28T15:56:21+00:00","og_image":[{"width":1200,"height":750,"url":"https:\/\/sistemasgenomicos.com\/wp-content\/uploads\/2018\/04\/logo-sistemas-genomicos-default-1.jpg","type":"image\/jpeg"}],"twitter_card":"summary_large_image","twitter_misc":{"Tiempo de lectura":"6 minutos"},"schema":{"@context":"https:\/\/schema.org","@graph":[{"@type":"WebPage","@id":"https:\/\/sistemasgenomicos.com\/es\/politica-de-cookies\/","url":"https:\/\/sistemasgenomicos.com\/es\/politica-de-cookies\/","name":"Pol\u00edtica de Cookies - Sistemas Gen\u00f3micos","isPartOf":{"@id":"https:\/\/sistemasgenomicos.com\/es\/#website"},"primaryImageOfPage":{"@id":"https:\/\/sistemasgenomicos.com\/es\/politica-de-cookies\/#primaryimage"},"image":{"@id":"https:\/\/sistemasgenomicos.com\/es\/politica-de-cookies\/#primaryimage"},"thumbnailUrl":"https:\/\/sistemasgenomicos.com\/wp-content\/uploads\/2018\/04\/logo-sistemas-genomicos-default-1.jpg","datePublished":"2022-04-28T15:12:52+00:00","dateModified":"2022-04-28T15:56:21+00:00","breadcrumb":{"@id":"https:\/\/sistemasgenomicos.com\/es\/politica-de-cookies\/#breadcrumb"},"inLanguage":"es","potentialAction":[{"@type":"ReadAction","target":["https:\/\/sistemasgenomicos.com\/es\/politica-de-cookies\/"]}]},{"@type":"ImageObject","inLanguage":"es","@id":"https:\/\/sistemasgenomicos.com\/es\/politica-de-cookies\/#primaryimage","url":"https:\/\/sistemasgenomicos.com\/wp-content\/uploads\/2018\/04\/logo-sistemas-genomicos-default-1.jpg","contentUrl":"https:\/\/sistemasgenomicos.com\/wp-content\/uploads\/2018\/04\/logo-sistemas-genomicos-default-1.jpg","width":1200,"height":750},{"@type":"BreadcrumbList","@id":"https:\/\/sistemasgenomicos.com\/es\/politica-de-cookies\/#breadcrumb","itemListElement":[{"@type":"ListItem","position":1,"name":"Portada","item":"https:\/\/sistemasgenomicos.com\/es\/"},{"@type":"ListItem","position":2,"name":"Pol\u00edtica de Cookies"}]},{"@type":"WebSite","@id":"https:\/\/sistemasgenomicos.com\/es\/#website","url":"https:\/\/sistemasgenomicos.com\/es\/","name":"Sistemas Gen\u00f3micos","description":"La mayor empresa dedicada a la investigaci\u00f3n gen\u00e9tica y molecular","publisher":{"@id":"https:\/\/sistemasgenomicos.com\/es\/#organization"},"potentialAction":[{"@type":"SearchAction","target":{"@type":"EntryPoint","urlTemplate":"https:\/\/sistemasgenomicos.com\/es\/?s={search_term_string}"},"query-input":{"@type":"PropertyValueSpecification","valueRequired":true,"valueName":"search_term_string"}}],"inLanguage":"es"},{"@type":"Organization","@id":"https:\/\/sistemasgenomicos.com\/es\/#organization","name":"Sistemas Gen\u00f3micos","url":"https:\/\/sistemasgenomicos.com\/es\/","logo":{"@type":"ImageObject","inLanguage":"es","@id":"https:\/\/sistemasgenomicos.com\/es\/#\/schema\/logo\/image\/","url":"https:\/\/sistemasgenomicos.com\/wp-content\/uploads\/2022\/04\/image001-1.png","contentUrl":"https:\/\/sistemasgenomicos.com\/wp-content\/uploads\/2022\/04\/image001-1.png","width":250,"height":122,"caption":"Sistemas Gen\u00f3micos"},"image":{"@id":"https:\/\/sistemasgenomicos.com\/es\/#\/schema\/logo\/image\/"}}]}},"_links":{"self":[{"href":"https:\/\/sistemasgenomicos.com\/es\/wp-json\/wp\/v2\/pages\/241398","targetHints":{"allow":["GET"]}}],"collection":[{"href":"https:\/\/sistemasgenomicos.com\/es\/wp-json\/wp\/v2\/pages"}],"about":[{"href":"https:\/\/sistemasgenomicos.com\/es\/wp-json\/wp\/v2\/types\/page"}],"author":[{"embeddable":true,"href":"https:\/\/sistemasgenomicos.com\/es\/wp-json\/wp\/v2\/users\/83"}],"replies":[{"embeddable":true,"href":"https:\/\/sistemasgenomicos.com\/es\/wp-json\/wp\/v2\/comments?post=241398"}],"version-history":[{"count":3,"href":"https:\/\/sistemasgenomicos.com\/es\/wp-json\/wp\/v2\/pages\/241398\/revisions"}],"predecessor-version":[{"id":241402,"href":"https:\/\/sistemasgenomicos.com\/es\/wp-json\/wp\/v2\/pages\/241398\/revisions\/241402"}],"wp:featuredmedia":[{"embeddable":true,"href":"https:\/\/sistemasgenomicos.com\/es\/wp-json\/wp\/v2\/media\/42665"}],"wp:attachment":[{"href":"https:\/\/sistemasgenomicos.com\/es\/wp-json\/wp\/v2\/media?parent=241398"}],"curies":[{"name":"wp","href":"https:\/\/api.w.org\/{rel}","templated":true}]}}