{"id":241126,"date":"2020-09-18T16:42:05","date_gmt":"2020-09-18T14:42:05","guid":{"rendered":"https:\/\/sistemasgenomicos.digitis.net\/tienda-online\/ngs-of-a-161-gene-panel-associated-with-solid-tumors-and-treatment-association-complete-genes-arid1a-atm-atr-atrx-bap1-cdk12-cdkn1b-chek1-crebbp-fanca-fancd2-fanci-fbxw7-mlh1-mre11a-m\/"},"modified":"2020-09-30T07:04:06","modified_gmt":"2020-09-30T05:04:06","slug":"ngs-of-a-161-gene-panel-associated-with-solid-tumors-and-treatment-association-complete-genes-arid1a-atm-atr-atrx-bap1-cdk12-cdkn1b-chek1-crebbp-fanca-fancd2-fanci-fbxw7-mlh1-mre11a-m","status":"publish","type":"product","link":"https:\/\/sistemasgenomicos.com\/en\/tienda-online\/ngs-of-a-161-gene-panel-associated-with-solid-tumors-and-treatment-association-complete-genes-arid1a-atm-atr-atrx-bap1-cdk12-cdkn1b-chek1-crebbp-fanca-fancd2-fanci-fbxw7-mlh1-mre11a-m\/","title":{"rendered":"NGS of a 161 gene panel associated with solid tumors and treatment association.\nComplete genes: ARID1A, ATM, ATR, ATRX, BAP1, CDK12, CDKN1B, CHEK1, CREBBP, FANCA, FANCD2, FANCI, FBXW7, MLH1, MRE11A, MSH2, MSH6, NBN, NF2, NOTCH2, NOTCH3, PALB2, PIK3R1, PMS2, POLE, PTCH1, RAD50, RAD51, RAD51C, RAD51D, RNF43, SETD2, SLX4, SMARCA4, SMARCB1, STK11, TP53 .\nSpecific mutations (hotspots): ARAF, BTK, CBL, CHEK2, CSF1R, CTNNB1, DDR2, ERBB3, ERCC2, EZH2, FOXL2, GATA2, GNA11, GNAQ, GNAS, H3F3A, HIST1H3B, HNF1A, HRAS, IDH1, IDH2, JAK1, JAK3, KDR, KNSTRN, MAGOH, MAP2K1, MAP2K2, MAP2K4, MAPK1, MAX, MED12, MTOR, MYD88, NFE2L2, NRAS, PPP2R1A, PTPN11, RAC1, RHEB, RHOA, SF3B1, SMAD4, SMO, SPOP, SRC, STAT3, TOP1, U2AF1, XPO1 .\nCopy number variation (CNVs): CCND2, CCND3, CCNE1, CDK2, FGF19, FGF3, IGF1R, MDM2, MYCL, RICTOR\n .Relocations (translocations\/fusions): ERG, ETV1, ETV4, ETV5, FGR, MYB, MYBL1, NOTCH4, NRG1, NUTM1, PRKACA, PRKACB, RELA, RSPO2, RSPO3"},"content":{"rendered":"","protected":false},"excerpt":{"rendered":"","protected":false},"featured_media":42665,"template":"","meta":[],"product_brand":[],"product_cat":[9509,9514,9327,9544],"product_tag":[24741],"class_list":{"0":"post-241126","1":"product","2":"type-product","3":"status-publish","4":"has-post-thumbnail","6":"product_cat-analysis-and-genetic-studies","7":"product_cat-listado-de-enfermedades-en","8":"product_cat-diagnostico-genetico-molecularn-en","9":"product_cat-oncologia-diagnostico-genetico-molecularn-en","10":"product_tag-tumor-solidod00323-en","12":"first","13":"instock","14":"taxable","15":"shipping-taxable","16":"product-type-simple"},"acf":[],"yoast_head":"<!-- This site is optimized with the Yoast SEO plugin v27.4 - https:\/\/yoast.com\/product\/yoast-seo-wordpress\/ -->\n<title>NGS of a 161 gene panel associated with solid tumors and treatment association. Complete genes: ARID1A, ATM, ATR, ATRX, BAP1, CDK12, CDKN1B, CHEK1, CREBBP, FANCA, FANCD2, FANCI, FBXW7, MLH1, MRE11A, MSH2, MSH6, NBN, NF2, NOTCH2, NOTCH3, PALB2, PIK3R1, PMS2, POLE, PTCH1, RAD50, RAD51, RAD51C, RAD51D, RNF43, SETD2, SLX4, SMARCA4, SMARCB1, STK11, TP53 . Specific mutations (hotspots): ARAF, BTK, CBL, CHEK2, CSF1R, CTNNB1, DDR2, ERBB3, ERCC2, EZH2, FOXL2, GATA2, GNA11, GNAQ, GNAS, H3F3A, HIST1H3B, HNF1A, HRAS, IDH1, IDH2, JAK1, JAK3, KDR, KNSTRN, MAGOH, MAP2K1, MAP2K2, MAP2K4, MAPK1, MAX, MED12, MTOR, MYD88, NFE2L2, NRAS, PPP2R1A, PTPN11, RAC1, RHEB, RHOA, SF3B1, SMAD4, SMO, SPOP, SRC, STAT3, TOP1, U2AF1, XPO1 . Copy number variation (CNVs): CCND2, CCND3, CCNE1, CDK2, FGF19, FGF3, IGF1R, MDM2, MYCL, RICTOR .Relocations (translocations\/fusions): ERG, ETV1, ETV4, ETV5, FGR, MYB, MYBL1, NOTCH4, NRG1, NUTM1, PRKACA, PRKACB, RELA, RSPO2, RSPO3 - Sistemas Gen\u00f3micos<\/title>\n<meta name=\"robots\" content=\"index, follow, max-snippet:-1, max-image-preview:large, max-video-preview:-1\" \/>\n<link rel=\"canonical\" href=\"https:\/\/sistemasgenomicos.com\/en\/tienda-online\/ngs-of-a-161-gene-panel-associated-with-solid-tumors-and-treatment-association-complete-genes-arid1a-atm-atr-atrx-bap1-cdk12-cdkn1b-chek1-crebbp-fanca-fancd2-fanci-fbxw7-mlh1-mre11a-m\/\" \/>\n<meta property=\"og:locale\" content=\"en_US\" \/>\n<meta property=\"og:type\" content=\"article\" \/>\n<meta property=\"og:title\" content=\"NGS of a 161 gene panel associated with solid tumors and treatment association. Complete genes: ARID1A, ATM, ATR, ATRX, BAP1, CDK12, CDKN1B, CHEK1, CREBBP, FANCA, FANCD2, FANCI, FBXW7, MLH1, MRE11A, MSH2, MSH6, NBN, NF2, NOTCH2, NOTCH3, PALB2, PIK3R1, PMS2, POLE, PTCH1, RAD50, RAD51, RAD51C, RAD51D, RNF43, SETD2, SLX4, SMARCA4, SMARCB1, STK11, TP53 . Specific mutations (hotspots): ARAF, BTK, CBL, CHEK2, CSF1R, CTNNB1, DDR2, ERBB3, ERCC2, EZH2, FOXL2, GATA2, GNA11, GNAQ, GNAS, H3F3A, HIST1H3B, HNF1A, HRAS, IDH1, IDH2, JAK1, JAK3, KDR, KNSTRN, MAGOH, MAP2K1, MAP2K2, MAP2K4, MAPK1, MAX, MED12, MTOR, MYD88, NFE2L2, NRAS, PPP2R1A, PTPN11, RAC1, RHEB, RHOA, SF3B1, SMAD4, SMO, SPOP, SRC, STAT3, TOP1, U2AF1, XPO1 . Copy number variation (CNVs): CCND2, CCND3, CCNE1, CDK2, FGF19, FGF3, IGF1R, MDM2, MYCL, RICTOR .Relocations (translocations\/fusions): ERG, ETV1, ETV4, ETV5, FGR, MYB, MYBL1, NOTCH4, NRG1, NUTM1, PRKACA, PRKACB, RELA, RSPO2, RSPO3 - Sistemas Gen\u00f3micos\" \/>\n<meta property=\"og:url\" content=\"https:\/\/sistemasgenomicos.com\/en\/tienda-online\/ngs-of-a-161-gene-panel-associated-with-solid-tumors-and-treatment-association-complete-genes-arid1a-atm-atr-atrx-bap1-cdk12-cdkn1b-chek1-crebbp-fanca-fancd2-fanci-fbxw7-mlh1-mre11a-m\/\" \/>\n<meta property=\"og:site_name\" content=\"Sistemas Gen\u00f3micos\" \/>\n<meta property=\"article:modified_time\" content=\"2020-09-30T05:04:06+00:00\" \/>\n<meta property=\"og:image\" content=\"https:\/\/sistemasgenomicos.com\/wp-content\/uploads\/2018\/04\/logo-sistemas-genomicos-default-1.jpg\" \/>\n\t<meta property=\"og:image:width\" content=\"1200\" \/>\n\t<meta property=\"og:image:height\" content=\"750\" \/>\n\t<meta property=\"og:image:type\" content=\"image\/jpeg\" \/>\n<meta name=\"twitter:card\" content=\"summary_large_image\" \/>\n<script type=\"application\/ld+json\" class=\"yoast-schema-graph\">{\"@context\":\"https:\\\/\\\/schema.org\",\"@graph\":[{\"@type\":\"WebPage\",\"@id\":\"https:\\\/\\\/sistemasgenomicos.com\\\/en\\\/tienda-online\\\/ngs-of-a-161-gene-panel-associated-with-solid-tumors-and-treatment-association-complete-genes-arid1a-atm-atr-atrx-bap1-cdk12-cdkn1b-chek1-crebbp-fanca-fancd2-fanci-fbxw7-mlh1-mre11a-m\\\/\",\"url\":\"https:\\\/\\\/sistemasgenomicos.com\\\/en\\\/tienda-online\\\/ngs-of-a-161-gene-panel-associated-with-solid-tumors-and-treatment-association-complete-genes-arid1a-atm-atr-atrx-bap1-cdk12-cdkn1b-chek1-crebbp-fanca-fancd2-fanci-fbxw7-mlh1-mre11a-m\\\/\",\"name\":\"NGS of a 161 gene panel associated with solid tumors and treatment association. Complete genes: ARID1A, ATM, ATR, ATRX, BAP1, CDK12, CDKN1B, CHEK1, CREBBP, FANCA, FANCD2, FANCI, FBXW7, MLH1, MRE11A, MSH2, MSH6, NBN, NF2, NOTCH2, NOTCH3, PALB2, PIK3R1, PMS2, POLE, PTCH1, RAD50, RAD51, RAD51C, RAD51D, RNF43, SETD2, SLX4, SMARCA4, SMARCB1, STK11, TP53 . Specific mutations (hotspots): ARAF, BTK, CBL, CHEK2, CSF1R, CTNNB1, DDR2, ERBB3, ERCC2, EZH2, FOXL2, GATA2, GNA11, GNAQ, GNAS, H3F3A, HIST1H3B, HNF1A, HRAS, IDH1, IDH2, JAK1, JAK3, KDR, KNSTRN, MAGOH, MAP2K1, MAP2K2, MAP2K4, MAPK1, MAX, MED12, MTOR, MYD88, NFE2L2, NRAS, PPP2R1A, PTPN11, RAC1, RHEB, RHOA, SF3B1, SMAD4, SMO, SPOP, SRC, STAT3, TOP1, U2AF1, XPO1 . Copy number variation (CNVs): CCND2, CCND3, CCNE1, CDK2, FGF19, FGF3, IGF1R, MDM2, MYCL, RICTOR .Relocations (translocations\\\/fusions): ERG, ETV1, ETV4, ETV5, FGR, MYB, MYBL1, NOTCH4, NRG1, NUTM1, PRKACA, PRKACB, RELA, RSPO2, RSPO3 - Sistemas Gen\u00f3micos\",\"isPartOf\":{\"@id\":\"https:\\\/\\\/sistemasgenomicos.com\\\/en\\\/#website\"},\"primaryImageOfPage\":{\"@id\":\"https:\\\/\\\/sistemasgenomicos.com\\\/en\\\/tienda-online\\\/ngs-of-a-161-gene-panel-associated-with-solid-tumors-and-treatment-association-complete-genes-arid1a-atm-atr-atrx-bap1-cdk12-cdkn1b-chek1-crebbp-fanca-fancd2-fanci-fbxw7-mlh1-mre11a-m\\\/#primaryimage\"},\"image\":{\"@id\":\"https:\\\/\\\/sistemasgenomicos.com\\\/en\\\/tienda-online\\\/ngs-of-a-161-gene-panel-associated-with-solid-tumors-and-treatment-association-complete-genes-arid1a-atm-atr-atrx-bap1-cdk12-cdkn1b-chek1-crebbp-fanca-fancd2-fanci-fbxw7-mlh1-mre11a-m\\\/#primaryimage\"},\"thumbnailUrl\":\"https:\\\/\\\/sistemasgenomicos.com\\\/wp-content\\\/uploads\\\/2018\\\/04\\\/logo-sistemas-genomicos-default-1.jpg\",\"datePublished\":\"2020-09-18T14:42:05+00:00\",\"dateModified\":\"2020-09-30T05:04:06+00:00\",\"breadcrumb\":{\"@id\":\"https:\\\/\\\/sistemasgenomicos.com\\\/en\\\/tienda-online\\\/ngs-of-a-161-gene-panel-associated-with-solid-tumors-and-treatment-association-complete-genes-arid1a-atm-atr-atrx-bap1-cdk12-cdkn1b-chek1-crebbp-fanca-fancd2-fanci-fbxw7-mlh1-mre11a-m\\\/#breadcrumb\"},\"inLanguage\":\"en-US\",\"potentialAction\":[{\"@type\":\"ReadAction\",\"target\":[\"https:\\\/\\\/sistemasgenomicos.com\\\/en\\\/tienda-online\\\/ngs-of-a-161-gene-panel-associated-with-solid-tumors-and-treatment-association-complete-genes-arid1a-atm-atr-atrx-bap1-cdk12-cdkn1b-chek1-crebbp-fanca-fancd2-fanci-fbxw7-mlh1-mre11a-m\\\/\"]}]},{\"@type\":\"ImageObject\",\"inLanguage\":\"en-US\",\"@id\":\"https:\\\/\\\/sistemasgenomicos.com\\\/en\\\/tienda-online\\\/ngs-of-a-161-gene-panel-associated-with-solid-tumors-and-treatment-association-complete-genes-arid1a-atm-atr-atrx-bap1-cdk12-cdkn1b-chek1-crebbp-fanca-fancd2-fanci-fbxw7-mlh1-mre11a-m\\\/#primaryimage\",\"url\":\"https:\\\/\\\/sistemasgenomicos.com\\\/wp-content\\\/uploads\\\/2018\\\/04\\\/logo-sistemas-genomicos-default-1.jpg\",\"contentUrl\":\"https:\\\/\\\/sistemasgenomicos.com\\\/wp-content\\\/uploads\\\/2018\\\/04\\\/logo-sistemas-genomicos-default-1.jpg\",\"width\":1200,\"height\":750},{\"@type\":\"BreadcrumbList\",\"@id\":\"https:\\\/\\\/sistemasgenomicos.com\\\/en\\\/tienda-online\\\/ngs-of-a-161-gene-panel-associated-with-solid-tumors-and-treatment-association-complete-genes-arid1a-atm-atr-atrx-bap1-cdk12-cdkn1b-chek1-crebbp-fanca-fancd2-fanci-fbxw7-mlh1-mre11a-m\\\/#breadcrumb\",\"itemListElement\":[{\"@type\":\"ListItem\",\"position\":1,\"name\":\"Portada\",\"item\":\"https:\\\/\\\/sistemasgenomicos.com\\\/en\\\/\"},{\"@type\":\"ListItem\",\"position\":2,\"name\":\"Tienda\",\"item\":\"https:\\\/\\\/sistemasgenomicos.com\\\/es\\\/tienda\\\/\"},{\"@type\":\"ListItem\",\"position\":3,\"name\":\"NGS of a 161 gene panel associated with solid tumors and treatment association. Complete genes: ARID1A, ATM, ATR, ATRX, BAP1, CDK12, CDKN1B, CHEK1, CREBBP, FANCA, FANCD2, FANCI, FBXW7, MLH1, MRE11A, MSH2, MSH6, NBN, NF2, NOTCH2, NOTCH3, PALB2, PIK3R1, PMS2, POLE, PTCH1, RAD50, RAD51, RAD51C, RAD51D, RNF43, SETD2, SLX4, SMARCA4, SMARCB1, STK11, TP53 . Specific mutations (hotspots): ARAF, BTK, CBL, CHEK2, CSF1R, CTNNB1, DDR2, ERBB3, ERCC2, EZH2, FOXL2, GATA2, GNA11, GNAQ, GNAS, H3F3A, HIST1H3B, HNF1A, HRAS, IDH1, IDH2, JAK1, JAK3, KDR, KNSTRN, MAGOH, MAP2K1, MAP2K2, MAP2K4, MAPK1, MAX, MED12, MTOR, MYD88, NFE2L2, NRAS, PPP2R1A, PTPN11, RAC1, RHEB, RHOA, SF3B1, SMAD4, SMO, SPOP, SRC, STAT3, TOP1, U2AF1, XPO1 . Copy number variation (CNVs): CCND2, CCND3, CCNE1, CDK2, FGF19, FGF3, IGF1R, MDM2, MYCL, RICTOR .Relocations (translocations\\\/fusions): ERG, ETV1, ETV4, ETV5, FGR, MYB, MYBL1, NOTCH4, NRG1, NUTM1, PRKACA, PRKACB, RELA, RSPO2, RSPO3\"}]},{\"@type\":\"WebSite\",\"@id\":\"https:\\\/\\\/sistemasgenomicos.com\\\/en\\\/#website\",\"url\":\"https:\\\/\\\/sistemasgenomicos.com\\\/en\\\/\",\"name\":\"Sistemas Gen\u00f3micos\",\"description\":\"La mayor empresa dedicada a la investigaci\u00f3n gen\u00e9tica y molecular\",\"publisher\":{\"@id\":\"https:\\\/\\\/sistemasgenomicos.com\\\/en\\\/#organization\"},\"potentialAction\":[{\"@type\":\"SearchAction\",\"target\":{\"@type\":\"EntryPoint\",\"urlTemplate\":\"https:\\\/\\\/sistemasgenomicos.com\\\/en\\\/?s={search_term_string}\"},\"query-input\":{\"@type\":\"PropertyValueSpecification\",\"valueRequired\":true,\"valueName\":\"search_term_string\"}}],\"inLanguage\":\"en-US\"},{\"@type\":\"Organization\",\"@id\":\"https:\\\/\\\/sistemasgenomicos.com\\\/en\\\/#organization\",\"name\":\"Sistemas Gen\u00f3micos\",\"url\":\"https:\\\/\\\/sistemasgenomicos.com\\\/en\\\/\",\"logo\":{\"@type\":\"ImageObject\",\"inLanguage\":\"en-US\",\"@id\":\"https:\\\/\\\/sistemasgenomicos.com\\\/en\\\/#\\\/schema\\\/logo\\\/image\\\/\",\"url\":\"https:\\\/\\\/sistemasgenomicos.com\\\/wp-content\\\/uploads\\\/2022\\\/04\\\/image001-1.png\",\"contentUrl\":\"https:\\\/\\\/sistemasgenomicos.com\\\/wp-content\\\/uploads\\\/2022\\\/04\\\/image001-1.png\",\"width\":250,\"height\":122,\"caption\":\"Sistemas Gen\u00f3micos\"},\"image\":{\"@id\":\"https:\\\/\\\/sistemasgenomicos.com\\\/en\\\/#\\\/schema\\\/logo\\\/image\\\/\"}}]}<\/script>\n<!-- \/ Yoast SEO plugin. -->","yoast_head_json":{"title":"NGS of a 161 gene panel associated with solid tumors and treatment association. Complete genes: ARID1A, ATM, ATR, ATRX, BAP1, CDK12, CDKN1B, CHEK1, CREBBP, FANCA, FANCD2, FANCI, FBXW7, MLH1, MRE11A, MSH2, MSH6, NBN, NF2, NOTCH2, NOTCH3, PALB2, PIK3R1, PMS2, POLE, PTCH1, RAD50, RAD51, RAD51C, RAD51D, RNF43, SETD2, SLX4, SMARCA4, SMARCB1, STK11, TP53 . Specific mutations (hotspots): ARAF, BTK, CBL, CHEK2, CSF1R, CTNNB1, DDR2, ERBB3, ERCC2, EZH2, FOXL2, GATA2, GNA11, GNAQ, GNAS, H3F3A, HIST1H3B, HNF1A, HRAS, IDH1, IDH2, JAK1, JAK3, KDR, KNSTRN, MAGOH, MAP2K1, MAP2K2, MAP2K4, MAPK1, MAX, MED12, MTOR, MYD88, NFE2L2, NRAS, PPP2R1A, PTPN11, RAC1, RHEB, RHOA, SF3B1, SMAD4, SMO, SPOP, SRC, STAT3, TOP1, U2AF1, XPO1 . Copy number variation (CNVs): CCND2, CCND3, CCNE1, CDK2, FGF19, FGF3, IGF1R, MDM2, MYCL, RICTOR .Relocations (translocations\/fusions): ERG, ETV1, ETV4, ETV5, FGR, MYB, MYBL1, NOTCH4, NRG1, NUTM1, PRKACA, PRKACB, RELA, RSPO2, RSPO3 - Sistemas Gen\u00f3micos","robots":{"index":"index","follow":"follow","max-snippet":"max-snippet:-1","max-image-preview":"max-image-preview:large","max-video-preview":"max-video-preview:-1"},"canonical":"https:\/\/sistemasgenomicos.com\/en\/tienda-online\/ngs-of-a-161-gene-panel-associated-with-solid-tumors-and-treatment-association-complete-genes-arid1a-atm-atr-atrx-bap1-cdk12-cdkn1b-chek1-crebbp-fanca-fancd2-fanci-fbxw7-mlh1-mre11a-m\/","og_locale":"en_US","og_type":"article","og_title":"NGS of a 161 gene panel associated with solid tumors and treatment association. Complete genes: ARID1A, ATM, ATR, ATRX, BAP1, CDK12, CDKN1B, CHEK1, CREBBP, FANCA, FANCD2, FANCI, FBXW7, MLH1, MRE11A, MSH2, MSH6, NBN, NF2, NOTCH2, NOTCH3, PALB2, PIK3R1, PMS2, POLE, PTCH1, RAD50, RAD51, RAD51C, RAD51D, RNF43, SETD2, SLX4, SMARCA4, SMARCB1, STK11, TP53 . Specific mutations (hotspots): ARAF, BTK, CBL, CHEK2, CSF1R, CTNNB1, DDR2, ERBB3, ERCC2, EZH2, FOXL2, GATA2, GNA11, GNAQ, GNAS, H3F3A, HIST1H3B, HNF1A, HRAS, IDH1, IDH2, JAK1, JAK3, KDR, KNSTRN, MAGOH, MAP2K1, MAP2K2, MAP2K4, MAPK1, MAX, MED12, MTOR, MYD88, NFE2L2, NRAS, PPP2R1A, PTPN11, RAC1, RHEB, RHOA, SF3B1, SMAD4, SMO, SPOP, SRC, STAT3, TOP1, U2AF1, XPO1 . Copy number variation (CNVs): CCND2, CCND3, CCNE1, CDK2, FGF19, FGF3, IGF1R, MDM2, MYCL, RICTOR .Relocations (translocations\/fusions): ERG, ETV1, ETV4, ETV5, FGR, MYB, MYBL1, NOTCH4, NRG1, NUTM1, PRKACA, PRKACB, RELA, RSPO2, RSPO3 - Sistemas Gen\u00f3micos","og_url":"https:\/\/sistemasgenomicos.com\/en\/tienda-online\/ngs-of-a-161-gene-panel-associated-with-solid-tumors-and-treatment-association-complete-genes-arid1a-atm-atr-atrx-bap1-cdk12-cdkn1b-chek1-crebbp-fanca-fancd2-fanci-fbxw7-mlh1-mre11a-m\/","og_site_name":"Sistemas Gen\u00f3micos","article_modified_time":"2020-09-30T05:04:06+00:00","og_image":[{"width":1200,"height":750,"url":"https:\/\/sistemasgenomicos.com\/wp-content\/uploads\/2018\/04\/logo-sistemas-genomicos-default-1.jpg","type":"image\/jpeg"}],"twitter_card":"summary_large_image","schema":{"@context":"https:\/\/schema.org","@graph":[{"@type":"WebPage","@id":"https:\/\/sistemasgenomicos.com\/en\/tienda-online\/ngs-of-a-161-gene-panel-associated-with-solid-tumors-and-treatment-association-complete-genes-arid1a-atm-atr-atrx-bap1-cdk12-cdkn1b-chek1-crebbp-fanca-fancd2-fanci-fbxw7-mlh1-mre11a-m\/","url":"https:\/\/sistemasgenomicos.com\/en\/tienda-online\/ngs-of-a-161-gene-panel-associated-with-solid-tumors-and-treatment-association-complete-genes-arid1a-atm-atr-atrx-bap1-cdk12-cdkn1b-chek1-crebbp-fanca-fancd2-fanci-fbxw7-mlh1-mre11a-m\/","name":"NGS of a 161 gene panel associated with solid tumors and treatment association. Complete genes: ARID1A, ATM, ATR, ATRX, BAP1, CDK12, CDKN1B, CHEK1, CREBBP, FANCA, FANCD2, FANCI, FBXW7, MLH1, MRE11A, MSH2, MSH6, NBN, NF2, NOTCH2, NOTCH3, PALB2, PIK3R1, PMS2, POLE, PTCH1, RAD50, RAD51, RAD51C, RAD51D, RNF43, SETD2, SLX4, SMARCA4, SMARCB1, STK11, TP53 . Specific mutations (hotspots): ARAF, BTK, CBL, CHEK2, CSF1R, CTNNB1, DDR2, ERBB3, ERCC2, EZH2, FOXL2, GATA2, GNA11, GNAQ, GNAS, H3F3A, HIST1H3B, HNF1A, HRAS, IDH1, IDH2, JAK1, JAK3, KDR, KNSTRN, MAGOH, MAP2K1, MAP2K2, MAP2K4, MAPK1, MAX, MED12, MTOR, MYD88, NFE2L2, NRAS, PPP2R1A, PTPN11, RAC1, RHEB, RHOA, SF3B1, SMAD4, SMO, SPOP, SRC, STAT3, TOP1, U2AF1, XPO1 . Copy number variation (CNVs): CCND2, CCND3, CCNE1, CDK2, FGF19, FGF3, IGF1R, MDM2, MYCL, RICTOR .Relocations (translocations\/fusions): ERG, ETV1, ETV4, ETV5, FGR, MYB, MYBL1, NOTCH4, NRG1, NUTM1, PRKACA, PRKACB, RELA, RSPO2, RSPO3 - Sistemas Gen\u00f3micos","isPartOf":{"@id":"https:\/\/sistemasgenomicos.com\/en\/#website"},"primaryImageOfPage":{"@id":"https:\/\/sistemasgenomicos.com\/en\/tienda-online\/ngs-of-a-161-gene-panel-associated-with-solid-tumors-and-treatment-association-complete-genes-arid1a-atm-atr-atrx-bap1-cdk12-cdkn1b-chek1-crebbp-fanca-fancd2-fanci-fbxw7-mlh1-mre11a-m\/#primaryimage"},"image":{"@id":"https:\/\/sistemasgenomicos.com\/en\/tienda-online\/ngs-of-a-161-gene-panel-associated-with-solid-tumors-and-treatment-association-complete-genes-arid1a-atm-atr-atrx-bap1-cdk12-cdkn1b-chek1-crebbp-fanca-fancd2-fanci-fbxw7-mlh1-mre11a-m\/#primaryimage"},"thumbnailUrl":"https:\/\/sistemasgenomicos.com\/wp-content\/uploads\/2018\/04\/logo-sistemas-genomicos-default-1.jpg","datePublished":"2020-09-18T14:42:05+00:00","dateModified":"2020-09-30T05:04:06+00:00","breadcrumb":{"@id":"https:\/\/sistemasgenomicos.com\/en\/tienda-online\/ngs-of-a-161-gene-panel-associated-with-solid-tumors-and-treatment-association-complete-genes-arid1a-atm-atr-atrx-bap1-cdk12-cdkn1b-chek1-crebbp-fanca-fancd2-fanci-fbxw7-mlh1-mre11a-m\/#breadcrumb"},"inLanguage":"en-US","potentialAction":[{"@type":"ReadAction","target":["https:\/\/sistemasgenomicos.com\/en\/tienda-online\/ngs-of-a-161-gene-panel-associated-with-solid-tumors-and-treatment-association-complete-genes-arid1a-atm-atr-atrx-bap1-cdk12-cdkn1b-chek1-crebbp-fanca-fancd2-fanci-fbxw7-mlh1-mre11a-m\/"]}]},{"@type":"ImageObject","inLanguage":"en-US","@id":"https:\/\/sistemasgenomicos.com\/en\/tienda-online\/ngs-of-a-161-gene-panel-associated-with-solid-tumors-and-treatment-association-complete-genes-arid1a-atm-atr-atrx-bap1-cdk12-cdkn1b-chek1-crebbp-fanca-fancd2-fanci-fbxw7-mlh1-mre11a-m\/#primaryimage","url":"https:\/\/sistemasgenomicos.com\/wp-content\/uploads\/2018\/04\/logo-sistemas-genomicos-default-1.jpg","contentUrl":"https:\/\/sistemasgenomicos.com\/wp-content\/uploads\/2018\/04\/logo-sistemas-genomicos-default-1.jpg","width":1200,"height":750},{"@type":"BreadcrumbList","@id":"https:\/\/sistemasgenomicos.com\/en\/tienda-online\/ngs-of-a-161-gene-panel-associated-with-solid-tumors-and-treatment-association-complete-genes-arid1a-atm-atr-atrx-bap1-cdk12-cdkn1b-chek1-crebbp-fanca-fancd2-fanci-fbxw7-mlh1-mre11a-m\/#breadcrumb","itemListElement":[{"@type":"ListItem","position":1,"name":"Portada","item":"https:\/\/sistemasgenomicos.com\/en\/"},{"@type":"ListItem","position":2,"name":"Tienda","item":"https:\/\/sistemasgenomicos.com\/es\/tienda\/"},{"@type":"ListItem","position":3,"name":"NGS of a 161 gene panel associated with solid tumors and treatment association. Complete genes: ARID1A, ATM, ATR, ATRX, BAP1, CDK12, CDKN1B, CHEK1, CREBBP, FANCA, FANCD2, FANCI, FBXW7, MLH1, MRE11A, MSH2, MSH6, NBN, NF2, NOTCH2, NOTCH3, PALB2, PIK3R1, PMS2, POLE, PTCH1, RAD50, RAD51, RAD51C, RAD51D, RNF43, SETD2, SLX4, SMARCA4, SMARCB1, STK11, TP53 . Specific mutations (hotspots): ARAF, BTK, CBL, CHEK2, CSF1R, CTNNB1, DDR2, ERBB3, ERCC2, EZH2, FOXL2, GATA2, GNA11, GNAQ, GNAS, H3F3A, HIST1H3B, HNF1A, HRAS, IDH1, IDH2, JAK1, JAK3, KDR, KNSTRN, MAGOH, MAP2K1, MAP2K2, MAP2K4, MAPK1, MAX, MED12, MTOR, MYD88, NFE2L2, NRAS, PPP2R1A, PTPN11, RAC1, RHEB, RHOA, SF3B1, SMAD4, SMO, SPOP, SRC, STAT3, TOP1, U2AF1, XPO1 . Copy number variation (CNVs): CCND2, CCND3, CCNE1, CDK2, FGF19, FGF3, IGF1R, MDM2, MYCL, RICTOR .Relocations (translocations\/fusions): ERG, ETV1, ETV4, ETV5, FGR, MYB, MYBL1, NOTCH4, NRG1, NUTM1, PRKACA, PRKACB, RELA, RSPO2, RSPO3"}]},{"@type":"WebSite","@id":"https:\/\/sistemasgenomicos.com\/en\/#website","url":"https:\/\/sistemasgenomicos.com\/en\/","name":"Sistemas Gen\u00f3micos","description":"La mayor empresa dedicada a la investigaci\u00f3n gen\u00e9tica y molecular","publisher":{"@id":"https:\/\/sistemasgenomicos.com\/en\/#organization"},"potentialAction":[{"@type":"SearchAction","target":{"@type":"EntryPoint","urlTemplate":"https:\/\/sistemasgenomicos.com\/en\/?s={search_term_string}"},"query-input":{"@type":"PropertyValueSpecification","valueRequired":true,"valueName":"search_term_string"}}],"inLanguage":"en-US"},{"@type":"Organization","@id":"https:\/\/sistemasgenomicos.com\/en\/#organization","name":"Sistemas Gen\u00f3micos","url":"https:\/\/sistemasgenomicos.com\/en\/","logo":{"@type":"ImageObject","inLanguage":"en-US","@id":"https:\/\/sistemasgenomicos.com\/en\/#\/schema\/logo\/image\/","url":"https:\/\/sistemasgenomicos.com\/wp-content\/uploads\/2022\/04\/image001-1.png","contentUrl":"https:\/\/sistemasgenomicos.com\/wp-content\/uploads\/2022\/04\/image001-1.png","width":250,"height":122,"caption":"Sistemas Gen\u00f3micos"},"image":{"@id":"https:\/\/sistemasgenomicos.com\/en\/#\/schema\/logo\/image\/"}}]}},"_links":{"self":[{"href":"https:\/\/sistemasgenomicos.com\/en\/wp-json\/wp\/v2\/product\/241126","targetHints":{"allow":["GET"]}}],"collection":[{"href":"https:\/\/sistemasgenomicos.com\/en\/wp-json\/wp\/v2\/product"}],"about":[{"href":"https:\/\/sistemasgenomicos.com\/en\/wp-json\/wp\/v2\/types\/product"}],"wp:featuredmedia":[{"embeddable":true,"href":"https:\/\/sistemasgenomicos.com\/en\/wp-json\/wp\/v2\/media\/42665"}],"wp:attachment":[{"href":"https:\/\/sistemasgenomicos.com\/en\/wp-json\/wp\/v2\/media?parent=241126"}],"wp:term":[{"taxonomy":"product_brand","embeddable":true,"href":"https:\/\/sistemasgenomicos.com\/en\/wp-json\/wp\/v2\/product_brand?post=241126"},{"taxonomy":"product_cat","embeddable":true,"href":"https:\/\/sistemasgenomicos.com\/en\/wp-json\/wp\/v2\/product_cat?post=241126"},{"taxonomy":"product_tag","embeddable":true,"href":"https:\/\/sistemasgenomicos.com\/en\/wp-json\/wp\/v2\/product_tag?post=241126"}],"curies":[{"name":"wp","href":"https:\/\/api.w.org\/{rel}","templated":true}]}}