{"id":240518,"date":"2020-05-19T21:08:21","date_gmt":"2020-05-19T19:08:21","guid":{"rendered":"https:\/\/sistemasgenomicos.digitis.net\/tienda-online\/ngs-and-bioinformatic-cnvs-screening-54-gene-panel-aarsaifm1arhgef10cox6a1dhtkd1dnajb2dnm2dync1h1egr2fgd4fig4garsgdap1gjb1gnb4harshk1hoxd10hspb1hspb8ighmbp2inf2karskif1blitaf\/"},"modified":"2020-09-30T07:03:41","modified_gmt":"2020-09-30T05:03:41","slug":"ngs-and-bioinformatic-cnvs-screening-54-gene-panel-aarsaifm1arhgef10cox6a1dhtkd1dnajb2dnm2dync1h1egr2fgd4fig4garsgdap1gjb1gnb4harshk1hoxd10hspb1hspb8ighmbp2inf2karskif1blitaf","status":"publish","type":"product","link":"https:\/\/sistemasgenomicos.com\/en\/tienda-online\/ngs-and-bioinformatic-cnvs-screening-54-gene-panel-aarsaifm1arhgef10cox6a1dhtkd1dnajb2dnm2dync1h1egr2fgd4fig4garsgdap1gjb1gnb4harshk1hoxd10hspb1hspb8ighmbp2inf2karskif1blitaf\/","title":{"rendered":"NGS and bioinformatic CNVs screening, 54-gene panel: AARS,AIFM1,ARHGEF10,COX6A1,DHTKD1,DNAJB2,DNM2,DYNC1H1,EGR2,FGD4,FIG4,GARS,GDAP1,GJB1,GNB4,HARS,HK1,HOXD10,HSPB1,HSPB8,IGHMBP2,INF2,KARS,KIF1B,LITAF,LMNA,LRSAM1,MARS,MED25,MFN2,MME,MORC2,MPV17,MPZ,MTMR2,NAGLU,NDRG1,NEFH,NEFL,PDK3,PLEKHG5,PMP22,PRPS1,PRX,RAB7A,SBF1,SBF2,SH3TC2,SPG11,SURF1,TRIM2,TRPV4,VCP,YARS,"},"content":{"rendered":"","protected":false},"excerpt":{"rendered":"","protected":false},"featured_media":42665,"template":"","meta":[],"product_brand":[],"product_cat":[9509,9329,9530,9514,9327,9538,9598],"product_tag":[23754],"class_list":{"0":"post-240518","1":"product","2":"type-product","3":"status-publish","4":"has-post-thumbnail","6":"product_cat-analysis-and-genetic-studies","7":"product_cat-diagnostico-genetico-por-secuenciacion-masivan-en","8":"product_cat-medicina-interna-diagnostico-genetico-molecularn-en","9":"product_cat-listado-de-enfermedades-en","10":"product_cat-diagnostico-genetico-molecularn-en","11":"product_cat-neurologia-diagnostico-genetico-molecularn-en","12":"product_cat-paneles-neurologia-diagnostico-genetico-por-secuenciacion-masivan-en","13":"product_tag-charcot-marie-tooth-enfermedadc00623-en","15":"first","16":"instock","17":"taxable","18":"shipping-taxable","19":"product-type-simple"},"acf":[],"yoast_head":"<!-- This site is optimized with the Yoast SEO plugin v27.4 - https:\/\/yoast.com\/product\/yoast-seo-wordpress\/ -->\n<title>NGS and bioinformatic CNVs screening, 54-gene panel: AARS,AIFM1,ARHGEF10,COX6A1,DHTKD1,DNAJB2,DNM2,DYNC1H1,EGR2,FGD4,FIG4,GARS,GDAP1,GJB1,GNB4,HARS,HK1,HOXD10,HSPB1,HSPB8,IGHMBP2,INF2,KARS,KIF1B,LITAF,LMNA,LRSAM1,MARS,MED25,MFN2,MME,MORC2,MPV17,MPZ,MTMR2,NAGLU,NDRG1,NEFH,NEFL,PDK3,PLEKHG5,PMP22,PRPS1,PRX,RAB7A,SBF1,SBF2,SH3TC2,SPG11,SURF1,TRIM2,TRPV4,VCP,YARS, - Sistemas Gen\u00f3micos<\/title>\n<meta name=\"robots\" content=\"index, follow, max-snippet:-1, max-image-preview:large, max-video-preview:-1\" \/>\n<link rel=\"canonical\" href=\"https:\/\/sistemasgenomicos.com\/en\/tienda-online\/ngs-and-bioinformatic-cnvs-screening-54-gene-panel-aarsaifm1arhgef10cox6a1dhtkd1dnajb2dnm2dync1h1egr2fgd4fig4garsgdap1gjb1gnb4harshk1hoxd10hspb1hspb8ighmbp2inf2karskif1blitaf\/\" \/>\n<meta property=\"og:locale\" content=\"en_US\" \/>\n<meta property=\"og:type\" content=\"article\" \/>\n<meta property=\"og:title\" content=\"NGS and bioinformatic CNVs screening, 54-gene panel: AARS,AIFM1,ARHGEF10,COX6A1,DHTKD1,DNAJB2,DNM2,DYNC1H1,EGR2,FGD4,FIG4,GARS,GDAP1,GJB1,GNB4,HARS,HK1,HOXD10,HSPB1,HSPB8,IGHMBP2,INF2,KARS,KIF1B,LITAF,LMNA,LRSAM1,MARS,MED25,MFN2,MME,MORC2,MPV17,MPZ,MTMR2,NAGLU,NDRG1,NEFH,NEFL,PDK3,PLEKHG5,PMP22,PRPS1,PRX,RAB7A,SBF1,SBF2,SH3TC2,SPG11,SURF1,TRIM2,TRPV4,VCP,YARS, - Sistemas Gen\u00f3micos\" \/>\n<meta property=\"og:url\" content=\"https:\/\/sistemasgenomicos.com\/en\/tienda-online\/ngs-and-bioinformatic-cnvs-screening-54-gene-panel-aarsaifm1arhgef10cox6a1dhtkd1dnajb2dnm2dync1h1egr2fgd4fig4garsgdap1gjb1gnb4harshk1hoxd10hspb1hspb8ighmbp2inf2karskif1blitaf\/\" \/>\n<meta property=\"og:site_name\" content=\"Sistemas Gen\u00f3micos\" \/>\n<meta property=\"article:modified_time\" content=\"2020-09-30T05:03:41+00:00\" \/>\n<meta property=\"og:image\" content=\"https:\/\/sistemasgenomicos.com\/wp-content\/uploads\/2018\/04\/logo-sistemas-genomicos-default-1.jpg\" \/>\n\t<meta property=\"og:image:width\" content=\"1200\" \/>\n\t<meta property=\"og:image:height\" content=\"750\" \/>\n\t<meta property=\"og:image:type\" content=\"image\/jpeg\" \/>\n<meta name=\"twitter:card\" content=\"summary_large_image\" \/>\n<script type=\"application\/ld+json\" class=\"yoast-schema-graph\">{\"@context\":\"https:\\\/\\\/schema.org\",\"@graph\":[{\"@type\":\"WebPage\",\"@id\":\"https:\\\/\\\/sistemasgenomicos.com\\\/en\\\/tienda-online\\\/ngs-and-bioinformatic-cnvs-screening-54-gene-panel-aarsaifm1arhgef10cox6a1dhtkd1dnajb2dnm2dync1h1egr2fgd4fig4garsgdap1gjb1gnb4harshk1hoxd10hspb1hspb8ighmbp2inf2karskif1blitaf\\\/\",\"url\":\"https:\\\/\\\/sistemasgenomicos.com\\\/en\\\/tienda-online\\\/ngs-and-bioinformatic-cnvs-screening-54-gene-panel-aarsaifm1arhgef10cox6a1dhtkd1dnajb2dnm2dync1h1egr2fgd4fig4garsgdap1gjb1gnb4harshk1hoxd10hspb1hspb8ighmbp2inf2karskif1blitaf\\\/\",\"name\":\"NGS and bioinformatic CNVs screening, 54-gene panel: AARS,AIFM1,ARHGEF10,COX6A1,DHTKD1,DNAJB2,DNM2,DYNC1H1,EGR2,FGD4,FIG4,GARS,GDAP1,GJB1,GNB4,HARS,HK1,HOXD10,HSPB1,HSPB8,IGHMBP2,INF2,KARS,KIF1B,LITAF,LMNA,LRSAM1,MARS,MED25,MFN2,MME,MORC2,MPV17,MPZ,MTMR2,NAGLU,NDRG1,NEFH,NEFL,PDK3,PLEKHG5,PMP22,PRPS1,PRX,RAB7A,SBF1,SBF2,SH3TC2,SPG11,SURF1,TRIM2,TRPV4,VCP,YARS, - Sistemas Gen\u00f3micos\",\"isPartOf\":{\"@id\":\"https:\\\/\\\/sistemasgenomicos.com\\\/en\\\/#website\"},\"primaryImageOfPage\":{\"@id\":\"https:\\\/\\\/sistemasgenomicos.com\\\/en\\\/tienda-online\\\/ngs-and-bioinformatic-cnvs-screening-54-gene-panel-aarsaifm1arhgef10cox6a1dhtkd1dnajb2dnm2dync1h1egr2fgd4fig4garsgdap1gjb1gnb4harshk1hoxd10hspb1hspb8ighmbp2inf2karskif1blitaf\\\/#primaryimage\"},\"image\":{\"@id\":\"https:\\\/\\\/sistemasgenomicos.com\\\/en\\\/tienda-online\\\/ngs-and-bioinformatic-cnvs-screening-54-gene-panel-aarsaifm1arhgef10cox6a1dhtkd1dnajb2dnm2dync1h1egr2fgd4fig4garsgdap1gjb1gnb4harshk1hoxd10hspb1hspb8ighmbp2inf2karskif1blitaf\\\/#primaryimage\"},\"thumbnailUrl\":\"https:\\\/\\\/sistemasgenomicos.com\\\/wp-content\\\/uploads\\\/2018\\\/04\\\/logo-sistemas-genomicos-default-1.jpg\",\"datePublished\":\"2020-05-19T19:08:21+00:00\",\"dateModified\":\"2020-09-30T05:03:41+00:00\",\"breadcrumb\":{\"@id\":\"https:\\\/\\\/sistemasgenomicos.com\\\/en\\\/tienda-online\\\/ngs-and-bioinformatic-cnvs-screening-54-gene-panel-aarsaifm1arhgef10cox6a1dhtkd1dnajb2dnm2dync1h1egr2fgd4fig4garsgdap1gjb1gnb4harshk1hoxd10hspb1hspb8ighmbp2inf2karskif1blitaf\\\/#breadcrumb\"},\"inLanguage\":\"en-US\",\"potentialAction\":[{\"@type\":\"ReadAction\",\"target\":[\"https:\\\/\\\/sistemasgenomicos.com\\\/en\\\/tienda-online\\\/ngs-and-bioinformatic-cnvs-screening-54-gene-panel-aarsaifm1arhgef10cox6a1dhtkd1dnajb2dnm2dync1h1egr2fgd4fig4garsgdap1gjb1gnb4harshk1hoxd10hspb1hspb8ighmbp2inf2karskif1blitaf\\\/\"]}]},{\"@type\":\"ImageObject\",\"inLanguage\":\"en-US\",\"@id\":\"https:\\\/\\\/sistemasgenomicos.com\\\/en\\\/tienda-online\\\/ngs-and-bioinformatic-cnvs-screening-54-gene-panel-aarsaifm1arhgef10cox6a1dhtkd1dnajb2dnm2dync1h1egr2fgd4fig4garsgdap1gjb1gnb4harshk1hoxd10hspb1hspb8ighmbp2inf2karskif1blitaf\\\/#primaryimage\",\"url\":\"https:\\\/\\\/sistemasgenomicos.com\\\/wp-content\\\/uploads\\\/2018\\\/04\\\/logo-sistemas-genomicos-default-1.jpg\",\"contentUrl\":\"https:\\\/\\\/sistemasgenomicos.com\\\/wp-content\\\/uploads\\\/2018\\\/04\\\/logo-sistemas-genomicos-default-1.jpg\",\"width\":1200,\"height\":750},{\"@type\":\"BreadcrumbList\",\"@id\":\"https:\\\/\\\/sistemasgenomicos.com\\\/en\\\/tienda-online\\\/ngs-and-bioinformatic-cnvs-screening-54-gene-panel-aarsaifm1arhgef10cox6a1dhtkd1dnajb2dnm2dync1h1egr2fgd4fig4garsgdap1gjb1gnb4harshk1hoxd10hspb1hspb8ighmbp2inf2karskif1blitaf\\\/#breadcrumb\",\"itemListElement\":[{\"@type\":\"ListItem\",\"position\":1,\"name\":\"Portada\",\"item\":\"https:\\\/\\\/sistemasgenomicos.com\\\/en\\\/\"},{\"@type\":\"ListItem\",\"position\":2,\"name\":\"Tienda\",\"item\":\"https:\\\/\\\/sistemasgenomicos.com\\\/es\\\/tienda\\\/\"},{\"@type\":\"ListItem\",\"position\":3,\"name\":\"NGS and bioinformatic CNVs screening, 54-gene panel: AARS,AIFM1,ARHGEF10,COX6A1,DHTKD1,DNAJB2,DNM2,DYNC1H1,EGR2,FGD4,FIG4,GARS,GDAP1,GJB1,GNB4,HARS,HK1,HOXD10,HSPB1,HSPB8,IGHMBP2,INF2,KARS,KIF1B,LITAF,LMNA,LRSAM1,MARS,MED25,MFN2,MME,MORC2,MPV17,MPZ,MTMR2,NAGLU,NDRG1,NEFH,NEFL,PDK3,PLEKHG5,PMP22,PRPS1,PRX,RAB7A,SBF1,SBF2,SH3TC2,SPG11,SURF1,TRIM2,TRPV4,VCP,YARS,\"}]},{\"@type\":\"WebSite\",\"@id\":\"https:\\\/\\\/sistemasgenomicos.com\\\/en\\\/#website\",\"url\":\"https:\\\/\\\/sistemasgenomicos.com\\\/en\\\/\",\"name\":\"Sistemas Gen\u00f3micos\",\"description\":\"La mayor empresa dedicada a la investigaci\u00f3n gen\u00e9tica y molecular\",\"publisher\":{\"@id\":\"https:\\\/\\\/sistemasgenomicos.com\\\/en\\\/#organization\"},\"potentialAction\":[{\"@type\":\"SearchAction\",\"target\":{\"@type\":\"EntryPoint\",\"urlTemplate\":\"https:\\\/\\\/sistemasgenomicos.com\\\/en\\\/?s={search_term_string}\"},\"query-input\":{\"@type\":\"PropertyValueSpecification\",\"valueRequired\":true,\"valueName\":\"search_term_string\"}}],\"inLanguage\":\"en-US\"},{\"@type\":\"Organization\",\"@id\":\"https:\\\/\\\/sistemasgenomicos.com\\\/en\\\/#organization\",\"name\":\"Sistemas Gen\u00f3micos\",\"url\":\"https:\\\/\\\/sistemasgenomicos.com\\\/en\\\/\",\"logo\":{\"@type\":\"ImageObject\",\"inLanguage\":\"en-US\",\"@id\":\"https:\\\/\\\/sistemasgenomicos.com\\\/en\\\/#\\\/schema\\\/logo\\\/image\\\/\",\"url\":\"https:\\\/\\\/sistemasgenomicos.com\\\/wp-content\\\/uploads\\\/2022\\\/04\\\/image001-1.png\",\"contentUrl\":\"https:\\\/\\\/sistemasgenomicos.com\\\/wp-content\\\/uploads\\\/2022\\\/04\\\/image001-1.png\",\"width\":250,\"height\":122,\"caption\":\"Sistemas Gen\u00f3micos\"},\"image\":{\"@id\":\"https:\\\/\\\/sistemasgenomicos.com\\\/en\\\/#\\\/schema\\\/logo\\\/image\\\/\"}}]}<\/script>\n<!-- \/ Yoast SEO plugin. -->","yoast_head_json":{"title":"NGS and bioinformatic CNVs screening, 54-gene panel: AARS,AIFM1,ARHGEF10,COX6A1,DHTKD1,DNAJB2,DNM2,DYNC1H1,EGR2,FGD4,FIG4,GARS,GDAP1,GJB1,GNB4,HARS,HK1,HOXD10,HSPB1,HSPB8,IGHMBP2,INF2,KARS,KIF1B,LITAF,LMNA,LRSAM1,MARS,MED25,MFN2,MME,MORC2,MPV17,MPZ,MTMR2,NAGLU,NDRG1,NEFH,NEFL,PDK3,PLEKHG5,PMP22,PRPS1,PRX,RAB7A,SBF1,SBF2,SH3TC2,SPG11,SURF1,TRIM2,TRPV4,VCP,YARS, - Sistemas Gen\u00f3micos","robots":{"index":"index","follow":"follow","max-snippet":"max-snippet:-1","max-image-preview":"max-image-preview:large","max-video-preview":"max-video-preview:-1"},"canonical":"https:\/\/sistemasgenomicos.com\/en\/tienda-online\/ngs-and-bioinformatic-cnvs-screening-54-gene-panel-aarsaifm1arhgef10cox6a1dhtkd1dnajb2dnm2dync1h1egr2fgd4fig4garsgdap1gjb1gnb4harshk1hoxd10hspb1hspb8ighmbp2inf2karskif1blitaf\/","og_locale":"en_US","og_type":"article","og_title":"NGS and bioinformatic CNVs screening, 54-gene panel: AARS,AIFM1,ARHGEF10,COX6A1,DHTKD1,DNAJB2,DNM2,DYNC1H1,EGR2,FGD4,FIG4,GARS,GDAP1,GJB1,GNB4,HARS,HK1,HOXD10,HSPB1,HSPB8,IGHMBP2,INF2,KARS,KIF1B,LITAF,LMNA,LRSAM1,MARS,MED25,MFN2,MME,MORC2,MPV17,MPZ,MTMR2,NAGLU,NDRG1,NEFH,NEFL,PDK3,PLEKHG5,PMP22,PRPS1,PRX,RAB7A,SBF1,SBF2,SH3TC2,SPG11,SURF1,TRIM2,TRPV4,VCP,YARS, - Sistemas Gen\u00f3micos","og_url":"https:\/\/sistemasgenomicos.com\/en\/tienda-online\/ngs-and-bioinformatic-cnvs-screening-54-gene-panel-aarsaifm1arhgef10cox6a1dhtkd1dnajb2dnm2dync1h1egr2fgd4fig4garsgdap1gjb1gnb4harshk1hoxd10hspb1hspb8ighmbp2inf2karskif1blitaf\/","og_site_name":"Sistemas Gen\u00f3micos","article_modified_time":"2020-09-30T05:03:41+00:00","og_image":[{"width":1200,"height":750,"url":"https:\/\/sistemasgenomicos.com\/wp-content\/uploads\/2018\/04\/logo-sistemas-genomicos-default-1.jpg","type":"image\/jpeg"}],"twitter_card":"summary_large_image","schema":{"@context":"https:\/\/schema.org","@graph":[{"@type":"WebPage","@id":"https:\/\/sistemasgenomicos.com\/en\/tienda-online\/ngs-and-bioinformatic-cnvs-screening-54-gene-panel-aarsaifm1arhgef10cox6a1dhtkd1dnajb2dnm2dync1h1egr2fgd4fig4garsgdap1gjb1gnb4harshk1hoxd10hspb1hspb8ighmbp2inf2karskif1blitaf\/","url":"https:\/\/sistemasgenomicos.com\/en\/tienda-online\/ngs-and-bioinformatic-cnvs-screening-54-gene-panel-aarsaifm1arhgef10cox6a1dhtkd1dnajb2dnm2dync1h1egr2fgd4fig4garsgdap1gjb1gnb4harshk1hoxd10hspb1hspb8ighmbp2inf2karskif1blitaf\/","name":"NGS and bioinformatic CNVs screening, 54-gene panel: AARS,AIFM1,ARHGEF10,COX6A1,DHTKD1,DNAJB2,DNM2,DYNC1H1,EGR2,FGD4,FIG4,GARS,GDAP1,GJB1,GNB4,HARS,HK1,HOXD10,HSPB1,HSPB8,IGHMBP2,INF2,KARS,KIF1B,LITAF,LMNA,LRSAM1,MARS,MED25,MFN2,MME,MORC2,MPV17,MPZ,MTMR2,NAGLU,NDRG1,NEFH,NEFL,PDK3,PLEKHG5,PMP22,PRPS1,PRX,RAB7A,SBF1,SBF2,SH3TC2,SPG11,SURF1,TRIM2,TRPV4,VCP,YARS, - Sistemas Gen\u00f3micos","isPartOf":{"@id":"https:\/\/sistemasgenomicos.com\/en\/#website"},"primaryImageOfPage":{"@id":"https:\/\/sistemasgenomicos.com\/en\/tienda-online\/ngs-and-bioinformatic-cnvs-screening-54-gene-panel-aarsaifm1arhgef10cox6a1dhtkd1dnajb2dnm2dync1h1egr2fgd4fig4garsgdap1gjb1gnb4harshk1hoxd10hspb1hspb8ighmbp2inf2karskif1blitaf\/#primaryimage"},"image":{"@id":"https:\/\/sistemasgenomicos.com\/en\/tienda-online\/ngs-and-bioinformatic-cnvs-screening-54-gene-panel-aarsaifm1arhgef10cox6a1dhtkd1dnajb2dnm2dync1h1egr2fgd4fig4garsgdap1gjb1gnb4harshk1hoxd10hspb1hspb8ighmbp2inf2karskif1blitaf\/#primaryimage"},"thumbnailUrl":"https:\/\/sistemasgenomicos.com\/wp-content\/uploads\/2018\/04\/logo-sistemas-genomicos-default-1.jpg","datePublished":"2020-05-19T19:08:21+00:00","dateModified":"2020-09-30T05:03:41+00:00","breadcrumb":{"@id":"https:\/\/sistemasgenomicos.com\/en\/tienda-online\/ngs-and-bioinformatic-cnvs-screening-54-gene-panel-aarsaifm1arhgef10cox6a1dhtkd1dnajb2dnm2dync1h1egr2fgd4fig4garsgdap1gjb1gnb4harshk1hoxd10hspb1hspb8ighmbp2inf2karskif1blitaf\/#breadcrumb"},"inLanguage":"en-US","potentialAction":[{"@type":"ReadAction","target":["https:\/\/sistemasgenomicos.com\/en\/tienda-online\/ngs-and-bioinformatic-cnvs-screening-54-gene-panel-aarsaifm1arhgef10cox6a1dhtkd1dnajb2dnm2dync1h1egr2fgd4fig4garsgdap1gjb1gnb4harshk1hoxd10hspb1hspb8ighmbp2inf2karskif1blitaf\/"]}]},{"@type":"ImageObject","inLanguage":"en-US","@id":"https:\/\/sistemasgenomicos.com\/en\/tienda-online\/ngs-and-bioinformatic-cnvs-screening-54-gene-panel-aarsaifm1arhgef10cox6a1dhtkd1dnajb2dnm2dync1h1egr2fgd4fig4garsgdap1gjb1gnb4harshk1hoxd10hspb1hspb8ighmbp2inf2karskif1blitaf\/#primaryimage","url":"https:\/\/sistemasgenomicos.com\/wp-content\/uploads\/2018\/04\/logo-sistemas-genomicos-default-1.jpg","contentUrl":"https:\/\/sistemasgenomicos.com\/wp-content\/uploads\/2018\/04\/logo-sistemas-genomicos-default-1.jpg","width":1200,"height":750},{"@type":"BreadcrumbList","@id":"https:\/\/sistemasgenomicos.com\/en\/tienda-online\/ngs-and-bioinformatic-cnvs-screening-54-gene-panel-aarsaifm1arhgef10cox6a1dhtkd1dnajb2dnm2dync1h1egr2fgd4fig4garsgdap1gjb1gnb4harshk1hoxd10hspb1hspb8ighmbp2inf2karskif1blitaf\/#breadcrumb","itemListElement":[{"@type":"ListItem","position":1,"name":"Portada","item":"https:\/\/sistemasgenomicos.com\/en\/"},{"@type":"ListItem","position":2,"name":"Tienda","item":"https:\/\/sistemasgenomicos.com\/es\/tienda\/"},{"@type":"ListItem","position":3,"name":"NGS and bioinformatic CNVs screening, 54-gene panel: AARS,AIFM1,ARHGEF10,COX6A1,DHTKD1,DNAJB2,DNM2,DYNC1H1,EGR2,FGD4,FIG4,GARS,GDAP1,GJB1,GNB4,HARS,HK1,HOXD10,HSPB1,HSPB8,IGHMBP2,INF2,KARS,KIF1B,LITAF,LMNA,LRSAM1,MARS,MED25,MFN2,MME,MORC2,MPV17,MPZ,MTMR2,NAGLU,NDRG1,NEFH,NEFL,PDK3,PLEKHG5,PMP22,PRPS1,PRX,RAB7A,SBF1,SBF2,SH3TC2,SPG11,SURF1,TRIM2,TRPV4,VCP,YARS,"}]},{"@type":"WebSite","@id":"https:\/\/sistemasgenomicos.com\/en\/#website","url":"https:\/\/sistemasgenomicos.com\/en\/","name":"Sistemas Gen\u00f3micos","description":"La mayor empresa dedicada a la investigaci\u00f3n gen\u00e9tica y molecular","publisher":{"@id":"https:\/\/sistemasgenomicos.com\/en\/#organization"},"potentialAction":[{"@type":"SearchAction","target":{"@type":"EntryPoint","urlTemplate":"https:\/\/sistemasgenomicos.com\/en\/?s={search_term_string}"},"query-input":{"@type":"PropertyValueSpecification","valueRequired":true,"valueName":"search_term_string"}}],"inLanguage":"en-US"},{"@type":"Organization","@id":"https:\/\/sistemasgenomicos.com\/en\/#organization","name":"Sistemas Gen\u00f3micos","url":"https:\/\/sistemasgenomicos.com\/en\/","logo":{"@type":"ImageObject","inLanguage":"en-US","@id":"https:\/\/sistemasgenomicos.com\/en\/#\/schema\/logo\/image\/","url":"https:\/\/sistemasgenomicos.com\/wp-content\/uploads\/2022\/04\/image001-1.png","contentUrl":"https:\/\/sistemasgenomicos.com\/wp-content\/uploads\/2022\/04\/image001-1.png","width":250,"height":122,"caption":"Sistemas Gen\u00f3micos"},"image":{"@id":"https:\/\/sistemasgenomicos.com\/en\/#\/schema\/logo\/image\/"}}]}},"_links":{"self":[{"href":"https:\/\/sistemasgenomicos.com\/en\/wp-json\/wp\/v2\/product\/240518","targetHints":{"allow":["GET"]}}],"collection":[{"href":"https:\/\/sistemasgenomicos.com\/en\/wp-json\/wp\/v2\/product"}],"about":[{"href":"https:\/\/sistemasgenomicos.com\/en\/wp-json\/wp\/v2\/types\/product"}],"wp:featuredmedia":[{"embeddable":true,"href":"https:\/\/sistemasgenomicos.com\/en\/wp-json\/wp\/v2\/media\/42665"}],"wp:attachment":[{"href":"https:\/\/sistemasgenomicos.com\/en\/wp-json\/wp\/v2\/media?parent=240518"}],"wp:term":[{"taxonomy":"product_brand","embeddable":true,"href":"https:\/\/sistemasgenomicos.com\/en\/wp-json\/wp\/v2\/product_brand?post=240518"},{"taxonomy":"product_cat","embeddable":true,"href":"https:\/\/sistemasgenomicos.com\/en\/wp-json\/wp\/v2\/product_cat?post=240518"},{"taxonomy":"product_tag","embeddable":true,"href":"https:\/\/sistemasgenomicos.com\/en\/wp-json\/wp\/v2\/product_tag?post=240518"}],"curies":[{"name":"wp","href":"https:\/\/api.w.org\/{rel}","templated":true}]}}