{"id":240516,"date":"2020-05-19T21:08:19","date_gmt":"2020-05-19T19:08:19","guid":{"rendered":"https:\/\/sistemasgenomicos.digitis.net\/tienda-online\/ngs-and-bioinformatic-cnvs-screening-200-gene-panel-aaasaarsabcd1abhd12aco2agrnaifm1alg13alg14alg2ampd2aptxararhgef10arl6ip1arsaasah1ascc1atad3aatl1atl3atp13a2atp7ab4galnt1bi\/"},"modified":"2020-09-30T07:03:41","modified_gmt":"2020-09-30T05:03:41","slug":"ngs-and-bioinformatic-cnvs-screening-200-gene-panel-aaasaarsabcd1abhd12aco2agrnaifm1alg13alg14alg2ampd2aptxararhgef10arl6ip1arsaasah1ascc1atad3aatl1atl3atp13a2atp7ab4galnt1bi","status":"publish","type":"product","link":"https:\/\/sistemasgenomicos.com\/en\/tienda-online\/ngs-and-bioinformatic-cnvs-screening-200-gene-panel-aaasaarsabcd1abhd12aco2agrnaifm1alg13alg14alg2ampd2aptxararhgef10arl6ip1arsaasah1ascc1atad3aatl1atl3atp13a2atp7ab4galnt1bi\/","title":{"rendered":"NGS and bioinformatic CNVs screening, 200-gene panel: AAAS,AARS,ABCD1,ABHD12,ACO2,AGRN,AIFM1,ALG13,ALG14,ALG2,AMPD2,APTX,AR,ARHGEF10,ARL6IP1,ARSA,ASAH1,ASCC1,ATAD3A,ATL1,ATL3,ATP13A2,ATP7A,B4GALNT1,BICD2,BSCL2,C12orf65,C19orf12,CAPN1,CCT5,CHAT,CHCHD10,CHRNA1,CHRNB1,CHRND,CHRNE,CHRNG,CLTCL1,CNTNAP1,COASY,COL13A1,COLQ,COQ4,COX6A1,CPOX,CTDP1,CTSD,CYP27A1,DARS2,DCAF8,DCTN1,DGUOK,DHH,DHTKD1,DNAJB2,DNM2,DNMT1,DOK7,DPAGT1,DST,DSTYK,DYNC1H1,EGR2,EXOSC3,FBLN5,FBXO38,FGD4,FIG4,GALC,GAN,GARS,GBA2,GBE1,GCLC,GDAP1,GFPT1,GJB1,GJC2,GNB4,GSN,HADHB,HARS,HINT1,HK1,HOXD10,HSD17B4,HSPB1,HSPB3,HSPB8,IARS2,IBA57,IGHMBP2,IKBKAP,INF2,KARS,KIF1A,KIF1B,KIF5A,KLC2,LAMB2,LITAF,LMNA,LRP4,LRSAM1,LYST,MARS,MED25,MEFV,MFN2,MME,MORC2,MPV17,MPZ,MTMR2,MUSK,MYH14,NAGLU,NDRG1,NDUFA9,NEFH,NEFL,NGF,NLRP3,NTRK1,OPA1,PDK3,PDSS1,PDSS2,PEX10,PEX16,PEX7,PHYH,PLA2G6,PLD3,PLEKHG5,PMM2,PMP22,PNKP,PNPLA6,POLG,PRDM12,PREPL,PRPS1,PRX,PSAP,PTPN22,PTRH2,PYROXD1,RAB7A,RAPSN,REEP1,RETREG1,RNASEH1,SBF1,SBF2,SCN11A,SCN4A,SCN9A,SCP2,SCYL1,SEPT9,SETX,SH3TC2,SIGMAR1,SLC18A3,SLC25A1,SLC25A46,SLC52A2,SLC52A3,SLC5A7,SNAP25,SOX10,SPG11,SPTLC1,SPTLC2,STUB1,SUCLA2,SURF1,SYT2,TBC1D24,TBCE,TDP1,TFG,TRIM2,TRIP4,TRPV4,TSFM,TTR,TWNK,TXN2,TYMP,UBA1,UBA5,UNC13A,VAPB,VCP,VRK1,WNK1,XK,YARS,"},"content":{"rendered":"","protected":false},"excerpt":{"rendered":"","protected":false},"featured_media":42665,"template":"","meta":[],"product_brand":[],"product_cat":[9509,9514,9327,9538,9540],"product_tag":[25050],"class_list":{"0":"post-240516","1":"product","2":"type-product","3":"status-publish","4":"has-post-thumbnail","6":"product_cat-analysis-and-genetic-studies","7":"product_cat-listado-de-enfermedades-en","8":"product_cat-diagnostico-genetico-molecularn-en","9":"product_cat-neurologia-diagnostico-genetico-molecularn-en","10":"product_cat-neuropediatria-diagnostico-genetico-molecularn-en","11":"product_tag-neuropatias-incluye-charcot-marie-tooth-neuropatias-y-miasteniasd00409-en","13":"first","14":"instock","15":"taxable","16":"shipping-taxable","17":"product-type-simple"},"acf":[],"yoast_head":"<!-- This site is optimized with the Yoast SEO plugin v27.4 - https:\/\/yoast.com\/product\/yoast-seo-wordpress\/ -->\n<title>NGS and bioinformatic CNVs screening, 200-gene panel: AAAS,AARS,ABCD1,ABHD12,ACO2,AGRN,AIFM1,ALG13,ALG14,ALG2,AMPD2,APTX,AR,ARHGEF10,ARL6IP1,ARSA,ASAH1,ASCC1,ATAD3A,ATL1,ATL3,ATP13A2,ATP7A,B4GALNT1,BICD2,BSCL2,C12orf65,C19orf12,CAPN1,CCT5,CHAT,CHCHD10,CHRNA1,CHRNB1,CHRND,CHRNE,CHRNG,CLTCL1,CNTNAP1,COASY,COL13A1,COLQ,COQ4,COX6A1,CPOX,CTDP1,CTSD,CYP27A1,DARS2,DCAF8,DCTN1,DGUOK,DHH,DHTKD1,DNAJB2,DNM2,DNMT1,DOK7,DPAGT1,DST,DSTYK,DYNC1H1,EGR2,EXOSC3,FBLN5,FBXO38,FGD4,FIG4,GALC,GAN,GARS,GBA2,GBE1,GCLC,GDAP1,GFPT1,GJB1,GJC2,GNB4,GSN,HADHB,HARS,HINT1,HK1,HOXD10,HSD17B4,HSPB1,HSPB3,HSPB8,IARS2,IBA57,IGHMBP2,IKBKAP,INF2,KARS,KIF1A,KIF1B,KIF5A,KLC2,LAMB2,LITAF,LMNA,LRP4,LRSAM1,LYST,MARS,MED25,MEFV,MFN2,MME,MORC2,MPV17,MPZ,MTMR2,MUSK,MYH14,NAGLU,NDRG1,NDUFA9,NEFH,NEFL,NGF,NLRP3,NTRK1,OPA1,PDK3,PDSS1,PDSS2,PEX10,PEX16,PEX7,PHYH,PLA2G6,PLD3,PLEKHG5,PMM2,PMP22,PNKP,PNPLA6,POLG,PRDM12,PREPL,PRPS1,PRX,PSAP,PTPN22,PTRH2,PYROXD1,RAB7A,RAPSN,REEP1,RETREG1,RNASEH1,SBF1,SBF2,SCN11A,SCN4A,SCN9A,SCP2,SCYL1,SEPT9,SETX,SH3TC2,SIGMAR1,SLC18A3,SLC25A1,SLC25A46,SLC52A2,SLC52A3,SLC5A7,SNAP25,SOX10,SPG11,SPTLC1,SPTLC2,STUB1,SUCLA2,SURF1,SYT2,TBC1D24,TBCE,TDP1,TFG,TRIM2,TRIP4,TRPV4,TSFM,TTR,TWNK,TXN2,TYMP,UBA1,UBA5,UNC13A,VAPB,VCP,VRK1,WNK1,XK,YARS, - Sistemas Gen\u00f3micos<\/title>\n<meta name=\"robots\" content=\"index, follow, max-snippet:-1, max-image-preview:large, max-video-preview:-1\" \/>\n<link rel=\"canonical\" href=\"https:\/\/sistemasgenomicos.com\/en\/tienda-online\/ngs-and-bioinformatic-cnvs-screening-200-gene-panel-aaasaarsabcd1abhd12aco2agrnaifm1alg13alg14alg2ampd2aptxararhgef10arl6ip1arsaasah1ascc1atad3aatl1atl3atp13a2atp7ab4galnt1bi\/\" \/>\n<meta property=\"og:locale\" content=\"en_US\" \/>\n<meta property=\"og:type\" content=\"article\" \/>\n<meta property=\"og:title\" content=\"NGS and bioinformatic CNVs screening, 200-gene panel: AAAS,AARS,ABCD1,ABHD12,ACO2,AGRN,AIFM1,ALG13,ALG14,ALG2,AMPD2,APTX,AR,ARHGEF10,ARL6IP1,ARSA,ASAH1,ASCC1,ATAD3A,ATL1,ATL3,ATP13A2,ATP7A,B4GALNT1,BICD2,BSCL2,C12orf65,C19orf12,CAPN1,CCT5,CHAT,CHCHD10,CHRNA1,CHRNB1,CHRND,CHRNE,CHRNG,CLTCL1,CNTNAP1,COASY,COL13A1,COLQ,COQ4,COX6A1,CPOX,CTDP1,CTSD,CYP27A1,DARS2,DCAF8,DCTN1,DGUOK,DHH,DHTKD1,DNAJB2,DNM2,DNMT1,DOK7,DPAGT1,DST,DSTYK,DYNC1H1,EGR2,EXOSC3,FBLN5,FBXO38,FGD4,FIG4,GALC,GAN,GARS,GBA2,GBE1,GCLC,GDAP1,GFPT1,GJB1,GJC2,GNB4,GSN,HADHB,HARS,HINT1,HK1,HOXD10,HSD17B4,HSPB1,HSPB3,HSPB8,IARS2,IBA57,IGHMBP2,IKBKAP,INF2,KARS,KIF1A,KIF1B,KIF5A,KLC2,LAMB2,LITAF,LMNA,LRP4,LRSAM1,LYST,MARS,MED25,MEFV,MFN2,MME,MORC2,MPV17,MPZ,MTMR2,MUSK,MYH14,NAGLU,NDRG1,NDUFA9,NEFH,NEFL,NGF,NLRP3,NTRK1,OPA1,PDK3,PDSS1,PDSS2,PEX10,PEX16,PEX7,PHYH,PLA2G6,PLD3,PLEKHG5,PMM2,PMP22,PNKP,PNPLA6,POLG,PRDM12,PREPL,PRPS1,PRX,PSAP,PTPN22,PTRH2,PYROXD1,RAB7A,RAPSN,REEP1,RETREG1,RNASEH1,SBF1,SBF2,SCN11A,SCN4A,SCN9A,SCP2,SCYL1,SEPT9,SETX,SH3TC2,SIGMAR1,SLC18A3,SLC25A1,SLC25A46,SLC52A2,SLC52A3,SLC5A7,SNAP25,SOX10,SPG11,SPTLC1,SPTLC2,STUB1,SUCLA2,SURF1,SYT2,TBC1D24,TBCE,TDP1,TFG,TRIM2,TRIP4,TRPV4,TSFM,TTR,TWNK,TXN2,TYMP,UBA1,UBA5,UNC13A,VAPB,VCP,VRK1,WNK1,XK,YARS, - Sistemas Gen\u00f3micos\" \/>\n<meta property=\"og:url\" content=\"https:\/\/sistemasgenomicos.com\/en\/tienda-online\/ngs-and-bioinformatic-cnvs-screening-200-gene-panel-aaasaarsabcd1abhd12aco2agrnaifm1alg13alg14alg2ampd2aptxararhgef10arl6ip1arsaasah1ascc1atad3aatl1atl3atp13a2atp7ab4galnt1bi\/\" \/>\n<meta property=\"og:site_name\" content=\"Sistemas Gen\u00f3micos\" \/>\n<meta property=\"article:modified_time\" content=\"2020-09-30T05:03:41+00:00\" \/>\n<meta property=\"og:image\" content=\"https:\/\/sistemasgenomicos.com\/wp-content\/uploads\/2018\/04\/logo-sistemas-genomicos-default-1.jpg\" \/>\n\t<meta property=\"og:image:width\" content=\"1200\" \/>\n\t<meta property=\"og:image:height\" content=\"750\" \/>\n\t<meta property=\"og:image:type\" content=\"image\/jpeg\" \/>\n<meta name=\"twitter:card\" content=\"summary_large_image\" \/>\n<script type=\"application\/ld+json\" class=\"yoast-schema-graph\">{\"@context\":\"https:\\\/\\\/schema.org\",\"@graph\":[{\"@type\":\"WebPage\",\"@id\":\"https:\\\/\\\/sistemasgenomicos.com\\\/en\\\/tienda-online\\\/ngs-and-bioinformatic-cnvs-screening-200-gene-panel-aaasaarsabcd1abhd12aco2agrnaifm1alg13alg14alg2ampd2aptxararhgef10arl6ip1arsaasah1ascc1atad3aatl1atl3atp13a2atp7ab4galnt1bi\\\/\",\"url\":\"https:\\\/\\\/sistemasgenomicos.com\\\/en\\\/tienda-online\\\/ngs-and-bioinformatic-cnvs-screening-200-gene-panel-aaasaarsabcd1abhd12aco2agrnaifm1alg13alg14alg2ampd2aptxararhgef10arl6ip1arsaasah1ascc1atad3aatl1atl3atp13a2atp7ab4galnt1bi\\\/\",\"name\":\"NGS and bioinformatic CNVs screening, 200-gene panel: AAAS,AARS,ABCD1,ABHD12,ACO2,AGRN,AIFM1,ALG13,ALG14,ALG2,AMPD2,APTX,AR,ARHGEF10,ARL6IP1,ARSA,ASAH1,ASCC1,ATAD3A,ATL1,ATL3,ATP13A2,ATP7A,B4GALNT1,BICD2,BSCL2,C12orf65,C19orf12,CAPN1,CCT5,CHAT,CHCHD10,CHRNA1,CHRNB1,CHRND,CHRNE,CHRNG,CLTCL1,CNTNAP1,COASY,COL13A1,COLQ,COQ4,COX6A1,CPOX,CTDP1,CTSD,CYP27A1,DARS2,DCAF8,DCTN1,DGUOK,DHH,DHTKD1,DNAJB2,DNM2,DNMT1,DOK7,DPAGT1,DST,DSTYK,DYNC1H1,EGR2,EXOSC3,FBLN5,FBXO38,FGD4,FIG4,GALC,GAN,GARS,GBA2,GBE1,GCLC,GDAP1,GFPT1,GJB1,GJC2,GNB4,GSN,HADHB,HARS,HINT1,HK1,HOXD10,HSD17B4,HSPB1,HSPB3,HSPB8,IARS2,IBA57,IGHMBP2,IKBKAP,INF2,KARS,KIF1A,KIF1B,KIF5A,KLC2,LAMB2,LITAF,LMNA,LRP4,LRSAM1,LYST,MARS,MED25,MEFV,MFN2,MME,MORC2,MPV17,MPZ,MTMR2,MUSK,MYH14,NAGLU,NDRG1,NDUFA9,NEFH,NEFL,NGF,NLRP3,NTRK1,OPA1,PDK3,PDSS1,PDSS2,PEX10,PEX16,PEX7,PHYH,PLA2G6,PLD3,PLEKHG5,PMM2,PMP22,PNKP,PNPLA6,POLG,PRDM12,PREPL,PRPS1,PRX,PSAP,PTPN22,PTRH2,PYROXD1,RAB7A,RAPSN,REEP1,RETREG1,RNASEH1,SBF1,SBF2,SCN11A,SCN4A,SCN9A,SCP2,SCYL1,SEPT9,SETX,SH3TC2,SIGMAR1,SLC18A3,SLC25A1,SLC25A46,SLC52A2,SLC52A3,SLC5A7,SNAP25,SOX10,SPG11,SPTLC1,SPTLC2,STUB1,SUCLA2,SURF1,SYT2,TBC1D24,TBCE,TDP1,TFG,TRIM2,TRIP4,TRPV4,TSFM,TTR,TWNK,TXN2,TYMP,UBA1,UBA5,UNC13A,VAPB,VCP,VRK1,WNK1,XK,YARS, - Sistemas Gen\u00f3micos\",\"isPartOf\":{\"@id\":\"https:\\\/\\\/sistemasgenomicos.com\\\/en\\\/#website\"},\"primaryImageOfPage\":{\"@id\":\"https:\\\/\\\/sistemasgenomicos.com\\\/en\\\/tienda-online\\\/ngs-and-bioinformatic-cnvs-screening-200-gene-panel-aaasaarsabcd1abhd12aco2agrnaifm1alg13alg14alg2ampd2aptxararhgef10arl6ip1arsaasah1ascc1atad3aatl1atl3atp13a2atp7ab4galnt1bi\\\/#primaryimage\"},\"image\":{\"@id\":\"https:\\\/\\\/sistemasgenomicos.com\\\/en\\\/tienda-online\\\/ngs-and-bioinformatic-cnvs-screening-200-gene-panel-aaasaarsabcd1abhd12aco2agrnaifm1alg13alg14alg2ampd2aptxararhgef10arl6ip1arsaasah1ascc1atad3aatl1atl3atp13a2atp7ab4galnt1bi\\\/#primaryimage\"},\"thumbnailUrl\":\"https:\\\/\\\/sistemasgenomicos.com\\\/wp-content\\\/uploads\\\/2018\\\/04\\\/logo-sistemas-genomicos-default-1.jpg\",\"datePublished\":\"2020-05-19T19:08:19+00:00\",\"dateModified\":\"2020-09-30T05:03:41+00:00\",\"breadcrumb\":{\"@id\":\"https:\\\/\\\/sistemasgenomicos.com\\\/en\\\/tienda-online\\\/ngs-and-bioinformatic-cnvs-screening-200-gene-panel-aaasaarsabcd1abhd12aco2agrnaifm1alg13alg14alg2ampd2aptxararhgef10arl6ip1arsaasah1ascc1atad3aatl1atl3atp13a2atp7ab4galnt1bi\\\/#breadcrumb\"},\"inLanguage\":\"en-US\",\"potentialAction\":[{\"@type\":\"ReadAction\",\"target\":[\"https:\\\/\\\/sistemasgenomicos.com\\\/en\\\/tienda-online\\\/ngs-and-bioinformatic-cnvs-screening-200-gene-panel-aaasaarsabcd1abhd12aco2agrnaifm1alg13alg14alg2ampd2aptxararhgef10arl6ip1arsaasah1ascc1atad3aatl1atl3atp13a2atp7ab4galnt1bi\\\/\"]}]},{\"@type\":\"ImageObject\",\"inLanguage\":\"en-US\",\"@id\":\"https:\\\/\\\/sistemasgenomicos.com\\\/en\\\/tienda-online\\\/ngs-and-bioinformatic-cnvs-screening-200-gene-panel-aaasaarsabcd1abhd12aco2agrnaifm1alg13alg14alg2ampd2aptxararhgef10arl6ip1arsaasah1ascc1atad3aatl1atl3atp13a2atp7ab4galnt1bi\\\/#primaryimage\",\"url\":\"https:\\\/\\\/sistemasgenomicos.com\\\/wp-content\\\/uploads\\\/2018\\\/04\\\/logo-sistemas-genomicos-default-1.jpg\",\"contentUrl\":\"https:\\\/\\\/sistemasgenomicos.com\\\/wp-content\\\/uploads\\\/2018\\\/04\\\/logo-sistemas-genomicos-default-1.jpg\",\"width\":1200,\"height\":750},{\"@type\":\"BreadcrumbList\",\"@id\":\"https:\\\/\\\/sistemasgenomicos.com\\\/en\\\/tienda-online\\\/ngs-and-bioinformatic-cnvs-screening-200-gene-panel-aaasaarsabcd1abhd12aco2agrnaifm1alg13alg14alg2ampd2aptxararhgef10arl6ip1arsaasah1ascc1atad3aatl1atl3atp13a2atp7ab4galnt1bi\\\/#breadcrumb\",\"itemListElement\":[{\"@type\":\"ListItem\",\"position\":1,\"name\":\"Portada\",\"item\":\"https:\\\/\\\/sistemasgenomicos.com\\\/en\\\/\"},{\"@type\":\"ListItem\",\"position\":2,\"name\":\"Tienda\",\"item\":\"https:\\\/\\\/sistemasgenomicos.com\\\/es\\\/tienda\\\/\"},{\"@type\":\"ListItem\",\"position\":3,\"name\":\"NGS and bioinformatic CNVs screening, 200-gene panel: AAAS,AARS,ABCD1,ABHD12,ACO2,AGRN,AIFM1,ALG13,ALG14,ALG2,AMPD2,APTX,AR,ARHGEF10,ARL6IP1,ARSA,ASAH1,ASCC1,ATAD3A,ATL1,ATL3,ATP13A2,ATP7A,B4GALNT1,BICD2,BSCL2,C12orf65,C19orf12,CAPN1,CCT5,CHAT,CHCHD10,CHRNA1,CHRNB1,CHRND,CHRNE,CHRNG,CLTCL1,CNTNAP1,COASY,COL13A1,COLQ,COQ4,COX6A1,CPOX,CTDP1,CTSD,CYP27A1,DARS2,DCAF8,DCTN1,DGUOK,DHH,DHTKD1,DNAJB2,DNM2,DNMT1,DOK7,DPAGT1,DST,DSTYK,DYNC1H1,EGR2,EXOSC3,FBLN5,FBXO38,FGD4,FIG4,GALC,GAN,GARS,GBA2,GBE1,GCLC,GDAP1,GFPT1,GJB1,GJC2,GNB4,GSN,HADHB,HARS,HINT1,HK1,HOXD10,HSD17B4,HSPB1,HSPB3,HSPB8,IARS2,IBA57,IGHMBP2,IKBKAP,INF2,KARS,KIF1A,KIF1B,KIF5A,KLC2,LAMB2,LITAF,LMNA,LRP4,LRSAM1,LYST,MARS,MED25,MEFV,MFN2,MME,MORC2,MPV17,MPZ,MTMR2,MUSK,MYH14,NAGLU,NDRG1,NDUFA9,NEFH,NEFL,NGF,NLRP3,NTRK1,OPA1,PDK3,PDSS1,PDSS2,PEX10,PEX16,PEX7,PHYH,PLA2G6,PLD3,PLEKHG5,PMM2,PMP22,PNKP,PNPLA6,POLG,PRDM12,PREPL,PRPS1,PRX,PSAP,PTPN22,PTRH2,PYROXD1,RAB7A,RAPSN,REEP1,RETREG1,RNASEH1,SBF1,SBF2,SCN11A,SCN4A,SCN9A,SCP2,SCYL1,SEPT9,SETX,SH3TC2,SIGMAR1,SLC18A3,SLC25A1,SLC25A46,SLC52A2,SLC52A3,SLC5A7,SNAP25,SOX10,SPG11,SPTLC1,SPTLC2,STUB1,SUCLA2,SURF1,SYT2,TBC1D24,TBCE,TDP1,TFG,TRIM2,TRIP4,TRPV4,TSFM,TTR,TWNK,TXN2,TYMP,UBA1,UBA5,UNC13A,VAPB,VCP,VRK1,WNK1,XK,YARS,\"}]},{\"@type\":\"WebSite\",\"@id\":\"https:\\\/\\\/sistemasgenomicos.com\\\/en\\\/#website\",\"url\":\"https:\\\/\\\/sistemasgenomicos.com\\\/en\\\/\",\"name\":\"Sistemas Gen\u00f3micos\",\"description\":\"La mayor empresa dedicada a la investigaci\u00f3n gen\u00e9tica y molecular\",\"publisher\":{\"@id\":\"https:\\\/\\\/sistemasgenomicos.com\\\/en\\\/#organization\"},\"potentialAction\":[{\"@type\":\"SearchAction\",\"target\":{\"@type\":\"EntryPoint\",\"urlTemplate\":\"https:\\\/\\\/sistemasgenomicos.com\\\/en\\\/?s={search_term_string}\"},\"query-input\":{\"@type\":\"PropertyValueSpecification\",\"valueRequired\":true,\"valueName\":\"search_term_string\"}}],\"inLanguage\":\"en-US\"},{\"@type\":\"Organization\",\"@id\":\"https:\\\/\\\/sistemasgenomicos.com\\\/en\\\/#organization\",\"name\":\"Sistemas Gen\u00f3micos\",\"url\":\"https:\\\/\\\/sistemasgenomicos.com\\\/en\\\/\",\"logo\":{\"@type\":\"ImageObject\",\"inLanguage\":\"en-US\",\"@id\":\"https:\\\/\\\/sistemasgenomicos.com\\\/en\\\/#\\\/schema\\\/logo\\\/image\\\/\",\"url\":\"https:\\\/\\\/sistemasgenomicos.com\\\/wp-content\\\/uploads\\\/2022\\\/04\\\/image001-1.png\",\"contentUrl\":\"https:\\\/\\\/sistemasgenomicos.com\\\/wp-content\\\/uploads\\\/2022\\\/04\\\/image001-1.png\",\"width\":250,\"height\":122,\"caption\":\"Sistemas Gen\u00f3micos\"},\"image\":{\"@id\":\"https:\\\/\\\/sistemasgenomicos.com\\\/en\\\/#\\\/schema\\\/logo\\\/image\\\/\"}}]}<\/script>\n<!-- \/ Yoast SEO plugin. -->","yoast_head_json":{"title":"NGS and bioinformatic CNVs screening, 200-gene panel: AAAS,AARS,ABCD1,ABHD12,ACO2,AGRN,AIFM1,ALG13,ALG14,ALG2,AMPD2,APTX,AR,ARHGEF10,ARL6IP1,ARSA,ASAH1,ASCC1,ATAD3A,ATL1,ATL3,ATP13A2,ATP7A,B4GALNT1,BICD2,BSCL2,C12orf65,C19orf12,CAPN1,CCT5,CHAT,CHCHD10,CHRNA1,CHRNB1,CHRND,CHRNE,CHRNG,CLTCL1,CNTNAP1,COASY,COL13A1,COLQ,COQ4,COX6A1,CPOX,CTDP1,CTSD,CYP27A1,DARS2,DCAF8,DCTN1,DGUOK,DHH,DHTKD1,DNAJB2,DNM2,DNMT1,DOK7,DPAGT1,DST,DSTYK,DYNC1H1,EGR2,EXOSC3,FBLN5,FBXO38,FGD4,FIG4,GALC,GAN,GARS,GBA2,GBE1,GCLC,GDAP1,GFPT1,GJB1,GJC2,GNB4,GSN,HADHB,HARS,HINT1,HK1,HOXD10,HSD17B4,HSPB1,HSPB3,HSPB8,IARS2,IBA57,IGHMBP2,IKBKAP,INF2,KARS,KIF1A,KIF1B,KIF5A,KLC2,LAMB2,LITAF,LMNA,LRP4,LRSAM1,LYST,MARS,MED25,MEFV,MFN2,MME,MORC2,MPV17,MPZ,MTMR2,MUSK,MYH14,NAGLU,NDRG1,NDUFA9,NEFH,NEFL,NGF,NLRP3,NTRK1,OPA1,PDK3,PDSS1,PDSS2,PEX10,PEX16,PEX7,PHYH,PLA2G6,PLD3,PLEKHG5,PMM2,PMP22,PNKP,PNPLA6,POLG,PRDM12,PREPL,PRPS1,PRX,PSAP,PTPN22,PTRH2,PYROXD1,RAB7A,RAPSN,REEP1,RETREG1,RNASEH1,SBF1,SBF2,SCN11A,SCN4A,SCN9A,SCP2,SCYL1,SEPT9,SETX,SH3TC2,SIGMAR1,SLC18A3,SLC25A1,SLC25A46,SLC52A2,SLC52A3,SLC5A7,SNAP25,SOX10,SPG11,SPTLC1,SPTLC2,STUB1,SUCLA2,SURF1,SYT2,TBC1D24,TBCE,TDP1,TFG,TRIM2,TRIP4,TRPV4,TSFM,TTR,TWNK,TXN2,TYMP,UBA1,UBA5,UNC13A,VAPB,VCP,VRK1,WNK1,XK,YARS, - Sistemas Gen\u00f3micos","robots":{"index":"index","follow":"follow","max-snippet":"max-snippet:-1","max-image-preview":"max-image-preview:large","max-video-preview":"max-video-preview:-1"},"canonical":"https:\/\/sistemasgenomicos.com\/en\/tienda-online\/ngs-and-bioinformatic-cnvs-screening-200-gene-panel-aaasaarsabcd1abhd12aco2agrnaifm1alg13alg14alg2ampd2aptxararhgef10arl6ip1arsaasah1ascc1atad3aatl1atl3atp13a2atp7ab4galnt1bi\/","og_locale":"en_US","og_type":"article","og_title":"NGS and bioinformatic CNVs screening, 200-gene panel: AAAS,AARS,ABCD1,ABHD12,ACO2,AGRN,AIFM1,ALG13,ALG14,ALG2,AMPD2,APTX,AR,ARHGEF10,ARL6IP1,ARSA,ASAH1,ASCC1,ATAD3A,ATL1,ATL3,ATP13A2,ATP7A,B4GALNT1,BICD2,BSCL2,C12orf65,C19orf12,CAPN1,CCT5,CHAT,CHCHD10,CHRNA1,CHRNB1,CHRND,CHRNE,CHRNG,CLTCL1,CNTNAP1,COASY,COL13A1,COLQ,COQ4,COX6A1,CPOX,CTDP1,CTSD,CYP27A1,DARS2,DCAF8,DCTN1,DGUOK,DHH,DHTKD1,DNAJB2,DNM2,DNMT1,DOK7,DPAGT1,DST,DSTYK,DYNC1H1,EGR2,EXOSC3,FBLN5,FBXO38,FGD4,FIG4,GALC,GAN,GARS,GBA2,GBE1,GCLC,GDAP1,GFPT1,GJB1,GJC2,GNB4,GSN,HADHB,HARS,HINT1,HK1,HOXD10,HSD17B4,HSPB1,HSPB3,HSPB8,IARS2,IBA57,IGHMBP2,IKBKAP,INF2,KARS,KIF1A,KIF1B,KIF5A,KLC2,LAMB2,LITAF,LMNA,LRP4,LRSAM1,LYST,MARS,MED25,MEFV,MFN2,MME,MORC2,MPV17,MPZ,MTMR2,MUSK,MYH14,NAGLU,NDRG1,NDUFA9,NEFH,NEFL,NGF,NLRP3,NTRK1,OPA1,PDK3,PDSS1,PDSS2,PEX10,PEX16,PEX7,PHYH,PLA2G6,PLD3,PLEKHG5,PMM2,PMP22,PNKP,PNPLA6,POLG,PRDM12,PREPL,PRPS1,PRX,PSAP,PTPN22,PTRH2,PYROXD1,RAB7A,RAPSN,REEP1,RETREG1,RNASEH1,SBF1,SBF2,SCN11A,SCN4A,SCN9A,SCP2,SCYL1,SEPT9,SETX,SH3TC2,SIGMAR1,SLC18A3,SLC25A1,SLC25A46,SLC52A2,SLC52A3,SLC5A7,SNAP25,SOX10,SPG11,SPTLC1,SPTLC2,STUB1,SUCLA2,SURF1,SYT2,TBC1D24,TBCE,TDP1,TFG,TRIM2,TRIP4,TRPV4,TSFM,TTR,TWNK,TXN2,TYMP,UBA1,UBA5,UNC13A,VAPB,VCP,VRK1,WNK1,XK,YARS, - Sistemas Gen\u00f3micos","og_url":"https:\/\/sistemasgenomicos.com\/en\/tienda-online\/ngs-and-bioinformatic-cnvs-screening-200-gene-panel-aaasaarsabcd1abhd12aco2agrnaifm1alg13alg14alg2ampd2aptxararhgef10arl6ip1arsaasah1ascc1atad3aatl1atl3atp13a2atp7ab4galnt1bi\/","og_site_name":"Sistemas Gen\u00f3micos","article_modified_time":"2020-09-30T05:03:41+00:00","og_image":[{"width":1200,"height":750,"url":"https:\/\/sistemasgenomicos.com\/wp-content\/uploads\/2018\/04\/logo-sistemas-genomicos-default-1.jpg","type":"image\/jpeg"}],"twitter_card":"summary_large_image","schema":{"@context":"https:\/\/schema.org","@graph":[{"@type":"WebPage","@id":"https:\/\/sistemasgenomicos.com\/en\/tienda-online\/ngs-and-bioinformatic-cnvs-screening-200-gene-panel-aaasaarsabcd1abhd12aco2agrnaifm1alg13alg14alg2ampd2aptxararhgef10arl6ip1arsaasah1ascc1atad3aatl1atl3atp13a2atp7ab4galnt1bi\/","url":"https:\/\/sistemasgenomicos.com\/en\/tienda-online\/ngs-and-bioinformatic-cnvs-screening-200-gene-panel-aaasaarsabcd1abhd12aco2agrnaifm1alg13alg14alg2ampd2aptxararhgef10arl6ip1arsaasah1ascc1atad3aatl1atl3atp13a2atp7ab4galnt1bi\/","name":"NGS and bioinformatic CNVs screening, 200-gene panel: AAAS,AARS,ABCD1,ABHD12,ACO2,AGRN,AIFM1,ALG13,ALG14,ALG2,AMPD2,APTX,AR,ARHGEF10,ARL6IP1,ARSA,ASAH1,ASCC1,ATAD3A,ATL1,ATL3,ATP13A2,ATP7A,B4GALNT1,BICD2,BSCL2,C12orf65,C19orf12,CAPN1,CCT5,CHAT,CHCHD10,CHRNA1,CHRNB1,CHRND,CHRNE,CHRNG,CLTCL1,CNTNAP1,COASY,COL13A1,COLQ,COQ4,COX6A1,CPOX,CTDP1,CTSD,CYP27A1,DARS2,DCAF8,DCTN1,DGUOK,DHH,DHTKD1,DNAJB2,DNM2,DNMT1,DOK7,DPAGT1,DST,DSTYK,DYNC1H1,EGR2,EXOSC3,FBLN5,FBXO38,FGD4,FIG4,GALC,GAN,GARS,GBA2,GBE1,GCLC,GDAP1,GFPT1,GJB1,GJC2,GNB4,GSN,HADHB,HARS,HINT1,HK1,HOXD10,HSD17B4,HSPB1,HSPB3,HSPB8,IARS2,IBA57,IGHMBP2,IKBKAP,INF2,KARS,KIF1A,KIF1B,KIF5A,KLC2,LAMB2,LITAF,LMNA,LRP4,LRSAM1,LYST,MARS,MED25,MEFV,MFN2,MME,MORC2,MPV17,MPZ,MTMR2,MUSK,MYH14,NAGLU,NDRG1,NDUFA9,NEFH,NEFL,NGF,NLRP3,NTRK1,OPA1,PDK3,PDSS1,PDSS2,PEX10,PEX16,PEX7,PHYH,PLA2G6,PLD3,PLEKHG5,PMM2,PMP22,PNKP,PNPLA6,POLG,PRDM12,PREPL,PRPS1,PRX,PSAP,PTPN22,PTRH2,PYROXD1,RAB7A,RAPSN,REEP1,RETREG1,RNASEH1,SBF1,SBF2,SCN11A,SCN4A,SCN9A,SCP2,SCYL1,SEPT9,SETX,SH3TC2,SIGMAR1,SLC18A3,SLC25A1,SLC25A46,SLC52A2,SLC52A3,SLC5A7,SNAP25,SOX10,SPG11,SPTLC1,SPTLC2,STUB1,SUCLA2,SURF1,SYT2,TBC1D24,TBCE,TDP1,TFG,TRIM2,TRIP4,TRPV4,TSFM,TTR,TWNK,TXN2,TYMP,UBA1,UBA5,UNC13A,VAPB,VCP,VRK1,WNK1,XK,YARS, - Sistemas Gen\u00f3micos","isPartOf":{"@id":"https:\/\/sistemasgenomicos.com\/en\/#website"},"primaryImageOfPage":{"@id":"https:\/\/sistemasgenomicos.com\/en\/tienda-online\/ngs-and-bioinformatic-cnvs-screening-200-gene-panel-aaasaarsabcd1abhd12aco2agrnaifm1alg13alg14alg2ampd2aptxararhgef10arl6ip1arsaasah1ascc1atad3aatl1atl3atp13a2atp7ab4galnt1bi\/#primaryimage"},"image":{"@id":"https:\/\/sistemasgenomicos.com\/en\/tienda-online\/ngs-and-bioinformatic-cnvs-screening-200-gene-panel-aaasaarsabcd1abhd12aco2agrnaifm1alg13alg14alg2ampd2aptxararhgef10arl6ip1arsaasah1ascc1atad3aatl1atl3atp13a2atp7ab4galnt1bi\/#primaryimage"},"thumbnailUrl":"https:\/\/sistemasgenomicos.com\/wp-content\/uploads\/2018\/04\/logo-sistemas-genomicos-default-1.jpg","datePublished":"2020-05-19T19:08:19+00:00","dateModified":"2020-09-30T05:03:41+00:00","breadcrumb":{"@id":"https:\/\/sistemasgenomicos.com\/en\/tienda-online\/ngs-and-bioinformatic-cnvs-screening-200-gene-panel-aaasaarsabcd1abhd12aco2agrnaifm1alg13alg14alg2ampd2aptxararhgef10arl6ip1arsaasah1ascc1atad3aatl1atl3atp13a2atp7ab4galnt1bi\/#breadcrumb"},"inLanguage":"en-US","potentialAction":[{"@type":"ReadAction","target":["https:\/\/sistemasgenomicos.com\/en\/tienda-online\/ngs-and-bioinformatic-cnvs-screening-200-gene-panel-aaasaarsabcd1abhd12aco2agrnaifm1alg13alg14alg2ampd2aptxararhgef10arl6ip1arsaasah1ascc1atad3aatl1atl3atp13a2atp7ab4galnt1bi\/"]}]},{"@type":"ImageObject","inLanguage":"en-US","@id":"https:\/\/sistemasgenomicos.com\/en\/tienda-online\/ngs-and-bioinformatic-cnvs-screening-200-gene-panel-aaasaarsabcd1abhd12aco2agrnaifm1alg13alg14alg2ampd2aptxararhgef10arl6ip1arsaasah1ascc1atad3aatl1atl3atp13a2atp7ab4galnt1bi\/#primaryimage","url":"https:\/\/sistemasgenomicos.com\/wp-content\/uploads\/2018\/04\/logo-sistemas-genomicos-default-1.jpg","contentUrl":"https:\/\/sistemasgenomicos.com\/wp-content\/uploads\/2018\/04\/logo-sistemas-genomicos-default-1.jpg","width":1200,"height":750},{"@type":"BreadcrumbList","@id":"https:\/\/sistemasgenomicos.com\/en\/tienda-online\/ngs-and-bioinformatic-cnvs-screening-200-gene-panel-aaasaarsabcd1abhd12aco2agrnaifm1alg13alg14alg2ampd2aptxararhgef10arl6ip1arsaasah1ascc1atad3aatl1atl3atp13a2atp7ab4galnt1bi\/#breadcrumb","itemListElement":[{"@type":"ListItem","position":1,"name":"Portada","item":"https:\/\/sistemasgenomicos.com\/en\/"},{"@type":"ListItem","position":2,"name":"Tienda","item":"https:\/\/sistemasgenomicos.com\/es\/tienda\/"},{"@type":"ListItem","position":3,"name":"NGS and bioinformatic CNVs screening, 200-gene panel: AAAS,AARS,ABCD1,ABHD12,ACO2,AGRN,AIFM1,ALG13,ALG14,ALG2,AMPD2,APTX,AR,ARHGEF10,ARL6IP1,ARSA,ASAH1,ASCC1,ATAD3A,ATL1,ATL3,ATP13A2,ATP7A,B4GALNT1,BICD2,BSCL2,C12orf65,C19orf12,CAPN1,CCT5,CHAT,CHCHD10,CHRNA1,CHRNB1,CHRND,CHRNE,CHRNG,CLTCL1,CNTNAP1,COASY,COL13A1,COLQ,COQ4,COX6A1,CPOX,CTDP1,CTSD,CYP27A1,DARS2,DCAF8,DCTN1,DGUOK,DHH,DHTKD1,DNAJB2,DNM2,DNMT1,DOK7,DPAGT1,DST,DSTYK,DYNC1H1,EGR2,EXOSC3,FBLN5,FBXO38,FGD4,FIG4,GALC,GAN,GARS,GBA2,GBE1,GCLC,GDAP1,GFPT1,GJB1,GJC2,GNB4,GSN,HADHB,HARS,HINT1,HK1,HOXD10,HSD17B4,HSPB1,HSPB3,HSPB8,IARS2,IBA57,IGHMBP2,IKBKAP,INF2,KARS,KIF1A,KIF1B,KIF5A,KLC2,LAMB2,LITAF,LMNA,LRP4,LRSAM1,LYST,MARS,MED25,MEFV,MFN2,MME,MORC2,MPV17,MPZ,MTMR2,MUSK,MYH14,NAGLU,NDRG1,NDUFA9,NEFH,NEFL,NGF,NLRP3,NTRK1,OPA1,PDK3,PDSS1,PDSS2,PEX10,PEX16,PEX7,PHYH,PLA2G6,PLD3,PLEKHG5,PMM2,PMP22,PNKP,PNPLA6,POLG,PRDM12,PREPL,PRPS1,PRX,PSAP,PTPN22,PTRH2,PYROXD1,RAB7A,RAPSN,REEP1,RETREG1,RNASEH1,SBF1,SBF2,SCN11A,SCN4A,SCN9A,SCP2,SCYL1,SEPT9,SETX,SH3TC2,SIGMAR1,SLC18A3,SLC25A1,SLC25A46,SLC52A2,SLC52A3,SLC5A7,SNAP25,SOX10,SPG11,SPTLC1,SPTLC2,STUB1,SUCLA2,SURF1,SYT2,TBC1D24,TBCE,TDP1,TFG,TRIM2,TRIP4,TRPV4,TSFM,TTR,TWNK,TXN2,TYMP,UBA1,UBA5,UNC13A,VAPB,VCP,VRK1,WNK1,XK,YARS,"}]},{"@type":"WebSite","@id":"https:\/\/sistemasgenomicos.com\/en\/#website","url":"https:\/\/sistemasgenomicos.com\/en\/","name":"Sistemas Gen\u00f3micos","description":"La mayor empresa dedicada a la investigaci\u00f3n gen\u00e9tica y molecular","publisher":{"@id":"https:\/\/sistemasgenomicos.com\/en\/#organization"},"potentialAction":[{"@type":"SearchAction","target":{"@type":"EntryPoint","urlTemplate":"https:\/\/sistemasgenomicos.com\/en\/?s={search_term_string}"},"query-input":{"@type":"PropertyValueSpecification","valueRequired":true,"valueName":"search_term_string"}}],"inLanguage":"en-US"},{"@type":"Organization","@id":"https:\/\/sistemasgenomicos.com\/en\/#organization","name":"Sistemas Gen\u00f3micos","url":"https:\/\/sistemasgenomicos.com\/en\/","logo":{"@type":"ImageObject","inLanguage":"en-US","@id":"https:\/\/sistemasgenomicos.com\/en\/#\/schema\/logo\/image\/","url":"https:\/\/sistemasgenomicos.com\/wp-content\/uploads\/2022\/04\/image001-1.png","contentUrl":"https:\/\/sistemasgenomicos.com\/wp-content\/uploads\/2022\/04\/image001-1.png","width":250,"height":122,"caption":"Sistemas Gen\u00f3micos"},"image":{"@id":"https:\/\/sistemasgenomicos.com\/en\/#\/schema\/logo\/image\/"}}]}},"_links":{"self":[{"href":"https:\/\/sistemasgenomicos.com\/en\/wp-json\/wp\/v2\/product\/240516","targetHints":{"allow":["GET"]}}],"collection":[{"href":"https:\/\/sistemasgenomicos.com\/en\/wp-json\/wp\/v2\/product"}],"about":[{"href":"https:\/\/sistemasgenomicos.com\/en\/wp-json\/wp\/v2\/types\/product"}],"wp:featuredmedia":[{"embeddable":true,"href":"https:\/\/sistemasgenomicos.com\/en\/wp-json\/wp\/v2\/media\/42665"}],"wp:attachment":[{"href":"https:\/\/sistemasgenomicos.com\/en\/wp-json\/wp\/v2\/media?parent=240516"}],"wp:term":[{"taxonomy":"product_brand","embeddable":true,"href":"https:\/\/sistemasgenomicos.com\/en\/wp-json\/wp\/v2\/product_brand?post=240516"},{"taxonomy":"product_cat","embeddable":true,"href":"https:\/\/sistemasgenomicos.com\/en\/wp-json\/wp\/v2\/product_cat?post=240516"},{"taxonomy":"product_tag","embeddable":true,"href":"https:\/\/sistemasgenomicos.com\/en\/wp-json\/wp\/v2\/product_tag?post=240516"}],"curies":[{"name":"wp","href":"https:\/\/api.w.org\/{rel}","templated":true}]}}