{"id":240484,"date":"2020-05-19T21:07:55","date_gmt":"2020-05-19T19:07:55","guid":{"rendered":"https:\/\/sistemasgenomicos.digitis.net\/tienda-online\/ngs-and-bioinformatic-cnvs-screening-135-gene-panel-abhd12acp5afg3l2ahdc1als2ampd2ap4b1ap4e1ap4m1ap4s1ap5z1arl6ip1arsiasnsatl1atp13a2atp2b4b4galnt1bscl2c12orf65c19orf12capn1cct\/"},"modified":"2020-09-30T07:03:34","modified_gmt":"2020-09-30T05:03:34","slug":"ngs-and-bioinformatic-cnvs-screening-135-gene-panel-abhd12acp5afg3l2ahdc1als2ampd2ap4b1ap4e1ap4m1ap4s1ap5z1arl6ip1arsiasnsatl1atp13a2atp2b4b4galnt1bscl2c12orf65c19orf12capn1cct","status":"publish","type":"product","link":"https:\/\/sistemasgenomicos.com\/en\/tienda-online\/ngs-and-bioinformatic-cnvs-screening-135-gene-panel-abhd12acp5afg3l2ahdc1als2ampd2ap4b1ap4e1ap4m1ap4s1ap5z1arl6ip1arsiasnsatl1atp13a2atp2b4b4galnt1bscl2c12orf65c19orf12capn1cct\/","title":{"rendered":"NGS and bioinformatic CNVs screening, 135-gene panel: ABHD12,ACP5,AFG3L2,AHDC1,ALS2,AMPD2,AP4B1,AP4E1,AP4M1,AP4S1,AP5Z1,ARL6IP1,ARSI,ASNS,ATL1,ATP13A2,ATP2B4,B4GALNT1,BSCL2,C12orf65,C19orf12,CAPN1,CCT5,COASY,CPT1C,CTNNB1,CYP27A1,CYP2U1,CYP7B1,DARS,DDHD1,DDHD2,DNA2,DSTYK,ECHS1,ELOVL4,ELP2,ENTPD1,ERLIN1,ERLIN2,EXOSC3,EXOSC8,FA2H,FARS2,FXN,GAD1,GALC,GAN,GBA2,GFAP,GJC2,GLB1,GM2A,GPT2,GRID2,HEXA,HSD17B4,HSPD1,IBA57,IFIH1,IFRD1,KCND3,KIDINS220,KIF1A,KIF1C,KIF5A,KLC2,L1CAM,L2HGDH,LRP4,LYST,MAG,MARS2,MCOLN1,MECP2,MTPAP,NADK2,NALCN,NIPA1,NPC1,NPC2,NT5C2,OPA1,OPA3,PEX16,PGAP1,PLA2G6,PLP1,PNPLA6,PRNP,PSEN1,REEP1,REEP2,RNASEH2B,RTN2,SACS,SCN8A,SETX,SLC16A2,SLC17A5,SLC1A4,SLC2A1,SLC33A1,SOD1,SPART,SPAST,SPG11,SPG21,SPG7,SPR,SPTAN1,STUB1,STXBP1,SYNE1,SYNJ1,TANGO2,TBCD,TECPR2,TFG,TSEN54,TTC19,TTPA,TTR,UCHL1,USP8,VAMP1,VPS37A,VWA3B,WARS2,WASHC5,WDR45B,WDR48,ZFR,ZFYVE26,ZFYVE27,"},"content":{"rendered":"","protected":false},"excerpt":{"rendered":"","protected":false},"featured_media":42665,"template":"","meta":[],"product_brand":[],"product_cat":[9509,9329,9530,9514,9327,9538,9598],"product_tag":[23728],"class_list":{"0":"post-240484","1":"product","2":"type-product","3":"status-publish","4":"has-post-thumbnail","6":"product_cat-analysis-and-genetic-studies","7":"product_cat-diagnostico-genetico-por-secuenciacion-masivan-en","8":"product_cat-medicina-interna-diagnostico-genetico-molecularn-en","9":"product_cat-listado-de-enfermedades-en","10":"product_cat-diagnostico-genetico-molecularn-en","11":"product_cat-neurologia-diagnostico-genetico-molecularn-en","12":"product_cat-paneles-neurologia-diagnostico-genetico-por-secuenciacion-masivan-en","13":"product_tag-paraplejias-espasticas-c00610-en","15":"first","16":"instock","17":"taxable","18":"shipping-taxable","19":"product-type-simple"},"acf":[],"yoast_head":"<!-- This site is optimized with the Yoast SEO plugin v27.4 - https:\/\/yoast.com\/product\/yoast-seo-wordpress\/ -->\n<title>NGS and bioinformatic CNVs screening, 135-gene panel: ABHD12,ACP5,AFG3L2,AHDC1,ALS2,AMPD2,AP4B1,AP4E1,AP4M1,AP4S1,AP5Z1,ARL6IP1,ARSI,ASNS,ATL1,ATP13A2,ATP2B4,B4GALNT1,BSCL2,C12orf65,C19orf12,CAPN1,CCT5,COASY,CPT1C,CTNNB1,CYP27A1,CYP2U1,CYP7B1,DARS,DDHD1,DDHD2,DNA2,DSTYK,ECHS1,ELOVL4,ELP2,ENTPD1,ERLIN1,ERLIN2,EXOSC3,EXOSC8,FA2H,FARS2,FXN,GAD1,GALC,GAN,GBA2,GFAP,GJC2,GLB1,GM2A,GPT2,GRID2,HEXA,HSD17B4,HSPD1,IBA57,IFIH1,IFRD1,KCND3,KIDINS220,KIF1A,KIF1C,KIF5A,KLC2,L1CAM,L2HGDH,LRP4,LYST,MAG,MARS2,MCOLN1,MECP2,MTPAP,NADK2,NALCN,NIPA1,NPC1,NPC2,NT5C2,OPA1,OPA3,PEX16,PGAP1,PLA2G6,PLP1,PNPLA6,PRNP,PSEN1,REEP1,REEP2,RNASEH2B,RTN2,SACS,SCN8A,SETX,SLC16A2,SLC17A5,SLC1A4,SLC2A1,SLC33A1,SOD1,SPART,SPAST,SPG11,SPG21,SPG7,SPR,SPTAN1,STUB1,STXBP1,SYNE1,SYNJ1,TANGO2,TBCD,TECPR2,TFG,TSEN54,TTC19,TTPA,TTR,UCHL1,USP8,VAMP1,VPS37A,VWA3B,WARS2,WASHC5,WDR45B,WDR48,ZFR,ZFYVE26,ZFYVE27, - Sistemas Gen\u00f3micos<\/title>\n<meta name=\"robots\" content=\"index, follow, max-snippet:-1, max-image-preview:large, max-video-preview:-1\" \/>\n<link rel=\"canonical\" href=\"https:\/\/sistemasgenomicos.com\/en\/tienda-online\/ngs-and-bioinformatic-cnvs-screening-135-gene-panel-abhd12acp5afg3l2ahdc1als2ampd2ap4b1ap4e1ap4m1ap4s1ap5z1arl6ip1arsiasnsatl1atp13a2atp2b4b4galnt1bscl2c12orf65c19orf12capn1cct\/\" \/>\n<meta property=\"og:locale\" content=\"en_US\" \/>\n<meta property=\"og:type\" content=\"article\" \/>\n<meta property=\"og:title\" content=\"NGS and bioinformatic CNVs screening, 135-gene panel: ABHD12,ACP5,AFG3L2,AHDC1,ALS2,AMPD2,AP4B1,AP4E1,AP4M1,AP4S1,AP5Z1,ARL6IP1,ARSI,ASNS,ATL1,ATP13A2,ATP2B4,B4GALNT1,BSCL2,C12orf65,C19orf12,CAPN1,CCT5,COASY,CPT1C,CTNNB1,CYP27A1,CYP2U1,CYP7B1,DARS,DDHD1,DDHD2,DNA2,DSTYK,ECHS1,ELOVL4,ELP2,ENTPD1,ERLIN1,ERLIN2,EXOSC3,EXOSC8,FA2H,FARS2,FXN,GAD1,GALC,GAN,GBA2,GFAP,GJC2,GLB1,GM2A,GPT2,GRID2,HEXA,HSD17B4,HSPD1,IBA57,IFIH1,IFRD1,KCND3,KIDINS220,KIF1A,KIF1C,KIF5A,KLC2,L1CAM,L2HGDH,LRP4,LYST,MAG,MARS2,MCOLN1,MECP2,MTPAP,NADK2,NALCN,NIPA1,NPC1,NPC2,NT5C2,OPA1,OPA3,PEX16,PGAP1,PLA2G6,PLP1,PNPLA6,PRNP,PSEN1,REEP1,REEP2,RNASEH2B,RTN2,SACS,SCN8A,SETX,SLC16A2,SLC17A5,SLC1A4,SLC2A1,SLC33A1,SOD1,SPART,SPAST,SPG11,SPG21,SPG7,SPR,SPTAN1,STUB1,STXBP1,SYNE1,SYNJ1,TANGO2,TBCD,TECPR2,TFG,TSEN54,TTC19,TTPA,TTR,UCHL1,USP8,VAMP1,VPS37A,VWA3B,WARS2,WASHC5,WDR45B,WDR48,ZFR,ZFYVE26,ZFYVE27, - Sistemas Gen\u00f3micos\" \/>\n<meta property=\"og:url\" content=\"https:\/\/sistemasgenomicos.com\/en\/tienda-online\/ngs-and-bioinformatic-cnvs-screening-135-gene-panel-abhd12acp5afg3l2ahdc1als2ampd2ap4b1ap4e1ap4m1ap4s1ap5z1arl6ip1arsiasnsatl1atp13a2atp2b4b4galnt1bscl2c12orf65c19orf12capn1cct\/\" \/>\n<meta property=\"og:site_name\" content=\"Sistemas Gen\u00f3micos\" \/>\n<meta property=\"article:modified_time\" content=\"2020-09-30T05:03:34+00:00\" \/>\n<meta property=\"og:image\" content=\"https:\/\/sistemasgenomicos.com\/wp-content\/uploads\/2018\/04\/logo-sistemas-genomicos-default-1.jpg\" \/>\n\t<meta property=\"og:image:width\" content=\"1200\" \/>\n\t<meta property=\"og:image:height\" content=\"750\" \/>\n\t<meta property=\"og:image:type\" content=\"image\/jpeg\" \/>\n<meta name=\"twitter:card\" content=\"summary_large_image\" \/>\n<script type=\"application\/ld+json\" class=\"yoast-schema-graph\">{\"@context\":\"https:\\\/\\\/schema.org\",\"@graph\":[{\"@type\":\"WebPage\",\"@id\":\"https:\\\/\\\/sistemasgenomicos.com\\\/en\\\/tienda-online\\\/ngs-and-bioinformatic-cnvs-screening-135-gene-panel-abhd12acp5afg3l2ahdc1als2ampd2ap4b1ap4e1ap4m1ap4s1ap5z1arl6ip1arsiasnsatl1atp13a2atp2b4b4galnt1bscl2c12orf65c19orf12capn1cct\\\/\",\"url\":\"https:\\\/\\\/sistemasgenomicos.com\\\/en\\\/tienda-online\\\/ngs-and-bioinformatic-cnvs-screening-135-gene-panel-abhd12acp5afg3l2ahdc1als2ampd2ap4b1ap4e1ap4m1ap4s1ap5z1arl6ip1arsiasnsatl1atp13a2atp2b4b4galnt1bscl2c12orf65c19orf12capn1cct\\\/\",\"name\":\"NGS and bioinformatic CNVs screening, 135-gene panel: ABHD12,ACP5,AFG3L2,AHDC1,ALS2,AMPD2,AP4B1,AP4E1,AP4M1,AP4S1,AP5Z1,ARL6IP1,ARSI,ASNS,ATL1,ATP13A2,ATP2B4,B4GALNT1,BSCL2,C12orf65,C19orf12,CAPN1,CCT5,COASY,CPT1C,CTNNB1,CYP27A1,CYP2U1,CYP7B1,DARS,DDHD1,DDHD2,DNA2,DSTYK,ECHS1,ELOVL4,ELP2,ENTPD1,ERLIN1,ERLIN2,EXOSC3,EXOSC8,FA2H,FARS2,FXN,GAD1,GALC,GAN,GBA2,GFAP,GJC2,GLB1,GM2A,GPT2,GRID2,HEXA,HSD17B4,HSPD1,IBA57,IFIH1,IFRD1,KCND3,KIDINS220,KIF1A,KIF1C,KIF5A,KLC2,L1CAM,L2HGDH,LRP4,LYST,MAG,MARS2,MCOLN1,MECP2,MTPAP,NADK2,NALCN,NIPA1,NPC1,NPC2,NT5C2,OPA1,OPA3,PEX16,PGAP1,PLA2G6,PLP1,PNPLA6,PRNP,PSEN1,REEP1,REEP2,RNASEH2B,RTN2,SACS,SCN8A,SETX,SLC16A2,SLC17A5,SLC1A4,SLC2A1,SLC33A1,SOD1,SPART,SPAST,SPG11,SPG21,SPG7,SPR,SPTAN1,STUB1,STXBP1,SYNE1,SYNJ1,TANGO2,TBCD,TECPR2,TFG,TSEN54,TTC19,TTPA,TTR,UCHL1,USP8,VAMP1,VPS37A,VWA3B,WARS2,WASHC5,WDR45B,WDR48,ZFR,ZFYVE26,ZFYVE27, - Sistemas Gen\u00f3micos\",\"isPartOf\":{\"@id\":\"https:\\\/\\\/sistemasgenomicos.com\\\/en\\\/#website\"},\"primaryImageOfPage\":{\"@id\":\"https:\\\/\\\/sistemasgenomicos.com\\\/en\\\/tienda-online\\\/ngs-and-bioinformatic-cnvs-screening-135-gene-panel-abhd12acp5afg3l2ahdc1als2ampd2ap4b1ap4e1ap4m1ap4s1ap5z1arl6ip1arsiasnsatl1atp13a2atp2b4b4galnt1bscl2c12orf65c19orf12capn1cct\\\/#primaryimage\"},\"image\":{\"@id\":\"https:\\\/\\\/sistemasgenomicos.com\\\/en\\\/tienda-online\\\/ngs-and-bioinformatic-cnvs-screening-135-gene-panel-abhd12acp5afg3l2ahdc1als2ampd2ap4b1ap4e1ap4m1ap4s1ap5z1arl6ip1arsiasnsatl1atp13a2atp2b4b4galnt1bscl2c12orf65c19orf12capn1cct\\\/#primaryimage\"},\"thumbnailUrl\":\"https:\\\/\\\/sistemasgenomicos.com\\\/wp-content\\\/uploads\\\/2018\\\/04\\\/logo-sistemas-genomicos-default-1.jpg\",\"datePublished\":\"2020-05-19T19:07:55+00:00\",\"dateModified\":\"2020-09-30T05:03:34+00:00\",\"breadcrumb\":{\"@id\":\"https:\\\/\\\/sistemasgenomicos.com\\\/en\\\/tienda-online\\\/ngs-and-bioinformatic-cnvs-screening-135-gene-panel-abhd12acp5afg3l2ahdc1als2ampd2ap4b1ap4e1ap4m1ap4s1ap5z1arl6ip1arsiasnsatl1atp13a2atp2b4b4galnt1bscl2c12orf65c19orf12capn1cct\\\/#breadcrumb\"},\"inLanguage\":\"en-US\",\"potentialAction\":[{\"@type\":\"ReadAction\",\"target\":[\"https:\\\/\\\/sistemasgenomicos.com\\\/en\\\/tienda-online\\\/ngs-and-bioinformatic-cnvs-screening-135-gene-panel-abhd12acp5afg3l2ahdc1als2ampd2ap4b1ap4e1ap4m1ap4s1ap5z1arl6ip1arsiasnsatl1atp13a2atp2b4b4galnt1bscl2c12orf65c19orf12capn1cct\\\/\"]}]},{\"@type\":\"ImageObject\",\"inLanguage\":\"en-US\",\"@id\":\"https:\\\/\\\/sistemasgenomicos.com\\\/en\\\/tienda-online\\\/ngs-and-bioinformatic-cnvs-screening-135-gene-panel-abhd12acp5afg3l2ahdc1als2ampd2ap4b1ap4e1ap4m1ap4s1ap5z1arl6ip1arsiasnsatl1atp13a2atp2b4b4galnt1bscl2c12orf65c19orf12capn1cct\\\/#primaryimage\",\"url\":\"https:\\\/\\\/sistemasgenomicos.com\\\/wp-content\\\/uploads\\\/2018\\\/04\\\/logo-sistemas-genomicos-default-1.jpg\",\"contentUrl\":\"https:\\\/\\\/sistemasgenomicos.com\\\/wp-content\\\/uploads\\\/2018\\\/04\\\/logo-sistemas-genomicos-default-1.jpg\",\"width\":1200,\"height\":750},{\"@type\":\"BreadcrumbList\",\"@id\":\"https:\\\/\\\/sistemasgenomicos.com\\\/en\\\/tienda-online\\\/ngs-and-bioinformatic-cnvs-screening-135-gene-panel-abhd12acp5afg3l2ahdc1als2ampd2ap4b1ap4e1ap4m1ap4s1ap5z1arl6ip1arsiasnsatl1atp13a2atp2b4b4galnt1bscl2c12orf65c19orf12capn1cct\\\/#breadcrumb\",\"itemListElement\":[{\"@type\":\"ListItem\",\"position\":1,\"name\":\"Portada\",\"item\":\"https:\\\/\\\/sistemasgenomicos.com\\\/en\\\/\"},{\"@type\":\"ListItem\",\"position\":2,\"name\":\"Tienda\",\"item\":\"https:\\\/\\\/sistemasgenomicos.com\\\/es\\\/tienda\\\/\"},{\"@type\":\"ListItem\",\"position\":3,\"name\":\"NGS and bioinformatic CNVs screening, 135-gene panel: ABHD12,ACP5,AFG3L2,AHDC1,ALS2,AMPD2,AP4B1,AP4E1,AP4M1,AP4S1,AP5Z1,ARL6IP1,ARSI,ASNS,ATL1,ATP13A2,ATP2B4,B4GALNT1,BSCL2,C12orf65,C19orf12,CAPN1,CCT5,COASY,CPT1C,CTNNB1,CYP27A1,CYP2U1,CYP7B1,DARS,DDHD1,DDHD2,DNA2,DSTYK,ECHS1,ELOVL4,ELP2,ENTPD1,ERLIN1,ERLIN2,EXOSC3,EXOSC8,FA2H,FARS2,FXN,GAD1,GALC,GAN,GBA2,GFAP,GJC2,GLB1,GM2A,GPT2,GRID2,HEXA,HSD17B4,HSPD1,IBA57,IFIH1,IFRD1,KCND3,KIDINS220,KIF1A,KIF1C,KIF5A,KLC2,L1CAM,L2HGDH,LRP4,LYST,MAG,MARS2,MCOLN1,MECP2,MTPAP,NADK2,NALCN,NIPA1,NPC1,NPC2,NT5C2,OPA1,OPA3,PEX16,PGAP1,PLA2G6,PLP1,PNPLA6,PRNP,PSEN1,REEP1,REEP2,RNASEH2B,RTN2,SACS,SCN8A,SETX,SLC16A2,SLC17A5,SLC1A4,SLC2A1,SLC33A1,SOD1,SPART,SPAST,SPG11,SPG21,SPG7,SPR,SPTAN1,STUB1,STXBP1,SYNE1,SYNJ1,TANGO2,TBCD,TECPR2,TFG,TSEN54,TTC19,TTPA,TTR,UCHL1,USP8,VAMP1,VPS37A,VWA3B,WARS2,WASHC5,WDR45B,WDR48,ZFR,ZFYVE26,ZFYVE27,\"}]},{\"@type\":\"WebSite\",\"@id\":\"https:\\\/\\\/sistemasgenomicos.com\\\/en\\\/#website\",\"url\":\"https:\\\/\\\/sistemasgenomicos.com\\\/en\\\/\",\"name\":\"Sistemas Gen\u00f3micos\",\"description\":\"La mayor empresa dedicada a la investigaci\u00f3n gen\u00e9tica y molecular\",\"publisher\":{\"@id\":\"https:\\\/\\\/sistemasgenomicos.com\\\/en\\\/#organization\"},\"potentialAction\":[{\"@type\":\"SearchAction\",\"target\":{\"@type\":\"EntryPoint\",\"urlTemplate\":\"https:\\\/\\\/sistemasgenomicos.com\\\/en\\\/?s={search_term_string}\"},\"query-input\":{\"@type\":\"PropertyValueSpecification\",\"valueRequired\":true,\"valueName\":\"search_term_string\"}}],\"inLanguage\":\"en-US\"},{\"@type\":\"Organization\",\"@id\":\"https:\\\/\\\/sistemasgenomicos.com\\\/en\\\/#organization\",\"name\":\"Sistemas Gen\u00f3micos\",\"url\":\"https:\\\/\\\/sistemasgenomicos.com\\\/en\\\/\",\"logo\":{\"@type\":\"ImageObject\",\"inLanguage\":\"en-US\",\"@id\":\"https:\\\/\\\/sistemasgenomicos.com\\\/en\\\/#\\\/schema\\\/logo\\\/image\\\/\",\"url\":\"https:\\\/\\\/sistemasgenomicos.com\\\/wp-content\\\/uploads\\\/2022\\\/04\\\/image001-1.png\",\"contentUrl\":\"https:\\\/\\\/sistemasgenomicos.com\\\/wp-content\\\/uploads\\\/2022\\\/04\\\/image001-1.png\",\"width\":250,\"height\":122,\"caption\":\"Sistemas Gen\u00f3micos\"},\"image\":{\"@id\":\"https:\\\/\\\/sistemasgenomicos.com\\\/en\\\/#\\\/schema\\\/logo\\\/image\\\/\"}}]}<\/script>\n<!-- \/ Yoast SEO plugin. -->","yoast_head_json":{"title":"NGS and bioinformatic CNVs screening, 135-gene panel: ABHD12,ACP5,AFG3L2,AHDC1,ALS2,AMPD2,AP4B1,AP4E1,AP4M1,AP4S1,AP5Z1,ARL6IP1,ARSI,ASNS,ATL1,ATP13A2,ATP2B4,B4GALNT1,BSCL2,C12orf65,C19orf12,CAPN1,CCT5,COASY,CPT1C,CTNNB1,CYP27A1,CYP2U1,CYP7B1,DARS,DDHD1,DDHD2,DNA2,DSTYK,ECHS1,ELOVL4,ELP2,ENTPD1,ERLIN1,ERLIN2,EXOSC3,EXOSC8,FA2H,FARS2,FXN,GAD1,GALC,GAN,GBA2,GFAP,GJC2,GLB1,GM2A,GPT2,GRID2,HEXA,HSD17B4,HSPD1,IBA57,IFIH1,IFRD1,KCND3,KIDINS220,KIF1A,KIF1C,KIF5A,KLC2,L1CAM,L2HGDH,LRP4,LYST,MAG,MARS2,MCOLN1,MECP2,MTPAP,NADK2,NALCN,NIPA1,NPC1,NPC2,NT5C2,OPA1,OPA3,PEX16,PGAP1,PLA2G6,PLP1,PNPLA6,PRNP,PSEN1,REEP1,REEP2,RNASEH2B,RTN2,SACS,SCN8A,SETX,SLC16A2,SLC17A5,SLC1A4,SLC2A1,SLC33A1,SOD1,SPART,SPAST,SPG11,SPG21,SPG7,SPR,SPTAN1,STUB1,STXBP1,SYNE1,SYNJ1,TANGO2,TBCD,TECPR2,TFG,TSEN54,TTC19,TTPA,TTR,UCHL1,USP8,VAMP1,VPS37A,VWA3B,WARS2,WASHC5,WDR45B,WDR48,ZFR,ZFYVE26,ZFYVE27, - Sistemas Gen\u00f3micos","robots":{"index":"index","follow":"follow","max-snippet":"max-snippet:-1","max-image-preview":"max-image-preview:large","max-video-preview":"max-video-preview:-1"},"canonical":"https:\/\/sistemasgenomicos.com\/en\/tienda-online\/ngs-and-bioinformatic-cnvs-screening-135-gene-panel-abhd12acp5afg3l2ahdc1als2ampd2ap4b1ap4e1ap4m1ap4s1ap5z1arl6ip1arsiasnsatl1atp13a2atp2b4b4galnt1bscl2c12orf65c19orf12capn1cct\/","og_locale":"en_US","og_type":"article","og_title":"NGS and bioinformatic CNVs screening, 135-gene panel: ABHD12,ACP5,AFG3L2,AHDC1,ALS2,AMPD2,AP4B1,AP4E1,AP4M1,AP4S1,AP5Z1,ARL6IP1,ARSI,ASNS,ATL1,ATP13A2,ATP2B4,B4GALNT1,BSCL2,C12orf65,C19orf12,CAPN1,CCT5,COASY,CPT1C,CTNNB1,CYP27A1,CYP2U1,CYP7B1,DARS,DDHD1,DDHD2,DNA2,DSTYK,ECHS1,ELOVL4,ELP2,ENTPD1,ERLIN1,ERLIN2,EXOSC3,EXOSC8,FA2H,FARS2,FXN,GAD1,GALC,GAN,GBA2,GFAP,GJC2,GLB1,GM2A,GPT2,GRID2,HEXA,HSD17B4,HSPD1,IBA57,IFIH1,IFRD1,KCND3,KIDINS220,KIF1A,KIF1C,KIF5A,KLC2,L1CAM,L2HGDH,LRP4,LYST,MAG,MARS2,MCOLN1,MECP2,MTPAP,NADK2,NALCN,NIPA1,NPC1,NPC2,NT5C2,OPA1,OPA3,PEX16,PGAP1,PLA2G6,PLP1,PNPLA6,PRNP,PSEN1,REEP1,REEP2,RNASEH2B,RTN2,SACS,SCN8A,SETX,SLC16A2,SLC17A5,SLC1A4,SLC2A1,SLC33A1,SOD1,SPART,SPAST,SPG11,SPG21,SPG7,SPR,SPTAN1,STUB1,STXBP1,SYNE1,SYNJ1,TANGO2,TBCD,TECPR2,TFG,TSEN54,TTC19,TTPA,TTR,UCHL1,USP8,VAMP1,VPS37A,VWA3B,WARS2,WASHC5,WDR45B,WDR48,ZFR,ZFYVE26,ZFYVE27, - Sistemas Gen\u00f3micos","og_url":"https:\/\/sistemasgenomicos.com\/en\/tienda-online\/ngs-and-bioinformatic-cnvs-screening-135-gene-panel-abhd12acp5afg3l2ahdc1als2ampd2ap4b1ap4e1ap4m1ap4s1ap5z1arl6ip1arsiasnsatl1atp13a2atp2b4b4galnt1bscl2c12orf65c19orf12capn1cct\/","og_site_name":"Sistemas Gen\u00f3micos","article_modified_time":"2020-09-30T05:03:34+00:00","og_image":[{"width":1200,"height":750,"url":"https:\/\/sistemasgenomicos.com\/wp-content\/uploads\/2018\/04\/logo-sistemas-genomicos-default-1.jpg","type":"image\/jpeg"}],"twitter_card":"summary_large_image","schema":{"@context":"https:\/\/schema.org","@graph":[{"@type":"WebPage","@id":"https:\/\/sistemasgenomicos.com\/en\/tienda-online\/ngs-and-bioinformatic-cnvs-screening-135-gene-panel-abhd12acp5afg3l2ahdc1als2ampd2ap4b1ap4e1ap4m1ap4s1ap5z1arl6ip1arsiasnsatl1atp13a2atp2b4b4galnt1bscl2c12orf65c19orf12capn1cct\/","url":"https:\/\/sistemasgenomicos.com\/en\/tienda-online\/ngs-and-bioinformatic-cnvs-screening-135-gene-panel-abhd12acp5afg3l2ahdc1als2ampd2ap4b1ap4e1ap4m1ap4s1ap5z1arl6ip1arsiasnsatl1atp13a2atp2b4b4galnt1bscl2c12orf65c19orf12capn1cct\/","name":"NGS and bioinformatic CNVs screening, 135-gene panel: ABHD12,ACP5,AFG3L2,AHDC1,ALS2,AMPD2,AP4B1,AP4E1,AP4M1,AP4S1,AP5Z1,ARL6IP1,ARSI,ASNS,ATL1,ATP13A2,ATP2B4,B4GALNT1,BSCL2,C12orf65,C19orf12,CAPN1,CCT5,COASY,CPT1C,CTNNB1,CYP27A1,CYP2U1,CYP7B1,DARS,DDHD1,DDHD2,DNA2,DSTYK,ECHS1,ELOVL4,ELP2,ENTPD1,ERLIN1,ERLIN2,EXOSC3,EXOSC8,FA2H,FARS2,FXN,GAD1,GALC,GAN,GBA2,GFAP,GJC2,GLB1,GM2A,GPT2,GRID2,HEXA,HSD17B4,HSPD1,IBA57,IFIH1,IFRD1,KCND3,KIDINS220,KIF1A,KIF1C,KIF5A,KLC2,L1CAM,L2HGDH,LRP4,LYST,MAG,MARS2,MCOLN1,MECP2,MTPAP,NADK2,NALCN,NIPA1,NPC1,NPC2,NT5C2,OPA1,OPA3,PEX16,PGAP1,PLA2G6,PLP1,PNPLA6,PRNP,PSEN1,REEP1,REEP2,RNASEH2B,RTN2,SACS,SCN8A,SETX,SLC16A2,SLC17A5,SLC1A4,SLC2A1,SLC33A1,SOD1,SPART,SPAST,SPG11,SPG21,SPG7,SPR,SPTAN1,STUB1,STXBP1,SYNE1,SYNJ1,TANGO2,TBCD,TECPR2,TFG,TSEN54,TTC19,TTPA,TTR,UCHL1,USP8,VAMP1,VPS37A,VWA3B,WARS2,WASHC5,WDR45B,WDR48,ZFR,ZFYVE26,ZFYVE27, - Sistemas Gen\u00f3micos","isPartOf":{"@id":"https:\/\/sistemasgenomicos.com\/en\/#website"},"primaryImageOfPage":{"@id":"https:\/\/sistemasgenomicos.com\/en\/tienda-online\/ngs-and-bioinformatic-cnvs-screening-135-gene-panel-abhd12acp5afg3l2ahdc1als2ampd2ap4b1ap4e1ap4m1ap4s1ap5z1arl6ip1arsiasnsatl1atp13a2atp2b4b4galnt1bscl2c12orf65c19orf12capn1cct\/#primaryimage"},"image":{"@id":"https:\/\/sistemasgenomicos.com\/en\/tienda-online\/ngs-and-bioinformatic-cnvs-screening-135-gene-panel-abhd12acp5afg3l2ahdc1als2ampd2ap4b1ap4e1ap4m1ap4s1ap5z1arl6ip1arsiasnsatl1atp13a2atp2b4b4galnt1bscl2c12orf65c19orf12capn1cct\/#primaryimage"},"thumbnailUrl":"https:\/\/sistemasgenomicos.com\/wp-content\/uploads\/2018\/04\/logo-sistemas-genomicos-default-1.jpg","datePublished":"2020-05-19T19:07:55+00:00","dateModified":"2020-09-30T05:03:34+00:00","breadcrumb":{"@id":"https:\/\/sistemasgenomicos.com\/en\/tienda-online\/ngs-and-bioinformatic-cnvs-screening-135-gene-panel-abhd12acp5afg3l2ahdc1als2ampd2ap4b1ap4e1ap4m1ap4s1ap5z1arl6ip1arsiasnsatl1atp13a2atp2b4b4galnt1bscl2c12orf65c19orf12capn1cct\/#breadcrumb"},"inLanguage":"en-US","potentialAction":[{"@type":"ReadAction","target":["https:\/\/sistemasgenomicos.com\/en\/tienda-online\/ngs-and-bioinformatic-cnvs-screening-135-gene-panel-abhd12acp5afg3l2ahdc1als2ampd2ap4b1ap4e1ap4m1ap4s1ap5z1arl6ip1arsiasnsatl1atp13a2atp2b4b4galnt1bscl2c12orf65c19orf12capn1cct\/"]}]},{"@type":"ImageObject","inLanguage":"en-US","@id":"https:\/\/sistemasgenomicos.com\/en\/tienda-online\/ngs-and-bioinformatic-cnvs-screening-135-gene-panel-abhd12acp5afg3l2ahdc1als2ampd2ap4b1ap4e1ap4m1ap4s1ap5z1arl6ip1arsiasnsatl1atp13a2atp2b4b4galnt1bscl2c12orf65c19orf12capn1cct\/#primaryimage","url":"https:\/\/sistemasgenomicos.com\/wp-content\/uploads\/2018\/04\/logo-sistemas-genomicos-default-1.jpg","contentUrl":"https:\/\/sistemasgenomicos.com\/wp-content\/uploads\/2018\/04\/logo-sistemas-genomicos-default-1.jpg","width":1200,"height":750},{"@type":"BreadcrumbList","@id":"https:\/\/sistemasgenomicos.com\/en\/tienda-online\/ngs-and-bioinformatic-cnvs-screening-135-gene-panel-abhd12acp5afg3l2ahdc1als2ampd2ap4b1ap4e1ap4m1ap4s1ap5z1arl6ip1arsiasnsatl1atp13a2atp2b4b4galnt1bscl2c12orf65c19orf12capn1cct\/#breadcrumb","itemListElement":[{"@type":"ListItem","position":1,"name":"Portada","item":"https:\/\/sistemasgenomicos.com\/en\/"},{"@type":"ListItem","position":2,"name":"Tienda","item":"https:\/\/sistemasgenomicos.com\/es\/tienda\/"},{"@type":"ListItem","position":3,"name":"NGS and bioinformatic CNVs screening, 135-gene panel: ABHD12,ACP5,AFG3L2,AHDC1,ALS2,AMPD2,AP4B1,AP4E1,AP4M1,AP4S1,AP5Z1,ARL6IP1,ARSI,ASNS,ATL1,ATP13A2,ATP2B4,B4GALNT1,BSCL2,C12orf65,C19orf12,CAPN1,CCT5,COASY,CPT1C,CTNNB1,CYP27A1,CYP2U1,CYP7B1,DARS,DDHD1,DDHD2,DNA2,DSTYK,ECHS1,ELOVL4,ELP2,ENTPD1,ERLIN1,ERLIN2,EXOSC3,EXOSC8,FA2H,FARS2,FXN,GAD1,GALC,GAN,GBA2,GFAP,GJC2,GLB1,GM2A,GPT2,GRID2,HEXA,HSD17B4,HSPD1,IBA57,IFIH1,IFRD1,KCND3,KIDINS220,KIF1A,KIF1C,KIF5A,KLC2,L1CAM,L2HGDH,LRP4,LYST,MAG,MARS2,MCOLN1,MECP2,MTPAP,NADK2,NALCN,NIPA1,NPC1,NPC2,NT5C2,OPA1,OPA3,PEX16,PGAP1,PLA2G6,PLP1,PNPLA6,PRNP,PSEN1,REEP1,REEP2,RNASEH2B,RTN2,SACS,SCN8A,SETX,SLC16A2,SLC17A5,SLC1A4,SLC2A1,SLC33A1,SOD1,SPART,SPAST,SPG11,SPG21,SPG7,SPR,SPTAN1,STUB1,STXBP1,SYNE1,SYNJ1,TANGO2,TBCD,TECPR2,TFG,TSEN54,TTC19,TTPA,TTR,UCHL1,USP8,VAMP1,VPS37A,VWA3B,WARS2,WASHC5,WDR45B,WDR48,ZFR,ZFYVE26,ZFYVE27,"}]},{"@type":"WebSite","@id":"https:\/\/sistemasgenomicos.com\/en\/#website","url":"https:\/\/sistemasgenomicos.com\/en\/","name":"Sistemas Gen\u00f3micos","description":"La mayor empresa dedicada a la investigaci\u00f3n gen\u00e9tica y molecular","publisher":{"@id":"https:\/\/sistemasgenomicos.com\/en\/#organization"},"potentialAction":[{"@type":"SearchAction","target":{"@type":"EntryPoint","urlTemplate":"https:\/\/sistemasgenomicos.com\/en\/?s={search_term_string}"},"query-input":{"@type":"PropertyValueSpecification","valueRequired":true,"valueName":"search_term_string"}}],"inLanguage":"en-US"},{"@type":"Organization","@id":"https:\/\/sistemasgenomicos.com\/en\/#organization","name":"Sistemas Gen\u00f3micos","url":"https:\/\/sistemasgenomicos.com\/en\/","logo":{"@type":"ImageObject","inLanguage":"en-US","@id":"https:\/\/sistemasgenomicos.com\/en\/#\/schema\/logo\/image\/","url":"https:\/\/sistemasgenomicos.com\/wp-content\/uploads\/2022\/04\/image001-1.png","contentUrl":"https:\/\/sistemasgenomicos.com\/wp-content\/uploads\/2022\/04\/image001-1.png","width":250,"height":122,"caption":"Sistemas Gen\u00f3micos"},"image":{"@id":"https:\/\/sistemasgenomicos.com\/en\/#\/schema\/logo\/image\/"}}]}},"_links":{"self":[{"href":"https:\/\/sistemasgenomicos.com\/en\/wp-json\/wp\/v2\/product\/240484","targetHints":{"allow":["GET"]}}],"collection":[{"href":"https:\/\/sistemasgenomicos.com\/en\/wp-json\/wp\/v2\/product"}],"about":[{"href":"https:\/\/sistemasgenomicos.com\/en\/wp-json\/wp\/v2\/types\/product"}],"wp:featuredmedia":[{"embeddable":true,"href":"https:\/\/sistemasgenomicos.com\/en\/wp-json\/wp\/v2\/media\/42665"}],"wp:attachment":[{"href":"https:\/\/sistemasgenomicos.com\/en\/wp-json\/wp\/v2\/media?parent=240484"}],"wp:term":[{"taxonomy":"product_brand","embeddable":true,"href":"https:\/\/sistemasgenomicos.com\/en\/wp-json\/wp\/v2\/product_brand?post=240484"},{"taxonomy":"product_cat","embeddable":true,"href":"https:\/\/sistemasgenomicos.com\/en\/wp-json\/wp\/v2\/product_cat?post=240484"},{"taxonomy":"product_tag","embeddable":true,"href":"https:\/\/sistemasgenomicos.com\/en\/wp-json\/wp\/v2\/product_tag?post=240484"}],"curies":[{"name":"wp","href":"https:\/\/api.w.org\/{rel}","templated":true}]}}