{"id":231680,"date":"2018-12-06T22:40:33","date_gmt":"2018-12-06T22:40:33","guid":{"rendered":"https:\/\/sistemasgenomicos.digitis.net\/tienda-online\/ngs-of-49-gene-panel-aldh7a1-arhgef9-arhgef15-arx-brat1-cacna2d2-cdkl5-chd2-clcn4-csnk1g1-dnm1-dock7-e-2\/"},"modified":"2020-09-30T06:21:36","modified_gmt":"2020-09-30T04:21:36","slug":"ngs-of-49-gene-panel-aldh7a1-arhgef9-arhgef15-arx-brat1-cacna2d2-cdkl5-chd2-clcn4-csnk1g1-dnm1-dock7-e-2","status":"publish","type":"product","link":"https:\/\/sistemasgenomicos.com\/en\/tienda-online\/ngs-of-49-gene-panel-aldh7a1-arhgef9-arhgef15-arx-brat1-cacna2d2-cdkl5-chd2-clcn4-csnk1g1-dnm1-dock7-e-2\/","title":{"rendered":"NGS of 49 gene panel: ALDH7A1, ARHGEF9, ARHGEF15, ARX, BRAT1, CACNA2D2, CDKL5, CHD2, CLCN4, CSNK1G1, DNM1, DOCK7, EEF1A2, GABRA1, GNAO1, GRIN2B, HCN1, HNRNPU, KCNA2, KCNB1, KCNH5, KCNQ2, KCNT1, KPNA7, MAPK10, MECP2, NECAP1, NEDD4L, PCDH19, PIGA, PIGQ,  PLCB1, PNKP, PNPO, SCN1A, SCN2A, SCN8A, SCN9A, SERPINI1, SLC13A5,SLC2A1, SLC25A22, SLC35A2, SPTAN1, ST3GAL3, STXBP1,  SZT2, TBC1D24, WWOX.  "},"content":{"rendered":"","protected":false},"excerpt":{"rendered":"","protected":false},"featured_media":42665,"template":"","meta":[],"product_brand":[],"product_cat":[9509,9640,9329,9514,9327,9534,9540,9548],"product_tag":[23856],"class_list":{"0":"post-231680","1":"product","2":"type-product","3":"status-publish","4":"has-post-thumbnail","6":"product_cat-analysis-and-genetic-studies","7":"product_cat-paneles-de-epilepsias-diagnostico-genetico-por-secuenciacion-masivan-en","8":"product_cat-diagnostico-genetico-por-secuenciacion-masivan-en","9":"product_cat-listado-de-enfermedades-en","10":"product_cat-diagnostico-genetico-molecularn-en","11":"product_cat-neonatologia-diagnostico-genetico-molecularn-en","12":"product_cat-neuropediatria-diagnostico-genetico-molecularn-en","13":"product_cat-pediatria-diagnostico-genetico-molecularn-en","14":"product_tag-encefalopatia-epileptica-temprana-infantilc00674-en","16":"first","17":"instock","18":"taxable","19":"shipping-taxable","20":"product-type-simple"},"acf":[],"yoast_head":"<!-- This site is optimized with the Yoast SEO plugin v27.4 - https:\/\/yoast.com\/product\/yoast-seo-wordpress\/ -->\n<title>NGS\u00a0of\u00a049\u00a0gene\u00a0panel:\u00a0ALDH7A1,\u00a0ARHGEF9,\u00a0ARHGEF15,\u00a0ARX,\u00a0BRAT1,\u00a0CACNA2D2,\u00a0CDKL5,\u00a0CHD2,\u00a0CLCN4,\u00a0CSNK1G1,\u00a0DNM1,\u00a0DOCK7,\u00a0EEF1A2,\u00a0GABRA1,\u00a0GNAO1,\u00a0GRIN2B,\u00a0HCN1,\u00a0HNRNPU,\u00a0KCNA2,\u00a0KCNB1,\u00a0KCNH5,\u00a0KCNQ2,\u00a0KCNT1,\u00a0KPNA7,\u00a0MAPK10,\u00a0MECP2,\u00a0NECAP1,\u00a0NEDD4L,\u00a0PCDH19,\u00a0PIGA,\u00a0PIGQ,\u00a0\u00a0PLCB1,\u00a0PNKP,\u00a0PNPO,\u00a0SCN1A,\u00a0SCN2A,\u00a0SCN8A,\u00a0SCN9A,\u00a0SERPINI1,\u00a0SLC13A5,SLC2A1,\u00a0SLC25A22,\u00a0SLC35A2,\u00a0SPTAN1,\u00a0ST3GAL3,\u00a0STXBP1, \u00a0SZT2,\u00a0TBC1D24,\u00a0WWOX.\u00a0\u00a0 - Sistemas Gen\u00f3micos<\/title>\n<meta name=\"robots\" content=\"index, follow, max-snippet:-1, max-image-preview:large, max-video-preview:-1\" \/>\n<link rel=\"canonical\" href=\"https:\/\/sistemasgenomicos.com\/en\/tienda-online\/ngs-of-49-gene-panel-aldh7a1-arhgef9-arhgef15-arx-brat1-cacna2d2-cdkl5-chd2-clcn4-csnk1g1-dnm1-dock7-e-2\/\" \/>\n<meta property=\"og:locale\" content=\"en_US\" \/>\n<meta property=\"og:type\" content=\"article\" \/>\n<meta property=\"og:title\" content=\"NGS\u00a0of\u00a049\u00a0gene\u00a0panel:\u00a0ALDH7A1,\u00a0ARHGEF9,\u00a0ARHGEF15,\u00a0ARX,\u00a0BRAT1,\u00a0CACNA2D2,\u00a0CDKL5,\u00a0CHD2,\u00a0CLCN4,\u00a0CSNK1G1,\u00a0DNM1,\u00a0DOCK7,\u00a0EEF1A2,\u00a0GABRA1,\u00a0GNAO1,\u00a0GRIN2B,\u00a0HCN1,\u00a0HNRNPU,\u00a0KCNA2,\u00a0KCNB1,\u00a0KCNH5,\u00a0KCNQ2,\u00a0KCNT1,\u00a0KPNA7,\u00a0MAPK10,\u00a0MECP2,\u00a0NECAP1,\u00a0NEDD4L,\u00a0PCDH19,\u00a0PIGA,\u00a0PIGQ,\u00a0\u00a0PLCB1,\u00a0PNKP,\u00a0PNPO,\u00a0SCN1A,\u00a0SCN2A,\u00a0SCN8A,\u00a0SCN9A,\u00a0SERPINI1,\u00a0SLC13A5,SLC2A1,\u00a0SLC25A22,\u00a0SLC35A2,\u00a0SPTAN1,\u00a0ST3GAL3,\u00a0STXBP1, \u00a0SZT2,\u00a0TBC1D24,\u00a0WWOX.\u00a0\u00a0 - Sistemas Gen\u00f3micos\" \/>\n<meta property=\"og:url\" content=\"https:\/\/sistemasgenomicos.com\/en\/tienda-online\/ngs-of-49-gene-panel-aldh7a1-arhgef9-arhgef15-arx-brat1-cacna2d2-cdkl5-chd2-clcn4-csnk1g1-dnm1-dock7-e-2\/\" \/>\n<meta property=\"og:site_name\" content=\"Sistemas Gen\u00f3micos\" \/>\n<meta property=\"article:modified_time\" content=\"2020-09-30T04:21:36+00:00\" \/>\n<meta property=\"og:image\" content=\"https:\/\/sistemasgenomicos.com\/wp-content\/uploads\/2018\/04\/logo-sistemas-genomicos-default-1.jpg\" \/>\n\t<meta property=\"og:image:width\" content=\"1200\" \/>\n\t<meta property=\"og:image:height\" content=\"750\" \/>\n\t<meta property=\"og:image:type\" content=\"image\/jpeg\" \/>\n<meta name=\"twitter:card\" content=\"summary_large_image\" \/>\n<script type=\"application\/ld+json\" class=\"yoast-schema-graph\">{\"@context\":\"https:\\\/\\\/schema.org\",\"@graph\":[{\"@type\":\"WebPage\",\"@id\":\"https:\\\/\\\/sistemasgenomicos.com\\\/en\\\/tienda-online\\\/ngs-of-49-gene-panel-aldh7a1-arhgef9-arhgef15-arx-brat1-cacna2d2-cdkl5-chd2-clcn4-csnk1g1-dnm1-dock7-e-2\\\/\",\"url\":\"https:\\\/\\\/sistemasgenomicos.com\\\/en\\\/tienda-online\\\/ngs-of-49-gene-panel-aldh7a1-arhgef9-arhgef15-arx-brat1-cacna2d2-cdkl5-chd2-clcn4-csnk1g1-dnm1-dock7-e-2\\\/\",\"name\":\"NGS\u00a0of\u00a049\u00a0gene\u00a0panel:\u00a0ALDH7A1,\u00a0ARHGEF9,\u00a0ARHGEF15,\u00a0ARX,\u00a0BRAT1,\u00a0CACNA2D2,\u00a0CDKL5,\u00a0CHD2,\u00a0CLCN4,\u00a0CSNK1G1,\u00a0DNM1,\u00a0DOCK7,\u00a0EEF1A2,\u00a0GABRA1,\u00a0GNAO1,\u00a0GRIN2B,\u00a0HCN1,\u00a0HNRNPU,\u00a0KCNA2,\u00a0KCNB1,\u00a0KCNH5,\u00a0KCNQ2,\u00a0KCNT1,\u00a0KPNA7,\u00a0MAPK10,\u00a0MECP2,\u00a0NECAP1,\u00a0NEDD4L,\u00a0PCDH19,\u00a0PIGA,\u00a0PIGQ,\u00a0\u00a0PLCB1,\u00a0PNKP,\u00a0PNPO,\u00a0SCN1A,\u00a0SCN2A,\u00a0SCN8A,\u00a0SCN9A,\u00a0SERPINI1,\u00a0SLC13A5,SLC2A1,\u00a0SLC25A22,\u00a0SLC35A2,\u00a0SPTAN1,\u00a0ST3GAL3,\u00a0STXBP1, \u00a0SZT2,\u00a0TBC1D24,\u00a0WWOX.\u00a0\u00a0 - Sistemas Gen\u00f3micos\",\"isPartOf\":{\"@id\":\"https:\\\/\\\/sistemasgenomicos.com\\\/en\\\/#website\"},\"primaryImageOfPage\":{\"@id\":\"https:\\\/\\\/sistemasgenomicos.com\\\/en\\\/tienda-online\\\/ngs-of-49-gene-panel-aldh7a1-arhgef9-arhgef15-arx-brat1-cacna2d2-cdkl5-chd2-clcn4-csnk1g1-dnm1-dock7-e-2\\\/#primaryimage\"},\"image\":{\"@id\":\"https:\\\/\\\/sistemasgenomicos.com\\\/en\\\/tienda-online\\\/ngs-of-49-gene-panel-aldh7a1-arhgef9-arhgef15-arx-brat1-cacna2d2-cdkl5-chd2-clcn4-csnk1g1-dnm1-dock7-e-2\\\/#primaryimage\"},\"thumbnailUrl\":\"https:\\\/\\\/sistemasgenomicos.com\\\/wp-content\\\/uploads\\\/2018\\\/04\\\/logo-sistemas-genomicos-default-1.jpg\",\"datePublished\":\"2018-12-06T22:40:33+00:00\",\"dateModified\":\"2020-09-30T04:21:36+00:00\",\"breadcrumb\":{\"@id\":\"https:\\\/\\\/sistemasgenomicos.com\\\/en\\\/tienda-online\\\/ngs-of-49-gene-panel-aldh7a1-arhgef9-arhgef15-arx-brat1-cacna2d2-cdkl5-chd2-clcn4-csnk1g1-dnm1-dock7-e-2\\\/#breadcrumb\"},\"inLanguage\":\"en-US\",\"potentialAction\":[{\"@type\":\"ReadAction\",\"target\":[\"https:\\\/\\\/sistemasgenomicos.com\\\/en\\\/tienda-online\\\/ngs-of-49-gene-panel-aldh7a1-arhgef9-arhgef15-arx-brat1-cacna2d2-cdkl5-chd2-clcn4-csnk1g1-dnm1-dock7-e-2\\\/\"]}]},{\"@type\":\"ImageObject\",\"inLanguage\":\"en-US\",\"@id\":\"https:\\\/\\\/sistemasgenomicos.com\\\/en\\\/tienda-online\\\/ngs-of-49-gene-panel-aldh7a1-arhgef9-arhgef15-arx-brat1-cacna2d2-cdkl5-chd2-clcn4-csnk1g1-dnm1-dock7-e-2\\\/#primaryimage\",\"url\":\"https:\\\/\\\/sistemasgenomicos.com\\\/wp-content\\\/uploads\\\/2018\\\/04\\\/logo-sistemas-genomicos-default-1.jpg\",\"contentUrl\":\"https:\\\/\\\/sistemasgenomicos.com\\\/wp-content\\\/uploads\\\/2018\\\/04\\\/logo-sistemas-genomicos-default-1.jpg\",\"width\":1200,\"height\":750},{\"@type\":\"BreadcrumbList\",\"@id\":\"https:\\\/\\\/sistemasgenomicos.com\\\/en\\\/tienda-online\\\/ngs-of-49-gene-panel-aldh7a1-arhgef9-arhgef15-arx-brat1-cacna2d2-cdkl5-chd2-clcn4-csnk1g1-dnm1-dock7-e-2\\\/#breadcrumb\",\"itemListElement\":[{\"@type\":\"ListItem\",\"position\":1,\"name\":\"Portada\",\"item\":\"https:\\\/\\\/sistemasgenomicos.com\\\/en\\\/\"},{\"@type\":\"ListItem\",\"position\":2,\"name\":\"Tienda\",\"item\":\"https:\\\/\\\/sistemasgenomicos.com\\\/es\\\/tienda\\\/\"},{\"@type\":\"ListItem\",\"position\":3,\"name\":\"NGS of 49 gene panel: ALDH7A1, ARHGEF9, ARHGEF15, ARX, BRAT1, CACNA2D2, CDKL5, CHD2, CLCN4, CSNK1G1, DNM1, DOCK7, EEF1A2, GABRA1, GNAO1, GRIN2B, HCN1, HNRNPU, KCNA2, KCNB1, KCNH5, KCNQ2, KCNT1, KPNA7, MAPK10, MECP2, NECAP1, NEDD4L, PCDH19, PIGA, PIGQ, PLCB1, PNKP, PNPO, SCN1A, SCN2A, SCN8A, SCN9A, SERPINI1, SLC13A5,SLC2A1, SLC25A22, SLC35A2, SPTAN1, ST3GAL3, STXBP1, SZT2, TBC1D24, WWOX.\"}]},{\"@type\":\"WebSite\",\"@id\":\"https:\\\/\\\/sistemasgenomicos.com\\\/en\\\/#website\",\"url\":\"https:\\\/\\\/sistemasgenomicos.com\\\/en\\\/\",\"name\":\"Sistemas Gen\u00f3micos\",\"description\":\"La mayor empresa dedicada a la investigaci\u00f3n gen\u00e9tica y molecular\",\"publisher\":{\"@id\":\"https:\\\/\\\/sistemasgenomicos.com\\\/en\\\/#organization\"},\"potentialAction\":[{\"@type\":\"SearchAction\",\"target\":{\"@type\":\"EntryPoint\",\"urlTemplate\":\"https:\\\/\\\/sistemasgenomicos.com\\\/en\\\/?s={search_term_string}\"},\"query-input\":{\"@type\":\"PropertyValueSpecification\",\"valueRequired\":true,\"valueName\":\"search_term_string\"}}],\"inLanguage\":\"en-US\"},{\"@type\":\"Organization\",\"@id\":\"https:\\\/\\\/sistemasgenomicos.com\\\/en\\\/#organization\",\"name\":\"Sistemas Gen\u00f3micos\",\"url\":\"https:\\\/\\\/sistemasgenomicos.com\\\/en\\\/\",\"logo\":{\"@type\":\"ImageObject\",\"inLanguage\":\"en-US\",\"@id\":\"https:\\\/\\\/sistemasgenomicos.com\\\/en\\\/#\\\/schema\\\/logo\\\/image\\\/\",\"url\":\"https:\\\/\\\/sistemasgenomicos.com\\\/wp-content\\\/uploads\\\/2022\\\/04\\\/image001-1.png\",\"contentUrl\":\"https:\\\/\\\/sistemasgenomicos.com\\\/wp-content\\\/uploads\\\/2022\\\/04\\\/image001-1.png\",\"width\":250,\"height\":122,\"caption\":\"Sistemas Gen\u00f3micos\"},\"image\":{\"@id\":\"https:\\\/\\\/sistemasgenomicos.com\\\/en\\\/#\\\/schema\\\/logo\\\/image\\\/\"}}]}<\/script>\n<!-- \/ Yoast SEO plugin. -->","yoast_head_json":{"title":"NGS\u00a0of\u00a049\u00a0gene\u00a0panel:\u00a0ALDH7A1,\u00a0ARHGEF9,\u00a0ARHGEF15,\u00a0ARX,\u00a0BRAT1,\u00a0CACNA2D2,\u00a0CDKL5,\u00a0CHD2,\u00a0CLCN4,\u00a0CSNK1G1,\u00a0DNM1,\u00a0DOCK7,\u00a0EEF1A2,\u00a0GABRA1,\u00a0GNAO1,\u00a0GRIN2B,\u00a0HCN1,\u00a0HNRNPU,\u00a0KCNA2,\u00a0KCNB1,\u00a0KCNH5,\u00a0KCNQ2,\u00a0KCNT1,\u00a0KPNA7,\u00a0MAPK10,\u00a0MECP2,\u00a0NECAP1,\u00a0NEDD4L,\u00a0PCDH19,\u00a0PIGA,\u00a0PIGQ,\u00a0\u00a0PLCB1,\u00a0PNKP,\u00a0PNPO,\u00a0SCN1A,\u00a0SCN2A,\u00a0SCN8A,\u00a0SCN9A,\u00a0SERPINI1,\u00a0SLC13A5,SLC2A1,\u00a0SLC25A22,\u00a0SLC35A2,\u00a0SPTAN1,\u00a0ST3GAL3,\u00a0STXBP1, \u00a0SZT2,\u00a0TBC1D24,\u00a0WWOX.\u00a0\u00a0 - Sistemas Gen\u00f3micos","robots":{"index":"index","follow":"follow","max-snippet":"max-snippet:-1","max-image-preview":"max-image-preview:large","max-video-preview":"max-video-preview:-1"},"canonical":"https:\/\/sistemasgenomicos.com\/en\/tienda-online\/ngs-of-49-gene-panel-aldh7a1-arhgef9-arhgef15-arx-brat1-cacna2d2-cdkl5-chd2-clcn4-csnk1g1-dnm1-dock7-e-2\/","og_locale":"en_US","og_type":"article","og_title":"NGS\u00a0of\u00a049\u00a0gene\u00a0panel:\u00a0ALDH7A1,\u00a0ARHGEF9,\u00a0ARHGEF15,\u00a0ARX,\u00a0BRAT1,\u00a0CACNA2D2,\u00a0CDKL5,\u00a0CHD2,\u00a0CLCN4,\u00a0CSNK1G1,\u00a0DNM1,\u00a0DOCK7,\u00a0EEF1A2,\u00a0GABRA1,\u00a0GNAO1,\u00a0GRIN2B,\u00a0HCN1,\u00a0HNRNPU,\u00a0KCNA2,\u00a0KCNB1,\u00a0KCNH5,\u00a0KCNQ2,\u00a0KCNT1,\u00a0KPNA7,\u00a0MAPK10,\u00a0MECP2,\u00a0NECAP1,\u00a0NEDD4L,\u00a0PCDH19,\u00a0PIGA,\u00a0PIGQ,\u00a0\u00a0PLCB1,\u00a0PNKP,\u00a0PNPO,\u00a0SCN1A,\u00a0SCN2A,\u00a0SCN8A,\u00a0SCN9A,\u00a0SERPINI1,\u00a0SLC13A5,SLC2A1,\u00a0SLC25A22,\u00a0SLC35A2,\u00a0SPTAN1,\u00a0ST3GAL3,\u00a0STXBP1, \u00a0SZT2,\u00a0TBC1D24,\u00a0WWOX.\u00a0\u00a0 - Sistemas Gen\u00f3micos","og_url":"https:\/\/sistemasgenomicos.com\/en\/tienda-online\/ngs-of-49-gene-panel-aldh7a1-arhgef9-arhgef15-arx-brat1-cacna2d2-cdkl5-chd2-clcn4-csnk1g1-dnm1-dock7-e-2\/","og_site_name":"Sistemas Gen\u00f3micos","article_modified_time":"2020-09-30T04:21:36+00:00","og_image":[{"width":1200,"height":750,"url":"https:\/\/sistemasgenomicos.com\/wp-content\/uploads\/2018\/04\/logo-sistemas-genomicos-default-1.jpg","type":"image\/jpeg"}],"twitter_card":"summary_large_image","schema":{"@context":"https:\/\/schema.org","@graph":[{"@type":"WebPage","@id":"https:\/\/sistemasgenomicos.com\/en\/tienda-online\/ngs-of-49-gene-panel-aldh7a1-arhgef9-arhgef15-arx-brat1-cacna2d2-cdkl5-chd2-clcn4-csnk1g1-dnm1-dock7-e-2\/","url":"https:\/\/sistemasgenomicos.com\/en\/tienda-online\/ngs-of-49-gene-panel-aldh7a1-arhgef9-arhgef15-arx-brat1-cacna2d2-cdkl5-chd2-clcn4-csnk1g1-dnm1-dock7-e-2\/","name":"NGS\u00a0of\u00a049\u00a0gene\u00a0panel:\u00a0ALDH7A1,\u00a0ARHGEF9,\u00a0ARHGEF15,\u00a0ARX,\u00a0BRAT1,\u00a0CACNA2D2,\u00a0CDKL5,\u00a0CHD2,\u00a0CLCN4,\u00a0CSNK1G1,\u00a0DNM1,\u00a0DOCK7,\u00a0EEF1A2,\u00a0GABRA1,\u00a0GNAO1,\u00a0GRIN2B,\u00a0HCN1,\u00a0HNRNPU,\u00a0KCNA2,\u00a0KCNB1,\u00a0KCNH5,\u00a0KCNQ2,\u00a0KCNT1,\u00a0KPNA7,\u00a0MAPK10,\u00a0MECP2,\u00a0NECAP1,\u00a0NEDD4L,\u00a0PCDH19,\u00a0PIGA,\u00a0PIGQ,\u00a0\u00a0PLCB1,\u00a0PNKP,\u00a0PNPO,\u00a0SCN1A,\u00a0SCN2A,\u00a0SCN8A,\u00a0SCN9A,\u00a0SERPINI1,\u00a0SLC13A5,SLC2A1,\u00a0SLC25A22,\u00a0SLC35A2,\u00a0SPTAN1,\u00a0ST3GAL3,\u00a0STXBP1, \u00a0SZT2,\u00a0TBC1D24,\u00a0WWOX.\u00a0\u00a0 - Sistemas Gen\u00f3micos","isPartOf":{"@id":"https:\/\/sistemasgenomicos.com\/en\/#website"},"primaryImageOfPage":{"@id":"https:\/\/sistemasgenomicos.com\/en\/tienda-online\/ngs-of-49-gene-panel-aldh7a1-arhgef9-arhgef15-arx-brat1-cacna2d2-cdkl5-chd2-clcn4-csnk1g1-dnm1-dock7-e-2\/#primaryimage"},"image":{"@id":"https:\/\/sistemasgenomicos.com\/en\/tienda-online\/ngs-of-49-gene-panel-aldh7a1-arhgef9-arhgef15-arx-brat1-cacna2d2-cdkl5-chd2-clcn4-csnk1g1-dnm1-dock7-e-2\/#primaryimage"},"thumbnailUrl":"https:\/\/sistemasgenomicos.com\/wp-content\/uploads\/2018\/04\/logo-sistemas-genomicos-default-1.jpg","datePublished":"2018-12-06T22:40:33+00:00","dateModified":"2020-09-30T04:21:36+00:00","breadcrumb":{"@id":"https:\/\/sistemasgenomicos.com\/en\/tienda-online\/ngs-of-49-gene-panel-aldh7a1-arhgef9-arhgef15-arx-brat1-cacna2d2-cdkl5-chd2-clcn4-csnk1g1-dnm1-dock7-e-2\/#breadcrumb"},"inLanguage":"en-US","potentialAction":[{"@type":"ReadAction","target":["https:\/\/sistemasgenomicos.com\/en\/tienda-online\/ngs-of-49-gene-panel-aldh7a1-arhgef9-arhgef15-arx-brat1-cacna2d2-cdkl5-chd2-clcn4-csnk1g1-dnm1-dock7-e-2\/"]}]},{"@type":"ImageObject","inLanguage":"en-US","@id":"https:\/\/sistemasgenomicos.com\/en\/tienda-online\/ngs-of-49-gene-panel-aldh7a1-arhgef9-arhgef15-arx-brat1-cacna2d2-cdkl5-chd2-clcn4-csnk1g1-dnm1-dock7-e-2\/#primaryimage","url":"https:\/\/sistemasgenomicos.com\/wp-content\/uploads\/2018\/04\/logo-sistemas-genomicos-default-1.jpg","contentUrl":"https:\/\/sistemasgenomicos.com\/wp-content\/uploads\/2018\/04\/logo-sistemas-genomicos-default-1.jpg","width":1200,"height":750},{"@type":"BreadcrumbList","@id":"https:\/\/sistemasgenomicos.com\/en\/tienda-online\/ngs-of-49-gene-panel-aldh7a1-arhgef9-arhgef15-arx-brat1-cacna2d2-cdkl5-chd2-clcn4-csnk1g1-dnm1-dock7-e-2\/#breadcrumb","itemListElement":[{"@type":"ListItem","position":1,"name":"Portada","item":"https:\/\/sistemasgenomicos.com\/en\/"},{"@type":"ListItem","position":2,"name":"Tienda","item":"https:\/\/sistemasgenomicos.com\/es\/tienda\/"},{"@type":"ListItem","position":3,"name":"NGS of 49 gene panel: ALDH7A1, ARHGEF9, ARHGEF15, ARX, BRAT1, CACNA2D2, CDKL5, CHD2, CLCN4, CSNK1G1, DNM1, DOCK7, EEF1A2, GABRA1, GNAO1, GRIN2B, HCN1, HNRNPU, KCNA2, KCNB1, KCNH5, KCNQ2, KCNT1, KPNA7, MAPK10, MECP2, NECAP1, NEDD4L, PCDH19, PIGA, PIGQ, PLCB1, PNKP, PNPO, SCN1A, SCN2A, SCN8A, SCN9A, SERPINI1, SLC13A5,SLC2A1, SLC25A22, SLC35A2, SPTAN1, ST3GAL3, STXBP1, SZT2, TBC1D24, WWOX."}]},{"@type":"WebSite","@id":"https:\/\/sistemasgenomicos.com\/en\/#website","url":"https:\/\/sistemasgenomicos.com\/en\/","name":"Sistemas Gen\u00f3micos","description":"La mayor empresa dedicada a la investigaci\u00f3n gen\u00e9tica y molecular","publisher":{"@id":"https:\/\/sistemasgenomicos.com\/en\/#organization"},"potentialAction":[{"@type":"SearchAction","target":{"@type":"EntryPoint","urlTemplate":"https:\/\/sistemasgenomicos.com\/en\/?s={search_term_string}"},"query-input":{"@type":"PropertyValueSpecification","valueRequired":true,"valueName":"search_term_string"}}],"inLanguage":"en-US"},{"@type":"Organization","@id":"https:\/\/sistemasgenomicos.com\/en\/#organization","name":"Sistemas Gen\u00f3micos","url":"https:\/\/sistemasgenomicos.com\/en\/","logo":{"@type":"ImageObject","inLanguage":"en-US","@id":"https:\/\/sistemasgenomicos.com\/en\/#\/schema\/logo\/image\/","url":"https:\/\/sistemasgenomicos.com\/wp-content\/uploads\/2022\/04\/image001-1.png","contentUrl":"https:\/\/sistemasgenomicos.com\/wp-content\/uploads\/2022\/04\/image001-1.png","width":250,"height":122,"caption":"Sistemas Gen\u00f3micos"},"image":{"@id":"https:\/\/sistemasgenomicos.com\/en\/#\/schema\/logo\/image\/"}}]}},"_links":{"self":[{"href":"https:\/\/sistemasgenomicos.com\/en\/wp-json\/wp\/v2\/product\/231680","targetHints":{"allow":["GET"]}}],"collection":[{"href":"https:\/\/sistemasgenomicos.com\/en\/wp-json\/wp\/v2\/product"}],"about":[{"href":"https:\/\/sistemasgenomicos.com\/en\/wp-json\/wp\/v2\/types\/product"}],"wp:featuredmedia":[{"embeddable":true,"href":"https:\/\/sistemasgenomicos.com\/en\/wp-json\/wp\/v2\/media\/42665"}],"wp:attachment":[{"href":"https:\/\/sistemasgenomicos.com\/en\/wp-json\/wp\/v2\/media?parent=231680"}],"wp:term":[{"taxonomy":"product_brand","embeddable":true,"href":"https:\/\/sistemasgenomicos.com\/en\/wp-json\/wp\/v2\/product_brand?post=231680"},{"taxonomy":"product_cat","embeddable":true,"href":"https:\/\/sistemasgenomicos.com\/en\/wp-json\/wp\/v2\/product_cat?post=231680"},{"taxonomy":"product_tag","embeddable":true,"href":"https:\/\/sistemasgenomicos.com\/en\/wp-json\/wp\/v2\/product_tag?post=231680"}],"curies":[{"name":"wp","href":"https:\/\/api.w.org\/{rel}","templated":true}]}}